{"id":3826,"date":"2025-12-29T15:03:28","date_gmt":"2025-12-29T20:03:28","guid":{"rendered":"https:\/\/quaker.org\/3826-2\/"},"modified":"2025-12-29T15:03:54","modified_gmt":"2025-12-29T20:03:54","slug":"3826-2","status":"publish","type":"page","link":"https:\/\/quaker.org\/es\/3826-2\/","title":{"rendered":""},"content":{"rendered":"\n<div class=\"wp-block-group is-nowrap is-layout-flex wp-container-core-group-is-layout-ad2f72ca wp-block-group-is-layout-flex\">\n<div class=\"wp-block-aweber-signupform-block-aweber-shortcode\"><!-- AWeber for WordPress v7.3.31 --><div class=\"AW-Form-1642351944\"><\/div>\n                <script type=\"text\/javascript\">(function(d,s,id) {\n                    var js;\n                    var fjs = d.getElementsByTagName(s)[0];\n                    if (d.getElementById(id)) return; js = d.createElement(s);\n                    js.id = id; js.src = \"https:\/\/forms.aweber.com\/form\/44\/1642351944.js\";\n                    fjs.parentNode.insertBefore(js, fjs);\n                    }(document, \"script\", \"aweber-wjs-1805839489\"));\n                <\/script><\/div>\n\n\n\n<p class=\"has-background has-medium-font-size\" style=\"background:linear-gradient(135deg,rgb(222,222,222) 0%,rgb(222,222,222) 100%)\"><em>Busque la Luz<\/em> es una serie de mensajes cortos que se comparten semanalmente con los suscriptores del bolet\u00edn informativo por correo electr\u00f3nico de <em>Friends Journal<\/em>, en el que se discuten asuntos de la Fe y la espiritualidad cu\u00e1queras. Puede recibir nuevos mensajes en su bandeja de entrada, junto con informaci\u00f3n sobre otros art\u00edculos y caracter\u00edsticas de <em>Friends Journal<\/em>, rellenando el formulario adjunto. <br\/><br\/>Esta es la p\u00e1gina de archivo de los mensajes de <em>Mire hacia la Luz<\/em> publicados de julio a diciembre de 2024, cuando comenz\u00f3 la serie. Para encontrar los mensajes m\u00e1s recientes, <a href=\"https:\/\/quaker.org\/es\/3219-2\/\">visite la p\u00e1gina de inicio principal<\/a>. <\/p>\n<\/div>\n\n<h2 class=\"wp-block-heading\"><strong>2024<\/strong><\/h2>\n\n<p><strong><a href=\"https:\/\/quaker.org\/es\/2024\/12\/30\/vino-como-testimonio-para-dar-testimonio-de-la-luz\/\">Vino como Testimonio para dar Testimonio de la Luz<\/a><\/strong> (30 de diciembre): &#8220;\u00bfRealmente ganamos algo, podr\u00eda objetar, al compararnos con gente como James Nayler y Mary Dyer y encontrarnos faltos?&#8221;<\/p>\n\n<p><strong><a href=\"https:\/\/quaker.org\/es\/2024\/12\/23\/un-pueblo-que-siente-celo-por-las-buenas-obras\/\">Un pueblo que es celoso de las buenas obras<\/a><\/strong> (23 de diciembre): &#8220;Los Amigos viven sus vidas de tal manera que recuerdan al resto del mundo la vida que tienen a su disposici\u00f3n.&#8221;<\/p>\n\n<p><strong><a href=\"https:\/\/quaker.org\/es\/2024\/12\/16\/todavia-hay-una-vision-para-el-tiempo-senalado\/\">Todav\u00eda hay una visi\u00f3n para el tiempo se\u00f1alado<\/a><\/strong> (16 de diciembre): &#8220;Eso suena mucho a revelaci\u00f3n continua, y eso nos sit\u00faa de lleno en territorio cu\u00e1quero.&#8221;<\/p>\n\n<p><strong><a href=\"https:\/\/quaker.org\/es\/2024\/12\/09\/que-su-gentileza-sea-conocida-por-todos\/\">Que vuestra gentileza sea conocida por todos<\/a><\/strong> (9 de diciembre): &#8220;La comunidad amada <em>debe<\/em> extenderse m\u00e1s all\u00e1 de la casa de reuni\u00f3n si queremos que prospere de verdad.&#8221;<\/p>\n\n<p><strong><a href=\"https:\/\/quaker.org\/es\/2024\/12\/02\/guie-nuestros-pies-por-el-camino-de-la-paz\/\">Gu\u00eda nuestros pies por el camino de la paz<\/a><\/strong> (2 de diciembre): &#8220;S\u00e9 que no siempre estoy a la altura del Testimonio de paz, aunque desear\u00eda poder hacerlo.&#8221;<\/p>\n\n<p><strong><a href=\"https:\/\/quaker.org\/es\/2024\/11\/25\/la-palabra-esta-muy-cerca-de-usted\/\">La palabra est\u00e1 muy cerca de ti<\/a><\/strong> (25 de noviembre): &#8220;La revelaci\u00f3n puede no <em>imponer<\/em> la voluntad de Dios sobre nosotros tanto como <em>extrae<\/em> el potencial que ya est\u00e1 dentro de nosotros.&#8221;<\/p>\n\n<p><strong><a href=\"https:\/\/quaker.org\/es\/2024\/11\/18\/un-dominio-eterno-que-no-pasara\/\">Un dominio eterno que no pasar\u00e1<\/a><\/strong> (18 de noviembre): &#8220;Dios nos llama a orar por nuestros opresores, <em>no<\/em> a obedecerlos, ni a colaborar con ellos.&#8221;<\/p>\n\n<p><strong><a href=\"https:\/\/quaker.org\/es\/2024\/11\/11\/el-senor-es-la-porcion-que-he-elegido-y-mi-copa\/\">El Se\u00f1or es la porci\u00f3n que he escogido y mi copa<\/a><\/strong> (11 de noviembre): &#8220;Creo que los pr\u00f3ximos cuatro a\u00f1os pondr\u00e1n a prueba el Testimonio de cada cu\u00e1quero, no una o dos veces, sino de forma continua.&#8221;<\/p>\n\n<p><strong><a href=\"https:\/\/quaker.org\/es\/2024\/11\/04\/no-ponga-su-confianza-en-los-principes\/\">No pong\u00e1is vuestra confianza en los pr\u00edncipes<\/a><\/strong> (4 de noviembre): &#8220;Desde los d\u00edas de George Fox, los cu\u00e1queros han cre\u00eddo en la inmanencia del Reino de Dios.&#8221;<\/p>\n\n<p><strong><a href=\"https:\/\/quaker.org\/es\/2024\/10\/28\/no-esta-lejos-del-reino-de-dios\/\">No est\u00e1is lejos del Reino de Dios<\/a><\/strong> (28 de octubre): &#8220;La Tor\u00e1 llama a la gente a reconocer el bien y a elegirlo activamente, a convertirse en participantes plenos en el pacto con Dios.&#8221;<\/p>\n\n<p><strong><a href=\"https:\/\/quaker.org\/es\/2024\/10\/21\/animo-levantate-te-esta-llamando\/\">\u00c1nimo; lev\u00e1ntate, te est\u00e1 llamando<\/a><\/strong> (21 de octubre): &#8220;El que puede hablar a nuestra condici\u00f3n escucha nuestros gritos de ayuda, a veces incluso antes de que nos demos cuenta de que estamos gritando, y nos llama en este mismo momento.&#8221;<\/p>\n\n<p><strong><a href=\"https:\/\/quaker.org\/es\/2024\/10\/14\/son-capaces-de-beber-el-caliz-que-yo-bebo\/\">\u00bfSon capaces de beber el c\u00e1liz que yo bebo?<\/a><\/strong>  (14 de octubre): &#8220;Jes\u00fas no har\u00eda ning\u00fan trato con Santiago y Juan, y los cu\u00e1queros tampoco tienen atajos.&#8221;<\/p>\n\n<p><strong><a href=\"https:\/\/quaker.org\/es\/2024\/10\/07\/la-palabra-de-dios-es-viva-y-eficaz\/\">La palabra de Dios est\u00e1 viva y activa<\/a><\/strong> (7 de octubre): &#8220;\u00bfCreemos en la revelaci\u00f3n continua tan intensamente como lo hac\u00edan en la \u00e9poca de Los Amigos como George Fox y James Nayler?&#8221;<\/p>\n\n<p><a href=\"https:\/\/quaker.org\/es\/2024\/09\/30\/en-cuanto-a-mi-camino-en-mi-integridad\/\"><strong>En cuanto a m\u00ed, camino en mi integridad<\/strong><\/a> (30 de septiembre): &#8220;El establishment cu\u00e1quero se distanci\u00f3 deliberadamente de James Nayler, asegurando a las autoridades puritanas que nunca se saldr\u00edan tanto de la l\u00ednea como \u00e9l lo hab\u00eda hecho.&#8221;<\/p>\n\n<p><strong><a href=\"https:\/\/quaker.org\/es\/2024\/09\/23\/ojala-todo-el-pueblo-del-senor-fuera-profeta\/\">\u00a1Ojal\u00e1 todo el pueblo del Se\u00f1or fuera profeta!<\/a><\/strong> (23 de septiembre): &#8220;Dios no necesita venir a ayudarnos; si pudi\u00e9ramos ver con claridad, podr\u00edamos detectar la presencia del Esp\u00edritu (Santo) que nos acompa\u00f1a <em>ahora mismo<\/em>.&#8221;<\/p>\n\n<p><strong><a href=\"https:\/\/quaker.org\/es\/2024\/09\/16\/con-alegria-y-gozo-son-conducidos\/\">Con alegr\u00eda y regocijo son conducidos<\/a><\/strong> (16 de septiembre): &#8220;Para honrar plenamente a Margaret Fell, deber\u00edamos mirar m\u00e1s all\u00e1 de la mera existencia de su ministerio y profundizar de todo coraz\u00f3n en su sustancia.&#8221;<\/p>\n\n<p><strong><a href=\"https:\/\/quaker.org\/es\/2024\/09\/09\/el-senor-dios-me-ha-dado-una-lengua-instruida\/\">El Se\u00f1or Dios me ha dado una lengua instruida<\/a><\/strong> (9 de septiembre): &#8220;Los primeros Amigos ten\u00edan un modelo para el ministerio, en las voces de los profetas registrados en la Biblia hebrea. Su ejemplo tambi\u00e9n nos llama a nosotros.&#8221;<\/p>\n\n<p><strong><a href=\"https:\/\/quaker.org\/es\/2024\/09\/02\/sean-hacedores-de-la-palabra\/\">Sed hacedores de la palabra<\/a><\/strong> (2 de septiembre): &#8220;No podemos limitarnos a decir que creemos en la sencillez y la paz y todo eso. Tenemos que comprometernos activamente a identificar lo que significa vivir una vida sencilla y pac\u00edfica, y luego vivir de esa manera, cada d\u00eda.&#8221;<\/p>\n\n<p><strong><a href=\"https:\/\/quaker.org\/es\/2024\/08\/26\/el-ojo-es-la-lampara-del-cuerpo\/\">El ojo es la l\u00e1mpara del cuerpo<\/a><\/strong> (26 de agosto): &#8220;\u00bfQu\u00e9 ocurre cuando no crees que el Esp\u00edritu (Santo) te ayudar\u00e1 a superar los tiempos dif\u00edciles?&#8221;<\/p>\n\n<p><strong><a href=\"https:\/\/quaker.org\/es\/2024\/08\/19\/quien-puede-aceptar-esta-dificil-ensenanza\/\">\u00bfQui\u00e9n puede aceptar esta dif\u00edcil ense\u00f1anza?<\/a><\/strong>  (19 de agosto): &#8220;A algunos de nosotros nos puede resultar &#8216;la obra de Dios&#8217; mucho m\u00e1s dif\u00edcil que a otros, especialmente cuando se nos pide que la apliquemos de forma coherente, en todos los \u00e1mbitos, a todo el mundo.&#8221;<\/p>\n\n<p><strong><a href=\"https:\/\/quaker.org\/es\/2024\/08\/12\/busque-al-senor-y-el-me-respondio\/\">Busqu\u00e9 al Se\u00f1or, y \u00e9l me respondi\u00f3<\/a><\/strong> (12 de agosto): &#8220;Conozco a muchos cu\u00e1queros cuya pasi\u00f3n por la paz y la acci\u00f3n social proviene del mismo entusiasmo santo que anim\u00f3 a Mar\u00eda cuando emprendi\u00f3 el camino que Dios hab\u00eda elegido para ella.&#8221;<\/p>\n\n<p><strong><a href=\"https:\/\/quaker.org\/es\/2024\/08\/05\/no-establezcamos-no-tres-tiendas-de-campana\/\">No levantemos (no) tres tiendas<\/a><\/strong> (5 de agosto): &#8220;La mayor\u00eda de los cu\u00e1queros de hoy entienden que una casa de reuni\u00f3n no tiene ning\u00fan significado espiritual sin Los Amigos que dan vida a la reuni\u00f3n.&#8221;<\/p>\n\n<p><strong><a href=\"https:\/\/quaker.org\/es\/2024\/07\/25\/lleno-de-toda-la-plenitud-de-dios\/\">Llenos de toda la plenitud de Dios<\/a><\/strong> (25 de julio): &#8220;\u00bfEs la semilla que Dios siembra en el coraz\u00f3n inherentemente cristiana?&#8221;<\/p>\n\n<p><strong><a href=\"https:\/\/quaker.org\/es\/2024\/07\/18\/mi-alma-tiene-sed-de-dios\/\">Mi alma tiene sed de Dios<\/a><\/strong> (18 de julio): &#8220;Juntos, reforzamos la Fe del otro, porque creer no solo que Dios existe, sino que podr\u00edamos experimentar directamente a Dios en nuestras vidas, requiere trabajo.&#8221;<\/p>\n\n<p><strong><a href=\"https:\/\/quaker.org\/es\/2024\/07\/11\/dejadme-oir-lo-que-dira-dios-el-senor\/\">Dejadme o\u00edr lo que Dios el Se\u00f1or dir\u00e1<\/a><\/strong> (11 de julio): &#8220;La perspectiva de la revelaci\u00f3n continua, por usar el t\u00e9rmino t\u00e9cnico para ello, juega un papel central en la Fe y la pr\u00e1ctica cu\u00e1queras.&#8221;<\/p>\n\n<p><strong><a href=\"https:\/\/quaker.org\/es\/2024\/07\/04\/sabran-que-ha-habido-un-profeta-entre-ellos\/\">Sabr\u00e1n que ha habido un profeta entre ellos<\/a><\/strong> (4 de julio): &#8220;George Fox no sonaba inteligente ni listo para aquellos a quienes predicaba, pero <em>s\u00ed<\/em> sonaba convincente y divinamente inspirado.&#8221;<\/p>\n","protected":false},"excerpt":{"rendered":"<p>Busque la Luz es una serie de mensajes cortos que se comparten semanalmente con los suscriptores del bolet\u00edn informativo por&hellip;<\/p>\n","protected":false},"author":5131,"featured_media":0,"parent":0,"menu_order":0,"comment_status":"closed","ping_status":"closed","template":"","meta":{"_acf_changed":false,"hero_banner_post_id":0,"footnotes":""},"class_list":["post-3826","page","type-page","status-publish","hentry"],"yoast_head":"<!-- This site is optimized with the Yoast SEO plugin v27.3 - https:\/\/yoast.com\/product\/yoast-seo-wordpress\/ -->\n<title>Mire hacia la Luz (2024) - Quaker.org<\/title>\n<meta name=\"description\" content=\"Esta es la p\u00e1gina de \u00edndice de los mensajes de Mire hacia la Luz publicados entre julio y diciembre de 2024.\" \/>\n<meta name=\"robots\" content=\"index, follow, max-snippet:-1, max-image-preview:large, max-video-preview:-1\" \/>\n<link rel=\"canonical\" href=\"https:\/\/quaker.org\/es\/3826-2\/\" \/>\n<meta property=\"og:locale\" content=\"es_ES\" \/>\n<meta property=\"og:type\" content=\"article\" \/>\n<meta property=\"og:title\" content=\"Mire hacia la Luz (2024) - Quaker.org\" \/>\n<meta property=\"og:description\" content=\"Esta es la p\u00e1gina de \u00edndice de los mensajes de Mire hacia la Luz publicados entre julio y diciembre de 2024.\" \/>\n<meta property=\"og:url\" content=\"https:\/\/quaker.org\/es\/3826-2\/\" \/>\n<meta property=\"og:site_name\" content=\"Quaker.org\" \/>\n<meta property=\"article:modified_time\" content=\"2025-12-29T20:03:54+00:00\" \/>\n<meta name=\"twitter:card\" content=\"summary_large_image\" \/>\n<meta name=\"twitter:label1\" content=\"Est. reading time\" \/>\n\t<meta name=\"twitter:data1\" content=\"5 minutes\" \/>\n<script type=\"application\/ld+json\" class=\"yoast-schema-graph\">{\"@context\":\"https:\\\/\\\/schema.org\",\"@graph\":[{\"@type\":\"WebPage\",\"@id\":\"https:\\\/\\\/quaker.org\\\/es\\\/3826-2\\\/\",\"url\":\"https:\\\/\\\/quaker.org\\\/es\\\/3826-2\\\/\",\"name\":\"Mire hacia la Luz (2024) - Quaker.org\",\"isPartOf\":{\"@id\":\"https:\\\/\\\/quaker.org\\\/es\\\/#website\"},\"datePublished\":\"2025-12-29T20:03:28+00:00\",\"dateModified\":\"2025-12-29T20:03:54+00:00\",\"description\":\"Esta es la p\u00e1gina de \u00edndice de los mensajes de Mire hacia la Luz publicados entre julio y diciembre de 2024.\",\"inLanguage\":\"es-ES\",\"potentialAction\":[{\"@type\":\"ReadAction\",\"target\":[\"https:\\\/\\\/quaker.org\\\/es\\\/3826-2\\\/\"]}]},{\"@type\":\"WebSite\",\"@id\":\"https:\\\/\\\/quaker.org\\\/es\\\/#website\",\"url\":\"https:\\\/\\\/quaker.org\\\/es\\\/\",\"name\":\"Quaker.org\",\"description\":\"Learn about Friends\",\"publisher\":{\"@id\":\"https:\\\/\\\/quaker.org\\\/es\\\/#organization\"},\"potentialAction\":[{\"@type\":\"SearchAction\",\"target\":{\"@type\":\"EntryPoint\",\"urlTemplate\":\"https:\\\/\\\/quaker.org\\\/es\\\/?s={search_term_string}\"},\"query-input\":{\"@type\":\"PropertyValueSpecification\",\"valueRequired\":true,\"valueName\":\"search_term_string\"}}],\"inLanguage\":\"es-ES\"},{\"@type\":\"Organization\",\"@id\":\"https:\\\/\\\/quaker.org\\\/es\\\/#organization\",\"name\":\"Quaker.org\",\"url\":\"https:\\\/\\\/quaker.org\\\/es\\\/\",\"logo\":{\"@type\":\"ImageObject\",\"inLanguage\":\"es-ES\",\"@id\":\"https:\\\/\\\/quaker.org\\\/es\\\/#\\\/schema\\\/logo\\\/image\\\/\",\"url\":\"https:\\\/\\\/quaker.org\\\/wp-content\\\/uploads\\\/sites\\\/3\\\/2025\\\/08\\\/QuakerOrgLogo_BW-300x54-1.png\",\"contentUrl\":\"https:\\\/\\\/quaker.org\\\/wp-content\\\/uploads\\\/sites\\\/3\\\/2025\\\/08\\\/QuakerOrgLogo_BW-300x54-1.png\",\"width\":300,\"height\":54,\"caption\":\"Quaker.org\"},\"image\":{\"@id\":\"https:\\\/\\\/quaker.org\\\/es\\\/#\\\/schema\\\/logo\\\/image\\\/\"}}]}<\/script>\n<!-- \/ Yoast SEO plugin. -->","yoast_head_json":{"title":"Mire hacia la Luz (2024) - Quaker.org","description":"Esta es la p\u00e1gina de \u00edndice de los mensajes de Mire hacia la Luz publicados entre julio y diciembre de 2024.","robots":{"index":"index","follow":"follow","max-snippet":"max-snippet:-1","max-image-preview":"max-image-preview:large","max-video-preview":"max-video-preview:-1"},"canonical":"https:\/\/quaker.org\/es\/3826-2\/","og_locale":"es_ES","og_type":"article","og_title":"Mire hacia la Luz (2024) - Quaker.org","og_description":"Esta es la p\u00e1gina de \u00edndice de los mensajes de Mire hacia la Luz publicados entre julio y diciembre de 2024.","og_url":"https:\/\/quaker.org\/es\/3826-2\/","og_site_name":"Quaker.org","article_modified_time":"2025-12-29T20:03:54+00:00","twitter_card":"summary_large_image","twitter_misc":{"Est. reading time":"5 minutes"},"schema":{"@context":"https:\/\/schema.org","@graph":[{"@type":"WebPage","@id":"https:\/\/quaker.org\/es\/3826-2\/","url":"https:\/\/quaker.org\/es\/3826-2\/","name":"Mire hacia la Luz (2024) - Quaker.org","isPartOf":{"@id":"https:\/\/quaker.org\/es\/#website"},"datePublished":"2025-12-29T20:03:28+00:00","dateModified":"2025-12-29T20:03:54+00:00","description":"Esta es la p\u00e1gina de \u00edndice de los mensajes de Mire hacia la Luz publicados entre julio y diciembre de 2024.","inLanguage":"es-ES","potentialAction":[{"@type":"ReadAction","target":["https:\/\/quaker.org\/es\/3826-2\/"]}]},{"@type":"WebSite","@id":"https:\/\/quaker.org\/es\/#website","url":"https:\/\/quaker.org\/es\/","name":"Quaker.org","description":"Learn about Friends","publisher":{"@id":"https:\/\/quaker.org\/es\/#organization"},"potentialAction":[{"@type":"SearchAction","target":{"@type":"EntryPoint","urlTemplate":"https:\/\/quaker.org\/es\/?s={search_term_string}"},"query-input":{"@type":"PropertyValueSpecification","valueRequired":true,"valueName":"search_term_string"}}],"inLanguage":"es-ES"},{"@type":"Organization","@id":"https:\/\/quaker.org\/es\/#organization","name":"Quaker.org","url":"https:\/\/quaker.org\/es\/","logo":{"@type":"ImageObject","inLanguage":"es-ES","@id":"https:\/\/quaker.org\/es\/#\/schema\/logo\/image\/","url":"https:\/\/quaker.org\/wp-content\/uploads\/sites\/3\/2025\/08\/QuakerOrgLogo_BW-300x54-1.png","contentUrl":"https:\/\/quaker.org\/wp-content\/uploads\/sites\/3\/2025\/08\/QuakerOrgLogo_BW-300x54-1.png","width":300,"height":54,"caption":"Quaker.org"},"image":{"@id":"https:\/\/quaker.org\/es\/#\/schema\/logo\/image\/"}}]}},"distributor_meta":false,"distributor_terms":false,"distributor_media":false,"distributor_original_site_name":"Quaker.org","distributor_original_site_url":"https:\/\/quaker.org\/es\/","push-errors":false,"acf":[],"_links":{"self":[{"href":"https:\/\/quaker.org\/es\/wp-json\/wp\/v2\/pages\/3826","targetHints":{"allow":["GET"]}}],"collection":[{"href":"https:\/\/quaker.org\/es\/wp-json\/wp\/v2\/pages"}],"about":[{"href":"https:\/\/quaker.org\/es\/wp-json\/wp\/v2\/types\/page"}],"author":[{"embeddable":true,"href":"https:\/\/quaker.org\/es\/wp-json\/wp\/v2\/users\/5131"}],"replies":[{"embeddable":true,"href":"https:\/\/quaker.org\/es\/wp-json\/wp\/v2\/comments?post=3826"}],"version-history":[{"count":1,"href":"https:\/\/quaker.org\/es\/wp-json\/wp\/v2\/pages\/3826\/revisions"}],"predecessor-version":[{"id":3827,"href":"https:\/\/quaker.org\/es\/wp-json\/wp\/v2\/pages\/3826\/revisions\/3827"}],"wp:attachment":[{"href":"https:\/\/quaker.org\/es\/wp-json\/wp\/v2\/media?parent=3826"}],"curies":[{"name":"wp","href":"https:\/\/api.w.org\/{rel}","templated":true}]}}