{"id":3318,"date":"2020-05-22T16:26:25","date_gmt":"2020-05-22T16:26:25","guid":{"rendered":"https:\/\/quaker.org\/que-hacen-los-cuaqueros\/"},"modified":"2025-09-19T15:22:13","modified_gmt":"2025-09-19T15:22:13","slug":"que-hacen-los-cuaqueros","status":"publish","type":"page","link":"https:\/\/quaker.org\/es\/que-hacen-los-cuaqueros\/","title":{"rendered":"Qu\u00e9 hacen los cu\u00e1queros"},"content":{"rendered":"\n<p>Como resultado de la Fe cu\u00e1quera, Los Amigos han creado muchas organizaciones en respuesta a cuestiones que sintieron que deb\u00edan abordar en sus comunidades y pa\u00edses. Estas son algunas de las organizaciones que entrar\u00edan dentro de la <strong>Fe cu\u00e1quera en Acci\u00f3n<\/strong>. <\/p>\n\n<p><strong>Organizaciones dirigidas por cu\u00e1queros por tema<\/strong>:<\/p>\n\n<ul class=\"wp-block-list\"><li><a href=\"https:\/\/www.friendsjournal.org\/quaker-concerns\/advocacy\/\">Defensa<\/a><\/li><li><a href=\"https:\/\/www.friendsjournal.org\/quaker-concerns\/consultation-support-and-resources\/\">Consultor\u00eda, apoyo <\/a><a href=\"https:\/\/www.friendsjournal.org\/quaker-concerns\/consultation\/\">y<\/a><a href=\"https:\/\/www.friendsjournal.org\/quaker-concerns\/consultation-support-and-resources\/\"> recursos<\/a><\/li><li><a href=\"https:\/\/www.friendsjournal.org\/quaker-concerns\/development\/\">Desarrollo<\/a><\/li><li><a href=\"https:\/\/www.friendsjournal.org\/quaker-concerns\/education\/\">Educaci\u00f3n<\/a> (incluidas bibliotecas)<\/li><li><a href=\"https:\/\/www.friendsjournal.org\/quaker-concerns\/environment-and-ecojustice\/\">Medio ambiente y justicia ecol\u00f3gica<\/a><\/li><li><a href=\"https:\/\/www.friendsjournal.org\/quaker-concerns\/investment-management\/\">Gesti\u00f3n de inversiones<\/a><\/li><li><a href=\"https:\/\/www.friendsjournal.org\/quaker-concerns\/retreat\/\">Centros de retiro, conferencia y estudio<\/a><\/li><li><a href=\"https:\/\/www.friendsjournal.org\/quaker-concerns\/service-quaker-works\/\">Servicio y trabajo por la paz<\/a><\/li><\/ul>\n\n<h2 class=\"wp-block-heading\">Cu\u00e1queros sobre la Fe en acci\u00f3n<\/h2>\n\n<div class=\"wp-block-columns is-layout-flex wp-container-core-columns-is-layout-9d6595d7 wp-block-columns-is-layout-flex\">\n<div class=\"wp-block-column is-layout-flow wp-block-column-is-layout-flow\">\n<figure class=\"wp-block-embed-wordpress wp-block-embed is-type-wp-embed is-provider-quakerspeak\"><div class=\"wp-block-embed__wrapper\">\nhttps:\/\/quakerspeak.com\/a-faith-driven-approach-to-helping-the-homeless\/\n<\/div><\/figure>\n<\/div>\n\n\n\n<div class=\"wp-block-column is-layout-flow wp-block-column-is-layout-flow\">\n<figure class=\"wp-block-embed-wordpress wp-block-embed is-type-wp-embed is-provider-quakerspeak\"><div class=\"wp-block-embed__wrapper\">\nhttps:\/\/quakerspeak.com\/quaker-vision-political-activism\/\n<\/div><\/figure>\n<\/div>\n<\/div>\n\n<div class=\"wp-block-columns is-layout-flex wp-container-core-columns-is-layout-9d6595d7 wp-block-columns-is-layout-flex\">\n<div class=\"wp-block-column is-layout-flow wp-block-column-is-layout-flow\">\n<figure class=\"wp-block-embed-wordpress wp-block-embed is-type-wp-embed is-provider-quakerspeak\"><div class=\"wp-block-embed__wrapper\">\nhttps:\/\/quakerspeak.com\/7-millennials-share-how-a-year-of-service-changed-their-lives\/\n<\/div><\/figure>\n<\/div>\n\n\n\n<div class=\"wp-block-column is-layout-flow wp-block-column-is-layout-flow\"><\/div>\n<\/div>\n\n<hr class=\"wp-block-separator\"\/>\n\n<h2 class=\"wp-block-heading\">Lecturas adicionales<\/h2>\n\n<p><a href=\"https:\/\/quakerbooks.org\/collections\/our-20-best-sellers\/products\/walk-humbly-serve-boldly\">Camina humildemente, sirve con valent\u00eda<\/a> por Margery post Abbott<\/p>\n\n<p><a href=\"https:\/\/quakerbooks.org\/collections\/our-20-best-sellers\/products\/our-life-is-love\">Nuestra vida es Amor<\/a> por Marcelle Martin<\/p>\n","protected":false},"excerpt":{"rendered":"<p>Como resultado de la Fe cu\u00e1quera, Los Amigos han creado muchas organizaciones en respuesta a cuestiones que sintieron que deb\u00edan&hellip;<\/p>\n","protected":false},"author":5129,"featured_media":0,"parent":0,"menu_order":0,"comment_status":"closed","ping_status":"closed","template":"","meta":{"_acf_changed":false,"hero_banner_post_id":0,"footnotes":""},"class_list":["post-3318","page","type-page","status-publish","hentry"],"yoast_head":"<!-- This site is optimized with the Yoast SEO plugin v27.4 - https:\/\/yoast.com\/product\/yoast-seo-wordpress\/ -->\n<title>Qu\u00e9 hacen los cu\u00e1queros - Quaker.org<\/title>\n<meta name=\"robots\" content=\"index, follow, max-snippet:-1, max-image-preview:large, max-video-preview:-1\" \/>\n<link rel=\"canonical\" href=\"https:\/\/quaker.org\/es\/que-hacen-los-cuaqueros\/\" \/>\n<meta property=\"og:locale\" content=\"es_ES\" \/>\n<meta property=\"og:type\" content=\"article\" \/>\n<meta property=\"og:title\" content=\"Qu\u00e9 hacen los cu\u00e1queros - Quaker.org\" \/>\n<meta property=\"og:description\" content=\"Como resultado de la Fe cu\u00e1quera, Los Amigos han creado muchas organizaciones en respuesta a cuestiones que sintieron que deb\u00edan&hellip;\" \/>\n<meta property=\"og:url\" content=\"https:\/\/quaker.org\/es\/que-hacen-los-cuaqueros\/\" \/>\n<meta property=\"og:site_name\" content=\"Quaker.org\" \/>\n<meta property=\"article:modified_time\" content=\"2025-09-19T15:22:13+00:00\" \/>\n<meta name=\"twitter:card\" content=\"summary_large_image\" \/>\n<meta name=\"twitter:label1\" content=\"Est. reading time\" \/>\n\t<meta name=\"twitter:data1\" content=\"1 minute\" \/>\n<script type=\"application\/ld+json\" class=\"yoast-schema-graph\">{\"@context\":\"https:\\\/\\\/schema.org\",\"@graph\":[{\"@type\":\"WebPage\",\"@id\":\"https:\\\/\\\/quaker.org\\\/es\\\/que-hacen-los-cuaqueros\\\/\",\"url\":\"https:\\\/\\\/quaker.org\\\/es\\\/que-hacen-los-cuaqueros\\\/\",\"name\":\"Qu\u00e9 hacen los cu\u00e1queros - Quaker.org\",\"isPartOf\":{\"@id\":\"https:\\\/\\\/quaker.org\\\/es\\\/#website\"},\"datePublished\":\"2020-05-22T16:26:25+00:00\",\"dateModified\":\"2025-09-19T15:22:13+00:00\",\"breadcrumb\":{\"@id\":\"https:\\\/\\\/quaker.org\\\/es\\\/que-hacen-los-cuaqueros\\\/#breadcrumb\"},\"inLanguage\":\"es-ES\",\"potentialAction\":[{\"@type\":\"ReadAction\",\"target\":[\"https:\\\/\\\/quaker.org\\\/es\\\/que-hacen-los-cuaqueros\\\/\"]}]},{\"@type\":\"BreadcrumbList\",\"@id\":\"https:\\\/\\\/quaker.org\\\/es\\\/que-hacen-los-cuaqueros\\\/#breadcrumb\",\"itemListElement\":[{\"@type\":\"ListItem\",\"position\":1,\"name\":\"Home\",\"item\":\"https:\\\/\\\/quaker.org\\\/es\\\/bienvenido-a-a-quaker-org\\\/\"},{\"@type\":\"ListItem\",\"position\":2,\"name\":\"Qu\u00e9 hacen los cu\u00e1queros\"}]},{\"@type\":\"WebSite\",\"@id\":\"https:\\\/\\\/quaker.org\\\/es\\\/#website\",\"url\":\"https:\\\/\\\/quaker.org\\\/es\\\/\",\"name\":\"Quaker.org\",\"description\":\"Learn about Friends\",\"publisher\":{\"@id\":\"https:\\\/\\\/quaker.org\\\/es\\\/#organization\"},\"potentialAction\":[{\"@type\":\"SearchAction\",\"target\":{\"@type\":\"EntryPoint\",\"urlTemplate\":\"https:\\\/\\\/quaker.org\\\/es\\\/?s={search_term_string}\"},\"query-input\":{\"@type\":\"PropertyValueSpecification\",\"valueRequired\":true,\"valueName\":\"search_term_string\"}}],\"inLanguage\":\"es-ES\"},{\"@type\":\"Organization\",\"@id\":\"https:\\\/\\\/quaker.org\\\/es\\\/#organization\",\"name\":\"Quaker.org\",\"url\":\"https:\\\/\\\/quaker.org\\\/es\\\/\",\"logo\":{\"@type\":\"ImageObject\",\"inLanguage\":\"es-ES\",\"@id\":\"https:\\\/\\\/quaker.org\\\/es\\\/#\\\/schema\\\/logo\\\/image\\\/\",\"url\":\"https:\\\/\\\/quaker.org\\\/wp-content\\\/uploads\\\/sites\\\/3\\\/2025\\\/08\\\/QuakerOrgLogo_BW-300x54-1.png\",\"contentUrl\":\"https:\\\/\\\/quaker.org\\\/wp-content\\\/uploads\\\/sites\\\/3\\\/2025\\\/08\\\/QuakerOrgLogo_BW-300x54-1.png\",\"width\":300,\"height\":54,\"caption\":\"Quaker.org\"},\"image\":{\"@id\":\"https:\\\/\\\/quaker.org\\\/es\\\/#\\\/schema\\\/logo\\\/image\\\/\"}}]}<\/script>\n<!-- \/ Yoast SEO plugin. -->","yoast_head_json":{"title":"Qu\u00e9 hacen los cu\u00e1queros - Quaker.org","robots":{"index":"index","follow":"follow","max-snippet":"max-snippet:-1","max-image-preview":"max-image-preview:large","max-video-preview":"max-video-preview:-1"},"canonical":"https:\/\/quaker.org\/es\/que-hacen-los-cuaqueros\/","og_locale":"es_ES","og_type":"article","og_title":"Qu\u00e9 hacen los cu\u00e1queros - Quaker.org","og_description":"Como resultado de la Fe cu\u00e1quera, Los Amigos han creado muchas organizaciones en respuesta a cuestiones que sintieron que deb\u00edan&hellip;","og_url":"https:\/\/quaker.org\/es\/que-hacen-los-cuaqueros\/","og_site_name":"Quaker.org","article_modified_time":"2025-09-19T15:22:13+00:00","twitter_card":"summary_large_image","twitter_misc":{"Est. reading time":"1 minute"},"schema":{"@context":"https:\/\/schema.org","@graph":[{"@type":"WebPage","@id":"https:\/\/quaker.org\/es\/que-hacen-los-cuaqueros\/","url":"https:\/\/quaker.org\/es\/que-hacen-los-cuaqueros\/","name":"Qu\u00e9 hacen los cu\u00e1queros - Quaker.org","isPartOf":{"@id":"https:\/\/quaker.org\/es\/#website"},"datePublished":"2020-05-22T16:26:25+00:00","dateModified":"2025-09-19T15:22:13+00:00","breadcrumb":{"@id":"https:\/\/quaker.org\/es\/que-hacen-los-cuaqueros\/#breadcrumb"},"inLanguage":"es-ES","potentialAction":[{"@type":"ReadAction","target":["https:\/\/quaker.org\/es\/que-hacen-los-cuaqueros\/"]}]},{"@type":"BreadcrumbList","@id":"https:\/\/quaker.org\/es\/que-hacen-los-cuaqueros\/#breadcrumb","itemListElement":[{"@type":"ListItem","position":1,"name":"Home","item":"https:\/\/quaker.org\/es\/bienvenido-a-a-quaker-org\/"},{"@type":"ListItem","position":2,"name":"Qu\u00e9 hacen los cu\u00e1queros"}]},{"@type":"WebSite","@id":"https:\/\/quaker.org\/es\/#website","url":"https:\/\/quaker.org\/es\/","name":"Quaker.org","description":"Learn about Friends","publisher":{"@id":"https:\/\/quaker.org\/es\/#organization"},"potentialAction":[{"@type":"SearchAction","target":{"@type":"EntryPoint","urlTemplate":"https:\/\/quaker.org\/es\/?s={search_term_string}"},"query-input":{"@type":"PropertyValueSpecification","valueRequired":true,"valueName":"search_term_string"}}],"inLanguage":"es-ES"},{"@type":"Organization","@id":"https:\/\/quaker.org\/es\/#organization","name":"Quaker.org","url":"https:\/\/quaker.org\/es\/","logo":{"@type":"ImageObject","inLanguage":"es-ES","@id":"https:\/\/quaker.org\/es\/#\/schema\/logo\/image\/","url":"https:\/\/quaker.org\/wp-content\/uploads\/sites\/3\/2025\/08\/QuakerOrgLogo_BW-300x54-1.png","contentUrl":"https:\/\/quaker.org\/wp-content\/uploads\/sites\/3\/2025\/08\/QuakerOrgLogo_BW-300x54-1.png","width":300,"height":54,"caption":"Quaker.org"},"image":{"@id":"https:\/\/quaker.org\/es\/#\/schema\/logo\/image\/"}}]}},"distributor_meta":false,"distributor_terms":false,"distributor_media":false,"distributor_original_site_name":"Quaker.org","distributor_original_site_url":"https:\/\/quaker.org\/es\/","push-errors":false,"acf":[],"_links":{"self":[{"href":"https:\/\/quaker.org\/es\/wp-json\/wp\/v2\/pages\/3318","targetHints":{"allow":["GET"]}}],"collection":[{"href":"https:\/\/quaker.org\/es\/wp-json\/wp\/v2\/pages"}],"about":[{"href":"https:\/\/quaker.org\/es\/wp-json\/wp\/v2\/types\/page"}],"author":[{"embeddable":true,"href":"https:\/\/quaker.org\/es\/wp-json\/wp\/v2\/users\/5129"}],"replies":[{"embeddable":true,"href":"https:\/\/quaker.org\/es\/wp-json\/wp\/v2\/comments?post=3318"}],"version-history":[{"count":1,"href":"https:\/\/quaker.org\/es\/wp-json\/wp\/v2\/pages\/3318\/revisions"}],"predecessor-version":[{"id":3320,"href":"https:\/\/quaker.org\/es\/wp-json\/wp\/v2\/pages\/3318\/revisions\/3320"}],"wp:attachment":[{"href":"https:\/\/quaker.org\/es\/wp-json\/wp\/v2\/media?parent=3318"}],"curies":[{"name":"wp","href":"https:\/\/api.w.org\/{rel}","templated":true}]}}