{"id":3314,"date":"2020-05-22T16:27:15","date_gmt":"2020-05-22T16:27:15","guid":{"rendered":"https:\/\/quaker.org\/paz-y-no-violencia\/"},"modified":"2025-09-19T15:21:59","modified_gmt":"2025-09-19T15:21:59","slug":"paz-y-no-violencia","status":"publish","type":"page","link":"https:\/\/quaker.org\/es\/paz-y-no-violencia\/","title":{"rendered":"Paz y no violencia"},"content":{"rendered":"\n<p>Los cu\u00e1queros son una de las tres <a href=\"https:\/\/quakerbooks.org\/products\/coming-home?_pos=68&amp;_sid=d056b680e&amp;_ss=r\">iglesias hist\u00f3ricas de paz<\/a> y por tanto han tomado en serio el llamado a amar a los enemigos y la pr\u00e1ctica de la no violencia. La declaraci\u00f3n original que los cu\u00e1queros toman como base para el &#8220;testimonio contra la guerra&#8221; proviene de George Fox en 1651 cuando declar\u00f3: <\/p>\n\n<blockquote class=\"wp-block-quote is-style-default is-layout-flow wp-block-quote-is-layout-flow\">\n<p>&#8220;Les dije [a los Comisionados de la Mancomunidad] que viv\u00eda en la virtud de esa vida y poder que quitaba la ocasi\u00f3n de todas las guerras&#8230; Les dije que hab\u00eda llegado al pacto de paz que exist\u00eda antes de que hubiera guerras y conflictos.&#8221;<\/p>\n<cite>George Fox, 1651<\/cite><\/blockquote>\n\n<p>Esta es la declaraci\u00f3n del Testimonio de la Paz de la Fe y Pr\u00e1ctica de la Junta Anual de Gran Breta\u00f1a que ofrece una buena visi\u00f3n general del testimonio:<\/p>\n\n<blockquote class=\"wp-block-quote is-style-default is-layout-flow wp-block-quote-is-layout-flow\">\n<p>&#8220;El Testimonio de la Paz es probablemente el m\u00e1s conocido y querido de los testimonios cu\u00e1queros. Sus ra\u00edces se encuentran en la experiencia personal del amor y poder de Cristo que marc\u00f3 a los fundadores del movimiento cu\u00e1quero. Estaban dominados por una visi\u00f3n del mundo transformado por Cristo que vive en los corazones de todos. Los Amigos buscaron hacer real la visi\u00f3n poniendo \u00e9nfasis en la pr\u00e1ctica cristiana m\u00e1s que principalmente en cualquier dogma particular o sistema ideol\u00f3gico. La suya era una religi\u00f3n espont\u00e1nea y pr\u00e1ctica. Reconoc\u00edan las realidades del mal y el conflicto, pero era contrario al esp\u00edritu de Cristo usar la guerra y la violencia como medios para tratarlos. El Testimonio de la Paz ha sido una fuente de inspiraci\u00f3n para Los Amigos a trav\u00e9s de los siglos, pues se\u00f1ala un modo de vida que abarca todas las relaciones humanas. Los siguientes extractos rastrean la fuente del Testimonio de la Paz en la experiencia de los fundadores del movimiento cu\u00e1quero e ilustran su evoluci\u00f3n durante trescientos cincuenta a\u00f1os en respuesta a un mundo cambiante. Como Sociedad hemos sido fieles a lo largo del tiempo manteniendo un testimonio corporativo contra toda guerra y violencia. Sin embargo, en nuestras vidas personales tenemos que luchar continuamente con la dificultad de encontrar maneras de reconciliar nuestra fe con formas pr\u00e1cticas de vivirla en el mundo. No es sorprendente, por tanto, que no siempre hayamos llegado todos a las mismas conclusiones al tratar con las complejidades desalentadoras y dilemas morales de la sociedad y su gobierno. En los a\u00f1os finales del siglo XX, nosotros como Amigos enfrentamos una desconcertante variedad de desaf\u00edos sociales e internacionales, que han ampliado la relevancia del Testimonio de la Paz desde el tema de paz y guerra entre estados a los problemas de tensiones y conflictos en todas sus formas. As\u00ed somos acercados al testimonio de los primeros Amigos, quienes no trazaron una distinci\u00f3n r\u00edgida y fija entre los varios testimonios cu\u00e1queros, sino que los vieron como una expresi\u00f3n sin costuras del esp\u00edritu universal de Cristo que habita en los corazones de todos.&#8221; <\/p>\n<cite><a href=\"https:\/\/qfp.quaker.org.uk\/chapter\/24\/\">Leer m\u00e1s en la Fe y Pr\u00e1ctica de BYM<\/a><\/cite><\/blockquote>\n\n<hr class=\"wp-block-separator has-css-opacity\" \/>\n\n<h2 class=\"wp-block-heading\">Una selecci\u00f3n de videos de quaker speak sobre no violencia<\/h2>\n\n<div class=\"wp-block-columns is-layout-flex wp-container-core-columns-is-layout-9d6595d7 wp-block-columns-is-layout-flex\">\n<div class=\"wp-block-column is-layout-flow wp-block-column-is-layout-flow\">\n<figure class=\"wp-block-embed-wordpress wp-block-embed is-type-wp-embed is-provider-quakerspeak\"><div class=\"wp-block-embed__wrapper\">\nhttps:\/\/quakerspeak.com\/state-violence\/\n<\/div><\/figure>\n<\/div>\n\n\n\n<div class=\"wp-block-column is-layout-flow wp-block-column-is-layout-flow\">\n<figure class=\"wp-block-embed-wordpress wp-block-embed is-type-wp-embed is-provider-quakerspeak\"><div class=\"wp-block-embed__wrapper\">\nhttps:\/\/quakerspeak.com\/parenthood\/\n<\/div><\/figure>\n<\/div>\n<\/div>\n\n<div class=\"wp-block-columns is-layout-flex wp-container-core-columns-is-layout-9d6595d7 wp-block-columns-is-layout-flex\">\n<div class=\"wp-block-column is-layout-flow wp-block-column-is-layout-flow\">\n<figure class=\"wp-block-embed-wordpress wp-block-embed is-type-wp-embed is-provider-quakerspeak\"><div class=\"wp-block-embed__wrapper\">\nhttps:\/\/quakerspeak.com\/holding-peace-quaker-nonviolence-time-black-lives-matter\/\n<\/div><\/figure>\n<\/div>\n\n\n\n<div class=\"wp-block-column is-layout-flow wp-block-column-is-layout-flow\">\n<figure class=\"wp-block-embed-wordpress wp-block-embed is-type-wp-embed is-provider-quakerspeak\"><div class=\"wp-block-embed__wrapper\">\nhttps:\/\/quakerspeak.com\/nonviolent-response-to-terrorism\/\n<\/div><\/figure>\n<\/div>\n<\/div>\n\n<hr class=\"wp-block-separator has-css-opacity\" \/>\n\n<h2 class=\"wp-block-heading\">Lecturas adicionales<\/h2>\n\n<p><a href=\"https:\/\/quakerbooks.org\/products\/nonviolent-direct-action-424-v10475?_pos=6&amp;_sid=d056b680e&amp;_ss=r\">La acci\u00f3n directa no violenta como sendero espiritual<\/a> &#8211; folleto de Pendle Hill #424 por Richard K. Taylor<\/p>\n\n<p><a href=\"https:\/\/quakerbooks.org\/products\/nonviolent-direct-action-424-v10475?_pos=6&amp;_sid=d056b680e&amp;_ss=r\">Librar la paz: Disciplina y pr\u00e1ctica<\/a> &#8211; folleto de Pendle Hill #420 por Pamela Haines<\/p>\n\n<p><a href=\"https:\/\/quakerbooks.org\/products\/early-quakers-and-the-kingdom-of-god-3653?_pos=20&amp;_sid=d056b680e&amp;_ss=r\">Los primeros cu\u00e1queros y el Reino de Dios<\/a> por Gerard Guiton<\/p>\n\n<p><a href=\"https:\/\/quakerbooks.org\/products\/why-i-am-a-pacifist-a-call-for-a-more-non-violent-world?_pos=27&amp;_sid=d056b680e&amp;_ss=r\">Por qu\u00e9 soy pacifista &#8211; un llamado por un mundo m\u00e1s no violento<\/a> (quaker quick) por Tim Gee<\/p>\n\n<p><a href=\"https:\/\/quakerbooks.org\/products\/the-anti-war?_pos=37&amp;_sid=d056b680e&amp;_ss=r\">La anti-guerra<\/a> por Douglas Gwyn<\/p>\n\n<p><a href=\"https:\/\/quakerbooks.org\/products\/twelve-quakers-and-pacifism-3579?_pos=58&amp;_sid=d056b680e&amp;_ss=r\">Doce cu\u00e1queros y el pacifismo<\/a><\/p>\n\n<p><a href=\"https:\/\/quakerbooks.org\/products\/coming-home?_pos=68&amp;_sid=d056b680e&amp;_ss=r\">Volviendo a casa<\/a> por Zachary Moon<\/p>\n","protected":false},"excerpt":{"rendered":"<p>Los cu\u00e1queros son una de las tres iglesias hist\u00f3ricas de paz y por tanto han tomado en serio el llamado&hellip;<\/p>\n","protected":false},"author":5129,"featured_media":0,"parent":0,"menu_order":0,"comment_status":"closed","ping_status":"closed","template":"","meta":{"_acf_changed":false,"hero_banner_post_id":0,"footnotes":""},"class_list":["post-3314","page","type-page","status-publish","hentry"],"yoast_head":"<!-- This site is optimized with the Yoast SEO plugin v27.4 - https:\/\/yoast.com\/product\/yoast-seo-wordpress\/ -->\n<title>\u00bfQu\u00e9 es el Testimonio de la Paz cu\u00e1quero? - \u00bfpor qu\u00e9 los cu\u00e1queros no creen en la violencia?<\/title>\n<meta name=\"description\" content=\"El Testimonio de la Paz refleja el compromiso cu\u00e1quero con la no violencia. Conozca m\u00e1s sobre este testimonio.\" \/>\n<meta name=\"robots\" content=\"index, follow, max-snippet:-1, max-image-preview:large, max-video-preview:-1\" \/>\n<link rel=\"canonical\" href=\"https:\/\/quaker.org\/es\/paz-y-no-violencia\/\" \/>\n<meta property=\"og:locale\" content=\"es_ES\" \/>\n<meta property=\"og:type\" content=\"article\" \/>\n<meta property=\"og:title\" content=\"\u00bfQu\u00e9 es el Testimonio de la Paz cu\u00e1quero? - \u00bfpor qu\u00e9 los cu\u00e1queros no creen en la violencia?\" \/>\n<meta property=\"og:description\" content=\"El Testimonio de la Paz refleja el compromiso cu\u00e1quero con la no violencia. Conozca m\u00e1s sobre este testimonio.\" \/>\n<meta property=\"og:url\" content=\"https:\/\/quaker.org\/es\/paz-y-no-violencia\/\" \/>\n<meta property=\"og:site_name\" content=\"Quaker.org\" \/>\n<meta property=\"article:modified_time\" content=\"2025-09-19T15:21:59+00:00\" \/>\n<meta name=\"twitter:card\" content=\"summary_large_image\" \/>\n<meta name=\"twitter:label1\" content=\"Est. reading time\" \/>\n\t<meta name=\"twitter:data1\" content=\"3 minutes\" \/>\n<script type=\"application\/ld+json\" class=\"yoast-schema-graph\">{\"@context\":\"https:\\\/\\\/schema.org\",\"@graph\":[{\"@type\":\"WebPage\",\"@id\":\"https:\\\/\\\/quaker.org\\\/es\\\/paz-y-no-violencia\\\/\",\"url\":\"https:\\\/\\\/quaker.org\\\/es\\\/paz-y-no-violencia\\\/\",\"name\":\"\u00bfQu\u00e9 es el Testimonio de la Paz cu\u00e1quero? - \u00bfpor qu\u00e9 los cu\u00e1queros no creen en la violencia?\",\"isPartOf\":{\"@id\":\"https:\\\/\\\/quaker.org\\\/es\\\/#website\"},\"datePublished\":\"2020-05-22T16:27:15+00:00\",\"dateModified\":\"2025-09-19T15:21:59+00:00\",\"description\":\"El Testimonio de la Paz refleja el compromiso cu\u00e1quero con la no violencia. Conozca m\u00e1s sobre este testimonio.\",\"breadcrumb\":{\"@id\":\"https:\\\/\\\/quaker.org\\\/es\\\/paz-y-no-violencia\\\/#breadcrumb\"},\"inLanguage\":\"es-ES\",\"potentialAction\":[{\"@type\":\"ReadAction\",\"target\":[\"https:\\\/\\\/quaker.org\\\/es\\\/paz-y-no-violencia\\\/\"]}]},{\"@type\":\"BreadcrumbList\",\"@id\":\"https:\\\/\\\/quaker.org\\\/es\\\/paz-y-no-violencia\\\/#breadcrumb\",\"itemListElement\":[{\"@type\":\"ListItem\",\"position\":1,\"name\":\"Home\",\"item\":\"https:\\\/\\\/quaker.org\\\/es\\\/bienvenido-a-a-quaker-org\\\/\"},{\"@type\":\"ListItem\",\"position\":2,\"name\":\"Paz y no violencia\"}]},{\"@type\":\"WebSite\",\"@id\":\"https:\\\/\\\/quaker.org\\\/es\\\/#website\",\"url\":\"https:\\\/\\\/quaker.org\\\/es\\\/\",\"name\":\"Quaker.org\",\"description\":\"Learn about Friends\",\"publisher\":{\"@id\":\"https:\\\/\\\/quaker.org\\\/es\\\/#organization\"},\"potentialAction\":[{\"@type\":\"SearchAction\",\"target\":{\"@type\":\"EntryPoint\",\"urlTemplate\":\"https:\\\/\\\/quaker.org\\\/es\\\/?s={search_term_string}\"},\"query-input\":{\"@type\":\"PropertyValueSpecification\",\"valueRequired\":true,\"valueName\":\"search_term_string\"}}],\"inLanguage\":\"es-ES\"},{\"@type\":\"Organization\",\"@id\":\"https:\\\/\\\/quaker.org\\\/es\\\/#organization\",\"name\":\"Quaker.org\",\"url\":\"https:\\\/\\\/quaker.org\\\/es\\\/\",\"logo\":{\"@type\":\"ImageObject\",\"inLanguage\":\"es-ES\",\"@id\":\"https:\\\/\\\/quaker.org\\\/es\\\/#\\\/schema\\\/logo\\\/image\\\/\",\"url\":\"https:\\\/\\\/quaker.org\\\/wp-content\\\/uploads\\\/sites\\\/3\\\/2025\\\/08\\\/QuakerOrgLogo_BW-300x54-1.png\",\"contentUrl\":\"https:\\\/\\\/quaker.org\\\/wp-content\\\/uploads\\\/sites\\\/3\\\/2025\\\/08\\\/QuakerOrgLogo_BW-300x54-1.png\",\"width\":300,\"height\":54,\"caption\":\"Quaker.org\"},\"image\":{\"@id\":\"https:\\\/\\\/quaker.org\\\/es\\\/#\\\/schema\\\/logo\\\/image\\\/\"}}]}<\/script>\n<!-- \/ Yoast SEO plugin. -->","yoast_head_json":{"title":"\u00bfQu\u00e9 es el Testimonio de la Paz cu\u00e1quero? - \u00bfpor qu\u00e9 los cu\u00e1queros no creen en la violencia?","description":"El Testimonio de la Paz refleja el compromiso cu\u00e1quero con la no violencia. Conozca m\u00e1s sobre este testimonio.","robots":{"index":"index","follow":"follow","max-snippet":"max-snippet:-1","max-image-preview":"max-image-preview:large","max-video-preview":"max-video-preview:-1"},"canonical":"https:\/\/quaker.org\/es\/paz-y-no-violencia\/","og_locale":"es_ES","og_type":"article","og_title":"\u00bfQu\u00e9 es el Testimonio de la Paz cu\u00e1quero? - \u00bfpor qu\u00e9 los cu\u00e1queros no creen en la violencia?","og_description":"El Testimonio de la Paz refleja el compromiso cu\u00e1quero con la no violencia. Conozca m\u00e1s sobre este testimonio.","og_url":"https:\/\/quaker.org\/es\/paz-y-no-violencia\/","og_site_name":"Quaker.org","article_modified_time":"2025-09-19T15:21:59+00:00","twitter_card":"summary_large_image","twitter_misc":{"Est. reading time":"3 minutes"},"schema":{"@context":"https:\/\/schema.org","@graph":[{"@type":"WebPage","@id":"https:\/\/quaker.org\/es\/paz-y-no-violencia\/","url":"https:\/\/quaker.org\/es\/paz-y-no-violencia\/","name":"\u00bfQu\u00e9 es el Testimonio de la Paz cu\u00e1quero? - \u00bfpor qu\u00e9 los cu\u00e1queros no creen en la violencia?","isPartOf":{"@id":"https:\/\/quaker.org\/es\/#website"},"datePublished":"2020-05-22T16:27:15+00:00","dateModified":"2025-09-19T15:21:59+00:00","description":"El Testimonio de la Paz refleja el compromiso cu\u00e1quero con la no violencia. Conozca m\u00e1s sobre este testimonio.","breadcrumb":{"@id":"https:\/\/quaker.org\/es\/paz-y-no-violencia\/#breadcrumb"},"inLanguage":"es-ES","potentialAction":[{"@type":"ReadAction","target":["https:\/\/quaker.org\/es\/paz-y-no-violencia\/"]}]},{"@type":"BreadcrumbList","@id":"https:\/\/quaker.org\/es\/paz-y-no-violencia\/#breadcrumb","itemListElement":[{"@type":"ListItem","position":1,"name":"Home","item":"https:\/\/quaker.org\/es\/bienvenido-a-a-quaker-org\/"},{"@type":"ListItem","position":2,"name":"Paz y no violencia"}]},{"@type":"WebSite","@id":"https:\/\/quaker.org\/es\/#website","url":"https:\/\/quaker.org\/es\/","name":"Quaker.org","description":"Learn about Friends","publisher":{"@id":"https:\/\/quaker.org\/es\/#organization"},"potentialAction":[{"@type":"SearchAction","target":{"@type":"EntryPoint","urlTemplate":"https:\/\/quaker.org\/es\/?s={search_term_string}"},"query-input":{"@type":"PropertyValueSpecification","valueRequired":true,"valueName":"search_term_string"}}],"inLanguage":"es-ES"},{"@type":"Organization","@id":"https:\/\/quaker.org\/es\/#organization","name":"Quaker.org","url":"https:\/\/quaker.org\/es\/","logo":{"@type":"ImageObject","inLanguage":"es-ES","@id":"https:\/\/quaker.org\/es\/#\/schema\/logo\/image\/","url":"https:\/\/quaker.org\/wp-content\/uploads\/sites\/3\/2025\/08\/QuakerOrgLogo_BW-300x54-1.png","contentUrl":"https:\/\/quaker.org\/wp-content\/uploads\/sites\/3\/2025\/08\/QuakerOrgLogo_BW-300x54-1.png","width":300,"height":54,"caption":"Quaker.org"},"image":{"@id":"https:\/\/quaker.org\/es\/#\/schema\/logo\/image\/"}}]}},"distributor_meta":false,"distributor_terms":false,"distributor_media":false,"distributor_original_site_name":"Quaker.org","distributor_original_site_url":"https:\/\/quaker.org\/es\/","push-errors":false,"acf":[],"_links":{"self":[{"href":"https:\/\/quaker.org\/es\/wp-json\/wp\/v2\/pages\/3314","targetHints":{"allow":["GET"]}}],"collection":[{"href":"https:\/\/quaker.org\/es\/wp-json\/wp\/v2\/pages"}],"about":[{"href":"https:\/\/quaker.org\/es\/wp-json\/wp\/v2\/types\/page"}],"author":[{"embeddable":true,"href":"https:\/\/quaker.org\/es\/wp-json\/wp\/v2\/users\/5129"}],"replies":[{"embeddable":true,"href":"https:\/\/quaker.org\/es\/wp-json\/wp\/v2\/comments?post=3314"}],"version-history":[{"count":1,"href":"https:\/\/quaker.org\/es\/wp-json\/wp\/v2\/pages\/3314\/revisions"}],"predecessor-version":[{"id":3319,"href":"https:\/\/quaker.org\/es\/wp-json\/wp\/v2\/pages\/3314\/revisions\/3319"}],"wp:attachment":[{"href":"https:\/\/quaker.org\/es\/wp-json\/wp\/v2\/media?parent=3314"}],"curies":[{"name":"wp","href":"https:\/\/api.w.org\/{rel}","templated":true}]}}