{"id":3278,"date":"2020-05-22T16:27:46","date_gmt":"2020-05-22T16:27:46","guid":{"rendered":"https:\/\/quaker.org\/equidad-e-inclusion\/"},"modified":"2025-09-19T15:19:50","modified_gmt":"2025-09-19T15:19:50","slug":"equidad-e-inclusion","status":"publish","type":"page","link":"https:\/\/quaker.org\/es\/equidad-e-inclusion\/","title":{"rendered":"Equidad e inclusi\u00f3n"},"content":{"rendered":"\n<p>Desde los primeros tiempos de la tradici\u00f3n cu\u00e1quera, los Amigos han sido guiados a luchar contra la desigualdad. Originalmente, esto fue a trav\u00e9s del liderazgo espiritual de mujeres como Elizabeth Hooten, Margaret Fell, Mary Penington y otras. Con el tiempo, la igualdad de g\u00e9nero dio paso a la igualdad racial cuando el abolicionismo creci\u00f3 entre los Amigos a trav\u00e9s del trabajo de l\u00edderes como Anthony Benezet, Benjamin Lay y John Woolman. <a href=\"https:\/\/www.quakersintheworld.org\/quakers-in-action\/58\">Aunque la igualdad racial fue duramente luchada y lenta para convencer a muchos cu\u00e1queros<\/a> porque hab\u00eda muchos Amigos que se beneficiaban de esclavizar a africanos. Finalmente, <a href=\"https:\/\/www.quakersintheworld.org\/quakers-in-action\/11\/-Anti-Slavery\">en 1774 la reuni\u00f3n anual de Filadelfia<\/a> lleg\u00f3 a la unidad en una decisi\u00f3n de que no se pod\u00eda ser cu\u00e1quero y esclavizar seres humanos. Cuando el abolicionismo creci\u00f3 entre los Amigos, en gran parte a trav\u00e9s del trabajo del ferrocarril subterr\u00e1neo, diferentes ideas sobre c\u00f3mo se ve\u00eda esto y c\u00f3mo deb\u00eda implementarse fueron fuertemente debatidas sin la participaci\u00f3n de aquellos en la comunidad negra. Vea la charla <a href=\"https:\/\/Slavery,%20Equity,%20&amp;%20Inclusion%20on%20a%20Southern%20Quaker%20Campus\">Esclavitud, Equidad e Inclusi\u00f3n en un Campus Cu\u00e1quero del Sur<\/a> de la Dra. Krishauna Hines-Gaither y Gwen Gosney Erickson en Guilford College para una presentaci\u00f3n fenomenal sobre este tema. Desde entonces, los cu\u00e1queros han luchado por integrarse verdaderamente tanto en la casa de reuni\u00f3n como en la escuela (de ah\u00ed el t\u00edtulo del libro de McDaniel y Julye <em><a href=\"https:\/\/quakerbooks.org\/products\/fit-for-freedom-not-for-friendship-4003?_pos=1&amp;_sid=78b1a5f2e&amp;_ss=r\">Aptos para la Libertad, No para la Amistad<\/a>). <\/em>Finalmente, cuando el cuaquerismo comenz\u00f3 a extenderse, los cu\u00e1queros africanos y otros cu\u00e1queros de color ahora son mayor\u00eda en todo el mundo, aunque en Estados Unidos y Europa los cu\u00e1queros siguen siendo predominantemente blancos. <a href=\"https:\/\/www.friendsjournal.org\/undoing-racism\/\">El compromiso y las gu\u00edas hacia la igualdad permanecen, pero los Amigos tienen mucho trabajo por hacer a\u00fan<\/a> (vea los videos a continuaci\u00f3n que abordan algunas de estas realidades hoy).       <\/p>\n\n<hr class=\"wp-block-separator has-css-opacity\" \/>\n\n<p><strong>El Proyecto Cu\u00e1quero Negro<\/strong><br\/>Un proyecto creado y dirigido por el Dr. Harold Weaver para celebrar las vidas y contribuciones de los cu\u00e1queros de color en todo el mundo y documentar y abordar sus preocupaciones.<br\/>Sitio web: <a href=\"https:\/\/www.theblackquakerproject.org\/\">theblackquakerproject.org<\/a><\/p>\n\n<p><strong>Art\u00edculos de Friends Journal<\/strong> (Una selecci\u00f3n)<\/p>\n\n<ul class=\"wp-block-list\">\n<li><a href=\"https:\/\/www.friendsjournal.org\/journey-toward-eliminating-racism-religious-society-friends\/\">Un viaje hacia la eliminaci\u00f3n del racismo en la Sociedad Religiosa de los Amigos<\/a> por Vanessa julye<\/li>\n\n\n\n<li><a href=\"https:\/\/www.friendsjournal.org\/move-in-our-midst\/\">Mu\u00e9vete en Nuestro Medio<\/a> por Paul Ricketts (<a href=\"https:\/\/www.friendsjournal.org\/2017\/race-and-anti-racism\/\">Marzo 2017: Raza y Antirracismo<\/a>)<\/li>\n\n\n\n<li><a href=\"https:\/\/www.friendsjournal.org\/strong-black-woman\/\">Dando la Bienvenida a la Mujer Negra Fuerte Entre Nosotros<\/a> por Valerie Brown (<a href=\"https:\/\/www.friendsjournal.org\/2017\/race-and-anti-racism\/\">Marzo 2017: Raza y Antirracismo<\/a>)<\/li>\n\n\n\n<li><a href=\"https:\/\/www.friendsjournal.org\/witness-quaker-racism\/\">Testimonio del racismo cu\u00e1quero: una historia de advertencia<\/a> por Sharon Smith<\/li>\n\n\n\n<li><a href=\"https:\/\/www.friendsjournal.org\/quaker-indian-boarding-schools\/\">Internados ind\u00edgenas cu\u00e1queros<\/a> por Paula Palmer<\/li>\n<\/ul>\n\n<p><strong>Una Lista de Lectura Antirracista Cu\u00e1quera<br\/><\/strong>Sitio web: <a href=\"https:\/\/www.friendsjournal.org\/quaker-antiracist-reading-list\/\">friendsjournal.org\/quaker-antiracist-reading-list<\/a><\/p>\n\n<hr class=\"wp-block-separator has-css-opacity\" \/>\n\n<h2 class=\"wp-block-heading\">Una selecci\u00f3n de videos de quaker speak sobre el trabajo antirracista entre los Amigos<\/h2>\n\n<div class=\"wp-block-columns is-layout-flex wp-container-core-columns-is-layout-9d6595d7 wp-block-columns-is-layout-flex\">\n<div class=\"wp-block-column is-layout-flow wp-block-column-is-layout-flow\">\n<figure class=\"wp-block-embed-wordpress wp-block-embed is-type-wp-embed is-provider-quakerspeak\"><div class=\"wp-block-embed__wrapper\">\nhttps:\/\/quakerspeak.com\/advice-white-men\/\n<\/div><\/figure>\n<\/div>\n\n\n\n<div class=\"wp-block-column is-layout-flow wp-block-column-is-layout-flow\">\n<figure class=\"wp-block-embed-wordpress wp-block-embed is-type-wp-embed is-provider-quakerspeak\"><div class=\"wp-block-embed__wrapper\">\nhttps:\/\/quakerspeak.com\/dreaming-of-wholeness-quakers-and-the-future-of-racial-healing\/\n<\/div><\/figure>\n<\/div>\n<\/div>\n\n<div class=\"wp-block-columns is-layout-flex wp-container-core-columns-is-layout-9d6595d7 wp-block-columns-is-layout-flex\">\n<div class=\"wp-block-column is-layout-flow wp-block-column-is-layout-flow\">\n<figure class=\"wp-block-embed-wordpress wp-block-embed is-type-wp-embed is-provider-quakerspeak\"><div class=\"wp-block-embed__wrapper\">\nhttps:\/\/quakerspeak.com\/quakers-racism-blessed-community\/\n<\/div><\/figure>\n<\/div>\n\n\n\n<div class=\"wp-block-column is-layout-flow wp-block-column-is-layout-flow\">\n<figure class=\"wp-block-embed-wordpress wp-block-embed is-type-wp-embed is-provider-quakerspeak\"><div class=\"wp-block-embed__wrapper\">\nhttps:\/\/quakerspeak.com\/can-quakers-combat-islamophobia\/\n<\/div><\/figure>\n<\/div>\n<\/div>\n\n<hr class=\"wp-block-separator has-css-opacity\" \/>\n\n<h2 class=\"wp-block-heading\">Lecturas adicionales<\/h2>\n\n<p>D&#8217;Emilio, John. <em><a href=\"https:\/\/bookshop.org\/books\/lost-prophet-the-life-and-times-of-bayard-rustin\/9780226142692\">Profeta Perdido: La Vida y los Tiempos de Bayard Rustin<\/a><\/em>. 2.\u00aa edici\u00f3n. Chicago, IL: University of Chicago Press, 2004.   <\/p>\n\n<p>Lapsansky-Werner, Emma, y Anne Steere Nash. <em><a href=\"https:\/\/quakerbooks.org\/products\/black-fire-2251?_pos=1&amp;_sid=5a7e78340&amp;_ss=r\">Fuego Negro: Cu\u00e1queros Afroamericanos sobre Espiritualidad y Derechos Humanos<\/a><\/em>. Editado por Harold D. Weaver Jr, Paul Kriese, y Steven W. Angell. Filadelfia, PA: Quaker Press of Friends General Conference, 2011.   <\/p>\n\n<p>McDaniel, Donna, y Vanessa D. Julye. <em><a href=\"https:\/\/quakerbooks.org\/products\/fit-for-freedom-not-for-friendship-4003?_pos=1&amp;_sid=a417c9db9&amp;_ss=r\">Aptos para la Libertad, No para la Amistad: Cu\u00e1queros, Afroamericanos y el Mito de la Justicia Racial<\/a><\/em>. 1.\u00aa edici\u00f3n. Filadelfia, Pa: QuakerPress of FGC, 2018.   <\/p>\n\n<ul class=\"wp-block-list\">\n<li>Y aqu\u00ed hay un enlace a la <a href=\"https:\/\/quakerbooks.org\/products\/fit-for-freedom-study-guide-2269?_pos=2&amp;_sid=a417c9db9&amp;_ss=r\">Gu\u00eda de Estudio de Aptos para la Libertad<\/a> excelente para discusiones personales y de grupos peque\u00f1os.<\/li>\n<\/ul>\n\n<p>Brother Outsider (2003) &#8211; Documental sobre la vida de Bayard Rustin. <a href=\"https:\/\/www.pbs.org\/pov\/watch\/brotheroutsider\/\">https:\/\/www.pbs.org\/pov\/watch\/brotheroutsider\/<\/a><\/p>\n","protected":false},"excerpt":{"rendered":"<p>Desde los primeros tiempos de la tradici\u00f3n cu\u00e1quera, los Amigos han sido guiados a luchar contra la desigualdad. Originalmente, esto&hellip;<\/p>\n","protected":false},"author":5129,"featured_media":0,"parent":0,"menu_order":0,"comment_status":"closed","ping_status":"closed","template":"","meta":{"_acf_changed":false,"hero_banner_post_id":0,"footnotes":""},"class_list":["post-3278","page","type-page","status-publish","hentry"],"yoast_head":"<!-- This site is optimized with the Yoast SEO plugin v27.3 - https:\/\/yoast.com\/product\/yoast-seo-wordpress\/ -->\n<title>\u00bfApoyan los cu\u00e1queros la inclusi\u00f3n, diversidad e igualdad?<\/title>\n<meta name=\"description\" content=\"La fe cu\u00e1quera promueve igualdad, justicia e inclusi\u00f3n. Descubra c\u00f3mo fomenta la diversidad mediante aprendizaje continuo y trabajo antirracista.\" \/>\n<meta name=\"robots\" content=\"index, follow, max-snippet:-1, max-image-preview:large, max-video-preview:-1\" \/>\n<link rel=\"canonical\" href=\"https:\/\/quaker.org\/es\/equidad-e-inclusion\/\" \/>\n<meta property=\"og:locale\" content=\"es_ES\" \/>\n<meta property=\"og:type\" content=\"article\" \/>\n<meta property=\"og:title\" content=\"\u00bfApoyan los cu\u00e1queros la inclusi\u00f3n, diversidad e igualdad?\" \/>\n<meta property=\"og:description\" content=\"La fe cu\u00e1quera promueve igualdad, justicia e inclusi\u00f3n. Descubra c\u00f3mo fomenta la diversidad mediante aprendizaje continuo y trabajo antirracista.\" \/>\n<meta property=\"og:url\" content=\"https:\/\/quaker.org\/es\/equidad-e-inclusion\/\" \/>\n<meta property=\"og:site_name\" content=\"Quaker.org\" \/>\n<meta property=\"article:modified_time\" content=\"2025-09-19T15:19:50+00:00\" \/>\n<meta name=\"twitter:card\" content=\"summary_large_image\" \/>\n<meta name=\"twitter:label1\" content=\"Est. reading time\" \/>\n\t<meta name=\"twitter:data1\" content=\"3 minutes\" \/>\n<script type=\"application\/ld+json\" class=\"yoast-schema-graph\">{\"@context\":\"https:\\\/\\\/schema.org\",\"@graph\":[{\"@type\":\"WebPage\",\"@id\":\"https:\\\/\\\/quaker.org\\\/es\\\/equidad-e-inclusion\\\/\",\"url\":\"https:\\\/\\\/quaker.org\\\/es\\\/equidad-e-inclusion\\\/\",\"name\":\"\u00bfApoyan los cu\u00e1queros la inclusi\u00f3n, diversidad e igualdad?\",\"isPartOf\":{\"@id\":\"https:\\\/\\\/quaker.org\\\/es\\\/#website\"},\"datePublished\":\"2020-05-22T16:27:46+00:00\",\"dateModified\":\"2025-09-19T15:19:50+00:00\",\"description\":\"La fe cu\u00e1quera promueve igualdad, justicia e inclusi\u00f3n. Descubra c\u00f3mo fomenta la diversidad mediante aprendizaje continuo y trabajo antirracista.\",\"breadcrumb\":{\"@id\":\"https:\\\/\\\/quaker.org\\\/es\\\/equidad-e-inclusion\\\/#breadcrumb\"},\"inLanguage\":\"es-ES\",\"potentialAction\":[{\"@type\":\"ReadAction\",\"target\":[\"https:\\\/\\\/quaker.org\\\/es\\\/equidad-e-inclusion\\\/\"]}]},{\"@type\":\"BreadcrumbList\",\"@id\":\"https:\\\/\\\/quaker.org\\\/es\\\/equidad-e-inclusion\\\/#breadcrumb\",\"itemListElement\":[{\"@type\":\"ListItem\",\"position\":1,\"name\":\"Home\",\"item\":\"https:\\\/\\\/quaker.org\\\/es\\\/bienvenido-a-a-quaker-org\\\/\"},{\"@type\":\"ListItem\",\"position\":2,\"name\":\"Equidad e inclusi\u00f3n\"}]},{\"@type\":\"WebSite\",\"@id\":\"https:\\\/\\\/quaker.org\\\/es\\\/#website\",\"url\":\"https:\\\/\\\/quaker.org\\\/es\\\/\",\"name\":\"Quaker.org\",\"description\":\"Learn about Friends\",\"publisher\":{\"@id\":\"https:\\\/\\\/quaker.org\\\/es\\\/#organization\"},\"potentialAction\":[{\"@type\":\"SearchAction\",\"target\":{\"@type\":\"EntryPoint\",\"urlTemplate\":\"https:\\\/\\\/quaker.org\\\/es\\\/?s={search_term_string}\"},\"query-input\":{\"@type\":\"PropertyValueSpecification\",\"valueRequired\":true,\"valueName\":\"search_term_string\"}}],\"inLanguage\":\"es-ES\"},{\"@type\":\"Organization\",\"@id\":\"https:\\\/\\\/quaker.org\\\/es\\\/#organization\",\"name\":\"Quaker.org\",\"url\":\"https:\\\/\\\/quaker.org\\\/es\\\/\",\"logo\":{\"@type\":\"ImageObject\",\"inLanguage\":\"es-ES\",\"@id\":\"https:\\\/\\\/quaker.org\\\/es\\\/#\\\/schema\\\/logo\\\/image\\\/\",\"url\":\"https:\\\/\\\/quaker.org\\\/wp-content\\\/uploads\\\/sites\\\/3\\\/2025\\\/08\\\/QuakerOrgLogo_BW-300x54-1.png\",\"contentUrl\":\"https:\\\/\\\/quaker.org\\\/wp-content\\\/uploads\\\/sites\\\/3\\\/2025\\\/08\\\/QuakerOrgLogo_BW-300x54-1.png\",\"width\":300,\"height\":54,\"caption\":\"Quaker.org\"},\"image\":{\"@id\":\"https:\\\/\\\/quaker.org\\\/es\\\/#\\\/schema\\\/logo\\\/image\\\/\"}}]}<\/script>\n<!-- \/ Yoast SEO plugin. -->","yoast_head_json":{"title":"\u00bfApoyan los cu\u00e1queros la inclusi\u00f3n, diversidad e igualdad?","description":"La fe cu\u00e1quera promueve igualdad, justicia e inclusi\u00f3n. Descubra c\u00f3mo fomenta la diversidad mediante aprendizaje continuo y trabajo antirracista.","robots":{"index":"index","follow":"follow","max-snippet":"max-snippet:-1","max-image-preview":"max-image-preview:large","max-video-preview":"max-video-preview:-1"},"canonical":"https:\/\/quaker.org\/es\/equidad-e-inclusion\/","og_locale":"es_ES","og_type":"article","og_title":"\u00bfApoyan los cu\u00e1queros la inclusi\u00f3n, diversidad e igualdad?","og_description":"La fe cu\u00e1quera promueve igualdad, justicia e inclusi\u00f3n. Descubra c\u00f3mo fomenta la diversidad mediante aprendizaje continuo y trabajo antirracista.","og_url":"https:\/\/quaker.org\/es\/equidad-e-inclusion\/","og_site_name":"Quaker.org","article_modified_time":"2025-09-19T15:19:50+00:00","twitter_card":"summary_large_image","twitter_misc":{"Est. reading time":"3 minutes"},"schema":{"@context":"https:\/\/schema.org","@graph":[{"@type":"WebPage","@id":"https:\/\/quaker.org\/es\/equidad-e-inclusion\/","url":"https:\/\/quaker.org\/es\/equidad-e-inclusion\/","name":"\u00bfApoyan los cu\u00e1queros la inclusi\u00f3n, diversidad e igualdad?","isPartOf":{"@id":"https:\/\/quaker.org\/es\/#website"},"datePublished":"2020-05-22T16:27:46+00:00","dateModified":"2025-09-19T15:19:50+00:00","description":"La fe cu\u00e1quera promueve igualdad, justicia e inclusi\u00f3n. Descubra c\u00f3mo fomenta la diversidad mediante aprendizaje continuo y trabajo antirracista.","breadcrumb":{"@id":"https:\/\/quaker.org\/es\/equidad-e-inclusion\/#breadcrumb"},"inLanguage":"es-ES","potentialAction":[{"@type":"ReadAction","target":["https:\/\/quaker.org\/es\/equidad-e-inclusion\/"]}]},{"@type":"BreadcrumbList","@id":"https:\/\/quaker.org\/es\/equidad-e-inclusion\/#breadcrumb","itemListElement":[{"@type":"ListItem","position":1,"name":"Home","item":"https:\/\/quaker.org\/es\/bienvenido-a-a-quaker-org\/"},{"@type":"ListItem","position":2,"name":"Equidad e inclusi\u00f3n"}]},{"@type":"WebSite","@id":"https:\/\/quaker.org\/es\/#website","url":"https:\/\/quaker.org\/es\/","name":"Quaker.org","description":"Learn about Friends","publisher":{"@id":"https:\/\/quaker.org\/es\/#organization"},"potentialAction":[{"@type":"SearchAction","target":{"@type":"EntryPoint","urlTemplate":"https:\/\/quaker.org\/es\/?s={search_term_string}"},"query-input":{"@type":"PropertyValueSpecification","valueRequired":true,"valueName":"search_term_string"}}],"inLanguage":"es-ES"},{"@type":"Organization","@id":"https:\/\/quaker.org\/es\/#organization","name":"Quaker.org","url":"https:\/\/quaker.org\/es\/","logo":{"@type":"ImageObject","inLanguage":"es-ES","@id":"https:\/\/quaker.org\/es\/#\/schema\/logo\/image\/","url":"https:\/\/quaker.org\/wp-content\/uploads\/sites\/3\/2025\/08\/QuakerOrgLogo_BW-300x54-1.png","contentUrl":"https:\/\/quaker.org\/wp-content\/uploads\/sites\/3\/2025\/08\/QuakerOrgLogo_BW-300x54-1.png","width":300,"height":54,"caption":"Quaker.org"},"image":{"@id":"https:\/\/quaker.org\/es\/#\/schema\/logo\/image\/"}}]}},"distributor_meta":false,"distributor_terms":false,"distributor_media":false,"distributor_original_site_name":"Quaker.org","distributor_original_site_url":"https:\/\/quaker.org\/es\/","push-errors":false,"acf":[],"_links":{"self":[{"href":"https:\/\/quaker.org\/es\/wp-json\/wp\/v2\/pages\/3278","targetHints":{"allow":["GET"]}}],"collection":[{"href":"https:\/\/quaker.org\/es\/wp-json\/wp\/v2\/pages"}],"about":[{"href":"https:\/\/quaker.org\/es\/wp-json\/wp\/v2\/types\/page"}],"author":[{"embeddable":true,"href":"https:\/\/quaker.org\/es\/wp-json\/wp\/v2\/users\/5129"}],"replies":[{"embeddable":true,"href":"https:\/\/quaker.org\/es\/wp-json\/wp\/v2\/comments?post=3278"}],"version-history":[{"count":1,"href":"https:\/\/quaker.org\/es\/wp-json\/wp\/v2\/pages\/3278\/revisions"}],"predecessor-version":[{"id":3279,"href":"https:\/\/quaker.org\/es\/wp-json\/wp\/v2\/pages\/3278\/revisions\/3279"}],"wp:attachment":[{"href":"https:\/\/quaker.org\/es\/wp-json\/wp\/v2\/media?parent=3278"}],"curies":[{"name":"wp","href":"https:\/\/api.w.org\/{rel}","templated":true}]}}