{"id":3276,"date":"2020-05-29T20:49:20","date_gmt":"2020-05-29T20:49:20","guid":{"rendered":"https:\/\/quaker.org\/comite-mundial-de-los-amigos-para-la-consulta-seccion-de-las-americas\/"},"modified":"2025-09-19T15:19:15","modified_gmt":"2025-09-19T15:19:15","slug":"comite-mundial-de-los-amigos-para-la-consulta-seccion-de-las-americas","status":"publish","type":"page","link":"https:\/\/quaker.org\/es\/comite-mundial-de-los-amigos-para-la-consulta-seccion-de-las-americas\/","title":{"rendered":"Comit\u00e9 Mundial de Los Amigos para la Consulta (Secci\u00f3n de las Am\u00e9ricas)"},"content":{"rendered":"\n<h3 class=\"wp-block-heading\"><a href=\"https:\/\/fwccamericas.org\/\"><em><strong>fwccamericas.org<\/strong><\/em><\/a><\/h3>\n\n<p>Descripci\u00f3n&#8230;<\/p>\n\n<hr class=\"wp-block-separator\" \/>\n\n<p>En febrero, Los Amigos se reunieron en cuatro encuentros regionales de representantes del CMCA y otros Amigos interesados. Se reunieron en Seattle, Washington, para la regi\u00f3n del Noroeste (de Am\u00e9rica del Norte); en Miami, Florida, para la regi\u00f3n del Sureste; en El Salvador para Am\u00e9rica Central; y en La Paz, Bolivia, para Am\u00e9rica del Sur. Compartieron las preocupaciones actuales dentro de sus respectivas juntas anuales, confraternizaron con Amigos afines de todas las juntas anuales de su regi\u00f3n, se unieron en comidas y adoraci\u00f3n, y formaron a nuevos representantes del CMCA.  <\/p>\n\n<p>Rub\u00e9n Maydana y Agustina Callejas comenzaron la formaci\u00f3n de la cohorte 2020 del Cuerpo de Ministerio Itinerante (CMI) para los miembros del CMI de Am\u00e9rica del Sur en Tacna, Per\u00fa, en enero. Bill Schoder-Ehri y Minga Claggett-Borne formaron a los norteamericanos en marzo en Worcester, Massachusetts. La formaci\u00f3n final dirigida por Cristela Mart\u00ednez y Enrique Jovel para Am\u00e9rica Central y Cuba se celebr\u00f3 en Metap\u00e1n, El Salvador.  <\/p>\n\n<p>Jhoana Ramos, una nueva ministra de Per\u00fa escribi\u00f3: \u00abCada uno comparti\u00f3 c\u00f3mo comenz\u00f3 su ministerio, los momentos buenos y malos en los que Dios nunca nos abandon\u00f3, y c\u00f3mo, gracias a todas estas experiencias, hoy formamos parte del mismo cuerpo. Las muchas juntas anuales de la Secci\u00f3n de las Am\u00e9ricas tienen diferentes formas de adoraci\u00f3n, pero compartimos las mismas preocupaciones. Sea cual sea la junta anual a la que pertenezcamos, somos de la misma familia, es decir, somos cu\u00e1queros\u00bb.<\/p>\n","protected":false},"excerpt":{"rendered":"<p>fwccamericas.org Descripci\u00f3n&#8230; En febrero, Los Amigos se reunieron en cuatro encuentros regionales de representantes del CMCA y otros Amigos interesados.&hellip;<\/p>\n","protected":false},"author":5129,"featured_media":0,"parent":0,"menu_order":0,"comment_status":"closed","ping_status":"closed","template":"","meta":{"_acf_changed":false,"hero_banner_post_id":0,"footnotes":""},"class_list":["post-3276","page","type-page","status-publish","hentry"],"yoast_head":"<!-- This site is optimized with the Yoast SEO plugin v27.3 - https:\/\/yoast.com\/product\/yoast-seo-wordpress\/ -->\n<title>Comit\u00e9 Mundial de Los Amigos para la Consulta (Secci\u00f3n de las Am\u00e9ricas) - Quaker.org<\/title>\n<meta name=\"robots\" content=\"index, follow, max-snippet:-1, max-image-preview:large, max-video-preview:-1\" \/>\n<link rel=\"canonical\" href=\"https:\/\/quaker.org\/es\/comite-mundial-de-los-amigos-para-la-consulta-seccion-de-las-americas\/\" \/>\n<meta property=\"og:locale\" content=\"es_ES\" \/>\n<meta property=\"og:type\" content=\"article\" \/>\n<meta property=\"og:title\" content=\"Comit\u00e9 Mundial de Los Amigos para la Consulta (Secci\u00f3n de las Am\u00e9ricas) - Quaker.org\" \/>\n<meta property=\"og:description\" content=\"fwccamericas.org Descripci\u00f3n&#8230; En febrero, Los Amigos se reunieron en cuatro encuentros regionales de representantes del CMCA y otros Amigos interesados.&hellip;\" \/>\n<meta property=\"og:url\" content=\"https:\/\/quaker.org\/es\/comite-mundial-de-los-amigos-para-la-consulta-seccion-de-las-americas\/\" \/>\n<meta property=\"og:site_name\" content=\"Quaker.org\" \/>\n<meta property=\"article:modified_time\" content=\"2025-09-19T15:19:15+00:00\" \/>\n<meta name=\"twitter:card\" content=\"summary_large_image\" \/>\n<meta name=\"twitter:label1\" content=\"Est. reading time\" \/>\n\t<meta name=\"twitter:data1\" content=\"1 minute\" \/>\n<script type=\"application\/ld+json\" class=\"yoast-schema-graph\">{\"@context\":\"https:\\\/\\\/schema.org\",\"@graph\":[{\"@type\":\"WebPage\",\"@id\":\"https:\\\/\\\/quaker.org\\\/es\\\/comite-mundial-de-los-amigos-para-la-consulta-seccion-de-las-americas\\\/\",\"url\":\"https:\\\/\\\/quaker.org\\\/es\\\/comite-mundial-de-los-amigos-para-la-consulta-seccion-de-las-americas\\\/\",\"name\":\"Comit\u00e9 Mundial de Los Amigos para la Consulta (Secci\u00f3n de las Am\u00e9ricas) - Quaker.org\",\"isPartOf\":{\"@id\":\"https:\\\/\\\/quaker.org\\\/es\\\/#website\"},\"datePublished\":\"2020-05-29T20:49:20+00:00\",\"dateModified\":\"2025-09-19T15:19:15+00:00\",\"breadcrumb\":{\"@id\":\"https:\\\/\\\/quaker.org\\\/es\\\/comite-mundial-de-los-amigos-para-la-consulta-seccion-de-las-americas\\\/#breadcrumb\"},\"inLanguage\":\"es-ES\",\"potentialAction\":[{\"@type\":\"ReadAction\",\"target\":[\"https:\\\/\\\/quaker.org\\\/es\\\/comite-mundial-de-los-amigos-para-la-consulta-seccion-de-las-americas\\\/\"]}]},{\"@type\":\"BreadcrumbList\",\"@id\":\"https:\\\/\\\/quaker.org\\\/es\\\/comite-mundial-de-los-amigos-para-la-consulta-seccion-de-las-americas\\\/#breadcrumb\",\"itemListElement\":[{\"@type\":\"ListItem\",\"position\":1,\"name\":\"Home\",\"item\":\"https:\\\/\\\/quaker.org\\\/es\\\/bienvenido-a-a-quaker-org\\\/\"},{\"@type\":\"ListItem\",\"position\":2,\"name\":\"Comit\u00e9 Mundial de Los Amigos para la Consulta (Secci\u00f3n de las Am\u00e9ricas)\"}]},{\"@type\":\"WebSite\",\"@id\":\"https:\\\/\\\/quaker.org\\\/es\\\/#website\",\"url\":\"https:\\\/\\\/quaker.org\\\/es\\\/\",\"name\":\"Quaker.org\",\"description\":\"Learn about Friends\",\"publisher\":{\"@id\":\"https:\\\/\\\/quaker.org\\\/es\\\/#organization\"},\"potentialAction\":[{\"@type\":\"SearchAction\",\"target\":{\"@type\":\"EntryPoint\",\"urlTemplate\":\"https:\\\/\\\/quaker.org\\\/es\\\/?s={search_term_string}\"},\"query-input\":{\"@type\":\"PropertyValueSpecification\",\"valueRequired\":true,\"valueName\":\"search_term_string\"}}],\"inLanguage\":\"es-ES\"},{\"@type\":\"Organization\",\"@id\":\"https:\\\/\\\/quaker.org\\\/es\\\/#organization\",\"name\":\"Quaker.org\",\"url\":\"https:\\\/\\\/quaker.org\\\/es\\\/\",\"logo\":{\"@type\":\"ImageObject\",\"inLanguage\":\"es-ES\",\"@id\":\"https:\\\/\\\/quaker.org\\\/es\\\/#\\\/schema\\\/logo\\\/image\\\/\",\"url\":\"https:\\\/\\\/quaker.org\\\/wp-content\\\/uploads\\\/sites\\\/3\\\/2025\\\/08\\\/QuakerOrgLogo_BW-300x54-1.png\",\"contentUrl\":\"https:\\\/\\\/quaker.org\\\/wp-content\\\/uploads\\\/sites\\\/3\\\/2025\\\/08\\\/QuakerOrgLogo_BW-300x54-1.png\",\"width\":300,\"height\":54,\"caption\":\"Quaker.org\"},\"image\":{\"@id\":\"https:\\\/\\\/quaker.org\\\/es\\\/#\\\/schema\\\/logo\\\/image\\\/\"}}]}<\/script>\n<!-- \/ Yoast SEO plugin. -->","yoast_head_json":{"title":"Comit\u00e9 Mundial de Los Amigos para la Consulta (Secci\u00f3n de las Am\u00e9ricas) - Quaker.org","robots":{"index":"index","follow":"follow","max-snippet":"max-snippet:-1","max-image-preview":"max-image-preview:large","max-video-preview":"max-video-preview:-1"},"canonical":"https:\/\/quaker.org\/es\/comite-mundial-de-los-amigos-para-la-consulta-seccion-de-las-americas\/","og_locale":"es_ES","og_type":"article","og_title":"Comit\u00e9 Mundial de Los Amigos para la Consulta (Secci\u00f3n de las Am\u00e9ricas) - Quaker.org","og_description":"fwccamericas.org Descripci\u00f3n&#8230; En febrero, Los Amigos se reunieron en cuatro encuentros regionales de representantes del CMCA y otros Amigos interesados.&hellip;","og_url":"https:\/\/quaker.org\/es\/comite-mundial-de-los-amigos-para-la-consulta-seccion-de-las-americas\/","og_site_name":"Quaker.org","article_modified_time":"2025-09-19T15:19:15+00:00","twitter_card":"summary_large_image","twitter_misc":{"Est. reading time":"1 minute"},"schema":{"@context":"https:\/\/schema.org","@graph":[{"@type":"WebPage","@id":"https:\/\/quaker.org\/es\/comite-mundial-de-los-amigos-para-la-consulta-seccion-de-las-americas\/","url":"https:\/\/quaker.org\/es\/comite-mundial-de-los-amigos-para-la-consulta-seccion-de-las-americas\/","name":"Comit\u00e9 Mundial de Los Amigos para la Consulta (Secci\u00f3n de las Am\u00e9ricas) - Quaker.org","isPartOf":{"@id":"https:\/\/quaker.org\/es\/#website"},"datePublished":"2020-05-29T20:49:20+00:00","dateModified":"2025-09-19T15:19:15+00:00","breadcrumb":{"@id":"https:\/\/quaker.org\/es\/comite-mundial-de-los-amigos-para-la-consulta-seccion-de-las-americas\/#breadcrumb"},"inLanguage":"es-ES","potentialAction":[{"@type":"ReadAction","target":["https:\/\/quaker.org\/es\/comite-mundial-de-los-amigos-para-la-consulta-seccion-de-las-americas\/"]}]},{"@type":"BreadcrumbList","@id":"https:\/\/quaker.org\/es\/comite-mundial-de-los-amigos-para-la-consulta-seccion-de-las-americas\/#breadcrumb","itemListElement":[{"@type":"ListItem","position":1,"name":"Home","item":"https:\/\/quaker.org\/es\/bienvenido-a-a-quaker-org\/"},{"@type":"ListItem","position":2,"name":"Comit\u00e9 Mundial de Los Amigos para la Consulta (Secci\u00f3n de las Am\u00e9ricas)"}]},{"@type":"WebSite","@id":"https:\/\/quaker.org\/es\/#website","url":"https:\/\/quaker.org\/es\/","name":"Quaker.org","description":"Learn about Friends","publisher":{"@id":"https:\/\/quaker.org\/es\/#organization"},"potentialAction":[{"@type":"SearchAction","target":{"@type":"EntryPoint","urlTemplate":"https:\/\/quaker.org\/es\/?s={search_term_string}"},"query-input":{"@type":"PropertyValueSpecification","valueRequired":true,"valueName":"search_term_string"}}],"inLanguage":"es-ES"},{"@type":"Organization","@id":"https:\/\/quaker.org\/es\/#organization","name":"Quaker.org","url":"https:\/\/quaker.org\/es\/","logo":{"@type":"ImageObject","inLanguage":"es-ES","@id":"https:\/\/quaker.org\/es\/#\/schema\/logo\/image\/","url":"https:\/\/quaker.org\/wp-content\/uploads\/sites\/3\/2025\/08\/QuakerOrgLogo_BW-300x54-1.png","contentUrl":"https:\/\/quaker.org\/wp-content\/uploads\/sites\/3\/2025\/08\/QuakerOrgLogo_BW-300x54-1.png","width":300,"height":54,"caption":"Quaker.org"},"image":{"@id":"https:\/\/quaker.org\/es\/#\/schema\/logo\/image\/"}}]}},"distributor_meta":false,"distributor_terms":false,"distributor_media":false,"distributor_original_site_name":"Quaker.org","distributor_original_site_url":"https:\/\/quaker.org\/es\/","push-errors":false,"acf":[],"_links":{"self":[{"href":"https:\/\/quaker.org\/es\/wp-json\/wp\/v2\/pages\/3276","targetHints":{"allow":["GET"]}}],"collection":[{"href":"https:\/\/quaker.org\/es\/wp-json\/wp\/v2\/pages"}],"about":[{"href":"https:\/\/quaker.org\/es\/wp-json\/wp\/v2\/types\/page"}],"author":[{"embeddable":true,"href":"https:\/\/quaker.org\/es\/wp-json\/wp\/v2\/users\/5129"}],"replies":[{"embeddable":true,"href":"https:\/\/quaker.org\/es\/wp-json\/wp\/v2\/comments?post=3276"}],"version-history":[{"count":1,"href":"https:\/\/quaker.org\/es\/wp-json\/wp\/v2\/pages\/3276\/revisions"}],"predecessor-version":[{"id":3277,"href":"https:\/\/quaker.org\/es\/wp-json\/wp\/v2\/pages\/3276\/revisions\/3277"}],"wp:attachment":[{"href":"https:\/\/quaker.org\/es\/wp-json\/wp\/v2\/media?parent=3276"}],"curies":[{"name":"wp","href":"https:\/\/api.w.org\/{rel}","templated":true}]}}