{"id":3274,"date":"2020-05-29T20:46:46","date_gmt":"2020-05-29T20:46:46","guid":{"rendered":"https:\/\/quaker.org\/alianza-de-servicios-de-los-amigos\/"},"modified":"2025-09-19T15:19:02","modified_gmt":"2025-09-19T15:19:02","slug":"alianza-de-servicios-de-los-amigos","status":"publish","type":"page","link":"https:\/\/quaker.org\/es\/alianza-de-servicios-de-los-amigos\/","title":{"rendered":"Alianza de servicios de Los Amigos"},"content":{"rendered":"\n<h3 class=\"wp-block-heading\"><a href=\"https:\/\/fsainfo.org\">  fsainfo.org<\/a><\/h3>\n\n<p>Friends Services Alliance es una asociaci\u00f3n profesional nacional de organizaciones alineadas con valores que atienden a personas mayores. Trabajan en diferentes centros de atenci\u00f3n y comunidades de &#8220;plan de vida&#8221;, apoyando al personal, las juntas directivas y otras personas que trabajan en grupos de atenci\u00f3n domiciliaria, &#8220;proporcionando un espectro de servicios profesionales espec\u00edficamente dise\u00f1ados para [esta] industria&#8221;. Obtenga m\u00e1s informaci\u00f3n sobre <a href=\"https:\/\/fsainfo.org\">Friend Services Alliance aqu\u00ed<\/a>.  <\/p>\n\n<hr class=\"wp-block-separator\" \/>\n\n<p>  A principios de este a\u00f1o, Friends Services Alliance (FSA) introdujo FSA Learning Labs. Estas oportunidades educativas abordar\u00e1n varios temas en la atenci\u00f3n a personas mayores basada en valores, como &#8220;entrevistas de permanencia&#8221; para reducir la rotaci\u00f3n de empleados, leyes laborales y gesti\u00f3n de conflictos. Se pueden asistir de forma virtual o presencial.  <\/p>\n\n<p>En febrero, la octava cohorte del FSA Leadership Institute complet\u00f3 sus clases. Creado para l\u00edderes actuales, emergentes y nuevos, el instituto es una oportunidad de aprendizaje experiencial que profundiza la comprensi\u00f3n del liderazgo en una organizaci\u00f3n afiliada a los cu\u00e1queros. La experiencia est\u00e1 dise\u00f1ada para dar a los l\u00edderes formas de pensar y practicar que sean congruentes con las filosof\u00edas cu\u00e1queras.  <\/p>\n\n<p>Se est\u00e1 planificando la reuni\u00f3n anual de primavera de FSA, que se centrar\u00e1 en la cultura organizacional y la creaci\u00f3n de un entorno diverso e inclusivo. Los ponentes incluyen a la experta en cultura empresarial Erica Javellana, quien hablar\u00e1 sobre la celebrada cultura en Zappos.com, y la autora y emprendedora social Due Quach, quien ofrecer\u00e1 herramientas y t\u00e1cticas para superar los sesgos inconscientes. <\/p>\n","protected":false},"excerpt":{"rendered":"<p>fsainfo.org Friends Services Alliance es una asociaci\u00f3n profesional nacional de organizaciones alineadas con valores que atienden a personas mayores. Trabajan&hellip;<\/p>\n","protected":false},"author":5129,"featured_media":0,"parent":0,"menu_order":0,"comment_status":"closed","ping_status":"closed","template":"","meta":{"_acf_changed":false,"hero_banner_post_id":0,"footnotes":""},"class_list":["post-3274","page","type-page","status-publish","hentry"],"yoast_head":"<!-- This site is optimized with the Yoast SEO plugin v27.5 - https:\/\/yoast.com\/product\/yoast-seo-wordpress\/ -->\n<title>Alianza de servicios de Los Amigos - Quaker.org<\/title>\n<meta name=\"robots\" content=\"index, follow, max-snippet:-1, max-image-preview:large, max-video-preview:-1\" \/>\n<link rel=\"canonical\" href=\"https:\/\/quaker.org\/es\/alianza-de-servicios-de-los-amigos\/\" \/>\n<meta property=\"og:locale\" content=\"es_ES\" \/>\n<meta property=\"og:type\" content=\"article\" \/>\n<meta property=\"og:title\" content=\"Alianza de servicios de Los Amigos - Quaker.org\" \/>\n<meta property=\"og:description\" content=\"fsainfo.org Friends Services Alliance es una asociaci\u00f3n profesional nacional de organizaciones alineadas con valores que atienden a personas mayores. Trabajan&hellip;\" \/>\n<meta property=\"og:url\" content=\"https:\/\/quaker.org\/es\/alianza-de-servicios-de-los-amigos\/\" \/>\n<meta property=\"og:site_name\" content=\"Quaker.org\" \/>\n<meta property=\"article:modified_time\" content=\"2025-09-19T15:19:02+00:00\" \/>\n<meta name=\"twitter:card\" content=\"summary_large_image\" \/>\n<meta name=\"twitter:label1\" content=\"Est. reading time\" \/>\n\t<meta name=\"twitter:data1\" content=\"1 minute\" \/>\n<script type=\"application\/ld+json\" class=\"yoast-schema-graph\">{\"@context\":\"https:\\\/\\\/schema.org\",\"@graph\":[{\"@type\":\"WebPage\",\"@id\":\"https:\\\/\\\/quaker.org\\\/es\\\/alianza-de-servicios-de-los-amigos\\\/\",\"url\":\"https:\\\/\\\/quaker.org\\\/es\\\/alianza-de-servicios-de-los-amigos\\\/\",\"name\":\"Alianza de servicios de Los Amigos - Quaker.org\",\"isPartOf\":{\"@id\":\"https:\\\/\\\/quaker.org\\\/es\\\/#website\"},\"datePublished\":\"2020-05-29T20:46:46+00:00\",\"dateModified\":\"2025-09-19T15:19:02+00:00\",\"breadcrumb\":{\"@id\":\"https:\\\/\\\/quaker.org\\\/es\\\/alianza-de-servicios-de-los-amigos\\\/#breadcrumb\"},\"inLanguage\":\"es-ES\",\"potentialAction\":[{\"@type\":\"ReadAction\",\"target\":[\"https:\\\/\\\/quaker.org\\\/es\\\/alianza-de-servicios-de-los-amigos\\\/\"]}]},{\"@type\":\"BreadcrumbList\",\"@id\":\"https:\\\/\\\/quaker.org\\\/es\\\/alianza-de-servicios-de-los-amigos\\\/#breadcrumb\",\"itemListElement\":[{\"@type\":\"ListItem\",\"position\":1,\"name\":\"Home\",\"item\":\"https:\\\/\\\/quaker.org\\\/es\\\/bienvenido-a-a-quaker-org\\\/\"},{\"@type\":\"ListItem\",\"position\":2,\"name\":\"Alianza de servicios de Los Amigos\"}]},{\"@type\":\"WebSite\",\"@id\":\"https:\\\/\\\/quaker.org\\\/es\\\/#website\",\"url\":\"https:\\\/\\\/quaker.org\\\/es\\\/\",\"name\":\"Quaker.org\",\"description\":\"Learn about Friends\",\"publisher\":{\"@id\":\"https:\\\/\\\/quaker.org\\\/es\\\/#organization\"},\"potentialAction\":[{\"@type\":\"SearchAction\",\"target\":{\"@type\":\"EntryPoint\",\"urlTemplate\":\"https:\\\/\\\/quaker.org\\\/es\\\/?s={search_term_string}\"},\"query-input\":{\"@type\":\"PropertyValueSpecification\",\"valueRequired\":true,\"valueName\":\"search_term_string\"}}],\"inLanguage\":\"es-ES\"},{\"@type\":\"Organization\",\"@id\":\"https:\\\/\\\/quaker.org\\\/es\\\/#organization\",\"name\":\"Quaker.org\",\"url\":\"https:\\\/\\\/quaker.org\\\/es\\\/\",\"logo\":{\"@type\":\"ImageObject\",\"inLanguage\":\"es-ES\",\"@id\":\"https:\\\/\\\/quaker.org\\\/es\\\/#\\\/schema\\\/logo\\\/image\\\/\",\"url\":\"https:\\\/\\\/quaker.org\\\/wp-content\\\/uploads\\\/sites\\\/3\\\/2025\\\/08\\\/QuakerOrgLogo_BW-300x54-1.png\",\"contentUrl\":\"https:\\\/\\\/quaker.org\\\/wp-content\\\/uploads\\\/sites\\\/3\\\/2025\\\/08\\\/QuakerOrgLogo_BW-300x54-1.png\",\"width\":300,\"height\":54,\"caption\":\"Quaker.org\"},\"image\":{\"@id\":\"https:\\\/\\\/quaker.org\\\/es\\\/#\\\/schema\\\/logo\\\/image\\\/\"}}]}<\/script>\n<!-- \/ Yoast SEO plugin. -->","yoast_head_json":{"title":"Alianza de servicios de Los Amigos - Quaker.org","robots":{"index":"index","follow":"follow","max-snippet":"max-snippet:-1","max-image-preview":"max-image-preview:large","max-video-preview":"max-video-preview:-1"},"canonical":"https:\/\/quaker.org\/es\/alianza-de-servicios-de-los-amigos\/","og_locale":"es_ES","og_type":"article","og_title":"Alianza de servicios de Los Amigos - Quaker.org","og_description":"fsainfo.org Friends Services Alliance es una asociaci\u00f3n profesional nacional de organizaciones alineadas con valores que atienden a personas mayores. Trabajan&hellip;","og_url":"https:\/\/quaker.org\/es\/alianza-de-servicios-de-los-amigos\/","og_site_name":"Quaker.org","article_modified_time":"2025-09-19T15:19:02+00:00","twitter_card":"summary_large_image","twitter_misc":{"Est. reading time":"1 minute"},"schema":{"@context":"https:\/\/schema.org","@graph":[{"@type":"WebPage","@id":"https:\/\/quaker.org\/es\/alianza-de-servicios-de-los-amigos\/","url":"https:\/\/quaker.org\/es\/alianza-de-servicios-de-los-amigos\/","name":"Alianza de servicios de Los Amigos - Quaker.org","isPartOf":{"@id":"https:\/\/quaker.org\/es\/#website"},"datePublished":"2020-05-29T20:46:46+00:00","dateModified":"2025-09-19T15:19:02+00:00","breadcrumb":{"@id":"https:\/\/quaker.org\/es\/alianza-de-servicios-de-los-amigos\/#breadcrumb"},"inLanguage":"es-ES","potentialAction":[{"@type":"ReadAction","target":["https:\/\/quaker.org\/es\/alianza-de-servicios-de-los-amigos\/"]}]},{"@type":"BreadcrumbList","@id":"https:\/\/quaker.org\/es\/alianza-de-servicios-de-los-amigos\/#breadcrumb","itemListElement":[{"@type":"ListItem","position":1,"name":"Home","item":"https:\/\/quaker.org\/es\/bienvenido-a-a-quaker-org\/"},{"@type":"ListItem","position":2,"name":"Alianza de servicios de Los Amigos"}]},{"@type":"WebSite","@id":"https:\/\/quaker.org\/es\/#website","url":"https:\/\/quaker.org\/es\/","name":"Quaker.org","description":"Learn about Friends","publisher":{"@id":"https:\/\/quaker.org\/es\/#organization"},"potentialAction":[{"@type":"SearchAction","target":{"@type":"EntryPoint","urlTemplate":"https:\/\/quaker.org\/es\/?s={search_term_string}"},"query-input":{"@type":"PropertyValueSpecification","valueRequired":true,"valueName":"search_term_string"}}],"inLanguage":"es-ES"},{"@type":"Organization","@id":"https:\/\/quaker.org\/es\/#organization","name":"Quaker.org","url":"https:\/\/quaker.org\/es\/","logo":{"@type":"ImageObject","inLanguage":"es-ES","@id":"https:\/\/quaker.org\/es\/#\/schema\/logo\/image\/","url":"https:\/\/quaker.org\/wp-content\/uploads\/sites\/3\/2025\/08\/QuakerOrgLogo_BW-300x54-1.png","contentUrl":"https:\/\/quaker.org\/wp-content\/uploads\/sites\/3\/2025\/08\/QuakerOrgLogo_BW-300x54-1.png","width":300,"height":54,"caption":"Quaker.org"},"image":{"@id":"https:\/\/quaker.org\/es\/#\/schema\/logo\/image\/"}}]}},"distributor_meta":false,"distributor_terms":false,"distributor_media":false,"distributor_original_site_name":"Quaker.org","distributor_original_site_url":"https:\/\/quaker.org\/es\/","push-errors":false,"acf":[],"_links":{"self":[{"href":"https:\/\/quaker.org\/es\/wp-json\/wp\/v2\/pages\/3274","targetHints":{"allow":["GET"]}}],"collection":[{"href":"https:\/\/quaker.org\/es\/wp-json\/wp\/v2\/pages"}],"about":[{"href":"https:\/\/quaker.org\/es\/wp-json\/wp\/v2\/types\/page"}],"author":[{"embeddable":true,"href":"https:\/\/quaker.org\/es\/wp-json\/wp\/v2\/users\/5129"}],"replies":[{"embeddable":true,"href":"https:\/\/quaker.org\/es\/wp-json\/wp\/v2\/comments?post=3274"}],"version-history":[{"count":1,"href":"https:\/\/quaker.org\/es\/wp-json\/wp\/v2\/pages\/3274\/revisions"}],"predecessor-version":[{"id":3275,"href":"https:\/\/quaker.org\/es\/wp-json\/wp\/v2\/pages\/3274\/revisions\/3275"}],"wp:attachment":[{"href":"https:\/\/quaker.org\/es\/wp-json\/wp\/v2\/media?parent=3274"}],"curies":[{"name":"wp","href":"https:\/\/api.w.org\/{rel}","templated":true}]}}