{"id":3272,"date":"2020-05-29T20:33:43","date_gmt":"2020-05-29T20:33:43","guid":{"rendered":"https:\/\/quaker.org\/oficina-cuaquera-ante-las-naciones-unidas\/"},"modified":"2025-09-19T15:18:55","modified_gmt":"2025-09-19T15:18:55","slug":"oficina-cuaquera-ante-las-naciones-unidas","status":"publish","type":"page","link":"https:\/\/quaker.org\/es\/oficina-cuaquera-ante-las-naciones-unidas\/","title":{"rendered":"Oficina Cu\u00e1quera ante las Naciones Unidas"},"content":{"rendered":"\n<h3 class=\"wp-block-heading\"><a href=\"https:\/\/quno.org\/\"><em><strong>quno.org<\/strong><\/em><\/a><\/h3>\n\n<p>Con oficinas en Nueva York, Estados Unidos, y Ginebra, Suiza, QUNO trabaja con &#8220;la ONU, organizaciones multilaterales, delegaciones gubernamentales y organizaciones no gubernamentales para lograr cambios en las normas y pr\u00e1cticas internacionales&#8221;. Su trabajo es conocido por desafiar pol\u00edticas injustas, la guerra, la degradaci\u00f3n ambiental y m\u00e1s. QUNO est\u00e1 comprometida con los testimonios cu\u00e1queros y &#8220;busca qu\u00e9 semillas de guerra puede haber en todas nuestras relaciones sociales, pol\u00edticas y econ\u00f3micas&#8221;. Haga clic aqu\u00ed para obtener m\u00e1s informaci\u00f3n sobre la <a href=\"https:\/\/quno.org\/\">Oficina Cu\u00e1quera de las Naciones Unidas<\/a>.   <\/p>\n\n<hr class=\"wp-block-separator\" \/>\n\n<p>Las organizaciones de la sociedad civil (OSC) son fundamentales para construir sociedades pac\u00edficas, justas e inclusivas, sirviendo a menudo como los principales constructores de paz en tiempos de conflicto y fragilidad. El informe del Secretario General sobre la consolidaci\u00f3n de la paz y el mantenimiento de la paz pidi\u00f3 a la ONU que creara directrices de participaci\u00f3n comunitaria (DPC) para todo el sistema con el fin de fortalecer las alianzas entre la ONU y la sociedad civil. Un Grupo de Trabajo conjunto ONU-Sociedad Civil, del cual QUNO es uno de solo tres miembros de OSC, ha pasado el \u00faltimo a\u00f1o liderando un proceso innovador para cumplir con esta recomendaci\u00f3n.  <\/p>\n\n<p>Como miembro del grupo de trabajo conjunto, QUNO ha desempe\u00f1ado un papel vital junto a los socios de la ONU para redactar y producir las DPC y asegurar que la sociedad civil sea escuchada e incluida en el proceso. Para apoyar un enfoque inclusivo, el grupo de trabajo conjunto consult\u00f3 con la sociedad civil en dos ejercicios: (1) una encuesta en l\u00ednea para aprender m\u00e1s de las experiencias de los constructores de paz y escuchar sus recomendaciones sobre c\u00f3mo mejorar las alianzas ONU-OSC, y (2) una consulta en l\u00ednea (en colaboraci\u00f3n con Peace Direct) que proporcion\u00f3 una plataforma para probar mensajes emergentes y examinar m\u00e1s de cerca temas clave de consolidaci\u00f3n de la paz. A trav\u00e9s de estos procesos, el grupo de trabajo conjunto escuch\u00f3 a m\u00e1s de 700 constructores de paz a nivel mundial cuyas aportaciones informaron y dieron forma directamente a las DPC.  <\/p>\n\n<p>QUNO tendr\u00e1 un papel en la implementaci\u00f3n de nuevas pr\u00e1cticas una vez que las DPC se publiquen a principios de 2020.<\/p>\n","protected":false},"excerpt":{"rendered":"<p>quno.org Con oficinas en Nueva York, Estados Unidos, y Ginebra, Suiza, QUNO trabaja con &#8220;la ONU, organizaciones multilaterales, delegaciones gubernamentales&hellip;<\/p>\n","protected":false},"author":5129,"featured_media":0,"parent":0,"menu_order":0,"comment_status":"closed","ping_status":"closed","template":"","meta":{"_acf_changed":false,"hero_banner_post_id":0,"footnotes":""},"class_list":["post-3272","page","type-page","status-publish","hentry"],"yoast_head":"<!-- This site is optimized with the Yoast SEO plugin v27.5 - https:\/\/yoast.com\/product\/yoast-seo-wordpress\/ -->\n<title>Oficina Cu\u00e1quera ante las Naciones Unidas - Quaker.org<\/title>\n<meta name=\"robots\" content=\"index, follow, max-snippet:-1, max-image-preview:large, max-video-preview:-1\" \/>\n<link rel=\"canonical\" href=\"https:\/\/quaker.org\/es\/oficina-cuaquera-ante-las-naciones-unidas\/\" \/>\n<meta property=\"og:locale\" content=\"es_ES\" \/>\n<meta property=\"og:type\" content=\"article\" \/>\n<meta property=\"og:title\" content=\"Oficina Cu\u00e1quera ante las Naciones Unidas - Quaker.org\" \/>\n<meta property=\"og:description\" content=\"quno.org Con oficinas en Nueva York, Estados Unidos, y Ginebra, Suiza, QUNO trabaja con &#8220;la ONU, organizaciones multilaterales, delegaciones gubernamentales&hellip;\" \/>\n<meta property=\"og:url\" content=\"https:\/\/quaker.org\/es\/oficina-cuaquera-ante-las-naciones-unidas\/\" \/>\n<meta property=\"og:site_name\" content=\"Quaker.org\" \/>\n<meta property=\"article:modified_time\" content=\"2025-09-19T15:18:55+00:00\" \/>\n<meta name=\"twitter:card\" content=\"summary_large_image\" \/>\n<meta name=\"twitter:label1\" content=\"Est. reading time\" \/>\n\t<meta name=\"twitter:data1\" content=\"2 minutes\" \/>\n<script type=\"application\/ld+json\" class=\"yoast-schema-graph\">{\"@context\":\"https:\\\/\\\/schema.org\",\"@graph\":[{\"@type\":\"WebPage\",\"@id\":\"https:\\\/\\\/quaker.org\\\/es\\\/oficina-cuaquera-ante-las-naciones-unidas\\\/\",\"url\":\"https:\\\/\\\/quaker.org\\\/es\\\/oficina-cuaquera-ante-las-naciones-unidas\\\/\",\"name\":\"Oficina Cu\u00e1quera ante las Naciones Unidas - Quaker.org\",\"isPartOf\":{\"@id\":\"https:\\\/\\\/quaker.org\\\/es\\\/#website\"},\"datePublished\":\"2020-05-29T20:33:43+00:00\",\"dateModified\":\"2025-09-19T15:18:55+00:00\",\"breadcrumb\":{\"@id\":\"https:\\\/\\\/quaker.org\\\/es\\\/oficina-cuaquera-ante-las-naciones-unidas\\\/#breadcrumb\"},\"inLanguage\":\"es-ES\",\"potentialAction\":[{\"@type\":\"ReadAction\",\"target\":[\"https:\\\/\\\/quaker.org\\\/es\\\/oficina-cuaquera-ante-las-naciones-unidas\\\/\"]}]},{\"@type\":\"BreadcrumbList\",\"@id\":\"https:\\\/\\\/quaker.org\\\/es\\\/oficina-cuaquera-ante-las-naciones-unidas\\\/#breadcrumb\",\"itemListElement\":[{\"@type\":\"ListItem\",\"position\":1,\"name\":\"Home\",\"item\":\"https:\\\/\\\/quaker.org\\\/es\\\/bienvenido-a-a-quaker-org\\\/\"},{\"@type\":\"ListItem\",\"position\":2,\"name\":\"Oficina Cu\u00e1quera ante las Naciones Unidas\"}]},{\"@type\":\"WebSite\",\"@id\":\"https:\\\/\\\/quaker.org\\\/es\\\/#website\",\"url\":\"https:\\\/\\\/quaker.org\\\/es\\\/\",\"name\":\"Quaker.org\",\"description\":\"Learn about Friends\",\"publisher\":{\"@id\":\"https:\\\/\\\/quaker.org\\\/es\\\/#organization\"},\"potentialAction\":[{\"@type\":\"SearchAction\",\"target\":{\"@type\":\"EntryPoint\",\"urlTemplate\":\"https:\\\/\\\/quaker.org\\\/es\\\/?s={search_term_string}\"},\"query-input\":{\"@type\":\"PropertyValueSpecification\",\"valueRequired\":true,\"valueName\":\"search_term_string\"}}],\"inLanguage\":\"es-ES\"},{\"@type\":\"Organization\",\"@id\":\"https:\\\/\\\/quaker.org\\\/es\\\/#organization\",\"name\":\"Quaker.org\",\"url\":\"https:\\\/\\\/quaker.org\\\/es\\\/\",\"logo\":{\"@type\":\"ImageObject\",\"inLanguage\":\"es-ES\",\"@id\":\"https:\\\/\\\/quaker.org\\\/es\\\/#\\\/schema\\\/logo\\\/image\\\/\",\"url\":\"https:\\\/\\\/quaker.org\\\/wp-content\\\/uploads\\\/sites\\\/3\\\/2025\\\/08\\\/QuakerOrgLogo_BW-300x54-1.png\",\"contentUrl\":\"https:\\\/\\\/quaker.org\\\/wp-content\\\/uploads\\\/sites\\\/3\\\/2025\\\/08\\\/QuakerOrgLogo_BW-300x54-1.png\",\"width\":300,\"height\":54,\"caption\":\"Quaker.org\"},\"image\":{\"@id\":\"https:\\\/\\\/quaker.org\\\/es\\\/#\\\/schema\\\/logo\\\/image\\\/\"}}]}<\/script>\n<!-- \/ Yoast SEO plugin. -->","yoast_head_json":{"title":"Oficina Cu\u00e1quera ante las Naciones Unidas - Quaker.org","robots":{"index":"index","follow":"follow","max-snippet":"max-snippet:-1","max-image-preview":"max-image-preview:large","max-video-preview":"max-video-preview:-1"},"canonical":"https:\/\/quaker.org\/es\/oficina-cuaquera-ante-las-naciones-unidas\/","og_locale":"es_ES","og_type":"article","og_title":"Oficina Cu\u00e1quera ante las Naciones Unidas - Quaker.org","og_description":"quno.org Con oficinas en Nueva York, Estados Unidos, y Ginebra, Suiza, QUNO trabaja con &#8220;la ONU, organizaciones multilaterales, delegaciones gubernamentales&hellip;","og_url":"https:\/\/quaker.org\/es\/oficina-cuaquera-ante-las-naciones-unidas\/","og_site_name":"Quaker.org","article_modified_time":"2025-09-19T15:18:55+00:00","twitter_card":"summary_large_image","twitter_misc":{"Est. reading time":"2 minutes"},"schema":{"@context":"https:\/\/schema.org","@graph":[{"@type":"WebPage","@id":"https:\/\/quaker.org\/es\/oficina-cuaquera-ante-las-naciones-unidas\/","url":"https:\/\/quaker.org\/es\/oficina-cuaquera-ante-las-naciones-unidas\/","name":"Oficina Cu\u00e1quera ante las Naciones Unidas - Quaker.org","isPartOf":{"@id":"https:\/\/quaker.org\/es\/#website"},"datePublished":"2020-05-29T20:33:43+00:00","dateModified":"2025-09-19T15:18:55+00:00","breadcrumb":{"@id":"https:\/\/quaker.org\/es\/oficina-cuaquera-ante-las-naciones-unidas\/#breadcrumb"},"inLanguage":"es-ES","potentialAction":[{"@type":"ReadAction","target":["https:\/\/quaker.org\/es\/oficina-cuaquera-ante-las-naciones-unidas\/"]}]},{"@type":"BreadcrumbList","@id":"https:\/\/quaker.org\/es\/oficina-cuaquera-ante-las-naciones-unidas\/#breadcrumb","itemListElement":[{"@type":"ListItem","position":1,"name":"Home","item":"https:\/\/quaker.org\/es\/bienvenido-a-a-quaker-org\/"},{"@type":"ListItem","position":2,"name":"Oficina Cu\u00e1quera ante las Naciones Unidas"}]},{"@type":"WebSite","@id":"https:\/\/quaker.org\/es\/#website","url":"https:\/\/quaker.org\/es\/","name":"Quaker.org","description":"Learn about Friends","publisher":{"@id":"https:\/\/quaker.org\/es\/#organization"},"potentialAction":[{"@type":"SearchAction","target":{"@type":"EntryPoint","urlTemplate":"https:\/\/quaker.org\/es\/?s={search_term_string}"},"query-input":{"@type":"PropertyValueSpecification","valueRequired":true,"valueName":"search_term_string"}}],"inLanguage":"es-ES"},{"@type":"Organization","@id":"https:\/\/quaker.org\/es\/#organization","name":"Quaker.org","url":"https:\/\/quaker.org\/es\/","logo":{"@type":"ImageObject","inLanguage":"es-ES","@id":"https:\/\/quaker.org\/es\/#\/schema\/logo\/image\/","url":"https:\/\/quaker.org\/wp-content\/uploads\/sites\/3\/2025\/08\/QuakerOrgLogo_BW-300x54-1.png","contentUrl":"https:\/\/quaker.org\/wp-content\/uploads\/sites\/3\/2025\/08\/QuakerOrgLogo_BW-300x54-1.png","width":300,"height":54,"caption":"Quaker.org"},"image":{"@id":"https:\/\/quaker.org\/es\/#\/schema\/logo\/image\/"}}]}},"distributor_meta":false,"distributor_terms":false,"distributor_media":false,"distributor_original_site_name":"Quaker.org","distributor_original_site_url":"https:\/\/quaker.org\/es\/","push-errors":false,"acf":[],"_links":{"self":[{"href":"https:\/\/quaker.org\/es\/wp-json\/wp\/v2\/pages\/3272","targetHints":{"allow":["GET"]}}],"collection":[{"href":"https:\/\/quaker.org\/es\/wp-json\/wp\/v2\/pages"}],"about":[{"href":"https:\/\/quaker.org\/es\/wp-json\/wp\/v2\/types\/page"}],"author":[{"embeddable":true,"href":"https:\/\/quaker.org\/es\/wp-json\/wp\/v2\/users\/5129"}],"replies":[{"embeddable":true,"href":"https:\/\/quaker.org\/es\/wp-json\/wp\/v2\/comments?post=3272"}],"version-history":[{"count":1,"href":"https:\/\/quaker.org\/es\/wp-json\/wp\/v2\/pages\/3272\/revisions"}],"predecessor-version":[{"id":3273,"href":"https:\/\/quaker.org\/es\/wp-json\/wp\/v2\/pages\/3272\/revisions\/3273"}],"wp:attachment":[{"href":"https:\/\/quaker.org\/es\/wp-json\/wp\/v2\/media?parent=3272"}],"curies":[{"name":"wp","href":"https:\/\/api.w.org\/{rel}","templated":true}]}}