{"id":3270,"date":"2020-05-29T21:15:31","date_gmt":"2020-05-29T21:15:31","guid":{"rendered":"https:\/\/quaker.org\/asociacion-de-tratados-de-los-amigos\/"},"modified":"2025-09-19T15:18:51","modified_gmt":"2025-09-19T15:18:51","slug":"asociacion-de-tratados-de-los-amigos","status":"publish","type":"page","link":"https:\/\/quaker.org\/es\/asociacion-de-tratados-de-los-amigos\/","title":{"rendered":"Asociaci\u00f3n de tratados de los Amigos"},"content":{"rendered":"\n<h3 class=\"wp-block-heading\"><a href=\"https:\/\/tractassociation.org\/\"><em><strong>tractassociation.org<\/strong><\/em><\/a><\/h3>\n\n<p>La Asociaci\u00f3n de Folletos de los Amigos es una editorial conocida por su &#8220;Calendario Amistoso&#8221; anual y otro <a href=\"https:\/\/tractassociation.org\/print-material\/\">material impreso<\/a> que incluye folletos, libros y cuadernillos. Tambi\u00e9n tienen una gran cantidad de material digital que el lector puede encontrar \u00fatil para explorar la <a href=\"https:\/\/tractassociation.org\/digital-material\/faith-and-practice\/\">fe y pr\u00e1ctica cu\u00e1quera<\/a>, el <a href=\"https:\/\/tractassociation.org\/digital-material\/meeting-for-worship\/five-tests-for-discerning-a-true-leading\/\">discernimiento<\/a>, la <a href=\"https:\/\/tractassociation.org\/digital-material\/history\/\">historia<\/a> y m\u00e1s. Conozca m\u00e1s sobre la <a href=\"https:\/\/tractassociation.org\">Asociaci\u00f3n de Folletos<\/a> aqu\u00ed.  <\/p>\n\n<hr class=\"wp-block-separator\" \/>\n\n<p>La Asociaci\u00f3n de Folletos de los Amigos mantiene un sentido de unidad en la preocupaci\u00f3n por la distribuci\u00f3n de literatura cu\u00e1quera y por explicar la base espiritual de los testimonios de los Amigos.<\/p>\n\n<p>La Asociaci\u00f3n de Folletos lamenta el fallecimiento de la secretaria y Amiga Marjorie Ewbank, quien muri\u00f3 en el Quinto Mes de 2019, a la edad de 104 a\u00f1os. La asociaci\u00f3n est\u00e1 agradecida por su trabajo y dedicaci\u00f3n. <\/p>\n\n<p>Los calendarios de pared y de bolsillo 2020 de la Asociaci\u00f3n de Folletos est\u00e1n disponibles, y un sitio web redise\u00f1ado se puso en funcionamiento en febrero.<\/p>\n","protected":false},"excerpt":{"rendered":"<p>tractassociation.org La Asociaci\u00f3n de Folletos de los Amigos es una editorial conocida por su &#8220;Calendario Amistoso&#8221; anual y otro material&hellip;<\/p>\n","protected":false},"author":5129,"featured_media":0,"parent":0,"menu_order":0,"comment_status":"closed","ping_status":"closed","template":"","meta":{"_acf_changed":false,"hero_banner_post_id":0,"footnotes":""},"class_list":["post-3270","page","type-page","status-publish","hentry"],"yoast_head":"<!-- This site is optimized with the Yoast SEO plugin v27.3 - https:\/\/yoast.com\/product\/yoast-seo-wordpress\/ -->\n<title>Asociaci\u00f3n de tratados de los Amigos - Quaker.org<\/title>\n<meta name=\"robots\" content=\"index, follow, max-snippet:-1, max-image-preview:large, max-video-preview:-1\" \/>\n<link rel=\"canonical\" href=\"https:\/\/quaker.org\/es\/asociacion-de-tratados-de-los-amigos\/\" \/>\n<meta property=\"og:locale\" content=\"es_ES\" \/>\n<meta property=\"og:type\" content=\"article\" \/>\n<meta property=\"og:title\" content=\"Asociaci\u00f3n de tratados de los Amigos - Quaker.org\" \/>\n<meta property=\"og:description\" content=\"tractassociation.org La Asociaci\u00f3n de Folletos de los Amigos es una editorial conocida por su &#8220;Calendario Amistoso&#8221; anual y otro material&hellip;\" \/>\n<meta property=\"og:url\" content=\"https:\/\/quaker.org\/es\/asociacion-de-tratados-de-los-amigos\/\" \/>\n<meta property=\"og:site_name\" content=\"Quaker.org\" \/>\n<meta property=\"article:modified_time\" content=\"2025-09-19T15:18:51+00:00\" \/>\n<meta name=\"twitter:card\" content=\"summary_large_image\" \/>\n<meta name=\"twitter:label1\" content=\"Est. reading time\" \/>\n\t<meta name=\"twitter:data1\" content=\"1 minute\" \/>\n<script type=\"application\/ld+json\" class=\"yoast-schema-graph\">{\"@context\":\"https:\\\/\\\/schema.org\",\"@graph\":[{\"@type\":\"WebPage\",\"@id\":\"https:\\\/\\\/quaker.org\\\/es\\\/asociacion-de-tratados-de-los-amigos\\\/\",\"url\":\"https:\\\/\\\/quaker.org\\\/es\\\/asociacion-de-tratados-de-los-amigos\\\/\",\"name\":\"Asociaci\u00f3n de tratados de los Amigos - Quaker.org\",\"isPartOf\":{\"@id\":\"https:\\\/\\\/quaker.org\\\/es\\\/#website\"},\"datePublished\":\"2020-05-29T21:15:31+00:00\",\"dateModified\":\"2025-09-19T15:18:51+00:00\",\"breadcrumb\":{\"@id\":\"https:\\\/\\\/quaker.org\\\/es\\\/asociacion-de-tratados-de-los-amigos\\\/#breadcrumb\"},\"inLanguage\":\"es-ES\",\"potentialAction\":[{\"@type\":\"ReadAction\",\"target\":[\"https:\\\/\\\/quaker.org\\\/es\\\/asociacion-de-tratados-de-los-amigos\\\/\"]}]},{\"@type\":\"BreadcrumbList\",\"@id\":\"https:\\\/\\\/quaker.org\\\/es\\\/asociacion-de-tratados-de-los-amigos\\\/#breadcrumb\",\"itemListElement\":[{\"@type\":\"ListItem\",\"position\":1,\"name\":\"Home\",\"item\":\"https:\\\/\\\/quaker.org\\\/es\\\/bienvenido-a-a-quaker-org\\\/\"},{\"@type\":\"ListItem\",\"position\":2,\"name\":\"Asociaci\u00f3n de tratados de los Amigos\"}]},{\"@type\":\"WebSite\",\"@id\":\"https:\\\/\\\/quaker.org\\\/es\\\/#website\",\"url\":\"https:\\\/\\\/quaker.org\\\/es\\\/\",\"name\":\"Quaker.org\",\"description\":\"Learn about Friends\",\"publisher\":{\"@id\":\"https:\\\/\\\/quaker.org\\\/es\\\/#organization\"},\"potentialAction\":[{\"@type\":\"SearchAction\",\"target\":{\"@type\":\"EntryPoint\",\"urlTemplate\":\"https:\\\/\\\/quaker.org\\\/es\\\/?s={search_term_string}\"},\"query-input\":{\"@type\":\"PropertyValueSpecification\",\"valueRequired\":true,\"valueName\":\"search_term_string\"}}],\"inLanguage\":\"es-ES\"},{\"@type\":\"Organization\",\"@id\":\"https:\\\/\\\/quaker.org\\\/es\\\/#organization\",\"name\":\"Quaker.org\",\"url\":\"https:\\\/\\\/quaker.org\\\/es\\\/\",\"logo\":{\"@type\":\"ImageObject\",\"inLanguage\":\"es-ES\",\"@id\":\"https:\\\/\\\/quaker.org\\\/es\\\/#\\\/schema\\\/logo\\\/image\\\/\",\"url\":\"https:\\\/\\\/quaker.org\\\/wp-content\\\/uploads\\\/sites\\\/3\\\/2025\\\/08\\\/QuakerOrgLogo_BW-300x54-1.png\",\"contentUrl\":\"https:\\\/\\\/quaker.org\\\/wp-content\\\/uploads\\\/sites\\\/3\\\/2025\\\/08\\\/QuakerOrgLogo_BW-300x54-1.png\",\"width\":300,\"height\":54,\"caption\":\"Quaker.org\"},\"image\":{\"@id\":\"https:\\\/\\\/quaker.org\\\/es\\\/#\\\/schema\\\/logo\\\/image\\\/\"}}]}<\/script>\n<!-- \/ Yoast SEO plugin. -->","yoast_head_json":{"title":"Asociaci\u00f3n de tratados de los Amigos - Quaker.org","robots":{"index":"index","follow":"follow","max-snippet":"max-snippet:-1","max-image-preview":"max-image-preview:large","max-video-preview":"max-video-preview:-1"},"canonical":"https:\/\/quaker.org\/es\/asociacion-de-tratados-de-los-amigos\/","og_locale":"es_ES","og_type":"article","og_title":"Asociaci\u00f3n de tratados de los Amigos - Quaker.org","og_description":"tractassociation.org La Asociaci\u00f3n de Folletos de los Amigos es una editorial conocida por su &#8220;Calendario Amistoso&#8221; anual y otro material&hellip;","og_url":"https:\/\/quaker.org\/es\/asociacion-de-tratados-de-los-amigos\/","og_site_name":"Quaker.org","article_modified_time":"2025-09-19T15:18:51+00:00","twitter_card":"summary_large_image","twitter_misc":{"Est. reading time":"1 minute"},"schema":{"@context":"https:\/\/schema.org","@graph":[{"@type":"WebPage","@id":"https:\/\/quaker.org\/es\/asociacion-de-tratados-de-los-amigos\/","url":"https:\/\/quaker.org\/es\/asociacion-de-tratados-de-los-amigos\/","name":"Asociaci\u00f3n de tratados de los Amigos - Quaker.org","isPartOf":{"@id":"https:\/\/quaker.org\/es\/#website"},"datePublished":"2020-05-29T21:15:31+00:00","dateModified":"2025-09-19T15:18:51+00:00","breadcrumb":{"@id":"https:\/\/quaker.org\/es\/asociacion-de-tratados-de-los-amigos\/#breadcrumb"},"inLanguage":"es-ES","potentialAction":[{"@type":"ReadAction","target":["https:\/\/quaker.org\/es\/asociacion-de-tratados-de-los-amigos\/"]}]},{"@type":"BreadcrumbList","@id":"https:\/\/quaker.org\/es\/asociacion-de-tratados-de-los-amigos\/#breadcrumb","itemListElement":[{"@type":"ListItem","position":1,"name":"Home","item":"https:\/\/quaker.org\/es\/bienvenido-a-a-quaker-org\/"},{"@type":"ListItem","position":2,"name":"Asociaci\u00f3n de tratados de los Amigos"}]},{"@type":"WebSite","@id":"https:\/\/quaker.org\/es\/#website","url":"https:\/\/quaker.org\/es\/","name":"Quaker.org","description":"Learn about Friends","publisher":{"@id":"https:\/\/quaker.org\/es\/#organization"},"potentialAction":[{"@type":"SearchAction","target":{"@type":"EntryPoint","urlTemplate":"https:\/\/quaker.org\/es\/?s={search_term_string}"},"query-input":{"@type":"PropertyValueSpecification","valueRequired":true,"valueName":"search_term_string"}}],"inLanguage":"es-ES"},{"@type":"Organization","@id":"https:\/\/quaker.org\/es\/#organization","name":"Quaker.org","url":"https:\/\/quaker.org\/es\/","logo":{"@type":"ImageObject","inLanguage":"es-ES","@id":"https:\/\/quaker.org\/es\/#\/schema\/logo\/image\/","url":"https:\/\/quaker.org\/wp-content\/uploads\/sites\/3\/2025\/08\/QuakerOrgLogo_BW-300x54-1.png","contentUrl":"https:\/\/quaker.org\/wp-content\/uploads\/sites\/3\/2025\/08\/QuakerOrgLogo_BW-300x54-1.png","width":300,"height":54,"caption":"Quaker.org"},"image":{"@id":"https:\/\/quaker.org\/es\/#\/schema\/logo\/image\/"}}]}},"distributor_meta":false,"distributor_terms":false,"distributor_media":false,"distributor_original_site_name":"Quaker.org","distributor_original_site_url":"https:\/\/quaker.org\/es\/","push-errors":false,"acf":[],"_links":{"self":[{"href":"https:\/\/quaker.org\/es\/wp-json\/wp\/v2\/pages\/3270","targetHints":{"allow":["GET"]}}],"collection":[{"href":"https:\/\/quaker.org\/es\/wp-json\/wp\/v2\/pages"}],"about":[{"href":"https:\/\/quaker.org\/es\/wp-json\/wp\/v2\/types\/page"}],"author":[{"embeddable":true,"href":"https:\/\/quaker.org\/es\/wp-json\/wp\/v2\/users\/5129"}],"replies":[{"embeddable":true,"href":"https:\/\/quaker.org\/es\/wp-json\/wp\/v2\/comments?post=3270"}],"version-history":[{"count":1,"href":"https:\/\/quaker.org\/es\/wp-json\/wp\/v2\/pages\/3270\/revisions"}],"predecessor-version":[{"id":3271,"href":"https:\/\/quaker.org\/es\/wp-json\/wp\/v2\/pages\/3270\/revisions\/3271"}],"wp:attachment":[{"href":"https:\/\/quaker.org\/es\/wp-json\/wp\/v2\/media?parent=3270"}],"curies":[{"name":"wp","href":"https:\/\/api.w.org\/{rel}","templated":true}]}}