{"id":3268,"date":"2020-05-29T20:21:43","date_gmt":"2020-05-29T20:21:43","guid":{"rendered":"https:\/\/quaker.org\/comite-de-los-amigos-sobre-legislacion-nacional\/"},"modified":"2025-09-19T15:18:46","modified_gmt":"2025-09-19T15:18:46","slug":"comite-de-los-amigos-sobre-legislacion-nacional","status":"publish","type":"page","link":"https:\/\/quaker.org\/es\/comite-de-los-amigos-sobre-legislacion-nacional\/","title":{"rendered":"Comit\u00e9 de Los Amigos sobre legislaci\u00f3n nacional"},"content":{"rendered":"\n<h3 class=\"wp-block-heading\"><a href=\"https:\/\/www.fcnl.org\/\"><em><strong>fcnl.org<\/strong><\/em><\/a><\/h3>\n\n<p><strong>Descripci\u00f3n<\/strong> y luego a\u00f1adir al glosario<\/p>\n\n<hr class=\"wp-block-separator\" \/>\n\n<p>En noviembre, el Comit\u00e9 General del Comit\u00e9 de Los Amigos sobre Legislaci\u00f3n Nacional (FCNL) aprob\u00f3 una declaraci\u00f3n actualizada de pol\u00edtica legislativa. &#8220;El mundo que buscamos: Declaraci\u00f3n de pol\u00edtica legislativa&#8221; se basa en un discernimiento cuidadoso por parte de las reuniones, iglesias y organizaciones de Los Amigos que identificaron la visi\u00f3n fundamental que subyace a las acciones legislativas del FCNL. <\/p>\n\n<p>&#8220;El mundo que buscamos&#8221; se centra en la visi\u00f3n del FCNL de crear un mundo libre de guerra, una sociedad con equidad y justicia para todos, una comunidad donde el potencial de cada persona pueda realizarse, y una tierra restaurada. El documento original fue aprobado en 2013. <\/p>\n\n<p>Desde su fundaci\u00f3n en 1943, el FCNL ha cre\u00eddo que el \u00e9xito de la democracia estadounidense se determina por las acciones de los defensores que responsabilizan a las instituciones y aseguran su funcionamiento adecuado. El documento est\u00e1 siendo utilizado por cientos de reuniones e iglesias cu\u00e1queras para ayudar al FCNL a discernir sus prioridades legislativas para el 117\u00ba Congreso (2021\u20132022). El FCNL anunciar\u00e1 las prioridades en su reuni\u00f3n anual en noviembre.  <\/p>\n","protected":false},"excerpt":{"rendered":"<p>fcnl.org Descripci\u00f3n y luego a\u00f1adir al glosario En noviembre, el Comit\u00e9 General del Comit\u00e9 de Los Amigos sobre Legislaci\u00f3n Nacional&hellip;<\/p>\n","protected":false},"author":5129,"featured_media":0,"parent":0,"menu_order":0,"comment_status":"closed","ping_status":"closed","template":"","meta":{"_acf_changed":false,"hero_banner_post_id":0,"footnotes":""},"class_list":["post-3268","page","type-page","status-publish","hentry"],"yoast_head":"<!-- This site is optimized with the Yoast SEO plugin v27.4 - https:\/\/yoast.com\/product\/yoast-seo-wordpress\/ -->\n<title>Comit\u00e9 de Los Amigos sobre legislaci\u00f3n nacional - Quaker.org<\/title>\n<meta name=\"robots\" content=\"index, follow, max-snippet:-1, max-image-preview:large, max-video-preview:-1\" \/>\n<link rel=\"canonical\" href=\"https:\/\/quaker.org\/es\/comite-de-los-amigos-sobre-legislacion-nacional\/\" \/>\n<meta property=\"og:locale\" content=\"es_ES\" \/>\n<meta property=\"og:type\" content=\"article\" \/>\n<meta property=\"og:title\" content=\"Comit\u00e9 de Los Amigos sobre legislaci\u00f3n nacional - Quaker.org\" \/>\n<meta property=\"og:description\" content=\"fcnl.org Descripci\u00f3n y luego a\u00f1adir al glosario En noviembre, el Comit\u00e9 General del Comit\u00e9 de Los Amigos sobre Legislaci\u00f3n Nacional&hellip;\" \/>\n<meta property=\"og:url\" content=\"https:\/\/quaker.org\/es\/comite-de-los-amigos-sobre-legislacion-nacional\/\" \/>\n<meta property=\"og:site_name\" content=\"Quaker.org\" \/>\n<meta property=\"article:modified_time\" content=\"2025-09-19T15:18:46+00:00\" \/>\n<meta name=\"twitter:card\" content=\"summary_large_image\" \/>\n<meta name=\"twitter:label1\" content=\"Est. reading time\" \/>\n\t<meta name=\"twitter:data1\" content=\"1 minute\" \/>\n<script type=\"application\/ld+json\" class=\"yoast-schema-graph\">{\"@context\":\"https:\\\/\\\/schema.org\",\"@graph\":[{\"@type\":\"WebPage\",\"@id\":\"https:\\\/\\\/quaker.org\\\/es\\\/comite-de-los-amigos-sobre-legislacion-nacional\\\/\",\"url\":\"https:\\\/\\\/quaker.org\\\/es\\\/comite-de-los-amigos-sobre-legislacion-nacional\\\/\",\"name\":\"Comit\u00e9 de Los Amigos sobre legislaci\u00f3n nacional - Quaker.org\",\"isPartOf\":{\"@id\":\"https:\\\/\\\/quaker.org\\\/es\\\/#website\"},\"datePublished\":\"2020-05-29T20:21:43+00:00\",\"dateModified\":\"2025-09-19T15:18:46+00:00\",\"breadcrumb\":{\"@id\":\"https:\\\/\\\/quaker.org\\\/es\\\/comite-de-los-amigos-sobre-legislacion-nacional\\\/#breadcrumb\"},\"inLanguage\":\"es-ES\",\"potentialAction\":[{\"@type\":\"ReadAction\",\"target\":[\"https:\\\/\\\/quaker.org\\\/es\\\/comite-de-los-amigos-sobre-legislacion-nacional\\\/\"]}]},{\"@type\":\"BreadcrumbList\",\"@id\":\"https:\\\/\\\/quaker.org\\\/es\\\/comite-de-los-amigos-sobre-legislacion-nacional\\\/#breadcrumb\",\"itemListElement\":[{\"@type\":\"ListItem\",\"position\":1,\"name\":\"Home\",\"item\":\"https:\\\/\\\/quaker.org\\\/es\\\/bienvenido-a-a-quaker-org\\\/\"},{\"@type\":\"ListItem\",\"position\":2,\"name\":\"Comit\u00e9 de Los Amigos sobre legislaci\u00f3n nacional\"}]},{\"@type\":\"WebSite\",\"@id\":\"https:\\\/\\\/quaker.org\\\/es\\\/#website\",\"url\":\"https:\\\/\\\/quaker.org\\\/es\\\/\",\"name\":\"Quaker.org\",\"description\":\"Learn about Friends\",\"publisher\":{\"@id\":\"https:\\\/\\\/quaker.org\\\/es\\\/#organization\"},\"potentialAction\":[{\"@type\":\"SearchAction\",\"target\":{\"@type\":\"EntryPoint\",\"urlTemplate\":\"https:\\\/\\\/quaker.org\\\/es\\\/?s={search_term_string}\"},\"query-input\":{\"@type\":\"PropertyValueSpecification\",\"valueRequired\":true,\"valueName\":\"search_term_string\"}}],\"inLanguage\":\"es-ES\"},{\"@type\":\"Organization\",\"@id\":\"https:\\\/\\\/quaker.org\\\/es\\\/#organization\",\"name\":\"Quaker.org\",\"url\":\"https:\\\/\\\/quaker.org\\\/es\\\/\",\"logo\":{\"@type\":\"ImageObject\",\"inLanguage\":\"es-ES\",\"@id\":\"https:\\\/\\\/quaker.org\\\/es\\\/#\\\/schema\\\/logo\\\/image\\\/\",\"url\":\"https:\\\/\\\/quaker.org\\\/wp-content\\\/uploads\\\/sites\\\/3\\\/2025\\\/08\\\/QuakerOrgLogo_BW-300x54-1.png\",\"contentUrl\":\"https:\\\/\\\/quaker.org\\\/wp-content\\\/uploads\\\/sites\\\/3\\\/2025\\\/08\\\/QuakerOrgLogo_BW-300x54-1.png\",\"width\":300,\"height\":54,\"caption\":\"Quaker.org\"},\"image\":{\"@id\":\"https:\\\/\\\/quaker.org\\\/es\\\/#\\\/schema\\\/logo\\\/image\\\/\"}}]}<\/script>\n<!-- \/ Yoast SEO plugin. -->","yoast_head_json":{"title":"Comit\u00e9 de Los Amigos sobre legislaci\u00f3n nacional - Quaker.org","robots":{"index":"index","follow":"follow","max-snippet":"max-snippet:-1","max-image-preview":"max-image-preview:large","max-video-preview":"max-video-preview:-1"},"canonical":"https:\/\/quaker.org\/es\/comite-de-los-amigos-sobre-legislacion-nacional\/","og_locale":"es_ES","og_type":"article","og_title":"Comit\u00e9 de Los Amigos sobre legislaci\u00f3n nacional - Quaker.org","og_description":"fcnl.org Descripci\u00f3n y luego a\u00f1adir al glosario En noviembre, el Comit\u00e9 General del Comit\u00e9 de Los Amigos sobre Legislaci\u00f3n Nacional&hellip;","og_url":"https:\/\/quaker.org\/es\/comite-de-los-amigos-sobre-legislacion-nacional\/","og_site_name":"Quaker.org","article_modified_time":"2025-09-19T15:18:46+00:00","twitter_card":"summary_large_image","twitter_misc":{"Est. reading time":"1 minute"},"schema":{"@context":"https:\/\/schema.org","@graph":[{"@type":"WebPage","@id":"https:\/\/quaker.org\/es\/comite-de-los-amigos-sobre-legislacion-nacional\/","url":"https:\/\/quaker.org\/es\/comite-de-los-amigos-sobre-legislacion-nacional\/","name":"Comit\u00e9 de Los Amigos sobre legislaci\u00f3n nacional - Quaker.org","isPartOf":{"@id":"https:\/\/quaker.org\/es\/#website"},"datePublished":"2020-05-29T20:21:43+00:00","dateModified":"2025-09-19T15:18:46+00:00","breadcrumb":{"@id":"https:\/\/quaker.org\/es\/comite-de-los-amigos-sobre-legislacion-nacional\/#breadcrumb"},"inLanguage":"es-ES","potentialAction":[{"@type":"ReadAction","target":["https:\/\/quaker.org\/es\/comite-de-los-amigos-sobre-legislacion-nacional\/"]}]},{"@type":"BreadcrumbList","@id":"https:\/\/quaker.org\/es\/comite-de-los-amigos-sobre-legislacion-nacional\/#breadcrumb","itemListElement":[{"@type":"ListItem","position":1,"name":"Home","item":"https:\/\/quaker.org\/es\/bienvenido-a-a-quaker-org\/"},{"@type":"ListItem","position":2,"name":"Comit\u00e9 de Los Amigos sobre legislaci\u00f3n nacional"}]},{"@type":"WebSite","@id":"https:\/\/quaker.org\/es\/#website","url":"https:\/\/quaker.org\/es\/","name":"Quaker.org","description":"Learn about Friends","publisher":{"@id":"https:\/\/quaker.org\/es\/#organization"},"potentialAction":[{"@type":"SearchAction","target":{"@type":"EntryPoint","urlTemplate":"https:\/\/quaker.org\/es\/?s={search_term_string}"},"query-input":{"@type":"PropertyValueSpecification","valueRequired":true,"valueName":"search_term_string"}}],"inLanguage":"es-ES"},{"@type":"Organization","@id":"https:\/\/quaker.org\/es\/#organization","name":"Quaker.org","url":"https:\/\/quaker.org\/es\/","logo":{"@type":"ImageObject","inLanguage":"es-ES","@id":"https:\/\/quaker.org\/es\/#\/schema\/logo\/image\/","url":"https:\/\/quaker.org\/wp-content\/uploads\/sites\/3\/2025\/08\/QuakerOrgLogo_BW-300x54-1.png","contentUrl":"https:\/\/quaker.org\/wp-content\/uploads\/sites\/3\/2025\/08\/QuakerOrgLogo_BW-300x54-1.png","width":300,"height":54,"caption":"Quaker.org"},"image":{"@id":"https:\/\/quaker.org\/es\/#\/schema\/logo\/image\/"}}]}},"distributor_meta":false,"distributor_terms":false,"distributor_media":false,"distributor_original_site_name":"Quaker.org","distributor_original_site_url":"https:\/\/quaker.org\/es\/","push-errors":false,"acf":[],"_links":{"self":[{"href":"https:\/\/quaker.org\/es\/wp-json\/wp\/v2\/pages\/3268","targetHints":{"allow":["GET"]}}],"collection":[{"href":"https:\/\/quaker.org\/es\/wp-json\/wp\/v2\/pages"}],"about":[{"href":"https:\/\/quaker.org\/es\/wp-json\/wp\/v2\/types\/page"}],"author":[{"embeddable":true,"href":"https:\/\/quaker.org\/es\/wp-json\/wp\/v2\/users\/5129"}],"replies":[{"embeddable":true,"href":"https:\/\/quaker.org\/es\/wp-json\/wp\/v2\/comments?post=3268"}],"version-history":[{"count":1,"href":"https:\/\/quaker.org\/es\/wp-json\/wp\/v2\/pages\/3268\/revisions"}],"predecessor-version":[{"id":3269,"href":"https:\/\/quaker.org\/es\/wp-json\/wp\/v2\/pages\/3268\/revisions\/3269"}],"wp:attachment":[{"href":"https:\/\/quaker.org\/es\/wp-json\/wp\/v2\/media?parent=3268"}],"curies":[{"name":"wp","href":"https:\/\/api.w.org\/{rel}","templated":true}]}}