{"id":3266,"date":"2020-05-29T20:24:56","date_gmt":"2020-05-29T20:24:56","guid":{"rendered":"https:\/\/quaker.org\/consejo-cuaquero-para-asuntos-europeos\/"},"modified":"2025-09-19T15:18:44","modified_gmt":"2025-09-19T15:18:44","slug":"consejo-cuaquero-para-asuntos-europeos","status":"publish","type":"page","link":"https:\/\/quaker.org\/es\/consejo-cuaquero-para-asuntos-europeos\/","title":{"rendered":"Consejo Cu\u00e1quero para Asuntos Europeos"},"content":{"rendered":"\n<h3 class=\"wp-block-heading\"><a href=\"https:\/\/www.qcea.org\/\"><em><strong>qcea.org<\/strong><\/em><\/a><\/h3>\n\n<p>&#8220;El Consejo Cu\u00e1quero para Asuntos Europeos (QCEA) trabaja para aportar una visi\u00f3n basada en el compromiso cu\u00e1quero con la paz, la justicia y la igualdad a Europa y sus instituciones. Buscamos generar apoyo para pol\u00edticas humanas y no militares a nivel de la UE, tanto dentro como fuera de sus fronteras. Lo hacemos en el esp\u00edritu de cooperaci\u00f3n pac\u00edfica que constituye el fundamento de la pol\u00edtica europea. Hemos tenido nuestra sede en el Barrio Europeo de Bruselas desde nuestra fundaci\u00f3n en 1979.&#8221; Obtenga m\u00e1s informaci\u00f3n en <a href=\"https:\/\/www.qcea.org\/\">Consejo Cu\u00e1quero para Asuntos Europeos<\/a>.  <\/p>\n\n<hr class=\"wp-block-separator\" \/>\n\n<p>A trav\u00e9s de su trabajo de promoci\u00f3n en 2019, el Consejo Cu\u00e1quero para Asuntos Europeos (QCEA) continu\u00f3 defendiendo pol\u00edticas humanas, sostenibles de paz y derechos humanos en Europa.<\/p>\n\n<p>Una de las prioridades del programa de derechos humanos de QCEA ha sido abordar los desaf\u00edos a los derechos fundamentales de las personas en movimiento en Europa, particularmente en el contexto del trato violento por parte de la polic\u00eda y las fuerzas de seguridad. Este trabajo llev\u00f3 a la publicaci\u00f3n de <em>Framing Human Policing<\/em>, un folleto que explora el tema y hace un llamamiento a los servicios policiales de Europa para que respeten los derechos de todas las personas con las que interact\u00faan. El informe ha sido traducido a m\u00faltiples idiomas, incluido el croata para responder directamente al problema particular de la actuaci\u00f3n policial violenta en los Balcanes.  <\/p>\n\n<p>El programa de paz de QCEA ha iniciado una asociaci\u00f3n de investigaci\u00f3n con la Universidad de Newcastle en el Reino Unido sobre la importancia de la construcci\u00f3n de paz inclusiva, con \u00e9nfasis en enfoques de resoluci\u00f3n de conflictos sensibles al g\u00e9nero. Se dedicaron varios meses a entrevistar a numerosas partes interesadas clave con el objetivo de crear una serie de v\u00eddeos y un informe que los acompa\u00f1e, que informar\u00e1 la futura promoci\u00f3n dirigida a cambiar las narrativas predominantes sobre la paz y la seguridad. <\/p>\n\n<p>QCEA contin\u00faa organizando eventos que re\u00fanen a la comunidad cu\u00e1quera de Europa y equipan a Los Amigos con una mayor comprensi\u00f3n de c\u00f3mo la formulaci\u00f3n de pol\u00edticas europeas influye en los temas que les importan.<\/p>\n","protected":false},"excerpt":{"rendered":"<p>qcea.org &#8220;El Consejo Cu\u00e1quero para Asuntos Europeos (QCEA) trabaja para aportar una visi\u00f3n basada en el compromiso cu\u00e1quero con la&hellip;<\/p>\n","protected":false},"author":5129,"featured_media":0,"parent":0,"menu_order":0,"comment_status":"closed","ping_status":"closed","template":"","meta":{"_acf_changed":false,"hero_banner_post_id":0,"footnotes":""},"class_list":["post-3266","page","type-page","status-publish","hentry"],"yoast_head":"<!-- This site is optimized with the Yoast SEO plugin v27.5 - https:\/\/yoast.com\/product\/yoast-seo-wordpress\/ -->\n<title>Consejo Cu\u00e1quero para Asuntos Europeos - Quaker.org<\/title>\n<meta name=\"robots\" content=\"index, follow, max-snippet:-1, max-image-preview:large, max-video-preview:-1\" \/>\n<link rel=\"canonical\" href=\"https:\/\/quaker.org\/es\/consejo-cuaquero-para-asuntos-europeos\/\" \/>\n<meta property=\"og:locale\" content=\"es_ES\" \/>\n<meta property=\"og:type\" content=\"article\" \/>\n<meta property=\"og:title\" content=\"Consejo Cu\u00e1quero para Asuntos Europeos - Quaker.org\" \/>\n<meta property=\"og:description\" content=\"qcea.org &#8220;El Consejo Cu\u00e1quero para Asuntos Europeos (QCEA) trabaja para aportar una visi\u00f3n basada en el compromiso cu\u00e1quero con la&hellip;\" \/>\n<meta property=\"og:url\" content=\"https:\/\/quaker.org\/es\/consejo-cuaquero-para-asuntos-europeos\/\" \/>\n<meta property=\"og:site_name\" content=\"Quaker.org\" \/>\n<meta property=\"article:modified_time\" content=\"2025-09-19T15:18:44+00:00\" \/>\n<meta name=\"twitter:card\" content=\"summary_large_image\" \/>\n<meta name=\"twitter:label1\" content=\"Est. reading time\" \/>\n\t<meta name=\"twitter:data1\" content=\"2 minutes\" \/>\n<script type=\"application\/ld+json\" class=\"yoast-schema-graph\">{\"@context\":\"https:\\\/\\\/schema.org\",\"@graph\":[{\"@type\":\"WebPage\",\"@id\":\"https:\\\/\\\/quaker.org\\\/es\\\/consejo-cuaquero-para-asuntos-europeos\\\/\",\"url\":\"https:\\\/\\\/quaker.org\\\/es\\\/consejo-cuaquero-para-asuntos-europeos\\\/\",\"name\":\"Consejo Cu\u00e1quero para Asuntos Europeos - Quaker.org\",\"isPartOf\":{\"@id\":\"https:\\\/\\\/quaker.org\\\/es\\\/#website\"},\"datePublished\":\"2020-05-29T20:24:56+00:00\",\"dateModified\":\"2025-09-19T15:18:44+00:00\",\"breadcrumb\":{\"@id\":\"https:\\\/\\\/quaker.org\\\/es\\\/consejo-cuaquero-para-asuntos-europeos\\\/#breadcrumb\"},\"inLanguage\":\"es-ES\",\"potentialAction\":[{\"@type\":\"ReadAction\",\"target\":[\"https:\\\/\\\/quaker.org\\\/es\\\/consejo-cuaquero-para-asuntos-europeos\\\/\"]}]},{\"@type\":\"BreadcrumbList\",\"@id\":\"https:\\\/\\\/quaker.org\\\/es\\\/consejo-cuaquero-para-asuntos-europeos\\\/#breadcrumb\",\"itemListElement\":[{\"@type\":\"ListItem\",\"position\":1,\"name\":\"Home\",\"item\":\"https:\\\/\\\/quaker.org\\\/es\\\/bienvenido-a-a-quaker-org\\\/\"},{\"@type\":\"ListItem\",\"position\":2,\"name\":\"Consejo Cu\u00e1quero para Asuntos Europeos\"}]},{\"@type\":\"WebSite\",\"@id\":\"https:\\\/\\\/quaker.org\\\/es\\\/#website\",\"url\":\"https:\\\/\\\/quaker.org\\\/es\\\/\",\"name\":\"Quaker.org\",\"description\":\"Learn about Friends\",\"publisher\":{\"@id\":\"https:\\\/\\\/quaker.org\\\/es\\\/#organization\"},\"potentialAction\":[{\"@type\":\"SearchAction\",\"target\":{\"@type\":\"EntryPoint\",\"urlTemplate\":\"https:\\\/\\\/quaker.org\\\/es\\\/?s={search_term_string}\"},\"query-input\":{\"@type\":\"PropertyValueSpecification\",\"valueRequired\":true,\"valueName\":\"search_term_string\"}}],\"inLanguage\":\"es-ES\"},{\"@type\":\"Organization\",\"@id\":\"https:\\\/\\\/quaker.org\\\/es\\\/#organization\",\"name\":\"Quaker.org\",\"url\":\"https:\\\/\\\/quaker.org\\\/es\\\/\",\"logo\":{\"@type\":\"ImageObject\",\"inLanguage\":\"es-ES\",\"@id\":\"https:\\\/\\\/quaker.org\\\/es\\\/#\\\/schema\\\/logo\\\/image\\\/\",\"url\":\"https:\\\/\\\/quaker.org\\\/wp-content\\\/uploads\\\/sites\\\/3\\\/2025\\\/08\\\/QuakerOrgLogo_BW-300x54-1.png\",\"contentUrl\":\"https:\\\/\\\/quaker.org\\\/wp-content\\\/uploads\\\/sites\\\/3\\\/2025\\\/08\\\/QuakerOrgLogo_BW-300x54-1.png\",\"width\":300,\"height\":54,\"caption\":\"Quaker.org\"},\"image\":{\"@id\":\"https:\\\/\\\/quaker.org\\\/es\\\/#\\\/schema\\\/logo\\\/image\\\/\"}}]}<\/script>\n<!-- \/ Yoast SEO plugin. -->","yoast_head_json":{"title":"Consejo Cu\u00e1quero para Asuntos Europeos - Quaker.org","robots":{"index":"index","follow":"follow","max-snippet":"max-snippet:-1","max-image-preview":"max-image-preview:large","max-video-preview":"max-video-preview:-1"},"canonical":"https:\/\/quaker.org\/es\/consejo-cuaquero-para-asuntos-europeos\/","og_locale":"es_ES","og_type":"article","og_title":"Consejo Cu\u00e1quero para Asuntos Europeos - Quaker.org","og_description":"qcea.org &#8220;El Consejo Cu\u00e1quero para Asuntos Europeos (QCEA) trabaja para aportar una visi\u00f3n basada en el compromiso cu\u00e1quero con la&hellip;","og_url":"https:\/\/quaker.org\/es\/consejo-cuaquero-para-asuntos-europeos\/","og_site_name":"Quaker.org","article_modified_time":"2025-09-19T15:18:44+00:00","twitter_card":"summary_large_image","twitter_misc":{"Est. reading time":"2 minutes"},"schema":{"@context":"https:\/\/schema.org","@graph":[{"@type":"WebPage","@id":"https:\/\/quaker.org\/es\/consejo-cuaquero-para-asuntos-europeos\/","url":"https:\/\/quaker.org\/es\/consejo-cuaquero-para-asuntos-europeos\/","name":"Consejo Cu\u00e1quero para Asuntos Europeos - Quaker.org","isPartOf":{"@id":"https:\/\/quaker.org\/es\/#website"},"datePublished":"2020-05-29T20:24:56+00:00","dateModified":"2025-09-19T15:18:44+00:00","breadcrumb":{"@id":"https:\/\/quaker.org\/es\/consejo-cuaquero-para-asuntos-europeos\/#breadcrumb"},"inLanguage":"es-ES","potentialAction":[{"@type":"ReadAction","target":["https:\/\/quaker.org\/es\/consejo-cuaquero-para-asuntos-europeos\/"]}]},{"@type":"BreadcrumbList","@id":"https:\/\/quaker.org\/es\/consejo-cuaquero-para-asuntos-europeos\/#breadcrumb","itemListElement":[{"@type":"ListItem","position":1,"name":"Home","item":"https:\/\/quaker.org\/es\/bienvenido-a-a-quaker-org\/"},{"@type":"ListItem","position":2,"name":"Consejo Cu\u00e1quero para Asuntos Europeos"}]},{"@type":"WebSite","@id":"https:\/\/quaker.org\/es\/#website","url":"https:\/\/quaker.org\/es\/","name":"Quaker.org","description":"Learn about Friends","publisher":{"@id":"https:\/\/quaker.org\/es\/#organization"},"potentialAction":[{"@type":"SearchAction","target":{"@type":"EntryPoint","urlTemplate":"https:\/\/quaker.org\/es\/?s={search_term_string}"},"query-input":{"@type":"PropertyValueSpecification","valueRequired":true,"valueName":"search_term_string"}}],"inLanguage":"es-ES"},{"@type":"Organization","@id":"https:\/\/quaker.org\/es\/#organization","name":"Quaker.org","url":"https:\/\/quaker.org\/es\/","logo":{"@type":"ImageObject","inLanguage":"es-ES","@id":"https:\/\/quaker.org\/es\/#\/schema\/logo\/image\/","url":"https:\/\/quaker.org\/wp-content\/uploads\/sites\/3\/2025\/08\/QuakerOrgLogo_BW-300x54-1.png","contentUrl":"https:\/\/quaker.org\/wp-content\/uploads\/sites\/3\/2025\/08\/QuakerOrgLogo_BW-300x54-1.png","width":300,"height":54,"caption":"Quaker.org"},"image":{"@id":"https:\/\/quaker.org\/es\/#\/schema\/logo\/image\/"}}]}},"distributor_meta":false,"distributor_terms":false,"distributor_media":false,"distributor_original_site_name":"Quaker.org","distributor_original_site_url":"https:\/\/quaker.org\/es\/","push-errors":false,"acf":[],"_links":{"self":[{"href":"https:\/\/quaker.org\/es\/wp-json\/wp\/v2\/pages\/3266","targetHints":{"allow":["GET"]}}],"collection":[{"href":"https:\/\/quaker.org\/es\/wp-json\/wp\/v2\/pages"}],"about":[{"href":"https:\/\/quaker.org\/es\/wp-json\/wp\/v2\/types\/page"}],"author":[{"embeddable":true,"href":"https:\/\/quaker.org\/es\/wp-json\/wp\/v2\/users\/5129"}],"replies":[{"embeddable":true,"href":"https:\/\/quaker.org\/es\/wp-json\/wp\/v2\/comments?post=3266"}],"version-history":[{"count":1,"href":"https:\/\/quaker.org\/es\/wp-json\/wp\/v2\/pages\/3266\/revisions"}],"predecessor-version":[{"id":3267,"href":"https:\/\/quaker.org\/es\/wp-json\/wp\/v2\/pages\/3266\/revisions\/3267"}],"wp:attachment":[{"href":"https:\/\/quaker.org\/es\/wp-json\/wp\/v2\/media?parent=3266"}],"curies":[{"name":"wp","href":"https:\/\/api.w.org\/{rel}","templated":true}]}}