{"id":3262,"date":"2020-05-29T19:57:58","date_gmt":"2020-05-29T19:57:58","guid":{"rendered":"https:\/\/quaker.org\/conferencia-general-de-los-amigos\/"},"modified":"2025-09-19T15:18:39","modified_gmt":"2025-09-19T15:18:39","slug":"conferencia-general-de-los-amigos","status":"publish","type":"page","link":"https:\/\/quaker.org\/es\/conferencia-general-de-los-amigos\/","title":{"rendered":"Conferencia General de Los Amigos"},"content":{"rendered":"\n<h3 class=\"wp-block-heading\"><a href=\"https:\/\/fgcquaker.org\/\"><em><strong>fgcquaker.org<\/strong><\/em><\/a><\/h3>\n\n<p>La Conferencia General de los Amigos es una &#8220;organizaci\u00f3n, compuesta por Juntas Anuales y algunas juntas mensuales, que se considera a s\u00ed misma como una asociaci\u00f3n de Amigos que comparten preocupaciones similares vitales para sus vidas espirituales individuales y corporativas. . .[no] tiene autoridad sobre las . . .juntas afiliadas. (1) Est\u00e1 compuesta principalmente por juntas no programadas que comparten una teolog\u00eda menos b\u00edblica y m\u00e1s universalista. (1) Sin embargo, es importante se\u00f1alar que muchos en estas juntas se consideran cristianos.&#8221; [P\u00e1gina del Glosario]<\/p>\n\n<hr class=\"wp-block-separator\" \/>\n\n<p>En octubre, el Comit\u00e9 Ejecutivo aprob\u00f3 la solicitud de la Junta Anual del Pac\u00edfico para afiliarse a la Conferencia General de los Amigos (FGC). Esta nueva afiliaci\u00f3n permitir\u00e1 una relaci\u00f3n m\u00e1s profunda con los Amigos del oeste de Estados Unidos y partes de M\u00e9xico; los grupos esperan co-crear posibilidades que enriquezcan a los Amigos de todo el continente. <\/p>\n\n<p>El Programa de Retiro Espiritual Profundo en l\u00ednea, que re\u00fane a reci\u00e9n llegados, buscadores y Amigos experimentados en una oportunidad de cuatro semanas a ritmo propio para profundizar las pr\u00e1cticas espirituales y construir comunidad en l\u00ednea, ha publicado su calendario completo de retiros en l\u00ednea para 2020. Han tenido lugar tres cursos, y est\u00e1n planificados cuatro m\u00e1s para este a\u00f1o. <\/p>\n\n<p>Este a\u00f1o, FGC est\u00e1 realizando un estudio de viabilidad para determinar si existe un apoyo generalizado para crear una dotaci\u00f3n para la Reuni\u00f3n de FGC, haciendo as\u00ed que el evento anual sea m\u00e1s asequible para que asistan los Amigos. Este estudio tambi\u00e9n tiene como objetivo determinar si existen posibilidades de expansi\u00f3n para programas de alta prioridad como el trabajo antirracismo y la programaci\u00f3n juvenil. <\/p>\n\n<p><\/p>\n","protected":false},"excerpt":{"rendered":"<p>fgcquaker.org La Conferencia General de los Amigos es una &#8220;organizaci\u00f3n, compuesta por Juntas Anuales y algunas juntas mensuales, que se&hellip;<\/p>\n","protected":false},"author":5129,"featured_media":0,"parent":0,"menu_order":0,"comment_status":"closed","ping_status":"closed","template":"","meta":{"_acf_changed":false,"hero_banner_post_id":0,"footnotes":""},"class_list":["post-3262","page","type-page","status-publish","hentry"],"yoast_head":"<!-- This site is optimized with the Yoast SEO plugin v27.3 - https:\/\/yoast.com\/product\/yoast-seo-wordpress\/ -->\n<title>Conferencia General de Los Amigos - Quaker.org<\/title>\n<meta name=\"robots\" content=\"index, follow, max-snippet:-1, max-image-preview:large, max-video-preview:-1\" \/>\n<link rel=\"canonical\" href=\"https:\/\/quaker.org\/es\/conferencia-general-de-los-amigos\/\" \/>\n<meta property=\"og:locale\" content=\"es_ES\" \/>\n<meta property=\"og:type\" content=\"article\" \/>\n<meta property=\"og:title\" content=\"Conferencia General de Los Amigos - Quaker.org\" \/>\n<meta property=\"og:description\" content=\"fgcquaker.org La Conferencia General de los Amigos es una &#8220;organizaci\u00f3n, compuesta por Juntas Anuales y algunas juntas mensuales, que se&hellip;\" \/>\n<meta property=\"og:url\" content=\"https:\/\/quaker.org\/es\/conferencia-general-de-los-amigos\/\" \/>\n<meta property=\"og:site_name\" content=\"Quaker.org\" \/>\n<meta property=\"article:modified_time\" content=\"2025-09-19T15:18:39+00:00\" \/>\n<meta name=\"twitter:card\" content=\"summary_large_image\" \/>\n<meta name=\"twitter:label1\" content=\"Est. reading time\" \/>\n\t<meta name=\"twitter:data1\" content=\"1 minute\" \/>\n<script type=\"application\/ld+json\" class=\"yoast-schema-graph\">{\"@context\":\"https:\\\/\\\/schema.org\",\"@graph\":[{\"@type\":\"WebPage\",\"@id\":\"https:\\\/\\\/quaker.org\\\/es\\\/conferencia-general-de-los-amigos\\\/\",\"url\":\"https:\\\/\\\/quaker.org\\\/es\\\/conferencia-general-de-los-amigos\\\/\",\"name\":\"Conferencia General de Los Amigos - Quaker.org\",\"isPartOf\":{\"@id\":\"https:\\\/\\\/quaker.org\\\/es\\\/#website\"},\"datePublished\":\"2020-05-29T19:57:58+00:00\",\"dateModified\":\"2025-09-19T15:18:39+00:00\",\"breadcrumb\":{\"@id\":\"https:\\\/\\\/quaker.org\\\/es\\\/conferencia-general-de-los-amigos\\\/#breadcrumb\"},\"inLanguage\":\"es-ES\",\"potentialAction\":[{\"@type\":\"ReadAction\",\"target\":[\"https:\\\/\\\/quaker.org\\\/es\\\/conferencia-general-de-los-amigos\\\/\"]}]},{\"@type\":\"BreadcrumbList\",\"@id\":\"https:\\\/\\\/quaker.org\\\/es\\\/conferencia-general-de-los-amigos\\\/#breadcrumb\",\"itemListElement\":[{\"@type\":\"ListItem\",\"position\":1,\"name\":\"Home\",\"item\":\"https:\\\/\\\/quaker.org\\\/es\\\/bienvenido-a-a-quaker-org\\\/\"},{\"@type\":\"ListItem\",\"position\":2,\"name\":\"Conferencia General de Los Amigos\"}]},{\"@type\":\"WebSite\",\"@id\":\"https:\\\/\\\/quaker.org\\\/es\\\/#website\",\"url\":\"https:\\\/\\\/quaker.org\\\/es\\\/\",\"name\":\"Quaker.org\",\"description\":\"Learn about Friends\",\"publisher\":{\"@id\":\"https:\\\/\\\/quaker.org\\\/es\\\/#organization\"},\"potentialAction\":[{\"@type\":\"SearchAction\",\"target\":{\"@type\":\"EntryPoint\",\"urlTemplate\":\"https:\\\/\\\/quaker.org\\\/es\\\/?s={search_term_string}\"},\"query-input\":{\"@type\":\"PropertyValueSpecification\",\"valueRequired\":true,\"valueName\":\"search_term_string\"}}],\"inLanguage\":\"es-ES\"},{\"@type\":\"Organization\",\"@id\":\"https:\\\/\\\/quaker.org\\\/es\\\/#organization\",\"name\":\"Quaker.org\",\"url\":\"https:\\\/\\\/quaker.org\\\/es\\\/\",\"logo\":{\"@type\":\"ImageObject\",\"inLanguage\":\"es-ES\",\"@id\":\"https:\\\/\\\/quaker.org\\\/es\\\/#\\\/schema\\\/logo\\\/image\\\/\",\"url\":\"https:\\\/\\\/quaker.org\\\/wp-content\\\/uploads\\\/sites\\\/3\\\/2025\\\/08\\\/QuakerOrgLogo_BW-300x54-1.png\",\"contentUrl\":\"https:\\\/\\\/quaker.org\\\/wp-content\\\/uploads\\\/sites\\\/3\\\/2025\\\/08\\\/QuakerOrgLogo_BW-300x54-1.png\",\"width\":300,\"height\":54,\"caption\":\"Quaker.org\"},\"image\":{\"@id\":\"https:\\\/\\\/quaker.org\\\/es\\\/#\\\/schema\\\/logo\\\/image\\\/\"}}]}<\/script>\n<!-- \/ Yoast SEO plugin. -->","yoast_head_json":{"title":"Conferencia General de Los Amigos - Quaker.org","robots":{"index":"index","follow":"follow","max-snippet":"max-snippet:-1","max-image-preview":"max-image-preview:large","max-video-preview":"max-video-preview:-1"},"canonical":"https:\/\/quaker.org\/es\/conferencia-general-de-los-amigos\/","og_locale":"es_ES","og_type":"article","og_title":"Conferencia General de Los Amigos - Quaker.org","og_description":"fgcquaker.org La Conferencia General de los Amigos es una &#8220;organizaci\u00f3n, compuesta por Juntas Anuales y algunas juntas mensuales, que se&hellip;","og_url":"https:\/\/quaker.org\/es\/conferencia-general-de-los-amigos\/","og_site_name":"Quaker.org","article_modified_time":"2025-09-19T15:18:39+00:00","twitter_card":"summary_large_image","twitter_misc":{"Est. reading time":"1 minute"},"schema":{"@context":"https:\/\/schema.org","@graph":[{"@type":"WebPage","@id":"https:\/\/quaker.org\/es\/conferencia-general-de-los-amigos\/","url":"https:\/\/quaker.org\/es\/conferencia-general-de-los-amigos\/","name":"Conferencia General de Los Amigos - Quaker.org","isPartOf":{"@id":"https:\/\/quaker.org\/es\/#website"},"datePublished":"2020-05-29T19:57:58+00:00","dateModified":"2025-09-19T15:18:39+00:00","breadcrumb":{"@id":"https:\/\/quaker.org\/es\/conferencia-general-de-los-amigos\/#breadcrumb"},"inLanguage":"es-ES","potentialAction":[{"@type":"ReadAction","target":["https:\/\/quaker.org\/es\/conferencia-general-de-los-amigos\/"]}]},{"@type":"BreadcrumbList","@id":"https:\/\/quaker.org\/es\/conferencia-general-de-los-amigos\/#breadcrumb","itemListElement":[{"@type":"ListItem","position":1,"name":"Home","item":"https:\/\/quaker.org\/es\/bienvenido-a-a-quaker-org\/"},{"@type":"ListItem","position":2,"name":"Conferencia General de Los Amigos"}]},{"@type":"WebSite","@id":"https:\/\/quaker.org\/es\/#website","url":"https:\/\/quaker.org\/es\/","name":"Quaker.org","description":"Learn about Friends","publisher":{"@id":"https:\/\/quaker.org\/es\/#organization"},"potentialAction":[{"@type":"SearchAction","target":{"@type":"EntryPoint","urlTemplate":"https:\/\/quaker.org\/es\/?s={search_term_string}"},"query-input":{"@type":"PropertyValueSpecification","valueRequired":true,"valueName":"search_term_string"}}],"inLanguage":"es-ES"},{"@type":"Organization","@id":"https:\/\/quaker.org\/es\/#organization","name":"Quaker.org","url":"https:\/\/quaker.org\/es\/","logo":{"@type":"ImageObject","inLanguage":"es-ES","@id":"https:\/\/quaker.org\/es\/#\/schema\/logo\/image\/","url":"https:\/\/quaker.org\/wp-content\/uploads\/sites\/3\/2025\/08\/QuakerOrgLogo_BW-300x54-1.png","contentUrl":"https:\/\/quaker.org\/wp-content\/uploads\/sites\/3\/2025\/08\/QuakerOrgLogo_BW-300x54-1.png","width":300,"height":54,"caption":"Quaker.org"},"image":{"@id":"https:\/\/quaker.org\/es\/#\/schema\/logo\/image\/"}}]}},"distributor_meta":false,"distributor_terms":false,"distributor_media":false,"distributor_original_site_name":"Quaker.org","distributor_original_site_url":"https:\/\/quaker.org\/es\/","push-errors":false,"acf":[],"_links":{"self":[{"href":"https:\/\/quaker.org\/es\/wp-json\/wp\/v2\/pages\/3262","targetHints":{"allow":["GET"]}}],"collection":[{"href":"https:\/\/quaker.org\/es\/wp-json\/wp\/v2\/pages"}],"about":[{"href":"https:\/\/quaker.org\/es\/wp-json\/wp\/v2\/types\/page"}],"author":[{"embeddable":true,"href":"https:\/\/quaker.org\/es\/wp-json\/wp\/v2\/users\/5129"}],"replies":[{"embeddable":true,"href":"https:\/\/quaker.org\/es\/wp-json\/wp\/v2\/comments?post=3262"}],"version-history":[{"count":1,"href":"https:\/\/quaker.org\/es\/wp-json\/wp\/v2\/pages\/3262\/revisions"}],"predecessor-version":[{"id":3263,"href":"https:\/\/quaker.org\/es\/wp-json\/wp\/v2\/pages\/3262\/revisions\/3263"}],"wp:attachment":[{"href":"https:\/\/quaker.org\/es\/wp-json\/wp\/v2\/media?parent=3262"}],"curies":[{"name":"wp","href":"https:\/\/api.w.org\/{rel}","templated":true}]}}