{"id":3258,"date":"2020-05-22T16:28:50","date_gmt":"2020-05-22T16:28:50","guid":{"rendered":"https:\/\/quaker.org\/silencio-y-adoracion\/"},"modified":"2025-09-19T15:18:15","modified_gmt":"2025-09-19T15:18:15","slug":"silencio-y-adoracion","status":"publish","type":"page","link":"https:\/\/quaker.org\/es\/silencio-y-adoracion\/","title":{"rendered":"Silencio y Adoraci\u00f3n"},"content":{"rendered":"\n<div class=\"wp-block-columns is-layout-flex wp-container-core-columns-is-layout-9d6595d7 wp-block-columns-is-layout-flex\">\n<div class=\"wp-block-column is-layout-flow wp-block-column-is-layout-flow\" style=\"flex-basis:50%\">\n<p>La adoraci\u00f3n cu\u00e1quera comenz\u00f3 sin pastores o clero que la dirigiera. Era una reuni\u00f3n sencilla, donde Los Amigos buscaban escuchar lo que el Esp\u00edritu del Dios Viviente ten\u00eda que decir en medio de ellos. Del silencio, un Amigo hablaba cuando se sent\u00eda guiado por el Esp\u00edritu a compartir lo que escuchaba en su coraz\u00f3n.   <\/p>\n\n\n\n<p>Este sentarse en silencio juntos, en la presencia de Cristo Jes\u00fas quien &#8220;ha venido a ense\u00f1ar al pueblo \u00e9l mismo&#8221; (una declaraci\u00f3n temprana de George Fox sobre la presencia real de Cristo en sus reuniones de adoraci\u00f3n), era para Los Amigos su pr\u00e1ctica de comuni\u00f3n. <\/p>\n\n\n\n<p>Todav\u00eda hay muchos Amigos que se re\u00fanen en este silencio expectante de espera hoy, pero la junta &#8220;<strong>no programada<\/strong>&#8221; ya no es la \u00fanica manera en que los cu\u00e1queros se congregan para la adoraci\u00f3n. <\/p>\n<\/div>\n\n\n\n<div class=\"wp-block-column is-layout-flow wp-block-column-is-layout-flow\" style=\"flex-basis:50%\">\n<figure class=\"wp-block-embed is-type-video is-provider-youtube wp-block-embed-youtube wp-embed-aspect-16-9 wp-has-aspect-ratio\"><div class=\"wp-block-embed__wrapper\">\n<iframe loading=\"lazy\" title=\"What Do Quakers Do in Silent Worship?\" width=\"500\" height=\"281\" src=\"https:\/\/www.youtube.com\/embed\/QwHvgO2kxWM?feature=oembed\" frameborder=\"0\" allow=\"accelerometer; autoplay; clipboard-write; encrypted-media; gyroscope; picture-in-picture; web-share\" referrerpolicy=\"strict-origin-when-cross-origin\" allowfullscreen><\/iframe>\n<\/div><figcaption class=\"wp-element-caption\"><em>&#8220;En el silencio trato de centrarme, lo que significa dejar a un lado las distracciones del mundo, y escuchar cuidadosamente al maestro interior, la gu\u00eda interior, el Cristo interior, eso dentro de m\u00ed que es&#8230; tambi\u00e9n m\u00e1s all\u00e1 de m\u00ed.&#8221;<\/em><\/figcaption><\/figure>\n<\/div>\n<\/div>\n\n<p>En una junta <strong>programada<\/strong>, uno o m\u00e1s miembros de la comunidad de Los Amigos pueden servir en un papel pastoral dirigiendo a todos en canto o oraci\u00f3n, compartiendo una lectura de la Biblia, u ofreciendo un serm\u00f3n preparado. Tales juntas tienden a tener lugar en comunidades cu\u00e1queras intensamente cristianas, que a menudo se conocen como &#8220;Iglesias de Los Amigos&#8221;, y son cada vez m\u00e1s la norma en comunidades cu\u00e1queras fuera del Reino Unido y Am\u00e9rica del Norte. Pero estas actividades solo ocupan una parte de las juntas programadas\u2014a\u00fan se hace espacio para que todos escuchen un impulso divino en la comuni\u00f3n del silencio expectante.  <\/p>\n\n<p>&#8220;El verdadero silencio es el descanso de la mente&#8221;, escribi\u00f3 William Penn, un famoso cu\u00e1quero temprano (y el fundador de Pensilvania), &#8220;y es para el esp\u00edritu lo que el sue\u00f1o es para el cuerpo, alimento y refrigerio&#8221;. El objetivo de este silencio es hacernos m\u00e1s receptivos a la revelaci\u00f3n divina. Piense en ello como un regulador de intensidad en una bombilla: Cuando &#8220;aumenta el silencio&#8221;, por as\u00ed decirlo, incrementa el potencial de conectar con la presencia de lo divino. Y cuando hace esa conexi\u00f3n, <a href=\"https:\/\/qfp.quaker.org.uk\/chapter\/2\/\">como lo describe el manual de <em>Fe y Pr\u00e1ctica<\/em> de la Junta Anual de Gran Breta\u00f1a<\/a>, &#8220;la sensaci\u00f3n de asombro y reverencia de lo finito ante lo infinito lleva naturalmente al agradecimiento y la adoraci\u00f3n&#8230; Mientras, juntos, entramos en las profundidades de un silencio viviente, la quietud de Dios, nos encontramos unos a otros en &#8216;las cosas que son eternas&#8217;, sosteni\u00e9ndonos y fortaleci\u00e9ndonos mutuamente&#8221;.   <\/p>\n\n<p><strong>Siguiente: <em><a href=\"https:\/\/quaker.org\/es\/sere-bienvenido-en-una-junta-cuaquera\/\">\u00bfSer\u00e9 bienvenido en una Reuni\u00f3n cu\u00e1quera?<\/a><\/em><\/strong><\/p>\n\n<div class=\"wp-block-columns is-layout-flex wp-container-core-columns-is-layout-9d6595d7 wp-block-columns-is-layout-flex\">\n<div class=\"wp-block-column is-layout-flow wp-block-column-is-layout-flow\" style=\"flex-basis:50%\">\n<div class=\"wp-block-group has-background is-layout-constrained wp-block-group-is-layout-constrained\" style=\"background:linear-gradient(135deg,rgb(222,222,222) 0%,rgb(222,222,222) 100%)\">\n<h2 class=\"wp-block-heading\">M\u00e1s informaci\u00f3n en <em>Friends Journal<\/em><\/h2>\n\n\n\n<p>&#8220;<a href=\"https:\/\/www.friendsjournal.org\/pastoring-without-a-pastor\/\">Pastoreando Sin Pastor<\/a>&#8220;, Kathleen Costello Malin<\/p>\n\n\n\n<p>&#8220;<a href=\"https:\/\/www.friendsjournal.org\/silence-quakers\/\">\u00bfNo Existe Tal Cosa Como el Silencio?<\/a>&#8220;, Kevin Holm-Hudson<\/p>\n\n\n\n<p>&#8220;<a href=\"https:\/\/www.friendsjournal.org\/the-importance-of-noise-during-silent-worship\/\">Es el Esp\u00edritu Lo Que Lo Hace Hermoso<\/a>&#8220;, Cherice Bock<\/p>\n\n\n\n<p>&#8220;<a href=\"https:\/\/www.friendsjournal.org\/a-bargain-with-the-giver\/\">Un Pacto con el Dador<\/a>&#8220;, Edna Whittier<\/p>\n<\/div>\n<\/div>\n\n\n\n<div class=\"wp-block-column is-layout-flow wp-block-column-is-layout-flow\" style=\"flex-basis:50%\">\n<figure class=\"wp-block-embed is-type-video is-provider-youtube wp-block-embed-youtube wp-embed-aspect-16-9 wp-has-aspect-ratio\"><div class=\"wp-block-embed__wrapper\">\n<iframe loading=\"lazy\" title=\"What&#039;s the Difference Between \u201cProgrammed\u201d and \u201cUnprogrammed\u201d Quaker Worship?\" width=\"500\" height=\"281\" src=\"https:\/\/www.youtube.com\/embed\/CWwURmBJ-v8?feature=oembed\" frameborder=\"0\" allow=\"accelerometer; autoplay; clipboard-write; encrypted-media; gyroscope; picture-in-picture; web-share\" referrerpolicy=\"strict-origin-when-cross-origin\" allowfullscreen><\/iframe>\n<\/div><\/figure>\n<\/div>\n<\/div>\n\n<p class=\"has-text-align-center\"><em>&#8220;Para algunas personas el silencio es inc\u00f3modo. S\u00e9 que para m\u00ed, inicialmente lo fue, con mi primera Junta no programada, pero luego aprend\u00ed a amarlo. Porque se me dio la oportunidad de ir profundamente hacia adentro, y escuchar esa antena interna que pod\u00eda encender y escuchar la voz de Dios, y buscar orientaci\u00f3n&#8221;.<\/em><\/p>\n","protected":false},"excerpt":{"rendered":"<p>La adoraci\u00f3n cu\u00e1quera comenz\u00f3 sin pastores o clero que la dirigiera. Era una reuni\u00f3n sencilla, donde Los Amigos buscaban escuchar&hellip;<\/p>\n","protected":false},"author":5129,"featured_media":0,"parent":0,"menu_order":0,"comment_status":"closed","ping_status":"closed","template":"","meta":{"_acf_changed":false,"hero_banner_post_id":0,"footnotes":""},"class_list":["post-3258","page","type-page","status-publish","hentry"],"yoast_head":"<!-- This site is optimized with the Yoast SEO plugin v27.4 - https:\/\/yoast.com\/product\/yoast-seo-wordpress\/ -->\n<title>\u00bfPor qu\u00e9 es silenciosa la Adoraci\u00f3n cu\u00e1quera? - comprendiendo la Fe y Pr\u00e1ctica cu\u00e1quera<\/title>\n<meta name=\"description\" content=\"La adoraci\u00f3n silenciosa es una pr\u00e1ctica espiritual \u00fanica que han utilizado los cu\u00e1queros durante siglos. Pero \u00bfqu\u00e9 es exactamente la adoraci\u00f3n silenciosa y c\u00f3mo funciona? Aprenda m\u00e1s.\" \/>\n<meta name=\"robots\" content=\"index, follow, max-snippet:-1, max-image-preview:large, max-video-preview:-1\" \/>\n<link rel=\"canonical\" href=\"https:\/\/quaker.org\/es\/silencio-y-adoracion\/\" \/>\n<meta property=\"og:locale\" content=\"es_ES\" \/>\n<meta property=\"og:type\" content=\"article\" \/>\n<meta property=\"og:title\" content=\"\u00bfPor qu\u00e9 es silenciosa la Adoraci\u00f3n cu\u00e1quera? - comprendiendo la Fe y Pr\u00e1ctica cu\u00e1quera\" \/>\n<meta property=\"og:description\" content=\"La adoraci\u00f3n silenciosa es una pr\u00e1ctica espiritual \u00fanica que han utilizado los cu\u00e1queros durante siglos. Pero \u00bfqu\u00e9 es exactamente la adoraci\u00f3n silenciosa y c\u00f3mo funciona? Aprenda m\u00e1s.\" \/>\n<meta property=\"og:url\" content=\"https:\/\/quaker.org\/es\/silencio-y-adoracion\/\" \/>\n<meta property=\"og:site_name\" content=\"Quaker.org\" \/>\n<meta property=\"article:modified_time\" content=\"2025-09-19T15:18:15+00:00\" \/>\n<meta name=\"twitter:card\" content=\"summary_large_image\" \/>\n<meta name=\"twitter:label1\" content=\"Est. reading time\" \/>\n\t<meta name=\"twitter:data1\" content=\"3 minutes\" \/>\n<script type=\"application\/ld+json\" class=\"yoast-schema-graph\">{\"@context\":\"https:\\\/\\\/schema.org\",\"@graph\":[{\"@type\":\"WebPage\",\"@id\":\"https:\\\/\\\/quaker.org\\\/es\\\/silencio-y-adoracion\\\/\",\"url\":\"https:\\\/\\\/quaker.org\\\/es\\\/silencio-y-adoracion\\\/\",\"name\":\"\u00bfPor qu\u00e9 es silenciosa la Adoraci\u00f3n cu\u00e1quera? - comprendiendo la Fe y Pr\u00e1ctica cu\u00e1quera\",\"isPartOf\":{\"@id\":\"https:\\\/\\\/quaker.org\\\/es\\\/#website\"},\"datePublished\":\"2020-05-22T16:28:50+00:00\",\"dateModified\":\"2025-09-19T15:18:15+00:00\",\"description\":\"La adoraci\u00f3n silenciosa es una pr\u00e1ctica espiritual \u00fanica que han utilizado los cu\u00e1queros durante siglos. Pero \u00bfqu\u00e9 es exactamente la adoraci\u00f3n silenciosa y c\u00f3mo funciona? Aprenda m\u00e1s.\",\"breadcrumb\":{\"@id\":\"https:\\\/\\\/quaker.org\\\/es\\\/silencio-y-adoracion\\\/#breadcrumb\"},\"inLanguage\":\"es-ES\",\"potentialAction\":[{\"@type\":\"ReadAction\",\"target\":[\"https:\\\/\\\/quaker.org\\\/es\\\/silencio-y-adoracion\\\/\"]}]},{\"@type\":\"BreadcrumbList\",\"@id\":\"https:\\\/\\\/quaker.org\\\/es\\\/silencio-y-adoracion\\\/#breadcrumb\",\"itemListElement\":[{\"@type\":\"ListItem\",\"position\":1,\"name\":\"Home\",\"item\":\"https:\\\/\\\/quaker.org\\\/es\\\/bienvenido-a-a-quaker-org\\\/\"},{\"@type\":\"ListItem\",\"position\":2,\"name\":\"Silencio y Adoraci\u00f3n\"}]},{\"@type\":\"WebSite\",\"@id\":\"https:\\\/\\\/quaker.org\\\/es\\\/#website\",\"url\":\"https:\\\/\\\/quaker.org\\\/es\\\/\",\"name\":\"Quaker.org\",\"description\":\"Learn about Friends\",\"publisher\":{\"@id\":\"https:\\\/\\\/quaker.org\\\/es\\\/#organization\"},\"potentialAction\":[{\"@type\":\"SearchAction\",\"target\":{\"@type\":\"EntryPoint\",\"urlTemplate\":\"https:\\\/\\\/quaker.org\\\/es\\\/?s={search_term_string}\"},\"query-input\":{\"@type\":\"PropertyValueSpecification\",\"valueRequired\":true,\"valueName\":\"search_term_string\"}}],\"inLanguage\":\"es-ES\"},{\"@type\":\"Organization\",\"@id\":\"https:\\\/\\\/quaker.org\\\/es\\\/#organization\",\"name\":\"Quaker.org\",\"url\":\"https:\\\/\\\/quaker.org\\\/es\\\/\",\"logo\":{\"@type\":\"ImageObject\",\"inLanguage\":\"es-ES\",\"@id\":\"https:\\\/\\\/quaker.org\\\/es\\\/#\\\/schema\\\/logo\\\/image\\\/\",\"url\":\"https:\\\/\\\/quaker.org\\\/wp-content\\\/uploads\\\/sites\\\/3\\\/2025\\\/08\\\/QuakerOrgLogo_BW-300x54-1.png\",\"contentUrl\":\"https:\\\/\\\/quaker.org\\\/wp-content\\\/uploads\\\/sites\\\/3\\\/2025\\\/08\\\/QuakerOrgLogo_BW-300x54-1.png\",\"width\":300,\"height\":54,\"caption\":\"Quaker.org\"},\"image\":{\"@id\":\"https:\\\/\\\/quaker.org\\\/es\\\/#\\\/schema\\\/logo\\\/image\\\/\"}}]}<\/script>\n<!-- \/ Yoast SEO plugin. -->","yoast_head_json":{"title":"\u00bfPor qu\u00e9 es silenciosa la Adoraci\u00f3n cu\u00e1quera? - comprendiendo la Fe y Pr\u00e1ctica cu\u00e1quera","description":"La adoraci\u00f3n silenciosa es una pr\u00e1ctica espiritual \u00fanica que han utilizado los cu\u00e1queros durante siglos. Pero \u00bfqu\u00e9 es exactamente la adoraci\u00f3n silenciosa y c\u00f3mo funciona? Aprenda m\u00e1s.","robots":{"index":"index","follow":"follow","max-snippet":"max-snippet:-1","max-image-preview":"max-image-preview:large","max-video-preview":"max-video-preview:-1"},"canonical":"https:\/\/quaker.org\/es\/silencio-y-adoracion\/","og_locale":"es_ES","og_type":"article","og_title":"\u00bfPor qu\u00e9 es silenciosa la Adoraci\u00f3n cu\u00e1quera? - comprendiendo la Fe y Pr\u00e1ctica cu\u00e1quera","og_description":"La adoraci\u00f3n silenciosa es una pr\u00e1ctica espiritual \u00fanica que han utilizado los cu\u00e1queros durante siglos. Pero \u00bfqu\u00e9 es exactamente la adoraci\u00f3n silenciosa y c\u00f3mo funciona? Aprenda m\u00e1s.","og_url":"https:\/\/quaker.org\/es\/silencio-y-adoracion\/","og_site_name":"Quaker.org","article_modified_time":"2025-09-19T15:18:15+00:00","twitter_card":"summary_large_image","twitter_misc":{"Est. reading time":"3 minutes"},"schema":{"@context":"https:\/\/schema.org","@graph":[{"@type":"WebPage","@id":"https:\/\/quaker.org\/es\/silencio-y-adoracion\/","url":"https:\/\/quaker.org\/es\/silencio-y-adoracion\/","name":"\u00bfPor qu\u00e9 es silenciosa la Adoraci\u00f3n cu\u00e1quera? - comprendiendo la Fe y Pr\u00e1ctica cu\u00e1quera","isPartOf":{"@id":"https:\/\/quaker.org\/es\/#website"},"datePublished":"2020-05-22T16:28:50+00:00","dateModified":"2025-09-19T15:18:15+00:00","description":"La adoraci\u00f3n silenciosa es una pr\u00e1ctica espiritual \u00fanica que han utilizado los cu\u00e1queros durante siglos. Pero \u00bfqu\u00e9 es exactamente la adoraci\u00f3n silenciosa y c\u00f3mo funciona? Aprenda m\u00e1s.","breadcrumb":{"@id":"https:\/\/quaker.org\/es\/silencio-y-adoracion\/#breadcrumb"},"inLanguage":"es-ES","potentialAction":[{"@type":"ReadAction","target":["https:\/\/quaker.org\/es\/silencio-y-adoracion\/"]}]},{"@type":"BreadcrumbList","@id":"https:\/\/quaker.org\/es\/silencio-y-adoracion\/#breadcrumb","itemListElement":[{"@type":"ListItem","position":1,"name":"Home","item":"https:\/\/quaker.org\/es\/bienvenido-a-a-quaker-org\/"},{"@type":"ListItem","position":2,"name":"Silencio y Adoraci\u00f3n"}]},{"@type":"WebSite","@id":"https:\/\/quaker.org\/es\/#website","url":"https:\/\/quaker.org\/es\/","name":"Quaker.org","description":"Learn about Friends","publisher":{"@id":"https:\/\/quaker.org\/es\/#organization"},"potentialAction":[{"@type":"SearchAction","target":{"@type":"EntryPoint","urlTemplate":"https:\/\/quaker.org\/es\/?s={search_term_string}"},"query-input":{"@type":"PropertyValueSpecification","valueRequired":true,"valueName":"search_term_string"}}],"inLanguage":"es-ES"},{"@type":"Organization","@id":"https:\/\/quaker.org\/es\/#organization","name":"Quaker.org","url":"https:\/\/quaker.org\/es\/","logo":{"@type":"ImageObject","inLanguage":"es-ES","@id":"https:\/\/quaker.org\/es\/#\/schema\/logo\/image\/","url":"https:\/\/quaker.org\/wp-content\/uploads\/sites\/3\/2025\/08\/QuakerOrgLogo_BW-300x54-1.png","contentUrl":"https:\/\/quaker.org\/wp-content\/uploads\/sites\/3\/2025\/08\/QuakerOrgLogo_BW-300x54-1.png","width":300,"height":54,"caption":"Quaker.org"},"image":{"@id":"https:\/\/quaker.org\/es\/#\/schema\/logo\/image\/"}}]}},"distributor_meta":false,"distributor_terms":false,"distributor_media":false,"distributor_original_site_name":"Quaker.org","distributor_original_site_url":"https:\/\/quaker.org\/es\/","push-errors":false,"acf":[],"_links":{"self":[{"href":"https:\/\/quaker.org\/es\/wp-json\/wp\/v2\/pages\/3258","targetHints":{"allow":["GET"]}}],"collection":[{"href":"https:\/\/quaker.org\/es\/wp-json\/wp\/v2\/pages"}],"about":[{"href":"https:\/\/quaker.org\/es\/wp-json\/wp\/v2\/types\/page"}],"author":[{"embeddable":true,"href":"https:\/\/quaker.org\/es\/wp-json\/wp\/v2\/users\/5129"}],"replies":[{"embeddable":true,"href":"https:\/\/quaker.org\/es\/wp-json\/wp\/v2\/comments?post=3258"}],"version-history":[{"count":1,"href":"https:\/\/quaker.org\/es\/wp-json\/wp\/v2\/pages\/3258\/revisions"}],"predecessor-version":[{"id":3259,"href":"https:\/\/quaker.org\/es\/wp-json\/wp\/v2\/pages\/3258\/revisions\/3259"}],"wp:attachment":[{"href":"https:\/\/quaker.org\/es\/wp-json\/wp\/v2\/media?parent=3258"}],"curies":[{"name":"wp","href":"https:\/\/api.w.org\/{rel}","templated":true}]}}