{"id":3255,"date":"2023-03-15T20:20:44","date_gmt":"2023-03-15T20:20:44","guid":{"rendered":"https:\/\/quaker.org\/bayard-rustin-activista-de-los-derechos-civiles\/"},"modified":"2025-09-19T15:17:58","modified_gmt":"2025-09-19T15:17:58","slug":"bayard-rustin-activista-de-los-derechos-civiles","status":"publish","type":"page","link":"https:\/\/quaker.org\/es\/bayard-rustin-activista-de-los-derechos-civiles\/","title":{"rendered":"Bayard Rustin, activista de los derechos civiles"},"content":{"rendered":"\n<h2 class=\"wp-block-heading\">17 de marzo de 1912\u201324 de agosto de 1987<\/h2>\n\n<div class=\"wp-block-columns is-layout-flex wp-container-core-columns-is-layout-9d6595d7 wp-block-columns-is-layout-flex\">\n<div class=\"wp-block-column is-layout-flow wp-block-column-is-layout-flow\" style=\"flex-basis:50%\">\n<div class=\"wp-block-group is-layout-constrained wp-block-group-is-layout-constrained\">\n<p>Criado por sus abuelos, Julia Davis y Janifer Rustin, Bayard Rustin aprendi\u00f3 los valores y pr\u00e1cticas de Los Amigos de su abuela mientras crec\u00eda en West Chester, Pensilvania. <\/p>\n\n\n\n<p>Bas\u00e1ndose en su compromiso cu\u00e1quero con la igualdad y la organizaci\u00f3n que aprendi\u00f3 en la iglesia episcopal metodista africana de su abuelo, Rustin dedic\u00f3 su carrera a la acci\u00f3n directa no violenta contra el racismo. Mantuvo un compromiso de por vida con el pacifismo que influy\u00f3 en Martin Luther King, Jr., quien depend\u00eda de \u00e9l como consejero.   <\/p>\n<\/div>\n<\/div>\n\n\n\n<div class=\"wp-block-column is-layout-flow wp-block-column-is-layout-flow\" style=\"flex-basis:50%\">\n<figure class=\"wp-block-embed is-type-video is-provider-youtube wp-block-embed-youtube wp-embed-aspect-16-9 wp-has-aspect-ratio\"><div class=\"wp-block-embed__wrapper\">\n<iframe loading=\"lazy\" title=\"Looking at the Legacy of Bayard Rustin\" width=\"500\" height=\"281\" src=\"https:\/\/www.youtube.com\/embed\/EursiY9_0Do?feature=oembed\" frameborder=\"0\" allow=\"accelerometer; autoplay; clipboard-write; encrypted-media; gyroscope; picture-in-picture; web-share\" referrerpolicy=\"strict-origin-when-cross-origin\" allowfullscreen><\/iframe>\n<\/div><\/figure>\n<\/div>\n<\/div>\n\n<p>Durante la Segunda Guerra Mundial, Rustin pas\u00f3 dos a\u00f1os en prisi\u00f3n como objetor de conciencia. Aunque la fe cu\u00e1quera de Rustin podr\u00eda haberle evitado la prisi\u00f3n, eligi\u00f3 ir a la c\u00e1rcel para protestar contra la discriminaci\u00f3n hacia los resistentes a la conscripci\u00f3n no religiosos. Cumpli\u00f3 una condena de dos a\u00f1os en la Instituci\u00f3n Correccional Federal de Ashland en Kentucky, donde escribi\u00f3 una carta al director protestando contra la segregaci\u00f3n racial en la prisi\u00f3n. El director integr\u00f3 el tiempo de recreaci\u00f3n dominical semanal cuando los reclusos escuchaban la transmisi\u00f3n radiof\u00f3nica de la Filarm\u00f3nica de Nueva York. Un prisionero blanco atac\u00f3 f\u00edsicamente a Rustin por su trabajo de integraci\u00f3n, lo que finalmente result\u00f3 en menos segregaci\u00f3n en la prisi\u00f3n.    <\/p>\n\n<p>A partir de 1947, Rustin trabaj\u00f3 como tesorero del Congreso de Igualdad Racial (CORE) y como co-secretario de relaciones raciales para la Confraternidad de Reconciliaci\u00f3n (FOR). De 1954 a 1965, sirvi\u00f3 como secretario ejecutivo de la Liga de Resistentes a la Guerra. Adem\u00e1s, ayud\u00f3 a fundar la Conferencia de Liderazgo Cristiano del Sur.  <\/p>\n\n<p>En 1947, particip\u00f3 en el Viaje de Reconciliaci\u00f3n, un viaje de dos semanas en el que ocho hombres negros y ocho hombres blancos probaron la implementaci\u00f3n de la decisi\u00f3n de la Corte Suprema de EE.UU. de 1946 en <em>Morgan v. Virginia,<\/em> que declar\u00f3 inconstitucional la segregaci\u00f3n en autobuses interestatales bajo la cl\u00e1usula de comercio. La polic\u00eda arrest\u00f3 a miembros del grupo en seis de sus 26 viajes en autob\u00fas. Rustin cumpli\u00f3 una condena de aproximadamente tres semanas en una cuadrilla de presos. Su reportaje period\u00edstico sobre la experiencia llev\u00f3 a un mejor tratamiento de los prisioneros en las cuadrillas.   <\/p>\n\n<div class=\"wp-block-columns is-layout-flex wp-container-core-columns-is-layout-9d6595d7 wp-block-columns-is-layout-flex\">\n<div class=\"wp-block-column is-layout-flow wp-block-column-is-layout-flow\" style=\"flex-basis:50%\">\n<figure class=\"wp-block-image aligncenter size-large is-resized\"><a href=\"https:\/\/www.friendsjournal.org\/book\/troublemaker-for-justice-the-story-of-bayard-rustin-the-man-behind-the-march-on-washington\/\"><img decoding=\"async\" src=\"https:\/\/www.friendsjournal.org\/wp-content\/uploads\/2019\/11\/Troublemaker-for-Justice.jpg\" alt=\"La portada de &quot;Troublemaker for Justice: The Story of Bayard Rustin, the Man Behind the March on Washington,&quot; de Jacqueline Houtman, Walter Naegle y Michael G. Long.\" width=\"250\"\/><\/a><\/figure>\n<\/div>\n\n\n\n<div class=\"wp-block-column is-layout-flow wp-block-column-is-layout-flow\" style=\"flex-basis:50%\">\n<p>Rustin planific\u00f3 la Marcha de 1963 en Washington por el Trabajo y la Libertad en la que King pronunci\u00f3 su discurso &#8220;Tengo un Sue\u00f1o&#8221;. Sin embargo, su papel como organizador fue minimizado debido a las preocupaciones entre otros en el movimiento de derechos civiles sobre sus conexiones comunistas juveniles y su identidad gay, esta \u00faltima ya le hab\u00eda costado su posici\u00f3n en FOR. (En 1953, la polic\u00eda en California arrest\u00f3 a Rustin por actividad sexual con otros dos hombres; pas\u00f3 50 d\u00edas en la c\u00e1rcel y fue registrado como delincuente sexual. No fue hasta 2020 que fue indultado p\u00f3stumamente por el gobernador del estado.) En a\u00f1os posteriores, cuando las actitudes p\u00fablicas hacia la homosexualidad cambiaron, Rustin se volvi\u00f3 m\u00e1s franco en su activismo por los <a href=\"https:\/\/quaker.org\/es\/como-encuentro-una-iglesia-de-los-amigos-o-quaker-meeting-amigable-con-la-comunidad-lgbtq\/\" target=\"_blank\" rel=\"noreferrer noopener\"><strong>derechos gay<\/strong><\/a> y tambi\u00e9n se convirti\u00f3 en un defensor vocal de las personas que viv\u00edan con SIDA.   <\/p>\n<\/div>\n<\/div>\n\n<p>Y, tambi\u00e9n, El mundo en general comenz\u00f3 a ser m\u00e1s consciente de Rustin y sus contribuciones. Hoy, muchos lugares p\u00fablicos\u2014incluyendo escuelas, centros comunitarios, parques y calles\u2014llevan su nombre, y su residencia final, en un edificio de apartamentos en el barrio West Chelsea de la ciudad de Nueva York, est\u00e1 en el Registro Nacional de Lugares Hist\u00f3ricos. En 2013, aproximadamente un cuarto de siglo despu\u00e9s de su muerte, el presidente Barack Obama otorg\u00f3 p\u00f3stumamente a Rustin la Medalla Presidencial de la Libertad.  <\/p>\n\n<div class=\"wp-block-columns is-layout-flex wp-container-core-columns-is-layout-9d6595d7 wp-block-columns-is-layout-flex\">\n<div class=\"wp-block-column is-layout-flow wp-block-column-is-layout-flow\" style=\"flex-basis:50%\">\n<div class=\"wp-block-group has-background is-layout-constrained wp-block-group-is-layout-constrained\" style=\"background:linear-gradient(135deg,rgb(222,222,222) 0%,rgb(222,222,222) 100%)\">\n<h3 class=\"wp-block-heading\">M\u00e1s informaci\u00f3n en <em>Friends Journal<\/em><\/h3>\n\n\n\n<p>&#8220;<a href=\"https:\/\/www.friendsjournal.org\/bayard-rustin-human-rights\/\">Derechos Humanos: El Tema Central de Nuestro Tiempo<\/a>,&#8221; Bayard Rustin<\/p>\n\n\n\n<p>&#8220;<a href=\"https:\/\/www.friendsjournal.org\/2005127\/\">Bayard Rustin: Fuera de las Sombras de la Historia,<\/a>&#8221; Brian Ward<\/p>\n\n\n\n<p>&#8220;<a href=\"https:\/\/www.friendsjournal.org\/the-duty-to-resist\/\">El Deber de Resistir<\/a>,&#8221; Carlos Figueroa<\/p>\n\n\n\n<p>&#8220;<a href=\"https:\/\/www.friendsjournal.org\/bayard-rustin-swarthmore-college\/\">Bayard Rustin en Swarthmore College<\/a>,&#8221; Newton Garver<\/p>\n<\/div>\n<\/div>\n\n\n\n<div class=\"wp-block-column is-layout-flow wp-block-column-is-layout-flow\" style=\"flex-basis:50%\">\n<h3 class=\"wp-block-heading\">Fuentes citadas<\/h3>\n\n\n\n<p><em><a href=\"https:\/\/kinginstitute.stanford.edu\/encyclopedia\/rustin-bayard\">La Enciclopedia de Martin Luther King, Jr. <\/a><\/em>, Universidad de Stanford<\/p>\n\n\n\n<p>&#8220;<a href=\"https:\/\/www.inquiriesjournal.com\/articles\/884\/2\/the-roving-ambassador-bayard-rustins-quaker-cosmopolitanism-and-the-civil-rights-movement\">El &#8216;Embajador Itinerante:&#8217; El Cosmopolitismo Cu\u00e1quero de Bayard Rustin y el Movimiento de Derechos Civiles<\/a>,&#8221; Sebastian C. Galbo<\/p>\n\n\n\n<p><a href=\"https:\/\/snccdigital.org\/people\/bayard-rustin\/\">Portal digital SNCC<\/a><\/p>\n\n\n\n<p><a href=\"https:\/\/nmaahc.si.edu\/bayard-rustin\">Museo Nacional de Historia y Cultura Afroamericana<\/a><\/p>\n\n\n\n<p><a href=\"https:\/\/www.britannica.com\/biography\/Bayard-Rustin\">Britannica.com<\/a><\/p>\n<\/div>\n<\/div>\n","protected":false},"excerpt":{"rendered":"<p>17 de marzo de 1912\u201324 de agosto de 1987 Criado por sus abuelos, Julia Davis y Janifer Rustin, Bayard Rustin&hellip;<\/p>\n","protected":false},"author":5131,"featured_media":0,"parent":0,"menu_order":0,"comment_status":"closed","ping_status":"closed","template":"","meta":{"_acf_changed":false,"hero_banner_post_id":0,"footnotes":""},"class_list":["post-3255","page","type-page","status-publish","hentry"],"yoast_head":"<!-- This site is optimized with the Yoast SEO plugin v27.4 - https:\/\/yoast.com\/product\/yoast-seo-wordpress\/ -->\n<title>Bayard Rustin, activista de los derechos civiles - Quaker.org<\/title>\n<meta name=\"description\" content=\"Bas\u00e1ndose en su fe cu\u00e1quera, el activista de los derechos civiles Bayard Rustin dedic\u00f3 su carrera a la acci\u00f3n directa no violenta contra el racismo.\" \/>\n<meta name=\"robots\" content=\"index, follow, max-snippet:-1, max-image-preview:large, max-video-preview:-1\" \/>\n<link rel=\"canonical\" href=\"https:\/\/quaker.org\/es\/bayard-rustin-activista-de-los-derechos-civiles\/\" \/>\n<meta property=\"og:locale\" content=\"es_ES\" \/>\n<meta property=\"og:type\" content=\"article\" \/>\n<meta property=\"og:title\" content=\"Bayard Rustin, activista de los derechos civiles - Quaker.org\" \/>\n<meta property=\"og:description\" content=\"Bas\u00e1ndose en su fe cu\u00e1quera, el activista de los derechos civiles Bayard Rustin dedic\u00f3 su carrera a la acci\u00f3n directa no violenta contra el racismo.\" \/>\n<meta property=\"og:url\" content=\"https:\/\/quaker.org\/es\/bayard-rustin-activista-de-los-derechos-civiles\/\" \/>\n<meta property=\"og:site_name\" content=\"Quaker.org\" \/>\n<meta property=\"article:modified_time\" content=\"2025-09-19T15:17:58+00:00\" \/>\n<meta property=\"og:image\" content=\"https:\/\/www.friendsjournal.org\/wp-content\/uploads\/2019\/11\/Troublemaker-for-Justice.jpg\" \/>\n<meta name=\"twitter:card\" content=\"summary_large_image\" \/>\n<meta name=\"twitter:label1\" content=\"Est. reading time\" \/>\n\t<meta name=\"twitter:data1\" content=\"4 minutes\" \/>\n<script type=\"application\/ld+json\" class=\"yoast-schema-graph\">{\"@context\":\"https:\\\/\\\/schema.org\",\"@graph\":[{\"@type\":\"WebPage\",\"@id\":\"https:\\\/\\\/quaker.org\\\/es\\\/bayard-rustin-activista-de-los-derechos-civiles\\\/\",\"url\":\"https:\\\/\\\/quaker.org\\\/es\\\/bayard-rustin-activista-de-los-derechos-civiles\\\/\",\"name\":\"Bayard Rustin, activista de los derechos civiles - Quaker.org\",\"isPartOf\":{\"@id\":\"https:\\\/\\\/quaker.org\\\/es\\\/#website\"},\"primaryImageOfPage\":{\"@id\":\"https:\\\/\\\/quaker.org\\\/es\\\/bayard-rustin-activista-de-los-derechos-civiles\\\/#primaryimage\"},\"image\":{\"@id\":\"https:\\\/\\\/quaker.org\\\/es\\\/bayard-rustin-activista-de-los-derechos-civiles\\\/#primaryimage\"},\"thumbnailUrl\":\"https:\\\/\\\/www.friendsjournal.org\\\/wp-content\\\/uploads\\\/2019\\\/11\\\/Troublemaker-for-Justice.jpg\",\"datePublished\":\"2023-03-15T20:20:44+00:00\",\"dateModified\":\"2025-09-19T15:17:58+00:00\",\"description\":\"Bas\u00e1ndose en su fe cu\u00e1quera, el activista de los derechos civiles Bayard Rustin dedic\u00f3 su carrera a la acci\u00f3n directa no violenta contra el racismo.\",\"breadcrumb\":{\"@id\":\"https:\\\/\\\/quaker.org\\\/es\\\/bayard-rustin-activista-de-los-derechos-civiles\\\/#breadcrumb\"},\"inLanguage\":\"es-ES\",\"potentialAction\":[{\"@type\":\"ReadAction\",\"target\":[\"https:\\\/\\\/quaker.org\\\/es\\\/bayard-rustin-activista-de-los-derechos-civiles\\\/\"]}]},{\"@type\":\"ImageObject\",\"inLanguage\":\"es-ES\",\"@id\":\"https:\\\/\\\/quaker.org\\\/es\\\/bayard-rustin-activista-de-los-derechos-civiles\\\/#primaryimage\",\"url\":\"https:\\\/\\\/www.friendsjournal.org\\\/wp-content\\\/uploads\\\/2019\\\/11\\\/Troublemaker-for-Justice.jpg\",\"contentUrl\":\"https:\\\/\\\/www.friendsjournal.org\\\/wp-content\\\/uploads\\\/2019\\\/11\\\/Troublemaker-for-Justice.jpg\"},{\"@type\":\"BreadcrumbList\",\"@id\":\"https:\\\/\\\/quaker.org\\\/es\\\/bayard-rustin-activista-de-los-derechos-civiles\\\/#breadcrumb\",\"itemListElement\":[{\"@type\":\"ListItem\",\"position\":1,\"name\":\"Home\",\"item\":\"https:\\\/\\\/quaker.org\\\/es\\\/bienvenido-a-a-quaker-org\\\/\"},{\"@type\":\"ListItem\",\"position\":2,\"name\":\"Bayard Rustin, activista de los derechos civiles\"}]},{\"@type\":\"WebSite\",\"@id\":\"https:\\\/\\\/quaker.org\\\/es\\\/#website\",\"url\":\"https:\\\/\\\/quaker.org\\\/es\\\/\",\"name\":\"Quaker.org\",\"description\":\"Learn about Friends\",\"publisher\":{\"@id\":\"https:\\\/\\\/quaker.org\\\/es\\\/#organization\"},\"potentialAction\":[{\"@type\":\"SearchAction\",\"target\":{\"@type\":\"EntryPoint\",\"urlTemplate\":\"https:\\\/\\\/quaker.org\\\/es\\\/?s={search_term_string}\"},\"query-input\":{\"@type\":\"PropertyValueSpecification\",\"valueRequired\":true,\"valueName\":\"search_term_string\"}}],\"inLanguage\":\"es-ES\"},{\"@type\":\"Organization\",\"@id\":\"https:\\\/\\\/quaker.org\\\/es\\\/#organization\",\"name\":\"Quaker.org\",\"url\":\"https:\\\/\\\/quaker.org\\\/es\\\/\",\"logo\":{\"@type\":\"ImageObject\",\"inLanguage\":\"es-ES\",\"@id\":\"https:\\\/\\\/quaker.org\\\/es\\\/#\\\/schema\\\/logo\\\/image\\\/\",\"url\":\"https:\\\/\\\/quaker.org\\\/wp-content\\\/uploads\\\/sites\\\/3\\\/2025\\\/08\\\/QuakerOrgLogo_BW-300x54-1.png\",\"contentUrl\":\"https:\\\/\\\/quaker.org\\\/wp-content\\\/uploads\\\/sites\\\/3\\\/2025\\\/08\\\/QuakerOrgLogo_BW-300x54-1.png\",\"width\":300,\"height\":54,\"caption\":\"Quaker.org\"},\"image\":{\"@id\":\"https:\\\/\\\/quaker.org\\\/es\\\/#\\\/schema\\\/logo\\\/image\\\/\"}}]}<\/script>\n<!-- \/ Yoast SEO plugin. -->","yoast_head_json":{"title":"Bayard Rustin, activista de los derechos civiles - Quaker.org","description":"Bas\u00e1ndose en su fe cu\u00e1quera, el activista de los derechos civiles Bayard Rustin dedic\u00f3 su carrera a la acci\u00f3n directa no violenta contra el racismo.","robots":{"index":"index","follow":"follow","max-snippet":"max-snippet:-1","max-image-preview":"max-image-preview:large","max-video-preview":"max-video-preview:-1"},"canonical":"https:\/\/quaker.org\/es\/bayard-rustin-activista-de-los-derechos-civiles\/","og_locale":"es_ES","og_type":"article","og_title":"Bayard Rustin, activista de los derechos civiles - Quaker.org","og_description":"Bas\u00e1ndose en su fe cu\u00e1quera, el activista de los derechos civiles Bayard Rustin dedic\u00f3 su carrera a la acci\u00f3n directa no violenta contra el racismo.","og_url":"https:\/\/quaker.org\/es\/bayard-rustin-activista-de-los-derechos-civiles\/","og_site_name":"Quaker.org","article_modified_time":"2025-09-19T15:17:58+00:00","og_image":[{"url":"https:\/\/www.friendsjournal.org\/wp-content\/uploads\/2019\/11\/Troublemaker-for-Justice.jpg","type":"","width":"","height":""}],"twitter_card":"summary_large_image","twitter_misc":{"Est. reading time":"4 minutes"},"schema":{"@context":"https:\/\/schema.org","@graph":[{"@type":"WebPage","@id":"https:\/\/quaker.org\/es\/bayard-rustin-activista-de-los-derechos-civiles\/","url":"https:\/\/quaker.org\/es\/bayard-rustin-activista-de-los-derechos-civiles\/","name":"Bayard Rustin, activista de los derechos civiles - Quaker.org","isPartOf":{"@id":"https:\/\/quaker.org\/es\/#website"},"primaryImageOfPage":{"@id":"https:\/\/quaker.org\/es\/bayard-rustin-activista-de-los-derechos-civiles\/#primaryimage"},"image":{"@id":"https:\/\/quaker.org\/es\/bayard-rustin-activista-de-los-derechos-civiles\/#primaryimage"},"thumbnailUrl":"https:\/\/www.friendsjournal.org\/wp-content\/uploads\/2019\/11\/Troublemaker-for-Justice.jpg","datePublished":"2023-03-15T20:20:44+00:00","dateModified":"2025-09-19T15:17:58+00:00","description":"Bas\u00e1ndose en su fe cu\u00e1quera, el activista de los derechos civiles Bayard Rustin dedic\u00f3 su carrera a la acci\u00f3n directa no violenta contra el racismo.","breadcrumb":{"@id":"https:\/\/quaker.org\/es\/bayard-rustin-activista-de-los-derechos-civiles\/#breadcrumb"},"inLanguage":"es-ES","potentialAction":[{"@type":"ReadAction","target":["https:\/\/quaker.org\/es\/bayard-rustin-activista-de-los-derechos-civiles\/"]}]},{"@type":"ImageObject","inLanguage":"es-ES","@id":"https:\/\/quaker.org\/es\/bayard-rustin-activista-de-los-derechos-civiles\/#primaryimage","url":"https:\/\/www.friendsjournal.org\/wp-content\/uploads\/2019\/11\/Troublemaker-for-Justice.jpg","contentUrl":"https:\/\/www.friendsjournal.org\/wp-content\/uploads\/2019\/11\/Troublemaker-for-Justice.jpg"},{"@type":"BreadcrumbList","@id":"https:\/\/quaker.org\/es\/bayard-rustin-activista-de-los-derechos-civiles\/#breadcrumb","itemListElement":[{"@type":"ListItem","position":1,"name":"Home","item":"https:\/\/quaker.org\/es\/bienvenido-a-a-quaker-org\/"},{"@type":"ListItem","position":2,"name":"Bayard Rustin, activista de los derechos civiles"}]},{"@type":"WebSite","@id":"https:\/\/quaker.org\/es\/#website","url":"https:\/\/quaker.org\/es\/","name":"Quaker.org","description":"Learn about Friends","publisher":{"@id":"https:\/\/quaker.org\/es\/#organization"},"potentialAction":[{"@type":"SearchAction","target":{"@type":"EntryPoint","urlTemplate":"https:\/\/quaker.org\/es\/?s={search_term_string}"},"query-input":{"@type":"PropertyValueSpecification","valueRequired":true,"valueName":"search_term_string"}}],"inLanguage":"es-ES"},{"@type":"Organization","@id":"https:\/\/quaker.org\/es\/#organization","name":"Quaker.org","url":"https:\/\/quaker.org\/es\/","logo":{"@type":"ImageObject","inLanguage":"es-ES","@id":"https:\/\/quaker.org\/es\/#\/schema\/logo\/image\/","url":"https:\/\/quaker.org\/wp-content\/uploads\/sites\/3\/2025\/08\/QuakerOrgLogo_BW-300x54-1.png","contentUrl":"https:\/\/quaker.org\/wp-content\/uploads\/sites\/3\/2025\/08\/QuakerOrgLogo_BW-300x54-1.png","width":300,"height":54,"caption":"Quaker.org"},"image":{"@id":"https:\/\/quaker.org\/es\/#\/schema\/logo\/image\/"}}]}},"distributor_meta":false,"distributor_terms":false,"distributor_media":false,"distributor_original_site_name":"Quaker.org","distributor_original_site_url":"https:\/\/quaker.org\/es\/","push-errors":false,"acf":[],"_links":{"self":[{"href":"https:\/\/quaker.org\/es\/wp-json\/wp\/v2\/pages\/3255","targetHints":{"allow":["GET"]}}],"collection":[{"href":"https:\/\/quaker.org\/es\/wp-json\/wp\/v2\/pages"}],"about":[{"href":"https:\/\/quaker.org\/es\/wp-json\/wp\/v2\/types\/page"}],"author":[{"embeddable":true,"href":"https:\/\/quaker.org\/es\/wp-json\/wp\/v2\/users\/5131"}],"replies":[{"embeddable":true,"href":"https:\/\/quaker.org\/es\/wp-json\/wp\/v2\/comments?post=3255"}],"version-history":[{"count":1,"href":"https:\/\/quaker.org\/es\/wp-json\/wp\/v2\/pages\/3255\/revisions"}],"predecessor-version":[{"id":3257,"href":"https:\/\/quaker.org\/es\/wp-json\/wp\/v2\/pages\/3255\/revisions\/3257"}],"wp:attachment":[{"href":"https:\/\/quaker.org\/es\/wp-json\/wp\/v2\/media?parent=3255"}],"curies":[{"name":"wp","href":"https:\/\/api.w.org\/{rel}","templated":true}]}}