{"id":3254,"date":"2023-04-11T19:43:28","date_gmt":"2023-04-11T19:43:28","guid":{"rendered":"https:\/\/quaker.org\/paul-robeson-9-de-abril-de-1898-23-de-enero-de-1976\/"},"modified":"2025-09-19T15:17:58","modified_gmt":"2025-09-19T15:17:58","slug":"paul-robeson-9-de-abril-de-1898-23-de-enero-de-1976","status":"publish","type":"page","link":"https:\/\/quaker.org\/es\/paul-robeson-9-de-abril-de-1898-23-de-enero-de-1976\/","title":{"rendered":"Paul Robeson <strong>(9 de abril de 1898\u201323 de enero de 1976)<\/strong>"},"content":{"rendered":"\n<div class=\"wp-block-columns is-layout-flex wp-container-core-columns-is-layout-9d6595d7 wp-block-columns-is-layout-flex\">\n<div class=\"wp-block-column is-layout-flow wp-block-column-is-layout-flow\" style=\"flex-basis:50%\">\n<p>Paul Robeson naci\u00f3 en Princeton, Nueva Jersey, hijo de William D. Robeson, un presbiteriano, y de la maestra Maria Louisa Bustill Robeson, una cu\u00e1quera. En 1858, su padre hab\u00eda escapado de la esclavitud en Carolina del Norte a trav\u00e9s del Ferrocarril Subterr\u00e1neo. Maria Bustill, que proced\u00eda de una larga l\u00ednea familiar de Los Amigos, muri\u00f3 en un incendio dom\u00e9stico durante la primera infancia de Paul.  <\/p>\n\n\n\n<p>En 1915, Paul Robeson se matricul\u00f3 en la Universidad de Rutgers, en New Brunswick, Nueva Jersey, con una beca. Fue solo el tercer estudiante negro en estudiar en Rutgers, donde se convirti\u00f3 tanto en un acad\u00e9mico Phi Beta Kappa como en una estrella del f\u00fatbol americano All-American, adem\u00e1s de miembro de la sociedad Cap and Skull de la universidad. En 1919, como valedictorian, utiliz\u00f3 su discurso de despedida para abordar el racismo contra los soldados afroamericanos.  <\/p>\n<\/div>\n\n\n\n<div class=\"wp-block-column is-layout-flow wp-block-column-is-layout-flow\" style=\"flex-basis:50%\">\n<figure class=\"wp-block-image aligncenter size-full is-resized\"><img loading=\"lazy\" decoding=\"async\" src=\"https:\/\/quaker.org\/wp-content\/uploads\/sites\/3\/2023\/04\/Paul_Robeson_1942_crop.jpg\" alt=\"\" class=\"wp-image-1288\" width=\"300\" height=\"375\" srcset=\"https:\/\/quaker.org\/wp-content\/uploads\/sites\/3\/2023\/04\/Paul_Robeson_1942_crop.jpg 481w, https:\/\/quaker.org\/wp-content\/uploads\/sites\/3\/2023\/04\/Paul_Robeson_1942_crop-241x300.jpg 241w\" sizes=\"auto, (max-width: 300px) 100vw, 300px\" \/><\/figure>\n<\/div>\n<\/div>\n\n<p>Despu\u00e9s de tomar clases de derecho en la Universidad de Nueva York, en la primavera de 1920 Robeson se traslad\u00f3 seis millas al norte a Columbia College, atra\u00eddo por la vitalidad cultural del <a href=\"https:\/\/www.history.com\/topics\/roaring-twenties\/harlem-renaissance\">Renacimiento de Harlem<\/a>. Se mantuvo durante la facultad de derecho trabajando como entrenador asistente de Fritz Pollard, director del equipo de f\u00fatbol de la Universidad Lincoln (Lincoln es una universidad hist\u00f3ricamente negra ubicada cerca de Oxford, Pensilvania). En 1921, se cas\u00f3 con Eslanda Cardozo Goode, una qu\u00edmica histol\u00f3gica en lo que ahora se conoce como Hospital Presbiteriano de Nueva York.  <\/p>\n\n<p>Despu\u00e9s de graduarse de la facultad de derecho en 1923, Robeson fue a trabajar para Louis Stotesbury en un bufete de derecho inmobiliario. Destac\u00f3 en el trabajo legal pero se encontr\u00f3 con racismo en la oficina. Por ejemplo, una esten\u00f3grafa blanca se neg\u00f3 a tomar notas para \u00e9l. Robeson se quej\u00f3 a su jefe, quien accedi\u00f3 a abordar el problema pero advirti\u00f3 a Robeson que muchos clientes blancos no contratar\u00edan a un abogado negro. Stotesbury sugiri\u00f3 que Robeson abriera un bufete de abogados en Harlem y representara a clientes negros. En su lugar, Robeson dimiti\u00f3 y cambi\u00f3 de carrera.     <\/p>\n\n<p>Robeson desarroll\u00f3 una pasi\u00f3n por la actuaci\u00f3n, protagonizando las obras de Eugene O&#8217;Neill <em>All God&#8217;s Chillun Got Wings<\/em> en 1924 y <em>The Emperor Jones<\/em> en 1925. <em>All God&#8217;s Chillun\u2026<\/em> trataba sobre un matrimonio interracial, que entonces era ilegal en Estados Unidos. En 1925, tambi\u00e9n interpret\u00f3 un papel protagonista en su primera pel\u00edcula, <em>Body and Soul<\/em>, del escritor y director negro Oscar Micheaux. En 1927, actu\u00f3 en el espect\u00e1culo londinense de <em>Show Boat<\/em> y se hizo famoso por su interpretaci\u00f3n de la canci\u00f3n &#8220;Ol&#8217; Man River&#8221;.  <\/p>\n\n<p>El \u00fanico hijo de Paul y Eslanda Robeson, Paul Robeson, Jr., naci\u00f3 en 1927.<\/p>\n\n<p>En la d\u00e9cada de 1930, Robeson se traslad\u00f3 a Londres donde actu\u00f3 en pel\u00edculas brit\u00e1nicas y continu\u00f3 actuando en la U.R.S.S. y por toda Europa. En 1939, \u00e9l y Eslanda regresaron a la ciudad de Nueva York. Apoy\u00f3 el esfuerzo b\u00e9lico del presidente Franklin Roosevelt actuando en bases de las fuerzas armadas, promoviendo bonos militares y en la emisi\u00f3n radiof\u00f3nica <em>Ballad for America<\/em>. Se opuso p\u00fablicamente al fascismo en Europa y al racismo en Estados Unidos.   <\/p>\n\n<p>En 1943, Robeson interpret\u00f3 al protagonista en la <a href=\"https:\/\/library.harvard.edu\/collections\/paul-robesons-othello\">producci\u00f3n de Broadway del <em>Otelo<\/em> de Shakespeare<\/a>. La obra realiz\u00f3 una gira nacional que deliberadamente omiti\u00f3 actuaciones en teatros segregados.<\/p>\n\n<p>En 1949, Robeson se opuso abiertamente a la guerra con la Uni\u00f3n Sovi\u00e9tica y argument\u00f3 que los afroamericanos no deber\u00edan enfrentar el reclutamiento porque el gobierno estadounidense les negaba la igualdad de derechos. El Departamento de Estado le revoc\u00f3 el pasaporte al a\u00f1o siguiente. Dos a\u00f1os despu\u00e9s, Robeson acept\u00f3 el Premio Internacional Stalin para el Fortalecimiento de la Paz. Al reflexionar sobre el premio, articul\u00f3 su oposici\u00f3n al fascismo y a la guerra nuclear. Unos meses despu\u00e9s, tras la muerte de Joseph Stalin, <a href=\"https:\/\/www.marxists.org\/reference\/archive\/stalin\/biographies\/1953\/04\/x01.htm\">Robeson elogi\u00f3 al l\u00edder sovi\u00e9tico<\/a>, quien hab\u00eda ordenado la ejecuci\u00f3n de casi un mill\u00f3n de sus propios ciudadanos y encarcelado a incontables millones m\u00e1s, como &#8220;sabio y bueno: el mundo y especialmente el mundo socialista tuvo la fortuna de contar con su gu\u00eda diaria&#8221;.    <\/p>\n\n<p>Tales puntos de vista le valieron a Robeson el odio de por vida de los anticomunistas estadounidenses y otros conservadores de derecha, y llevaron a una investigaci\u00f3n por parte del Comit\u00e9 de Actividades Antiamericanas de la C\u00e1mara en 1956. Robeson desafiantemente dijo al Congreso que no elegir\u00eda mudarse a la Uni\u00f3n Sovi\u00e9tica porque el trabajo de sus ancestros afroamericanos hab\u00eda construido Estados Unidos y que \u00e9l merec\u00eda vivir aqu\u00ed tanto como sus interrogadores.  <\/p>\n\n<p>En la <a href=\"https:\/\/supreme.justia.com\/cases\/federal\/us\/357\/116\/\">decisi\u00f3n <em>Kent v. Dulles<\/em><\/a> de 1958, la Corte Suprema de Estados Unidos dictamin\u00f3 que el Departamento de Estado no pod\u00eda revocar los pasaportes de los ciudadanos debido a sus convicciones pol\u00edticas. Robeson fue libre de reanudar sus actuaciones por todo el mundo, y emprendi\u00f3 una gira de conciertos por Europa, seguida de una gira por Australia y Nueva Zelanda. Tras la muerte de Eslanda por c\u00e1ncer en 1965, Robeson ces\u00f3 las apariciones p\u00fablicas debido a la depresi\u00f3n y problemas card\u00edacos. Muri\u00f3 en 1976.   <\/p>\n\n<p>Para celebrar el centenario de su graduaci\u00f3n, la Universidad de Rutgers nombr\u00f3 una plaza del campus en honor a Robeson. La Universidad de Columbia ofrece una beca de derecho Paul Robeson. Varias escuelas secundarias estadounidenses llevan su nombre.   <\/p>\n\n<div class=\"wp-block-columns is-layout-flex wp-container-core-columns-is-layout-9d6595d7 wp-block-columns-is-layout-flex\">\n<div class=\"wp-block-column is-layout-flow wp-block-column-is-layout-flow\" style=\"flex-basis:50%\">\n<figure class=\"wp-block-image size-full\"><img loading=\"lazy\" decoding=\"async\" width=\"800\" height=\"524\" src=\"https:\/\/quaker.org\/wp-content\/uploads\/sites\/3\/2023\/04\/Paul_Robeson_High_School_Chicago.jpg\" alt=\"\" class=\"wp-image-1290\" srcset=\"https:\/\/quaker.org\/wp-content\/uploads\/sites\/3\/2023\/04\/Paul_Robeson_High_School_Chicago.jpg 800w, https:\/\/quaker.org\/wp-content\/uploads\/sites\/3\/2023\/04\/Paul_Robeson_High_School_Chicago-300x197.jpg 300w, https:\/\/quaker.org\/wp-content\/uploads\/sites\/3\/2023\/04\/Paul_Robeson_High_School_Chicago-768x503.jpg 768w, https:\/\/quaker.org\/wp-content\/uploads\/sites\/3\/2023\/04\/Paul_Robeson_High_School_Chicago-600x393.jpg 600w\" sizes=\"auto, (max-width: 800px) 100vw, 800px\" \/><\/figure>\n<\/div>\n\n\n\n<div class=\"wp-block-column is-layout-flow wp-block-column-is-layout-flow\" style=\"flex-basis:50%\">\n<div class=\"wp-block-group has-background is-layout-constrained wp-block-group-is-layout-constrained\" style=\"background:radial-gradient(rgb(222,222,222) 0%,rgb(222,222,222) 100%)\">\n<h3 class=\"wp-block-heading\">Sugerencias para lecturas adicionales<\/h3>\n\n\n\n<p><em>Here I Stand<\/em>, por Paul Robeson<\/p>\n\n\n\n<p><em>Paul Robeson Speaks: Writings, Speeches, Interviews, 1918\u20131974<\/em>, editado por Philip S. Foner<\/p>\n\n\n\n<p><em>Paul Robeson<\/em>, por Martin Duberman<\/p>\n\n\n\n<p><em>The Undiscovered Paul Robeson: An Artist&#8217;s Journey, 1898\u20131939<\/em>, por Paul Robeson<\/p>\n\n\n\n<p>&#8220;<a href=\"https:\/\/www.theblackquakerproject.org\/post\/in-memory-of-paul-robeson-beleaguered-leader-1898-1976\">In Memory of Paul Robeson<\/a>&#8220;, Timothy Vaughn<\/p>\n<\/div>\n<\/div>\n<\/div>\n\n<p>Fotos: Divisi\u00f3n de Grabados y Fotograf\u00edas de la Biblioteca del Congreso; TukTucker (CC BY SA 4.0)<\/p>\n","protected":false},"excerpt":{"rendered":"<p>Paul Robeson naci\u00f3 en Princeton, Nueva Jersey, hijo de William D. Robeson, un presbiteriano, y de la maestra Maria Louisa&hellip;<\/p>\n","protected":false},"author":5131,"featured_media":0,"parent":0,"menu_order":0,"comment_status":"closed","ping_status":"closed","template":"","meta":{"_acf_changed":false,"hero_banner_post_id":0,"footnotes":""},"class_list":["post-3254","page","type-page","status-publish","hentry"],"yoast_head":"<!-- This site is optimized with the Yoast SEO plugin v27.3 - https:\/\/yoast.com\/product\/yoast-seo-wordpress\/ -->\n<title>Paul Robeson (9 de abril de 1898\u201323 de enero de 1976) - Quaker.org<\/title>\n<meta name=\"description\" content=\"Paul Robeson fue atleta, abogado, actor, cantante y activista pol\u00edtico, siempre en el foco p\u00fablico.\" \/>\n<meta name=\"robots\" content=\"index, follow, max-snippet:-1, max-image-preview:large, max-video-preview:-1\" \/>\n<link rel=\"canonical\" href=\"https:\/\/quaker.org\/es\/paul-robeson-9-de-abril-de-1898-23-de-enero-de-1976\/\" \/>\n<meta property=\"og:locale\" content=\"es_ES\" \/>\n<meta property=\"og:type\" content=\"article\" \/>\n<meta property=\"og:title\" content=\"Paul Robeson (9 de abril de 1898\u201323 de enero de 1976) - Quaker.org\" \/>\n<meta property=\"og:description\" content=\"Paul Robeson fue atleta, abogado, actor, cantante y activista pol\u00edtico, siempre en el foco p\u00fablico.\" \/>\n<meta property=\"og:url\" content=\"https:\/\/quaker.org\/es\/paul-robeson-9-de-abril-de-1898-23-de-enero-de-1976\/\" \/>\n<meta property=\"og:site_name\" content=\"Quaker.org\" \/>\n<meta property=\"article:modified_time\" content=\"2025-09-19T15:17:58+00:00\" \/>\n<meta property=\"og:image\" content=\"https:\/\/quaker.org\/wp-content\/uploads\/sites\/3\/2023\/04\/Paul_Robeson_1942_crop.jpg\" \/>\n\t<meta property=\"og:image:width\" content=\"481\" \/>\n\t<meta property=\"og:image:height\" content=\"599\" \/>\n\t<meta property=\"og:image:type\" content=\"image\/jpeg\" \/>\n<meta name=\"twitter:card\" content=\"summary_large_image\" \/>\n<meta name=\"twitter:label1\" content=\"Est. reading time\" \/>\n\t<meta name=\"twitter:data1\" content=\"5 minutes\" \/>\n<script type=\"application\/ld+json\" class=\"yoast-schema-graph\">{\"@context\":\"https:\\\/\\\/schema.org\",\"@graph\":[{\"@type\":\"WebPage\",\"@id\":\"https:\\\/\\\/quaker.org\\\/es\\\/paul-robeson-9-de-abril-de-1898-23-de-enero-de-1976\\\/\",\"url\":\"https:\\\/\\\/quaker.org\\\/es\\\/paul-robeson-9-de-abril-de-1898-23-de-enero-de-1976\\\/\",\"name\":\"Paul Robeson (9 de abril de 1898\u201323 de enero de 1976) - Quaker.org\",\"isPartOf\":{\"@id\":\"https:\\\/\\\/quaker.org\\\/es\\\/#website\"},\"primaryImageOfPage\":{\"@id\":\"https:\\\/\\\/quaker.org\\\/es\\\/paul-robeson-9-de-abril-de-1898-23-de-enero-de-1976\\\/#primaryimage\"},\"image\":{\"@id\":\"https:\\\/\\\/quaker.org\\\/es\\\/paul-robeson-9-de-abril-de-1898-23-de-enero-de-1976\\\/#primaryimage\"},\"thumbnailUrl\":\"https:\\\/\\\/quaker.org\\\/wp-content\\\/uploads\\\/sites\\\/3\\\/2023\\\/04\\\/Paul_Robeson_1942_crop.jpg\",\"datePublished\":\"2023-04-11T19:43:28+00:00\",\"dateModified\":\"2025-09-19T15:17:58+00:00\",\"description\":\"Paul Robeson fue atleta, abogado, actor, cantante y activista pol\u00edtico, siempre en el foco p\u00fablico.\",\"breadcrumb\":{\"@id\":\"https:\\\/\\\/quaker.org\\\/es\\\/paul-robeson-9-de-abril-de-1898-23-de-enero-de-1976\\\/#breadcrumb\"},\"inLanguage\":\"es-ES\",\"potentialAction\":[{\"@type\":\"ReadAction\",\"target\":[\"https:\\\/\\\/quaker.org\\\/es\\\/paul-robeson-9-de-abril-de-1898-23-de-enero-de-1976\\\/\"]}]},{\"@type\":\"ImageObject\",\"inLanguage\":\"es-ES\",\"@id\":\"https:\\\/\\\/quaker.org\\\/es\\\/paul-robeson-9-de-abril-de-1898-23-de-enero-de-1976\\\/#primaryimage\",\"url\":\"https:\\\/\\\/quaker.org\\\/wp-content\\\/uploads\\\/sites\\\/3\\\/2023\\\/04\\\/Paul_Robeson_1942_crop.jpg\",\"contentUrl\":\"https:\\\/\\\/quaker.org\\\/wp-content\\\/uploads\\\/sites\\\/3\\\/2023\\\/04\\\/Paul_Robeson_1942_crop.jpg\"},{\"@type\":\"BreadcrumbList\",\"@id\":\"https:\\\/\\\/quaker.org\\\/es\\\/paul-robeson-9-de-abril-de-1898-23-de-enero-de-1976\\\/#breadcrumb\",\"itemListElement\":[{\"@type\":\"ListItem\",\"position\":1,\"name\":\"Home\",\"item\":\"https:\\\/\\\/quaker.org\\\/es\\\/bienvenido-a-a-quaker-org\\\/\"},{\"@type\":\"ListItem\",\"position\":2,\"name\":\"Paul Robeson (9 de abril de 1898\u201323 de enero de 1976)\"}]},{\"@type\":\"WebSite\",\"@id\":\"https:\\\/\\\/quaker.org\\\/es\\\/#website\",\"url\":\"https:\\\/\\\/quaker.org\\\/es\\\/\",\"name\":\"Quaker.org\",\"description\":\"Learn about Friends\",\"publisher\":{\"@id\":\"https:\\\/\\\/quaker.org\\\/es\\\/#organization\"},\"potentialAction\":[{\"@type\":\"SearchAction\",\"target\":{\"@type\":\"EntryPoint\",\"urlTemplate\":\"https:\\\/\\\/quaker.org\\\/es\\\/?s={search_term_string}\"},\"query-input\":{\"@type\":\"PropertyValueSpecification\",\"valueRequired\":true,\"valueName\":\"search_term_string\"}}],\"inLanguage\":\"es-ES\"},{\"@type\":\"Organization\",\"@id\":\"https:\\\/\\\/quaker.org\\\/es\\\/#organization\",\"name\":\"Quaker.org\",\"url\":\"https:\\\/\\\/quaker.org\\\/es\\\/\",\"logo\":{\"@type\":\"ImageObject\",\"inLanguage\":\"es-ES\",\"@id\":\"https:\\\/\\\/quaker.org\\\/es\\\/#\\\/schema\\\/logo\\\/image\\\/\",\"url\":\"https:\\\/\\\/quaker.org\\\/wp-content\\\/uploads\\\/sites\\\/3\\\/2025\\\/08\\\/QuakerOrgLogo_BW-300x54-1.png\",\"contentUrl\":\"https:\\\/\\\/quaker.org\\\/wp-content\\\/uploads\\\/sites\\\/3\\\/2025\\\/08\\\/QuakerOrgLogo_BW-300x54-1.png\",\"width\":300,\"height\":54,\"caption\":\"Quaker.org\"},\"image\":{\"@id\":\"https:\\\/\\\/quaker.org\\\/es\\\/#\\\/schema\\\/logo\\\/image\\\/\"}}]}<\/script>\n<!-- \/ Yoast SEO plugin. -->","yoast_head_json":{"title":"Paul Robeson (9 de abril de 1898\u201323 de enero de 1976) - Quaker.org","description":"Paul Robeson fue atleta, abogado, actor, cantante y activista pol\u00edtico, siempre en el foco p\u00fablico.","robots":{"index":"index","follow":"follow","max-snippet":"max-snippet:-1","max-image-preview":"max-image-preview:large","max-video-preview":"max-video-preview:-1"},"canonical":"https:\/\/quaker.org\/es\/paul-robeson-9-de-abril-de-1898-23-de-enero-de-1976\/","og_locale":"es_ES","og_type":"article","og_title":"Paul Robeson (9 de abril de 1898\u201323 de enero de 1976) - Quaker.org","og_description":"Paul Robeson fue atleta, abogado, actor, cantante y activista pol\u00edtico, siempre en el foco p\u00fablico.","og_url":"https:\/\/quaker.org\/es\/paul-robeson-9-de-abril-de-1898-23-de-enero-de-1976\/","og_site_name":"Quaker.org","article_modified_time":"2025-09-19T15:17:58+00:00","og_image":[{"width":481,"height":599,"url":"https:\/\/quaker.org\/wp-content\/uploads\/sites\/3\/2023\/04\/Paul_Robeson_1942_crop.jpg","type":"image\/jpeg"}],"twitter_card":"summary_large_image","twitter_misc":{"Est. reading time":"5 minutes"},"schema":{"@context":"https:\/\/schema.org","@graph":[{"@type":"WebPage","@id":"https:\/\/quaker.org\/es\/paul-robeson-9-de-abril-de-1898-23-de-enero-de-1976\/","url":"https:\/\/quaker.org\/es\/paul-robeson-9-de-abril-de-1898-23-de-enero-de-1976\/","name":"Paul Robeson (9 de abril de 1898\u201323 de enero de 1976) - Quaker.org","isPartOf":{"@id":"https:\/\/quaker.org\/es\/#website"},"primaryImageOfPage":{"@id":"https:\/\/quaker.org\/es\/paul-robeson-9-de-abril-de-1898-23-de-enero-de-1976\/#primaryimage"},"image":{"@id":"https:\/\/quaker.org\/es\/paul-robeson-9-de-abril-de-1898-23-de-enero-de-1976\/#primaryimage"},"thumbnailUrl":"https:\/\/quaker.org\/wp-content\/uploads\/sites\/3\/2023\/04\/Paul_Robeson_1942_crop.jpg","datePublished":"2023-04-11T19:43:28+00:00","dateModified":"2025-09-19T15:17:58+00:00","description":"Paul Robeson fue atleta, abogado, actor, cantante y activista pol\u00edtico, siempre en el foco p\u00fablico.","breadcrumb":{"@id":"https:\/\/quaker.org\/es\/paul-robeson-9-de-abril-de-1898-23-de-enero-de-1976\/#breadcrumb"},"inLanguage":"es-ES","potentialAction":[{"@type":"ReadAction","target":["https:\/\/quaker.org\/es\/paul-robeson-9-de-abril-de-1898-23-de-enero-de-1976\/"]}]},{"@type":"ImageObject","inLanguage":"es-ES","@id":"https:\/\/quaker.org\/es\/paul-robeson-9-de-abril-de-1898-23-de-enero-de-1976\/#primaryimage","url":"https:\/\/quaker.org\/wp-content\/uploads\/sites\/3\/2023\/04\/Paul_Robeson_1942_crop.jpg","contentUrl":"https:\/\/quaker.org\/wp-content\/uploads\/sites\/3\/2023\/04\/Paul_Robeson_1942_crop.jpg"},{"@type":"BreadcrumbList","@id":"https:\/\/quaker.org\/es\/paul-robeson-9-de-abril-de-1898-23-de-enero-de-1976\/#breadcrumb","itemListElement":[{"@type":"ListItem","position":1,"name":"Home","item":"https:\/\/quaker.org\/es\/bienvenido-a-a-quaker-org\/"},{"@type":"ListItem","position":2,"name":"Paul Robeson (9 de abril de 1898\u201323 de enero de 1976)"}]},{"@type":"WebSite","@id":"https:\/\/quaker.org\/es\/#website","url":"https:\/\/quaker.org\/es\/","name":"Quaker.org","description":"Learn about Friends","publisher":{"@id":"https:\/\/quaker.org\/es\/#organization"},"potentialAction":[{"@type":"SearchAction","target":{"@type":"EntryPoint","urlTemplate":"https:\/\/quaker.org\/es\/?s={search_term_string}"},"query-input":{"@type":"PropertyValueSpecification","valueRequired":true,"valueName":"search_term_string"}}],"inLanguage":"es-ES"},{"@type":"Organization","@id":"https:\/\/quaker.org\/es\/#organization","name":"Quaker.org","url":"https:\/\/quaker.org\/es\/","logo":{"@type":"ImageObject","inLanguage":"es-ES","@id":"https:\/\/quaker.org\/es\/#\/schema\/logo\/image\/","url":"https:\/\/quaker.org\/wp-content\/uploads\/sites\/3\/2025\/08\/QuakerOrgLogo_BW-300x54-1.png","contentUrl":"https:\/\/quaker.org\/wp-content\/uploads\/sites\/3\/2025\/08\/QuakerOrgLogo_BW-300x54-1.png","width":300,"height":54,"caption":"Quaker.org"},"image":{"@id":"https:\/\/quaker.org\/es\/#\/schema\/logo\/image\/"}}]}},"distributor_meta":false,"distributor_terms":false,"distributor_media":false,"distributor_original_site_name":"Quaker.org","distributor_original_site_url":"https:\/\/quaker.org\/es\/","push-errors":false,"acf":[],"_links":{"self":[{"href":"https:\/\/quaker.org\/es\/wp-json\/wp\/v2\/pages\/3254","targetHints":{"allow":["GET"]}}],"collection":[{"href":"https:\/\/quaker.org\/es\/wp-json\/wp\/v2\/pages"}],"about":[{"href":"https:\/\/quaker.org\/es\/wp-json\/wp\/v2\/types\/page"}],"author":[{"embeddable":true,"href":"https:\/\/quaker.org\/es\/wp-json\/wp\/v2\/users\/5131"}],"replies":[{"embeddable":true,"href":"https:\/\/quaker.org\/es\/wp-json\/wp\/v2\/comments?post=3254"}],"version-history":[{"count":1,"href":"https:\/\/quaker.org\/es\/wp-json\/wp\/v2\/pages\/3254\/revisions"}],"predecessor-version":[{"id":3256,"href":"https:\/\/quaker.org\/es\/wp-json\/wp\/v2\/pages\/3254\/revisions\/3256"}],"wp:attachment":[{"href":"https:\/\/quaker.org\/es\/wp-json\/wp\/v2\/media?parent=3254"}],"curies":[{"name":"wp","href":"https:\/\/api.w.org\/{rel}","templated":true}]}}