{"id":3252,"date":"2020-05-22T16:28:31","date_gmt":"2020-05-22T16:28:31","guid":{"rendered":"https:\/\/quaker.org\/toma-de-decisiones\/"},"modified":"2025-09-19T15:17:34","modified_gmt":"2025-09-19T15:17:34","slug":"toma-de-decisiones","status":"publish","type":"page","link":"https:\/\/quaker.org\/es\/toma-de-decisiones\/","title":{"rendered":"Toma de decisiones"},"content":{"rendered":"\n<p>Como comunidad que toma decisiones juntas, los cu\u00e1queros buscan &#8220;El sentir de la Junta&#8221;, a trav\u00e9s de un proceso de discernimiento comunitario. No votan. Esta pr\u00e1ctica de discernimiento comunitario es una pr\u00e1ctica de larga tradici\u00f3n entre los Amigos en todas partes y es la manera en que las comunidades disciernen la voluntad de Dios para s\u00ed mismas. Por eso no hay una jerarqu\u00eda excesivamente vertical para los Amigos. El objetivo de todas las juntas anuales cu\u00e1queras es apoyar, nutrir y proteger el discernimiento de cada junta.    <\/p>\n\n<p>As\u00ed es como el <a href=\"https:\/\/www.friendsjournal.org\/quakerhub\/american-friends-service-committee\/\">Comit\u00e9 de Servicio de los Amigos Americanos<\/a> describe este proceso:<\/p>\n\n<blockquote class=\"wp-block-quote is-style-default is-layout-flow wp-block-quote-is-layout-flow\">\n<p>La toma de decisiones cu\u00e1quera se basa en la creencia de que cuando varias personas se re\u00fanen para trabajar en el Esp\u00edritu (Santo) pueden discernir una verdad que excede el alcance de cualquier individuo. Al tomar decisiones, los Amigos no simplemente votan para determinar la opini\u00f3n mayoritaria, sino que buscan la unidad sobre el curso de acci\u00f3n m\u00e1s sabio. Con el tiempo, los Amigos han desarrollado maneras de conducir reuniones que nutren y apoyan este proceso de discernimiento corporativo.  <\/p>\n\n\n\n<p>Para ser efectivo, el proceso cu\u00e1quero requiere que todos vengan preparados para participar plenamente compartiendo sus experiencias y conocimientos, escuchando respetuosamente las experiencias y conocimientos aportados por otros, y manteni\u00e9ndose abiertos a nuevas percepciones e ideas. Esta poderosa combinaci\u00f3n de experiencia fundamentada y apertura espiritual, racionalidad y fe, permite que emerja una verdad m\u00e1s profunda. Cuando todos los presentes son capaces de reconocer la misma verdad, la junta ha alcanzado la unidad. El trabajo del secretario es percibir la verdad emergente y trabajar con los presentes para poner esa verdad en palabras.   <\/p>\n<cite><a href=\"https:\/\/www.afsc.org\/testimonies\/decision-making\">Toma de decisiones cu\u00e1quera \/ AFSC<\/a><\/cite><\/blockquote>\n\n<hr class=\"wp-block-separator has-css-opacity\" \/>\n\n<h2 class=\"wp-block-heading\">Una selecci\u00f3n de videos de quaker speak sobre toma de decisiones<\/h2>\n\n<div class=\"wp-block-columns is-layout-flex wp-container-core-columns-is-layout-9d6595d7 wp-block-columns-is-layout-flex\">\n<div class=\"wp-block-column is-layout-flow wp-block-column-is-layout-flow\">\n<figure class=\"wp-block-embed-wordpress wp-block-embed is-type-wp-embed is-provider-quakerspeak\"><div class=\"wp-block-embed__wrapper\">\nhttps:\/\/quakerspeak.com\/how-to-clerk-a-quaker-business-meeting\/\n<\/div><\/figure>\n<\/div>\n\n\n\n<div class=\"wp-block-column is-layout-flow wp-block-column-is-layout-flow\">\n<figure class=\"wp-block-embed-wordpress wp-block-embed is-type-wp-embed is-provider-quakerspeak\"><div class=\"wp-block-embed__wrapper\">\nhttps:\/\/quakerspeak.com\/quaker-decision-making-consensus\/\n<\/div><\/figure>\n<\/div>\n<\/div>\n\n<figure class=\"wp-block-embed-wordpress wp-block-embed is-type-wp-embed is-provider-quakerspeak\"><div class=\"wp-block-embed__wrapper\">\nhttps:\/\/quakerspeak.com\/why-quakers-value-process-over-outcome\/\n<\/div><\/figure>\n\n<hr class=\"wp-block-separator has-css-opacity\" \/>\n\n<h2 class=\"wp-block-heading\">Lecturas adicionales<\/h2>\n\n<p><a href=\"https:\/\/quakerbooks.org\/products\/with-a-tender-hand?_pos=1&amp;_sid=060bfa23e&amp;_ss=r\">Con una mano tierna: un libro de recursos para el liderazgo espiritual y la supervisi\u00f3n<\/a> por z\u00e9lie gross<\/p>\n\n<p><a href=\"https:\/\/quakerbooks.org\/products\/spiritual-discernment-the-context-and-goal-of-clearness-committees-3375?_pos=3&amp;_sid=f346183cc&amp;_ss=r\">Discernimiento espiritual<\/a> &#8211; folleto de pendle Hill #305 por Patrica Loring<\/p>\n\n<p><a href=\"https:\/\/quakerbooks.org\/products\/quaker-process-for-friends-on-the-benches-3628?_pos=1&amp;_sid=a9d875bae&amp;_ss=r\">Proceso cu\u00e1quero para los Amigos en los bancos<\/a> por Mathilda navias<\/p>\n\n<p><a href=\"https:\/\/quakerbooks.org\/products\/beyond-majority-rule-3515?_pos=1&amp;_sid=9ce66a5a5&amp;_ss=r\">M\u00e1s all\u00e1 de la regla de la mayor\u00eda<\/a> por Michael sheeran<\/p>\n","protected":false},"excerpt":{"rendered":"<p>Como comunidad que toma decisiones juntas, los cu\u00e1queros buscan &#8220;El sentir de la Junta&#8221;, a trav\u00e9s de un proceso de&hellip;<\/p>\n","protected":false},"author":5129,"featured_media":0,"parent":0,"menu_order":0,"comment_status":"closed","ping_status":"closed","template":"","meta":{"_acf_changed":false,"hero_banner_post_id":0,"footnotes":""},"class_list":["post-3252","page","type-page","status-publish","hentry"],"yoast_head":"<!-- This site is optimized with the Yoast SEO plugin v27.3 - https:\/\/yoast.com\/product\/yoast-seo-wordpress\/ -->\n<title>\u00bfQu\u00e9 es el discernimiento comunitario en la toma de decisiones? - el proceso de toma de decisiones cu\u00e1quero<\/title>\n<meta name=\"description\" content=\"Para tomar decisiones como comunidad, los cu\u00e1queros buscan &quot;El sentir de la Junta&quot;, a trav\u00e9s de un proceso de discernimiento comunitario. Conozca m\u00e1s sobre el proceso de decisi\u00f3n cu\u00e1quero.\" \/>\n<meta name=\"robots\" content=\"index, follow, max-snippet:-1, max-image-preview:large, max-video-preview:-1\" \/>\n<link rel=\"canonical\" href=\"https:\/\/quaker.org\/es\/toma-de-decisiones\/\" \/>\n<meta property=\"og:locale\" content=\"es_ES\" \/>\n<meta property=\"og:type\" content=\"article\" \/>\n<meta property=\"og:title\" content=\"\u00bfQu\u00e9 es el discernimiento comunitario en la toma de decisiones? - el proceso de toma de decisiones cu\u00e1quero\" \/>\n<meta property=\"og:description\" content=\"Para tomar decisiones como comunidad, los cu\u00e1queros buscan &quot;El sentir de la Junta&quot;, a trav\u00e9s de un proceso de discernimiento comunitario. Conozca m\u00e1s sobre el proceso de decisi\u00f3n cu\u00e1quero.\" \/>\n<meta property=\"og:url\" content=\"https:\/\/quaker.org\/es\/toma-de-decisiones\/\" \/>\n<meta property=\"og:site_name\" content=\"Quaker.org\" \/>\n<meta property=\"article:modified_time\" content=\"2025-09-19T15:17:34+00:00\" \/>\n<meta name=\"twitter:card\" content=\"summary_large_image\" \/>\n<meta name=\"twitter:label1\" content=\"Est. reading time\" \/>\n\t<meta name=\"twitter:data1\" content=\"2 minutes\" \/>\n<script type=\"application\/ld+json\" class=\"yoast-schema-graph\">{\"@context\":\"https:\\\/\\\/schema.org\",\"@graph\":[{\"@type\":\"WebPage\",\"@id\":\"https:\\\/\\\/quaker.org\\\/es\\\/toma-de-decisiones\\\/\",\"url\":\"https:\\\/\\\/quaker.org\\\/es\\\/toma-de-decisiones\\\/\",\"name\":\"\u00bfQu\u00e9 es el discernimiento comunitario en la toma de decisiones? - el proceso de toma de decisiones cu\u00e1quero\",\"isPartOf\":{\"@id\":\"https:\\\/\\\/quaker.org\\\/es\\\/#website\"},\"datePublished\":\"2020-05-22T16:28:31+00:00\",\"dateModified\":\"2025-09-19T15:17:34+00:00\",\"description\":\"Para tomar decisiones como comunidad, los cu\u00e1queros buscan \\\"El sentir de la Junta\\\", a trav\u00e9s de un proceso de discernimiento comunitario. Conozca m\u00e1s sobre el proceso de decisi\u00f3n cu\u00e1quero.\",\"breadcrumb\":{\"@id\":\"https:\\\/\\\/quaker.org\\\/es\\\/toma-de-decisiones\\\/#breadcrumb\"},\"inLanguage\":\"es-ES\",\"potentialAction\":[{\"@type\":\"ReadAction\",\"target\":[\"https:\\\/\\\/quaker.org\\\/es\\\/toma-de-decisiones\\\/\"]}]},{\"@type\":\"BreadcrumbList\",\"@id\":\"https:\\\/\\\/quaker.org\\\/es\\\/toma-de-decisiones\\\/#breadcrumb\",\"itemListElement\":[{\"@type\":\"ListItem\",\"position\":1,\"name\":\"Home\",\"item\":\"https:\\\/\\\/quaker.org\\\/es\\\/bienvenido-a-a-quaker-org\\\/\"},{\"@type\":\"ListItem\",\"position\":2,\"name\":\"Toma de decisiones\"}]},{\"@type\":\"WebSite\",\"@id\":\"https:\\\/\\\/quaker.org\\\/es\\\/#website\",\"url\":\"https:\\\/\\\/quaker.org\\\/es\\\/\",\"name\":\"Quaker.org\",\"description\":\"Learn about Friends\",\"publisher\":{\"@id\":\"https:\\\/\\\/quaker.org\\\/es\\\/#organization\"},\"potentialAction\":[{\"@type\":\"SearchAction\",\"target\":{\"@type\":\"EntryPoint\",\"urlTemplate\":\"https:\\\/\\\/quaker.org\\\/es\\\/?s={search_term_string}\"},\"query-input\":{\"@type\":\"PropertyValueSpecification\",\"valueRequired\":true,\"valueName\":\"search_term_string\"}}],\"inLanguage\":\"es-ES\"},{\"@type\":\"Organization\",\"@id\":\"https:\\\/\\\/quaker.org\\\/es\\\/#organization\",\"name\":\"Quaker.org\",\"url\":\"https:\\\/\\\/quaker.org\\\/es\\\/\",\"logo\":{\"@type\":\"ImageObject\",\"inLanguage\":\"es-ES\",\"@id\":\"https:\\\/\\\/quaker.org\\\/es\\\/#\\\/schema\\\/logo\\\/image\\\/\",\"url\":\"https:\\\/\\\/quaker.org\\\/wp-content\\\/uploads\\\/sites\\\/3\\\/2025\\\/08\\\/QuakerOrgLogo_BW-300x54-1.png\",\"contentUrl\":\"https:\\\/\\\/quaker.org\\\/wp-content\\\/uploads\\\/sites\\\/3\\\/2025\\\/08\\\/QuakerOrgLogo_BW-300x54-1.png\",\"width\":300,\"height\":54,\"caption\":\"Quaker.org\"},\"image\":{\"@id\":\"https:\\\/\\\/quaker.org\\\/es\\\/#\\\/schema\\\/logo\\\/image\\\/\"}}]}<\/script>\n<!-- \/ Yoast SEO plugin. -->","yoast_head_json":{"title":"\u00bfQu\u00e9 es el discernimiento comunitario en la toma de decisiones? - el proceso de toma de decisiones cu\u00e1quero","description":"Para tomar decisiones como comunidad, los cu\u00e1queros buscan \"El sentir de la Junta\", a trav\u00e9s de un proceso de discernimiento comunitario. Conozca m\u00e1s sobre el proceso de decisi\u00f3n cu\u00e1quero.","robots":{"index":"index","follow":"follow","max-snippet":"max-snippet:-1","max-image-preview":"max-image-preview:large","max-video-preview":"max-video-preview:-1"},"canonical":"https:\/\/quaker.org\/es\/toma-de-decisiones\/","og_locale":"es_ES","og_type":"article","og_title":"\u00bfQu\u00e9 es el discernimiento comunitario en la toma de decisiones? - el proceso de toma de decisiones cu\u00e1quero","og_description":"Para tomar decisiones como comunidad, los cu\u00e1queros buscan \"El sentir de la Junta\", a trav\u00e9s de un proceso de discernimiento comunitario. Conozca m\u00e1s sobre el proceso de decisi\u00f3n cu\u00e1quero.","og_url":"https:\/\/quaker.org\/es\/toma-de-decisiones\/","og_site_name":"Quaker.org","article_modified_time":"2025-09-19T15:17:34+00:00","twitter_card":"summary_large_image","twitter_misc":{"Est. reading time":"2 minutes"},"schema":{"@context":"https:\/\/schema.org","@graph":[{"@type":"WebPage","@id":"https:\/\/quaker.org\/es\/toma-de-decisiones\/","url":"https:\/\/quaker.org\/es\/toma-de-decisiones\/","name":"\u00bfQu\u00e9 es el discernimiento comunitario en la toma de decisiones? - el proceso de toma de decisiones cu\u00e1quero","isPartOf":{"@id":"https:\/\/quaker.org\/es\/#website"},"datePublished":"2020-05-22T16:28:31+00:00","dateModified":"2025-09-19T15:17:34+00:00","description":"Para tomar decisiones como comunidad, los cu\u00e1queros buscan \"El sentir de la Junta\", a trav\u00e9s de un proceso de discernimiento comunitario. Conozca m\u00e1s sobre el proceso de decisi\u00f3n cu\u00e1quero.","breadcrumb":{"@id":"https:\/\/quaker.org\/es\/toma-de-decisiones\/#breadcrumb"},"inLanguage":"es-ES","potentialAction":[{"@type":"ReadAction","target":["https:\/\/quaker.org\/es\/toma-de-decisiones\/"]}]},{"@type":"BreadcrumbList","@id":"https:\/\/quaker.org\/es\/toma-de-decisiones\/#breadcrumb","itemListElement":[{"@type":"ListItem","position":1,"name":"Home","item":"https:\/\/quaker.org\/es\/bienvenido-a-a-quaker-org\/"},{"@type":"ListItem","position":2,"name":"Toma de decisiones"}]},{"@type":"WebSite","@id":"https:\/\/quaker.org\/es\/#website","url":"https:\/\/quaker.org\/es\/","name":"Quaker.org","description":"Learn about Friends","publisher":{"@id":"https:\/\/quaker.org\/es\/#organization"},"potentialAction":[{"@type":"SearchAction","target":{"@type":"EntryPoint","urlTemplate":"https:\/\/quaker.org\/es\/?s={search_term_string}"},"query-input":{"@type":"PropertyValueSpecification","valueRequired":true,"valueName":"search_term_string"}}],"inLanguage":"es-ES"},{"@type":"Organization","@id":"https:\/\/quaker.org\/es\/#organization","name":"Quaker.org","url":"https:\/\/quaker.org\/es\/","logo":{"@type":"ImageObject","inLanguage":"es-ES","@id":"https:\/\/quaker.org\/es\/#\/schema\/logo\/image\/","url":"https:\/\/quaker.org\/wp-content\/uploads\/sites\/3\/2025\/08\/QuakerOrgLogo_BW-300x54-1.png","contentUrl":"https:\/\/quaker.org\/wp-content\/uploads\/sites\/3\/2025\/08\/QuakerOrgLogo_BW-300x54-1.png","width":300,"height":54,"caption":"Quaker.org"},"image":{"@id":"https:\/\/quaker.org\/es\/#\/schema\/logo\/image\/"}}]}},"distributor_meta":false,"distributor_terms":false,"distributor_media":false,"distributor_original_site_name":"Quaker.org","distributor_original_site_url":"https:\/\/quaker.org\/es\/","push-errors":false,"acf":[],"_links":{"self":[{"href":"https:\/\/quaker.org\/es\/wp-json\/wp\/v2\/pages\/3252","targetHints":{"allow":["GET"]}}],"collection":[{"href":"https:\/\/quaker.org\/es\/wp-json\/wp\/v2\/pages"}],"about":[{"href":"https:\/\/quaker.org\/es\/wp-json\/wp\/v2\/types\/page"}],"author":[{"embeddable":true,"href":"https:\/\/quaker.org\/es\/wp-json\/wp\/v2\/users\/5129"}],"replies":[{"embeddable":true,"href":"https:\/\/quaker.org\/es\/wp-json\/wp\/v2\/comments?post=3252"}],"version-history":[{"count":1,"href":"https:\/\/quaker.org\/es\/wp-json\/wp\/v2\/pages\/3252\/revisions"}],"predecessor-version":[{"id":3253,"href":"https:\/\/quaker.org\/es\/wp-json\/wp\/v2\/pages\/3252\/revisions\/3253"}],"wp:attachment":[{"href":"https:\/\/quaker.org\/es\/wp-json\/wp\/v2\/media?parent=3252"}],"curies":[{"name":"wp","href":"https:\/\/api.w.org\/{rel}","templated":true}]}}