{"id":3250,"date":"2023-02-09T20:49:03","date_gmt":"2023-02-09T20:49:03","guid":{"rendered":"https:\/\/quaker.org\/politica-de-privacidad\/"},"modified":"2025-09-19T15:17:18","modified_gmt":"2025-09-19T15:17:18","slug":"politica-de-privacidad","status":"publish","type":"page","link":"https:\/\/quaker.org\/es\/politica-de-privacidad\/","title":{"rendered":"Pol\u00edtica de privacidad"},"content":{"rendered":"\n<p>Friends Publishing Corporation, una organizaci\u00f3n sin \u00e1nimo de lucro de Pensilvania, EE. UU., reconocida bajo la secci\u00f3n 501(c)(3) del IRS, es la editora de los sitios web friendsjournal.org, quakerspeak.com y quaker.org, que son de acceso gratuito para cualquier persona en todo el mundo.<\/p>\n\n<p>FPC recopila datos personales de los clientes que son necesarios para cumplir con los pedidos de bienes y servicios, incluidas las publicaciones impresas y digitales, suscripciones por correo electr\u00f3nico, libros, DVD y otros productos. FPC puede comunicarse con los clientes en el curso normal de los negocios a trav\u00e9s de correo electr\u00f3nico, correo postal y tel\u00e9fono. FPC puede contratar a terceros para gestionar nuestras comunicaciones (Salesforce, The Better Fundraising Company, Aweber, Sheridan y Amazon Web Services), compartiendo \u00fanicamente los datos necesarios para la actividad comercial contratada. Por ejemplo, para cumplir con los pedidos de revistas, FPC comparte las direcciones de los clientes con Sheridan, nuestro impresor\/distribuidor, quien transmite la lista al Servicio Postal de EE. UU. para verificar cambios y precisi\u00f3n.   <\/p>\n\n<p>FPC atender\u00e1 cualquier solicitud del cliente para eliminar, modificar o retirar los datos personales que conservamos, en el plazo de un mes. Las solicitudes deben enviarse por correo electr\u00f3nico a info@friendsjournal.org o por tel\u00e9fono al 215\u2013563-8629. <\/p>\n\n<p>FPC procesa las transacciones con tarjeta de cr\u00e9dito a trav\u00e9s de proveedores externos (Stripe y PayPal) en cumplimiento con PCI\u2010DSS y no recibe ni almacena los datos de tarjetas de cr\u00e9dito enviados por los usuarios a trav\u00e9s de Internet.<\/p>\n\n<p>FPC utiliza cookies, Javascript y URL rastreables para analizar y obtener informaci\u00f3n del comportamiento de los usuarios en nuestros sitios web, as\u00ed como para proporcionar a los usuarios las experiencias de cliente deseadas, como reconocerlos como clientes valiosos cuando regresan a nuestros sitios web. FPC no proporciona datos sobre usuarios o comportamiento de usuarios a terceros, aparte de los datos resultantes de nuestro uso de anal\u00edticas. Nuestros proveedores de anal\u00edticas son Automattic, Facebook, Google Analytics y Quantcast. Puede navegar por nuestro sitio utilizando Inc\u00f3gnito, Modo de Navegaci\u00f3n Privada u otra tecnolog\u00eda que bloquee las cookies o desactive Javascript, pero no garantizamos la funcionalidad completa de nuestro sitio web en esos casos.   <\/p>\n\n<p>Los anuncios en los sitios web de FPC no se dirigen a los usuarios bas\u00e1ndose en su actividad en otros sitios web.<br\/>Valoramos la confianza de nuestros usuarios en nosotros y nos comprometemos a responder a cualquier inquietud que puedan tener los usuarios. Los usuarios pueden contactar al director ejecutivo de FPC, Gabriel Ehri, en ED@friendsjournal.org, con cualquier inquietud. <\/p>\n\n<p><br\/>Actualizado 8\/2020<\/p>\n","protected":false},"excerpt":{"rendered":"<p>Friends Publishing Corporation, una organizaci\u00f3n sin \u00e1nimo de lucro de Pensilvania, EE. UU., reconocida bajo la secci\u00f3n 501(c)(3) del IRS,&hellip;<\/p>\n","protected":false},"author":5131,"featured_media":0,"parent":0,"menu_order":0,"comment_status":"closed","ping_status":"closed","template":"","meta":{"_acf_changed":false,"hero_banner_post_id":0,"footnotes":""},"class_list":["post-3250","page","type-page","status-publish","hentry"],"yoast_head":"<!-- This site is optimized with the Yoast SEO plugin v27.3 - https:\/\/yoast.com\/product\/yoast-seo-wordpress\/ -->\n<title>Pol\u00edtica de privacidad - Quaker.org<\/title>\n<meta name=\"robots\" content=\"index, follow, max-snippet:-1, max-image-preview:large, max-video-preview:-1\" \/>\n<link rel=\"canonical\" href=\"https:\/\/quaker.org\/es\/politica-de-privacidad\/\" \/>\n<meta property=\"og:locale\" content=\"es_ES\" \/>\n<meta property=\"og:type\" content=\"article\" \/>\n<meta property=\"og:title\" content=\"Pol\u00edtica de privacidad - Quaker.org\" \/>\n<meta property=\"og:description\" content=\"Friends Publishing Corporation, una organizaci\u00f3n sin \u00e1nimo de lucro de Pensilvania, EE. UU., reconocida bajo la secci\u00f3n 501(c)(3) del IRS,&hellip;\" \/>\n<meta property=\"og:url\" content=\"https:\/\/quaker.org\/es\/politica-de-privacidad\/\" \/>\n<meta property=\"og:site_name\" content=\"Quaker.org\" \/>\n<meta property=\"article:modified_time\" content=\"2025-09-19T15:17:18+00:00\" \/>\n<meta name=\"twitter:card\" content=\"summary_large_image\" \/>\n<meta name=\"twitter:label1\" content=\"Est. reading time\" \/>\n\t<meta name=\"twitter:data1\" content=\"2 minutes\" \/>\n<script type=\"application\/ld+json\" class=\"yoast-schema-graph\">{\"@context\":\"https:\\\/\\\/schema.org\",\"@graph\":[{\"@type\":\"WebPage\",\"@id\":\"https:\\\/\\\/quaker.org\\\/es\\\/politica-de-privacidad\\\/\",\"url\":\"https:\\\/\\\/quaker.org\\\/es\\\/politica-de-privacidad\\\/\",\"name\":\"Pol\u00edtica de privacidad - Quaker.org\",\"isPartOf\":{\"@id\":\"https:\\\/\\\/quaker.org\\\/es\\\/#website\"},\"datePublished\":\"2023-02-09T20:49:03+00:00\",\"dateModified\":\"2025-09-19T15:17:18+00:00\",\"breadcrumb\":{\"@id\":\"https:\\\/\\\/quaker.org\\\/es\\\/politica-de-privacidad\\\/#breadcrumb\"},\"inLanguage\":\"es-ES\",\"potentialAction\":[{\"@type\":\"ReadAction\",\"target\":[\"https:\\\/\\\/quaker.org\\\/es\\\/politica-de-privacidad\\\/\"]}]},{\"@type\":\"BreadcrumbList\",\"@id\":\"https:\\\/\\\/quaker.org\\\/es\\\/politica-de-privacidad\\\/#breadcrumb\",\"itemListElement\":[{\"@type\":\"ListItem\",\"position\":1,\"name\":\"Home\",\"item\":\"https:\\\/\\\/quaker.org\\\/es\\\/bienvenido-a-a-quaker-org\\\/\"},{\"@type\":\"ListItem\",\"position\":2,\"name\":\"Pol\u00edtica de privacidad\"}]},{\"@type\":\"WebSite\",\"@id\":\"https:\\\/\\\/quaker.org\\\/es\\\/#website\",\"url\":\"https:\\\/\\\/quaker.org\\\/es\\\/\",\"name\":\"Quaker.org\",\"description\":\"Learn about Friends\",\"publisher\":{\"@id\":\"https:\\\/\\\/quaker.org\\\/es\\\/#organization\"},\"potentialAction\":[{\"@type\":\"SearchAction\",\"target\":{\"@type\":\"EntryPoint\",\"urlTemplate\":\"https:\\\/\\\/quaker.org\\\/es\\\/?s={search_term_string}\"},\"query-input\":{\"@type\":\"PropertyValueSpecification\",\"valueRequired\":true,\"valueName\":\"search_term_string\"}}],\"inLanguage\":\"es-ES\"},{\"@type\":\"Organization\",\"@id\":\"https:\\\/\\\/quaker.org\\\/es\\\/#organization\",\"name\":\"Quaker.org\",\"url\":\"https:\\\/\\\/quaker.org\\\/es\\\/\",\"logo\":{\"@type\":\"ImageObject\",\"inLanguage\":\"es-ES\",\"@id\":\"https:\\\/\\\/quaker.org\\\/es\\\/#\\\/schema\\\/logo\\\/image\\\/\",\"url\":\"https:\\\/\\\/quaker.org\\\/wp-content\\\/uploads\\\/sites\\\/3\\\/2025\\\/08\\\/QuakerOrgLogo_BW-300x54-1.png\",\"contentUrl\":\"https:\\\/\\\/quaker.org\\\/wp-content\\\/uploads\\\/sites\\\/3\\\/2025\\\/08\\\/QuakerOrgLogo_BW-300x54-1.png\",\"width\":300,\"height\":54,\"caption\":\"Quaker.org\"},\"image\":{\"@id\":\"https:\\\/\\\/quaker.org\\\/es\\\/#\\\/schema\\\/logo\\\/image\\\/\"}}]}<\/script>\n<!-- \/ Yoast SEO plugin. -->","yoast_head_json":{"title":"Pol\u00edtica de privacidad - Quaker.org","robots":{"index":"index","follow":"follow","max-snippet":"max-snippet:-1","max-image-preview":"max-image-preview:large","max-video-preview":"max-video-preview:-1"},"canonical":"https:\/\/quaker.org\/es\/politica-de-privacidad\/","og_locale":"es_ES","og_type":"article","og_title":"Pol\u00edtica de privacidad - Quaker.org","og_description":"Friends Publishing Corporation, una organizaci\u00f3n sin \u00e1nimo de lucro de Pensilvania, EE. UU., reconocida bajo la secci\u00f3n 501(c)(3) del IRS,&hellip;","og_url":"https:\/\/quaker.org\/es\/politica-de-privacidad\/","og_site_name":"Quaker.org","article_modified_time":"2025-09-19T15:17:18+00:00","twitter_card":"summary_large_image","twitter_misc":{"Est. reading time":"2 minutes"},"schema":{"@context":"https:\/\/schema.org","@graph":[{"@type":"WebPage","@id":"https:\/\/quaker.org\/es\/politica-de-privacidad\/","url":"https:\/\/quaker.org\/es\/politica-de-privacidad\/","name":"Pol\u00edtica de privacidad - Quaker.org","isPartOf":{"@id":"https:\/\/quaker.org\/es\/#website"},"datePublished":"2023-02-09T20:49:03+00:00","dateModified":"2025-09-19T15:17:18+00:00","breadcrumb":{"@id":"https:\/\/quaker.org\/es\/politica-de-privacidad\/#breadcrumb"},"inLanguage":"es-ES","potentialAction":[{"@type":"ReadAction","target":["https:\/\/quaker.org\/es\/politica-de-privacidad\/"]}]},{"@type":"BreadcrumbList","@id":"https:\/\/quaker.org\/es\/politica-de-privacidad\/#breadcrumb","itemListElement":[{"@type":"ListItem","position":1,"name":"Home","item":"https:\/\/quaker.org\/es\/bienvenido-a-a-quaker-org\/"},{"@type":"ListItem","position":2,"name":"Pol\u00edtica de privacidad"}]},{"@type":"WebSite","@id":"https:\/\/quaker.org\/es\/#website","url":"https:\/\/quaker.org\/es\/","name":"Quaker.org","description":"Learn about Friends","publisher":{"@id":"https:\/\/quaker.org\/es\/#organization"},"potentialAction":[{"@type":"SearchAction","target":{"@type":"EntryPoint","urlTemplate":"https:\/\/quaker.org\/es\/?s={search_term_string}"},"query-input":{"@type":"PropertyValueSpecification","valueRequired":true,"valueName":"search_term_string"}}],"inLanguage":"es-ES"},{"@type":"Organization","@id":"https:\/\/quaker.org\/es\/#organization","name":"Quaker.org","url":"https:\/\/quaker.org\/es\/","logo":{"@type":"ImageObject","inLanguage":"es-ES","@id":"https:\/\/quaker.org\/es\/#\/schema\/logo\/image\/","url":"https:\/\/quaker.org\/wp-content\/uploads\/sites\/3\/2025\/08\/QuakerOrgLogo_BW-300x54-1.png","contentUrl":"https:\/\/quaker.org\/wp-content\/uploads\/sites\/3\/2025\/08\/QuakerOrgLogo_BW-300x54-1.png","width":300,"height":54,"caption":"Quaker.org"},"image":{"@id":"https:\/\/quaker.org\/es\/#\/schema\/logo\/image\/"}}]}},"distributor_meta":false,"distributor_terms":false,"distributor_media":false,"distributor_original_site_name":"Quaker.org","distributor_original_site_url":"https:\/\/quaker.org\/es\/","push-errors":false,"acf":[],"_links":{"self":[{"href":"https:\/\/quaker.org\/es\/wp-json\/wp\/v2\/pages\/3250","targetHints":{"allow":["GET"]}}],"collection":[{"href":"https:\/\/quaker.org\/es\/wp-json\/wp\/v2\/pages"}],"about":[{"href":"https:\/\/quaker.org\/es\/wp-json\/wp\/v2\/types\/page"}],"author":[{"embeddable":true,"href":"https:\/\/quaker.org\/es\/wp-json\/wp\/v2\/users\/5131"}],"replies":[{"embeddable":true,"href":"https:\/\/quaker.org\/es\/wp-json\/wp\/v2\/comments?post=3250"}],"version-history":[{"count":1,"href":"https:\/\/quaker.org\/es\/wp-json\/wp\/v2\/pages\/3250\/revisions"}],"predecessor-version":[{"id":3251,"href":"https:\/\/quaker.org\/es\/wp-json\/wp\/v2\/pages\/3250\/revisions\/3251"}],"wp:attachment":[{"href":"https:\/\/quaker.org\/es\/wp-json\/wp\/v2\/media?parent=3250"}],"curies":[{"name":"wp","href":"https:\/\/api.w.org\/{rel}","templated":true}]}}