{"id":3248,"date":"2022-04-27T22:10:37","date_gmt":"2022-04-27T22:10:37","guid":{"rendered":"https:\/\/quaker.org\/como-viven-los-cuaqueros-en-comunidad\/"},"modified":"2025-09-19T15:17:09","modified_gmt":"2025-09-19T15:17:09","slug":"como-viven-los-cuaqueros-en-comunidad","status":"publish","type":"page","link":"https:\/\/quaker.org\/es\/como-viven-los-cuaqueros-en-comunidad\/","title":{"rendered":"\u00bfC\u00f3mo viven los cu\u00e1queros en comunidad?"},"content":{"rendered":"\n<div class=\"wp-block-columns is-layout-flex wp-container-core-columns-is-layout-9d6595d7 wp-block-columns-is-layout-flex\">\n<div class=\"wp-block-column is-layout-flow wp-block-column-is-layout-flow\" style=\"flex-basis:50%\">\n<p>La comunidad est\u00e1 impl\u00edcita en nuestro propio nombre: la <em>Sociedad<\/em> Religiosa de los Amigos. Aunque cada uno de nosotros tiene su propia comprensi\u00f3n personal de Dios, el Esp\u00edritu (Santo) o lo divino, y su propia relaci\u00f3n con ellos, es importante para nosotros reunirnos en adoraci\u00f3n, compartir mensajes y percepciones unos con otros. Ser una comunidad es m\u00e1s que simplemente que todos aparezcan en el mismo espacio al mismo tiempo; se trata de aprender a dejar de lado las diferencias personales y actuar como una fuerza unificada para el bien.  <\/p>\n\n\n\n<p>Hacemos esto con intenci\u00f3n deliberada porque, bajo nuestras diferencias individuales, todos tenemos &#8220;eso de Dios dentro de nosotros&#8221;, o, si lo prefiere, cada uno de nosotros est\u00e1 hecho a imagen de Dios. Honrar y respetar a los dem\u00e1s, entonces, es una forma de honrar y respetar a Dios. <\/p>\n\n\n\n<p>\u00a1Eso tambi\u00e9n es cierto para las personas que no son cu\u00e1queros! Reconocemos que existimos en relaci\u00f3n con toda la humanidad, y por tanto nos esforzamos por vivir en &#8220;relaci\u00f3n correcta&#8221;, sabiendo que nuestra felicidad y bienestar est\u00e1 finalmente ligado con la felicidad y bienestar de todos los dem\u00e1s. Esto es cierto no solo espiritualmente, sino econ\u00f3mica y pol\u00edticamente: los cu\u00e1queros entienden que cuando uno de nosotros est\u00e1 encadenado, como dice la canci\u00f3n, ninguno de nosotros es libre.  <\/p>\n<\/div>\n\n\n\n<div class=\"wp-block-column is-layout-flow wp-block-column-is-layout-flow\" style=\"flex-basis:50%\">\n<figure class=\"wp-block-embed is-type-video is-provider-youtube wp-block-embed-youtube wp-embed-aspect-16-9 wp-has-aspect-ratio\"><div class=\"wp-block-embed__wrapper\">\n<iframe loading=\"lazy\" title=\"Reconnecting with Community Through Quaker Meeting\" width=\"500\" height=\"281\" src=\"https:\/\/www.youtube.com\/embed\/5IYRPwEhKdE?feature=oembed\" frameborder=\"0\" allow=\"accelerometer; autoplay; clipboard-write; encrypted-media; gyroscope; picture-in-picture; web-share\" referrerpolicy=\"strict-origin-when-cross-origin\" allowfullscreen><\/iframe>\n<\/div><figcaption class=\"wp-element-caption\"><em>&#8220;Todos podemos ser ministros unos para otros, pero&#8230; ninguno de nosotros puede hacerlo solo. Todos estamos bendecidos con dones de Dios: con dones espirituales, con talentos, con conocer a Dios en absoluto, y por eso tenemos que trabajar juntos. Tenemos que adorar juntos, y en ese trabajo y en ese partir el pan son posibles cosas hermosas  <\/em>.<em>&#8220;<\/em><\/figcaption><\/figure>\n<\/div>\n<\/div>\n\n<p>No siempre hemos estado a la altura de ese ideal, por supuesto. En Estados Unidos, por ejemplo, muchos cu\u00e1queros est\u00e1n echando un segundo vistazo a la relaci\u00f3n hist\u00f3rica de la Sociedad con las personas negras e ind\u00edgenas, reconociendo las formas en que nuestros predecesores fallaron en honrar eso de Dios dentro de ellos, lo cual discutimos con m\u00e1s detalle en la siguiente secci\u00f3n. No podemos cambiar nuestro pasado, por supuesto, pero al reconocerlo, podemos comenzar a tomar medidas hacia reparar el da\u00f1o que hemos hecho y establecer comunidades m\u00e1s iguales y equitativas en nuestras casas de reuni\u00f3n, en nuestros barrios y a nivel global.  <\/p>\n\n<p><\/p>\n\n<p><strong>SIGUIENTE: <a href=\"https:\/\/quaker.org\/es\/como-practican-los-cuaqueros-la-igualdad-y-la-equidad\/\">Hablando de igualdad y equidad&#8230;<\/a><\/strong><\/p>\n\n<div class=\"wp-block-columns is-layout-flex wp-container-core-columns-is-layout-9d6595d7 wp-block-columns-is-layout-flex\">\n<div class=\"wp-block-column is-layout-flow wp-block-column-is-layout-flow\" style=\"flex-basis:50%\">\n<div class=\"wp-block-group has-background is-layout-flow wp-block-group-is-layout-flow\" style=\"background:linear-gradient(135deg,rgb(222,222,222) 0%,rgb(222,222,222) 100%)\">\n<h3 class=\"wp-block-heading\">M\u00e1s informaci\u00f3n en <em>Friends Journal<\/em><\/h3>\n\n\n\n<p>&#8220;<a href=\"https:\/\/www.friendsjournal.org\/marcelle-martin-community\/?utm_source=FJ&amp;utm_mediumwebsitel&amp;utm_campaign=related\">Una Comunidad Formada para la Fidelidad<\/a>&#8220;, Marcelle Martin<\/p>\n\n\n\n<p>&#8220;<a href=\"https:\/\/www.friendsjournal.org\/community-dinner-at-brooklyns-quaker-diner\/?utm_source=FJ&amp;utm_mediumwebsitel&amp;utm_campaign=related\">Cena Comunitaria en el Quaker Diner de Brooklyn<\/a>&#8220;, Carl Blumenthal<\/p>\n\n\n\n<p>&#8220;<a href=\"https:\/\/www.friendsjournal.org\/2003115\/\">Hacia una Comunidad Pac\u00edfica: Una Invitaci\u00f3n a la Co-Creaci\u00f3n<\/a>&#8220;, La Verne Shelton<\/p>\n\n\n\n<p>&#8220;<a href=\"https:\/\/www.friendsjournal.org\/2004123\/\">Reconociendo la Naturaleza de la Comunidad<\/a>&#8220;, Nan Bowles<\/p>\n<\/div>\n<\/div>\n\n\n\n<div class=\"wp-block-column is-layout-flow wp-block-column-is-layout-flow\" style=\"flex-basis:50%\">\n<figure class=\"wp-block-embed is-type-video is-provider-youtube wp-block-embed-youtube wp-embed-aspect-16-9 wp-has-aspect-ratio\"><div class=\"wp-block-embed__wrapper\">\n<iframe loading=\"lazy\" title=\"Quakers, Racism, and the Blessed Community\" width=\"500\" height=\"281\" src=\"https:\/\/www.youtube.com\/embed\/U1i3jXHqeTw?feature=oembed\" frameborder=\"0\" allow=\"accelerometer; autoplay; clipboard-write; encrypted-media; gyroscope; picture-in-picture; web-share\" referrerpolicy=\"strict-origin-when-cross-origin\" allowfullscreen><\/iframe>\n<\/div><\/figure>\n<\/div>\n<\/div>\n\n<p class=\"has-text-align-center\"><em>&#8220;\u00bfQu\u00e9 es la comunidad bendecida? Bueno, para m\u00ed, es una comunidad donde todos tienen valor y realmente somos capaces de ver eso de Dios en cada persona y de poder vivir en comunidad, compartiendo los dones que Dios nos ha dado unos con otros.&#8221;<\/em><\/p>\n","protected":false},"excerpt":{"rendered":"<p>La comunidad est\u00e1 impl\u00edcita en nuestro propio nombre: la Sociedad Religiosa de los Amigos. Aunque cada uno de nosotros tiene&hellip;<\/p>\n","protected":false},"author":5131,"featured_media":0,"parent":0,"menu_order":0,"comment_status":"closed","ping_status":"closed","template":"","meta":{"_acf_changed":false,"hero_banner_post_id":0,"footnotes":""},"class_list":["post-3248","page","type-page","status-publish","hentry"],"yoast_head":"<!-- This site is optimized with the Yoast SEO plugin v27.3 - https:\/\/yoast.com\/product\/yoast-seo-wordpress\/ -->\n<title>\u00bfQu\u00e9 significa la comunidad para los cu\u00e1queros? - Los Amigos reuni\u00e9ndose para la Adoraci\u00f3n<\/title>\n<meta name=\"description\" content=\"La comunidad est\u00e1 impl\u00edcita en nuestro propio nombre: la Sociedad Religiosa de los Amigos. Pero \u00bfc\u00f3mo viven los cu\u00e1queros en comunidad y se re\u00fanen en adoraci\u00f3n? Lea para saber m\u00e1s.\" \/>\n<meta name=\"robots\" content=\"index, follow, max-snippet:-1, max-image-preview:large, max-video-preview:-1\" \/>\n<link rel=\"canonical\" href=\"https:\/\/quaker.org\/es\/como-viven-los-cuaqueros-en-comunidad\/\" \/>\n<meta property=\"og:locale\" content=\"es_ES\" \/>\n<meta property=\"og:type\" content=\"article\" \/>\n<meta property=\"og:title\" content=\"\u00bfQu\u00e9 significa la comunidad para los cu\u00e1queros? - Los Amigos reuni\u00e9ndose para la Adoraci\u00f3n\" \/>\n<meta property=\"og:description\" content=\"La comunidad est\u00e1 impl\u00edcita en nuestro propio nombre: la Sociedad Religiosa de los Amigos. Pero \u00bfc\u00f3mo viven los cu\u00e1queros en comunidad y se re\u00fanen en adoraci\u00f3n? Lea para saber m\u00e1s.\" \/>\n<meta property=\"og:url\" content=\"https:\/\/quaker.org\/es\/como-viven-los-cuaqueros-en-comunidad\/\" \/>\n<meta property=\"og:site_name\" content=\"Quaker.org\" \/>\n<meta property=\"article:modified_time\" content=\"2025-09-19T15:17:09+00:00\" \/>\n<meta name=\"twitter:card\" content=\"summary_large_image\" \/>\n<meta name=\"twitter:label1\" content=\"Est. reading time\" \/>\n\t<meta name=\"twitter:data1\" content=\"3 minutes\" \/>\n<script type=\"application\/ld+json\" class=\"yoast-schema-graph\">{\"@context\":\"https:\\\/\\\/schema.org\",\"@graph\":[{\"@type\":\"WebPage\",\"@id\":\"https:\\\/\\\/quaker.org\\\/es\\\/como-viven-los-cuaqueros-en-comunidad\\\/\",\"url\":\"https:\\\/\\\/quaker.org\\\/es\\\/como-viven-los-cuaqueros-en-comunidad\\\/\",\"name\":\"\u00bfQu\u00e9 significa la comunidad para los cu\u00e1queros? - Los Amigos reuni\u00e9ndose para la Adoraci\u00f3n\",\"isPartOf\":{\"@id\":\"https:\\\/\\\/quaker.org\\\/es\\\/#website\"},\"datePublished\":\"2022-04-27T22:10:37+00:00\",\"dateModified\":\"2025-09-19T15:17:09+00:00\",\"description\":\"La comunidad est\u00e1 impl\u00edcita en nuestro propio nombre: la Sociedad Religiosa de los Amigos. Pero \u00bfc\u00f3mo viven los cu\u00e1queros en comunidad y se re\u00fanen en adoraci\u00f3n? Lea para saber m\u00e1s.\",\"breadcrumb\":{\"@id\":\"https:\\\/\\\/quaker.org\\\/es\\\/como-viven-los-cuaqueros-en-comunidad\\\/#breadcrumb\"},\"inLanguage\":\"es-ES\",\"potentialAction\":[{\"@type\":\"ReadAction\",\"target\":[\"https:\\\/\\\/quaker.org\\\/es\\\/como-viven-los-cuaqueros-en-comunidad\\\/\"]}]},{\"@type\":\"BreadcrumbList\",\"@id\":\"https:\\\/\\\/quaker.org\\\/es\\\/como-viven-los-cuaqueros-en-comunidad\\\/#breadcrumb\",\"itemListElement\":[{\"@type\":\"ListItem\",\"position\":1,\"name\":\"Home\",\"item\":\"https:\\\/\\\/quaker.org\\\/es\\\/bienvenido-a-a-quaker-org\\\/\"},{\"@type\":\"ListItem\",\"position\":2,\"name\":\"\u00bfC\u00f3mo viven los cu\u00e1queros en comunidad?\"}]},{\"@type\":\"WebSite\",\"@id\":\"https:\\\/\\\/quaker.org\\\/es\\\/#website\",\"url\":\"https:\\\/\\\/quaker.org\\\/es\\\/\",\"name\":\"Quaker.org\",\"description\":\"Learn about Friends\",\"publisher\":{\"@id\":\"https:\\\/\\\/quaker.org\\\/es\\\/#organization\"},\"potentialAction\":[{\"@type\":\"SearchAction\",\"target\":{\"@type\":\"EntryPoint\",\"urlTemplate\":\"https:\\\/\\\/quaker.org\\\/es\\\/?s={search_term_string}\"},\"query-input\":{\"@type\":\"PropertyValueSpecification\",\"valueRequired\":true,\"valueName\":\"search_term_string\"}}],\"inLanguage\":\"es-ES\"},{\"@type\":\"Organization\",\"@id\":\"https:\\\/\\\/quaker.org\\\/es\\\/#organization\",\"name\":\"Quaker.org\",\"url\":\"https:\\\/\\\/quaker.org\\\/es\\\/\",\"logo\":{\"@type\":\"ImageObject\",\"inLanguage\":\"es-ES\",\"@id\":\"https:\\\/\\\/quaker.org\\\/es\\\/#\\\/schema\\\/logo\\\/image\\\/\",\"url\":\"https:\\\/\\\/quaker.org\\\/wp-content\\\/uploads\\\/sites\\\/3\\\/2025\\\/08\\\/QuakerOrgLogo_BW-300x54-1.png\",\"contentUrl\":\"https:\\\/\\\/quaker.org\\\/wp-content\\\/uploads\\\/sites\\\/3\\\/2025\\\/08\\\/QuakerOrgLogo_BW-300x54-1.png\",\"width\":300,\"height\":54,\"caption\":\"Quaker.org\"},\"image\":{\"@id\":\"https:\\\/\\\/quaker.org\\\/es\\\/#\\\/schema\\\/logo\\\/image\\\/\"}}]}<\/script>\n<!-- \/ Yoast SEO plugin. -->","yoast_head_json":{"title":"\u00bfQu\u00e9 significa la comunidad para los cu\u00e1queros? - Los Amigos reuni\u00e9ndose para la Adoraci\u00f3n","description":"La comunidad est\u00e1 impl\u00edcita en nuestro propio nombre: la Sociedad Religiosa de los Amigos. Pero \u00bfc\u00f3mo viven los cu\u00e1queros en comunidad y se re\u00fanen en adoraci\u00f3n? Lea para saber m\u00e1s.","robots":{"index":"index","follow":"follow","max-snippet":"max-snippet:-1","max-image-preview":"max-image-preview:large","max-video-preview":"max-video-preview:-1"},"canonical":"https:\/\/quaker.org\/es\/como-viven-los-cuaqueros-en-comunidad\/","og_locale":"es_ES","og_type":"article","og_title":"\u00bfQu\u00e9 significa la comunidad para los cu\u00e1queros? - Los Amigos reuni\u00e9ndose para la Adoraci\u00f3n","og_description":"La comunidad est\u00e1 impl\u00edcita en nuestro propio nombre: la Sociedad Religiosa de los Amigos. Pero \u00bfc\u00f3mo viven los cu\u00e1queros en comunidad y se re\u00fanen en adoraci\u00f3n? Lea para saber m\u00e1s.","og_url":"https:\/\/quaker.org\/es\/como-viven-los-cuaqueros-en-comunidad\/","og_site_name":"Quaker.org","article_modified_time":"2025-09-19T15:17:09+00:00","twitter_card":"summary_large_image","twitter_misc":{"Est. reading time":"3 minutes"},"schema":{"@context":"https:\/\/schema.org","@graph":[{"@type":"WebPage","@id":"https:\/\/quaker.org\/es\/como-viven-los-cuaqueros-en-comunidad\/","url":"https:\/\/quaker.org\/es\/como-viven-los-cuaqueros-en-comunidad\/","name":"\u00bfQu\u00e9 significa la comunidad para los cu\u00e1queros? - Los Amigos reuni\u00e9ndose para la Adoraci\u00f3n","isPartOf":{"@id":"https:\/\/quaker.org\/es\/#website"},"datePublished":"2022-04-27T22:10:37+00:00","dateModified":"2025-09-19T15:17:09+00:00","description":"La comunidad est\u00e1 impl\u00edcita en nuestro propio nombre: la Sociedad Religiosa de los Amigos. Pero \u00bfc\u00f3mo viven los cu\u00e1queros en comunidad y se re\u00fanen en adoraci\u00f3n? Lea para saber m\u00e1s.","breadcrumb":{"@id":"https:\/\/quaker.org\/es\/como-viven-los-cuaqueros-en-comunidad\/#breadcrumb"},"inLanguage":"es-ES","potentialAction":[{"@type":"ReadAction","target":["https:\/\/quaker.org\/es\/como-viven-los-cuaqueros-en-comunidad\/"]}]},{"@type":"BreadcrumbList","@id":"https:\/\/quaker.org\/es\/como-viven-los-cuaqueros-en-comunidad\/#breadcrumb","itemListElement":[{"@type":"ListItem","position":1,"name":"Home","item":"https:\/\/quaker.org\/es\/bienvenido-a-a-quaker-org\/"},{"@type":"ListItem","position":2,"name":"\u00bfC\u00f3mo viven los cu\u00e1queros en comunidad?"}]},{"@type":"WebSite","@id":"https:\/\/quaker.org\/es\/#website","url":"https:\/\/quaker.org\/es\/","name":"Quaker.org","description":"Learn about Friends","publisher":{"@id":"https:\/\/quaker.org\/es\/#organization"},"potentialAction":[{"@type":"SearchAction","target":{"@type":"EntryPoint","urlTemplate":"https:\/\/quaker.org\/es\/?s={search_term_string}"},"query-input":{"@type":"PropertyValueSpecification","valueRequired":true,"valueName":"search_term_string"}}],"inLanguage":"es-ES"},{"@type":"Organization","@id":"https:\/\/quaker.org\/es\/#organization","name":"Quaker.org","url":"https:\/\/quaker.org\/es\/","logo":{"@type":"ImageObject","inLanguage":"es-ES","@id":"https:\/\/quaker.org\/es\/#\/schema\/logo\/image\/","url":"https:\/\/quaker.org\/wp-content\/uploads\/sites\/3\/2025\/08\/QuakerOrgLogo_BW-300x54-1.png","contentUrl":"https:\/\/quaker.org\/wp-content\/uploads\/sites\/3\/2025\/08\/QuakerOrgLogo_BW-300x54-1.png","width":300,"height":54,"caption":"Quaker.org"},"image":{"@id":"https:\/\/quaker.org\/es\/#\/schema\/logo\/image\/"}}]}},"distributor_meta":false,"distributor_terms":false,"distributor_media":false,"distributor_original_site_name":"Quaker.org","distributor_original_site_url":"https:\/\/quaker.org\/es\/","push-errors":false,"acf":[],"_links":{"self":[{"href":"https:\/\/quaker.org\/es\/wp-json\/wp\/v2\/pages\/3248","targetHints":{"allow":["GET"]}}],"collection":[{"href":"https:\/\/quaker.org\/es\/wp-json\/wp\/v2\/pages"}],"about":[{"href":"https:\/\/quaker.org\/es\/wp-json\/wp\/v2\/types\/page"}],"author":[{"embeddable":true,"href":"https:\/\/quaker.org\/es\/wp-json\/wp\/v2\/users\/5131"}],"replies":[{"embeddable":true,"href":"https:\/\/quaker.org\/es\/wp-json\/wp\/v2\/comments?post=3248"}],"version-history":[{"count":1,"href":"https:\/\/quaker.org\/es\/wp-json\/wp\/v2\/pages\/3248\/revisions"}],"predecessor-version":[{"id":3249,"href":"https:\/\/quaker.org\/es\/wp-json\/wp\/v2\/pages\/3248\/revisions\/3249"}],"wp:attachment":[{"href":"https:\/\/quaker.org\/es\/wp-json\/wp\/v2\/media?parent=3248"}],"curies":[{"name":"wp","href":"https:\/\/api.w.org\/{rel}","templated":true}]}}