{"id":3246,"date":"2022-03-30T19:07:18","date_gmt":"2022-03-30T19:07:18","guid":{"rendered":"https:\/\/quaker.org\/como-practican-los-cuaqueros-la-igualdad-y-la-equidad\/"},"modified":"2025-09-19T15:17:02","modified_gmt":"2025-09-19T15:17:02","slug":"como-practican-los-cuaqueros-la-igualdad-y-la-equidad","status":"publish","type":"page","link":"https:\/\/quaker.org\/es\/como-practican-los-cuaqueros-la-igualdad-y-la-equidad\/","title":{"rendered":"\u00bfC\u00f3mo practican los cu\u00e1queros la igualdad y la equidad?"},"content":{"rendered":"\n<div class=\"wp-block-columns is-layout-flex wp-container-core-columns-is-layout-9d6595d7 wp-block-columns-is-layout-flex\">\n<div class=\"wp-block-column is-layout-flow wp-block-column-is-layout-flow\" style=\"flex-basis:50%\">\n<p>Una visi\u00f3n radical de la igualdad, arraigada en el reconocimiento de &#8220;lo divino en cada persona&#8221;, es en muchos aspectos el n\u00facleo de la espiritualidad cu\u00e1quera y, de cierta manera, tambi\u00e9n es responsable de dos de los estereotipos m\u00e1s duraderos sobre los Amigos.<\/p>\n\n\n\n<p>Primero est\u00e1 el asunto del &#8220;thee&#8221; y &#8220;thou&#8221;. El ingl\u00e9s del siglo XVII ten\u00eda dos pronombres de segunda persona, como el franc\u00e9s y otros idiomas a\u00fan tienen hoy. &#8220;Thee\/thou&#8221; se usaba para dirigirse a una persona, mientras que se dec\u00eda &#8220;you&#8221; al hablar con un grupo de personas o con alguien de mayor posici\u00f3n social, como un arist\u00f3crata. Los cu\u00e1queros, sin embargo, no cre\u00edan en tales distinciones, y llamaban a todos &#8220;thee&#8221;, lo que los nobles tomaron como una se\u00f1al de falta de respeto, llevando a serias tensiones en los primeros a\u00f1os de la Sociedad Religiosa de los Amigos.   <\/p>\n\n\n\n<p>El mismo principio estaba detr\u00e1s de la negativa de los Amigos varones a quitarse el sombrero en presencia de &#8220;superiores sociales&#8221;, y se encontr\u00f3 con las mismas consecuencias, y peores. Tales actos de inconformidad a menudo se encontraron con violencia, e incluso encarcelamiento. <\/p>\n<\/div>\n\n\n\n<div class=\"wp-block-column is-layout-flow wp-block-column-is-layout-flow\" style=\"flex-basis:50%\">\n<figure class=\"wp-block-embed is-type-video is-provider-youtube wp-block-embed-youtube wp-embed-aspect-16-9 wp-has-aspect-ratio\"><div class=\"wp-block-embed__wrapper\">\n<iframe loading=\"lazy\" title=\"Looking at the Legacy of Bayard Rustin\" width=\"500\" height=\"281\" src=\"https:\/\/www.youtube.com\/embed\/EursiY9_0Do?feature=oembed\" frameborder=\"0\" allow=\"accelerometer; autoplay; clipboard-write; encrypted-media; gyroscope; picture-in-picture; web-share\" referrerpolicy=\"strict-origin-when-cross-origin\" allowfullscreen><\/iframe>\n<\/div><figcaption class=\"wp-element-caption\"><em>&#8220;Bayard cre\u00eda en la unidad de la familia humana, en la hermandad de todas las personas. Cre\u00eda en el poder de la no violencia que surge de esa creencia en la unidad de todas las personas&#8230; Ve\u00eda a todos como iguales ante lo divino.&#8221;<\/em><\/figcaption><\/figure>\n<\/div>\n<\/div>\n\n<p>Un legado m\u00e1s significativo de la visi\u00f3n cu\u00e1quera de la igualdad es que desde el principio, tanto mujeres como hombres fueron aceptados como capaces de recibir y compartir la revelaci\u00f3n continua del Esp\u00edritu (Santo). A trav\u00e9s de los siglos, las mujeres han desempe\u00f1ado a menudo papeles prominentes en las reuniones de los Amigos y en movimientos activistas, incluyendo la lucha contra la esclavitud en Gran Breta\u00f1a y sus colonias norteamericanas; m\u00e1s tarde, despu\u00e9s de la formaci\u00f3n de Estados Unidos, mujeres cu\u00e1queras como Lucretia Mott se convirtieron en algunas de las l\u00edderes m\u00e1s prominentes del movimiento abolicionista. <\/p>\n\n<p>Dicho esto, no deber\u00edamos ser demasiado r\u00e1pidos en celebrar el abolicionismo cu\u00e1quero sin cr\u00edtica; despu\u00e9s de todo, antes de decidir <em>no<\/em> esclavizar a otros seres humanos, muchos Amigos fueron participantes activos en el comercio de esclavos, incluyendo a William Penn, el fundador de la colonia que se convirti\u00f3 en el estado de Pensilvania. (Y tambi\u00e9n, incluso despu\u00e9s de reconocer que estaba mal que un ser humano forzara a otro a la servidumbre, muchas reuniones cu\u00e1queras a\u00fan se quedaron cortas cuando se trataba de reconocer a las personas de color como verdaderamente iguales; incluso hoy, todav\u00eda hay mucho que podemos hacer, como individuos y como reuniones, tanto para arrepentirnos de esa historia como para confrontar las inequidades estructurales de la sociedad contempor\u00e1nea.)  <\/p>\n\n<p>Penn tambi\u00e9n desempe\u00f1a un papel temprano prominente en la relaci\u00f3n de los cu\u00e1queros con los pueblos ind\u00edgenas de Am\u00e9rica del Norte. Aunque los Amigos fueron a veces m\u00e1s respetuosos de las comunidades nativas que encontraron que otros colonos, a\u00fan eran capaces de participar en la supremac\u00eda cultural que impuls\u00f3 el asentamiento de lo que se convertir\u00eda en Estados Unidos, comenzando con el hecho de que la tierra que el Rey Carlos II concedi\u00f3 a Penn para fundar la Provincia de Pensilvania en 1681 no era verdaderamente suya para dar. Esta complicidad tambi\u00e9n incluy\u00f3 forzar a j\u00f3venes nativos del siglo XIX a internados dirigidos por cu\u00e1queros donde fueron obligados a abandonar sus idiomas y tradiciones y abrazar el cristianismo. Es otro legado doloroso con el que los Amigos modernos contin\u00faan lidiando.   <\/p>\n\n<p><strong>Siguiente (pr\u00f3ximamente): Administraci\u00f3n y Sostenibilidad<\/strong><\/p>\n\n<div class=\"wp-block-columns is-layout-flex wp-container-core-columns-is-layout-9d6595d7 wp-block-columns-is-layout-flex\">\n<div class=\"wp-block-column is-layout-flow wp-block-column-is-layout-flow\" style=\"flex-basis:50%\">\n<div class=\"wp-block-group is-layout-flow wp-block-group-is-layout-flow\">\n<div class=\"wp-block-group is-layout-flow wp-block-group-is-layout-flow\">\n<div class=\"wp-block-group has-background is-layout-flow wp-block-group-is-layout-flow\" style=\"background-color:#d3d3d3\">\n<h2 class=\"wp-block-heading\">M\u00e1s informaci\u00f3n en <em>Friends Journal<\/em><\/h2>\n\n\n\n<p>&#8220;<a href=\"https:\/\/www.friendsjournal.org\/journey-toward-eliminating-racism-religious-society-friends\/\">Un Viaje Hacia la Eliminaci\u00f3n del Racismo&#8230;<\/a>&#8220;, Vanessa Julye<\/p>\n\n\n\n<p>&#8220;<a href=\"https:\/\/www.friendsjournal.org\/we-have-much-left-to-do\/\">Tenemos Mucho Que Hacer A\u00fan<\/a>&#8220;, Jos\u00e9 Santos Woss<\/p>\n\n\n\n<p>&#8220;<a href=\"https:\/\/www.friendsjournal.org\/slavery-in-the-quaker-world\/\">La Esclavitud en el mundo Cu\u00e1quero<\/a>&#8220;, Katherine Gerbner<\/p>\n\n\n\n<p>&#8220;<a href=\"https:\/\/www.friendsjournal.org\/the-spectrum-of-equality\/\">El Espectro de la Igualdad<\/a>&#8220;, Aria Gratson<\/p>\n<\/div>\n<\/div>\n<\/div>\n<\/div>\n\n\n\n<div class=\"wp-block-column is-layout-flow wp-block-column-is-layout-flow\" style=\"flex-basis:50%\">\n<figure class=\"wp-block-embed is-type-video is-provider-youtube wp-block-embed-youtube wp-embed-aspect-16-9 wp-has-aspect-ratio\"><div class=\"wp-block-embed__wrapper\">\n<iframe loading=\"lazy\" title=\"How Quakers Turn Hierarchy on Its Head\" width=\"500\" height=\"281\" src=\"https:\/\/www.youtube.com\/embed\/m1mOHzV4XAM?feature=oembed\" frameborder=\"0\" allow=\"accelerometer; autoplay; clipboard-write; encrypted-media; gyroscope; picture-in-picture; web-share\" referrerpolicy=\"strict-origin-when-cross-origin\" allowfullscreen><\/iframe>\n<\/div><\/figure>\n<\/div>\n<\/div>\n\n<p class=\"has-text-align-center\"><em>&#8220;La jerarqu\u00eda se basa en la idea de que hay personas que son m\u00e1s valiosas y hay personas que son menos valiosas. Y lo que nosotros como Amigos decimos es que todas las personas, sin importar qu\u00e9, son igualmente valiosas.&#8221;<\/em><\/p>\n","protected":false},"excerpt":{"rendered":"<p>Una visi\u00f3n radical de la igualdad, arraigada en el reconocimiento de &#8220;lo divino en cada persona&#8221;, es en muchos aspectos&hellip;<\/p>\n","protected":false},"author":5131,"featured_media":0,"parent":0,"menu_order":0,"comment_status":"closed","ping_status":"closed","template":"","meta":{"_acf_changed":false,"hero_banner_post_id":0,"footnotes":""},"class_list":["post-3246","page","type-page","status-publish","hentry"],"yoast_head":"<!-- This site is optimized with the Yoast SEO plugin v27.3 - https:\/\/yoast.com\/product\/yoast-seo-wordpress\/ -->\n<title>\u00bfC\u00f3mo practican los cu\u00e1queros la igualdad y la equidad? - espiritualidad cu\u00e1quera<\/title>\n<meta name=\"description\" content=\"La igualdad y la equidad son principios fundamentales del cuaquerismo arraigados en el reconocimiento de &quot;lo divino en cada persona&quot;. Aprenda c\u00f3mo los primeros cu\u00e1queros practicaban la igualdad.\" \/>\n<meta name=\"robots\" content=\"index, follow, max-snippet:-1, max-image-preview:large, max-video-preview:-1\" \/>\n<link rel=\"canonical\" href=\"https:\/\/quaker.org\/es\/como-practican-los-cuaqueros-la-igualdad-y-la-equidad\/\" \/>\n<meta property=\"og:locale\" content=\"es_ES\" \/>\n<meta property=\"og:type\" content=\"article\" \/>\n<meta property=\"og:title\" content=\"\u00bfC\u00f3mo practican los cu\u00e1queros la igualdad y la equidad? - espiritualidad cu\u00e1quera\" \/>\n<meta property=\"og:description\" content=\"La igualdad y la equidad son principios fundamentales del cuaquerismo arraigados en el reconocimiento de &quot;lo divino en cada persona&quot;. Aprenda c\u00f3mo los primeros cu\u00e1queros practicaban la igualdad.\" \/>\n<meta property=\"og:url\" content=\"https:\/\/quaker.org\/es\/como-practican-los-cuaqueros-la-igualdad-y-la-equidad\/\" \/>\n<meta property=\"og:site_name\" content=\"Quaker.org\" \/>\n<meta property=\"article:modified_time\" content=\"2025-09-19T15:17:02+00:00\" \/>\n<meta name=\"twitter:card\" content=\"summary_large_image\" \/>\n<meta name=\"twitter:label1\" content=\"Est. reading time\" \/>\n\t<meta name=\"twitter:data1\" content=\"4 minutes\" \/>\n<script type=\"application\/ld+json\" class=\"yoast-schema-graph\">{\"@context\":\"https:\\\/\\\/schema.org\",\"@graph\":[{\"@type\":\"WebPage\",\"@id\":\"https:\\\/\\\/quaker.org\\\/es\\\/como-practican-los-cuaqueros-la-igualdad-y-la-equidad\\\/\",\"url\":\"https:\\\/\\\/quaker.org\\\/es\\\/como-practican-los-cuaqueros-la-igualdad-y-la-equidad\\\/\",\"name\":\"\u00bfC\u00f3mo practican los cu\u00e1queros la igualdad y la equidad? - espiritualidad cu\u00e1quera\",\"isPartOf\":{\"@id\":\"https:\\\/\\\/quaker.org\\\/es\\\/#website\"},\"datePublished\":\"2022-03-30T19:07:18+00:00\",\"dateModified\":\"2025-09-19T15:17:02+00:00\",\"description\":\"La igualdad y la equidad son principios fundamentales del cuaquerismo arraigados en el reconocimiento de \\\"lo divino en cada persona\\\". Aprenda c\u00f3mo los primeros cu\u00e1queros practicaban la igualdad.\",\"breadcrumb\":{\"@id\":\"https:\\\/\\\/quaker.org\\\/es\\\/como-practican-los-cuaqueros-la-igualdad-y-la-equidad\\\/#breadcrumb\"},\"inLanguage\":\"es-ES\",\"potentialAction\":[{\"@type\":\"ReadAction\",\"target\":[\"https:\\\/\\\/quaker.org\\\/es\\\/como-practican-los-cuaqueros-la-igualdad-y-la-equidad\\\/\"]}]},{\"@type\":\"BreadcrumbList\",\"@id\":\"https:\\\/\\\/quaker.org\\\/es\\\/como-practican-los-cuaqueros-la-igualdad-y-la-equidad\\\/#breadcrumb\",\"itemListElement\":[{\"@type\":\"ListItem\",\"position\":1,\"name\":\"Home\",\"item\":\"https:\\\/\\\/quaker.org\\\/es\\\/bienvenido-a-a-quaker-org\\\/\"},{\"@type\":\"ListItem\",\"position\":2,\"name\":\"\u00bfC\u00f3mo practican los cu\u00e1queros la igualdad y la equidad?\"}]},{\"@type\":\"WebSite\",\"@id\":\"https:\\\/\\\/quaker.org\\\/es\\\/#website\",\"url\":\"https:\\\/\\\/quaker.org\\\/es\\\/\",\"name\":\"Quaker.org\",\"description\":\"Learn about Friends\",\"publisher\":{\"@id\":\"https:\\\/\\\/quaker.org\\\/es\\\/#organization\"},\"potentialAction\":[{\"@type\":\"SearchAction\",\"target\":{\"@type\":\"EntryPoint\",\"urlTemplate\":\"https:\\\/\\\/quaker.org\\\/es\\\/?s={search_term_string}\"},\"query-input\":{\"@type\":\"PropertyValueSpecification\",\"valueRequired\":true,\"valueName\":\"search_term_string\"}}],\"inLanguage\":\"es-ES\"},{\"@type\":\"Organization\",\"@id\":\"https:\\\/\\\/quaker.org\\\/es\\\/#organization\",\"name\":\"Quaker.org\",\"url\":\"https:\\\/\\\/quaker.org\\\/es\\\/\",\"logo\":{\"@type\":\"ImageObject\",\"inLanguage\":\"es-ES\",\"@id\":\"https:\\\/\\\/quaker.org\\\/es\\\/#\\\/schema\\\/logo\\\/image\\\/\",\"url\":\"https:\\\/\\\/quaker.org\\\/wp-content\\\/uploads\\\/sites\\\/3\\\/2025\\\/08\\\/QuakerOrgLogo_BW-300x54-1.png\",\"contentUrl\":\"https:\\\/\\\/quaker.org\\\/wp-content\\\/uploads\\\/sites\\\/3\\\/2025\\\/08\\\/QuakerOrgLogo_BW-300x54-1.png\",\"width\":300,\"height\":54,\"caption\":\"Quaker.org\"},\"image\":{\"@id\":\"https:\\\/\\\/quaker.org\\\/es\\\/#\\\/schema\\\/logo\\\/image\\\/\"}}]}<\/script>\n<!-- \/ Yoast SEO plugin. -->","yoast_head_json":{"title":"\u00bfC\u00f3mo practican los cu\u00e1queros la igualdad y la equidad? - espiritualidad cu\u00e1quera","description":"La igualdad y la equidad son principios fundamentales del cuaquerismo arraigados en el reconocimiento de \"lo divino en cada persona\". Aprenda c\u00f3mo los primeros cu\u00e1queros practicaban la igualdad.","robots":{"index":"index","follow":"follow","max-snippet":"max-snippet:-1","max-image-preview":"max-image-preview:large","max-video-preview":"max-video-preview:-1"},"canonical":"https:\/\/quaker.org\/es\/como-practican-los-cuaqueros-la-igualdad-y-la-equidad\/","og_locale":"es_ES","og_type":"article","og_title":"\u00bfC\u00f3mo practican los cu\u00e1queros la igualdad y la equidad? - espiritualidad cu\u00e1quera","og_description":"La igualdad y la equidad son principios fundamentales del cuaquerismo arraigados en el reconocimiento de \"lo divino en cada persona\". Aprenda c\u00f3mo los primeros cu\u00e1queros practicaban la igualdad.","og_url":"https:\/\/quaker.org\/es\/como-practican-los-cuaqueros-la-igualdad-y-la-equidad\/","og_site_name":"Quaker.org","article_modified_time":"2025-09-19T15:17:02+00:00","twitter_card":"summary_large_image","twitter_misc":{"Est. reading time":"4 minutes"},"schema":{"@context":"https:\/\/schema.org","@graph":[{"@type":"WebPage","@id":"https:\/\/quaker.org\/es\/como-practican-los-cuaqueros-la-igualdad-y-la-equidad\/","url":"https:\/\/quaker.org\/es\/como-practican-los-cuaqueros-la-igualdad-y-la-equidad\/","name":"\u00bfC\u00f3mo practican los cu\u00e1queros la igualdad y la equidad? - espiritualidad cu\u00e1quera","isPartOf":{"@id":"https:\/\/quaker.org\/es\/#website"},"datePublished":"2022-03-30T19:07:18+00:00","dateModified":"2025-09-19T15:17:02+00:00","description":"La igualdad y la equidad son principios fundamentales del cuaquerismo arraigados en el reconocimiento de \"lo divino en cada persona\". Aprenda c\u00f3mo los primeros cu\u00e1queros practicaban la igualdad.","breadcrumb":{"@id":"https:\/\/quaker.org\/es\/como-practican-los-cuaqueros-la-igualdad-y-la-equidad\/#breadcrumb"},"inLanguage":"es-ES","potentialAction":[{"@type":"ReadAction","target":["https:\/\/quaker.org\/es\/como-practican-los-cuaqueros-la-igualdad-y-la-equidad\/"]}]},{"@type":"BreadcrumbList","@id":"https:\/\/quaker.org\/es\/como-practican-los-cuaqueros-la-igualdad-y-la-equidad\/#breadcrumb","itemListElement":[{"@type":"ListItem","position":1,"name":"Home","item":"https:\/\/quaker.org\/es\/bienvenido-a-a-quaker-org\/"},{"@type":"ListItem","position":2,"name":"\u00bfC\u00f3mo practican los cu\u00e1queros la igualdad y la equidad?"}]},{"@type":"WebSite","@id":"https:\/\/quaker.org\/es\/#website","url":"https:\/\/quaker.org\/es\/","name":"Quaker.org","description":"Learn about Friends","publisher":{"@id":"https:\/\/quaker.org\/es\/#organization"},"potentialAction":[{"@type":"SearchAction","target":{"@type":"EntryPoint","urlTemplate":"https:\/\/quaker.org\/es\/?s={search_term_string}"},"query-input":{"@type":"PropertyValueSpecification","valueRequired":true,"valueName":"search_term_string"}}],"inLanguage":"es-ES"},{"@type":"Organization","@id":"https:\/\/quaker.org\/es\/#organization","name":"Quaker.org","url":"https:\/\/quaker.org\/es\/","logo":{"@type":"ImageObject","inLanguage":"es-ES","@id":"https:\/\/quaker.org\/es\/#\/schema\/logo\/image\/","url":"https:\/\/quaker.org\/wp-content\/uploads\/sites\/3\/2025\/08\/QuakerOrgLogo_BW-300x54-1.png","contentUrl":"https:\/\/quaker.org\/wp-content\/uploads\/sites\/3\/2025\/08\/QuakerOrgLogo_BW-300x54-1.png","width":300,"height":54,"caption":"Quaker.org"},"image":{"@id":"https:\/\/quaker.org\/es\/#\/schema\/logo\/image\/"}}]}},"distributor_meta":false,"distributor_terms":false,"distributor_media":false,"distributor_original_site_name":"Quaker.org","distributor_original_site_url":"https:\/\/quaker.org\/es\/","push-errors":false,"acf":[],"_links":{"self":[{"href":"https:\/\/quaker.org\/es\/wp-json\/wp\/v2\/pages\/3246","targetHints":{"allow":["GET"]}}],"collection":[{"href":"https:\/\/quaker.org\/es\/wp-json\/wp\/v2\/pages"}],"about":[{"href":"https:\/\/quaker.org\/es\/wp-json\/wp\/v2\/types\/page"}],"author":[{"embeddable":true,"href":"https:\/\/quaker.org\/es\/wp-json\/wp\/v2\/users\/5131"}],"replies":[{"embeddable":true,"href":"https:\/\/quaker.org\/es\/wp-json\/wp\/v2\/comments?post=3246"}],"version-history":[{"count":1,"href":"https:\/\/quaker.org\/es\/wp-json\/wp\/v2\/pages\/3246\/revisions"}],"predecessor-version":[{"id":3247,"href":"https:\/\/quaker.org\/es\/wp-json\/wp\/v2\/pages\/3246\/revisions\/3247"}],"wp:attachment":[{"href":"https:\/\/quaker.org\/es\/wp-json\/wp\/v2\/media?parent=3246"}],"curies":[{"name":"wp","href":"https:\/\/api.w.org\/{rel}","templated":true}]}}