{"id":3244,"date":"2022-03-15T22:23:30","date_gmt":"2022-03-15T22:23:30","guid":{"rendered":"https:\/\/quaker.org\/por-que-son-pacifistas-los-cuaqueros\/"},"modified":"2025-09-19T15:16:51","modified_gmt":"2025-09-19T15:16:51","slug":"por-que-son-pacifistas-los-cuaqueros","status":"publish","type":"page","link":"https:\/\/quaker.org\/es\/por-que-son-pacifistas-los-cuaqueros\/","title":{"rendered":"\u00bfPor qu\u00e9 son pacifistas los cu\u00e1queros?"},"content":{"rendered":"\n<div class=\"wp-block-columns is-layout-flex wp-container-core-columns-is-layout-9d6595d7 wp-block-columns-is-layout-flex\">\n<div class=\"wp-block-column is-layout-flow wp-block-column-is-layout-flow\" style=\"flex-basis:50%\">\n<p>Si la gente sabe algo sobre los cu\u00e1queros, sabe que somos no violentos, rechazando la guerra y la violencia en todas sus formas. Piensen en Grace Kelly en <em>Solo ante el peligro<\/em>, instando a Gary Cooper a no volver a coger sus pistolas y enfrentarse a los forajidos que se dirig\u00edan a su pueblo. <\/p>\n\n\n\n<p>El compromiso cu\u00e1quero con la paz se remonta a nuestros or\u00edgenes en la Inglaterra del siglo XVII. &#8220;Negamos completamente todos los principios y pr\u00e1cticas sangrientos&#8221;, escribieron George Fox y otros primeros Amigos al monarca brit\u00e1nico Carlos II en 1660, &#8220;con todas las guerras externas, y contiendas, y luchas con armas externas, para cualquier fin, o bajo cualquier pretexto, y este es nuestro Testimonio para todo el mundo&#8221;.  <\/p>\n\n\n\n<p>Este fue un per\u00edodo de agitaci\u00f3n pol\u00edtica y religiosa entrelazadas, y muchos se preguntaban si las creencias opositoras de Los Amigos los llevar\u00edan a una rebeli\u00f3n abierta contra la iglesia o el estado. En ese frente, los cu\u00e1queros pudieron asegurarles: &#8220;[E]l esp\u00edritu de Cristo, que nos gu\u00eda hacia toda La Verdad, nunca nos mover\u00e1 a luchar y hacer la guerra contra ning\u00fan hombre con armas externas, ni por el reino de Cristo, ni por los reinos de este mundo&#8221;. <\/p>\n<\/div>\n\n\n\n<div class=\"wp-block-column is-layout-flow wp-block-column-is-layout-flow\" style=\"flex-basis:50%\">\n<figure class=\"wp-block-embed is-type-video is-provider-youtube wp-block-embed-youtube wp-embed-aspect-16-9 wp-has-aspect-ratio\"><div class=\"wp-block-embed__wrapper\">\n<iframe loading=\"lazy\" title=\"What It Means to Be a Quaker Peace Activist\" width=\"500\" height=\"281\" src=\"https:\/\/www.youtube.com\/embed\/u8AqhJ8UOVc?feature=oembed\" frameborder=\"0\" allow=\"accelerometer; autoplay; clipboard-write; encrypted-media; gyroscope; picture-in-picture; web-share\" referrerpolicy=\"strict-origin-when-cross-origin\" allowfullscreen><\/iframe>\n<\/div><figcaption class=\"wp-element-caption\"><em>Tenemos un mundo que est\u00e1 desequilibrado, y tenemos un mundo donde la gente est\u00e1 sufriendo, donde hay injusticia. Para m\u00ed, ser un activista cu\u00e1quero por la paz significa ser parte de un movimiento para restaurar la integridad. <\/em><\/figcaption><\/figure>\n<\/div>\n<\/div>\n\n<p>El Testimonio de la Paz es probablemente lo m\u00e1s cercano a un absoluto que se puede encontrar en la fe y pr\u00e1ctica cu\u00e1quera; como el culto silencioso, contribuye en gran medida a definir qui\u00e9nes somos y c\u00f3mo vivimos en este mundo. Aunque hay otras &#8220;iglesias de paz&#8221;, la frecuencia con la que los cu\u00e1queros se han negado a participar en la guerra es una gran parte de la raz\u00f3n por la que el gobierno de Estados Unidos reconoce el estatus de &#8220;objetor de conciencia&#8221; con respecto al servicio militar obligatorio, y negarse a luchar en las guerras no siempre es suficiente. Para algunos Amigos, la convicci\u00f3n hacia el pacifismo es tan profunda que se niegan a pagar impuestos federales sobre la renta antes que contribuir al gasto militar.  <\/p>\n\n<p>Como con todo lo relacionado con El cuaquerismo, sin embargo, el Testimonio de la Paz es una cuesti\u00f3n de conciencia individual. Los primeros Amigos insist\u00edan en &#8220;buscar el bien&#8230; y hacer aquello que tiende a la paz de todos&#8221;; para algunos Amigos, en algunos conflictos, eso ha significado tomar las armas contra la tiran\u00eda y en defensa de sus v\u00edctimas. Adem\u00e1s, los cu\u00e1queros no son santos: Podemos perder los estribos y arremeter contra otros con palabras o acciones poco amables tan f\u00e1cilmente como cualquier otra persona.  <\/p>\n\n<p>Si tuvi\u00e9ramos que generalizar, quiz\u00e1s podr\u00edamos decir esto: Todos los cu\u00e1queros reconocen la paz como un ideal digno, y hacemos nuestro mejor esfuerzo, guiados por nuestras conciencias d\u00eda a d\u00eda, para hacer realidad ese sue\u00f1o. <\/p>\n\n<p><strong>Siguiente: <a href=\"https:\/\/www.quaker.org\/integrity\">integridad<\/a><\/strong><\/p>\n\n<div class=\"wp-block-columns is-layout-flex wp-container-core-columns-is-layout-9d6595d7 wp-block-columns-is-layout-flex\">\n<div class=\"wp-block-column is-layout-flow wp-block-column-is-layout-flow\" style=\"flex-basis:50%\">\n<div class=\"wp-block-group has-background is-layout-flow wp-block-group-is-layout-flow\" style=\"background-color:#dedede\">\n<h3 class=\"wp-block-heading\">M\u00e1s informaci\u00f3n en <em>Friends Journal<\/em><\/h3>\n\n\n\n<p>&#8220;<a href=\"https:\/\/www.friendsjournal.org\/2008067\/\">\u00bfQu\u00e9 es una Iglesia de Paz?<\/a>&#8221; Tom Ewell<\/p>\n\n\n\n<p>&#8220;<a href=\"https:\/\/www.friendsjournal.org\/2007064\/\">Una Perspectiva de Paz<\/a>&#8220;, Mary Lord<\/p>\n\n\n\n<p>&#8220;<a href=\"https:\/\/www.friendsjournal.org\/finding-way-peace\/\">Encontrando un Camino hacia la Paz<\/a>&#8220;, Christopher Stern<\/p>\n\n\n\n<p>&#8220;<a href=\"https:\/\/www.friendsjournal.org\/2010037\/\">El Verdadero Movimiento de Paz<\/a>&#8220;, Catherine Price<\/p>\n<\/div>\n<\/div>\n\n\n\n<div class=\"wp-block-column is-layout-flow wp-block-column-is-layout-flow\" style=\"flex-basis:50%\">\n<figure class=\"wp-block-embed is-type-video is-provider-youtube wp-block-embed-youtube wp-embed-aspect-16-9 wp-has-aspect-ratio\"><div class=\"wp-block-embed__wrapper\">\n<iframe loading=\"lazy\" title=\"Why I Stopped Paying Taxes\" width=\"500\" height=\"281\" src=\"https:\/\/www.youtube.com\/embed\/dqqksUEWAW8?feature=oembed\" frameborder=\"0\" allow=\"accelerometer; autoplay; clipboard-write; encrypted-media; gyroscope; picture-in-picture; web-share\" referrerpolicy=\"strict-origin-when-cross-origin\" allowfullscreen><\/iframe>\n<\/div><\/figure>\n<\/div>\n<\/div>\n\n<p class=\"has-text-align-center\"><em>La forma en que los cu\u00e1queros ven la guerra es que, cuando destruimos a otros seres humanos, no solo estamos destruyendo la humanidad sino que tambi\u00e9n estamos destruyendo aquello en la humanidad que es un reflejo de Dios. En la Biblia, una de las cosas que Cristo mismo dijo fue que deber\u00edas hacer a otros como te har\u00edan a ti mismo, y si me amas, amar\u00edas a tus hermanos. <\/em>&#8230;  <em>Es inequ\u00edvoco. No hay letra peque\u00f1a ah\u00ed. <\/em><\/p>\n","protected":false},"excerpt":{"rendered":"<p>Si la gente sabe algo sobre los cu\u00e1queros, sabe que somos no violentos, rechazando la guerra y la violencia en&hellip;<\/p>\n","protected":false},"author":5131,"featured_media":0,"parent":0,"menu_order":0,"comment_status":"closed","ping_status":"closed","template":"","meta":{"_acf_changed":false,"hero_banner_post_id":0,"footnotes":""},"class_list":["post-3244","page","type-page","status-publish","hentry"],"yoast_head":"<!-- This site is optimized with the Yoast SEO plugin v27.3 - https:\/\/yoast.com\/product\/yoast-seo-wordpress\/ -->\n<title>\u00bfPor qu\u00e9 son pacifistas los cu\u00e1queros? - el Testimonio de la Paz y el compromiso cu\u00e1quero con la paz<\/title>\n<meta name=\"description\" content=\"El pacifismo cu\u00e1quero tiene sus ra\u00edces en nuestro compromiso duradero con la paz, que se remonta a siglos atr\u00e1s. Conozca el Testimonio de la Paz y el compromiso cu\u00e1quero con la paz.\" \/>\n<meta name=\"robots\" content=\"index, follow, max-snippet:-1, max-image-preview:large, max-video-preview:-1\" \/>\n<link rel=\"canonical\" href=\"https:\/\/quaker.org\/es\/por-que-son-pacifistas-los-cuaqueros\/\" \/>\n<meta property=\"og:locale\" content=\"es_ES\" \/>\n<meta property=\"og:type\" content=\"article\" \/>\n<meta property=\"og:title\" content=\"\u00bfPor qu\u00e9 son pacifistas los cu\u00e1queros? - el Testimonio de la Paz y el compromiso cu\u00e1quero con la paz\" \/>\n<meta property=\"og:description\" content=\"El pacifismo cu\u00e1quero tiene sus ra\u00edces en nuestro compromiso duradero con la paz, que se remonta a siglos atr\u00e1s. Conozca el Testimonio de la Paz y el compromiso cu\u00e1quero con la paz.\" \/>\n<meta property=\"og:url\" content=\"https:\/\/quaker.org\/es\/por-que-son-pacifistas-los-cuaqueros\/\" \/>\n<meta property=\"og:site_name\" content=\"Quaker.org\" \/>\n<meta property=\"article:modified_time\" content=\"2025-09-19T15:16:51+00:00\" \/>\n<meta name=\"twitter:card\" content=\"summary_large_image\" \/>\n<meta name=\"twitter:label1\" content=\"Est. reading time\" \/>\n\t<meta name=\"twitter:data1\" content=\"3 minutes\" \/>\n<script type=\"application\/ld+json\" class=\"yoast-schema-graph\">{\"@context\":\"https:\\\/\\\/schema.org\",\"@graph\":[{\"@type\":\"WebPage\",\"@id\":\"https:\\\/\\\/quaker.org\\\/es\\\/por-que-son-pacifistas-los-cuaqueros\\\/\",\"url\":\"https:\\\/\\\/quaker.org\\\/es\\\/por-que-son-pacifistas-los-cuaqueros\\\/\",\"name\":\"\u00bfPor qu\u00e9 son pacifistas los cu\u00e1queros? - el Testimonio de la Paz y el compromiso cu\u00e1quero con la paz\",\"isPartOf\":{\"@id\":\"https:\\\/\\\/quaker.org\\\/es\\\/#website\"},\"datePublished\":\"2022-03-15T22:23:30+00:00\",\"dateModified\":\"2025-09-19T15:16:51+00:00\",\"description\":\"El pacifismo cu\u00e1quero tiene sus ra\u00edces en nuestro compromiso duradero con la paz, que se remonta a siglos atr\u00e1s. Conozca el Testimonio de la Paz y el compromiso cu\u00e1quero con la paz.\",\"breadcrumb\":{\"@id\":\"https:\\\/\\\/quaker.org\\\/es\\\/por-que-son-pacifistas-los-cuaqueros\\\/#breadcrumb\"},\"inLanguage\":\"es-ES\",\"potentialAction\":[{\"@type\":\"ReadAction\",\"target\":[\"https:\\\/\\\/quaker.org\\\/es\\\/por-que-son-pacifistas-los-cuaqueros\\\/\"]}]},{\"@type\":\"BreadcrumbList\",\"@id\":\"https:\\\/\\\/quaker.org\\\/es\\\/por-que-son-pacifistas-los-cuaqueros\\\/#breadcrumb\",\"itemListElement\":[{\"@type\":\"ListItem\",\"position\":1,\"name\":\"Home\",\"item\":\"https:\\\/\\\/quaker.org\\\/es\\\/bienvenido-a-a-quaker-org\\\/\"},{\"@type\":\"ListItem\",\"position\":2,\"name\":\"\u00bfPor qu\u00e9 son pacifistas los cu\u00e1queros?\"}]},{\"@type\":\"WebSite\",\"@id\":\"https:\\\/\\\/quaker.org\\\/es\\\/#website\",\"url\":\"https:\\\/\\\/quaker.org\\\/es\\\/\",\"name\":\"Quaker.org\",\"description\":\"Learn about Friends\",\"publisher\":{\"@id\":\"https:\\\/\\\/quaker.org\\\/es\\\/#organization\"},\"potentialAction\":[{\"@type\":\"SearchAction\",\"target\":{\"@type\":\"EntryPoint\",\"urlTemplate\":\"https:\\\/\\\/quaker.org\\\/es\\\/?s={search_term_string}\"},\"query-input\":{\"@type\":\"PropertyValueSpecification\",\"valueRequired\":true,\"valueName\":\"search_term_string\"}}],\"inLanguage\":\"es-ES\"},{\"@type\":\"Organization\",\"@id\":\"https:\\\/\\\/quaker.org\\\/es\\\/#organization\",\"name\":\"Quaker.org\",\"url\":\"https:\\\/\\\/quaker.org\\\/es\\\/\",\"logo\":{\"@type\":\"ImageObject\",\"inLanguage\":\"es-ES\",\"@id\":\"https:\\\/\\\/quaker.org\\\/es\\\/#\\\/schema\\\/logo\\\/image\\\/\",\"url\":\"https:\\\/\\\/quaker.org\\\/wp-content\\\/uploads\\\/sites\\\/3\\\/2025\\\/08\\\/QuakerOrgLogo_BW-300x54-1.png\",\"contentUrl\":\"https:\\\/\\\/quaker.org\\\/wp-content\\\/uploads\\\/sites\\\/3\\\/2025\\\/08\\\/QuakerOrgLogo_BW-300x54-1.png\",\"width\":300,\"height\":54,\"caption\":\"Quaker.org\"},\"image\":{\"@id\":\"https:\\\/\\\/quaker.org\\\/es\\\/#\\\/schema\\\/logo\\\/image\\\/\"}}]}<\/script>\n<!-- \/ Yoast SEO plugin. -->","yoast_head_json":{"title":"\u00bfPor qu\u00e9 son pacifistas los cu\u00e1queros? - el Testimonio de la Paz y el compromiso cu\u00e1quero con la paz","description":"El pacifismo cu\u00e1quero tiene sus ra\u00edces en nuestro compromiso duradero con la paz, que se remonta a siglos atr\u00e1s. Conozca el Testimonio de la Paz y el compromiso cu\u00e1quero con la paz.","robots":{"index":"index","follow":"follow","max-snippet":"max-snippet:-1","max-image-preview":"max-image-preview:large","max-video-preview":"max-video-preview:-1"},"canonical":"https:\/\/quaker.org\/es\/por-que-son-pacifistas-los-cuaqueros\/","og_locale":"es_ES","og_type":"article","og_title":"\u00bfPor qu\u00e9 son pacifistas los cu\u00e1queros? - el Testimonio de la Paz y el compromiso cu\u00e1quero con la paz","og_description":"El pacifismo cu\u00e1quero tiene sus ra\u00edces en nuestro compromiso duradero con la paz, que se remonta a siglos atr\u00e1s. Conozca el Testimonio de la Paz y el compromiso cu\u00e1quero con la paz.","og_url":"https:\/\/quaker.org\/es\/por-que-son-pacifistas-los-cuaqueros\/","og_site_name":"Quaker.org","article_modified_time":"2025-09-19T15:16:51+00:00","twitter_card":"summary_large_image","twitter_misc":{"Est. reading time":"3 minutes"},"schema":{"@context":"https:\/\/schema.org","@graph":[{"@type":"WebPage","@id":"https:\/\/quaker.org\/es\/por-que-son-pacifistas-los-cuaqueros\/","url":"https:\/\/quaker.org\/es\/por-que-son-pacifistas-los-cuaqueros\/","name":"\u00bfPor qu\u00e9 son pacifistas los cu\u00e1queros? - el Testimonio de la Paz y el compromiso cu\u00e1quero con la paz","isPartOf":{"@id":"https:\/\/quaker.org\/es\/#website"},"datePublished":"2022-03-15T22:23:30+00:00","dateModified":"2025-09-19T15:16:51+00:00","description":"El pacifismo cu\u00e1quero tiene sus ra\u00edces en nuestro compromiso duradero con la paz, que se remonta a siglos atr\u00e1s. Conozca el Testimonio de la Paz y el compromiso cu\u00e1quero con la paz.","breadcrumb":{"@id":"https:\/\/quaker.org\/es\/por-que-son-pacifistas-los-cuaqueros\/#breadcrumb"},"inLanguage":"es-ES","potentialAction":[{"@type":"ReadAction","target":["https:\/\/quaker.org\/es\/por-que-son-pacifistas-los-cuaqueros\/"]}]},{"@type":"BreadcrumbList","@id":"https:\/\/quaker.org\/es\/por-que-son-pacifistas-los-cuaqueros\/#breadcrumb","itemListElement":[{"@type":"ListItem","position":1,"name":"Home","item":"https:\/\/quaker.org\/es\/bienvenido-a-a-quaker-org\/"},{"@type":"ListItem","position":2,"name":"\u00bfPor qu\u00e9 son pacifistas los cu\u00e1queros?"}]},{"@type":"WebSite","@id":"https:\/\/quaker.org\/es\/#website","url":"https:\/\/quaker.org\/es\/","name":"Quaker.org","description":"Learn about Friends","publisher":{"@id":"https:\/\/quaker.org\/es\/#organization"},"potentialAction":[{"@type":"SearchAction","target":{"@type":"EntryPoint","urlTemplate":"https:\/\/quaker.org\/es\/?s={search_term_string}"},"query-input":{"@type":"PropertyValueSpecification","valueRequired":true,"valueName":"search_term_string"}}],"inLanguage":"es-ES"},{"@type":"Organization","@id":"https:\/\/quaker.org\/es\/#organization","name":"Quaker.org","url":"https:\/\/quaker.org\/es\/","logo":{"@type":"ImageObject","inLanguage":"es-ES","@id":"https:\/\/quaker.org\/es\/#\/schema\/logo\/image\/","url":"https:\/\/quaker.org\/wp-content\/uploads\/sites\/3\/2025\/08\/QuakerOrgLogo_BW-300x54-1.png","contentUrl":"https:\/\/quaker.org\/wp-content\/uploads\/sites\/3\/2025\/08\/QuakerOrgLogo_BW-300x54-1.png","width":300,"height":54,"caption":"Quaker.org"},"image":{"@id":"https:\/\/quaker.org\/es\/#\/schema\/logo\/image\/"}}]}},"distributor_meta":false,"distributor_terms":false,"distributor_media":false,"distributor_original_site_name":"Quaker.org","distributor_original_site_url":"https:\/\/quaker.org\/es\/","push-errors":false,"acf":[],"_links":{"self":[{"href":"https:\/\/quaker.org\/es\/wp-json\/wp\/v2\/pages\/3244","targetHints":{"allow":["GET"]}}],"collection":[{"href":"https:\/\/quaker.org\/es\/wp-json\/wp\/v2\/pages"}],"about":[{"href":"https:\/\/quaker.org\/es\/wp-json\/wp\/v2\/types\/page"}],"author":[{"embeddable":true,"href":"https:\/\/quaker.org\/es\/wp-json\/wp\/v2\/users\/5131"}],"replies":[{"embeddable":true,"href":"https:\/\/quaker.org\/es\/wp-json\/wp\/v2\/comments?post=3244"}],"version-history":[{"count":1,"href":"https:\/\/quaker.org\/es\/wp-json\/wp\/v2\/pages\/3244\/revisions"}],"predecessor-version":[{"id":3245,"href":"https:\/\/quaker.org\/es\/wp-json\/wp\/v2\/pages\/3244\/revisions\/3245"}],"wp:attachment":[{"href":"https:\/\/quaker.org\/es\/wp-json\/wp\/v2\/media?parent=3244"}],"curies":[{"name":"wp","href":"https:\/\/api.w.org\/{rel}","templated":true}]}}