{"id":3242,"date":"2022-03-18T23:30:31","date_gmt":"2022-03-18T23:30:31","guid":{"rendered":"https:\/\/quaker.org\/que-entienden-los-cuaqueros-por-integridad\/"},"modified":"2025-09-19T15:16:39","modified_gmt":"2025-09-19T15:16:39","slug":"que-entienden-los-cuaqueros-por-integridad","status":"publish","type":"page","link":"https:\/\/quaker.org\/es\/que-entienden-los-cuaqueros-por-integridad\/","title":{"rendered":"\u00bfQu\u00e9 entienden los cu\u00e1queros por integridad?"},"content":{"rendered":"\n<div class=\"wp-block-columns is-layout-flex wp-container-core-columns-is-layout-9d6595d7 wp-block-columns-is-layout-flex\">\n<div class=\"wp-block-column is-layout-flow wp-block-column-is-layout-flow\" style=\"flex-basis:50%\">\n<p>La &#8220;integridad&#8221; deber\u00eda ser f\u00e1cil de definir, \u00bfverdad? Siempre decir la verdad. No decir una cosa y luego hacer otra. Ser coherente en el comportamiento moral.    <\/p>\n\n\n\n<p>A un nivel, la integridad realmente es as\u00ed de simple, pero tambi\u00e9n puede manifestarse en nuestras vidas diarias de maneras complejas y fascinantes. El cu\u00e1quero estadounidense del siglo XVIII John Woolman, por ejemplo, era famoso por la coherencia con la que viv\u00eda su oposici\u00f3n al comercio de esclavos. Adem\u00e1s de abogar personalmente por la liberaci\u00f3n de muchas personas esclavizadas, rechazaba cualquier vajilla de plata, incluso como invitado en casas ajenas, en solidaridad con quienes eran obligados a trabajar en las minas de plata. M\u00e1s all\u00e1 de eso, Woolman tambi\u00e9n rechazaba cualquier ropa te\u00f1ida, expresando su desaprobaci\u00f3n de las condiciones laborales inseguras en la industria de los tintes. Incluso evitaba viajar en diligencias porque le horrorizaba ver c\u00f3mo maltrataban a los caballos.    <\/p>\n<\/div>\n\n\n\n<div class=\"wp-block-column is-layout-flow wp-block-column-is-layout-flow\" style=\"flex-basis:50%\">\n<figure class=\"wp-block-embed is-type-video is-provider-youtube wp-block-embed-youtube wp-embed-aspect-16-9 wp-has-aspect-ratio\"><div class=\"wp-block-embed__wrapper\">\n<iframe loading=\"lazy\" title=\"Who is John Woolman?\" width=\"500\" height=\"281\" src=\"https:\/\/www.youtube.com\/embed\/kqjCSGQtRUk?feature=oembed\" frameborder=\"0\" allow=\"accelerometer; autoplay; clipboard-write; encrypted-media; gyroscope; picture-in-picture; web-share\" referrerpolicy=\"strict-origin-when-cross-origin\" allowfullscreen><\/iframe>\n<\/div><\/figure>\n<\/div>\n<\/div>\n\n<p>Pero \u00bfc\u00f3mo muestran su integridad los cu\u00e1queros hoy?<\/p>\n\n<p>Puede que haya o\u00eddo que los cu\u00e1queros se niegan a prestar juramentos; ni siquiera &#8220;juran decir la verdad, toda la verdad y nada m\u00e1s que la verdad, que Dios me ayude&#8221; cuando comparecen como testigos en los tribunales. Esto se remonta al inicio mismo de la Sociedad Religiosa de los Amigos, y su adopci\u00f3n del mandamiento de Jes\u00fas: &#8220;Os digo que no jur\u00e9is en absoluto&#8230; sea vuestro hablar: S\u00ed, s\u00ed; No, no; porque lo que es m\u00e1s de esto, de mal procede.&#8221; (Mateo 5:34,37) Adem\u00e1s, si jura decir la verdad en una circunstancia, implica que piensa que ser\u00eda aceptable <em>no<\/em> decir la verdad en otras circunstancias.  <\/p>\n\n<p>Pero los primeros Amigos tambi\u00e9n extendieron su noci\u00f3n de integridad a sus pr\u00e1cticas comerciales y, de cierta manera, establecieron un est\u00e1ndar comercial. Hace siglos, era m\u00e1s com\u00fan que los comerciantes y sus clientes regatearan los precios de las mercanc\u00edas hasta encontrar un precio mutuamente aceptable. Los Amigos que dirig\u00edan negocios decidieron que simplemente calcular\u00edan tarifas razonables para sus bienes y servicios y establecer\u00edan un valor fijo que sus clientes pudieran reconocer como justo, porque pod\u00edan confiar en que un comerciante cu\u00e1quero no los estafar\u00eda con precios exorbitantes. Esta pr\u00e1ctica se volvi\u00f3 tan popular que otros negocios se vieron obligados a adoptarla tambi\u00e9n.   <\/p>\n\n<p>Hay otras maneras de practicar la integridad en las transacciones financieras. Muchos Amigos se esfuerzan por observar la responsabilidad social en sus compras, con preferencia por productos de &#8220;comercio justo&#8221; o art\u00edculos que no hayan sido producidos mediante pr\u00e1cticas laborales explotadoras. Algunos pueden ir a\u00fan m\u00e1s lejos minimizando su uso de tarjetas de cr\u00e9dito, o rechaz\u00e1ndolas por completo, creyendo que es deshonesto gastar dinero que realmente no se tiene.  <\/p>\n\n<p>A un nivel m\u00e1s fundamental, vivir con integridad significa aceptar la responsabilidad por las propias acciones, y arrepentirse cuando se ha hecho da\u00f1o a otros. Significa honrar &#8220;lo de Dios&#8221; en otras personas, lo que incluye tratar a todos con dignidad y con mente abierta. Puede que no siempre est\u00e9 de acuerdo con alguien, pero puede discrepar, sin importar cu\u00e1n firmemente, con respeto.  <\/p>\n\n<p><strong>SIGUIENTE: <a href=\"https:\/\/quaker.org\/living-in-community\/\">comunidad<\/a><\/strong><\/p>\n\n<div class=\"wp-block-columns is-layout-flex wp-container-core-columns-is-layout-9d6595d7 wp-block-columns-is-layout-flex\">\n<div class=\"wp-block-column is-layout-flow wp-block-column-is-layout-flow\" style=\"flex-basis:50%\">\n<div class=\"wp-block-group has-background is-layout-flow wp-block-group-is-layout-flow\" style=\"background-color:#dedede\">\n<h3 class=\"wp-block-heading\"><strong>M\u00e1s informaci\u00f3n en <em>Friends Journal<\/em><\/strong><\/h3>\n\n\n\n<p>&#8220;<a href=\"https:\/\/www.friendsjournal.org\/integrity-noun\/\">Integridad, un sustantivo<\/a>&#8220;, Emme LeFebvre<\/p>\n\n\n\n<p>&#8220;<a href=\"https:\/\/www.friendsjournal.org\/2009106\/\">Dar Testimonio de la integridad en El mundo de la mentira<\/a>&#8220;, Shelley E. Cochran<\/p>\n\n\n\n<p>&#8220;<a href=\"https:\/\/www.friendsjournal.org\/2006074\/\">Los costos de la Fe cu\u00e1quera<\/a>&#8220;, Glenn L. Reinhart<\/p>\n<\/div>\n<\/div>\n\n\n\n<div class=\"wp-block-column is-layout-flow wp-block-column-is-layout-flow\" style=\"flex-basis:50%\">\n<figure class=\"wp-block-embed is-type-video is-provider-youtube wp-block-embed-youtube wp-embed-aspect-16-9 wp-has-aspect-ratio\"><div class=\"wp-block-embed__wrapper\">\n<iframe loading=\"lazy\" title=\"A Quaker Perspective on Economics\" width=\"500\" height=\"281\" src=\"https:\/\/www.youtube.com\/embed\/P78nuhohNB8?feature=oembed\" frameborder=\"0\" allow=\"accelerometer; autoplay; clipboard-write; encrypted-media; gyroscope; picture-in-picture; web-share\" referrerpolicy=\"strict-origin-when-cross-origin\" allowfullscreen><\/iframe>\n<\/div><\/figure>\n<\/div>\n<\/div>\n\n<p><\/p>\n","protected":false},"excerpt":{"rendered":"<p>La &#8220;integridad&#8221; deber\u00eda ser f\u00e1cil de definir, \u00bfverdad? Siempre decir la verdad. No decir una cosa y luego hacer otra.&hellip;<\/p>\n","protected":false},"author":5131,"featured_media":0,"parent":0,"menu_order":0,"comment_status":"closed","ping_status":"closed","template":"","meta":{"_acf_changed":false,"hero_banner_post_id":0,"footnotes":""},"class_list":["post-3242","page","type-page","status-publish","hentry"],"yoast_head":"<!-- This site is optimized with the Yoast SEO plugin v27.3 - https:\/\/yoast.com\/product\/yoast-seo-wordpress\/ -->\n<title>\u00bfQu\u00e9 significa la integridad para los cu\u00e1queros? - c\u00f3mo expresan la integridad los cu\u00e1queros hoy<\/title>\n<meta name=\"description\" content=\"Definir la integridad puede parecer sencillo, pero \u00bfqu\u00e9 significa vivir con integridad? Aprenda m\u00e1s sobre c\u00f3mo los cu\u00e1queros defienden sus valores morales y muestran integridad hoy.\" \/>\n<meta name=\"robots\" content=\"index, follow, max-snippet:-1, max-image-preview:large, max-video-preview:-1\" \/>\n<link rel=\"canonical\" href=\"https:\/\/quaker.org\/es\/que-entienden-los-cuaqueros-por-integridad\/\" \/>\n<meta property=\"og:locale\" content=\"es_ES\" \/>\n<meta property=\"og:type\" content=\"article\" \/>\n<meta property=\"og:title\" content=\"\u00bfQu\u00e9 significa la integridad para los cu\u00e1queros? - c\u00f3mo expresan la integridad los cu\u00e1queros hoy\" \/>\n<meta property=\"og:description\" content=\"Definir la integridad puede parecer sencillo, pero \u00bfqu\u00e9 significa vivir con integridad? Aprenda m\u00e1s sobre c\u00f3mo los cu\u00e1queros defienden sus valores morales y muestran integridad hoy.\" \/>\n<meta property=\"og:url\" content=\"https:\/\/quaker.org\/es\/que-entienden-los-cuaqueros-por-integridad\/\" \/>\n<meta property=\"og:site_name\" content=\"Quaker.org\" \/>\n<meta property=\"article:modified_time\" content=\"2025-09-19T15:16:39+00:00\" \/>\n<meta name=\"twitter:card\" content=\"summary_large_image\" \/>\n<meta name=\"twitter:label1\" content=\"Est. reading time\" \/>\n\t<meta name=\"twitter:data1\" content=\"3 minutes\" \/>\n<script type=\"application\/ld+json\" class=\"yoast-schema-graph\">{\"@context\":\"https:\\\/\\\/schema.org\",\"@graph\":[{\"@type\":\"WebPage\",\"@id\":\"https:\\\/\\\/quaker.org\\\/es\\\/que-entienden-los-cuaqueros-por-integridad\\\/\",\"url\":\"https:\\\/\\\/quaker.org\\\/es\\\/que-entienden-los-cuaqueros-por-integridad\\\/\",\"name\":\"\u00bfQu\u00e9 significa la integridad para los cu\u00e1queros? - c\u00f3mo expresan la integridad los cu\u00e1queros hoy\",\"isPartOf\":{\"@id\":\"https:\\\/\\\/quaker.org\\\/es\\\/#website\"},\"datePublished\":\"2022-03-18T23:30:31+00:00\",\"dateModified\":\"2025-09-19T15:16:39+00:00\",\"description\":\"Definir la integridad puede parecer sencillo, pero \u00bfqu\u00e9 significa vivir con integridad? Aprenda m\u00e1s sobre c\u00f3mo los cu\u00e1queros defienden sus valores morales y muestran integridad hoy.\",\"breadcrumb\":{\"@id\":\"https:\\\/\\\/quaker.org\\\/es\\\/que-entienden-los-cuaqueros-por-integridad\\\/#breadcrumb\"},\"inLanguage\":\"es-ES\",\"potentialAction\":[{\"@type\":\"ReadAction\",\"target\":[\"https:\\\/\\\/quaker.org\\\/es\\\/que-entienden-los-cuaqueros-por-integridad\\\/\"]}]},{\"@type\":\"BreadcrumbList\",\"@id\":\"https:\\\/\\\/quaker.org\\\/es\\\/que-entienden-los-cuaqueros-por-integridad\\\/#breadcrumb\",\"itemListElement\":[{\"@type\":\"ListItem\",\"position\":1,\"name\":\"Home\",\"item\":\"https:\\\/\\\/quaker.org\\\/es\\\/bienvenido-a-a-quaker-org\\\/\"},{\"@type\":\"ListItem\",\"position\":2,\"name\":\"\u00bfQu\u00e9 entienden los cu\u00e1queros por integridad?\"}]},{\"@type\":\"WebSite\",\"@id\":\"https:\\\/\\\/quaker.org\\\/es\\\/#website\",\"url\":\"https:\\\/\\\/quaker.org\\\/es\\\/\",\"name\":\"Quaker.org\",\"description\":\"Learn about Friends\",\"publisher\":{\"@id\":\"https:\\\/\\\/quaker.org\\\/es\\\/#organization\"},\"potentialAction\":[{\"@type\":\"SearchAction\",\"target\":{\"@type\":\"EntryPoint\",\"urlTemplate\":\"https:\\\/\\\/quaker.org\\\/es\\\/?s={search_term_string}\"},\"query-input\":{\"@type\":\"PropertyValueSpecification\",\"valueRequired\":true,\"valueName\":\"search_term_string\"}}],\"inLanguage\":\"es-ES\"},{\"@type\":\"Organization\",\"@id\":\"https:\\\/\\\/quaker.org\\\/es\\\/#organization\",\"name\":\"Quaker.org\",\"url\":\"https:\\\/\\\/quaker.org\\\/es\\\/\",\"logo\":{\"@type\":\"ImageObject\",\"inLanguage\":\"es-ES\",\"@id\":\"https:\\\/\\\/quaker.org\\\/es\\\/#\\\/schema\\\/logo\\\/image\\\/\",\"url\":\"https:\\\/\\\/quaker.org\\\/wp-content\\\/uploads\\\/sites\\\/3\\\/2025\\\/08\\\/QuakerOrgLogo_BW-300x54-1.png\",\"contentUrl\":\"https:\\\/\\\/quaker.org\\\/wp-content\\\/uploads\\\/sites\\\/3\\\/2025\\\/08\\\/QuakerOrgLogo_BW-300x54-1.png\",\"width\":300,\"height\":54,\"caption\":\"Quaker.org\"},\"image\":{\"@id\":\"https:\\\/\\\/quaker.org\\\/es\\\/#\\\/schema\\\/logo\\\/image\\\/\"}}]}<\/script>\n<!-- \/ Yoast SEO plugin. -->","yoast_head_json":{"title":"\u00bfQu\u00e9 significa la integridad para los cu\u00e1queros? - c\u00f3mo expresan la integridad los cu\u00e1queros hoy","description":"Definir la integridad puede parecer sencillo, pero \u00bfqu\u00e9 significa vivir con integridad? Aprenda m\u00e1s sobre c\u00f3mo los cu\u00e1queros defienden sus valores morales y muestran integridad hoy.","robots":{"index":"index","follow":"follow","max-snippet":"max-snippet:-1","max-image-preview":"max-image-preview:large","max-video-preview":"max-video-preview:-1"},"canonical":"https:\/\/quaker.org\/es\/que-entienden-los-cuaqueros-por-integridad\/","og_locale":"es_ES","og_type":"article","og_title":"\u00bfQu\u00e9 significa la integridad para los cu\u00e1queros? - c\u00f3mo expresan la integridad los cu\u00e1queros hoy","og_description":"Definir la integridad puede parecer sencillo, pero \u00bfqu\u00e9 significa vivir con integridad? Aprenda m\u00e1s sobre c\u00f3mo los cu\u00e1queros defienden sus valores morales y muestran integridad hoy.","og_url":"https:\/\/quaker.org\/es\/que-entienden-los-cuaqueros-por-integridad\/","og_site_name":"Quaker.org","article_modified_time":"2025-09-19T15:16:39+00:00","twitter_card":"summary_large_image","twitter_misc":{"Est. reading time":"3 minutes"},"schema":{"@context":"https:\/\/schema.org","@graph":[{"@type":"WebPage","@id":"https:\/\/quaker.org\/es\/que-entienden-los-cuaqueros-por-integridad\/","url":"https:\/\/quaker.org\/es\/que-entienden-los-cuaqueros-por-integridad\/","name":"\u00bfQu\u00e9 significa la integridad para los cu\u00e1queros? - c\u00f3mo expresan la integridad los cu\u00e1queros hoy","isPartOf":{"@id":"https:\/\/quaker.org\/es\/#website"},"datePublished":"2022-03-18T23:30:31+00:00","dateModified":"2025-09-19T15:16:39+00:00","description":"Definir la integridad puede parecer sencillo, pero \u00bfqu\u00e9 significa vivir con integridad? Aprenda m\u00e1s sobre c\u00f3mo los cu\u00e1queros defienden sus valores morales y muestran integridad hoy.","breadcrumb":{"@id":"https:\/\/quaker.org\/es\/que-entienden-los-cuaqueros-por-integridad\/#breadcrumb"},"inLanguage":"es-ES","potentialAction":[{"@type":"ReadAction","target":["https:\/\/quaker.org\/es\/que-entienden-los-cuaqueros-por-integridad\/"]}]},{"@type":"BreadcrumbList","@id":"https:\/\/quaker.org\/es\/que-entienden-los-cuaqueros-por-integridad\/#breadcrumb","itemListElement":[{"@type":"ListItem","position":1,"name":"Home","item":"https:\/\/quaker.org\/es\/bienvenido-a-a-quaker-org\/"},{"@type":"ListItem","position":2,"name":"\u00bfQu\u00e9 entienden los cu\u00e1queros por integridad?"}]},{"@type":"WebSite","@id":"https:\/\/quaker.org\/es\/#website","url":"https:\/\/quaker.org\/es\/","name":"Quaker.org","description":"Learn about Friends","publisher":{"@id":"https:\/\/quaker.org\/es\/#organization"},"potentialAction":[{"@type":"SearchAction","target":{"@type":"EntryPoint","urlTemplate":"https:\/\/quaker.org\/es\/?s={search_term_string}"},"query-input":{"@type":"PropertyValueSpecification","valueRequired":true,"valueName":"search_term_string"}}],"inLanguage":"es-ES"},{"@type":"Organization","@id":"https:\/\/quaker.org\/es\/#organization","name":"Quaker.org","url":"https:\/\/quaker.org\/es\/","logo":{"@type":"ImageObject","inLanguage":"es-ES","@id":"https:\/\/quaker.org\/es\/#\/schema\/logo\/image\/","url":"https:\/\/quaker.org\/wp-content\/uploads\/sites\/3\/2025\/08\/QuakerOrgLogo_BW-300x54-1.png","contentUrl":"https:\/\/quaker.org\/wp-content\/uploads\/sites\/3\/2025\/08\/QuakerOrgLogo_BW-300x54-1.png","width":300,"height":54,"caption":"Quaker.org"},"image":{"@id":"https:\/\/quaker.org\/es\/#\/schema\/logo\/image\/"}}]}},"distributor_meta":false,"distributor_terms":false,"distributor_media":false,"distributor_original_site_name":"Quaker.org","distributor_original_site_url":"https:\/\/quaker.org\/es\/","push-errors":false,"acf":[],"_links":{"self":[{"href":"https:\/\/quaker.org\/es\/wp-json\/wp\/v2\/pages\/3242","targetHints":{"allow":["GET"]}}],"collection":[{"href":"https:\/\/quaker.org\/es\/wp-json\/wp\/v2\/pages"}],"about":[{"href":"https:\/\/quaker.org\/es\/wp-json\/wp\/v2\/types\/page"}],"author":[{"embeddable":true,"href":"https:\/\/quaker.org\/es\/wp-json\/wp\/v2\/users\/5131"}],"replies":[{"embeddable":true,"href":"https:\/\/quaker.org\/es\/wp-json\/wp\/v2\/comments?post=3242"}],"version-history":[{"count":1,"href":"https:\/\/quaker.org\/es\/wp-json\/wp\/v2\/pages\/3242\/revisions"}],"predecessor-version":[{"id":3243,"href":"https:\/\/quaker.org\/es\/wp-json\/wp\/v2\/pages\/3242\/revisions\/3243"}],"wp:attachment":[{"href":"https:\/\/quaker.org\/es\/wp-json\/wp\/v2\/media?parent=3242"}],"curies":[{"name":"wp","href":"https:\/\/api.w.org\/{rel}","templated":true}]}}