{"id":3240,"date":"2022-02-28T04:26:12","date_gmt":"2022-02-28T04:26:12","guid":{"rendered":"https:\/\/quaker.org\/como-practican-la-sencillez-los-cuaqueros\/"},"modified":"2025-09-19T15:16:31","modified_gmt":"2025-09-19T15:16:31","slug":"como-practican-la-sencillez-los-cuaqueros","status":"publish","type":"page","link":"https:\/\/quaker.org\/es\/como-practican-la-sencillez-los-cuaqueros\/","title":{"rendered":"\u00bfC\u00f3mo practican la Sencillez los cu\u00e1queros?"},"content":{"rendered":"\n<div class=\"wp-block-columns is-layout-flex wp-container-core-columns-is-layout-9d6595d7 wp-block-columns-is-layout-flex\">\n<div class=\"wp-block-column is-layout-flow wp-block-column-is-layout-flow\" style=\"flex-basis:50%\">\n<p>&#8220;Cuando practicamos la vida sencilla&#8221;, escribi\u00f3 una vez Philip Harnden para <em>Friends Journal<\/em>, &#8220;decimos colectivamente un rotundo no al consumismo, materialismo y desperdicio de la sociedad industrial moderna&#8221;.<\/p>\n\n\n\n<p>Los cu\u00e1queros individuales adoptan este enfoque de diversas maneras. Uno de los ejemplos m\u00e1s prominentes es el compromiso con la <strong>vestimenta sencilla<\/strong>, pero incluso entonces no existe una definici\u00f3n universalmente aceptada de lo que eso significa. Para algunos Amigos, podr\u00eda ser una negativa a dejarse atrapar por la moda y una preferencia por art\u00edculos c\u00f3modos y econ\u00f3micos. Otros podr\u00edan rechazar completamente la ropa de marca y comprar en tiendas de segunda mano o hacer su propia ropa a mano.   <\/p>\n\n\n\n<p>Por supuesto, tales decisiones no se tratan solo de &#8220;Sencillez&#8221;, y los Amigos pueden sentirse obligados a considerar una serie de factores \u00e9ticos y morales antes de tomar sus decisiones. \u00bfEmplea una empresa de ropa trabajo esclavo en el extranjero? \u00bfC\u00f3mo impactan sus procesos de producci\u00f3n al medio ambiente?  <\/p>\n<\/div>\n\n\n\n<div class=\"wp-block-column is-layout-flow wp-block-column-is-layout-flow\" style=\"flex-basis:50%\">\n<figure class=\"wp-block-embed is-type-video is-provider-youtube wp-block-embed-youtube wp-embed-aspect-16-9 wp-has-aspect-ratio\"><div class=\"wp-block-embed__wrapper\">\n<iframe loading=\"lazy\" title=\"Why Do Some Quakers Dress Plain?\" width=\"500\" height=\"281\" src=\"https:\/\/www.youtube.com\/embed\/idEhVxg0SrA?feature=oembed\" frameborder=\"0\" allow=\"accelerometer; autoplay; clipboard-write; encrypted-media; gyroscope; picture-in-picture; web-share\" referrerpolicy=\"strict-origin-when-cross-origin\" allowfullscreen><\/iframe>\n<\/div><figcaption class=\"wp-element-caption\"><em>&#8220;Es muy f\u00e1cil simplemente parecer como todos los dem\u00e1s y tal vez interactuar con personas o hacer cosas que sabes que realmente no deber\u00edas estar haciendo, pero simplemente sigues a la multitud. Pero para m\u00ed, realmente quer\u00eda algo que llamara mi atenci\u00f3n sobre c\u00f3mo estaba interactuando en el mundo&#8221;.<\/em><\/figcaption><\/figure>\n<\/div>\n<\/div>\n\n<p>Ni que decir tiene que no estamos hablando solo de ropa. Siempre que los cu\u00e1queros gastan dinero \u2014ya sea una inversi\u00f3n importante como un autom\u00f3vil o una casa, o una compra rutinaria como una taza de caf\u00e9\u2014 se esfuerzan por evitar la extravagancia por el simple hecho de ser extravagante. Eso no significa que a los cu\u00e1queros no les gusten las cosas bonitas, \u00a1o que se hayan desconectado completamente de la cultura de consumo! Como grupo, los Amigos no se han apartado del mundo tan ferozmente como, digamos, los amish. Pero, como los amish, los Amigos son muy conscientes de las formas en que la cultura secular (o, para el caso, la cultura religiosa), puede ser una influencia corruptora en nuestras vidas espirituales, y por eso navegan por este mundo social y econ\u00f3mico con cuidado, haciendo todo lo posible por mantenerse conscientes de si sus decisiones est\u00e1n en armon\u00eda con el Esp\u00edritu (Santo).    <\/p>\n\n<p>M\u00e1s a menudo que no, eso significa mantener las cosas sencillas. Es m\u00e1s f\u00e1cil decir siempre la verdad que tratar de recordar qu\u00e9 mentiras has dicho cu\u00e1ndo y a qui\u00e9n. Es m\u00e1s f\u00e1cil hacer un d\u00eda honesto de trabajo por un salario honesto, o pagar un salario honesto por un d\u00eda honesto de trabajo, que participar en constantes maquinaciones financieras. Y as\u00ed sucesivamente: entiende la idea.   <\/p>\n\n<p><strong>SIGUIENTE: <a href=\"https:\/\/quaker.org\/peace\/\">paz<\/a><\/strong><\/p>\n\n<div class=\"wp-block-columns is-layout-flex wp-container-core-columns-is-layout-9d6595d7 wp-block-columns-is-layout-flex\">\n<div class=\"wp-block-column has-background is-layout-flow wp-block-column-is-layout-flow\" style=\"background-color:#dedede;flex-basis:50%\">\n<h3 class=\"wp-block-heading\">M\u00e1s informaci\u00f3n en <em>Friends Journal<\/em><\/h3>\n\n\n\n<p>&#8220;<a href=\"https:\/\/www.friendsjournal.org\/plain-dress\/\">Ocasiones para la Vestimenta Sencilla<\/a>&#8220;, Gracia Fay Ellwood<\/p>\n\n\n\n<p>&#8220;<a href=\"https:\/\/www.friendsjournal.org\/2005058\/\">Sencillez: \u00bfUn Testimonio?<\/a>&#8221; Caroline Lanker<\/p>\n\n\n\n<p>&#8220;<a href=\"https:\/\/www.friendsjournal.org\/simple-living\/\">Vida Sencilla M\u00e1s All\u00e1 de la Tienda de Segunda Mano<\/a>&#8220;, Philip Harnden<\/p>\n\n\n\n<p>&#8220;<a href=\"https:\/\/www.friendsjournal.org\/finding-simplicity-in-my-life\/?utm_source=FJ&amp;utm_mediumwebsitel&amp;utm_campaign=related\">Encontrando la Sencillez en Mi Vida<\/a>&#8220;, por Robert Bennett<\/p>\n<\/div>\n\n\n\n<div class=\"wp-block-column is-layout-flow wp-block-column-is-layout-flow\" style=\"flex-basis:50%\">\n<figure class=\"wp-block-embed is-type-video is-provider-youtube wp-block-embed-youtube wp-embed-aspect-16-9 wp-has-aspect-ratio\"><div class=\"wp-block-embed__wrapper\">\n<iframe loading=\"lazy\" title=\"Are Quakers Amish?\" width=\"500\" height=\"281\" src=\"https:\/\/www.youtube.com\/embed\/KNbItuTZkXw?feature=oembed\" frameborder=\"0\" allow=\"accelerometer; autoplay; clipboard-write; encrypted-media; gyroscope; picture-in-picture; web-share\" referrerpolicy=\"strict-origin-when-cross-origin\" allowfullscreen><\/iframe>\n<\/div><\/figure>\n<\/div>\n<\/div>\n","protected":false},"excerpt":{"rendered":"<p>&#8220;Cuando practicamos la vida sencilla&#8221;, escribi\u00f3 una vez Philip Harnden para Friends Journal, &#8220;decimos colectivamente un rotundo no al consumismo,&hellip;<\/p>\n","protected":false},"author":5131,"featured_media":0,"parent":0,"menu_order":0,"comment_status":"closed","ping_status":"closed","template":"","meta":{"_acf_changed":false,"hero_banner_post_id":0,"footnotes":""},"class_list":["post-3240","page","type-page","status-publish","hentry"],"yoast_head":"<!-- This site is optimized with the Yoast SEO plugin v27.4 - https:\/\/yoast.com\/product\/yoast-seo-wordpress\/ -->\n<title>\u00bfC\u00f3mo ven el consumismo los cu\u00e1queros? - \u00bfc\u00f3mo practican la Sencillez los cu\u00e1queros?<\/title>\n<meta name=\"description\" content=\"Para los cu\u00e1queros, vivir una vida de Sencillez tiene en cuenta una serie de factores \u00e9ticos y morales antes de tomar una decisi\u00f3n. Aprenda c\u00f3mo practican la Sencillez los cu\u00e1queros.\" \/>\n<meta name=\"robots\" content=\"index, follow, max-snippet:-1, max-image-preview:large, max-video-preview:-1\" \/>\n<link rel=\"canonical\" href=\"https:\/\/quaker.org\/es\/como-practican-la-sencillez-los-cuaqueros\/\" \/>\n<meta property=\"og:locale\" content=\"es_ES\" \/>\n<meta property=\"og:type\" content=\"article\" \/>\n<meta property=\"og:title\" content=\"\u00bfC\u00f3mo ven el consumismo los cu\u00e1queros? - \u00bfc\u00f3mo practican la Sencillez los cu\u00e1queros?\" \/>\n<meta property=\"og:description\" content=\"Para los cu\u00e1queros, vivir una vida de Sencillez tiene en cuenta una serie de factores \u00e9ticos y morales antes de tomar una decisi\u00f3n. Aprenda c\u00f3mo practican la Sencillez los cu\u00e1queros.\" \/>\n<meta property=\"og:url\" content=\"https:\/\/quaker.org\/es\/como-practican-la-sencillez-los-cuaqueros\/\" \/>\n<meta property=\"og:site_name\" content=\"Quaker.org\" \/>\n<meta property=\"article:modified_time\" content=\"2025-09-19T15:16:31+00:00\" \/>\n<meta name=\"twitter:card\" content=\"summary_large_image\" \/>\n<meta name=\"twitter:label1\" content=\"Est. reading time\" \/>\n\t<meta name=\"twitter:data1\" content=\"3 minutes\" \/>\n<script type=\"application\/ld+json\" class=\"yoast-schema-graph\">{\"@context\":\"https:\\\/\\\/schema.org\",\"@graph\":[{\"@type\":\"WebPage\",\"@id\":\"https:\\\/\\\/quaker.org\\\/es\\\/como-practican-la-sencillez-los-cuaqueros\\\/\",\"url\":\"https:\\\/\\\/quaker.org\\\/es\\\/como-practican-la-sencillez-los-cuaqueros\\\/\",\"name\":\"\u00bfC\u00f3mo ven el consumismo los cu\u00e1queros? - \u00bfc\u00f3mo practican la Sencillez los cu\u00e1queros?\",\"isPartOf\":{\"@id\":\"https:\\\/\\\/quaker.org\\\/es\\\/#website\"},\"datePublished\":\"2022-02-28T04:26:12+00:00\",\"dateModified\":\"2025-09-19T15:16:31+00:00\",\"description\":\"Para los cu\u00e1queros, vivir una vida de Sencillez tiene en cuenta una serie de factores \u00e9ticos y morales antes de tomar una decisi\u00f3n. Aprenda c\u00f3mo practican la Sencillez los cu\u00e1queros.\",\"breadcrumb\":{\"@id\":\"https:\\\/\\\/quaker.org\\\/es\\\/como-practican-la-sencillez-los-cuaqueros\\\/#breadcrumb\"},\"inLanguage\":\"es-ES\",\"potentialAction\":[{\"@type\":\"ReadAction\",\"target\":[\"https:\\\/\\\/quaker.org\\\/es\\\/como-practican-la-sencillez-los-cuaqueros\\\/\"]}]},{\"@type\":\"BreadcrumbList\",\"@id\":\"https:\\\/\\\/quaker.org\\\/es\\\/como-practican-la-sencillez-los-cuaqueros\\\/#breadcrumb\",\"itemListElement\":[{\"@type\":\"ListItem\",\"position\":1,\"name\":\"Home\",\"item\":\"https:\\\/\\\/quaker.org\\\/es\\\/bienvenido-a-a-quaker-org\\\/\"},{\"@type\":\"ListItem\",\"position\":2,\"name\":\"\u00bfC\u00f3mo practican la Sencillez los cu\u00e1queros?\"}]},{\"@type\":\"WebSite\",\"@id\":\"https:\\\/\\\/quaker.org\\\/es\\\/#website\",\"url\":\"https:\\\/\\\/quaker.org\\\/es\\\/\",\"name\":\"Quaker.org\",\"description\":\"Learn about Friends\",\"publisher\":{\"@id\":\"https:\\\/\\\/quaker.org\\\/es\\\/#organization\"},\"potentialAction\":[{\"@type\":\"SearchAction\",\"target\":{\"@type\":\"EntryPoint\",\"urlTemplate\":\"https:\\\/\\\/quaker.org\\\/es\\\/?s={search_term_string}\"},\"query-input\":{\"@type\":\"PropertyValueSpecification\",\"valueRequired\":true,\"valueName\":\"search_term_string\"}}],\"inLanguage\":\"es-ES\"},{\"@type\":\"Organization\",\"@id\":\"https:\\\/\\\/quaker.org\\\/es\\\/#organization\",\"name\":\"Quaker.org\",\"url\":\"https:\\\/\\\/quaker.org\\\/es\\\/\",\"logo\":{\"@type\":\"ImageObject\",\"inLanguage\":\"es-ES\",\"@id\":\"https:\\\/\\\/quaker.org\\\/es\\\/#\\\/schema\\\/logo\\\/image\\\/\",\"url\":\"https:\\\/\\\/quaker.org\\\/wp-content\\\/uploads\\\/sites\\\/3\\\/2025\\\/08\\\/QuakerOrgLogo_BW-300x54-1.png\",\"contentUrl\":\"https:\\\/\\\/quaker.org\\\/wp-content\\\/uploads\\\/sites\\\/3\\\/2025\\\/08\\\/QuakerOrgLogo_BW-300x54-1.png\",\"width\":300,\"height\":54,\"caption\":\"Quaker.org\"},\"image\":{\"@id\":\"https:\\\/\\\/quaker.org\\\/es\\\/#\\\/schema\\\/logo\\\/image\\\/\"}}]}<\/script>\n<!-- \/ Yoast SEO plugin. -->","yoast_head_json":{"title":"\u00bfC\u00f3mo ven el consumismo los cu\u00e1queros? - \u00bfc\u00f3mo practican la Sencillez los cu\u00e1queros?","description":"Para los cu\u00e1queros, vivir una vida de Sencillez tiene en cuenta una serie de factores \u00e9ticos y morales antes de tomar una decisi\u00f3n. Aprenda c\u00f3mo practican la Sencillez los cu\u00e1queros.","robots":{"index":"index","follow":"follow","max-snippet":"max-snippet:-1","max-image-preview":"max-image-preview:large","max-video-preview":"max-video-preview:-1"},"canonical":"https:\/\/quaker.org\/es\/como-practican-la-sencillez-los-cuaqueros\/","og_locale":"es_ES","og_type":"article","og_title":"\u00bfC\u00f3mo ven el consumismo los cu\u00e1queros? - \u00bfc\u00f3mo practican la Sencillez los cu\u00e1queros?","og_description":"Para los cu\u00e1queros, vivir una vida de Sencillez tiene en cuenta una serie de factores \u00e9ticos y morales antes de tomar una decisi\u00f3n. Aprenda c\u00f3mo practican la Sencillez los cu\u00e1queros.","og_url":"https:\/\/quaker.org\/es\/como-practican-la-sencillez-los-cuaqueros\/","og_site_name":"Quaker.org","article_modified_time":"2025-09-19T15:16:31+00:00","twitter_card":"summary_large_image","twitter_misc":{"Est. reading time":"3 minutes"},"schema":{"@context":"https:\/\/schema.org","@graph":[{"@type":"WebPage","@id":"https:\/\/quaker.org\/es\/como-practican-la-sencillez-los-cuaqueros\/","url":"https:\/\/quaker.org\/es\/como-practican-la-sencillez-los-cuaqueros\/","name":"\u00bfC\u00f3mo ven el consumismo los cu\u00e1queros? - \u00bfc\u00f3mo practican la Sencillez los cu\u00e1queros?","isPartOf":{"@id":"https:\/\/quaker.org\/es\/#website"},"datePublished":"2022-02-28T04:26:12+00:00","dateModified":"2025-09-19T15:16:31+00:00","description":"Para los cu\u00e1queros, vivir una vida de Sencillez tiene en cuenta una serie de factores \u00e9ticos y morales antes de tomar una decisi\u00f3n. Aprenda c\u00f3mo practican la Sencillez los cu\u00e1queros.","breadcrumb":{"@id":"https:\/\/quaker.org\/es\/como-practican-la-sencillez-los-cuaqueros\/#breadcrumb"},"inLanguage":"es-ES","potentialAction":[{"@type":"ReadAction","target":["https:\/\/quaker.org\/es\/como-practican-la-sencillez-los-cuaqueros\/"]}]},{"@type":"BreadcrumbList","@id":"https:\/\/quaker.org\/es\/como-practican-la-sencillez-los-cuaqueros\/#breadcrumb","itemListElement":[{"@type":"ListItem","position":1,"name":"Home","item":"https:\/\/quaker.org\/es\/bienvenido-a-a-quaker-org\/"},{"@type":"ListItem","position":2,"name":"\u00bfC\u00f3mo practican la Sencillez los cu\u00e1queros?"}]},{"@type":"WebSite","@id":"https:\/\/quaker.org\/es\/#website","url":"https:\/\/quaker.org\/es\/","name":"Quaker.org","description":"Learn about Friends","publisher":{"@id":"https:\/\/quaker.org\/es\/#organization"},"potentialAction":[{"@type":"SearchAction","target":{"@type":"EntryPoint","urlTemplate":"https:\/\/quaker.org\/es\/?s={search_term_string}"},"query-input":{"@type":"PropertyValueSpecification","valueRequired":true,"valueName":"search_term_string"}}],"inLanguage":"es-ES"},{"@type":"Organization","@id":"https:\/\/quaker.org\/es\/#organization","name":"Quaker.org","url":"https:\/\/quaker.org\/es\/","logo":{"@type":"ImageObject","inLanguage":"es-ES","@id":"https:\/\/quaker.org\/es\/#\/schema\/logo\/image\/","url":"https:\/\/quaker.org\/wp-content\/uploads\/sites\/3\/2025\/08\/QuakerOrgLogo_BW-300x54-1.png","contentUrl":"https:\/\/quaker.org\/wp-content\/uploads\/sites\/3\/2025\/08\/QuakerOrgLogo_BW-300x54-1.png","width":300,"height":54,"caption":"Quaker.org"},"image":{"@id":"https:\/\/quaker.org\/es\/#\/schema\/logo\/image\/"}}]}},"distributor_meta":false,"distributor_terms":false,"distributor_media":false,"distributor_original_site_name":"Quaker.org","distributor_original_site_url":"https:\/\/quaker.org\/es\/","push-errors":false,"acf":[],"_links":{"self":[{"href":"https:\/\/quaker.org\/es\/wp-json\/wp\/v2\/pages\/3240","targetHints":{"allow":["GET"]}}],"collection":[{"href":"https:\/\/quaker.org\/es\/wp-json\/wp\/v2\/pages"}],"about":[{"href":"https:\/\/quaker.org\/es\/wp-json\/wp\/v2\/types\/page"}],"author":[{"embeddable":true,"href":"https:\/\/quaker.org\/es\/wp-json\/wp\/v2\/users\/5131"}],"replies":[{"embeddable":true,"href":"https:\/\/quaker.org\/es\/wp-json\/wp\/v2\/comments?post=3240"}],"version-history":[{"count":1,"href":"https:\/\/quaker.org\/es\/wp-json\/wp\/v2\/pages\/3240\/revisions"}],"predecessor-version":[{"id":3241,"href":"https:\/\/quaker.org\/es\/wp-json\/wp\/v2\/pages\/3240\/revisions\/3241"}],"wp:attachment":[{"href":"https:\/\/quaker.org\/es\/wp-json\/wp\/v2\/media?parent=3240"}],"curies":[{"name":"wp","href":"https:\/\/api.w.org\/{rel}","templated":true}]}}