{"id":3238,"date":"2022-02-23T03:01:04","date_gmt":"2022-02-23T03:01:04","guid":{"rendered":"https:\/\/quaker.org\/que-es-una-junta-de-acuerdos-cuaquera\/"},"modified":"2025-09-19T15:16:16","modified_gmt":"2025-09-19T15:16:16","slug":"que-es-una-junta-de-acuerdos-cuaquera","status":"publish","type":"page","link":"https:\/\/quaker.org\/es\/que-es-una-junta-de-acuerdos-cuaquera\/","title":{"rendered":"\u00bfQu\u00e9 es una junta de acuerdos cu\u00e1quera?"},"content":{"rendered":"\n<div class=\"wp-block-columns is-layout-flex wp-container-core-columns-is-layout-9d6595d7 wp-block-columns-is-layout-flex\">\n<div class=\"wp-block-column is-layout-flow wp-block-column-is-layout-flow\" style=\"flex-basis:50%\">\n<p>Hay m\u00e1s en cada comunidad cu\u00e1quera que sus reuniones semanales de adoraci\u00f3n. Por eso la <strong>junta de acuerdos<\/strong> (a veces llamada reuni\u00f3n de adoraci\u00f3n con atenci\u00f3n a los negocios) es una parte tan importante de la fe y pr\u00e1ctica cu\u00e1quera. <\/p>\n\n\n\n<p>Una vez al mes, los miembros de una comunidad cu\u00e1quera local se re\u00fanen para abordar cualquier asunto que se les haya presentado. Los miembros podr\u00edan haber notado que las canaletas se est\u00e1n soltando, por ejemplo: \u00bfA qui\u00e9n deber\u00edan contratar para hacer las reparaciones? Algunos Amigos podr\u00edan querer invitar a una organizaci\u00f3n sin \u00e1nimo de lucro a dar una presentaci\u00f3n en la casa de reuniones: \u00bfSon bienvenidos; si es as\u00ed, \u00bfcu\u00e1ndo? \u00bfDeber\u00eda la reuni\u00f3n colgar una pancarta de Black Lives Matter, o una bandera del Orgullo, sobre la puerta principal? Preguntas como estas, entre muchas otras, siempre surgen.    <\/p>\n<\/div>\n\n\n\n<div class=\"wp-block-column is-layout-flow wp-block-column-is-layout-flow\" style=\"flex-basis:50%\">\n<figure class=\"wp-block-embed is-type-video is-provider-youtube wp-block-embed-youtube wp-embed-aspect-16-9 wp-has-aspect-ratio\"><div class=\"wp-block-embed__wrapper\">\n<iframe loading=\"lazy\" title=\"How Quakers Make Decisions (It&#039;s Not Just Consensus!)\" width=\"500\" height=\"281\" src=\"https:\/\/www.youtube.com\/embed\/gjrBg1VvyZ8?feature=oembed\" frameborder=\"0\" allow=\"accelerometer; autoplay; clipboard-write; encrypted-media; gyroscope; picture-in-picture; web-share\" referrerpolicy=\"strict-origin-when-cross-origin\" allowfullscreen><\/iframe>\n<\/div><\/figure>\n<\/div>\n<\/div>\n\n<p>Las respuestas y decisiones, sin embargo, no se alcanzan por voto mayoritario, sino por discernimiento comunitario, un esfuerzo compartido para entender lo que se conoce como &#8220;<strong>el sentir de la reuni\u00f3n<\/strong>&#8220;. Dicho de otra manera, la junta de acuerdos ideal no ratifica las agendas de los Amigos que participan. En su lugar, esos Amigos trabajan juntos para descubrir qu\u00e9 quiere Dios (o el Esp\u00edritu) que hagan\u2014qu\u00e9 curso de acci\u00f3n ejemplificar\u00eda mejor vivir en alineaci\u00f3n con el testimonio cu\u00e1quero.  <\/p>\n\n<p>A veces eso es f\u00e1cil de discernir, y a veces no lo es. Los Amigos podr\u00edan bromear sobre pasar toda la tarde discutiendo si es absolutamente necesario conseguir caf\u00e9 de comercio justo para la hora social, pero ni siquiera es un ejemplo particularmente extremo. En tales casos, los Amigos se esfuerzan por permanecer abiertos a otros puntos de vista, reconociendo la posibilidad de que sus propios deseos puedan no estar en los mejores intereses de la comunidad, y hacen todo lo posible por pensar cuidadosa y devotamente antes de ofrecer sus propias perspectivas. Puede que no sea posible alcanzar un consenso en una sola reuni\u00f3n; muchas preocupaciones se dejan de lado para mayor reflexi\u00f3n. Y algunos temas son tan pol\u00e9micos que, incluso cuando muchos presentes sienten que han establecido el sentir de la reuni\u00f3n, la conciencia de un Amigo podr\u00eda impulsarle a apartarse de la decisi\u00f3n\u2014a reconocer que est\u00e1 sucediendo, mientras se niega a aceptar su rectitud. (Eso puede llevar a serias divisiones dentro de una reuni\u00f3n cu\u00e1quera, sin embargo, y los Amigos hacen grandes esfuerzos para resolver tales conflictos antes de que lleguen a esa etapa.)     <\/p>\n\n<p>Entonces, \u00bfqui\u00e9n dirige la junta de acuerdos? Recordar\u00e1 que la Sociedad Religiosa de los Amigos no tiene sacerdocio, y aunque algunas comunidades individuales pueden tener ministros pastorales que atienden la salud espiritual de sus miembros, en esencia cada reuni\u00f3n cu\u00e1quera es un colectivo aut\u00f3nomo. Como tal, la reuni\u00f3n nombra un <strong>secretario<\/strong> de entre sus miembros; la junta de acuerdos es una de las responsabilidades m\u00e1s importantes de un secretario. Con recomendaciones de Amigos individuales y varios comit\u00e9s, el secretario establece una agenda para la reuni\u00f3n, y se asegura de que, cuando surge cada tema, cada Amigo que se sienta llamado a hablar sobre ese tema tenga una oportunidad. Mientras los Amigos comparten sus mensajes, el secretario escucha atentamente buscando un posible consenso. A menudo, una vez que todos han hablado, el secretario puede decir algo como, &#8220;Estoy escuchando un sentir de la reuni\u00f3n de que&#8230;&#8221; Si el secretario ha articulado correctamente el sentir de la reuni\u00f3n, otro miembro, que ha sido elegido para servir como <strong>secretario de actas<\/strong>, redactar\u00e1 un acta para que la reuni\u00f3n la apruebe\u2014se mantienen registros de cada junta de acuerdos, para que las decisiones anteriores siempre puedan ser consultadas si es necesario.      <\/p>\n\n<p><strong>Siguiente: <em>\u00bfCu\u00e1l es la diferencia entre una reuni\u00f3n mensual, trimestral y anual?<\/em><\/strong><\/p>\n\n<div class=\"wp-block-columns is-layout-flex wp-container-core-columns-is-layout-9d6595d7 wp-block-columns-is-layout-flex\">\n<div class=\"wp-block-column is-layout-flow wp-block-column-is-layout-flow\" style=\"flex-basis:50%\">\n<div class=\"wp-block-group has-background is-layout-flow wp-block-group-is-layout-flow\" style=\"background-color:#dedede\">\n<h3 class=\"wp-block-heading\">M\u00e1s informaci\u00f3n en <em>Friends Journal<\/em><\/h3>\n\n\n\n<p>&#8220;<a href=\"https:\/\/www.friendsjournal.org\/meeting-for-business-as-spiritual-rehearsal\/\">Junta de Acuerdos como Ensayo Espiritual<\/a>&#8220;, John Andrew Gallery<\/p>\n\n\n\n<p>&#8220;<a href=\"https:\/\/www.friendsjournal.org\/2009098\/\">Cuatro Pilares de la Junta de Acuerdos<\/a>&#8220;, Debbie Humphries<\/p>\n\n\n\n<p>&#8220;<a href=\"https:\/\/www.friendsjournal.org\/3011096\/\">Reuni\u00f3n de Negocios y Adoraci\u00f3n<\/a>&#8220;, Tony Martin<\/p>\n\n\n\n<p>&#8220;<a href=\"https:\/\/www.friendsjournal.org\/2005106\/\">Junta de Acuerdos para la Comunidad<\/a>&#8220;, Ron McDonald<\/p>\n<\/div>\n<\/div>\n\n\n\n<div class=\"wp-block-column is-layout-flow wp-block-column-is-layout-flow\" style=\"flex-basis:50%\">\n<figure class=\"wp-block-embed is-type-video is-provider-youtube wp-block-embed-youtube wp-embed-aspect-16-9 wp-has-aspect-ratio\"><div class=\"wp-block-embed__wrapper\">\n<iframe loading=\"lazy\" title=\"Why Quakers Value Process Over Outcome\" width=\"500\" height=\"281\" src=\"https:\/\/www.youtube.com\/embed\/aF8PABPq8AA?feature=oembed\" frameborder=\"0\" allow=\"accelerometer; autoplay; clipboard-write; encrypted-media; gyroscope; picture-in-picture; web-share\" referrerpolicy=\"strict-origin-when-cross-origin\" allowfullscreen><\/iframe>\n<\/div><\/figure>\n<\/div>\n<\/div>\n\n<p class=\"has-text-align-center\"><em>&#8220;El sentir de la reuni\u00f3n busca el camino de Dios, la voluntad de Dios para este grupo sobre este tema en este momento. As\u00ed que todos&#8230; est\u00e1n orando y buscando orientaci\u00f3n: \u00bfa qu\u00e9 estamos llamados a hacer?&#8221;<\/em><\/p>\n","protected":false},"excerpt":{"rendered":"<p>Hay m\u00e1s en cada comunidad cu\u00e1quera que sus reuniones semanales de adoraci\u00f3n. Por eso la junta de acuerdos (a veces&hellip;<\/p>\n","protected":false},"author":5131,"featured_media":0,"parent":0,"menu_order":0,"comment_status":"closed","ping_status":"closed","template":"","meta":{"_acf_changed":false,"hero_banner_post_id":0,"footnotes":""},"class_list":["post-3238","page","type-page","status-publish","hentry"],"yoast_head":"<!-- This site is optimized with the Yoast SEO plugin v27.4 - https:\/\/yoast.com\/product\/yoast-seo-wordpress\/ -->\n<title>\u00bfQu\u00e9 es una Junta de Acuerdos cu\u00e1quera? - toma de decisiones y discernimiento comunitario<\/title>\n<meta name=\"description\" content=\"Cuando se trata de decidir asuntos de negocio, los cu\u00e1queros tienen un enfoque \u00fanico. Aprenda sobre el discernimiento comunitario y la toma de decisiones en las juntas de acuerdos cu\u00e1queras.\" \/>\n<meta name=\"robots\" content=\"index, follow, max-snippet:-1, max-image-preview:large, max-video-preview:-1\" \/>\n<link rel=\"canonical\" href=\"https:\/\/quaker.org\/es\/que-es-una-junta-de-acuerdos-cuaquera\/\" \/>\n<meta property=\"og:locale\" content=\"es_ES\" \/>\n<meta property=\"og:type\" content=\"article\" \/>\n<meta property=\"og:title\" content=\"\u00bfQu\u00e9 es una Junta de Acuerdos cu\u00e1quera? - toma de decisiones y discernimiento comunitario\" \/>\n<meta property=\"og:description\" content=\"Cuando se trata de decidir asuntos de negocio, los cu\u00e1queros tienen un enfoque \u00fanico. Aprenda sobre el discernimiento comunitario y la toma de decisiones en las juntas de acuerdos cu\u00e1queras.\" \/>\n<meta property=\"og:url\" content=\"https:\/\/quaker.org\/es\/que-es-una-junta-de-acuerdos-cuaquera\/\" \/>\n<meta property=\"og:site_name\" content=\"Quaker.org\" \/>\n<meta property=\"article:modified_time\" content=\"2025-09-19T15:16:16+00:00\" \/>\n<meta name=\"twitter:card\" content=\"summary_large_image\" \/>\n<meta name=\"twitter:label1\" content=\"Est. reading time\" \/>\n\t<meta name=\"twitter:data1\" content=\"4 minutes\" \/>\n<script type=\"application\/ld+json\" class=\"yoast-schema-graph\">{\"@context\":\"https:\\\/\\\/schema.org\",\"@graph\":[{\"@type\":\"WebPage\",\"@id\":\"https:\\\/\\\/quaker.org\\\/es\\\/que-es-una-junta-de-acuerdos-cuaquera\\\/\",\"url\":\"https:\\\/\\\/quaker.org\\\/es\\\/que-es-una-junta-de-acuerdos-cuaquera\\\/\",\"name\":\"\u00bfQu\u00e9 es una Junta de Acuerdos cu\u00e1quera? - toma de decisiones y discernimiento comunitario\",\"isPartOf\":{\"@id\":\"https:\\\/\\\/quaker.org\\\/es\\\/#website\"},\"datePublished\":\"2022-02-23T03:01:04+00:00\",\"dateModified\":\"2025-09-19T15:16:16+00:00\",\"description\":\"Cuando se trata de decidir asuntos de negocio, los cu\u00e1queros tienen un enfoque \u00fanico. Aprenda sobre el discernimiento comunitario y la toma de decisiones en las juntas de acuerdos cu\u00e1queras.\",\"breadcrumb\":{\"@id\":\"https:\\\/\\\/quaker.org\\\/es\\\/que-es-una-junta-de-acuerdos-cuaquera\\\/#breadcrumb\"},\"inLanguage\":\"es-ES\",\"potentialAction\":[{\"@type\":\"ReadAction\",\"target\":[\"https:\\\/\\\/quaker.org\\\/es\\\/que-es-una-junta-de-acuerdos-cuaquera\\\/\"]}]},{\"@type\":\"BreadcrumbList\",\"@id\":\"https:\\\/\\\/quaker.org\\\/es\\\/que-es-una-junta-de-acuerdos-cuaquera\\\/#breadcrumb\",\"itemListElement\":[{\"@type\":\"ListItem\",\"position\":1,\"name\":\"Home\",\"item\":\"https:\\\/\\\/quaker.org\\\/es\\\/bienvenido-a-a-quaker-org\\\/\"},{\"@type\":\"ListItem\",\"position\":2,\"name\":\"\u00bfQu\u00e9 es una junta de acuerdos cu\u00e1quera?\"}]},{\"@type\":\"WebSite\",\"@id\":\"https:\\\/\\\/quaker.org\\\/es\\\/#website\",\"url\":\"https:\\\/\\\/quaker.org\\\/es\\\/\",\"name\":\"Quaker.org\",\"description\":\"Learn about Friends\",\"publisher\":{\"@id\":\"https:\\\/\\\/quaker.org\\\/es\\\/#organization\"},\"potentialAction\":[{\"@type\":\"SearchAction\",\"target\":{\"@type\":\"EntryPoint\",\"urlTemplate\":\"https:\\\/\\\/quaker.org\\\/es\\\/?s={search_term_string}\"},\"query-input\":{\"@type\":\"PropertyValueSpecification\",\"valueRequired\":true,\"valueName\":\"search_term_string\"}}],\"inLanguage\":\"es-ES\"},{\"@type\":\"Organization\",\"@id\":\"https:\\\/\\\/quaker.org\\\/es\\\/#organization\",\"name\":\"Quaker.org\",\"url\":\"https:\\\/\\\/quaker.org\\\/es\\\/\",\"logo\":{\"@type\":\"ImageObject\",\"inLanguage\":\"es-ES\",\"@id\":\"https:\\\/\\\/quaker.org\\\/es\\\/#\\\/schema\\\/logo\\\/image\\\/\",\"url\":\"https:\\\/\\\/quaker.org\\\/wp-content\\\/uploads\\\/sites\\\/3\\\/2025\\\/08\\\/QuakerOrgLogo_BW-300x54-1.png\",\"contentUrl\":\"https:\\\/\\\/quaker.org\\\/wp-content\\\/uploads\\\/sites\\\/3\\\/2025\\\/08\\\/QuakerOrgLogo_BW-300x54-1.png\",\"width\":300,\"height\":54,\"caption\":\"Quaker.org\"},\"image\":{\"@id\":\"https:\\\/\\\/quaker.org\\\/es\\\/#\\\/schema\\\/logo\\\/image\\\/\"}}]}<\/script>\n<!-- \/ Yoast SEO plugin. -->","yoast_head_json":{"title":"\u00bfQu\u00e9 es una Junta de Acuerdos cu\u00e1quera? - toma de decisiones y discernimiento comunitario","description":"Cuando se trata de decidir asuntos de negocio, los cu\u00e1queros tienen un enfoque \u00fanico. Aprenda sobre el discernimiento comunitario y la toma de decisiones en las juntas de acuerdos cu\u00e1queras.","robots":{"index":"index","follow":"follow","max-snippet":"max-snippet:-1","max-image-preview":"max-image-preview:large","max-video-preview":"max-video-preview:-1"},"canonical":"https:\/\/quaker.org\/es\/que-es-una-junta-de-acuerdos-cuaquera\/","og_locale":"es_ES","og_type":"article","og_title":"\u00bfQu\u00e9 es una Junta de Acuerdos cu\u00e1quera? - toma de decisiones y discernimiento comunitario","og_description":"Cuando se trata de decidir asuntos de negocio, los cu\u00e1queros tienen un enfoque \u00fanico. Aprenda sobre el discernimiento comunitario y la toma de decisiones en las juntas de acuerdos cu\u00e1queras.","og_url":"https:\/\/quaker.org\/es\/que-es-una-junta-de-acuerdos-cuaquera\/","og_site_name":"Quaker.org","article_modified_time":"2025-09-19T15:16:16+00:00","twitter_card":"summary_large_image","twitter_misc":{"Est. reading time":"4 minutes"},"schema":{"@context":"https:\/\/schema.org","@graph":[{"@type":"WebPage","@id":"https:\/\/quaker.org\/es\/que-es-una-junta-de-acuerdos-cuaquera\/","url":"https:\/\/quaker.org\/es\/que-es-una-junta-de-acuerdos-cuaquera\/","name":"\u00bfQu\u00e9 es una Junta de Acuerdos cu\u00e1quera? - toma de decisiones y discernimiento comunitario","isPartOf":{"@id":"https:\/\/quaker.org\/es\/#website"},"datePublished":"2022-02-23T03:01:04+00:00","dateModified":"2025-09-19T15:16:16+00:00","description":"Cuando se trata de decidir asuntos de negocio, los cu\u00e1queros tienen un enfoque \u00fanico. Aprenda sobre el discernimiento comunitario y la toma de decisiones en las juntas de acuerdos cu\u00e1queras.","breadcrumb":{"@id":"https:\/\/quaker.org\/es\/que-es-una-junta-de-acuerdos-cuaquera\/#breadcrumb"},"inLanguage":"es-ES","potentialAction":[{"@type":"ReadAction","target":["https:\/\/quaker.org\/es\/que-es-una-junta-de-acuerdos-cuaquera\/"]}]},{"@type":"BreadcrumbList","@id":"https:\/\/quaker.org\/es\/que-es-una-junta-de-acuerdos-cuaquera\/#breadcrumb","itemListElement":[{"@type":"ListItem","position":1,"name":"Home","item":"https:\/\/quaker.org\/es\/bienvenido-a-a-quaker-org\/"},{"@type":"ListItem","position":2,"name":"\u00bfQu\u00e9 es una junta de acuerdos cu\u00e1quera?"}]},{"@type":"WebSite","@id":"https:\/\/quaker.org\/es\/#website","url":"https:\/\/quaker.org\/es\/","name":"Quaker.org","description":"Learn about Friends","publisher":{"@id":"https:\/\/quaker.org\/es\/#organization"},"potentialAction":[{"@type":"SearchAction","target":{"@type":"EntryPoint","urlTemplate":"https:\/\/quaker.org\/es\/?s={search_term_string}"},"query-input":{"@type":"PropertyValueSpecification","valueRequired":true,"valueName":"search_term_string"}}],"inLanguage":"es-ES"},{"@type":"Organization","@id":"https:\/\/quaker.org\/es\/#organization","name":"Quaker.org","url":"https:\/\/quaker.org\/es\/","logo":{"@type":"ImageObject","inLanguage":"es-ES","@id":"https:\/\/quaker.org\/es\/#\/schema\/logo\/image\/","url":"https:\/\/quaker.org\/wp-content\/uploads\/sites\/3\/2025\/08\/QuakerOrgLogo_BW-300x54-1.png","contentUrl":"https:\/\/quaker.org\/wp-content\/uploads\/sites\/3\/2025\/08\/QuakerOrgLogo_BW-300x54-1.png","width":300,"height":54,"caption":"Quaker.org"},"image":{"@id":"https:\/\/quaker.org\/es\/#\/schema\/logo\/image\/"}}]}},"distributor_meta":false,"distributor_terms":false,"distributor_media":false,"distributor_original_site_name":"Quaker.org","distributor_original_site_url":"https:\/\/quaker.org\/es\/","push-errors":false,"acf":[],"_links":{"self":[{"href":"https:\/\/quaker.org\/es\/wp-json\/wp\/v2\/pages\/3238","targetHints":{"allow":["GET"]}}],"collection":[{"href":"https:\/\/quaker.org\/es\/wp-json\/wp\/v2\/pages"}],"about":[{"href":"https:\/\/quaker.org\/es\/wp-json\/wp\/v2\/types\/page"}],"author":[{"embeddable":true,"href":"https:\/\/quaker.org\/es\/wp-json\/wp\/v2\/users\/5131"}],"replies":[{"embeddable":true,"href":"https:\/\/quaker.org\/es\/wp-json\/wp\/v2\/comments?post=3238"}],"version-history":[{"count":1,"href":"https:\/\/quaker.org\/es\/wp-json\/wp\/v2\/pages\/3238\/revisions"}],"predecessor-version":[{"id":3239,"href":"https:\/\/quaker.org\/es\/wp-json\/wp\/v2\/pages\/3238\/revisions\/3239"}],"wp:attachment":[{"href":"https:\/\/quaker.org\/es\/wp-json\/wp\/v2\/media?parent=3238"}],"curies":[{"name":"wp","href":"https:\/\/api.w.org\/{rel}","templated":true}]}}