{"id":3236,"date":"2022-02-17T20:01:10","date_gmt":"2022-02-17T20:01:10","guid":{"rendered":"https:\/\/quaker.org\/como-viven-los-cuaqueros\/"},"modified":"2025-09-19T15:16:13","modified_gmt":"2025-09-19T15:16:13","slug":"como-viven-los-cuaqueros","status":"publish","type":"page","link":"https:\/\/quaker.org\/es\/como-viven-los-cuaqueros\/","title":{"rendered":"\u00bfC\u00f3mo viven los cu\u00e1queros?"},"content":{"rendered":"\n<div class=\"wp-block-columns is-layout-flex wp-container-core-columns-is-layout-9d6595d7 wp-block-columns-is-layout-flex\">\n<div class=\"wp-block-column is-layout-flow wp-block-column-is-layout-flow\" style=\"flex-basis:50%\">\n<p>Nos llamamos la &#8220;Sociedad Religiosa de los Amigos&#8221;, pero \u2014como habr\u00e1 notado\u2014 tendemos a no preocuparnos por lo que muchas personas considerar\u00edan asuntos &#8220;religiosos&#8221;, incluidos los detalles de lo que otras personas, incluso nuestros compa\u00f1eros cu\u00e1queros, creen sobre Dios. Aunque Los Amigos ofrecen un espacio acogedor y apoyo para las personas que buscan una relaci\u00f3n m\u00e1s \u00edntima con lo divino, tenemos poco o ning\u00fan inter\u00e9s en <em>controlar<\/em> esa relaci\u00f3n.  <\/p>\n\n\n\n<p>Entonces, \u00bfqu\u00e9 <em>significa<\/em> la religi\u00f3n para los cu\u00e1queros?<\/p>\n\n\n\n<p>Podr\u00edamos empezar mencionando la palabra latina <em>religio<\/em>, que ten\u00eda menos que ver con las creencias de uno que con cumplir las obligaciones hacia otros, empezando por los dioses antiguos hasta los vecinos.<\/p>\n<\/div>\n\n\n\n<div class=\"wp-block-column is-layout-flow wp-block-column-is-layout-flow\" style=\"flex-basis:50%\">\n<figure class=\"wp-block-embed is-type-video is-provider-youtube wp-block-embed-youtube wp-embed-aspect-16-9 wp-has-aspect-ratio\"><div class=\"wp-block-embed__wrapper\">\n<iframe loading=\"lazy\" title=\"Making Space for Faith\" width=\"500\" height=\"281\" src=\"https:\/\/www.youtube.com\/embed\/UgKEitChXYg?feature=oembed\" frameborder=\"0\" allow=\"accelerometer; autoplay; clipboard-write; encrypted-media; gyroscope; picture-in-picture; web-share\" referrerpolicy=\"strict-origin-when-cross-origin\" allowfullscreen><\/iframe>\n<\/div><\/figure>\n<\/div>\n<\/div>\n\n<p>Porque Los Amigos ven &#8220;eso de Dios en todos&#8221;, c\u00f3mo tratamos a otras personas es una demostraci\u00f3n de nuestra relaci\u00f3n con Dios; de hecho, c\u00f3mo tratamos el mundo que nos rodea es una demostraci\u00f3n de nuestro amor por la creaci\u00f3n de Dios. Puede sonar un poco cursi sugerir que la Fe y pr\u00e1ctica cu\u00e1quera se trata de &#8220;ser una buena persona&#8221;, \u00a1pero encaja! <\/p>\n\n<p>George Fox, cuyas visiones ayudaron a dar forma a la Sociedad en sus primeros d\u00edas, ofreci\u00f3 a Los Amigos algunos consejos cruciales sobre c\u00f3mo vivir: <\/p>\n\n<blockquote class=\"wp-block-quote is-layout-flow wp-block-quote-is-layout-flow\">\n<p>&#8220;<em>Sed modelos, sed ejemplos en todos los pa\u00edses, lugares, islas, naciones dondequiera que vay\u00e1is<\/em>&#8220;, escribi\u00f3; &#8220;<em>que vuestro comportamiento y vida puedan predicar entre toda clase de personas, y a ellas; entonces llegar\u00e9is a caminar alegremente por el mundo, respondiendo a eso de Dios en todos; por lo cual en ellos pod\u00e1is ser una bendici\u00f3n, y hacer que el testimonio de Dios en ellos os bendiga.<\/em>&#8220;<\/p>\n<\/blockquote>\n\n<p>En aquellos d\u00edas, otra palabra que Los Amigos podr\u00edan usar para describir la manera en que buscaban vivir sus vidas como un modelo o ejemplo era <strong>testimonio<\/strong>, en el sentido de que la conducta de uno pod\u00eda verse como un testimonio de los valores que uno ten\u00eda. (Si viene de un trasfondo cristiano, puede reconocer esto como muy parecido a &#8220;dar testimonio&#8221;.) La <em>Fe<\/em> de un cu\u00e1quero era y es, idealmente, reflejada en su <em>pr\u00e1ctica<\/em>, no en su adhesi\u00f3n a una lista de declaraciones sobre la naturaleza de Dios.  <\/p>\n\n<p>Sin embargo, a principios del siglo XX, el lenguaje en torno al testimonio comenz\u00f3 a cambiar ligeramente, especialmente cuando las personas se centraron en cuestiones morales y \u00e9ticas espec\u00edficas; por ejemplo, &#8220;el testimonio de la no violencia&#8221; o &#8220;el testimonio de paz&#8221;. Con el tiempo, Los Amigos han llegado cada vez m\u00e1s a hablar de &#8220;testimonios&#8221; casi como si fueran principios o valores, e incluso hay un acr\u00f3nimo com\u00fan \u2014<strong><a href=\"https:\/\/quaker.org\/simplicity\/\" target=\"_blank\" rel=\"noreferrer noopener\">SPICES<\/a><\/strong>, que significa Sencillez, Paz, Integridad, Comunidad, Igualdad o Equidad, y Administraci\u00f3n (o, en a\u00f1os recientes, Sostenibilidad). <\/p>\n\n<p>No a todos Los Amigos les gusta esta abreviatura; algunos se preocupan de que reduzca una expresi\u00f3n vivida de Fe a un conjunto de objetivos seculares \u2014objetivos que frecuentemente, pero no siempre, se superponen con puntos de conversaci\u00f3n pol\u00edticos liberales o progresistas. Sin embargo, los diversos componentes de SPICES ofrecen un excelente punto de partida para discutir las maneras en que los cu\u00e1queros se esfuerzan por vivir en alineaci\u00f3n con el Esp\u00edritu (Santo). <\/p>\n\n<p><strong>Siguiente: <em><a href=\"https:\/\/quaker.org\/simplicity\/\">Sencillez<\/a><\/em><\/strong><\/p>\n\n<div class=\"wp-block-columns is-layout-flex wp-container-core-columns-is-layout-9d6595d7 wp-block-columns-is-layout-flex\">\n<div class=\"wp-block-column is-layout-flow wp-block-column-is-layout-flow\" style=\"flex-basis:50%\">\n<div class=\"wp-block-group has-background is-layout-flow wp-block-group-is-layout-flow\" style=\"background-color:#dedede\">\n<h3 class=\"wp-block-heading\">M\u00e1s informaci\u00f3n en <em>Friends Journal<\/em><\/h3>\n\n\n\n<p>&#8220;<a href=\"https:\/\/www.friendsjournal.org\/spices-bible-roots-quakerism\/\">Testimonios SPICES y las Ra\u00edces B\u00edblicas del Cuaquerismo<\/a>&#8220;, Gene Hillman<\/p>\n\n\n\n<p>&#8220;<a href=\"https:\/\/www.friendsjournal.org\/2004072\/\">Vivir Deliberadamente<\/a>&#8220;, Kirsten Backstrom<\/p>\n\n\n\n<p>&#8220;<a href=\"https:\/\/www.friendsjournal.org\/2006119\/\">Viviendo Nuestras Convicciones<\/a>&#8220;, Nadine Hoover<\/p>\n\n\n\n<p><a href=\"https:\/\/www.friendsjournal.org\/s-p-i-c-e-s-quaker-testimonies\/\">&#8220;S-P-I-C-E-S: Los Testimonios Cu\u00e1queros<\/a>&#8220;, Connecticut Friends School<\/p>\n\n\n\n<p>&#8220;<a href=\"https:\/\/www.friendsjournal.org\/categorically-not-the-testimonies\/\">Categ\u00f3ricamente No los Testimonios<\/a>&#8220;, Eric Moon<\/p>\n<\/div>\n<\/div>\n\n\n\n<div class=\"wp-block-column is-layout-flow wp-block-column-is-layout-flow\" style=\"flex-basis:50%\">\n<figure class=\"wp-block-embed is-type-video is-provider-youtube wp-block-embed-youtube wp-embed-aspect-16-9 wp-has-aspect-ratio\"><div class=\"wp-block-embed__wrapper\">\n<iframe loading=\"lazy\" title=\"What are the Quaker SPICES?\" width=\"500\" height=\"281\" src=\"https:\/\/www.youtube.com\/embed\/eOAmZcHzbTo?feature=oembed\" frameborder=\"0\" allow=\"accelerometer; autoplay; clipboard-write; encrypted-media; gyroscope; picture-in-picture; web-share\" referrerpolicy=\"strict-origin-when-cross-origin\" allowfullscreen><\/iframe>\n<\/div><\/figure>\n<\/div>\n<\/div>\n\n<p class=\"has-text-align-center\"><em>&#8220;La Fe y pr\u00e1ctica cu\u00e1quera, cuanto m\u00e1s profundo vayas con ella a lo largo del tiempo, m\u00e1s te das cuenta de que no son solo listas de cosas como SPICES y diferentes aspectos de la Fe y pr\u00e1ctica cu\u00e1quera&#8230; es toda una vida completa y es una vida sostenible que trae mucha alegr\u00eda y sabidur\u00eda a lo largo del tiempo.&#8221;<\/em><\/p>\n","protected":false},"excerpt":{"rendered":"<p>Nos llamamos la &#8220;Sociedad Religiosa de los Amigos&#8221;, pero \u2014como habr\u00e1 notado\u2014 tendemos a no preocuparnos por lo que muchas&hellip;<\/p>\n","protected":false},"author":5131,"featured_media":0,"parent":0,"menu_order":0,"comment_status":"closed","ping_status":"closed","template":"","meta":{"_acf_changed":false,"hero_banner_post_id":0,"footnotes":""},"class_list":["post-3236","page","type-page","status-publish","hentry"],"yoast_head":"<!-- This site is optimized with the Yoast SEO plugin v27.4 - https:\/\/yoast.com\/product\/yoast-seo-wordpress\/ -->\n<title>\u00bfC\u00f3mo viven los cu\u00e1queros? - La Fe cu\u00e1quera y la pr\u00e1ctica en la vida cotidiana.<\/title>\n<meta name=\"description\" content=\"La Sociedad Religiosa de los Amigos prioriza el comportamiento \u00e9tico sobre la religi\u00f3n formal. Vivir como un cu\u00e1quero significa centrarse simplemente en ser una buena persona. Lea para saber m\u00e1s\" \/>\n<meta name=\"robots\" content=\"index, follow, max-snippet:-1, max-image-preview:large, max-video-preview:-1\" \/>\n<link rel=\"canonical\" href=\"https:\/\/quaker.org\/es\/como-viven-los-cuaqueros\/\" \/>\n<meta property=\"og:locale\" content=\"es_ES\" \/>\n<meta property=\"og:type\" content=\"article\" \/>\n<meta property=\"og:title\" content=\"\u00bfC\u00f3mo viven los cu\u00e1queros? - La Fe cu\u00e1quera y la pr\u00e1ctica en la vida cotidiana.\" \/>\n<meta property=\"og:description\" content=\"La Sociedad Religiosa de los Amigos prioriza el comportamiento \u00e9tico sobre la religi\u00f3n formal. Vivir como un cu\u00e1quero significa centrarse simplemente en ser una buena persona. Lea para saber m\u00e1s\" \/>\n<meta property=\"og:url\" content=\"https:\/\/quaker.org\/es\/como-viven-los-cuaqueros\/\" \/>\n<meta property=\"og:site_name\" content=\"Quaker.org\" \/>\n<meta property=\"article:modified_time\" content=\"2025-09-19T15:16:13+00:00\" \/>\n<meta name=\"twitter:card\" content=\"summary_large_image\" \/>\n<meta name=\"twitter:label1\" content=\"Est. reading time\" \/>\n\t<meta name=\"twitter:data1\" content=\"3 minutes\" \/>\n<script type=\"application\/ld+json\" class=\"yoast-schema-graph\">{\"@context\":\"https:\\\/\\\/schema.org\",\"@graph\":[{\"@type\":\"WebPage\",\"@id\":\"https:\\\/\\\/quaker.org\\\/es\\\/como-viven-los-cuaqueros\\\/\",\"url\":\"https:\\\/\\\/quaker.org\\\/es\\\/como-viven-los-cuaqueros\\\/\",\"name\":\"\u00bfC\u00f3mo viven los cu\u00e1queros? - La Fe cu\u00e1quera y la pr\u00e1ctica en la vida cotidiana.\",\"isPartOf\":{\"@id\":\"https:\\\/\\\/quaker.org\\\/es\\\/#website\"},\"datePublished\":\"2022-02-17T20:01:10+00:00\",\"dateModified\":\"2025-09-19T15:16:13+00:00\",\"description\":\"La Sociedad Religiosa de los Amigos prioriza el comportamiento \u00e9tico sobre la religi\u00f3n formal. Vivir como un cu\u00e1quero significa centrarse simplemente en ser una buena persona. Lea para saber m\u00e1s\",\"breadcrumb\":{\"@id\":\"https:\\\/\\\/quaker.org\\\/es\\\/como-viven-los-cuaqueros\\\/#breadcrumb\"},\"inLanguage\":\"es-ES\",\"potentialAction\":[{\"@type\":\"ReadAction\",\"target\":[\"https:\\\/\\\/quaker.org\\\/es\\\/como-viven-los-cuaqueros\\\/\"]}]},{\"@type\":\"BreadcrumbList\",\"@id\":\"https:\\\/\\\/quaker.org\\\/es\\\/como-viven-los-cuaqueros\\\/#breadcrumb\",\"itemListElement\":[{\"@type\":\"ListItem\",\"position\":1,\"name\":\"Home\",\"item\":\"https:\\\/\\\/quaker.org\\\/es\\\/bienvenido-a-a-quaker-org\\\/\"},{\"@type\":\"ListItem\",\"position\":2,\"name\":\"\u00bfC\u00f3mo viven los cu\u00e1queros?\"}]},{\"@type\":\"WebSite\",\"@id\":\"https:\\\/\\\/quaker.org\\\/es\\\/#website\",\"url\":\"https:\\\/\\\/quaker.org\\\/es\\\/\",\"name\":\"Quaker.org\",\"description\":\"Learn about Friends\",\"publisher\":{\"@id\":\"https:\\\/\\\/quaker.org\\\/es\\\/#organization\"},\"potentialAction\":[{\"@type\":\"SearchAction\",\"target\":{\"@type\":\"EntryPoint\",\"urlTemplate\":\"https:\\\/\\\/quaker.org\\\/es\\\/?s={search_term_string}\"},\"query-input\":{\"@type\":\"PropertyValueSpecification\",\"valueRequired\":true,\"valueName\":\"search_term_string\"}}],\"inLanguage\":\"es-ES\"},{\"@type\":\"Organization\",\"@id\":\"https:\\\/\\\/quaker.org\\\/es\\\/#organization\",\"name\":\"Quaker.org\",\"url\":\"https:\\\/\\\/quaker.org\\\/es\\\/\",\"logo\":{\"@type\":\"ImageObject\",\"inLanguage\":\"es-ES\",\"@id\":\"https:\\\/\\\/quaker.org\\\/es\\\/#\\\/schema\\\/logo\\\/image\\\/\",\"url\":\"https:\\\/\\\/quaker.org\\\/wp-content\\\/uploads\\\/sites\\\/3\\\/2025\\\/08\\\/QuakerOrgLogo_BW-300x54-1.png\",\"contentUrl\":\"https:\\\/\\\/quaker.org\\\/wp-content\\\/uploads\\\/sites\\\/3\\\/2025\\\/08\\\/QuakerOrgLogo_BW-300x54-1.png\",\"width\":300,\"height\":54,\"caption\":\"Quaker.org\"},\"image\":{\"@id\":\"https:\\\/\\\/quaker.org\\\/es\\\/#\\\/schema\\\/logo\\\/image\\\/\"}}]}<\/script>\n<!-- \/ Yoast SEO plugin. -->","yoast_head_json":{"title":"\u00bfC\u00f3mo viven los cu\u00e1queros? - La Fe cu\u00e1quera y la pr\u00e1ctica en la vida cotidiana.","description":"La Sociedad Religiosa de los Amigos prioriza el comportamiento \u00e9tico sobre la religi\u00f3n formal. Vivir como un cu\u00e1quero significa centrarse simplemente en ser una buena persona. Lea para saber m\u00e1s","robots":{"index":"index","follow":"follow","max-snippet":"max-snippet:-1","max-image-preview":"max-image-preview:large","max-video-preview":"max-video-preview:-1"},"canonical":"https:\/\/quaker.org\/es\/como-viven-los-cuaqueros\/","og_locale":"es_ES","og_type":"article","og_title":"\u00bfC\u00f3mo viven los cu\u00e1queros? - La Fe cu\u00e1quera y la pr\u00e1ctica en la vida cotidiana.","og_description":"La Sociedad Religiosa de los Amigos prioriza el comportamiento \u00e9tico sobre la religi\u00f3n formal. Vivir como un cu\u00e1quero significa centrarse simplemente en ser una buena persona. Lea para saber m\u00e1s","og_url":"https:\/\/quaker.org\/es\/como-viven-los-cuaqueros\/","og_site_name":"Quaker.org","article_modified_time":"2025-09-19T15:16:13+00:00","twitter_card":"summary_large_image","twitter_misc":{"Est. reading time":"3 minutes"},"schema":{"@context":"https:\/\/schema.org","@graph":[{"@type":"WebPage","@id":"https:\/\/quaker.org\/es\/como-viven-los-cuaqueros\/","url":"https:\/\/quaker.org\/es\/como-viven-los-cuaqueros\/","name":"\u00bfC\u00f3mo viven los cu\u00e1queros? - La Fe cu\u00e1quera y la pr\u00e1ctica en la vida cotidiana.","isPartOf":{"@id":"https:\/\/quaker.org\/es\/#website"},"datePublished":"2022-02-17T20:01:10+00:00","dateModified":"2025-09-19T15:16:13+00:00","description":"La Sociedad Religiosa de los Amigos prioriza el comportamiento \u00e9tico sobre la religi\u00f3n formal. Vivir como un cu\u00e1quero significa centrarse simplemente en ser una buena persona. Lea para saber m\u00e1s","breadcrumb":{"@id":"https:\/\/quaker.org\/es\/como-viven-los-cuaqueros\/#breadcrumb"},"inLanguage":"es-ES","potentialAction":[{"@type":"ReadAction","target":["https:\/\/quaker.org\/es\/como-viven-los-cuaqueros\/"]}]},{"@type":"BreadcrumbList","@id":"https:\/\/quaker.org\/es\/como-viven-los-cuaqueros\/#breadcrumb","itemListElement":[{"@type":"ListItem","position":1,"name":"Home","item":"https:\/\/quaker.org\/es\/bienvenido-a-a-quaker-org\/"},{"@type":"ListItem","position":2,"name":"\u00bfC\u00f3mo viven los cu\u00e1queros?"}]},{"@type":"WebSite","@id":"https:\/\/quaker.org\/es\/#website","url":"https:\/\/quaker.org\/es\/","name":"Quaker.org","description":"Learn about Friends","publisher":{"@id":"https:\/\/quaker.org\/es\/#organization"},"potentialAction":[{"@type":"SearchAction","target":{"@type":"EntryPoint","urlTemplate":"https:\/\/quaker.org\/es\/?s={search_term_string}"},"query-input":{"@type":"PropertyValueSpecification","valueRequired":true,"valueName":"search_term_string"}}],"inLanguage":"es-ES"},{"@type":"Organization","@id":"https:\/\/quaker.org\/es\/#organization","name":"Quaker.org","url":"https:\/\/quaker.org\/es\/","logo":{"@type":"ImageObject","inLanguage":"es-ES","@id":"https:\/\/quaker.org\/es\/#\/schema\/logo\/image\/","url":"https:\/\/quaker.org\/wp-content\/uploads\/sites\/3\/2025\/08\/QuakerOrgLogo_BW-300x54-1.png","contentUrl":"https:\/\/quaker.org\/wp-content\/uploads\/sites\/3\/2025\/08\/QuakerOrgLogo_BW-300x54-1.png","width":300,"height":54,"caption":"Quaker.org"},"image":{"@id":"https:\/\/quaker.org\/es\/#\/schema\/logo\/image\/"}}]}},"distributor_meta":false,"distributor_terms":false,"distributor_media":false,"distributor_original_site_name":"Quaker.org","distributor_original_site_url":"https:\/\/quaker.org\/es\/","push-errors":false,"acf":[],"_links":{"self":[{"href":"https:\/\/quaker.org\/es\/wp-json\/wp\/v2\/pages\/3236","targetHints":{"allow":["GET"]}}],"collection":[{"href":"https:\/\/quaker.org\/es\/wp-json\/wp\/v2\/pages"}],"about":[{"href":"https:\/\/quaker.org\/es\/wp-json\/wp\/v2\/types\/page"}],"author":[{"embeddable":true,"href":"https:\/\/quaker.org\/es\/wp-json\/wp\/v2\/users\/5131"}],"replies":[{"embeddable":true,"href":"https:\/\/quaker.org\/es\/wp-json\/wp\/v2\/comments?post=3236"}],"version-history":[{"count":1,"href":"https:\/\/quaker.org\/es\/wp-json\/wp\/v2\/pages\/3236\/revisions"}],"predecessor-version":[{"id":3237,"href":"https:\/\/quaker.org\/es\/wp-json\/wp\/v2\/pages\/3236\/revisions\/3237"}],"wp:attachment":[{"href":"https:\/\/quaker.org\/es\/wp-json\/wp\/v2\/media?parent=3236"}],"curies":[{"name":"wp","href":"https:\/\/api.w.org\/{rel}","templated":true}]}}