{"id":3232,"date":"2022-02-02T21:26:11","date_gmt":"2022-02-02T21:26:11","guid":{"rendered":"https:\/\/quaker.org\/sere-bienvenido-en-una-junta-cuaquera\/"},"modified":"2025-09-19T15:15:49","modified_gmt":"2025-09-19T15:15:49","slug":"sere-bienvenido-en-una-junta-cuaquera","status":"publish","type":"page","link":"https:\/\/quaker.org\/es\/sere-bienvenido-en-una-junta-cuaquera\/","title":{"rendered":"\u00bfSer\u00e9 bienvenido en una junta cu\u00e1quera?"},"content":{"rendered":"\n<div class=\"wp-block-columns is-layout-flex wp-container-core-columns-is-layout-9d6595d7 wp-block-columns-is-layout-flex\">\n<div class=\"wp-block-column is-layout-flow wp-block-column-is-layout-flow\" style=\"flex-basis:50%\">\n<p><strong>Tambi\u00e9n: \u00bfHay un c\u00f3digo de vestimenta?<\/strong><\/p>\n\n\n\n<p>Es dif\u00edcil imaginar cu\u00e1queros que no den la bienvenida a un visitante a una reuni\u00f3n de culto. La mayor\u00eda de las casas de reuni\u00f3n tienen una pol\u00edtica de puertas abiertas (aunque pueden haber hecho algunos ajustes relacionados con la pandemia), as\u00ed que si llega un poco antes de que comience formalmente la reuni\u00f3n de culto, probablemente alguien se presentar\u00e1 y le contar\u00e1 un poco sobre el culto silencioso. <\/p>\n\n\n\n<p>Para muchas reuniones, el culto termina con todos present\u00e1ndose: podr\u00eda escuchar a algunas personas describirse como <strong>miembros<\/strong> de la reuni\u00f3n, mientras que otros se llaman <strong>asistentes<\/strong>. (Hay una diferencia: los asistentes vienen a la reuni\u00f3n de culto y pueden participar en algunas otras actividades en la casa de reuni\u00f3n, pero es m\u00e1s probable que los puestos de liderazgo dentro de la comunidad sean ocupados por miembros.) Adelante, salude, y no tenga miedo de hacer saber a la gente que es su primera vez. <\/p>\n<\/div>\n\n\n\n<div class=\"wp-block-column is-layout-flow wp-block-column-is-layout-flow\" style=\"flex-basis:50%\">\n<figure class=\"wp-block-embed is-type-video is-provider-youtube wp-block-embed-youtube wp-embed-aspect-16-9 wp-has-aspect-ratio\"><div class=\"wp-block-embed__wrapper\">\n<iframe loading=\"lazy\" title=\"My First Time At Quaker Meeting\" width=\"500\" height=\"281\" src=\"https:\/\/www.youtube.com\/embed\/GNud9i1Ks2Y?feature=oembed\" frameborder=\"0\" allow=\"accelerometer; autoplay; clipboard-write; encrypted-media; gyroscope; picture-in-picture; web-share\" referrerpolicy=\"strict-origin-when-cross-origin\" allowfullscreen><\/iframe>\n<\/div><figcaption class=\"wp-element-caption\"><em>&nbsp;&#8220;Me llev\u00f3 un tiempo tranquilizarme, pero luego tuvieron hospitalidad. La gente era tan amable y cort\u00e9s; hay diversidad all\u00ed, y simplemente me encant\u00f3. Era como dos servicios de culto en uno. [Est\u00e1] el silencio, y la hospitalidad tambi\u00e9n es culto.   <\/em>&#8220;<\/figcaption><\/figure>\n<\/div>\n<\/div>\n\n<p>Una vez que el culto ha terminado formalmente, m\u00e1s a menudo que no es hora de caf\u00e9 y pastel, o t\u00e9 y galletas, \u00a1o tal vez incluso un almuerzo compartido! (De nuevo, el COVID podr\u00eda amortiguar esto un poco.) No se sorprenda si los miembros de la reuni\u00f3n se acercan a saludar e iniciar una conversaci\u00f3n. Probablemente ser\u00e1 invitado, sutil o no tan sutilmente, a hablar sobre qu\u00e9 le trajo a la reuni\u00f3n y c\u00f3mo encontr\u00f3 la experiencia; casi con certeza ser\u00e1 invitado a hacer a los miembros cualquier pregunta que pueda tener sobre el cuaquerismo, y se le animar\u00e1 a volver a tantas reuniones como desee. (En nuestra experiencia general, sin embargo, los Amigos no se involucran en t\u00e1cticas de venta agresiva. No le dir\u00e1n que venir a la reuni\u00f3n es algo que <em>deber\u00eda<\/em> hacer, pero si se sinti\u00f3 guiado en esa direcci\u00f3n, es algo que <em>podr\u00eda<\/em> hacer.)     <\/p>\n\n<p>&#8220;\u00bfPero necesito vestirme elegante?&#8221; podr\u00eda preguntar. \u00a1No! Los cu\u00e1queros han cre\u00eddo durante mucho tiempo en el principio de <strong>vestimenta sencilla<\/strong>, que significa cosas diferentes para diferentes Amigos, pero para nuestros prop\u00f3sitos inmediatos, b\u00e1sicamente significa que puede usar el tipo de ropa que usar\u00eda cualquier otro momento de la semana. &#8220;Casual de negocios&#8221; ofrece una regla pr\u00e1ctica \u00fatil, pero no ser\u00eda sorprendente ver a un cu\u00e1quero en la reuni\u00f3n en vaqueros y zapatillas deportivas, tampoco. Eso no significa que tenga que vestirse de manera informal, sin embargo: lo que importa es que use lo que sea c\u00f3modo para usted.    <\/p>\n\n<p><strong>Siguiente: \u00a1Bueno saberlo! <a href=\"https:\/\/quaker.org\/es\/son-inclusivas-las-reuniones-cuaqueras\/\">\u00bfPero son las juntas cu\u00e1queras <em>inclusivas<\/em>?<\/a><\/strong><\/p>\n\n<div class=\"wp-block-columns is-layout-flex wp-container-core-columns-is-layout-9d6595d7 wp-block-columns-is-layout-flex\">\n<div class=\"wp-block-column is-layout-flow wp-block-column-is-layout-flow\" style=\"flex-basis:50%\">\n<div class=\"wp-block-group has-background is-layout-flow wp-block-group-is-layout-flow\" style=\"background-color:#dedede\">\n<h3 class=\"wp-block-heading\">Aprenda m\u00e1s en <em>Los Amigos<\/em> <em>Diario<\/em><\/h3>\n\n\n\n<p>&#8220;<a href=\"https:\/\/New%20Seekers%20and%20the%20Welcoming%20Community\">Nuevos Buscadores y la Comunidad Acogedora,<\/a>&#8220;<br \/> Suzanne Siverling y Maurine Pyle<\/p>\n\n\n\n<p>&#8220;<a href=\"https:\/\/www.friendsjournal.org\/thou-shalt-wear-comfy-shoes\/\">Deber\u00e1s Usar Zapatos C\u00f3modos<\/a>,&#8221; Suzanne W. Cole Sullivan<\/p>\n<\/div>\n<\/div>\n\n\n\n<div class=\"wp-block-column is-layout-flow wp-block-column-is-layout-flow\" style=\"flex-basis:50%\">\n<figure class=\"wp-block-embed is-type-video is-provider-youtube wp-block-embed-youtube wp-embed-aspect-16-9 wp-has-aspect-ratio\"><div class=\"wp-block-embed__wrapper\">\n<iframe loading=\"lazy\" title=\"Why I Cried the First Time I Went to Quaker Meeting\" width=\"500\" height=\"281\" src=\"https:\/\/www.youtube.com\/embed\/8P1aaM18OEs?feature=oembed\" frameborder=\"0\" allow=\"accelerometer; autoplay; clipboard-write; encrypted-media; gyroscope; picture-in-picture; web-share\" referrerpolicy=\"strict-origin-when-cross-origin\" allowfullscreen><\/iframe>\n<\/div><\/figure>\n<\/div>\n<\/div>\n\n<p class=\"has-text-align-center\"><em>&#8220;Creo que lo que m\u00e1s ha resonado conmigo sobre el cuaquerismo es esa idea de que Dios todav\u00eda est\u00e1 hablando y est\u00e1 presente ahora, y hay igual acceso a eso. Esa no fue mi experiencia de fe o mi comprensi\u00f3n de ella al crecer. Dios estaba encerrado, y algunas personas sab\u00edan, y algunas personas no, y hab\u00eda muchas reglas. El cuaquerismo simplemente sacude las reglas y amo eso much\u00edsimo.&#8221;<\/em><\/p>\n","protected":false},"excerpt":{"rendered":"<p>Tambi\u00e9n: \u00bfHay un c\u00f3digo de vestimenta? Es dif\u00edcil imaginar cu\u00e1queros que no den la bienvenida a un visitante a una&hellip;<\/p>\n","protected":false},"author":5131,"featured_media":0,"parent":0,"menu_order":0,"comment_status":"closed","ping_status":"closed","template":"","meta":{"_acf_changed":false,"hero_banner_post_id":0,"footnotes":""},"class_list":["post-3232","page","type-page","status-publish","hentry"],"yoast_head":"<!-- This site is optimized with the Yoast SEO plugin v27.3 - https:\/\/yoast.com\/product\/yoast-seo-wordpress\/ -->\n<title>\u00bfSer\u00e9 bienvenido en una junta cu\u00e1quera? - qu\u00e9 esperar en una junta cu\u00e1quera<\/title>\n<meta name=\"description\" content=\"\u00bfSe siente inseguro sobre su primera junta cu\u00e1quera? \u00a1No se preocupe! Los cu\u00e1queros son conocidos por su comunidad acogedora e inclusiva. Siga leyendo para saber qu\u00e9 esperar.\" \/>\n<meta name=\"robots\" content=\"index, follow, max-snippet:-1, max-image-preview:large, max-video-preview:-1\" \/>\n<link rel=\"canonical\" href=\"https:\/\/quaker.org\/es\/sere-bienvenido-en-una-junta-cuaquera\/\" \/>\n<meta property=\"og:locale\" content=\"es_ES\" \/>\n<meta property=\"og:type\" content=\"article\" \/>\n<meta property=\"og:title\" content=\"\u00bfSer\u00e9 bienvenido en una junta cu\u00e1quera? - qu\u00e9 esperar en una junta cu\u00e1quera\" \/>\n<meta property=\"og:description\" content=\"\u00bfSe siente inseguro sobre su primera junta cu\u00e1quera? \u00a1No se preocupe! Los cu\u00e1queros son conocidos por su comunidad acogedora e inclusiva. Siga leyendo para saber qu\u00e9 esperar.\" \/>\n<meta property=\"og:url\" content=\"https:\/\/quaker.org\/es\/sere-bienvenido-en-una-junta-cuaquera\/\" \/>\n<meta property=\"og:site_name\" content=\"Quaker.org\" \/>\n<meta property=\"article:modified_time\" content=\"2025-09-19T15:15:49+00:00\" \/>\n<meta name=\"twitter:card\" content=\"summary_large_image\" \/>\n<meta name=\"twitter:label1\" content=\"Est. reading time\" \/>\n\t<meta name=\"twitter:data1\" content=\"3 minutes\" \/>\n<script type=\"application\/ld+json\" class=\"yoast-schema-graph\">{\"@context\":\"https:\\\/\\\/schema.org\",\"@graph\":[{\"@type\":\"WebPage\",\"@id\":\"https:\\\/\\\/quaker.org\\\/es\\\/sere-bienvenido-en-una-junta-cuaquera\\\/\",\"url\":\"https:\\\/\\\/quaker.org\\\/es\\\/sere-bienvenido-en-una-junta-cuaquera\\\/\",\"name\":\"\u00bfSer\u00e9 bienvenido en una junta cu\u00e1quera? - qu\u00e9 esperar en una junta cu\u00e1quera\",\"isPartOf\":{\"@id\":\"https:\\\/\\\/quaker.org\\\/es\\\/#website\"},\"datePublished\":\"2022-02-02T21:26:11+00:00\",\"dateModified\":\"2025-09-19T15:15:49+00:00\",\"description\":\"\u00bfSe siente inseguro sobre su primera junta cu\u00e1quera? \u00a1No se preocupe! Los cu\u00e1queros son conocidos por su comunidad acogedora e inclusiva. Siga leyendo para saber qu\u00e9 esperar.\",\"breadcrumb\":{\"@id\":\"https:\\\/\\\/quaker.org\\\/es\\\/sere-bienvenido-en-una-junta-cuaquera\\\/#breadcrumb\"},\"inLanguage\":\"es-ES\",\"potentialAction\":[{\"@type\":\"ReadAction\",\"target\":[\"https:\\\/\\\/quaker.org\\\/es\\\/sere-bienvenido-en-una-junta-cuaquera\\\/\"]}]},{\"@type\":\"BreadcrumbList\",\"@id\":\"https:\\\/\\\/quaker.org\\\/es\\\/sere-bienvenido-en-una-junta-cuaquera\\\/#breadcrumb\",\"itemListElement\":[{\"@type\":\"ListItem\",\"position\":1,\"name\":\"Home\",\"item\":\"https:\\\/\\\/quaker.org\\\/es\\\/bienvenido-a-a-quaker-org\\\/\"},{\"@type\":\"ListItem\",\"position\":2,\"name\":\"\u00bfSer\u00e9 bienvenido en una junta cu\u00e1quera?\"}]},{\"@type\":\"WebSite\",\"@id\":\"https:\\\/\\\/quaker.org\\\/es\\\/#website\",\"url\":\"https:\\\/\\\/quaker.org\\\/es\\\/\",\"name\":\"Quaker.org\",\"description\":\"Learn about Friends\",\"publisher\":{\"@id\":\"https:\\\/\\\/quaker.org\\\/es\\\/#organization\"},\"potentialAction\":[{\"@type\":\"SearchAction\",\"target\":{\"@type\":\"EntryPoint\",\"urlTemplate\":\"https:\\\/\\\/quaker.org\\\/es\\\/?s={search_term_string}\"},\"query-input\":{\"@type\":\"PropertyValueSpecification\",\"valueRequired\":true,\"valueName\":\"search_term_string\"}}],\"inLanguage\":\"es-ES\"},{\"@type\":\"Organization\",\"@id\":\"https:\\\/\\\/quaker.org\\\/es\\\/#organization\",\"name\":\"Quaker.org\",\"url\":\"https:\\\/\\\/quaker.org\\\/es\\\/\",\"logo\":{\"@type\":\"ImageObject\",\"inLanguage\":\"es-ES\",\"@id\":\"https:\\\/\\\/quaker.org\\\/es\\\/#\\\/schema\\\/logo\\\/image\\\/\",\"url\":\"https:\\\/\\\/quaker.org\\\/wp-content\\\/uploads\\\/sites\\\/3\\\/2025\\\/08\\\/QuakerOrgLogo_BW-300x54-1.png\",\"contentUrl\":\"https:\\\/\\\/quaker.org\\\/wp-content\\\/uploads\\\/sites\\\/3\\\/2025\\\/08\\\/QuakerOrgLogo_BW-300x54-1.png\",\"width\":300,\"height\":54,\"caption\":\"Quaker.org\"},\"image\":{\"@id\":\"https:\\\/\\\/quaker.org\\\/es\\\/#\\\/schema\\\/logo\\\/image\\\/\"}}]}<\/script>\n<!-- \/ Yoast SEO plugin. -->","yoast_head_json":{"title":"\u00bfSer\u00e9 bienvenido en una junta cu\u00e1quera? - qu\u00e9 esperar en una junta cu\u00e1quera","description":"\u00bfSe siente inseguro sobre su primera junta cu\u00e1quera? \u00a1No se preocupe! Los cu\u00e1queros son conocidos por su comunidad acogedora e inclusiva. Siga leyendo para saber qu\u00e9 esperar.","robots":{"index":"index","follow":"follow","max-snippet":"max-snippet:-1","max-image-preview":"max-image-preview:large","max-video-preview":"max-video-preview:-1"},"canonical":"https:\/\/quaker.org\/es\/sere-bienvenido-en-una-junta-cuaquera\/","og_locale":"es_ES","og_type":"article","og_title":"\u00bfSer\u00e9 bienvenido en una junta cu\u00e1quera? - qu\u00e9 esperar en una junta cu\u00e1quera","og_description":"\u00bfSe siente inseguro sobre su primera junta cu\u00e1quera? \u00a1No se preocupe! Los cu\u00e1queros son conocidos por su comunidad acogedora e inclusiva. Siga leyendo para saber qu\u00e9 esperar.","og_url":"https:\/\/quaker.org\/es\/sere-bienvenido-en-una-junta-cuaquera\/","og_site_name":"Quaker.org","article_modified_time":"2025-09-19T15:15:49+00:00","twitter_card":"summary_large_image","twitter_misc":{"Est. reading time":"3 minutes"},"schema":{"@context":"https:\/\/schema.org","@graph":[{"@type":"WebPage","@id":"https:\/\/quaker.org\/es\/sere-bienvenido-en-una-junta-cuaquera\/","url":"https:\/\/quaker.org\/es\/sere-bienvenido-en-una-junta-cuaquera\/","name":"\u00bfSer\u00e9 bienvenido en una junta cu\u00e1quera? - qu\u00e9 esperar en una junta cu\u00e1quera","isPartOf":{"@id":"https:\/\/quaker.org\/es\/#website"},"datePublished":"2022-02-02T21:26:11+00:00","dateModified":"2025-09-19T15:15:49+00:00","description":"\u00bfSe siente inseguro sobre su primera junta cu\u00e1quera? \u00a1No se preocupe! Los cu\u00e1queros son conocidos por su comunidad acogedora e inclusiva. Siga leyendo para saber qu\u00e9 esperar.","breadcrumb":{"@id":"https:\/\/quaker.org\/es\/sere-bienvenido-en-una-junta-cuaquera\/#breadcrumb"},"inLanguage":"es-ES","potentialAction":[{"@type":"ReadAction","target":["https:\/\/quaker.org\/es\/sere-bienvenido-en-una-junta-cuaquera\/"]}]},{"@type":"BreadcrumbList","@id":"https:\/\/quaker.org\/es\/sere-bienvenido-en-una-junta-cuaquera\/#breadcrumb","itemListElement":[{"@type":"ListItem","position":1,"name":"Home","item":"https:\/\/quaker.org\/es\/bienvenido-a-a-quaker-org\/"},{"@type":"ListItem","position":2,"name":"\u00bfSer\u00e9 bienvenido en una junta cu\u00e1quera?"}]},{"@type":"WebSite","@id":"https:\/\/quaker.org\/es\/#website","url":"https:\/\/quaker.org\/es\/","name":"Quaker.org","description":"Learn about Friends","publisher":{"@id":"https:\/\/quaker.org\/es\/#organization"},"potentialAction":[{"@type":"SearchAction","target":{"@type":"EntryPoint","urlTemplate":"https:\/\/quaker.org\/es\/?s={search_term_string}"},"query-input":{"@type":"PropertyValueSpecification","valueRequired":true,"valueName":"search_term_string"}}],"inLanguage":"es-ES"},{"@type":"Organization","@id":"https:\/\/quaker.org\/es\/#organization","name":"Quaker.org","url":"https:\/\/quaker.org\/es\/","logo":{"@type":"ImageObject","inLanguage":"es-ES","@id":"https:\/\/quaker.org\/es\/#\/schema\/logo\/image\/","url":"https:\/\/quaker.org\/wp-content\/uploads\/sites\/3\/2025\/08\/QuakerOrgLogo_BW-300x54-1.png","contentUrl":"https:\/\/quaker.org\/wp-content\/uploads\/sites\/3\/2025\/08\/QuakerOrgLogo_BW-300x54-1.png","width":300,"height":54,"caption":"Quaker.org"},"image":{"@id":"https:\/\/quaker.org\/es\/#\/schema\/logo\/image\/"}}]}},"distributor_meta":false,"distributor_terms":false,"distributor_media":false,"distributor_original_site_name":"Quaker.org","distributor_original_site_url":"https:\/\/quaker.org\/es\/","push-errors":false,"acf":[],"_links":{"self":[{"href":"https:\/\/quaker.org\/es\/wp-json\/wp\/v2\/pages\/3232","targetHints":{"allow":["GET"]}}],"collection":[{"href":"https:\/\/quaker.org\/es\/wp-json\/wp\/v2\/pages"}],"about":[{"href":"https:\/\/quaker.org\/es\/wp-json\/wp\/v2\/types\/page"}],"author":[{"embeddable":true,"href":"https:\/\/quaker.org\/es\/wp-json\/wp\/v2\/users\/5131"}],"replies":[{"embeddable":true,"href":"https:\/\/quaker.org\/es\/wp-json\/wp\/v2\/comments?post=3232"}],"version-history":[{"count":2,"href":"https:\/\/quaker.org\/es\/wp-json\/wp\/v2\/pages\/3232\/revisions"}],"predecessor-version":[{"id":3234,"href":"https:\/\/quaker.org\/es\/wp-json\/wp\/v2\/pages\/3232\/revisions\/3234"}],"wp:attachment":[{"href":"https:\/\/quaker.org\/es\/wp-json\/wp\/v2\/media?parent=3232"}],"curies":[{"name":"wp","href":"https:\/\/api.w.org\/{rel}","templated":true}]}}