{"id":3213,"date":"2020-06-01T18:38:50","date_gmt":"2020-06-01T18:38:50","guid":{"rendered":"https:\/\/quaker.org\/servicio-cuaquero-australia\/"},"modified":"2025-09-19T15:14:26","modified_gmt":"2025-09-19T15:14:26","slug":"servicio-cuaquero-australia","status":"publish","type":"page","link":"https:\/\/quaker.org\/es\/servicio-cuaquero-australia\/","title":{"rendered":"Servicio Cu\u00e1quero Australia"},"content":{"rendered":"\n<h3 class=\"wp-block-heading\"><a href=\"https:\/\/qsa.org.au\/\"><em><strong>qsa.org.au<\/strong><\/em><\/a><\/h3>\n\n<p>\u00abQuaker Service Australia (QSA), con sede en S\u00eddney, Australia, es la organizaci\u00f3n de servicio y ayuda en el extranjero de la Sociedad Religiosa de los Amigos (Cu\u00e1queros) en Australia. QSA es una organizaci\u00f3n ben\u00e9fica exenta de impuestos. Su funci\u00f3n es canalizar la preocupaci\u00f3n de Los Amigos australianos por construir un mundo m\u00e1s pac\u00edfico, equitativo, justo y compasivo\u00bb. <\/p>\n\n<p>Actualmente trabajamos con socios en pa\u00edses de todo el mundo, como Camboya, India, Australia ind\u00edgena, Malasia, Uganda, Zimbabue y con grupos de refugiados y solicitantes de asilo en Australia. QSA ha apoyado el trabajo en las \u00e1reas de salud, educaci\u00f3n y derechos humanos, pero el enfoque principal ha sido proporcionar a las personas las habilidades para crear peque\u00f1os huertos y obtener un sustento digno. <br\/><br\/>Lea su Declaraci\u00f3n de Prop\u00f3sitos <a href=\"https:\/\/qsa.org.au\/about-us\/statement-of-purpose.html\">aqu\u00ed<\/a>.<\/p>\n\n<hr class=\"wp-block-separator\" \/>\n\n<p>Una visita reciente a proyectos en zonas rurales de Camboya ha revelado impresionantes huertos familiares establecidos mediante la capacitaci\u00f3n en permacultura apoyada por Quaker Service Australia (QSA) en colaboraci\u00f3n con el Programa de Cooperaci\u00f3n de ONG Australianas del gobierno australiano. En los \u00faltimos ocho meses, muchas mujeres han logrado huertos florecientes que les proporcionan una mejor seguridad alimentaria y mejoras en la salud general. Algunas mujeres ya est\u00e1n vendiendo el excedente de la cosecha en los mercados locales, e incluso las peque\u00f1as cantidades son populares debido a la calidad de sus verduras de hoja verde, frijoles, chiles, hierbas y una variedad de \u00e1rboles frutales cultivados org\u00e1nicamente, como pl\u00e1tanos, papayas, mangos y caimitos.  <\/p>\n\n<p>Para que esto sea posible, los proyectos de QSA han ayudado con la provisi\u00f3n de pozos, dispositivos de almacenamiento de agua y la construcci\u00f3n de canales a peque\u00f1a escala para hacer un buen uso del agua de lluvia como un suministro de agua limpia cuando llega, y para almacenar lo que necesitan para la estaci\u00f3n seca.<\/p>\n\n<p>A trav\u00e9s de QSA, las reuniones y Los Amigos pueden apoyar a estas comunidades rurales camboyanas que tienen recursos limitados: por ejemplo, ayudando a que m\u00e1s miembros de la comunidad tengan acceso a un inodoro dom\u00e9stico. Su mayor conocimiento en salud, higiene y nutrici\u00f3n diet\u00e9tica ha servido para mejorar el bienestar y los niveles de energ\u00eda de todos en la comunidad, incluyendo una menor incidencia de enfermedades, reci\u00e9n nacidos m\u00e1s saludables y una mayor asistencia escolar para los ni\u00f1os. <\/p>\n","protected":false},"excerpt":{"rendered":"<p>qsa.org.au \u00abQuaker Service Australia (QSA), con sede en S\u00eddney, Australia, es la organizaci\u00f3n de servicio y ayuda en el extranjero&hellip;<\/p>\n","protected":false},"author":5129,"featured_media":0,"parent":0,"menu_order":0,"comment_status":"closed","ping_status":"closed","template":"","meta":{"_acf_changed":false,"hero_banner_post_id":0,"footnotes":""},"class_list":["post-3213","page","type-page","status-publish","hentry"],"yoast_head":"<!-- This site is optimized with the Yoast SEO plugin v27.4 - https:\/\/yoast.com\/product\/yoast-seo-wordpress\/ -->\n<title>Servicio Cu\u00e1quero Australia - Quaker.org<\/title>\n<meta name=\"robots\" content=\"index, follow, max-snippet:-1, max-image-preview:large, max-video-preview:-1\" \/>\n<link rel=\"canonical\" href=\"https:\/\/quaker.org\/es\/servicio-cuaquero-australia\/\" \/>\n<meta property=\"og:locale\" content=\"es_ES\" \/>\n<meta property=\"og:type\" content=\"article\" \/>\n<meta property=\"og:title\" content=\"Servicio Cu\u00e1quero Australia - Quaker.org\" \/>\n<meta property=\"og:description\" content=\"qsa.org.au \u00abQuaker Service Australia (QSA), con sede en S\u00eddney, Australia, es la organizaci\u00f3n de servicio y ayuda en el extranjero&hellip;\" \/>\n<meta property=\"og:url\" content=\"https:\/\/quaker.org\/es\/servicio-cuaquero-australia\/\" \/>\n<meta property=\"og:site_name\" content=\"Quaker.org\" \/>\n<meta property=\"article:modified_time\" content=\"2025-09-19T15:14:26+00:00\" \/>\n<meta name=\"twitter:card\" content=\"summary_large_image\" \/>\n<meta name=\"twitter:label1\" content=\"Est. reading time\" \/>\n\t<meta name=\"twitter:data1\" content=\"2 minutes\" \/>\n<script type=\"application\/ld+json\" class=\"yoast-schema-graph\">{\"@context\":\"https:\\\/\\\/schema.org\",\"@graph\":[{\"@type\":\"WebPage\",\"@id\":\"https:\\\/\\\/quaker.org\\\/es\\\/servicio-cuaquero-australia\\\/\",\"url\":\"https:\\\/\\\/quaker.org\\\/es\\\/servicio-cuaquero-australia\\\/\",\"name\":\"Servicio Cu\u00e1quero Australia - Quaker.org\",\"isPartOf\":{\"@id\":\"https:\\\/\\\/quaker.org\\\/es\\\/#website\"},\"datePublished\":\"2020-06-01T18:38:50+00:00\",\"dateModified\":\"2025-09-19T15:14:26+00:00\",\"breadcrumb\":{\"@id\":\"https:\\\/\\\/quaker.org\\\/es\\\/servicio-cuaquero-australia\\\/#breadcrumb\"},\"inLanguage\":\"es-ES\",\"potentialAction\":[{\"@type\":\"ReadAction\",\"target\":[\"https:\\\/\\\/quaker.org\\\/es\\\/servicio-cuaquero-australia\\\/\"]}]},{\"@type\":\"BreadcrumbList\",\"@id\":\"https:\\\/\\\/quaker.org\\\/es\\\/servicio-cuaquero-australia\\\/#breadcrumb\",\"itemListElement\":[{\"@type\":\"ListItem\",\"position\":1,\"name\":\"Home\",\"item\":\"https:\\\/\\\/quaker.org\\\/es\\\/bienvenido-a-a-quaker-org\\\/\"},{\"@type\":\"ListItem\",\"position\":2,\"name\":\"Servicio Cu\u00e1quero Australia\"}]},{\"@type\":\"WebSite\",\"@id\":\"https:\\\/\\\/quaker.org\\\/es\\\/#website\",\"url\":\"https:\\\/\\\/quaker.org\\\/es\\\/\",\"name\":\"Quaker.org\",\"description\":\"Learn about Friends\",\"publisher\":{\"@id\":\"https:\\\/\\\/quaker.org\\\/es\\\/#organization\"},\"potentialAction\":[{\"@type\":\"SearchAction\",\"target\":{\"@type\":\"EntryPoint\",\"urlTemplate\":\"https:\\\/\\\/quaker.org\\\/es\\\/?s={search_term_string}\"},\"query-input\":{\"@type\":\"PropertyValueSpecification\",\"valueRequired\":true,\"valueName\":\"search_term_string\"}}],\"inLanguage\":\"es-ES\"},{\"@type\":\"Organization\",\"@id\":\"https:\\\/\\\/quaker.org\\\/es\\\/#organization\",\"name\":\"Quaker.org\",\"url\":\"https:\\\/\\\/quaker.org\\\/es\\\/\",\"logo\":{\"@type\":\"ImageObject\",\"inLanguage\":\"es-ES\",\"@id\":\"https:\\\/\\\/quaker.org\\\/es\\\/#\\\/schema\\\/logo\\\/image\\\/\",\"url\":\"https:\\\/\\\/quaker.org\\\/wp-content\\\/uploads\\\/sites\\\/3\\\/2025\\\/08\\\/QuakerOrgLogo_BW-300x54-1.png\",\"contentUrl\":\"https:\\\/\\\/quaker.org\\\/wp-content\\\/uploads\\\/sites\\\/3\\\/2025\\\/08\\\/QuakerOrgLogo_BW-300x54-1.png\",\"width\":300,\"height\":54,\"caption\":\"Quaker.org\"},\"image\":{\"@id\":\"https:\\\/\\\/quaker.org\\\/es\\\/#\\\/schema\\\/logo\\\/image\\\/\"}}]}<\/script>\n<!-- \/ Yoast SEO plugin. -->","yoast_head_json":{"title":"Servicio Cu\u00e1quero Australia - Quaker.org","robots":{"index":"index","follow":"follow","max-snippet":"max-snippet:-1","max-image-preview":"max-image-preview:large","max-video-preview":"max-video-preview:-1"},"canonical":"https:\/\/quaker.org\/es\/servicio-cuaquero-australia\/","og_locale":"es_ES","og_type":"article","og_title":"Servicio Cu\u00e1quero Australia - Quaker.org","og_description":"qsa.org.au \u00abQuaker Service Australia (QSA), con sede en S\u00eddney, Australia, es la organizaci\u00f3n de servicio y ayuda en el extranjero&hellip;","og_url":"https:\/\/quaker.org\/es\/servicio-cuaquero-australia\/","og_site_name":"Quaker.org","article_modified_time":"2025-09-19T15:14:26+00:00","twitter_card":"summary_large_image","twitter_misc":{"Est. reading time":"2 minutes"},"schema":{"@context":"https:\/\/schema.org","@graph":[{"@type":"WebPage","@id":"https:\/\/quaker.org\/es\/servicio-cuaquero-australia\/","url":"https:\/\/quaker.org\/es\/servicio-cuaquero-australia\/","name":"Servicio Cu\u00e1quero Australia - Quaker.org","isPartOf":{"@id":"https:\/\/quaker.org\/es\/#website"},"datePublished":"2020-06-01T18:38:50+00:00","dateModified":"2025-09-19T15:14:26+00:00","breadcrumb":{"@id":"https:\/\/quaker.org\/es\/servicio-cuaquero-australia\/#breadcrumb"},"inLanguage":"es-ES","potentialAction":[{"@type":"ReadAction","target":["https:\/\/quaker.org\/es\/servicio-cuaquero-australia\/"]}]},{"@type":"BreadcrumbList","@id":"https:\/\/quaker.org\/es\/servicio-cuaquero-australia\/#breadcrumb","itemListElement":[{"@type":"ListItem","position":1,"name":"Home","item":"https:\/\/quaker.org\/es\/bienvenido-a-a-quaker-org\/"},{"@type":"ListItem","position":2,"name":"Servicio Cu\u00e1quero Australia"}]},{"@type":"WebSite","@id":"https:\/\/quaker.org\/es\/#website","url":"https:\/\/quaker.org\/es\/","name":"Quaker.org","description":"Learn about Friends","publisher":{"@id":"https:\/\/quaker.org\/es\/#organization"},"potentialAction":[{"@type":"SearchAction","target":{"@type":"EntryPoint","urlTemplate":"https:\/\/quaker.org\/es\/?s={search_term_string}"},"query-input":{"@type":"PropertyValueSpecification","valueRequired":true,"valueName":"search_term_string"}}],"inLanguage":"es-ES"},{"@type":"Organization","@id":"https:\/\/quaker.org\/es\/#organization","name":"Quaker.org","url":"https:\/\/quaker.org\/es\/","logo":{"@type":"ImageObject","inLanguage":"es-ES","@id":"https:\/\/quaker.org\/es\/#\/schema\/logo\/image\/","url":"https:\/\/quaker.org\/wp-content\/uploads\/sites\/3\/2025\/08\/QuakerOrgLogo_BW-300x54-1.png","contentUrl":"https:\/\/quaker.org\/wp-content\/uploads\/sites\/3\/2025\/08\/QuakerOrgLogo_BW-300x54-1.png","width":300,"height":54,"caption":"Quaker.org"},"image":{"@id":"https:\/\/quaker.org\/es\/#\/schema\/logo\/image\/"}}]}},"distributor_meta":false,"distributor_terms":false,"distributor_media":false,"distributor_original_site_name":"Quaker.org","distributor_original_site_url":"https:\/\/quaker.org\/es\/","push-errors":false,"acf":[],"_links":{"self":[{"href":"https:\/\/quaker.org\/es\/wp-json\/wp\/v2\/pages\/3213","targetHints":{"allow":["GET"]}}],"collection":[{"href":"https:\/\/quaker.org\/es\/wp-json\/wp\/v2\/pages"}],"about":[{"href":"https:\/\/quaker.org\/es\/wp-json\/wp\/v2\/types\/page"}],"author":[{"embeddable":true,"href":"https:\/\/quaker.org\/es\/wp-json\/wp\/v2\/users\/5129"}],"replies":[{"embeddable":true,"href":"https:\/\/quaker.org\/es\/wp-json\/wp\/v2\/comments?post=3213"}],"version-history":[{"count":1,"href":"https:\/\/quaker.org\/es\/wp-json\/wp\/v2\/pages\/3213\/revisions"}],"predecessor-version":[{"id":3214,"href":"https:\/\/quaker.org\/es\/wp-json\/wp\/v2\/pages\/3213\/revisions\/3214"}],"wp:attachment":[{"href":"https:\/\/quaker.org\/es\/wp-json\/wp\/v2\/media?parent=3213"}],"curies":[{"name":"wp","href":"https:\/\/api.w.org\/{rel}","templated":true}]}}