{"id":3124,"date":"2020-06-10T19:42:38","date_gmt":"2020-06-10T23:42:38","guid":{"rendered":"https:\/\/quaker.org\/programas-y-campamentos-para-jovenes\/"},"modified":"2026-01-14T16:06:56","modified_gmt":"2026-01-14T21:06:56","slug":"programas-y-campamentos-para-jovenes","status":"publish","type":"page","link":"https:\/\/quaker.org\/es\/programas-y-campamentos-para-jovenes\/","title":{"rendered":"Programas y campamentos para j\u00f3venes"},"content":{"rendered":"\n<p>La mayor\u00eda de los campamentos de Los Amigos son asequibles y ofrecen una amplia gama de actividades.<\/p>\n\n<p>Campamentos de la Reuni\u00f3n Anual de Baltimore<\/p>\n\n<ul class=\"wp-block-list\">\n<li>Shiloh: <a href=\"https:\/\/bymcamps.org\/programs\/shiloh-quaker-camp\/\">https:\/\/bymcamps.org\/programs\/shiloh-quaker-camp\/<\/a><\/li>\n\n\n\n<li>Opequon: <a href=\"https:\/\/bymcamps.org\/programs\/opequon-quaker-camp\/\">https:\/\/bymcamps.org\/programs\/opequon-quaker-camp\/<\/a><\/li>\n\n\n\n<li>Teen Adventure: <a href=\"https:\/\/bymcamps.org\/programs\/teen-adventure\/\">https:\/\/bymcamps.org\/programs\/teen-adventure\/<\/a><\/li>\n\n\n\n<li>Catoctin: <a href=\"https:\/\/bymcamps.org\/programs\/catoctin-quaker-camp\/\">https:\/\/bymcamps.org\/programs\/catoctin-quaker-camp\/<\/a><\/li>\n<\/ul>\n\n<p>Aqu\u00ed hay algunas opciones para las familias que buscan un campamento de verano con pernocta para ni\u00f1os de 6, 7 y 8 a\u00f1os. La inscripci\u00f3n para algunos campamentos comienza a principios de diciembre y los campamentos pueden llenarse en horas.<\/p>\n\n<ul class=\"wp-block-list\">\n<li>Dark Waters (NJ): <a href=\"https:\/\/www.campdarkwaters.org\/\">https:\/\/www.campdarkwaters. org\/<\/a><\/li>\n\n\n\n<li>Onas (PA): <a href=\"https:\/\/camponas.org\/\">https:\/\/camponas.org\/<\/a><\/li>\n\n\n\n<li>Friends Camp (ME): <a href=\"https:\/\/friendscamp.org\/\">https:\/\/friendscamp.org\/<\/a><\/li>\n\n\n\n<li>Camp Celo (NC): <a href=\"https:\/\/www.campcelo.com\/\">https:\/\/www.campcelo.com\/<\/a><\/li>\n<\/ul>\n\n<p>Farm and Wilderness tiene 6 campamentos con pernocta en Vermont.<\/p>\n\n<ul class=\"wp-block-list\">\n<li>Saltash Mountain Camp: <a href=\"https:\/\/farmandwilderness.org\/saltash-mountain\/\">https:\/\/farmandwilderness.org\/saltash-mountain\/<\/a><\/li>\n\n\n\n<li>Flying Cloud: <a href=\"https:\/\/farmandwilderness.org\/flying-cloud\/\">https:\/\/farmandwilderness.org\/flying-cloud\/<\/a><\/li>\n\n\n\n<li>Tamarack Farm: <a href=\"https:\/\/farmandwilderness.org\/tamarack-farm\/\">https:\/\/farmandwilderness.org\/tamarack-farm\/<\/a><\/li>\n\n\n\n<li>Timberlake: <a href=\"https:\/\/farmandwilderness.org\/timberlake\/\">https:\/\/farmandwilderness.org\/timberlake\/<\/a><\/li>\n\n\n\n<li>Indian Brook: <a href=\"https:\/\/farmandwilderness.org\/indian-brook\/\">https:\/\/farmandwilderness.org\/indian-brook\/<\/a><\/li>\n\n\n\n<li>Red Spruce Grove: <a href=\"https:\/\/www.farmandwilderness.org\/camps\/red-spruce-grove\">https:\/\/www.farmandwilderness.org\/camps\/red-spruce-grove<\/a><\/li>\n<\/ul>\n\n<p>Estos son dos campamentos dedicados a las artes esc\u00e9nicas:<\/p>\n\n<ul class=\"wp-block-list\">\n<li>Monteverde, Costa Rica, Campamento de teatro: <a href=\"https:\/\/mfschool.org\/summer-camp-in-costa-rica\/\">https:\/\/mfschool.org\/summer-camp-in-costa-rica\/<\/a> (biling\u00fce)<\/li>\n\n\n\n<li>Friends Music Camp (Earlham, IN): <a href=\"https:\/\/www.friendsmusiccamp.org\/\">https:\/\/www.friendsmusiccamp.org\/<\/a><\/li>\n<\/ul>\n\n<p>Y aqu\u00ed hay campamentos adicionales que son sin fines de lucro o est\u00e1n conectados a Reuniones Anuales:<\/p>\n\n<ul class=\"wp-block-list\">\n<li>Camp Woodbrooke (Wisconsin): <a href=\"https:\/\/www.campwoodbrooke.org\/\">https:\/\/www.campwoodbrooke.org\/<\/a><\/li>\n\n\n\n<li>Neekaunis (Ontario): <a href=\"https:\/\/www.neekaunis.org\/\">https:\/\/www.neekaunis.org\/<\/a> <\/li>\n\n\n\n<li>Mountain Friends Camp (NM): <a href=\"https:\/\/mountainfriendscamp.org\/\">https:\/\/mountainfriendscamp.org\/<\/a><\/li>\n<\/ul>\n","protected":false},"excerpt":{"rendered":"<p>La mayor\u00eda de los campamentos de Los Amigos son asequibles y ofrecen una amplia gama de actividades. Campamentos de la&hellip;<\/p>\n","protected":false},"author":5129,"featured_media":0,"parent":0,"menu_order":0,"comment_status":"closed","ping_status":"closed","template":"","meta":{"_acf_changed":false,"hero_banner_post_id":0,"footnotes":""},"class_list":["post-3124","page","type-page","status-publish","hentry"],"yoast_head":"<!-- This site is optimized with the Yoast SEO plugin v27.4 - https:\/\/yoast.com\/product\/yoast-seo-wordpress\/ -->\n<title>Programas para j\u00f3venes cu\u00e1queros: lista de campamentos de verano cu\u00e1queros para ni\u00f1os, ni\u00f1as y adolescentes<\/title>\n<meta name=\"description\" content=\"Consulte nuestra lista de campamentos de verano diurnos cu\u00e1queros que se ajustan a los valores cu\u00e1queros. La mayor\u00eda de los campamentos de Los Amigos son asequibles y ofrecen una variedad de actividades para ni\u00f1os y adolescentes.\" \/>\n<meta name=\"robots\" content=\"index, follow, max-snippet:-1, max-image-preview:large, max-video-preview:-1\" \/>\n<link rel=\"canonical\" href=\"https:\/\/quaker.org\/es\/programas-y-campamentos-para-jovenes\/\" \/>\n<meta property=\"og:locale\" content=\"es_ES\" \/>\n<meta property=\"og:type\" content=\"article\" \/>\n<meta property=\"og:title\" content=\"Programas para j\u00f3venes cu\u00e1queros: lista de campamentos de verano cu\u00e1queros para ni\u00f1os, ni\u00f1as y adolescentes\" \/>\n<meta property=\"og:description\" content=\"Consulte nuestra lista de campamentos de verano diurnos cu\u00e1queros que se ajustan a los valores cu\u00e1queros. La mayor\u00eda de los campamentos de Los Amigos son asequibles y ofrecen una variedad de actividades para ni\u00f1os y adolescentes.\" \/>\n<meta property=\"og:url\" content=\"https:\/\/quaker.org\/es\/programas-y-campamentos-para-jovenes\/\" \/>\n<meta property=\"og:site_name\" content=\"Quaker.org\" \/>\n<meta property=\"article:modified_time\" content=\"2026-01-14T21:06:56+00:00\" \/>\n<meta name=\"twitter:card\" content=\"summary_large_image\" \/>\n<meta name=\"twitter:label1\" content=\"Est. reading time\" \/>\n\t<meta name=\"twitter:data1\" content=\"1 minute\" \/>\n<script type=\"application\/ld+json\" class=\"yoast-schema-graph\">{\"@context\":\"https:\\\/\\\/schema.org\",\"@graph\":[{\"@type\":\"WebPage\",\"@id\":\"https:\\\/\\\/quaker.org\\\/es\\\/programas-y-campamentos-para-jovenes\\\/\",\"url\":\"https:\\\/\\\/quaker.org\\\/es\\\/programas-y-campamentos-para-jovenes\\\/\",\"name\":\"Programas para j\u00f3venes cu\u00e1queros: lista de campamentos de verano cu\u00e1queros para ni\u00f1os, ni\u00f1as y adolescentes\",\"isPartOf\":{\"@id\":\"https:\\\/\\\/quaker.org\\\/es\\\/#website\"},\"datePublished\":\"2020-06-10T23:42:38+00:00\",\"dateModified\":\"2026-01-14T21:06:56+00:00\",\"description\":\"Consulte nuestra lista de campamentos de verano diurnos cu\u00e1queros que se ajustan a los valores cu\u00e1queros. La mayor\u00eda de los campamentos de Los Amigos son asequibles y ofrecen una variedad de actividades para ni\u00f1os y adolescentes.\",\"breadcrumb\":{\"@id\":\"https:\\\/\\\/quaker.org\\\/es\\\/programas-y-campamentos-para-jovenes\\\/#breadcrumb\"},\"inLanguage\":\"es-ES\",\"potentialAction\":[{\"@type\":\"ReadAction\",\"target\":[\"https:\\\/\\\/quaker.org\\\/es\\\/programas-y-campamentos-para-jovenes\\\/\"]}]},{\"@type\":\"BreadcrumbList\",\"@id\":\"https:\\\/\\\/quaker.org\\\/es\\\/programas-y-campamentos-para-jovenes\\\/#breadcrumb\",\"itemListElement\":[{\"@type\":\"ListItem\",\"position\":1,\"name\":\"Home\",\"item\":\"https:\\\/\\\/quaker.org\\\/es\\\/bienvenido-a-a-quaker-org\\\/\"},{\"@type\":\"ListItem\",\"position\":2,\"name\":\"Programas y campamentos para j\u00f3venes\"}]},{\"@type\":\"WebSite\",\"@id\":\"https:\\\/\\\/quaker.org\\\/es\\\/#website\",\"url\":\"https:\\\/\\\/quaker.org\\\/es\\\/\",\"name\":\"Quaker.org\",\"description\":\"Learn about Friends\",\"publisher\":{\"@id\":\"https:\\\/\\\/quaker.org\\\/es\\\/#organization\"},\"potentialAction\":[{\"@type\":\"SearchAction\",\"target\":{\"@type\":\"EntryPoint\",\"urlTemplate\":\"https:\\\/\\\/quaker.org\\\/es\\\/?s={search_term_string}\"},\"query-input\":{\"@type\":\"PropertyValueSpecification\",\"valueRequired\":true,\"valueName\":\"search_term_string\"}}],\"inLanguage\":\"es-ES\"},{\"@type\":\"Organization\",\"@id\":\"https:\\\/\\\/quaker.org\\\/es\\\/#organization\",\"name\":\"Quaker.org\",\"url\":\"https:\\\/\\\/quaker.org\\\/es\\\/\",\"logo\":{\"@type\":\"ImageObject\",\"inLanguage\":\"es-ES\",\"@id\":\"https:\\\/\\\/quaker.org\\\/es\\\/#\\\/schema\\\/logo\\\/image\\\/\",\"url\":\"https:\\\/\\\/quaker.org\\\/wp-content\\\/uploads\\\/sites\\\/3\\\/2025\\\/08\\\/QuakerOrgLogo_BW-300x54-1.png\",\"contentUrl\":\"https:\\\/\\\/quaker.org\\\/wp-content\\\/uploads\\\/sites\\\/3\\\/2025\\\/08\\\/QuakerOrgLogo_BW-300x54-1.png\",\"width\":300,\"height\":54,\"caption\":\"Quaker.org\"},\"image\":{\"@id\":\"https:\\\/\\\/quaker.org\\\/es\\\/#\\\/schema\\\/logo\\\/image\\\/\"}}]}<\/script>\n<!-- \/ Yoast SEO plugin. -->","yoast_head_json":{"title":"Programas para j\u00f3venes cu\u00e1queros: lista de campamentos de verano cu\u00e1queros para ni\u00f1os, ni\u00f1as y adolescentes","description":"Consulte nuestra lista de campamentos de verano diurnos cu\u00e1queros que se ajustan a los valores cu\u00e1queros. La mayor\u00eda de los campamentos de Los Amigos son asequibles y ofrecen una variedad de actividades para ni\u00f1os y adolescentes.","robots":{"index":"index","follow":"follow","max-snippet":"max-snippet:-1","max-image-preview":"max-image-preview:large","max-video-preview":"max-video-preview:-1"},"canonical":"https:\/\/quaker.org\/es\/programas-y-campamentos-para-jovenes\/","og_locale":"es_ES","og_type":"article","og_title":"Programas para j\u00f3venes cu\u00e1queros: lista de campamentos de verano cu\u00e1queros para ni\u00f1os, ni\u00f1as y adolescentes","og_description":"Consulte nuestra lista de campamentos de verano diurnos cu\u00e1queros que se ajustan a los valores cu\u00e1queros. La mayor\u00eda de los campamentos de Los Amigos son asequibles y ofrecen una variedad de actividades para ni\u00f1os y adolescentes.","og_url":"https:\/\/quaker.org\/es\/programas-y-campamentos-para-jovenes\/","og_site_name":"Quaker.org","article_modified_time":"2026-01-14T21:06:56+00:00","twitter_card":"summary_large_image","twitter_misc":{"Est. reading time":"1 minute"},"schema":{"@context":"https:\/\/schema.org","@graph":[{"@type":"WebPage","@id":"https:\/\/quaker.org\/es\/programas-y-campamentos-para-jovenes\/","url":"https:\/\/quaker.org\/es\/programas-y-campamentos-para-jovenes\/","name":"Programas para j\u00f3venes cu\u00e1queros: lista de campamentos de verano cu\u00e1queros para ni\u00f1os, ni\u00f1as y adolescentes","isPartOf":{"@id":"https:\/\/quaker.org\/es\/#website"},"datePublished":"2020-06-10T23:42:38+00:00","dateModified":"2026-01-14T21:06:56+00:00","description":"Consulte nuestra lista de campamentos de verano diurnos cu\u00e1queros que se ajustan a los valores cu\u00e1queros. La mayor\u00eda de los campamentos de Los Amigos son asequibles y ofrecen una variedad de actividades para ni\u00f1os y adolescentes.","breadcrumb":{"@id":"https:\/\/quaker.org\/es\/programas-y-campamentos-para-jovenes\/#breadcrumb"},"inLanguage":"es-ES","potentialAction":[{"@type":"ReadAction","target":["https:\/\/quaker.org\/es\/programas-y-campamentos-para-jovenes\/"]}]},{"@type":"BreadcrumbList","@id":"https:\/\/quaker.org\/es\/programas-y-campamentos-para-jovenes\/#breadcrumb","itemListElement":[{"@type":"ListItem","position":1,"name":"Home","item":"https:\/\/quaker.org\/es\/bienvenido-a-a-quaker-org\/"},{"@type":"ListItem","position":2,"name":"Programas y campamentos para j\u00f3venes"}]},{"@type":"WebSite","@id":"https:\/\/quaker.org\/es\/#website","url":"https:\/\/quaker.org\/es\/","name":"Quaker.org","description":"Learn about Friends","publisher":{"@id":"https:\/\/quaker.org\/es\/#organization"},"potentialAction":[{"@type":"SearchAction","target":{"@type":"EntryPoint","urlTemplate":"https:\/\/quaker.org\/es\/?s={search_term_string}"},"query-input":{"@type":"PropertyValueSpecification","valueRequired":true,"valueName":"search_term_string"}}],"inLanguage":"es-ES"},{"@type":"Organization","@id":"https:\/\/quaker.org\/es\/#organization","name":"Quaker.org","url":"https:\/\/quaker.org\/es\/","logo":{"@type":"ImageObject","inLanguage":"es-ES","@id":"https:\/\/quaker.org\/es\/#\/schema\/logo\/image\/","url":"https:\/\/quaker.org\/wp-content\/uploads\/sites\/3\/2025\/08\/QuakerOrgLogo_BW-300x54-1.png","contentUrl":"https:\/\/quaker.org\/wp-content\/uploads\/sites\/3\/2025\/08\/QuakerOrgLogo_BW-300x54-1.png","width":300,"height":54,"caption":"Quaker.org"},"image":{"@id":"https:\/\/quaker.org\/es\/#\/schema\/logo\/image\/"}}]}},"distributor_meta":false,"distributor_terms":false,"distributor_media":false,"distributor_original_site_name":"Quaker.org","distributor_original_site_url":"https:\/\/quaker.org\/es\/","push-errors":false,"acf":[],"_links":{"self":[{"href":"https:\/\/quaker.org\/es\/wp-json\/wp\/v2\/pages\/3124","targetHints":{"allow":["GET"]}}],"collection":[{"href":"https:\/\/quaker.org\/es\/wp-json\/wp\/v2\/pages"}],"about":[{"href":"https:\/\/quaker.org\/es\/wp-json\/wp\/v2\/types\/page"}],"author":[{"embeddable":true,"href":"https:\/\/quaker.org\/es\/wp-json\/wp\/v2\/users\/5129"}],"replies":[{"embeddable":true,"href":"https:\/\/quaker.org\/es\/wp-json\/wp\/v2\/comments?post=3124"}],"version-history":[{"count":2,"href":"https:\/\/quaker.org\/es\/wp-json\/wp\/v2\/pages\/3124\/revisions"}],"predecessor-version":[{"id":3889,"href":"https:\/\/quaker.org\/es\/wp-json\/wp\/v2\/pages\/3124\/revisions\/3889"}],"wp:attachment":[{"href":"https:\/\/quaker.org\/es\/wp-json\/wp\/v2\/media?parent=3124"}],"curies":[{"name":"wp","href":"https:\/\/api.w.org\/{rel}","templated":true}]}}