{"id":3119,"date":"2020-06-10T18:57:58","date_gmt":"2020-06-10T18:57:58","guid":{"rendered":"https:\/\/quaker.org\/centros-de-retiro-conferencia-y-estudio\/"},"modified":"2025-09-19T15:11:37","modified_gmt":"2025-09-19T15:11:37","slug":"centros-de-retiro-conferencia-y-estudio","status":"publish","type":"page","link":"https:\/\/quaker.org\/es\/centros-de-retiro-conferencia-y-estudio\/","title":{"rendered":"Centros de retiro, conferencia y estudio"},"content":{"rendered":"\n<p><strong><a href=\"https:\/\/www.friendsjournal.org\/quakerhub\/friends-center\/\">Friends Center<\/a> (Filadelfia, PA)<br\/><\/strong>Sitio web: <em><a href=\"https:\/\/friendscentercorp.org\/\">friendscentercorp.org<\/a><\/em><\/p>\n\n<p><strong><a href=\"https:\/\/www.friendsjournal.org\/quakerhub\/pendle-hill\/\">Pendle Hill<\/a><\/strong><strong> <\/strong><strong>(<\/strong><strong>Wallingford, PA)<\/strong><strong><br\/><\/strong>Sitio web: <em><a href=\"https:\/\/pendlehill.org\/\">pendlehill.org<\/a><\/em><\/p>\n\n<p><strong><a href=\"https:\/\/www.friendsjournal.org\/quakerhub\/silver-wattle-quaker-centre\/\">Silver Wattle Quaker Centre<\/a> (Australia)<br\/><\/strong>Sitio web: <em><a href=\"https:\/\/www.silverwattle.org.au\/\">silverwattle.org.au<\/a><\/em><\/p>\n\n<p><strong>Ben Lomond Quaker Center<\/strong> <strong>(Ben Lomond, CA)<\/strong><br\/>Sitio web: <a href=\"https:\/\/www.quakercenter.org\/\">quakercenter.org<\/a><\/p>\n\n<p><strong>Woodbrooke Quaker Study Centre (Birmingham, UK)<\/strong><br\/>Sitio web: <a href=\"https:\/\/www.woodbrooke.org.uk\/\">woodbrooke.org.uk<\/a><\/p>\n\n<p><strong>Woolman Hill<\/strong> <strong>(Deerfield MA)<\/strong><br\/>Sitio web: <a href=\"https:\/\/woolmanhill.org\/\">woolmanhill.org<\/a><\/p>\n\n<hr class=\"wp-block-separator has-css-opacity\" \/>\n\n<h2 class=\"wp-block-heading\">Una selecci\u00f3n de v\u00eddeos de oratoria cu\u00e1quera<\/h2>\n\n<div class=\"wp-block-columns is-layout-flex wp-container-core-columns-is-layout-9d6595d7 wp-block-columns-is-layout-flex\">\n<div class=\"wp-block-column is-layout-flow wp-block-column-is-layout-flow\">\n<figure class=\"wp-block-embed-wordpress wp-block-embed is-type-wp-embed is-provider-quakerspeak\"><div class=\"wp-block-embed__wrapper\">\nhttps:\/\/quakerspeak.com\/practicing-the-spirituality-of-lightheartedness\/\n<\/div><\/figure>\n<\/div>\n\n\n\n<div class=\"wp-block-column is-layout-flow wp-block-column-is-layout-flow\">\n<figure class=\"wp-block-embed-wordpress wp-block-embed is-type-wp-embed is-provider-quakerspeak\"><div class=\"wp-block-embed__wrapper\">\nhttps:\/\/quakerspeak.com\/quaker-faith-in-song\/\n<\/div><\/figure>\n<\/div>\n<\/div>\n","protected":false},"excerpt":{"rendered":"<p>Friends Center (Filadelfia, PA)Sitio web: friendscentercorp.org Pendle Hill (Wallingford, PA)Sitio web: pendlehill.org Silver Wattle Quaker Centre (Australia)Sitio web: silverwattle.org.au Ben&hellip;<\/p>\n","protected":false},"author":5129,"featured_media":0,"parent":0,"menu_order":0,"comment_status":"closed","ping_status":"closed","template":"","meta":{"_acf_changed":false,"hero_banner_post_id":0,"footnotes":""},"class_list":["post-3119","page","type-page","status-publish","hentry"],"yoast_head":"<!-- This site is optimized with the Yoast SEO plugin v27.3 - https:\/\/yoast.com\/product\/yoast-seo-wordpress\/ -->\n<title>Retiros, conferencias y centros de estudio cu\u00e1queros: eventos y recursos cu\u00e1queros<\/title>\n<meta name=\"description\" content=\"Explore eventos y recursos cu\u00e1queros: retiros, conferencias y centros de estudio.\" \/>\n<meta name=\"robots\" content=\"index, follow, max-snippet:-1, max-image-preview:large, max-video-preview:-1\" \/>\n<link rel=\"canonical\" href=\"https:\/\/quaker.org\/es\/centros-de-retiro-conferencia-y-estudio\/\" \/>\n<meta property=\"og:locale\" content=\"es_ES\" \/>\n<meta property=\"og:type\" content=\"article\" \/>\n<meta property=\"og:title\" content=\"Retiros, conferencias y centros de estudio cu\u00e1queros: eventos y recursos cu\u00e1queros\" \/>\n<meta property=\"og:description\" content=\"Explore eventos y recursos cu\u00e1queros: retiros, conferencias y centros de estudio.\" \/>\n<meta property=\"og:url\" content=\"https:\/\/quaker.org\/es\/centros-de-retiro-conferencia-y-estudio\/\" \/>\n<meta property=\"og:site_name\" content=\"Quaker.org\" \/>\n<meta property=\"article:modified_time\" content=\"2025-09-19T15:11:37+00:00\" \/>\n<meta name=\"twitter:card\" content=\"summary_large_image\" \/>\n<script type=\"application\/ld+json\" class=\"yoast-schema-graph\">{\"@context\":\"https:\\\/\\\/schema.org\",\"@graph\":[{\"@type\":\"WebPage\",\"@id\":\"https:\\\/\\\/quaker.org\\\/es\\\/centros-de-retiro-conferencia-y-estudio\\\/\",\"url\":\"https:\\\/\\\/quaker.org\\\/es\\\/centros-de-retiro-conferencia-y-estudio\\\/\",\"name\":\"Retiros, conferencias y centros de estudio cu\u00e1queros: eventos y recursos cu\u00e1queros\",\"isPartOf\":{\"@id\":\"https:\\\/\\\/quaker.org\\\/es\\\/#website\"},\"datePublished\":\"2020-06-10T18:57:58+00:00\",\"dateModified\":\"2025-09-19T15:11:37+00:00\",\"description\":\"Explore eventos y recursos cu\u00e1queros: retiros, conferencias y centros de estudio.\",\"breadcrumb\":{\"@id\":\"https:\\\/\\\/quaker.org\\\/es\\\/centros-de-retiro-conferencia-y-estudio\\\/#breadcrumb\"},\"inLanguage\":\"es-ES\",\"potentialAction\":[{\"@type\":\"ReadAction\",\"target\":[\"https:\\\/\\\/quaker.org\\\/es\\\/centros-de-retiro-conferencia-y-estudio\\\/\"]}]},{\"@type\":\"BreadcrumbList\",\"@id\":\"https:\\\/\\\/quaker.org\\\/es\\\/centros-de-retiro-conferencia-y-estudio\\\/#breadcrumb\",\"itemListElement\":[{\"@type\":\"ListItem\",\"position\":1,\"name\":\"Home\",\"item\":\"https:\\\/\\\/quaker.org\\\/es\\\/bienvenido-a-a-quaker-org\\\/\"},{\"@type\":\"ListItem\",\"position\":2,\"name\":\"Centros de retiro, conferencia y estudio\"}]},{\"@type\":\"WebSite\",\"@id\":\"https:\\\/\\\/quaker.org\\\/es\\\/#website\",\"url\":\"https:\\\/\\\/quaker.org\\\/es\\\/\",\"name\":\"Quaker.org\",\"description\":\"Learn about Friends\",\"publisher\":{\"@id\":\"https:\\\/\\\/quaker.org\\\/es\\\/#organization\"},\"potentialAction\":[{\"@type\":\"SearchAction\",\"target\":{\"@type\":\"EntryPoint\",\"urlTemplate\":\"https:\\\/\\\/quaker.org\\\/es\\\/?s={search_term_string}\"},\"query-input\":{\"@type\":\"PropertyValueSpecification\",\"valueRequired\":true,\"valueName\":\"search_term_string\"}}],\"inLanguage\":\"es-ES\"},{\"@type\":\"Organization\",\"@id\":\"https:\\\/\\\/quaker.org\\\/es\\\/#organization\",\"name\":\"Quaker.org\",\"url\":\"https:\\\/\\\/quaker.org\\\/es\\\/\",\"logo\":{\"@type\":\"ImageObject\",\"inLanguage\":\"es-ES\",\"@id\":\"https:\\\/\\\/quaker.org\\\/es\\\/#\\\/schema\\\/logo\\\/image\\\/\",\"url\":\"https:\\\/\\\/quaker.org\\\/wp-content\\\/uploads\\\/sites\\\/3\\\/2025\\\/08\\\/QuakerOrgLogo_BW-300x54-1.png\",\"contentUrl\":\"https:\\\/\\\/quaker.org\\\/wp-content\\\/uploads\\\/sites\\\/3\\\/2025\\\/08\\\/QuakerOrgLogo_BW-300x54-1.png\",\"width\":300,\"height\":54,\"caption\":\"Quaker.org\"},\"image\":{\"@id\":\"https:\\\/\\\/quaker.org\\\/es\\\/#\\\/schema\\\/logo\\\/image\\\/\"}}]}<\/script>\n<!-- \/ Yoast SEO plugin. -->","yoast_head_json":{"title":"Retiros, conferencias y centros de estudio cu\u00e1queros: eventos y recursos cu\u00e1queros","description":"Explore eventos y recursos cu\u00e1queros: retiros, conferencias y centros de estudio.","robots":{"index":"index","follow":"follow","max-snippet":"max-snippet:-1","max-image-preview":"max-image-preview:large","max-video-preview":"max-video-preview:-1"},"canonical":"https:\/\/quaker.org\/es\/centros-de-retiro-conferencia-y-estudio\/","og_locale":"es_ES","og_type":"article","og_title":"Retiros, conferencias y centros de estudio cu\u00e1queros: eventos y recursos cu\u00e1queros","og_description":"Explore eventos y recursos cu\u00e1queros: retiros, conferencias y centros de estudio.","og_url":"https:\/\/quaker.org\/es\/centros-de-retiro-conferencia-y-estudio\/","og_site_name":"Quaker.org","article_modified_time":"2025-09-19T15:11:37+00:00","twitter_card":"summary_large_image","schema":{"@context":"https:\/\/schema.org","@graph":[{"@type":"WebPage","@id":"https:\/\/quaker.org\/es\/centros-de-retiro-conferencia-y-estudio\/","url":"https:\/\/quaker.org\/es\/centros-de-retiro-conferencia-y-estudio\/","name":"Retiros, conferencias y centros de estudio cu\u00e1queros: eventos y recursos cu\u00e1queros","isPartOf":{"@id":"https:\/\/quaker.org\/es\/#website"},"datePublished":"2020-06-10T18:57:58+00:00","dateModified":"2025-09-19T15:11:37+00:00","description":"Explore eventos y recursos cu\u00e1queros: retiros, conferencias y centros de estudio.","breadcrumb":{"@id":"https:\/\/quaker.org\/es\/centros-de-retiro-conferencia-y-estudio\/#breadcrumb"},"inLanguage":"es-ES","potentialAction":[{"@type":"ReadAction","target":["https:\/\/quaker.org\/es\/centros-de-retiro-conferencia-y-estudio\/"]}]},{"@type":"BreadcrumbList","@id":"https:\/\/quaker.org\/es\/centros-de-retiro-conferencia-y-estudio\/#breadcrumb","itemListElement":[{"@type":"ListItem","position":1,"name":"Home","item":"https:\/\/quaker.org\/es\/bienvenido-a-a-quaker-org\/"},{"@type":"ListItem","position":2,"name":"Centros de retiro, conferencia y estudio"}]},{"@type":"WebSite","@id":"https:\/\/quaker.org\/es\/#website","url":"https:\/\/quaker.org\/es\/","name":"Quaker.org","description":"Learn about Friends","publisher":{"@id":"https:\/\/quaker.org\/es\/#organization"},"potentialAction":[{"@type":"SearchAction","target":{"@type":"EntryPoint","urlTemplate":"https:\/\/quaker.org\/es\/?s={search_term_string}"},"query-input":{"@type":"PropertyValueSpecification","valueRequired":true,"valueName":"search_term_string"}}],"inLanguage":"es-ES"},{"@type":"Organization","@id":"https:\/\/quaker.org\/es\/#organization","name":"Quaker.org","url":"https:\/\/quaker.org\/es\/","logo":{"@type":"ImageObject","inLanguage":"es-ES","@id":"https:\/\/quaker.org\/es\/#\/schema\/logo\/image\/","url":"https:\/\/quaker.org\/wp-content\/uploads\/sites\/3\/2025\/08\/QuakerOrgLogo_BW-300x54-1.png","contentUrl":"https:\/\/quaker.org\/wp-content\/uploads\/sites\/3\/2025\/08\/QuakerOrgLogo_BW-300x54-1.png","width":300,"height":54,"caption":"Quaker.org"},"image":{"@id":"https:\/\/quaker.org\/es\/#\/schema\/logo\/image\/"}}]}},"distributor_meta":false,"distributor_terms":false,"distributor_media":false,"distributor_original_site_name":"Quaker.org","distributor_original_site_url":"https:\/\/quaker.org\/es\/","push-errors":false,"acf":[],"_links":{"self":[{"href":"https:\/\/quaker.org\/es\/wp-json\/wp\/v2\/pages\/3119","targetHints":{"allow":["GET"]}}],"collection":[{"href":"https:\/\/quaker.org\/es\/wp-json\/wp\/v2\/pages"}],"about":[{"href":"https:\/\/quaker.org\/es\/wp-json\/wp\/v2\/types\/page"}],"author":[{"embeddable":true,"href":"https:\/\/quaker.org\/es\/wp-json\/wp\/v2\/users\/5129"}],"replies":[{"embeddable":true,"href":"https:\/\/quaker.org\/es\/wp-json\/wp\/v2\/comments?post=3119"}],"version-history":[{"count":1,"href":"https:\/\/quaker.org\/es\/wp-json\/wp\/v2\/pages\/3119\/revisions"}],"predecessor-version":[{"id":3126,"href":"https:\/\/quaker.org\/es\/wp-json\/wp\/v2\/pages\/3119\/revisions\/3126"}],"wp:attachment":[{"href":"https:\/\/quaker.org\/es\/wp-json\/wp\/v2\/media?parent=3119"}],"curies":[{"name":"wp","href":"https:\/\/api.w.org\/{rel}","templated":true}]}}