{"id":3100,"date":"2020-06-03T14:55:40","date_gmt":"2020-06-03T14:55:40","guid":{"rendered":"https:\/\/quaker.org\/historia-cuaquera-introduccion\/"},"modified":"2025-09-19T15:11:09","modified_gmt":"2025-09-19T15:11:09","slug":"historia-cuaquera-introduccion","status":"publish","type":"page","link":"https:\/\/quaker.org\/es\/historia-cuaquera-introduccion\/","title":{"rendered":"Historia cu\u00e1quera: Introducci\u00f3n"},"content":{"rendered":"\n<figure class=\"wp-block-image aligncenter size-large\"><img loading=\"lazy\" decoding=\"async\" width=\"976\" height=\"664\" src=\"https:\/\/www.friendsjournal.org\/quakerhub\/wp-content\/uploads\/sites\/3\/2020\/06\/82482187_2666182.jpg\" alt=\"\" class=\"wp-image-278\" srcset=\"https:\/\/quaker.org\/wp-content\/uploads\/sites\/3\/2020\/06\/82482187_2666182.jpg 976w, https:\/\/quaker.org\/wp-content\/uploads\/sites\/3\/2020\/06\/82482187_2666182-300x204.jpg 300w, https:\/\/quaker.org\/wp-content\/uploads\/sites\/3\/2020\/06\/82482187_2666182-768x522.jpg 768w, https:\/\/quaker.org\/wp-content\/uploads\/sites\/3\/2020\/06\/82482187_2666182-600x408.jpg 600w\" sizes=\"auto, (max-width: 976px) 100vw, 976px\" \/><\/figure>\n\n<p>La Sociedad Religiosa de los Amigos (Cu\u00e1queros) es un movimiento que comenz\u00f3 en la Inglaterra del siglo XVII. <a href=\"https:\/\/en.wikipedia.org\/wiki\/George_Fox\" target=\"_blank\" rel=\"noreferrer noopener\">George Fox<\/a> (es \u00e9l quien est\u00e1 de pie en una silla predicando a una multitud en una taberna en la imagen de arriba) estaba frustrado por las instituciones cristianas de su \u00e9poca. Pas\u00f3 a\u00f1os vagando por la campi\u00f1a inglesa, buscando consuelo espiritual, a veces consultando con ministros y otros l\u00edderes religiosos, pero, como escribi\u00f3 m\u00e1s tarde, &#8220;no hab\u00eda nadie entre ellos que pudiera hablar de mi condici\u00f3n&#8221;. <\/p>\n\n<p>&#8220;Y cuando todas mis esperanzas en ellos y en todos los hombres se hab\u00edan ido&#8221;, continu\u00f3 Fox, &#8220;de modo que no ten\u00eda nada externamente que me ayudara, ni pod\u00eda decir qu\u00e9 hacer, entonces, oh, entonces, escuch\u00e9 una voz que dec\u00eda: &#8216;Hay uno, incluso Cristo Jes\u00fas, que puede hablar de tu condici\u00f3n&#8217;; y cuando lo escuch\u00e9, mi coraz\u00f3n salt\u00f3 de alegr\u00eda&#8221;. <em>(Nota: &#8220;Incluso&#8221; aqu\u00ed significa &#8220;a saber&#8221;).<\/em><\/p>\n\n<p>Fox continu\u00f3 recorriendo la tierra, solo que ahora comenz\u00f3 a compartir las ideas que obtuvo de esta y otras experiencias espirituales. En 1652, conoci\u00f3 a <a href=\"https:\/\/en.wikipedia.org\/wiki\/Margaret_Fell\" target=\"_blank\" rel=\"noreferrer noopener\">Margaret Fell<\/a>, quien se convirti\u00f3 en un miembro activo de la creciente Sociedad Religiosa, y pasar\u00eda varios a\u00f1os en prisi\u00f3n por su fe. Fue all\u00ed donde escribi\u00f3 el folleto &#8220;<a href=\"https:\/\/www.qhpress.org\/texts\/fell.html\" target=\"_blank\" rel=\"noreferrer noopener\">Women&#8217;s Speaking Justified<\/a>&#8220;, que articulaba la creencia cu\u00e1quera de que hombres y mujeres eran igualmente capaces de recibir y compartir visiones prof\u00e9ticas de Dios. En 1669, tras haber enviudado durante m\u00e1s de una d\u00e9cada, se cas\u00f3 con Fox, aunque, entre el trabajo misionero y el encarcelamiento, a menudo estaban separados.    <\/p>\n\n<p>Los primeros Amigos buscaron revivir el &#8220;<a href=\"https:\/\/www.friendsjournal.org\/primitive-christianity-quakerism-revived_william-penn-paul-buckley\/\" target=\"_blank\" rel=\"noreferrer noopener\">cristianismo primitivo<\/a>&#8221; volviendo a las ra\u00edces del cristianismo en las ense\u00f1anzas de Jes\u00fas sobre la no violencia, la vida sencilla, la preocupaci\u00f3n de Dios por los marginados y el acceso inmediato e igualitario al Esp\u00edritu de Dios. Se negaron a pagar diezmos a la Iglesia de Inglaterra, aunque este era un impuesto obligatorio en ese momento. Tambi\u00e9n se negaron a prestar juramento jurando sobre la Biblia, insistiendo en que el mandato de Jes\u00fas de &#8220;sea vuestro hablar: S\u00ed, s\u00ed; No, no&#8221; (Mateo 5:37) era suficiente. Rechazaron toda autoridad sacerdotal y la pompa del sacramento de la iglesia, eligiendo en cambio reunirse en &#8220;silencio expectante&#8221;, donde esperaban que el Esp\u00edritu presente entre ellos compartiera los mensajes que tuviera, eligiendo a quienquiera que considerara apto.<\/p>\n\n<p><em>(Obviamente, hay mucho de qu\u00e9 hablar entre la d\u00e9cada de 1650 y la de 2020, y agregaremos a esta secci\u00f3n con el tiempo, present\u00e1ndole a otras figuras prominentes en la historia cu\u00e1quera).<\/em><\/p>\n\n<p>Si bien el <strong><a href=\"https:\/\/quaker.org\/es\/que-creen-los-cuaqueros\/\" target=\"_blank\" rel=\"noreferrer noopener\">cuaquerismo<\/a><\/strong> comenz\u00f3 en Inglaterra y pronto se extendi\u00f3 a las colonias americanas, la actual Sociedad Religiosa de los Amigos es una comunidad de fe global con una diversidad significativa en t\u00e9rminos de los principios teol\u00f3gicos y las pr\u00e1cticas religiosas de sus miembros. Muchos cu\u00e1queros todav\u00eda adoran en silencio, sin que ning\u00fan cl\u00e9rigo presida el servicio, mientras que otros cu\u00e1queros tienen pastores que dirigen sus reuniones en canto y oraci\u00f3n (aunque la oraci\u00f3n silenciosa sigue siendo frecuentemente un componente de su adoraci\u00f3n). Algunos Amigos mantienen una fuerte conexi\u00f3n con las ra\u00edces cristianas de la Sociedad, mientras que otros eligen incorporar otras tradiciones religiosas en su comprensi\u00f3n de lo divino, o incluso abandonar la creencia en cualquier poder divino mientras permanecen comprometidos con una vida de conducta \u00e9tica.  <\/p>\n\n<p>As\u00ed que los cu\u00e1queros que conozca en Inglaterra podr\u00edan ser diferentes de los que conozca en Filadelfia o en Indian\u00e1polis, y esos Amigos podr\u00edan ser diferentes de los que conozca en Nairobi o Bolivia. Sin embargo, dejando de lado todas las diferencias, encontrar\u00e1 que, como sugiere el erudito cu\u00e1quero anarquista Ben Pink Dandelion, todos compartimos cuatro cosas en com\u00fan: nuestra creencia en la posibilidad de recibir comunicaciones directas de Dios, un compromiso de nutrir nuestra vida espiritual a trav\u00e9s de la adoraci\u00f3n, un compromiso de practicar el discernimiento espiritual juntos como comunidad y un compromiso de hacer de nuestras vidas un testimonio de nuestra fe. <\/p>\n\n<div class=\"wp-block-columns has-background is-layout-flex wp-container-core-columns-is-layout-9d6595d7 wp-block-columns-is-layout-flex\" style=\"background:linear-gradient(135deg,rgb(222,222,222) 0%,rgb(222,222,222) 100%)\">\n<div class=\"wp-block-column is-layout-flow wp-block-column-is-layout-flow\" style=\"flex-basis:50%\">\n<figure class=\"wp-block-embed is-type-video is-provider-youtube wp-block-embed-youtube wp-embed-aspect-16-9 wp-has-aspect-ratio\"><div class=\"wp-block-embed__wrapper\">\n<iframe loading=\"lazy\" title=\"How Quakerism Began\" width=\"500\" height=\"281\" src=\"https:\/\/www.youtube.com\/embed\/CmL_GhnXSJQ?feature=oembed\" frameborder=\"0\" allow=\"accelerometer; autoplay; clipboard-write; encrypted-media; gyroscope; picture-in-picture; web-share\" referrerpolicy=\"strict-origin-when-cross-origin\" allowfullscreen><\/iframe>\n<\/div><figcaption class=\"wp-element-caption\">En este video, Max Carter, director jubilado del Centro de los Amigos y Estudios Cu\u00e1queros en Guilford College, analiza el papel de George Fox en los comienzos del cuaquerismo<strong>.<\/strong><\/figcaption><\/figure>\n<\/div>\n\n\n\n<div class=\"wp-block-column is-layout-flow wp-block-column-is-layout-flow\" style=\"flex-basis:50%\">\n<figure class=\"wp-block-embed is-type-video is-provider-youtube wp-block-embed-youtube wp-embed-aspect-16-9 wp-has-aspect-ratio\"><div class=\"wp-block-embed__wrapper\">\n<iframe loading=\"lazy\" title=\"A (very) brief history of Quakers\" width=\"500\" height=\"281\" src=\"https:\/\/www.youtube.com\/embed\/pJXdICz1nA4?feature=oembed\" frameborder=\"0\" allow=\"accelerometer; autoplay; clipboard-write; encrypted-media; gyroscope; picture-in-picture; web-share\" referrerpolicy=\"strict-origin-when-cross-origin\" allowfullscreen><\/iframe>\n<\/div><figcaption class=\"wp-element-caption\">Este video fue creado por los j\u00f3venes de la Junta de los Amigos de Richmond en Richmond, VA.<\/figcaption><\/figure>\n<\/div>\n<\/div>\n\n<h2 class=\"wp-block-heading\">Lecturas adicionales<\/h2>\n\n<p>Angell, Stephen W., y Pink Dandelion, eds. <em><a href=\"https:\/\/quakerbooks.org\/products\/the-cambridge-companion-to-quakerism\">The Cambridge Companion to Quakerism<\/a><\/em>. Cambridge: Cambridge University Press, 2018.  <\/p>\n\n<p>Birkel, Michael Lawrence. <em><a href=\"https:\/\/quakerbooks.org\/products\/silence-and-witness-3778\">Silence and Witness: The Quaker Tradition<\/a><\/em>. Editado por Philip Sheldrake. Segunda edici\u00f3n de impresi\u00f3n. Maryknoll, N.Y: Orbis Books, 2004.    <\/p>\n\n<p>Dandelion, Pink. <em><a href=\"https:\/\/quakerbooks.org\/products\/quakers-a-very-short-introduction-2913?_pos=1&amp;_sid=af61ed764&amp;_ss=r\">The quakers: a very short introduction<\/a><\/em>. Oxford\u202f; new York: Oxford University Press, 2008.  <\/p>\n\n<p>McDaniel, Donna, y Vanessa D. Julye. <a href=\"https:\/\/quakerbooks.org\/products\/fit-for-freedom-not-for-friendship-4003?_pos=1&amp;_sid=a25b8c07b&amp;_ss=r\"><em>Fit for Freedom, Not for Friendship: Quakers, African Americans, and the Myth of Racial Justice<\/em>.<\/a> 1st edition. Philadelphia, Pa: QuakerPress of FGC, 2018.  <\/p>\n","protected":false},"excerpt":{"rendered":"<p>La Sociedad Religiosa de los Amigos (Cu\u00e1queros) es un movimiento que comenz\u00f3 en la Inglaterra del siglo XVII. George Fox&hellip;<\/p>\n","protected":false},"author":5129,"featured_media":0,"parent":0,"menu_order":0,"comment_status":"closed","ping_status":"closed","template":"","meta":{"_acf_changed":false,"hero_banner_post_id":0,"footnotes":""},"class_list":["post-3100","page","type-page","status-publish","hentry"],"yoast_head":"<!-- This site is optimized with the Yoast SEO plugin v27.4 - https:\/\/yoast.com\/product\/yoast-seo-wordpress\/ -->\n<title>\u00bfQui\u00e9nes eran los cu\u00e1queros? - C\u00f3mo comenz\u00f3 la Sociedad Religiosa de los Amigos<\/title>\n<meta name=\"description\" content=\"George Fox fund\u00f3 la Sociedad Religiosa de los Amigos en el siglo XVII debido a su frustraci\u00f3n con las instituciones cristianas inglesas de su \u00e9poca. Obtenga m\u00e1s informaci\u00f3n.\" \/>\n<meta name=\"robots\" content=\"index, follow, max-snippet:-1, max-image-preview:large, max-video-preview:-1\" \/>\n<link rel=\"canonical\" href=\"https:\/\/quaker.org\/es\/historia-cuaquera-introduccion\/\" \/>\n<meta property=\"og:locale\" content=\"es_ES\" \/>\n<meta property=\"og:type\" content=\"article\" \/>\n<meta property=\"og:title\" content=\"\u00bfQui\u00e9nes eran los cu\u00e1queros? - C\u00f3mo comenz\u00f3 la Sociedad Religiosa de los Amigos\" \/>\n<meta property=\"og:description\" content=\"George Fox fund\u00f3 la Sociedad Religiosa de los Amigos en el siglo XVII debido a su frustraci\u00f3n con las instituciones cristianas inglesas de su \u00e9poca. Obtenga m\u00e1s informaci\u00f3n.\" \/>\n<meta property=\"og:url\" content=\"https:\/\/quaker.org\/es\/historia-cuaquera-introduccion\/\" \/>\n<meta property=\"og:site_name\" content=\"Quaker.org\" \/>\n<meta property=\"article:modified_time\" content=\"2025-09-19T15:11:09+00:00\" \/>\n<meta property=\"og:image\" content=\"https:\/\/quaker.org\/wp-content\/uploads\/sites\/3\/2020\/06\/82482187_2666182.jpg\" \/>\n\t<meta property=\"og:image:width\" content=\"976\" \/>\n\t<meta property=\"og:image:height\" content=\"664\" \/>\n\t<meta property=\"og:image:type\" content=\"image\/jpeg\" \/>\n<meta name=\"twitter:card\" content=\"summary_large_image\" \/>\n<meta name=\"twitter:label1\" content=\"Est. reading time\" \/>\n\t<meta name=\"twitter:data1\" content=\"4 minutes\" \/>\n<script type=\"application\/ld+json\" class=\"yoast-schema-graph\">{\"@context\":\"https:\\\/\\\/schema.org\",\"@graph\":[{\"@type\":\"WebPage\",\"@id\":\"https:\\\/\\\/quaker.org\\\/es\\\/historia-cuaquera-introduccion\\\/\",\"url\":\"https:\\\/\\\/quaker.org\\\/es\\\/historia-cuaquera-introduccion\\\/\",\"name\":\"\u00bfQui\u00e9nes eran los cu\u00e1queros? - C\u00f3mo comenz\u00f3 la Sociedad Religiosa de los Amigos\",\"isPartOf\":{\"@id\":\"https:\\\/\\\/quaker.org\\\/es\\\/#website\"},\"primaryImageOfPage\":{\"@id\":\"https:\\\/\\\/quaker.org\\\/es\\\/historia-cuaquera-introduccion\\\/#primaryimage\"},\"image\":{\"@id\":\"https:\\\/\\\/quaker.org\\\/es\\\/historia-cuaquera-introduccion\\\/#primaryimage\"},\"thumbnailUrl\":\"https:\\\/\\\/www.friendsjournal.org\\\/quakerhub\\\/wp-content\\\/uploads\\\/sites\\\/3\\\/2020\\\/06\\\/82482187_2666182.jpg\",\"datePublished\":\"2020-06-03T14:55:40+00:00\",\"dateModified\":\"2025-09-19T15:11:09+00:00\",\"description\":\"George Fox fund\u00f3 la Sociedad Religiosa de los Amigos en el siglo XVII debido a su frustraci\u00f3n con las instituciones cristianas inglesas de su \u00e9poca. Obtenga m\u00e1s informaci\u00f3n.\",\"breadcrumb\":{\"@id\":\"https:\\\/\\\/quaker.org\\\/es\\\/historia-cuaquera-introduccion\\\/#breadcrumb\"},\"inLanguage\":\"es-ES\",\"potentialAction\":[{\"@type\":\"ReadAction\",\"target\":[\"https:\\\/\\\/quaker.org\\\/es\\\/historia-cuaquera-introduccion\\\/\"]}]},{\"@type\":\"ImageObject\",\"inLanguage\":\"es-ES\",\"@id\":\"https:\\\/\\\/quaker.org\\\/es\\\/historia-cuaquera-introduccion\\\/#primaryimage\",\"url\":\"https:\\\/\\\/www.friendsjournal.org\\\/quakerhub\\\/wp-content\\\/uploads\\\/sites\\\/3\\\/2020\\\/06\\\/82482187_2666182.jpg\",\"contentUrl\":\"https:\\\/\\\/www.friendsjournal.org\\\/quakerhub\\\/wp-content\\\/uploads\\\/sites\\\/3\\\/2020\\\/06\\\/82482187_2666182.jpg\"},{\"@type\":\"BreadcrumbList\",\"@id\":\"https:\\\/\\\/quaker.org\\\/es\\\/historia-cuaquera-introduccion\\\/#breadcrumb\",\"itemListElement\":[{\"@type\":\"ListItem\",\"position\":1,\"name\":\"Home\",\"item\":\"https:\\\/\\\/quaker.org\\\/es\\\/bienvenido-a-a-quaker-org\\\/\"},{\"@type\":\"ListItem\",\"position\":2,\"name\":\"Historia cu\u00e1quera: Introducci\u00f3n\"}]},{\"@type\":\"WebSite\",\"@id\":\"https:\\\/\\\/quaker.org\\\/es\\\/#website\",\"url\":\"https:\\\/\\\/quaker.org\\\/es\\\/\",\"name\":\"Quaker.org\",\"description\":\"Learn about Friends\",\"publisher\":{\"@id\":\"https:\\\/\\\/quaker.org\\\/es\\\/#organization\"},\"potentialAction\":[{\"@type\":\"SearchAction\",\"target\":{\"@type\":\"EntryPoint\",\"urlTemplate\":\"https:\\\/\\\/quaker.org\\\/es\\\/?s={search_term_string}\"},\"query-input\":{\"@type\":\"PropertyValueSpecification\",\"valueRequired\":true,\"valueName\":\"search_term_string\"}}],\"inLanguage\":\"es-ES\"},{\"@type\":\"Organization\",\"@id\":\"https:\\\/\\\/quaker.org\\\/es\\\/#organization\",\"name\":\"Quaker.org\",\"url\":\"https:\\\/\\\/quaker.org\\\/es\\\/\",\"logo\":{\"@type\":\"ImageObject\",\"inLanguage\":\"es-ES\",\"@id\":\"https:\\\/\\\/quaker.org\\\/es\\\/#\\\/schema\\\/logo\\\/image\\\/\",\"url\":\"https:\\\/\\\/quaker.org\\\/wp-content\\\/uploads\\\/sites\\\/3\\\/2025\\\/08\\\/QuakerOrgLogo_BW-300x54-1.png\",\"contentUrl\":\"https:\\\/\\\/quaker.org\\\/wp-content\\\/uploads\\\/sites\\\/3\\\/2025\\\/08\\\/QuakerOrgLogo_BW-300x54-1.png\",\"width\":300,\"height\":54,\"caption\":\"Quaker.org\"},\"image\":{\"@id\":\"https:\\\/\\\/quaker.org\\\/es\\\/#\\\/schema\\\/logo\\\/image\\\/\"}}]}<\/script>\n<!-- \/ Yoast SEO plugin. -->","yoast_head_json":{"title":"\u00bfQui\u00e9nes eran los cu\u00e1queros? - C\u00f3mo comenz\u00f3 la Sociedad Religiosa de los Amigos","description":"George Fox fund\u00f3 la Sociedad Religiosa de los Amigos en el siglo XVII debido a su frustraci\u00f3n con las instituciones cristianas inglesas de su \u00e9poca. Obtenga m\u00e1s informaci\u00f3n.","robots":{"index":"index","follow":"follow","max-snippet":"max-snippet:-1","max-image-preview":"max-image-preview:large","max-video-preview":"max-video-preview:-1"},"canonical":"https:\/\/quaker.org\/es\/historia-cuaquera-introduccion\/","og_locale":"es_ES","og_type":"article","og_title":"\u00bfQui\u00e9nes eran los cu\u00e1queros? - C\u00f3mo comenz\u00f3 la Sociedad Religiosa de los Amigos","og_description":"George Fox fund\u00f3 la Sociedad Religiosa de los Amigos en el siglo XVII debido a su frustraci\u00f3n con las instituciones cristianas inglesas de su \u00e9poca. Obtenga m\u00e1s informaci\u00f3n.","og_url":"https:\/\/quaker.org\/es\/historia-cuaquera-introduccion\/","og_site_name":"Quaker.org","article_modified_time":"2025-09-19T15:11:09+00:00","og_image":[{"width":976,"height":664,"url":"https:\/\/quaker.org\/wp-content\/uploads\/sites\/3\/2020\/06\/82482187_2666182.jpg","type":"image\/jpeg"}],"twitter_card":"summary_large_image","twitter_misc":{"Est. reading time":"4 minutes"},"schema":{"@context":"https:\/\/schema.org","@graph":[{"@type":"WebPage","@id":"https:\/\/quaker.org\/es\/historia-cuaquera-introduccion\/","url":"https:\/\/quaker.org\/es\/historia-cuaquera-introduccion\/","name":"\u00bfQui\u00e9nes eran los cu\u00e1queros? - C\u00f3mo comenz\u00f3 la Sociedad Religiosa de los Amigos","isPartOf":{"@id":"https:\/\/quaker.org\/es\/#website"},"primaryImageOfPage":{"@id":"https:\/\/quaker.org\/es\/historia-cuaquera-introduccion\/#primaryimage"},"image":{"@id":"https:\/\/quaker.org\/es\/historia-cuaquera-introduccion\/#primaryimage"},"thumbnailUrl":"https:\/\/www.friendsjournal.org\/quakerhub\/wp-content\/uploads\/sites\/3\/2020\/06\/82482187_2666182.jpg","datePublished":"2020-06-03T14:55:40+00:00","dateModified":"2025-09-19T15:11:09+00:00","description":"George Fox fund\u00f3 la Sociedad Religiosa de los Amigos en el siglo XVII debido a su frustraci\u00f3n con las instituciones cristianas inglesas de su \u00e9poca. Obtenga m\u00e1s informaci\u00f3n.","breadcrumb":{"@id":"https:\/\/quaker.org\/es\/historia-cuaquera-introduccion\/#breadcrumb"},"inLanguage":"es-ES","potentialAction":[{"@type":"ReadAction","target":["https:\/\/quaker.org\/es\/historia-cuaquera-introduccion\/"]}]},{"@type":"ImageObject","inLanguage":"es-ES","@id":"https:\/\/quaker.org\/es\/historia-cuaquera-introduccion\/#primaryimage","url":"https:\/\/www.friendsjournal.org\/quakerhub\/wp-content\/uploads\/sites\/3\/2020\/06\/82482187_2666182.jpg","contentUrl":"https:\/\/www.friendsjournal.org\/quakerhub\/wp-content\/uploads\/sites\/3\/2020\/06\/82482187_2666182.jpg"},{"@type":"BreadcrumbList","@id":"https:\/\/quaker.org\/es\/historia-cuaquera-introduccion\/#breadcrumb","itemListElement":[{"@type":"ListItem","position":1,"name":"Home","item":"https:\/\/quaker.org\/es\/bienvenido-a-a-quaker-org\/"},{"@type":"ListItem","position":2,"name":"Historia cu\u00e1quera: Introducci\u00f3n"}]},{"@type":"WebSite","@id":"https:\/\/quaker.org\/es\/#website","url":"https:\/\/quaker.org\/es\/","name":"Quaker.org","description":"Learn about Friends","publisher":{"@id":"https:\/\/quaker.org\/es\/#organization"},"potentialAction":[{"@type":"SearchAction","target":{"@type":"EntryPoint","urlTemplate":"https:\/\/quaker.org\/es\/?s={search_term_string}"},"query-input":{"@type":"PropertyValueSpecification","valueRequired":true,"valueName":"search_term_string"}}],"inLanguage":"es-ES"},{"@type":"Organization","@id":"https:\/\/quaker.org\/es\/#organization","name":"Quaker.org","url":"https:\/\/quaker.org\/es\/","logo":{"@type":"ImageObject","inLanguage":"es-ES","@id":"https:\/\/quaker.org\/es\/#\/schema\/logo\/image\/","url":"https:\/\/quaker.org\/wp-content\/uploads\/sites\/3\/2025\/08\/QuakerOrgLogo_BW-300x54-1.png","contentUrl":"https:\/\/quaker.org\/wp-content\/uploads\/sites\/3\/2025\/08\/QuakerOrgLogo_BW-300x54-1.png","width":300,"height":54,"caption":"Quaker.org"},"image":{"@id":"https:\/\/quaker.org\/es\/#\/schema\/logo\/image\/"}}]}},"distributor_meta":false,"distributor_terms":false,"distributor_media":false,"distributor_original_site_name":"Quaker.org","distributor_original_site_url":"https:\/\/quaker.org\/es\/","push-errors":false,"acf":[],"_links":{"self":[{"href":"https:\/\/quaker.org\/es\/wp-json\/wp\/v2\/pages\/3100","targetHints":{"allow":["GET"]}}],"collection":[{"href":"https:\/\/quaker.org\/es\/wp-json\/wp\/v2\/pages"}],"about":[{"href":"https:\/\/quaker.org\/es\/wp-json\/wp\/v2\/types\/page"}],"author":[{"embeddable":true,"href":"https:\/\/quaker.org\/es\/wp-json\/wp\/v2\/users\/5129"}],"replies":[{"embeddable":true,"href":"https:\/\/quaker.org\/es\/wp-json\/wp\/v2\/comments?post=3100"}],"version-history":[{"count":1,"href":"https:\/\/quaker.org\/es\/wp-json\/wp\/v2\/pages\/3100\/revisions"}],"predecessor-version":[{"id":3101,"href":"https:\/\/quaker.org\/es\/wp-json\/wp\/v2\/pages\/3100\/revisions\/3101"}],"wp:attachment":[{"href":"https:\/\/quaker.org\/es\/wp-json\/wp\/v2\/media?parent=3100"}],"curies":[{"name":"wp","href":"https:\/\/api.w.org\/{rel}","templated":true}]}}