{"id":3093,"date":"2020-06-09T19:50:07","date_gmt":"2020-06-09T19:50:07","guid":{"rendered":"https:\/\/quaker.org\/defensa\/"},"modified":"2025-09-19T15:10:51","modified_gmt":"2025-09-19T15:10:51","slug":"defensa","status":"publish","type":"page","link":"https:\/\/quaker.org\/es\/defensa\/","title":{"rendered":"Defensa"},"content":{"rendered":"\n<p>Durante la mayor parte de su historia, Los Amigos han participado en la pol\u00edtica de diversas maneras. Hoy en d\u00eda, una forma importante en que Los Amigos se involucran con la esfera pol\u00edtica es a trav\u00e9s de la promoci\u00f3n. Aqu\u00ed hay una lista de algunas de las organizaciones de promoci\u00f3n cu\u00e1queras.   <\/p>\n\n<hr class=\"wp-block-separator\" \/>\n\n<p><strong><a href=\"https:\/\/www.friendsjournal.org\/quakerhub\/friends-committee-on-national-legislation\/\">Friends Committee on National Legislation<\/a><br\/><\/strong>Sitio web: <em><a href=\"https:\/\/www.fcnl.org\/\">fcnl.org<\/a><\/em><\/p>\n\n<p><strong><a href=\"https:\/\/www.friendsjournal.org\/quakerhub\/quaker-council-for-european-affairs\/\">Quaker Council for European Affairs<\/a><\/strong><br\/>Sitio web: <em><a href=\"https:\/\/www.qcea.org\/\">qcea.org<\/a><\/em><\/p>\n\n<p><strong><a href=\"https:\/\/www.friendsjournal.org\/quakerhub\/quaker-united-nations-office\/\">Quaker United Nations Office<\/a><br\/><\/strong>Sitio web: <em><a href=\"https:\/\/quno.org\/\">quno.org<\/a><\/em><\/p>\n\n<hr class=\"wp-block-separator\" \/>\n\n<h2 class=\"wp-block-heading\">Una selecci\u00f3n de v\u00eddeos de oratoria cu\u00e1quera sobre promoci\u00f3n<\/h2>\n\n<figure class=\"wp-block-embed-wordpress wp-block-embed is-type-wp-embed is-provider-quakerspeak\"><div class=\"wp-block-embed__wrapper\">\nhttps:\/\/quakerspeak.com\/fcnl-future-of-quaker-advocacy\/\n<\/div><\/figure>\n\n<div class=\"wp-block-columns is-layout-flex wp-container-core-columns-is-layout-9d6595d7 wp-block-columns-is-layout-flex\">\n<div class=\"wp-block-column is-layout-flow wp-block-column-is-layout-flow\">\n<figure class=\"wp-block-embed-wordpress wp-block-embed is-type-wp-embed is-provider-quakerspeak\"><div class=\"wp-block-embed__wrapper\">\nhttps:\/\/quakerspeak.com\/my-life-as-a-quaker-political-campaign-manager\/\n<\/div><\/figure>\n<\/div>\n\n\n\n<div class=\"wp-block-column is-layout-flow wp-block-column-is-layout-flow\">\n<figure class=\"wp-block-embed-wordpress wp-block-embed is-type-wp-embed is-provider-quakerspeak\"><div class=\"wp-block-embed__wrapper\">\nhttps:\/\/quakerspeak.com\/quaker-vision-political-activism\/\n<\/div><\/figure>\n<\/div>\n<\/div>\n","protected":false},"excerpt":{"rendered":"<p>Durante la mayor parte de su historia, Los Amigos han participado en la pol\u00edtica de diversas maneras. Hoy en d\u00eda,&hellip;<\/p>\n","protected":false},"author":5129,"featured_media":0,"parent":0,"menu_order":0,"comment_status":"closed","ping_status":"closed","template":"","meta":{"_acf_changed":false,"hero_banner_post_id":0,"footnotes":""},"class_list":["post-3093","page","type-page","status-publish","hentry"],"yoast_head":"<!-- This site is optimized with the Yoast SEO plugin v27.4 - https:\/\/yoast.com\/product\/yoast-seo-wordpress\/ -->\n<title>Defensa - Quaker.org<\/title>\n<meta name=\"robots\" content=\"index, follow, max-snippet:-1, max-image-preview:large, max-video-preview:-1\" \/>\n<link rel=\"canonical\" href=\"https:\/\/quaker.org\/es\/defensa\/\" \/>\n<meta property=\"og:locale\" content=\"es_ES\" \/>\n<meta property=\"og:type\" content=\"article\" \/>\n<meta property=\"og:title\" content=\"Defensa - Quaker.org\" \/>\n<meta property=\"og:description\" content=\"Durante la mayor parte de su historia, Los Amigos han participado en la pol\u00edtica de diversas maneras. Hoy en d\u00eda,&hellip;\" \/>\n<meta property=\"og:url\" content=\"https:\/\/quaker.org\/es\/defensa\/\" \/>\n<meta property=\"og:site_name\" content=\"Quaker.org\" \/>\n<meta property=\"article:modified_time\" content=\"2025-09-19T15:10:51+00:00\" \/>\n<meta name=\"twitter:card\" content=\"summary_large_image\" \/>\n<meta name=\"twitter:label1\" content=\"Est. reading time\" \/>\n\t<meta name=\"twitter:data1\" content=\"1 minute\" \/>\n<script type=\"application\/ld+json\" class=\"yoast-schema-graph\">{\"@context\":\"https:\\\/\\\/schema.org\",\"@graph\":[{\"@type\":\"WebPage\",\"@id\":\"https:\\\/\\\/quaker.org\\\/es\\\/defensa\\\/\",\"url\":\"https:\\\/\\\/quaker.org\\\/es\\\/defensa\\\/\",\"name\":\"Defensa - Quaker.org\",\"isPartOf\":{\"@id\":\"https:\\\/\\\/quaker.org\\\/es\\\/#website\"},\"datePublished\":\"2020-06-09T19:50:07+00:00\",\"dateModified\":\"2025-09-19T15:10:51+00:00\",\"breadcrumb\":{\"@id\":\"https:\\\/\\\/quaker.org\\\/es\\\/defensa\\\/#breadcrumb\"},\"inLanguage\":\"es-ES\",\"potentialAction\":[{\"@type\":\"ReadAction\",\"target\":[\"https:\\\/\\\/quaker.org\\\/es\\\/defensa\\\/\"]}]},{\"@type\":\"BreadcrumbList\",\"@id\":\"https:\\\/\\\/quaker.org\\\/es\\\/defensa\\\/#breadcrumb\",\"itemListElement\":[{\"@type\":\"ListItem\",\"position\":1,\"name\":\"Home\",\"item\":\"https:\\\/\\\/quaker.org\\\/es\\\/bienvenido-a-a-quaker-org\\\/\"},{\"@type\":\"ListItem\",\"position\":2,\"name\":\"Defensa\"}]},{\"@type\":\"WebSite\",\"@id\":\"https:\\\/\\\/quaker.org\\\/es\\\/#website\",\"url\":\"https:\\\/\\\/quaker.org\\\/es\\\/\",\"name\":\"Quaker.org\",\"description\":\"Learn about Friends\",\"publisher\":{\"@id\":\"https:\\\/\\\/quaker.org\\\/es\\\/#organization\"},\"potentialAction\":[{\"@type\":\"SearchAction\",\"target\":{\"@type\":\"EntryPoint\",\"urlTemplate\":\"https:\\\/\\\/quaker.org\\\/es\\\/?s={search_term_string}\"},\"query-input\":{\"@type\":\"PropertyValueSpecification\",\"valueRequired\":true,\"valueName\":\"search_term_string\"}}],\"inLanguage\":\"es-ES\"},{\"@type\":\"Organization\",\"@id\":\"https:\\\/\\\/quaker.org\\\/es\\\/#organization\",\"name\":\"Quaker.org\",\"url\":\"https:\\\/\\\/quaker.org\\\/es\\\/\",\"logo\":{\"@type\":\"ImageObject\",\"inLanguage\":\"es-ES\",\"@id\":\"https:\\\/\\\/quaker.org\\\/es\\\/#\\\/schema\\\/logo\\\/image\\\/\",\"url\":\"https:\\\/\\\/quaker.org\\\/wp-content\\\/uploads\\\/sites\\\/3\\\/2025\\\/08\\\/QuakerOrgLogo_BW-300x54-1.png\",\"contentUrl\":\"https:\\\/\\\/quaker.org\\\/wp-content\\\/uploads\\\/sites\\\/3\\\/2025\\\/08\\\/QuakerOrgLogo_BW-300x54-1.png\",\"width\":300,\"height\":54,\"caption\":\"Quaker.org\"},\"image\":{\"@id\":\"https:\\\/\\\/quaker.org\\\/es\\\/#\\\/schema\\\/logo\\\/image\\\/\"}}]}<\/script>\n<!-- \/ Yoast SEO plugin. -->","yoast_head_json":{"title":"Defensa - Quaker.org","robots":{"index":"index","follow":"follow","max-snippet":"max-snippet:-1","max-image-preview":"max-image-preview:large","max-video-preview":"max-video-preview:-1"},"canonical":"https:\/\/quaker.org\/es\/defensa\/","og_locale":"es_ES","og_type":"article","og_title":"Defensa - Quaker.org","og_description":"Durante la mayor parte de su historia, Los Amigos han participado en la pol\u00edtica de diversas maneras. Hoy en d\u00eda,&hellip;","og_url":"https:\/\/quaker.org\/es\/defensa\/","og_site_name":"Quaker.org","article_modified_time":"2025-09-19T15:10:51+00:00","twitter_card":"summary_large_image","twitter_misc":{"Est. reading time":"1 minute"},"schema":{"@context":"https:\/\/schema.org","@graph":[{"@type":"WebPage","@id":"https:\/\/quaker.org\/es\/defensa\/","url":"https:\/\/quaker.org\/es\/defensa\/","name":"Defensa - Quaker.org","isPartOf":{"@id":"https:\/\/quaker.org\/es\/#website"},"datePublished":"2020-06-09T19:50:07+00:00","dateModified":"2025-09-19T15:10:51+00:00","breadcrumb":{"@id":"https:\/\/quaker.org\/es\/defensa\/#breadcrumb"},"inLanguage":"es-ES","potentialAction":[{"@type":"ReadAction","target":["https:\/\/quaker.org\/es\/defensa\/"]}]},{"@type":"BreadcrumbList","@id":"https:\/\/quaker.org\/es\/defensa\/#breadcrumb","itemListElement":[{"@type":"ListItem","position":1,"name":"Home","item":"https:\/\/quaker.org\/es\/bienvenido-a-a-quaker-org\/"},{"@type":"ListItem","position":2,"name":"Defensa"}]},{"@type":"WebSite","@id":"https:\/\/quaker.org\/es\/#website","url":"https:\/\/quaker.org\/es\/","name":"Quaker.org","description":"Learn about Friends","publisher":{"@id":"https:\/\/quaker.org\/es\/#organization"},"potentialAction":[{"@type":"SearchAction","target":{"@type":"EntryPoint","urlTemplate":"https:\/\/quaker.org\/es\/?s={search_term_string}"},"query-input":{"@type":"PropertyValueSpecification","valueRequired":true,"valueName":"search_term_string"}}],"inLanguage":"es-ES"},{"@type":"Organization","@id":"https:\/\/quaker.org\/es\/#organization","name":"Quaker.org","url":"https:\/\/quaker.org\/es\/","logo":{"@type":"ImageObject","inLanguage":"es-ES","@id":"https:\/\/quaker.org\/es\/#\/schema\/logo\/image\/","url":"https:\/\/quaker.org\/wp-content\/uploads\/sites\/3\/2025\/08\/QuakerOrgLogo_BW-300x54-1.png","contentUrl":"https:\/\/quaker.org\/wp-content\/uploads\/sites\/3\/2025\/08\/QuakerOrgLogo_BW-300x54-1.png","width":300,"height":54,"caption":"Quaker.org"},"image":{"@id":"https:\/\/quaker.org\/es\/#\/schema\/logo\/image\/"}}]}},"distributor_meta":false,"distributor_terms":false,"distributor_media":false,"distributor_original_site_name":"Quaker.org","distributor_original_site_url":"https:\/\/quaker.org\/es\/","push-errors":false,"acf":[],"_links":{"self":[{"href":"https:\/\/quaker.org\/es\/wp-json\/wp\/v2\/pages\/3093","targetHints":{"allow":["GET"]}}],"collection":[{"href":"https:\/\/quaker.org\/es\/wp-json\/wp\/v2\/pages"}],"about":[{"href":"https:\/\/quaker.org\/es\/wp-json\/wp\/v2\/types\/page"}],"author":[{"embeddable":true,"href":"https:\/\/quaker.org\/es\/wp-json\/wp\/v2\/users\/5129"}],"replies":[{"embeddable":true,"href":"https:\/\/quaker.org\/es\/wp-json\/wp\/v2\/comments?post=3093"}],"version-history":[{"count":1,"href":"https:\/\/quaker.org\/es\/wp-json\/wp\/v2\/pages\/3093\/revisions"}],"predecessor-version":[{"id":3099,"href":"https:\/\/quaker.org\/es\/wp-json\/wp\/v2\/pages\/3093\/revisions\/3099"}],"wp:attachment":[{"href":"https:\/\/quaker.org\/es\/wp-json\/wp\/v2\/media?parent=3093"}],"curies":[{"name":"wp","href":"https:\/\/api.w.org\/{rel}","templated":true}]}}