{"id":3085,"date":"2020-06-03T13:47:05","date_gmt":"2020-06-03T13:47:05","guid":{"rendered":"https:\/\/quaker.org\/proyecto-de-oportunidades-de-servicio-juvenil\/"},"modified":"2025-09-19T15:10:44","modified_gmt":"2025-09-19T15:10:44","slug":"proyecto-de-oportunidades-de-servicio-juvenil","status":"publish","type":"page","link":"https:\/\/quaker.org\/es\/proyecto-de-oportunidades-de-servicio-juvenil\/","title":{"rendered":"Proyecto de oportunidades de servicio juvenil"},"content":{"rendered":"\n<h3 class=\"wp-block-heading\"><a href=\"https:\/\/ysop.org\/\"><em><strong>ysop.org<\/strong><\/em><\/a><\/h3>\n\n<p>Desde 1983, Youth Service Opportunities Project (YSOP) ha involucrado a estudiantes de escuela intermedia, secundaria y grupos de edad universitaria, as\u00ed como a alg\u00fan grupo de adultos ocasional, en el servicio a personas sin hogar y hambrientas a trav\u00e9s de un programa que incluye orientaci\u00f3n, reflexi\u00f3n y servicio directo a personas necesitadas. El entorno var\u00eda, pero incluye comedores sociales, despensas de alimentos, huertos urbanos, tutor\u00edas para nuevos lectores en escuelas primarias p\u00fablicas y ofrecimiento de actividades recreativas en refugios con ni\u00f1os. <\/p>\n\n<hr class=\"wp-block-separator\" \/>\n\n<p>En enero, YSOP celebr\u00f3 el D\u00eda de Martin Luther King Jr. en Washington, D.C., organizando un almuerzo de servicio para personas necesitadas de la zona con las familias del Dartmouth College Club de Washington, D.C. <\/p>\n\n<p>En febrero, j\u00f3venes Amigos de la Junta Anual de Filadelfia participaron en un programa nocturno en la ciudad de Nueva York y organizaron una cena de servicio con invitados del Refugio de Amigos, que cuenta con el apoyo conjunto de la Reuni\u00f3n de la Calle Quince y la Escuela del Seminario de Amigos.<\/p>\n\n<p>Los grupos, el personal y los beneficiarios de los servicios de YSOP representan todos los or\u00edgenes religiosos, incluidos aquellos que no se adhieren a ninguna tradici\u00f3n religiosa. Las personas de todas las orientaciones sexuales, identidades de g\u00e9nero y capacidades son bienvenidas. <\/p>\n","protected":false},"excerpt":{"rendered":"<p>ysop.org Desde 1983, Youth Service Opportunities Project (YSOP) ha involucrado a estudiantes de escuela intermedia, secundaria y grupos de edad&hellip;<\/p>\n","protected":false},"author":5129,"featured_media":0,"parent":0,"menu_order":0,"comment_status":"closed","ping_status":"closed","template":"","meta":{"_acf_changed":false,"hero_banner_post_id":0,"footnotes":""},"class_list":["post-3085","page","type-page","status-publish","hentry"],"yoast_head":"<!-- This site is optimized with the Yoast SEO plugin v27.3 - https:\/\/yoast.com\/product\/yoast-seo-wordpress\/ -->\n<title>Proyecto de oportunidades de servicio juvenil - Quaker.org<\/title>\n<meta name=\"robots\" content=\"index, follow, max-snippet:-1, max-image-preview:large, max-video-preview:-1\" \/>\n<link rel=\"canonical\" href=\"https:\/\/quaker.org\/es\/proyecto-de-oportunidades-de-servicio-juvenil\/\" \/>\n<meta property=\"og:locale\" content=\"es_ES\" \/>\n<meta property=\"og:type\" content=\"article\" \/>\n<meta property=\"og:title\" content=\"Proyecto de oportunidades de servicio juvenil - Quaker.org\" \/>\n<meta property=\"og:description\" content=\"ysop.org Desde 1983, Youth Service Opportunities Project (YSOP) ha involucrado a estudiantes de escuela intermedia, secundaria y grupos de edad&hellip;\" \/>\n<meta property=\"og:url\" content=\"https:\/\/quaker.org\/es\/proyecto-de-oportunidades-de-servicio-juvenil\/\" \/>\n<meta property=\"og:site_name\" content=\"Quaker.org\" \/>\n<meta property=\"article:modified_time\" content=\"2025-09-19T15:10:44+00:00\" \/>\n<meta name=\"twitter:card\" content=\"summary_large_image\" \/>\n<meta name=\"twitter:label1\" content=\"Est. reading time\" \/>\n\t<meta name=\"twitter:data1\" content=\"1 minute\" \/>\n<script type=\"application\/ld+json\" class=\"yoast-schema-graph\">{\"@context\":\"https:\\\/\\\/schema.org\",\"@graph\":[{\"@type\":\"WebPage\",\"@id\":\"https:\\\/\\\/quaker.org\\\/es\\\/proyecto-de-oportunidades-de-servicio-juvenil\\\/\",\"url\":\"https:\\\/\\\/quaker.org\\\/es\\\/proyecto-de-oportunidades-de-servicio-juvenil\\\/\",\"name\":\"Proyecto de oportunidades de servicio juvenil - Quaker.org\",\"isPartOf\":{\"@id\":\"https:\\\/\\\/quaker.org\\\/es\\\/#website\"},\"datePublished\":\"2020-06-03T13:47:05+00:00\",\"dateModified\":\"2025-09-19T15:10:44+00:00\",\"breadcrumb\":{\"@id\":\"https:\\\/\\\/quaker.org\\\/es\\\/proyecto-de-oportunidades-de-servicio-juvenil\\\/#breadcrumb\"},\"inLanguage\":\"es-ES\",\"potentialAction\":[{\"@type\":\"ReadAction\",\"target\":[\"https:\\\/\\\/quaker.org\\\/es\\\/proyecto-de-oportunidades-de-servicio-juvenil\\\/\"]}]},{\"@type\":\"BreadcrumbList\",\"@id\":\"https:\\\/\\\/quaker.org\\\/es\\\/proyecto-de-oportunidades-de-servicio-juvenil\\\/#breadcrumb\",\"itemListElement\":[{\"@type\":\"ListItem\",\"position\":1,\"name\":\"Home\",\"item\":\"https:\\\/\\\/quaker.org\\\/es\\\/bienvenido-a-a-quaker-org\\\/\"},{\"@type\":\"ListItem\",\"position\":2,\"name\":\"Proyecto de oportunidades de servicio juvenil\"}]},{\"@type\":\"WebSite\",\"@id\":\"https:\\\/\\\/quaker.org\\\/es\\\/#website\",\"url\":\"https:\\\/\\\/quaker.org\\\/es\\\/\",\"name\":\"Quaker.org\",\"description\":\"Learn about Friends\",\"publisher\":{\"@id\":\"https:\\\/\\\/quaker.org\\\/es\\\/#organization\"},\"potentialAction\":[{\"@type\":\"SearchAction\",\"target\":{\"@type\":\"EntryPoint\",\"urlTemplate\":\"https:\\\/\\\/quaker.org\\\/es\\\/?s={search_term_string}\"},\"query-input\":{\"@type\":\"PropertyValueSpecification\",\"valueRequired\":true,\"valueName\":\"search_term_string\"}}],\"inLanguage\":\"es-ES\"},{\"@type\":\"Organization\",\"@id\":\"https:\\\/\\\/quaker.org\\\/es\\\/#organization\",\"name\":\"Quaker.org\",\"url\":\"https:\\\/\\\/quaker.org\\\/es\\\/\",\"logo\":{\"@type\":\"ImageObject\",\"inLanguage\":\"es-ES\",\"@id\":\"https:\\\/\\\/quaker.org\\\/es\\\/#\\\/schema\\\/logo\\\/image\\\/\",\"url\":\"https:\\\/\\\/quaker.org\\\/wp-content\\\/uploads\\\/sites\\\/3\\\/2025\\\/08\\\/QuakerOrgLogo_BW-300x54-1.png\",\"contentUrl\":\"https:\\\/\\\/quaker.org\\\/wp-content\\\/uploads\\\/sites\\\/3\\\/2025\\\/08\\\/QuakerOrgLogo_BW-300x54-1.png\",\"width\":300,\"height\":54,\"caption\":\"Quaker.org\"},\"image\":{\"@id\":\"https:\\\/\\\/quaker.org\\\/es\\\/#\\\/schema\\\/logo\\\/image\\\/\"}}]}<\/script>\n<!-- \/ Yoast SEO plugin. -->","yoast_head_json":{"title":"Proyecto de oportunidades de servicio juvenil - Quaker.org","robots":{"index":"index","follow":"follow","max-snippet":"max-snippet:-1","max-image-preview":"max-image-preview:large","max-video-preview":"max-video-preview:-1"},"canonical":"https:\/\/quaker.org\/es\/proyecto-de-oportunidades-de-servicio-juvenil\/","og_locale":"es_ES","og_type":"article","og_title":"Proyecto de oportunidades de servicio juvenil - Quaker.org","og_description":"ysop.org Desde 1983, Youth Service Opportunities Project (YSOP) ha involucrado a estudiantes de escuela intermedia, secundaria y grupos de edad&hellip;","og_url":"https:\/\/quaker.org\/es\/proyecto-de-oportunidades-de-servicio-juvenil\/","og_site_name":"Quaker.org","article_modified_time":"2025-09-19T15:10:44+00:00","twitter_card":"summary_large_image","twitter_misc":{"Est. reading time":"1 minute"},"schema":{"@context":"https:\/\/schema.org","@graph":[{"@type":"WebPage","@id":"https:\/\/quaker.org\/es\/proyecto-de-oportunidades-de-servicio-juvenil\/","url":"https:\/\/quaker.org\/es\/proyecto-de-oportunidades-de-servicio-juvenil\/","name":"Proyecto de oportunidades de servicio juvenil - Quaker.org","isPartOf":{"@id":"https:\/\/quaker.org\/es\/#website"},"datePublished":"2020-06-03T13:47:05+00:00","dateModified":"2025-09-19T15:10:44+00:00","breadcrumb":{"@id":"https:\/\/quaker.org\/es\/proyecto-de-oportunidades-de-servicio-juvenil\/#breadcrumb"},"inLanguage":"es-ES","potentialAction":[{"@type":"ReadAction","target":["https:\/\/quaker.org\/es\/proyecto-de-oportunidades-de-servicio-juvenil\/"]}]},{"@type":"BreadcrumbList","@id":"https:\/\/quaker.org\/es\/proyecto-de-oportunidades-de-servicio-juvenil\/#breadcrumb","itemListElement":[{"@type":"ListItem","position":1,"name":"Home","item":"https:\/\/quaker.org\/es\/bienvenido-a-a-quaker-org\/"},{"@type":"ListItem","position":2,"name":"Proyecto de oportunidades de servicio juvenil"}]},{"@type":"WebSite","@id":"https:\/\/quaker.org\/es\/#website","url":"https:\/\/quaker.org\/es\/","name":"Quaker.org","description":"Learn about Friends","publisher":{"@id":"https:\/\/quaker.org\/es\/#organization"},"potentialAction":[{"@type":"SearchAction","target":{"@type":"EntryPoint","urlTemplate":"https:\/\/quaker.org\/es\/?s={search_term_string}"},"query-input":{"@type":"PropertyValueSpecification","valueRequired":true,"valueName":"search_term_string"}}],"inLanguage":"es-ES"},{"@type":"Organization","@id":"https:\/\/quaker.org\/es\/#organization","name":"Quaker.org","url":"https:\/\/quaker.org\/es\/","logo":{"@type":"ImageObject","inLanguage":"es-ES","@id":"https:\/\/quaker.org\/es\/#\/schema\/logo\/image\/","url":"https:\/\/quaker.org\/wp-content\/uploads\/sites\/3\/2025\/08\/QuakerOrgLogo_BW-300x54-1.png","contentUrl":"https:\/\/quaker.org\/wp-content\/uploads\/sites\/3\/2025\/08\/QuakerOrgLogo_BW-300x54-1.png","width":300,"height":54,"caption":"Quaker.org"},"image":{"@id":"https:\/\/quaker.org\/es\/#\/schema\/logo\/image\/"}}]}},"distributor_meta":false,"distributor_terms":false,"distributor_media":false,"distributor_original_site_name":"Quaker.org","distributor_original_site_url":"https:\/\/quaker.org\/es\/","push-errors":false,"acf":[],"_links":{"self":[{"href":"https:\/\/quaker.org\/es\/wp-json\/wp\/v2\/pages\/3085","targetHints":{"allow":["GET"]}}],"collection":[{"href":"https:\/\/quaker.org\/es\/wp-json\/wp\/v2\/pages"}],"about":[{"href":"https:\/\/quaker.org\/es\/wp-json\/wp\/v2\/types\/page"}],"author":[{"embeddable":true,"href":"https:\/\/quaker.org\/es\/wp-json\/wp\/v2\/users\/5129"}],"replies":[{"embeddable":true,"href":"https:\/\/quaker.org\/es\/wp-json\/wp\/v2\/comments?post=3085"}],"version-history":[{"count":1,"href":"https:\/\/quaker.org\/es\/wp-json\/wp\/v2\/pages\/3085\/revisions"}],"predecessor-version":[{"id":3086,"href":"https:\/\/quaker.org\/es\/wp-json\/wp\/v2\/pages\/3085\/revisions\/3086"}],"wp:attachment":[{"href":"https:\/\/quaker.org\/es\/wp-json\/wp\/v2\/media?parent=3085"}],"curies":[{"name":"wp","href":"https:\/\/api.w.org\/{rel}","templated":true}]}}