{"id":3079,"date":"2020-06-03T13:45:34","date_gmt":"2020-06-03T13:45:34","guid":{"rendered":"https:\/\/quaker.org\/servicio-voluntario-cuaquero\/"},"modified":"2025-09-19T15:10:38","modified_gmt":"2025-09-19T15:10:38","slug":"servicio-voluntario-cuaquero","status":"publish","type":"page","link":"https:\/\/quaker.org\/es\/servicio-voluntario-cuaquero\/","title":{"rendered":"Servicio voluntario cu\u00e1quero"},"content":{"rendered":"\n<h3 class=\"wp-block-heading\"><a href=\"https:\/\/quakervoluntaryservice.org\/\"><em><strong>quakervoluntaryservice.org<\/strong><\/em><\/a><\/h3>\n\n<p>El Servicio Voluntario Cu\u00e1quero (QVS) es una oportunidad de beca para j\u00f3venes adultos de Los Amigos y buscadores espirituales para integrar su espiritualidad y vocaci\u00f3n mientras reciben apoyo para desarrollar su pasi\u00f3n y prop\u00f3sito. QVS se asocia con Los Amigos locales en cinco ciudades de los Estados Unidos y en todo el espectro teol\u00f3gico de la Sociedad Religiosa de los Amigos. <\/p>\n\n<hr class=\"wp-block-separator has-css-opacity\" \/>\n\n<p>Este a\u00f1o, hay 36 j\u00f3venes adultos que sirven como becarios de QVS. En Boston, Massachusetts, un becario sirve como acompa\u00f1ante m\u00e9dico, acompa\u00f1ando a adultos mayores a citas m\u00e9dicas y abogando por su atenci\u00f3n. En Atlanta, Georgia, otro becario trabaja en un proyecto que tiene como objetivo la liberaci\u00f3n de sobrevivientes de abuso encarcelados. Y, en Portland, Oreg\u00f3n, un tercer becario est\u00e1 desarrollando un proyecto de becas de escritura sobre la paz mientras participa en el trabajo de cabildeo clim\u00e1tico a nivel estatal. Este trabajo complementa la experiencia de los becarios que viven en comunidad, ya que practican la reflexi\u00f3n espiritual, la transformaci\u00f3n de conflictos, el sabbath y la amplitud, y el trabajo de equidad e identidad.    <\/p>\n\n<p>A partir de este verano, casi 200 j\u00f3venes ex alumnos habr\u00e1n pasado por el programa QVS desde que se abri\u00f3 la primera casa en 2012.<\/p>\n","protected":false},"excerpt":{"rendered":"<p>quakervoluntaryservice.org El Servicio Voluntario Cu\u00e1quero (QVS) es una oportunidad de beca para j\u00f3venes adultos de Los Amigos y buscadores espirituales&hellip;<\/p>\n","protected":false},"author":5129,"featured_media":0,"parent":0,"menu_order":0,"comment_status":"closed","ping_status":"closed","template":"","meta":{"_acf_changed":false,"hero_banner_post_id":0,"footnotes":""},"class_list":["post-3079","page","type-page","status-publish","hentry"],"yoast_head":"<!-- This site is optimized with the Yoast SEO plugin v27.5 - https:\/\/yoast.com\/product\/yoast-seo-wordpress\/ -->\n<title>Servicio voluntario cu\u00e1quero: solicite ser becario de QVS<\/title>\n<meta name=\"description\" content=\"El Servicio Voluntario Cu\u00e1quero (QVS) es un programa de becas para j\u00f3venes adultos de Los Amigos y buscadores espirituales para integrar su espiritualidad y profesi\u00f3n. Aprenda m\u00e1s\" \/>\n<meta name=\"robots\" content=\"index, follow, max-snippet:-1, max-image-preview:large, max-video-preview:-1\" \/>\n<link rel=\"canonical\" href=\"https:\/\/quaker.org\/es\/servicio-voluntario-cuaquero\/\" \/>\n<meta property=\"og:locale\" content=\"es_ES\" \/>\n<meta property=\"og:type\" content=\"article\" \/>\n<meta property=\"og:title\" content=\"Servicio voluntario cu\u00e1quero: solicite ser becario de QVS\" \/>\n<meta property=\"og:description\" content=\"El Servicio Voluntario Cu\u00e1quero (QVS) es un programa de becas para j\u00f3venes adultos de Los Amigos y buscadores espirituales para integrar su espiritualidad y profesi\u00f3n. Aprenda m\u00e1s\" \/>\n<meta property=\"og:url\" content=\"https:\/\/quaker.org\/es\/servicio-voluntario-cuaquero\/\" \/>\n<meta property=\"og:site_name\" content=\"Quaker.org\" \/>\n<meta property=\"article:modified_time\" content=\"2025-09-19T15:10:38+00:00\" \/>\n<meta name=\"twitter:card\" content=\"summary_large_image\" \/>\n<meta name=\"twitter:label1\" content=\"Est. reading time\" \/>\n\t<meta name=\"twitter:data1\" content=\"1 minute\" \/>\n<script type=\"application\/ld+json\" class=\"yoast-schema-graph\">{\"@context\":\"https:\\\/\\\/schema.org\",\"@graph\":[{\"@type\":\"WebPage\",\"@id\":\"https:\\\/\\\/quaker.org\\\/es\\\/servicio-voluntario-cuaquero\\\/\",\"url\":\"https:\\\/\\\/quaker.org\\\/es\\\/servicio-voluntario-cuaquero\\\/\",\"name\":\"Servicio voluntario cu\u00e1quero: solicite ser becario de QVS\",\"isPartOf\":{\"@id\":\"https:\\\/\\\/quaker.org\\\/es\\\/#website\"},\"datePublished\":\"2020-06-03T13:45:34+00:00\",\"dateModified\":\"2025-09-19T15:10:38+00:00\",\"description\":\"El Servicio Voluntario Cu\u00e1quero (QVS) es un programa de becas para j\u00f3venes adultos de Los Amigos y buscadores espirituales para integrar su espiritualidad y profesi\u00f3n. Aprenda m\u00e1s\",\"breadcrumb\":{\"@id\":\"https:\\\/\\\/quaker.org\\\/es\\\/servicio-voluntario-cuaquero\\\/#breadcrumb\"},\"inLanguage\":\"es-ES\",\"potentialAction\":[{\"@type\":\"ReadAction\",\"target\":[\"https:\\\/\\\/quaker.org\\\/es\\\/servicio-voluntario-cuaquero\\\/\"]}]},{\"@type\":\"BreadcrumbList\",\"@id\":\"https:\\\/\\\/quaker.org\\\/es\\\/servicio-voluntario-cuaquero\\\/#breadcrumb\",\"itemListElement\":[{\"@type\":\"ListItem\",\"position\":1,\"name\":\"Home\",\"item\":\"https:\\\/\\\/quaker.org\\\/es\\\/bienvenido-a-a-quaker-org\\\/\"},{\"@type\":\"ListItem\",\"position\":2,\"name\":\"Servicio voluntario cu\u00e1quero\"}]},{\"@type\":\"WebSite\",\"@id\":\"https:\\\/\\\/quaker.org\\\/es\\\/#website\",\"url\":\"https:\\\/\\\/quaker.org\\\/es\\\/\",\"name\":\"Quaker.org\",\"description\":\"Learn about Friends\",\"publisher\":{\"@id\":\"https:\\\/\\\/quaker.org\\\/es\\\/#organization\"},\"potentialAction\":[{\"@type\":\"SearchAction\",\"target\":{\"@type\":\"EntryPoint\",\"urlTemplate\":\"https:\\\/\\\/quaker.org\\\/es\\\/?s={search_term_string}\"},\"query-input\":{\"@type\":\"PropertyValueSpecification\",\"valueRequired\":true,\"valueName\":\"search_term_string\"}}],\"inLanguage\":\"es-ES\"},{\"@type\":\"Organization\",\"@id\":\"https:\\\/\\\/quaker.org\\\/es\\\/#organization\",\"name\":\"Quaker.org\",\"url\":\"https:\\\/\\\/quaker.org\\\/es\\\/\",\"logo\":{\"@type\":\"ImageObject\",\"inLanguage\":\"es-ES\",\"@id\":\"https:\\\/\\\/quaker.org\\\/es\\\/#\\\/schema\\\/logo\\\/image\\\/\",\"url\":\"https:\\\/\\\/quaker.org\\\/wp-content\\\/uploads\\\/sites\\\/3\\\/2025\\\/08\\\/QuakerOrgLogo_BW-300x54-1.png\",\"contentUrl\":\"https:\\\/\\\/quaker.org\\\/wp-content\\\/uploads\\\/sites\\\/3\\\/2025\\\/08\\\/QuakerOrgLogo_BW-300x54-1.png\",\"width\":300,\"height\":54,\"caption\":\"Quaker.org\"},\"image\":{\"@id\":\"https:\\\/\\\/quaker.org\\\/es\\\/#\\\/schema\\\/logo\\\/image\\\/\"}}]}<\/script>\n<!-- \/ Yoast SEO plugin. -->","yoast_head_json":{"title":"Servicio voluntario cu\u00e1quero: solicite ser becario de QVS","description":"El Servicio Voluntario Cu\u00e1quero (QVS) es un programa de becas para j\u00f3venes adultos de Los Amigos y buscadores espirituales para integrar su espiritualidad y profesi\u00f3n. Aprenda m\u00e1s","robots":{"index":"index","follow":"follow","max-snippet":"max-snippet:-1","max-image-preview":"max-image-preview:large","max-video-preview":"max-video-preview:-1"},"canonical":"https:\/\/quaker.org\/es\/servicio-voluntario-cuaquero\/","og_locale":"es_ES","og_type":"article","og_title":"Servicio voluntario cu\u00e1quero: solicite ser becario de QVS","og_description":"El Servicio Voluntario Cu\u00e1quero (QVS) es un programa de becas para j\u00f3venes adultos de Los Amigos y buscadores espirituales para integrar su espiritualidad y profesi\u00f3n. Aprenda m\u00e1s","og_url":"https:\/\/quaker.org\/es\/servicio-voluntario-cuaquero\/","og_site_name":"Quaker.org","article_modified_time":"2025-09-19T15:10:38+00:00","twitter_card":"summary_large_image","twitter_misc":{"Est. reading time":"1 minute"},"schema":{"@context":"https:\/\/schema.org","@graph":[{"@type":"WebPage","@id":"https:\/\/quaker.org\/es\/servicio-voluntario-cuaquero\/","url":"https:\/\/quaker.org\/es\/servicio-voluntario-cuaquero\/","name":"Servicio voluntario cu\u00e1quero: solicite ser becario de QVS","isPartOf":{"@id":"https:\/\/quaker.org\/es\/#website"},"datePublished":"2020-06-03T13:45:34+00:00","dateModified":"2025-09-19T15:10:38+00:00","description":"El Servicio Voluntario Cu\u00e1quero (QVS) es un programa de becas para j\u00f3venes adultos de Los Amigos y buscadores espirituales para integrar su espiritualidad y profesi\u00f3n. Aprenda m\u00e1s","breadcrumb":{"@id":"https:\/\/quaker.org\/es\/servicio-voluntario-cuaquero\/#breadcrumb"},"inLanguage":"es-ES","potentialAction":[{"@type":"ReadAction","target":["https:\/\/quaker.org\/es\/servicio-voluntario-cuaquero\/"]}]},{"@type":"BreadcrumbList","@id":"https:\/\/quaker.org\/es\/servicio-voluntario-cuaquero\/#breadcrumb","itemListElement":[{"@type":"ListItem","position":1,"name":"Home","item":"https:\/\/quaker.org\/es\/bienvenido-a-a-quaker-org\/"},{"@type":"ListItem","position":2,"name":"Servicio voluntario cu\u00e1quero"}]},{"@type":"WebSite","@id":"https:\/\/quaker.org\/es\/#website","url":"https:\/\/quaker.org\/es\/","name":"Quaker.org","description":"Learn about Friends","publisher":{"@id":"https:\/\/quaker.org\/es\/#organization"},"potentialAction":[{"@type":"SearchAction","target":{"@type":"EntryPoint","urlTemplate":"https:\/\/quaker.org\/es\/?s={search_term_string}"},"query-input":{"@type":"PropertyValueSpecification","valueRequired":true,"valueName":"search_term_string"}}],"inLanguage":"es-ES"},{"@type":"Organization","@id":"https:\/\/quaker.org\/es\/#organization","name":"Quaker.org","url":"https:\/\/quaker.org\/es\/","logo":{"@type":"ImageObject","inLanguage":"es-ES","@id":"https:\/\/quaker.org\/es\/#\/schema\/logo\/image\/","url":"https:\/\/quaker.org\/wp-content\/uploads\/sites\/3\/2025\/08\/QuakerOrgLogo_BW-300x54-1.png","contentUrl":"https:\/\/quaker.org\/wp-content\/uploads\/sites\/3\/2025\/08\/QuakerOrgLogo_BW-300x54-1.png","width":300,"height":54,"caption":"Quaker.org"},"image":{"@id":"https:\/\/quaker.org\/es\/#\/schema\/logo\/image\/"}}]}},"distributor_meta":false,"distributor_terms":false,"distributor_media":false,"distributor_original_site_name":"Quaker.org","distributor_original_site_url":"https:\/\/quaker.org\/es\/","push-errors":false,"acf":[],"_links":{"self":[{"href":"https:\/\/quaker.org\/es\/wp-json\/wp\/v2\/pages\/3079","targetHints":{"allow":["GET"]}}],"collection":[{"href":"https:\/\/quaker.org\/es\/wp-json\/wp\/v2\/pages"}],"about":[{"href":"https:\/\/quaker.org\/es\/wp-json\/wp\/v2\/types\/page"}],"author":[{"embeddable":true,"href":"https:\/\/quaker.org\/es\/wp-json\/wp\/v2\/users\/5129"}],"replies":[{"embeddable":true,"href":"https:\/\/quaker.org\/es\/wp-json\/wp\/v2\/comments?post=3079"}],"version-history":[{"count":1,"href":"https:\/\/quaker.org\/es\/wp-json\/wp\/v2\/pages\/3079\/revisions"}],"predecessor-version":[{"id":3080,"href":"https:\/\/quaker.org\/es\/wp-json\/wp\/v2\/pages\/3079\/revisions\/3080"}],"wp:attachment":[{"href":"https:\/\/quaker.org\/es\/wp-json\/wp\/v2\/media?parent=3079"}],"curies":[{"name":"wp","href":"https:\/\/api.w.org\/{rel}","templated":true}]}}