{"id":2854,"date":"2022-01-19T20:23:30","date_gmt":"2022-01-19T20:23:30","guid":{"rendered":"https:\/\/quaker.org\/celebran-los-cuaqueros-la-navidad-y-la-pascua\/"},"modified":"2025-09-19T15:06:32","modified_gmt":"2025-09-19T15:06:32","slug":"celebran-los-cuaqueros-la-navidad-y-la-pascua","status":"publish","type":"page","link":"https:\/\/quaker.org\/es\/celebran-los-cuaqueros-la-navidad-y-la-pascua\/","title":{"rendered":"\u00bfCelebran los cu\u00e1queros la Navidad y la Pascua?"},"content":{"rendered":"\n<div class=\"wp-block-columns is-layout-flex wp-container-core-columns-is-layout-9d6595d7 wp-block-columns-is-layout-flex\">\n<div class=\"wp-block-column is-layout-flow wp-block-column-is-layout-flow\" style=\"flex-basis:50%\">\n<p>Esta es otra de esas preguntas aparentemente simples de \u201cs\u00ed\/no\u201d sobre Los Amigos a las que en realidad tenemos que responder \u201ca veces\u201d o \u201cdepende\u201d. <\/p>\n\n\n\n<p>Desde un punto de vista teol\u00f3gico, los cu\u00e1queros no se adhieren a la noci\u00f3n de festividades religiosas; cada d\u00eda es un \u201cd\u00eda sagrado\u201d, y cada d\u00eda es un buen d\u00eda para recordar las Buenas Nuevas anunciadas por el nacimiento de Jes\u00fas, su ministerio y su crucifixi\u00f3n y resurrecci\u00f3n, asumiendo, eso s\u00ed, que se parte de una mentalidad cristiana. (<a href=\"https:\/\/quaker.org\/es\/que-creen-los-cuaqueros-sobre-jesus\/\">\u00a1Algunos cu\u00e1queros no lo hacen!<\/a>)<\/p>\n<\/div>\n\n\n\n<div class=\"wp-block-column is-layout-flow wp-block-column-is-layout-flow\" style=\"flex-basis:50%\">\n<figure class=\"wp-block-embed is-type-video is-provider-youtube wp-block-embed-youtube wp-embed-aspect-16-9 wp-has-aspect-ratio\"><div class=\"wp-block-embed__wrapper\">\n<iframe loading=\"lazy\" title=\"Do Quakers Celebrate Christmas?\" width=\"500\" height=\"281\" src=\"https:\/\/www.youtube.com\/embed\/s_0yUxYmlAY?feature=oembed\" frameborder=\"0\" allow=\"accelerometer; autoplay; clipboard-write; encrypted-media; gyroscope; picture-in-picture; web-share\" referrerpolicy=\"strict-origin-when-cross-origin\" allowfullscreen><\/iframe>\n<\/div><\/figure>\n<\/div>\n<\/div>\n\n<p>En ese sentido, entonces, los cu\u00e1queros no \u201ccelebran\u201d la Navidad ni la Pascua. Sin embargo, en la pr\u00e1ctica, Los Amigos viven en el mismo mundo que todos los dem\u00e1s, y todos sabemos cu\u00e1nto impregna \u201cel esp\u00edritu de la Navidad\u201d la cultura p\u00fablica a finales de a\u00f1o, incluso si a menudo se siente como una festividad secular que rinde un mero tributo a sus ra\u00edces religiosas. Aunque podr\u00eda haber un debate considerable sobre si poner <a href=\"https:\/\/www.friendsjournal.org\/some-friends-will-have-a-christmas-tree\/\">un \u00e1rbol en la sala de reuniones<\/a>, muchos cu\u00e1queros s\u00ed intercambian regalos con amigos y familiares en Navidad, y aunque rara vez se escuchan himnos en las reuniones cu\u00e1queras no programadas, algunos Amigos podr\u00edan estar inclinados a quedarse despu\u00e9s del culto silencioso para cantar villancicos, y es muy probable que durante el culto alguien comparta un mensaje en sinton\u00eda con los temas espirituales de Adviento o Navidad.   <\/p>\n\n<p>La Pascua puede ser menos abrumadora que la Navidad en el mundo en general, pero es un momento muy intenso en el calendario lit\u00fargico cristiano. Menos para los cu\u00e1queros: pocos Amigos, si es que hay alguno, renuncian a algo por la Cuaresma, no hacemos una procesi\u00f3n del Domingo de Ramos y no tenemos ninguno de los otros servicios religiosos que tienen lugar en las comunidades cat\u00f3licas o protestantes durante la Semana Santa hasta el Domingo de Resurrecci\u00f3n. Por supuesto, Los Amigos probablemente saben cu\u00e1ndo se acerca la Pascua, y si son de persuasi\u00f3n cristiana es probable que tengan a Jes\u00fas en mente, as\u00ed que de nuevo es muy posible que escuche un mensaje de Pascua en la reuni\u00f3n. (Una reuni\u00f3n con un n\u00famero significativo de ni\u00f1os podr\u00eda celebrar una b\u00fasqueda de huevos de Pascua, o no; todo depender\u00eda de lo que decidieran los adultos).   <\/p>\n\n<p>En resumen, los cu\u00e1queros pueden no hacer un gran alarde de la Navidad o la Pascua, pero tampoco act\u00faan como si ninguna de las dos festividades existiera.<\/p>\n\n<p><strong>Siguiente: <a href=\"https:\/\/quaker.org\/es\/que-quieren-decir-los-cuaqueros-con-la-luz-interior\/\"><em>\u00bfQu\u00e9 quieren decir los cu\u00e1queros con la &#8220;Luz Interior&#8221;?<\/em><\/a><\/strong><\/p>\n\n<div class=\"wp-block-group has-background is-layout-flow wp-block-group-is-layout-flow\" style=\"background-color:#dedede\">\n<div class=\"wp-block-columns is-layout-flex wp-container-core-columns-is-layout-9d6595d7 wp-block-columns-is-layout-flex\">\n<div class=\"wp-block-column is-layout-flow wp-block-column-is-layout-flow\" style=\"flex-basis:50%\">\n<h4 class=\"wp-block-heading\">M\u00e1s informaci\u00f3n en <em>Friends Journal<\/em><\/h4>\n<\/div>\n\n\n\n<div class=\"wp-block-column is-layout-flow wp-block-column-is-layout-flow\" style=\"flex-basis:50%\">\n<p>&#8220;<a href=\"https:\/\/www.friendsjournal.org\/2005137\/\">\u00bfNavidad: todos los d\u00edas o nunca?<\/a>&#8221; Henry J. Cadbury<\/p>\n\n\n\n<p>&#8220;<a href=\"https:\/\/www.friendsjournal.org\/1994130\/\">La historia inacabada de la Navidad<\/a>&#8220;, Ruth Flower<\/p>\n\n\n\n<p>&#8220;<a href=\"https:\/\/www.friendsjournal.org\/what-did-easter-mean-to-early-quakers\/\">\u00bfQu\u00e9 signific\u00f3 la Pascua para los primeros cu\u00e1queros?<\/a>&#8221; David K. Leonard<\/p>\n\n\n\n<p>&#8220;<a href=\"https:\/\/www.friendsjournal.org\/holy-saturday-meditation\/\">Meditaci\u00f3n del S\u00e1bado Santo<\/a>&#8220;, John Andrew Gallery<\/p>\n<\/div>\n<\/div>\n<\/div>\n","protected":false},"excerpt":{"rendered":"<p>Esta es otra de esas preguntas aparentemente simples de \u201cs\u00ed\/no\u201d sobre Los Amigos a las que en realidad tenemos que&hellip;<\/p>\n","protected":false},"author":5131,"featured_media":0,"parent":0,"menu_order":0,"comment_status":"closed","ping_status":"closed","template":"","meta":{"_acf_changed":false,"hero_banner_post_id":0,"footnotes":""},"class_list":["post-2854","page","type-page","status-publish","hentry"],"yoast_head":"<!-- This site is optimized with the Yoast SEO plugin v27.3 - https:\/\/yoast.com\/product\/yoast-seo-wordpress\/ -->\n<title>\u00bfCelebran los cu\u00e1queros la Navidad y la Pascua? - Celebraciones de festividades<\/title>\n<meta name=\"description\" content=\"Hist\u00f3ricamente, Los Amigos no celebraban las festividades, pero su postura ha cambiado con el tiempo. Descubra la perspectiva cu\u00e1quera sobre las celebraciones de Navidad y Pascua.\" \/>\n<meta name=\"robots\" content=\"index, follow, max-snippet:-1, max-image-preview:large, max-video-preview:-1\" \/>\n<link rel=\"canonical\" href=\"https:\/\/quaker.org\/es\/celebran-los-cuaqueros-la-navidad-y-la-pascua\/\" \/>\n<meta property=\"og:locale\" content=\"es_ES\" \/>\n<meta property=\"og:type\" content=\"article\" \/>\n<meta property=\"og:title\" content=\"\u00bfCelebran los cu\u00e1queros la Navidad y la Pascua? - Celebraciones de festividades\" \/>\n<meta property=\"og:description\" content=\"Hist\u00f3ricamente, Los Amigos no celebraban las festividades, pero su postura ha cambiado con el tiempo. Descubra la perspectiva cu\u00e1quera sobre las celebraciones de Navidad y Pascua.\" \/>\n<meta property=\"og:url\" content=\"https:\/\/quaker.org\/es\/celebran-los-cuaqueros-la-navidad-y-la-pascua\/\" \/>\n<meta property=\"og:site_name\" content=\"Quaker.org\" \/>\n<meta property=\"article:modified_time\" content=\"2025-09-19T15:06:32+00:00\" \/>\n<meta name=\"twitter:card\" content=\"summary_large_image\" \/>\n<meta name=\"twitter:label1\" content=\"Est. reading time\" \/>\n\t<meta name=\"twitter:data1\" content=\"3 minutes\" \/>\n<script type=\"application\/ld+json\" class=\"yoast-schema-graph\">{\"@context\":\"https:\\\/\\\/schema.org\",\"@graph\":[{\"@type\":\"WebPage\",\"@id\":\"https:\\\/\\\/quaker.org\\\/es\\\/celebran-los-cuaqueros-la-navidad-y-la-pascua\\\/\",\"url\":\"https:\\\/\\\/quaker.org\\\/es\\\/celebran-los-cuaqueros-la-navidad-y-la-pascua\\\/\",\"name\":\"\u00bfCelebran los cu\u00e1queros la Navidad y la Pascua? - Celebraciones de festividades\",\"isPartOf\":{\"@id\":\"https:\\\/\\\/quaker.org\\\/es\\\/#website\"},\"datePublished\":\"2022-01-19T20:23:30+00:00\",\"dateModified\":\"2025-09-19T15:06:32+00:00\",\"description\":\"Hist\u00f3ricamente, Los Amigos no celebraban las festividades, pero su postura ha cambiado con el tiempo. Descubra la perspectiva cu\u00e1quera sobre las celebraciones de Navidad y Pascua.\",\"breadcrumb\":{\"@id\":\"https:\\\/\\\/quaker.org\\\/es\\\/celebran-los-cuaqueros-la-navidad-y-la-pascua\\\/#breadcrumb\"},\"inLanguage\":\"es-ES\",\"potentialAction\":[{\"@type\":\"ReadAction\",\"target\":[\"https:\\\/\\\/quaker.org\\\/es\\\/celebran-los-cuaqueros-la-navidad-y-la-pascua\\\/\"]}]},{\"@type\":\"BreadcrumbList\",\"@id\":\"https:\\\/\\\/quaker.org\\\/es\\\/celebran-los-cuaqueros-la-navidad-y-la-pascua\\\/#breadcrumb\",\"itemListElement\":[{\"@type\":\"ListItem\",\"position\":1,\"name\":\"Home\",\"item\":\"https:\\\/\\\/quaker.org\\\/es\\\/bienvenido-a-a-quaker-org\\\/\"},{\"@type\":\"ListItem\",\"position\":2,\"name\":\"\u00bfCelebran los cu\u00e1queros la Navidad y la Pascua?\"}]},{\"@type\":\"WebSite\",\"@id\":\"https:\\\/\\\/quaker.org\\\/es\\\/#website\",\"url\":\"https:\\\/\\\/quaker.org\\\/es\\\/\",\"name\":\"Quaker.org\",\"description\":\"Learn about Friends\",\"publisher\":{\"@id\":\"https:\\\/\\\/quaker.org\\\/es\\\/#organization\"},\"potentialAction\":[{\"@type\":\"SearchAction\",\"target\":{\"@type\":\"EntryPoint\",\"urlTemplate\":\"https:\\\/\\\/quaker.org\\\/es\\\/?s={search_term_string}\"},\"query-input\":{\"@type\":\"PropertyValueSpecification\",\"valueRequired\":true,\"valueName\":\"search_term_string\"}}],\"inLanguage\":\"es-ES\"},{\"@type\":\"Organization\",\"@id\":\"https:\\\/\\\/quaker.org\\\/es\\\/#organization\",\"name\":\"Quaker.org\",\"url\":\"https:\\\/\\\/quaker.org\\\/es\\\/\",\"logo\":{\"@type\":\"ImageObject\",\"inLanguage\":\"es-ES\",\"@id\":\"https:\\\/\\\/quaker.org\\\/es\\\/#\\\/schema\\\/logo\\\/image\\\/\",\"url\":\"https:\\\/\\\/quaker.org\\\/wp-content\\\/uploads\\\/sites\\\/3\\\/2025\\\/08\\\/QuakerOrgLogo_BW-300x54-1.png\",\"contentUrl\":\"https:\\\/\\\/quaker.org\\\/wp-content\\\/uploads\\\/sites\\\/3\\\/2025\\\/08\\\/QuakerOrgLogo_BW-300x54-1.png\",\"width\":300,\"height\":54,\"caption\":\"Quaker.org\"},\"image\":{\"@id\":\"https:\\\/\\\/quaker.org\\\/es\\\/#\\\/schema\\\/logo\\\/image\\\/\"}}]}<\/script>\n<!-- \/ Yoast SEO plugin. -->","yoast_head_json":{"title":"\u00bfCelebran los cu\u00e1queros la Navidad y la Pascua? - Celebraciones de festividades","description":"Hist\u00f3ricamente, Los Amigos no celebraban las festividades, pero su postura ha cambiado con el tiempo. Descubra la perspectiva cu\u00e1quera sobre las celebraciones de Navidad y Pascua.","robots":{"index":"index","follow":"follow","max-snippet":"max-snippet:-1","max-image-preview":"max-image-preview:large","max-video-preview":"max-video-preview:-1"},"canonical":"https:\/\/quaker.org\/es\/celebran-los-cuaqueros-la-navidad-y-la-pascua\/","og_locale":"es_ES","og_type":"article","og_title":"\u00bfCelebran los cu\u00e1queros la Navidad y la Pascua? - Celebraciones de festividades","og_description":"Hist\u00f3ricamente, Los Amigos no celebraban las festividades, pero su postura ha cambiado con el tiempo. Descubra la perspectiva cu\u00e1quera sobre las celebraciones de Navidad y Pascua.","og_url":"https:\/\/quaker.org\/es\/celebran-los-cuaqueros-la-navidad-y-la-pascua\/","og_site_name":"Quaker.org","article_modified_time":"2025-09-19T15:06:32+00:00","twitter_card":"summary_large_image","twitter_misc":{"Est. reading time":"3 minutes"},"schema":{"@context":"https:\/\/schema.org","@graph":[{"@type":"WebPage","@id":"https:\/\/quaker.org\/es\/celebran-los-cuaqueros-la-navidad-y-la-pascua\/","url":"https:\/\/quaker.org\/es\/celebran-los-cuaqueros-la-navidad-y-la-pascua\/","name":"\u00bfCelebran los cu\u00e1queros la Navidad y la Pascua? - Celebraciones de festividades","isPartOf":{"@id":"https:\/\/quaker.org\/es\/#website"},"datePublished":"2022-01-19T20:23:30+00:00","dateModified":"2025-09-19T15:06:32+00:00","description":"Hist\u00f3ricamente, Los Amigos no celebraban las festividades, pero su postura ha cambiado con el tiempo. Descubra la perspectiva cu\u00e1quera sobre las celebraciones de Navidad y Pascua.","breadcrumb":{"@id":"https:\/\/quaker.org\/es\/celebran-los-cuaqueros-la-navidad-y-la-pascua\/#breadcrumb"},"inLanguage":"es-ES","potentialAction":[{"@type":"ReadAction","target":["https:\/\/quaker.org\/es\/celebran-los-cuaqueros-la-navidad-y-la-pascua\/"]}]},{"@type":"BreadcrumbList","@id":"https:\/\/quaker.org\/es\/celebran-los-cuaqueros-la-navidad-y-la-pascua\/#breadcrumb","itemListElement":[{"@type":"ListItem","position":1,"name":"Home","item":"https:\/\/quaker.org\/es\/bienvenido-a-a-quaker-org\/"},{"@type":"ListItem","position":2,"name":"\u00bfCelebran los cu\u00e1queros la Navidad y la Pascua?"}]},{"@type":"WebSite","@id":"https:\/\/quaker.org\/es\/#website","url":"https:\/\/quaker.org\/es\/","name":"Quaker.org","description":"Learn about Friends","publisher":{"@id":"https:\/\/quaker.org\/es\/#organization"},"potentialAction":[{"@type":"SearchAction","target":{"@type":"EntryPoint","urlTemplate":"https:\/\/quaker.org\/es\/?s={search_term_string}"},"query-input":{"@type":"PropertyValueSpecification","valueRequired":true,"valueName":"search_term_string"}}],"inLanguage":"es-ES"},{"@type":"Organization","@id":"https:\/\/quaker.org\/es\/#organization","name":"Quaker.org","url":"https:\/\/quaker.org\/es\/","logo":{"@type":"ImageObject","inLanguage":"es-ES","@id":"https:\/\/quaker.org\/es\/#\/schema\/logo\/image\/","url":"https:\/\/quaker.org\/wp-content\/uploads\/sites\/3\/2025\/08\/QuakerOrgLogo_BW-300x54-1.png","contentUrl":"https:\/\/quaker.org\/wp-content\/uploads\/sites\/3\/2025\/08\/QuakerOrgLogo_BW-300x54-1.png","width":300,"height":54,"caption":"Quaker.org"},"image":{"@id":"https:\/\/quaker.org\/es\/#\/schema\/logo\/image\/"}}]}},"distributor_meta":false,"distributor_terms":false,"distributor_media":false,"distributor_original_site_name":"Quaker.org","distributor_original_site_url":"https:\/\/quaker.org\/es\/","push-errors":false,"acf":[],"_links":{"self":[{"href":"https:\/\/quaker.org\/es\/wp-json\/wp\/v2\/pages\/2854","targetHints":{"allow":["GET"]}}],"collection":[{"href":"https:\/\/quaker.org\/es\/wp-json\/wp\/v2\/pages"}],"about":[{"href":"https:\/\/quaker.org\/es\/wp-json\/wp\/v2\/types\/page"}],"author":[{"embeddable":true,"href":"https:\/\/quaker.org\/es\/wp-json\/wp\/v2\/users\/5131"}],"replies":[{"embeddable":true,"href":"https:\/\/quaker.org\/es\/wp-json\/wp\/v2\/comments?post=2854"}],"version-history":[{"count":1,"href":"https:\/\/quaker.org\/es\/wp-json\/wp\/v2\/pages\/2854\/revisions"}],"predecessor-version":[{"id":2855,"href":"https:\/\/quaker.org\/es\/wp-json\/wp\/v2\/pages\/2854\/revisions\/2855"}],"wp:attachment":[{"href":"https:\/\/quaker.org\/es\/wp-json\/wp\/v2\/media?parent=2854"}],"curies":[{"name":"wp","href":"https:\/\/api.w.org\/{rel}","templated":true}]}}