{"id":2852,"date":"2020-06-03T13:44:46","date_gmt":"2020-06-03T13:44:46","guid":{"rendered":"https:\/\/quaker.org\/accion-social-cuaquera\/"},"modified":"2025-09-19T15:06:29","modified_gmt":"2025-09-19T15:06:29","slug":"accion-social-cuaquera","status":"publish","type":"page","link":"https:\/\/quaker.org\/es\/accion-social-cuaquera\/","title":{"rendered":"Acci\u00f3n social cu\u00e1quera"},"content":{"rendered":"\n<h3 class=\"wp-block-heading\"><a href=\"https:\/\/quakersocialaction.org.uk\/\"><em><strong>quakersocialaction.org.uk<\/strong><\/em><\/a><\/h3>\n\n<p>Quaker Social Action se centra en el trabajo contra la pobreza en el Reino Unido. <\/p>\n\n<p>\u00abQuaker Social Action ayuda a personas con bajos ingresos en el este de Londres y el Reino Unido a buscar soluciones a los problemas que afectan a sus vidas. Fundada hace 150 a\u00f1os por&#8230; Los Amigos, hoy [Quaker Social Action es] una organizaci\u00f3n ben\u00e9fica independiente inspirada en valores de Los Amigos como la igualdad en [su] trabajo contra la pobreza y la injusticia\u00bb.<\/p>\n\n<hr class=\"wp-block-separator\" \/>\n\n<p>En un evento de presentaci\u00f3n en noviembre en la Casa de Los Amigos en Londres, Inglaterra, Quaker Social Action (QSA) revel\u00f3 su \u00faltimo informe: \u201cSpeaking Truth to Power: A Decade of Groundbreaking Work on Funeral Poverty\u201d (Diciendo La Verdad al Poder: Una d\u00e9cada de trabajo innovador sobre la pobreza funeraria).<\/p>\n\n<p>El trabajo de QSA sobre la pobreza funeraria comenz\u00f3 hace una d\u00e9cada, cuando empez\u00f3 a reflexionar sobre el impacto de una muerte en la familia para las personas de bajos ingresos en el Reino Unido. En aquel momento, la frase \u201cpobreza funeraria\u201d no exist\u00eda; el tema apenas se cubr\u00eda en los medios de comunicaci\u00f3n y rara vez se mencionaba en el debate parlamentario. <\/p>\n\n<p>Al escuchar a las familias compartir los gastos inesperados que resultaron en su precariedad financiera, estr\u00e9s y deudas, los funerales surgieron con bastante frecuencia, lo que impuls\u00f3 a QSA a investigar el tema. Se identific\u00f3 una falta de apoyo para aquellos que luchaban con los costes funerarios, por lo que en 2010 se lanz\u00f3 el servicio Down to Earth para ayudar a las personas a acceder a un funeral asequible y significativo. La campa\u00f1a Fair Funerals sigui\u00f3 en 2014\u20132018 para impulsar el cambio nacional.  <\/p>\n\n<p>El informe eval\u00faa el progreso realizado hasta la fecha por QSA y sus socios, y establece una visi\u00f3n para la acci\u00f3n continua. Tanto el informe como el evento de lanzamiento fueron posibles en parte gracias a una subvenci\u00f3n del grupo Quakers and Business. <\/p>\n","protected":false},"excerpt":{"rendered":"<p>quakersocialaction.org.uk Quaker Social Action se centra en el trabajo contra la pobreza en el Reino Unido. \u00abQuaker Social Action ayuda&hellip;<\/p>\n","protected":false},"author":5129,"featured_media":0,"parent":0,"menu_order":0,"comment_status":"closed","ping_status":"closed","template":"","meta":{"_acf_changed":false,"hero_banner_post_id":0,"footnotes":""},"class_list":["post-2852","page","type-page","status-publish","hentry"],"yoast_head":"<!-- This site is optimized with the Yoast SEO plugin v27.4 - https:\/\/yoast.com\/product\/yoast-seo-wordpress\/ -->\n<title>Acci\u00f3n social cu\u00e1quera - Quaker.org<\/title>\n<meta name=\"robots\" content=\"index, follow, max-snippet:-1, max-image-preview:large, max-video-preview:-1\" \/>\n<link rel=\"canonical\" href=\"https:\/\/quaker.org\/es\/accion-social-cuaquera\/\" \/>\n<meta property=\"og:locale\" content=\"es_ES\" \/>\n<meta property=\"og:type\" content=\"article\" \/>\n<meta property=\"og:title\" content=\"Acci\u00f3n social cu\u00e1quera - Quaker.org\" \/>\n<meta property=\"og:description\" content=\"quakersocialaction.org.uk Quaker Social Action se centra en el trabajo contra la pobreza en el Reino Unido. \u00abQuaker Social Action ayuda&hellip;\" \/>\n<meta property=\"og:url\" content=\"https:\/\/quaker.org\/es\/accion-social-cuaquera\/\" \/>\n<meta property=\"og:site_name\" content=\"Quaker.org\" \/>\n<meta property=\"article:modified_time\" content=\"2025-09-19T15:06:29+00:00\" \/>\n<meta name=\"twitter:card\" content=\"summary_large_image\" \/>\n<meta name=\"twitter:label1\" content=\"Est. reading time\" \/>\n\t<meta name=\"twitter:data1\" content=\"2 minutes\" \/>\n<script type=\"application\/ld+json\" class=\"yoast-schema-graph\">{\"@context\":\"https:\\\/\\\/schema.org\",\"@graph\":[{\"@type\":\"WebPage\",\"@id\":\"https:\\\/\\\/quaker.org\\\/es\\\/accion-social-cuaquera\\\/\",\"url\":\"https:\\\/\\\/quaker.org\\\/es\\\/accion-social-cuaquera\\\/\",\"name\":\"Acci\u00f3n social cu\u00e1quera - Quaker.org\",\"isPartOf\":{\"@id\":\"https:\\\/\\\/quaker.org\\\/es\\\/#website\"},\"datePublished\":\"2020-06-03T13:44:46+00:00\",\"dateModified\":\"2025-09-19T15:06:29+00:00\",\"breadcrumb\":{\"@id\":\"https:\\\/\\\/quaker.org\\\/es\\\/accion-social-cuaquera\\\/#breadcrumb\"},\"inLanguage\":\"es-ES\",\"potentialAction\":[{\"@type\":\"ReadAction\",\"target\":[\"https:\\\/\\\/quaker.org\\\/es\\\/accion-social-cuaquera\\\/\"]}]},{\"@type\":\"BreadcrumbList\",\"@id\":\"https:\\\/\\\/quaker.org\\\/es\\\/accion-social-cuaquera\\\/#breadcrumb\",\"itemListElement\":[{\"@type\":\"ListItem\",\"position\":1,\"name\":\"Home\",\"item\":\"https:\\\/\\\/quaker.org\\\/es\\\/bienvenido-a-a-quaker-org\\\/\"},{\"@type\":\"ListItem\",\"position\":2,\"name\":\"Acci\u00f3n social cu\u00e1quera\"}]},{\"@type\":\"WebSite\",\"@id\":\"https:\\\/\\\/quaker.org\\\/es\\\/#website\",\"url\":\"https:\\\/\\\/quaker.org\\\/es\\\/\",\"name\":\"Quaker.org\",\"description\":\"Learn about Friends\",\"publisher\":{\"@id\":\"https:\\\/\\\/quaker.org\\\/es\\\/#organization\"},\"potentialAction\":[{\"@type\":\"SearchAction\",\"target\":{\"@type\":\"EntryPoint\",\"urlTemplate\":\"https:\\\/\\\/quaker.org\\\/es\\\/?s={search_term_string}\"},\"query-input\":{\"@type\":\"PropertyValueSpecification\",\"valueRequired\":true,\"valueName\":\"search_term_string\"}}],\"inLanguage\":\"es-ES\"},{\"@type\":\"Organization\",\"@id\":\"https:\\\/\\\/quaker.org\\\/es\\\/#organization\",\"name\":\"Quaker.org\",\"url\":\"https:\\\/\\\/quaker.org\\\/es\\\/\",\"logo\":{\"@type\":\"ImageObject\",\"inLanguage\":\"es-ES\",\"@id\":\"https:\\\/\\\/quaker.org\\\/es\\\/#\\\/schema\\\/logo\\\/image\\\/\",\"url\":\"https:\\\/\\\/quaker.org\\\/wp-content\\\/uploads\\\/sites\\\/3\\\/2025\\\/08\\\/QuakerOrgLogo_BW-300x54-1.png\",\"contentUrl\":\"https:\\\/\\\/quaker.org\\\/wp-content\\\/uploads\\\/sites\\\/3\\\/2025\\\/08\\\/QuakerOrgLogo_BW-300x54-1.png\",\"width\":300,\"height\":54,\"caption\":\"Quaker.org\"},\"image\":{\"@id\":\"https:\\\/\\\/quaker.org\\\/es\\\/#\\\/schema\\\/logo\\\/image\\\/\"}}]}<\/script>\n<!-- \/ Yoast SEO plugin. -->","yoast_head_json":{"title":"Acci\u00f3n social cu\u00e1quera - Quaker.org","robots":{"index":"index","follow":"follow","max-snippet":"max-snippet:-1","max-image-preview":"max-image-preview:large","max-video-preview":"max-video-preview:-1"},"canonical":"https:\/\/quaker.org\/es\/accion-social-cuaquera\/","og_locale":"es_ES","og_type":"article","og_title":"Acci\u00f3n social cu\u00e1quera - Quaker.org","og_description":"quakersocialaction.org.uk Quaker Social Action se centra en el trabajo contra la pobreza en el Reino Unido. \u00abQuaker Social Action ayuda&hellip;","og_url":"https:\/\/quaker.org\/es\/accion-social-cuaquera\/","og_site_name":"Quaker.org","article_modified_time":"2025-09-19T15:06:29+00:00","twitter_card":"summary_large_image","twitter_misc":{"Est. reading time":"2 minutes"},"schema":{"@context":"https:\/\/schema.org","@graph":[{"@type":"WebPage","@id":"https:\/\/quaker.org\/es\/accion-social-cuaquera\/","url":"https:\/\/quaker.org\/es\/accion-social-cuaquera\/","name":"Acci\u00f3n social cu\u00e1quera - Quaker.org","isPartOf":{"@id":"https:\/\/quaker.org\/es\/#website"},"datePublished":"2020-06-03T13:44:46+00:00","dateModified":"2025-09-19T15:06:29+00:00","breadcrumb":{"@id":"https:\/\/quaker.org\/es\/accion-social-cuaquera\/#breadcrumb"},"inLanguage":"es-ES","potentialAction":[{"@type":"ReadAction","target":["https:\/\/quaker.org\/es\/accion-social-cuaquera\/"]}]},{"@type":"BreadcrumbList","@id":"https:\/\/quaker.org\/es\/accion-social-cuaquera\/#breadcrumb","itemListElement":[{"@type":"ListItem","position":1,"name":"Home","item":"https:\/\/quaker.org\/es\/bienvenido-a-a-quaker-org\/"},{"@type":"ListItem","position":2,"name":"Acci\u00f3n social cu\u00e1quera"}]},{"@type":"WebSite","@id":"https:\/\/quaker.org\/es\/#website","url":"https:\/\/quaker.org\/es\/","name":"Quaker.org","description":"Learn about Friends","publisher":{"@id":"https:\/\/quaker.org\/es\/#organization"},"potentialAction":[{"@type":"SearchAction","target":{"@type":"EntryPoint","urlTemplate":"https:\/\/quaker.org\/es\/?s={search_term_string}"},"query-input":{"@type":"PropertyValueSpecification","valueRequired":true,"valueName":"search_term_string"}}],"inLanguage":"es-ES"},{"@type":"Organization","@id":"https:\/\/quaker.org\/es\/#organization","name":"Quaker.org","url":"https:\/\/quaker.org\/es\/","logo":{"@type":"ImageObject","inLanguage":"es-ES","@id":"https:\/\/quaker.org\/es\/#\/schema\/logo\/image\/","url":"https:\/\/quaker.org\/wp-content\/uploads\/sites\/3\/2025\/08\/QuakerOrgLogo_BW-300x54-1.png","contentUrl":"https:\/\/quaker.org\/wp-content\/uploads\/sites\/3\/2025\/08\/QuakerOrgLogo_BW-300x54-1.png","width":300,"height":54,"caption":"Quaker.org"},"image":{"@id":"https:\/\/quaker.org\/es\/#\/schema\/logo\/image\/"}}]}},"distributor_meta":false,"distributor_terms":false,"distributor_media":false,"distributor_original_site_name":"Quaker.org","distributor_original_site_url":"https:\/\/quaker.org\/es\/","push-errors":false,"acf":[],"_links":{"self":[{"href":"https:\/\/quaker.org\/es\/wp-json\/wp\/v2\/pages\/2852","targetHints":{"allow":["GET"]}}],"collection":[{"href":"https:\/\/quaker.org\/es\/wp-json\/wp\/v2\/pages"}],"about":[{"href":"https:\/\/quaker.org\/es\/wp-json\/wp\/v2\/types\/page"}],"author":[{"embeddable":true,"href":"https:\/\/quaker.org\/es\/wp-json\/wp\/v2\/users\/5129"}],"replies":[{"embeddable":true,"href":"https:\/\/quaker.org\/es\/wp-json\/wp\/v2\/comments?post=2852"}],"version-history":[{"count":1,"href":"https:\/\/quaker.org\/es\/wp-json\/wp\/v2\/pages\/2852\/revisions"}],"predecessor-version":[{"id":2853,"href":"https:\/\/quaker.org\/es\/wp-json\/wp\/v2\/pages\/2852\/revisions\/2853"}],"wp:attachment":[{"href":"https:\/\/quaker.org\/es\/wp-json\/wp\/v2\/media?parent=2852"}],"curies":[{"name":"wp","href":"https:\/\/api.w.org\/{rel}","templated":true}]}}