{"id":2850,"date":"2020-06-03T13:40:46","date_gmt":"2020-06-03T13:40:46","guid":{"rendered":"https:\/\/quaker.org\/casa-cuaquera\/"},"modified":"2025-09-19T15:06:27","modified_gmt":"2025-09-19T15:06:27","slug":"casa-cuaquera","status":"publish","type":"page","link":"https:\/\/quaker.org\/es\/casa-cuaquera\/","title":{"rendered":"Casa Cu\u00e1quera"},"content":{"rendered":"\n<h3 class=\"wp-block-heading\"><a href=\"https:\/\/quakerhouse.org\/\"><em><strong>quakerhouse.org<\/strong><\/em><\/a><\/h3>\n\n<p>Quaker House se fund\u00f3 hace 50 a\u00f1os en Fayetteville, Carolina del Norte, un hito conmemorado en septiembre. Su misi\u00f3n es doble: trabajar por la paz y apoyar a las personas que han sido perjudicadas por el servicio militar. Este trabajo se realiza a trav\u00e9s de la l\u00ednea de ayuda GI Rights Hotline, un programa de asesoramiento militar, y el Equipo de Defensa asociado con el Comit\u00e9 de Los Amigos para la Legislaci\u00f3n Nacional (FCNL).  <\/p>\n\n<hr class=\"wp-block-separator\" \/>\n\n<p>En los \u00faltimos meses, Quaker House tambi\u00e9n ha organizado acciones p\u00fablicas de respuesta r\u00e1pida. Cuando el presidente Trump vino a Fayetteville para un mitin electoral del Congreso el 9 de septiembre, Quaker House organiz\u00f3 a miembros de la comunidad en una manifestaci\u00f3n en la que se ped\u00eda al presidente que actuara con mayor compasi\u00f3n y responsabilidad. El 4 de enero, se protest\u00f3 por el asesinato del general iran\u00ed Soleimani y se exigi\u00f3 la desescalada.  <\/p>\n\n<p>Entre el 1 de septiembre y el 31 de diciembre, los consejeros de la l\u00ednea de ayuda GI Rights Hotline atendieron 935 llamadas \u00fanicas de miembros del servicio activo estacionados en todo el mundo. Se ha producido un aumento en el n\u00famero de llamadas recibidas sobre objeciones de conciencia y educaci\u00f3n. El consejero de salud mental contin\u00faa atendiendo a clientes que se enfrentan a problemas de violencia dom\u00e9stica, agresi\u00f3n sexual, da\u00f1o moral y estr\u00e9s postraum\u00e1tico.  <\/p>\n\n<p>Quaker House presion\u00f3 a representantes del gobierno (el personal del representante Hudson en Fayetteville en agosto y otros tres en Washington, D.C., como parte de un evento del FCNL en noviembre) y escribi\u00f3 cartas al director para apoyar el fin de la Autorizaci\u00f3n para el Uso de la Fuerza Militar de 2002.<\/p>\n","protected":false},"excerpt":{"rendered":"<p>quakerhouse.org Quaker House se fund\u00f3 hace 50 a\u00f1os en Fayetteville, Carolina del Norte, un hito conmemorado en septiembre. Su misi\u00f3n&hellip;<\/p>\n","protected":false},"author":5129,"featured_media":0,"parent":0,"menu_order":0,"comment_status":"closed","ping_status":"closed","template":"","meta":{"_acf_changed":false,"hero_banner_post_id":0,"footnotes":""},"class_list":["post-2850","page","type-page","status-publish","hentry"],"yoast_head":"<!-- This site is optimized with the Yoast SEO plugin v27.3 - https:\/\/yoast.com\/product\/yoast-seo-wordpress\/ -->\n<title>Casa Cu\u00e1quera - Quaker.org<\/title>\n<meta name=\"robots\" content=\"index, follow, max-snippet:-1, max-image-preview:large, max-video-preview:-1\" \/>\n<link rel=\"canonical\" href=\"https:\/\/quaker.org\/es\/casa-cuaquera\/\" \/>\n<meta property=\"og:locale\" content=\"es_ES\" \/>\n<meta property=\"og:type\" content=\"article\" \/>\n<meta property=\"og:title\" content=\"Casa Cu\u00e1quera - Quaker.org\" \/>\n<meta property=\"og:description\" content=\"quakerhouse.org Quaker House se fund\u00f3 hace 50 a\u00f1os en Fayetteville, Carolina del Norte, un hito conmemorado en septiembre. Su misi\u00f3n&hellip;\" \/>\n<meta property=\"og:url\" content=\"https:\/\/quaker.org\/es\/casa-cuaquera\/\" \/>\n<meta property=\"og:site_name\" content=\"Quaker.org\" \/>\n<meta property=\"article:modified_time\" content=\"2025-09-19T15:06:27+00:00\" \/>\n<meta name=\"twitter:card\" content=\"summary_large_image\" \/>\n<meta name=\"twitter:label1\" content=\"Est. reading time\" \/>\n\t<meta name=\"twitter:data1\" content=\"1 minute\" \/>\n<script type=\"application\/ld+json\" class=\"yoast-schema-graph\">{\"@context\":\"https:\\\/\\\/schema.org\",\"@graph\":[{\"@type\":\"WebPage\",\"@id\":\"https:\\\/\\\/quaker.org\\\/es\\\/casa-cuaquera\\\/\",\"url\":\"https:\\\/\\\/quaker.org\\\/es\\\/casa-cuaquera\\\/\",\"name\":\"Casa Cu\u00e1quera - Quaker.org\",\"isPartOf\":{\"@id\":\"https:\\\/\\\/quaker.org\\\/es\\\/#website\"},\"datePublished\":\"2020-06-03T13:40:46+00:00\",\"dateModified\":\"2025-09-19T15:06:27+00:00\",\"breadcrumb\":{\"@id\":\"https:\\\/\\\/quaker.org\\\/es\\\/casa-cuaquera\\\/#breadcrumb\"},\"inLanguage\":\"es-ES\",\"potentialAction\":[{\"@type\":\"ReadAction\",\"target\":[\"https:\\\/\\\/quaker.org\\\/es\\\/casa-cuaquera\\\/\"]}]},{\"@type\":\"BreadcrumbList\",\"@id\":\"https:\\\/\\\/quaker.org\\\/es\\\/casa-cuaquera\\\/#breadcrumb\",\"itemListElement\":[{\"@type\":\"ListItem\",\"position\":1,\"name\":\"Home\",\"item\":\"https:\\\/\\\/quaker.org\\\/es\\\/bienvenido-a-a-quaker-org\\\/\"},{\"@type\":\"ListItem\",\"position\":2,\"name\":\"Casa Cu\u00e1quera\"}]},{\"@type\":\"WebSite\",\"@id\":\"https:\\\/\\\/quaker.org\\\/es\\\/#website\",\"url\":\"https:\\\/\\\/quaker.org\\\/es\\\/\",\"name\":\"Quaker.org\",\"description\":\"Learn about Friends\",\"publisher\":{\"@id\":\"https:\\\/\\\/quaker.org\\\/es\\\/#organization\"},\"potentialAction\":[{\"@type\":\"SearchAction\",\"target\":{\"@type\":\"EntryPoint\",\"urlTemplate\":\"https:\\\/\\\/quaker.org\\\/es\\\/?s={search_term_string}\"},\"query-input\":{\"@type\":\"PropertyValueSpecification\",\"valueRequired\":true,\"valueName\":\"search_term_string\"}}],\"inLanguage\":\"es-ES\"},{\"@type\":\"Organization\",\"@id\":\"https:\\\/\\\/quaker.org\\\/es\\\/#organization\",\"name\":\"Quaker.org\",\"url\":\"https:\\\/\\\/quaker.org\\\/es\\\/\",\"logo\":{\"@type\":\"ImageObject\",\"inLanguage\":\"es-ES\",\"@id\":\"https:\\\/\\\/quaker.org\\\/es\\\/#\\\/schema\\\/logo\\\/image\\\/\",\"url\":\"https:\\\/\\\/quaker.org\\\/wp-content\\\/uploads\\\/sites\\\/3\\\/2025\\\/08\\\/QuakerOrgLogo_BW-300x54-1.png\",\"contentUrl\":\"https:\\\/\\\/quaker.org\\\/wp-content\\\/uploads\\\/sites\\\/3\\\/2025\\\/08\\\/QuakerOrgLogo_BW-300x54-1.png\",\"width\":300,\"height\":54,\"caption\":\"Quaker.org\"},\"image\":{\"@id\":\"https:\\\/\\\/quaker.org\\\/es\\\/#\\\/schema\\\/logo\\\/image\\\/\"}}]}<\/script>\n<!-- \/ Yoast SEO plugin. -->","yoast_head_json":{"title":"Casa Cu\u00e1quera - Quaker.org","robots":{"index":"index","follow":"follow","max-snippet":"max-snippet:-1","max-image-preview":"max-image-preview:large","max-video-preview":"max-video-preview:-1"},"canonical":"https:\/\/quaker.org\/es\/casa-cuaquera\/","og_locale":"es_ES","og_type":"article","og_title":"Casa Cu\u00e1quera - Quaker.org","og_description":"quakerhouse.org Quaker House se fund\u00f3 hace 50 a\u00f1os en Fayetteville, Carolina del Norte, un hito conmemorado en septiembre. Su misi\u00f3n&hellip;","og_url":"https:\/\/quaker.org\/es\/casa-cuaquera\/","og_site_name":"Quaker.org","article_modified_time":"2025-09-19T15:06:27+00:00","twitter_card":"summary_large_image","twitter_misc":{"Est. reading time":"1 minute"},"schema":{"@context":"https:\/\/schema.org","@graph":[{"@type":"WebPage","@id":"https:\/\/quaker.org\/es\/casa-cuaquera\/","url":"https:\/\/quaker.org\/es\/casa-cuaquera\/","name":"Casa Cu\u00e1quera - Quaker.org","isPartOf":{"@id":"https:\/\/quaker.org\/es\/#website"},"datePublished":"2020-06-03T13:40:46+00:00","dateModified":"2025-09-19T15:06:27+00:00","breadcrumb":{"@id":"https:\/\/quaker.org\/es\/casa-cuaquera\/#breadcrumb"},"inLanguage":"es-ES","potentialAction":[{"@type":"ReadAction","target":["https:\/\/quaker.org\/es\/casa-cuaquera\/"]}]},{"@type":"BreadcrumbList","@id":"https:\/\/quaker.org\/es\/casa-cuaquera\/#breadcrumb","itemListElement":[{"@type":"ListItem","position":1,"name":"Home","item":"https:\/\/quaker.org\/es\/bienvenido-a-a-quaker-org\/"},{"@type":"ListItem","position":2,"name":"Casa Cu\u00e1quera"}]},{"@type":"WebSite","@id":"https:\/\/quaker.org\/es\/#website","url":"https:\/\/quaker.org\/es\/","name":"Quaker.org","description":"Learn about Friends","publisher":{"@id":"https:\/\/quaker.org\/es\/#organization"},"potentialAction":[{"@type":"SearchAction","target":{"@type":"EntryPoint","urlTemplate":"https:\/\/quaker.org\/es\/?s={search_term_string}"},"query-input":{"@type":"PropertyValueSpecification","valueRequired":true,"valueName":"search_term_string"}}],"inLanguage":"es-ES"},{"@type":"Organization","@id":"https:\/\/quaker.org\/es\/#organization","name":"Quaker.org","url":"https:\/\/quaker.org\/es\/","logo":{"@type":"ImageObject","inLanguage":"es-ES","@id":"https:\/\/quaker.org\/es\/#\/schema\/logo\/image\/","url":"https:\/\/quaker.org\/wp-content\/uploads\/sites\/3\/2025\/08\/QuakerOrgLogo_BW-300x54-1.png","contentUrl":"https:\/\/quaker.org\/wp-content\/uploads\/sites\/3\/2025\/08\/QuakerOrgLogo_BW-300x54-1.png","width":300,"height":54,"caption":"Quaker.org"},"image":{"@id":"https:\/\/quaker.org\/es\/#\/schema\/logo\/image\/"}}]}},"distributor_meta":false,"distributor_terms":false,"distributor_media":false,"distributor_original_site_name":"Quaker.org","distributor_original_site_url":"https:\/\/quaker.org\/es\/","push-errors":false,"acf":[],"_links":{"self":[{"href":"https:\/\/quaker.org\/es\/wp-json\/wp\/v2\/pages\/2850","targetHints":{"allow":["GET"]}}],"collection":[{"href":"https:\/\/quaker.org\/es\/wp-json\/wp\/v2\/pages"}],"about":[{"href":"https:\/\/quaker.org\/es\/wp-json\/wp\/v2\/types\/page"}],"author":[{"embeddable":true,"href":"https:\/\/quaker.org\/es\/wp-json\/wp\/v2\/users\/5129"}],"replies":[{"embeddable":true,"href":"https:\/\/quaker.org\/es\/wp-json\/wp\/v2\/comments?post=2850"}],"version-history":[{"count":1,"href":"https:\/\/quaker.org\/es\/wp-json\/wp\/v2\/pages\/2850\/revisions"}],"predecessor-version":[{"id":2851,"href":"https:\/\/quaker.org\/es\/wp-json\/wp\/v2\/pages\/2850\/revisions\/2851"}],"wp:attachment":[{"href":"https:\/\/quaker.org\/es\/wp-json\/wp\/v2\/media?parent=2850"}],"curies":[{"name":"wp","href":"https:\/\/api.w.org\/{rel}","templated":true}]}}