{"id":2848,"date":"2020-06-01T20:02:11","date_gmt":"2020-06-01T20:02:11","guid":{"rendered":"https:\/\/quaker.org\/pendle-hill\/"},"modified":"2025-09-19T15:06:23","modified_gmt":"2025-09-19T15:06:23","slug":"pendle-hill","status":"publish","type":"page","link":"https:\/\/quaker.org\/es\/pendle-hill\/","title":{"rendered":"Pendle Hill"},"content":{"rendered":"\n<h3 class=\"wp-block-heading\"><a href=\"https:\/\/pendlehill.org\/\"><em><strong>pendlehill.org<\/strong><\/em><\/a><\/h3>\n\n<p>&#8220;Pendle Hill es un centro cu\u00e1quero que da la bienvenida a todos para el aprendizaje, el retiro y la comunidad guiados por el Esp\u00edritu (Santo).&#8221;<\/p>\n\n<hr class=\"wp-block-separator has-css-opacity\" \/>\n\n<p>En septiembre, Pendle Hill lanz\u00f3 su programa anual Viaje hacia la integridad y Vidas de servicio, un retiro de trabajo. Octubre trajo un retiro de escritura para mujeres de color, un taller M\u00e1s all\u00e1 de la diversidad 101 y el \u201cTrabajo de historias\u201d del poeta P\u00e1draig \u00d3 Tuama sobre c\u00f3mo profundizar la comunidad a trav\u00e9s de la narraci\u00f3n de historias. En noviembre, George Lakey dirigi\u00f3 dos talleres sobre acci\u00f3n directa no violenta y se ofreci\u00f3 un taller de secretar\u00eda. En diciembre, el Instituto Cu\u00e1quero de Pendle Hill organiz\u00f3 \u201cPracticando nuestra herencia de M\u00edstica; misticismo y Resistencia\u201d. Los participantes en los retiros de A\u00f1o Nuevo disfrutaron de la pintura, la m\u00fasica y la atenci\u00f3n plena.    <\/p>\n\n<p>Enero trajo una capacitaci\u00f3n en Godly Play y Fe y Juego, mientras que febrero vio un curso sobre raza, reparaciones y justicia, y un taller sobre c\u00f3mo abrazar a nuestros cr\u00edticos internos.<\/p>\n\n<p>Se publicaron tres nuevos folletos: <em>El funcionamiento del Esp\u00edritu (Santo) de Dios en el interior<\/em>; <em>Sobre el ministerio vocal<\/em>; y <em>Dones espirituales, la comunidad amada y el pacto<\/em>.<\/p>\n\n<p>Con el apoyo del Fondo Ben\u00e9fico de Obadiah Brown, en noviembre, Pendle Hill envi\u00f3 a cada reuni\u00f3n y iglesia de Los Amigos en los Estados Unidos una copia gratuita del \u00edndice de folletos de Pendle Hill de 1934 a 2018. Con el apoyo del Fondo Pickett, se complet\u00f3 una publicaci\u00f3n electr\u00f3nica de <em>Testimonio por la humanidad: Una biograf\u00eda de Clarence E. Pickett<\/em>. <\/p>\n\n<p>Los Amigos en residencia incluyen a Mo O\u2019Ryan, Katrina McCrea y Doug Gwyn, adem\u00e1s de la acad\u00e9mica de Cadbury Windy Cooler. Se realizaron tres exposiciones de arte adem\u00e1s de los programas mensuales: Primeras conferencias de los lunes, el Poetry Coffeehouse y talleres de arte y espiritualidad de un d\u00eda. <\/p>\n","protected":false},"excerpt":{"rendered":"<p>pendlehill.org &#8220;Pendle Hill es un centro cu\u00e1quero que da la bienvenida a todos para el aprendizaje, el retiro y la&hellip;<\/p>\n","protected":false},"author":5129,"featured_media":0,"parent":0,"menu_order":0,"comment_status":"closed","ping_status":"closed","template":"","meta":{"_acf_changed":false,"hero_banner_post_id":0,"footnotes":""},"class_list":["post-2848","page","type-page","status-publish","hentry"],"yoast_head":"<!-- This site is optimized with the Yoast SEO plugin v27.4 - https:\/\/yoast.com\/product\/yoast-seo-wordpress\/ -->\n<title>Pendle Hill - Centro cu\u00e1quero para el aprendizaje y la comunidad guiados por el Esp\u00edritu (Santo)<\/title>\n<meta name=\"description\" content=\"Pendle Hill es un centro cu\u00e1quero para el aprendizaje, el retiro y la comunidad guiados por el Esp\u00edritu (Santo). Obtenga m\u00e1s informaci\u00f3n sobre su programa anual &quot;Viaje hacia la integridad&quot; y mucho m\u00e1s.\" \/>\n<meta name=\"robots\" content=\"index, follow, max-snippet:-1, max-image-preview:large, max-video-preview:-1\" \/>\n<link rel=\"canonical\" href=\"https:\/\/quaker.org\/es\/pendle-hill\/\" \/>\n<meta property=\"og:locale\" content=\"es_ES\" \/>\n<meta property=\"og:type\" content=\"article\" \/>\n<meta property=\"og:title\" content=\"Pendle Hill - Centro cu\u00e1quero para el aprendizaje y la comunidad guiados por el Esp\u00edritu (Santo)\" \/>\n<meta property=\"og:description\" content=\"Pendle Hill es un centro cu\u00e1quero para el aprendizaje, el retiro y la comunidad guiados por el Esp\u00edritu (Santo). Obtenga m\u00e1s informaci\u00f3n sobre su programa anual &quot;Viaje hacia la integridad&quot; y mucho m\u00e1s.\" \/>\n<meta property=\"og:url\" content=\"https:\/\/quaker.org\/es\/pendle-hill\/\" \/>\n<meta property=\"og:site_name\" content=\"Quaker.org\" \/>\n<meta property=\"article:modified_time\" content=\"2025-09-19T15:06:23+00:00\" \/>\n<meta name=\"twitter:card\" content=\"summary_large_image\" \/>\n<meta name=\"twitter:label1\" content=\"Est. reading time\" \/>\n\t<meta name=\"twitter:data1\" content=\"2 minutes\" \/>\n<script type=\"application\/ld+json\" class=\"yoast-schema-graph\">{\"@context\":\"https:\\\/\\\/schema.org\",\"@graph\":[{\"@type\":\"WebPage\",\"@id\":\"https:\\\/\\\/quaker.org\\\/es\\\/pendle-hill\\\/\",\"url\":\"https:\\\/\\\/quaker.org\\\/es\\\/pendle-hill\\\/\",\"name\":\"Pendle Hill - Centro cu\u00e1quero para el aprendizaje y la comunidad guiados por el Esp\u00edritu (Santo)\",\"isPartOf\":{\"@id\":\"https:\\\/\\\/quaker.org\\\/es\\\/#website\"},\"datePublished\":\"2020-06-01T20:02:11+00:00\",\"dateModified\":\"2025-09-19T15:06:23+00:00\",\"description\":\"Pendle Hill es un centro cu\u00e1quero para el aprendizaje, el retiro y la comunidad guiados por el Esp\u00edritu (Santo). Obtenga m\u00e1s informaci\u00f3n sobre su programa anual \\\"Viaje hacia la integridad\\\" y mucho m\u00e1s.\",\"breadcrumb\":{\"@id\":\"https:\\\/\\\/quaker.org\\\/es\\\/pendle-hill\\\/#breadcrumb\"},\"inLanguage\":\"es-ES\",\"potentialAction\":[{\"@type\":\"ReadAction\",\"target\":[\"https:\\\/\\\/quaker.org\\\/es\\\/pendle-hill\\\/\"]}]},{\"@type\":\"BreadcrumbList\",\"@id\":\"https:\\\/\\\/quaker.org\\\/es\\\/pendle-hill\\\/#breadcrumb\",\"itemListElement\":[{\"@type\":\"ListItem\",\"position\":1,\"name\":\"Home\",\"item\":\"https:\\\/\\\/quaker.org\\\/es\\\/bienvenido-a-a-quaker-org\\\/\"},{\"@type\":\"ListItem\",\"position\":2,\"name\":\"Pendle Hill\"}]},{\"@type\":\"WebSite\",\"@id\":\"https:\\\/\\\/quaker.org\\\/es\\\/#website\",\"url\":\"https:\\\/\\\/quaker.org\\\/es\\\/\",\"name\":\"Quaker.org\",\"description\":\"Learn about Friends\",\"publisher\":{\"@id\":\"https:\\\/\\\/quaker.org\\\/es\\\/#organization\"},\"potentialAction\":[{\"@type\":\"SearchAction\",\"target\":{\"@type\":\"EntryPoint\",\"urlTemplate\":\"https:\\\/\\\/quaker.org\\\/es\\\/?s={search_term_string}\"},\"query-input\":{\"@type\":\"PropertyValueSpecification\",\"valueRequired\":true,\"valueName\":\"search_term_string\"}}],\"inLanguage\":\"es-ES\"},{\"@type\":\"Organization\",\"@id\":\"https:\\\/\\\/quaker.org\\\/es\\\/#organization\",\"name\":\"Quaker.org\",\"url\":\"https:\\\/\\\/quaker.org\\\/es\\\/\",\"logo\":{\"@type\":\"ImageObject\",\"inLanguage\":\"es-ES\",\"@id\":\"https:\\\/\\\/quaker.org\\\/es\\\/#\\\/schema\\\/logo\\\/image\\\/\",\"url\":\"https:\\\/\\\/quaker.org\\\/wp-content\\\/uploads\\\/sites\\\/3\\\/2025\\\/08\\\/QuakerOrgLogo_BW-300x54-1.png\",\"contentUrl\":\"https:\\\/\\\/quaker.org\\\/wp-content\\\/uploads\\\/sites\\\/3\\\/2025\\\/08\\\/QuakerOrgLogo_BW-300x54-1.png\",\"width\":300,\"height\":54,\"caption\":\"Quaker.org\"},\"image\":{\"@id\":\"https:\\\/\\\/quaker.org\\\/es\\\/#\\\/schema\\\/logo\\\/image\\\/\"}}]}<\/script>\n<!-- \/ Yoast SEO plugin. -->","yoast_head_json":{"title":"Pendle Hill - Centro cu\u00e1quero para el aprendizaje y la comunidad guiados por el Esp\u00edritu (Santo)","description":"Pendle Hill es un centro cu\u00e1quero para el aprendizaje, el retiro y la comunidad guiados por el Esp\u00edritu (Santo). Obtenga m\u00e1s informaci\u00f3n sobre su programa anual \"Viaje hacia la integridad\" y mucho m\u00e1s.","robots":{"index":"index","follow":"follow","max-snippet":"max-snippet:-1","max-image-preview":"max-image-preview:large","max-video-preview":"max-video-preview:-1"},"canonical":"https:\/\/quaker.org\/es\/pendle-hill\/","og_locale":"es_ES","og_type":"article","og_title":"Pendle Hill - Centro cu\u00e1quero para el aprendizaje y la comunidad guiados por el Esp\u00edritu (Santo)","og_description":"Pendle Hill es un centro cu\u00e1quero para el aprendizaje, el retiro y la comunidad guiados por el Esp\u00edritu (Santo). Obtenga m\u00e1s informaci\u00f3n sobre su programa anual \"Viaje hacia la integridad\" y mucho m\u00e1s.","og_url":"https:\/\/quaker.org\/es\/pendle-hill\/","og_site_name":"Quaker.org","article_modified_time":"2025-09-19T15:06:23+00:00","twitter_card":"summary_large_image","twitter_misc":{"Est. reading time":"2 minutes"},"schema":{"@context":"https:\/\/schema.org","@graph":[{"@type":"WebPage","@id":"https:\/\/quaker.org\/es\/pendle-hill\/","url":"https:\/\/quaker.org\/es\/pendle-hill\/","name":"Pendle Hill - Centro cu\u00e1quero para el aprendizaje y la comunidad guiados por el Esp\u00edritu (Santo)","isPartOf":{"@id":"https:\/\/quaker.org\/es\/#website"},"datePublished":"2020-06-01T20:02:11+00:00","dateModified":"2025-09-19T15:06:23+00:00","description":"Pendle Hill es un centro cu\u00e1quero para el aprendizaje, el retiro y la comunidad guiados por el Esp\u00edritu (Santo). Obtenga m\u00e1s informaci\u00f3n sobre su programa anual \"Viaje hacia la integridad\" y mucho m\u00e1s.","breadcrumb":{"@id":"https:\/\/quaker.org\/es\/pendle-hill\/#breadcrumb"},"inLanguage":"es-ES","potentialAction":[{"@type":"ReadAction","target":["https:\/\/quaker.org\/es\/pendle-hill\/"]}]},{"@type":"BreadcrumbList","@id":"https:\/\/quaker.org\/es\/pendle-hill\/#breadcrumb","itemListElement":[{"@type":"ListItem","position":1,"name":"Home","item":"https:\/\/quaker.org\/es\/bienvenido-a-a-quaker-org\/"},{"@type":"ListItem","position":2,"name":"Pendle Hill"}]},{"@type":"WebSite","@id":"https:\/\/quaker.org\/es\/#website","url":"https:\/\/quaker.org\/es\/","name":"Quaker.org","description":"Learn about Friends","publisher":{"@id":"https:\/\/quaker.org\/es\/#organization"},"potentialAction":[{"@type":"SearchAction","target":{"@type":"EntryPoint","urlTemplate":"https:\/\/quaker.org\/es\/?s={search_term_string}"},"query-input":{"@type":"PropertyValueSpecification","valueRequired":true,"valueName":"search_term_string"}}],"inLanguage":"es-ES"},{"@type":"Organization","@id":"https:\/\/quaker.org\/es\/#organization","name":"Quaker.org","url":"https:\/\/quaker.org\/es\/","logo":{"@type":"ImageObject","inLanguage":"es-ES","@id":"https:\/\/quaker.org\/es\/#\/schema\/logo\/image\/","url":"https:\/\/quaker.org\/wp-content\/uploads\/sites\/3\/2025\/08\/QuakerOrgLogo_BW-300x54-1.png","contentUrl":"https:\/\/quaker.org\/wp-content\/uploads\/sites\/3\/2025\/08\/QuakerOrgLogo_BW-300x54-1.png","width":300,"height":54,"caption":"Quaker.org"},"image":{"@id":"https:\/\/quaker.org\/es\/#\/schema\/logo\/image\/"}}]}},"distributor_meta":false,"distributor_terms":false,"distributor_media":false,"distributor_original_site_name":"Quaker.org","distributor_original_site_url":"https:\/\/quaker.org\/es\/","push-errors":false,"acf":[],"_links":{"self":[{"href":"https:\/\/quaker.org\/es\/wp-json\/wp\/v2\/pages\/2848","targetHints":{"allow":["GET"]}}],"collection":[{"href":"https:\/\/quaker.org\/es\/wp-json\/wp\/v2\/pages"}],"about":[{"href":"https:\/\/quaker.org\/es\/wp-json\/wp\/v2\/types\/page"}],"author":[{"embeddable":true,"href":"https:\/\/quaker.org\/es\/wp-json\/wp\/v2\/users\/5129"}],"replies":[{"embeddable":true,"href":"https:\/\/quaker.org\/es\/wp-json\/wp\/v2\/comments?post=2848"}],"version-history":[{"count":1,"href":"https:\/\/quaker.org\/es\/wp-json\/wp\/v2\/pages\/2848\/revisions"}],"predecessor-version":[{"id":2849,"href":"https:\/\/quaker.org\/es\/wp-json\/wp\/v2\/pages\/2848\/revisions\/2849"}],"wp:attachment":[{"href":"https:\/\/quaker.org\/es\/wp-json\/wp\/v2\/media?parent=2848"}],"curies":[{"name":"wp","href":"https:\/\/api.w.org\/{rel}","templated":true}]}}