{"id":2845,"date":"2022-01-18T21:47:22","date_gmt":"2022-01-18T21:47:22","guid":{"rendered":"https:\/\/quaker.org\/puedo-ser-cuaquero-y-seguir-practicando-mis-tradiciones-religiosas-anteriores\/"},"modified":"2025-09-19T15:06:18","modified_gmt":"2025-09-19T15:06:18","slug":"puedo-ser-cuaquero-y-seguir-practicando-mis-tradiciones-religiosas-anteriores","status":"publish","type":"page","link":"https:\/\/quaker.org\/es\/puedo-ser-cuaquero-y-seguir-practicando-mis-tradiciones-religiosas-anteriores\/","title":{"rendered":"\u00bfPuedo ser cu\u00e1quero y seguir practicando mis tradiciones religiosas anteriores?"},"content":{"rendered":"\n<div class=\"wp-block-columns is-layout-flex wp-container-core-columns-is-layout-9d6595d7 wp-block-columns-is-layout-flex\">\n<div class=\"wp-block-column is-layout-flow wp-block-column-is-layout-flow\" style=\"flex-basis:50%\">\n<p><strong>(\u00bfIncluso si me interesan las pr\u00e1cticas paganas o de la Nueva Era?)<\/strong><\/p>\n\n\n\n<p>Cuando hablamos de <a href=\"https:\/\/quaker.org\/es\/que-creen-los-cuaqueros-sobre-jesus\/\">Los Amigos y el cristianismo<\/a>, reconocimos que hay muchas reuniones cu\u00e1queras que son decididamente cristianas, algunas de las cuales adoptan un enfoque evang\u00e9lico de la fe y la pr\u00e1ctica. En tales comunidades, podr\u00eda experimentar cierto rechazo si defendiera abiertamente otras pr\u00e1cticas y tradiciones religiosas no cristianas.  <\/p>\n\n\n\n<p>Por otro lado, la mayor\u00eda de las reuniones cu\u00e1queras no evang\u00e9licas se alegrar\u00e1n de dar la bienvenida a un buscador espiritual, y aceptar\u00edan la presencia o el mensaje de un pagano tan plenamente como lo har\u00edan con el de un ateo.<\/p>\n<\/div>\n\n\n\n<div class=\"wp-block-column is-layout-flow wp-block-column-is-layout-flow\" style=\"flex-basis:50%\">\n<figure class=\"wp-block-embed is-type-video is-provider-youtube wp-block-embed-youtube wp-embed-aspect-16-9 wp-has-aspect-ratio\"><div class=\"wp-block-embed__wrapper\">\n<iframe loading=\"lazy\" title=\"The Paradox of Quaker Belief\" width=\"500\" height=\"281\" src=\"https:\/\/www.youtube.com\/embed\/4pE6eewimjI?feature=oembed\" frameborder=\"0\" allow=\"accelerometer; autoplay; clipboard-write; encrypted-media; gyroscope; picture-in-picture; web-share\" referrerpolicy=\"strict-origin-when-cross-origin\" allowfullscreen><\/iframe>\n<\/div><\/figure>\n<\/div>\n<\/div>\n\n<p>Aunque caminamos juntos, cada uno tiene su propio camino hacia la comuni\u00f3n espiritual; si se relaciona m\u00e1s f\u00e1cilmente con la \u201cDiosa\u201d que con el \u201cEsp\u00edritu (Santo)\u201d, por poner un ejemplo, que as\u00ed sea. De hecho, \u201cSi no da\u00f1a a nadie, haz lo que quieras\u201d parece estar bien en consonancia con los testimonios cu\u00e1queros de paz e igualdad. Por lo tanto, aunque Los Amigos no le permitan celebrar una ceremonia del solsticio en la casa de reuni\u00f3n, siempre habr\u00eda un lugar acogedor para usted en la reuni\u00f3n para el culto.  <\/p>\n\n<p>V\u00e9alo de esta manera: cuando George Fox rechaz\u00f3 la autoridad espiritual de la iglesia y declar\u00f3 que la comuni\u00f3n con Dios era posible sin realizar rituales como la misa cristiana, no estaba diciendo que fuera <em>imposible<\/em> tener una experiencia directa con lo divino a trav\u00e9s del ritual. M\u00e1s bien, se\u00f1al\u00f3 que las iglesias de su tiempo se hab\u00edan convertido en lugares donde el ritual se realizaba por s\u00ed mismo, o para reforzar el poder institucional de la clase sacerdotal, en lugar de facilitar la comuni\u00f3n espiritual. <\/p>\n\n<div class=\"wp-block-columns is-layout-flex wp-container-core-columns-is-layout-9d6595d7 wp-block-columns-is-layout-flex\">\n<div class=\"wp-block-column is-layout-flow wp-block-column-is-layout-flow\" style=\"flex-basis:50%\">\n<p>Cuando se realiza con intenci\u00f3n sagrada, el ritual puede ser una herramienta significativa para abrirse a la revelaci\u00f3n. Y aunque muchos cu\u00e1queros podr\u00edan instintivamente estremecerse ante esta sugerencia, el culto silencioso es en s\u00ed mismo un ritual, incluso cuando rechaza la forma externa del ritual. La clave es realizarlo con una intenci\u00f3n consciente y deliberada cada vez, sin simplemente seguir los movimientos.   <\/p>\n\n\n\n<p>Este principio se aplica a todas las tradiciones religiosas. Si rezar con las cuentas del rosario, o ayunar durante el Ramad\u00e1n, u observar los D\u00edas Santos Mayores, conduce a una conexi\u00f3n m\u00e1s profunda con el Esp\u00edritu (Santo), deber\u00eda sentirse libre de continuar con tales costumbres, u otras similares, durante el tiempo que le proporcionen un consuelo espiritual genuino. Esperamos, sin embargo, que tambi\u00e9n encuentre un gran beneficio espiritual al unirse a Los Amigos en el culto silencioso.  <\/p>\n<\/div>\n\n\n\n<div class=\"wp-block-column is-layout-flow wp-block-column-is-layout-flow\" style=\"flex-basis:50%\">\n<figure class=\"wp-block-embed is-type-video is-provider-youtube wp-block-embed-youtube wp-embed-aspect-16-9 wp-has-aspect-ratio\"><div class=\"wp-block-embed__wrapper\">\n<iframe loading=\"lazy\" title=\"The Spirituality of Storytelling\" width=\"500\" height=\"281\" src=\"https:\/\/www.youtube.com\/embed\/N6f4yKwur8o?feature=oembed\" frameborder=\"0\" allow=\"accelerometer; autoplay; clipboard-write; encrypted-media; gyroscope; picture-in-picture; web-share\" referrerpolicy=\"strict-origin-when-cross-origin\" allowfullscreen><\/iframe>\n<\/div><\/figure>\n<\/div>\n<\/div>\n\n<p><strong>Siguiente: <em><a href=\"https:\/\/quaker.org\/christmas-and-easter\/\">\u00bfCelebran los cu\u00e1queros la Navidad y la Pascua?<\/a><\/em><\/strong><\/p>\n\n<div class=\"wp-block-columns has-background is-layout-flex wp-container-core-columns-is-layout-9d6595d7 wp-block-columns-is-layout-flex\" style=\"background-color:#dedede\">\n<div class=\"wp-block-column is-layout-flow wp-block-column-is-layout-flow\" style=\"flex-basis:50%\">\n<h4 class=\"wp-block-heading\">M\u00e1s informaci\u00f3n en <em>Friends Journal<\/em><\/h4>\n<\/div>\n\n\n\n<div class=\"wp-block-column is-layout-flow wp-block-column-is-layout-flow\" style=\"flex-basis:50%\">\n<p>\u201c<a href=\"https:\/\/www.friendsjournal.org\/2008132\/\">Mi viaje entre Los Amigos<\/a>\u201d, Kevin-Douglas G. Olive<\/p>\n\n\n\n<p>\u201c<a href=\"https:\/\/www.friendsjournal.org\/2003124\/\">El cuaquerismo, la espiritualidad centrada en la Tierra y la Diosa<\/a>\u201d, Heather Sowers<\/p>\n\n\n\n<p>\u201c<a href=\"https:\/\/www.friendsjournal.org\/pagan-quakers\/\">Perm\u00edtanme presentarles, brujas y Amigos<\/a>\u201d, Meagan Fischer<\/p>\n\n\n\n<p>\u201c<a href=\"https:\/\/www.friendsjournal.org\/2009095\/\">Diversidad y Unidad en la Sociedad Religiosa de los Amigos<\/a>\u201d, Lynn Fitz-Hugh<\/p>\n<\/div>\n<\/div>\n","protected":false},"excerpt":{"rendered":"<p>(\u00bfIncluso si me interesan las pr\u00e1cticas paganas o de la Nueva Era?) Cuando hablamos de Los Amigos y el cristianismo,&hellip;<\/p>\n","protected":false},"author":5131,"featured_media":0,"parent":0,"menu_order":0,"comment_status":"closed","ping_status":"closed","template":"","meta":{"_acf_changed":false,"hero_banner_post_id":0,"footnotes":""},"class_list":["post-2845","page","type-page","status-publish","hentry"],"yoast_head":"<!-- This site is optimized with the Yoast SEO plugin v27.3 - https:\/\/yoast.com\/product\/yoast-seo-wordpress\/ -->\n<title>\u00bfPuedo ser cu\u00e1quero y seguir practicando mis tradiciones religiosas previas?<\/title>\n<meta name=\"description\" content=\"Personas de todos los or\u00edgenes religiosos son bienvenidas en la fe cu\u00e1quera; sin embargo, puede que encuentre algunos grupos que est\u00e9n m\u00e1s centrados en el cristianismo que otros. Aprenda m\u00e1s.\" \/>\n<meta name=\"robots\" content=\"index, follow, max-snippet:-1, max-image-preview:large, max-video-preview:-1\" \/>\n<link rel=\"canonical\" href=\"https:\/\/quaker.org\/es\/puedo-ser-cuaquero-y-seguir-practicando-mis-tradiciones-religiosas-anteriores\/\" \/>\n<meta property=\"og:locale\" content=\"es_ES\" \/>\n<meta property=\"og:type\" content=\"article\" \/>\n<meta property=\"og:title\" content=\"\u00bfPuedo ser cu\u00e1quero y seguir practicando mis tradiciones religiosas previas?\" \/>\n<meta property=\"og:description\" content=\"Personas de todos los or\u00edgenes religiosos son bienvenidas en la fe cu\u00e1quera; sin embargo, puede que encuentre algunos grupos que est\u00e9n m\u00e1s centrados en el cristianismo que otros. Aprenda m\u00e1s.\" \/>\n<meta property=\"og:url\" content=\"https:\/\/quaker.org\/es\/puedo-ser-cuaquero-y-seguir-practicando-mis-tradiciones-religiosas-anteriores\/\" \/>\n<meta property=\"og:site_name\" content=\"Quaker.org\" \/>\n<meta property=\"article:modified_time\" content=\"2025-09-19T15:06:18+00:00\" \/>\n<meta name=\"twitter:card\" content=\"summary_large_image\" \/>\n<meta name=\"twitter:label1\" content=\"Est. reading time\" \/>\n\t<meta name=\"twitter:data1\" content=\"3 minutes\" \/>\n<script type=\"application\/ld+json\" class=\"yoast-schema-graph\">{\"@context\":\"https:\\\/\\\/schema.org\",\"@graph\":[{\"@type\":\"WebPage\",\"@id\":\"https:\\\/\\\/quaker.org\\\/es\\\/puedo-ser-cuaquero-y-seguir-practicando-mis-tradiciones-religiosas-anteriores\\\/\",\"url\":\"https:\\\/\\\/quaker.org\\\/es\\\/puedo-ser-cuaquero-y-seguir-practicando-mis-tradiciones-religiosas-anteriores\\\/\",\"name\":\"\u00bfPuedo ser cu\u00e1quero y seguir practicando mis tradiciones religiosas previas?\",\"isPartOf\":{\"@id\":\"https:\\\/\\\/quaker.org\\\/es\\\/#website\"},\"datePublished\":\"2022-01-18T21:47:22+00:00\",\"dateModified\":\"2025-09-19T15:06:18+00:00\",\"description\":\"Personas de todos los or\u00edgenes religiosos son bienvenidas en la fe cu\u00e1quera; sin embargo, puede que encuentre algunos grupos que est\u00e9n m\u00e1s centrados en el cristianismo que otros. Aprenda m\u00e1s.\",\"breadcrumb\":{\"@id\":\"https:\\\/\\\/quaker.org\\\/es\\\/puedo-ser-cuaquero-y-seguir-practicando-mis-tradiciones-religiosas-anteriores\\\/#breadcrumb\"},\"inLanguage\":\"es-ES\",\"potentialAction\":[{\"@type\":\"ReadAction\",\"target\":[\"https:\\\/\\\/quaker.org\\\/es\\\/puedo-ser-cuaquero-y-seguir-practicando-mis-tradiciones-religiosas-anteriores\\\/\"]}]},{\"@type\":\"BreadcrumbList\",\"@id\":\"https:\\\/\\\/quaker.org\\\/es\\\/puedo-ser-cuaquero-y-seguir-practicando-mis-tradiciones-religiosas-anteriores\\\/#breadcrumb\",\"itemListElement\":[{\"@type\":\"ListItem\",\"position\":1,\"name\":\"Home\",\"item\":\"https:\\\/\\\/quaker.org\\\/es\\\/bienvenido-a-a-quaker-org\\\/\"},{\"@type\":\"ListItem\",\"position\":2,\"name\":\"\u00bfPuedo ser cu\u00e1quero y seguir practicando mis tradiciones religiosas anteriores?\"}]},{\"@type\":\"WebSite\",\"@id\":\"https:\\\/\\\/quaker.org\\\/es\\\/#website\",\"url\":\"https:\\\/\\\/quaker.org\\\/es\\\/\",\"name\":\"Quaker.org\",\"description\":\"Learn about Friends\",\"publisher\":{\"@id\":\"https:\\\/\\\/quaker.org\\\/es\\\/#organization\"},\"potentialAction\":[{\"@type\":\"SearchAction\",\"target\":{\"@type\":\"EntryPoint\",\"urlTemplate\":\"https:\\\/\\\/quaker.org\\\/es\\\/?s={search_term_string}\"},\"query-input\":{\"@type\":\"PropertyValueSpecification\",\"valueRequired\":true,\"valueName\":\"search_term_string\"}}],\"inLanguage\":\"es-ES\"},{\"@type\":\"Organization\",\"@id\":\"https:\\\/\\\/quaker.org\\\/es\\\/#organization\",\"name\":\"Quaker.org\",\"url\":\"https:\\\/\\\/quaker.org\\\/es\\\/\",\"logo\":{\"@type\":\"ImageObject\",\"inLanguage\":\"es-ES\",\"@id\":\"https:\\\/\\\/quaker.org\\\/es\\\/#\\\/schema\\\/logo\\\/image\\\/\",\"url\":\"https:\\\/\\\/quaker.org\\\/wp-content\\\/uploads\\\/sites\\\/3\\\/2025\\\/08\\\/QuakerOrgLogo_BW-300x54-1.png\",\"contentUrl\":\"https:\\\/\\\/quaker.org\\\/wp-content\\\/uploads\\\/sites\\\/3\\\/2025\\\/08\\\/QuakerOrgLogo_BW-300x54-1.png\",\"width\":300,\"height\":54,\"caption\":\"Quaker.org\"},\"image\":{\"@id\":\"https:\\\/\\\/quaker.org\\\/es\\\/#\\\/schema\\\/logo\\\/image\\\/\"}}]}<\/script>\n<!-- \/ Yoast SEO plugin. -->","yoast_head_json":{"title":"\u00bfPuedo ser cu\u00e1quero y seguir practicando mis tradiciones religiosas previas?","description":"Personas de todos los or\u00edgenes religiosos son bienvenidas en la fe cu\u00e1quera; sin embargo, puede que encuentre algunos grupos que est\u00e9n m\u00e1s centrados en el cristianismo que otros. Aprenda m\u00e1s.","robots":{"index":"index","follow":"follow","max-snippet":"max-snippet:-1","max-image-preview":"max-image-preview:large","max-video-preview":"max-video-preview:-1"},"canonical":"https:\/\/quaker.org\/es\/puedo-ser-cuaquero-y-seguir-practicando-mis-tradiciones-religiosas-anteriores\/","og_locale":"es_ES","og_type":"article","og_title":"\u00bfPuedo ser cu\u00e1quero y seguir practicando mis tradiciones religiosas previas?","og_description":"Personas de todos los or\u00edgenes religiosos son bienvenidas en la fe cu\u00e1quera; sin embargo, puede que encuentre algunos grupos que est\u00e9n m\u00e1s centrados en el cristianismo que otros. Aprenda m\u00e1s.","og_url":"https:\/\/quaker.org\/es\/puedo-ser-cuaquero-y-seguir-practicando-mis-tradiciones-religiosas-anteriores\/","og_site_name":"Quaker.org","article_modified_time":"2025-09-19T15:06:18+00:00","twitter_card":"summary_large_image","twitter_misc":{"Est. reading time":"3 minutes"},"schema":{"@context":"https:\/\/schema.org","@graph":[{"@type":"WebPage","@id":"https:\/\/quaker.org\/es\/puedo-ser-cuaquero-y-seguir-practicando-mis-tradiciones-religiosas-anteriores\/","url":"https:\/\/quaker.org\/es\/puedo-ser-cuaquero-y-seguir-practicando-mis-tradiciones-religiosas-anteriores\/","name":"\u00bfPuedo ser cu\u00e1quero y seguir practicando mis tradiciones religiosas previas?","isPartOf":{"@id":"https:\/\/quaker.org\/es\/#website"},"datePublished":"2022-01-18T21:47:22+00:00","dateModified":"2025-09-19T15:06:18+00:00","description":"Personas de todos los or\u00edgenes religiosos son bienvenidas en la fe cu\u00e1quera; sin embargo, puede que encuentre algunos grupos que est\u00e9n m\u00e1s centrados en el cristianismo que otros. Aprenda m\u00e1s.","breadcrumb":{"@id":"https:\/\/quaker.org\/es\/puedo-ser-cuaquero-y-seguir-practicando-mis-tradiciones-religiosas-anteriores\/#breadcrumb"},"inLanguage":"es-ES","potentialAction":[{"@type":"ReadAction","target":["https:\/\/quaker.org\/es\/puedo-ser-cuaquero-y-seguir-practicando-mis-tradiciones-religiosas-anteriores\/"]}]},{"@type":"BreadcrumbList","@id":"https:\/\/quaker.org\/es\/puedo-ser-cuaquero-y-seguir-practicando-mis-tradiciones-religiosas-anteriores\/#breadcrumb","itemListElement":[{"@type":"ListItem","position":1,"name":"Home","item":"https:\/\/quaker.org\/es\/bienvenido-a-a-quaker-org\/"},{"@type":"ListItem","position":2,"name":"\u00bfPuedo ser cu\u00e1quero y seguir practicando mis tradiciones religiosas anteriores?"}]},{"@type":"WebSite","@id":"https:\/\/quaker.org\/es\/#website","url":"https:\/\/quaker.org\/es\/","name":"Quaker.org","description":"Learn about Friends","publisher":{"@id":"https:\/\/quaker.org\/es\/#organization"},"potentialAction":[{"@type":"SearchAction","target":{"@type":"EntryPoint","urlTemplate":"https:\/\/quaker.org\/es\/?s={search_term_string}"},"query-input":{"@type":"PropertyValueSpecification","valueRequired":true,"valueName":"search_term_string"}}],"inLanguage":"es-ES"},{"@type":"Organization","@id":"https:\/\/quaker.org\/es\/#organization","name":"Quaker.org","url":"https:\/\/quaker.org\/es\/","logo":{"@type":"ImageObject","inLanguage":"es-ES","@id":"https:\/\/quaker.org\/es\/#\/schema\/logo\/image\/","url":"https:\/\/quaker.org\/wp-content\/uploads\/sites\/3\/2025\/08\/QuakerOrgLogo_BW-300x54-1.png","contentUrl":"https:\/\/quaker.org\/wp-content\/uploads\/sites\/3\/2025\/08\/QuakerOrgLogo_BW-300x54-1.png","width":300,"height":54,"caption":"Quaker.org"},"image":{"@id":"https:\/\/quaker.org\/es\/#\/schema\/logo\/image\/"}}]}},"distributor_meta":false,"distributor_terms":false,"distributor_media":false,"distributor_original_site_name":"Quaker.org","distributor_original_site_url":"https:\/\/quaker.org\/es\/","push-errors":false,"acf":[],"_links":{"self":[{"href":"https:\/\/quaker.org\/es\/wp-json\/wp\/v2\/pages\/2845","targetHints":{"allow":["GET"]}}],"collection":[{"href":"https:\/\/quaker.org\/es\/wp-json\/wp\/v2\/pages"}],"about":[{"href":"https:\/\/quaker.org\/es\/wp-json\/wp\/v2\/types\/page"}],"author":[{"embeddable":true,"href":"https:\/\/quaker.org\/es\/wp-json\/wp\/v2\/users\/5131"}],"replies":[{"embeddable":true,"href":"https:\/\/quaker.org\/es\/wp-json\/wp\/v2\/comments?post=2845"}],"version-history":[{"count":1,"href":"https:\/\/quaker.org\/es\/wp-json\/wp\/v2\/pages\/2845\/revisions"}],"predecessor-version":[{"id":2846,"href":"https:\/\/quaker.org\/es\/wp-json\/wp\/v2\/pages\/2845\/revisions\/2846"}],"wp:attachment":[{"href":"https:\/\/quaker.org\/es\/wp-json\/wp\/v2\/media?parent=2845"}],"curies":[{"name":"wp","href":"https:\/\/api.w.org\/{rel}","templated":true}]}}