{"id":2843,"date":"2020-06-09T20:57:47","date_gmt":"2020-06-09T20:57:47","guid":{"rendered":"https:\/\/quaker.org\/educacion\/"},"modified":"2025-09-19T15:06:13","modified_gmt":"2025-09-19T15:06:13","slug":"educacion","status":"publish","type":"page","link":"https:\/\/quaker.org\/es\/educacion\/","title":{"rendered":"Educaci\u00f3n"},"content":{"rendered":"\n<p>Los Amigos han sentido pasi\u00f3n por la educaci\u00f3n durante mucho tiempo. La primera escuela cu\u00e1quera se fund\u00f3 en Filadelfia en 1689 (<a href=\"https:\/\/en.wikipedia.org\/wiki\/William_Penn_Charter_School\">William Penn Select<\/a>) y, desde entonces, muchos colegios de primaria cu\u00e1queros, as\u00ed como universidades, han sido fundados por Los Amigos (vea esta <a href=\"https:\/\/en.wikipedia.org\/wiki\/List_of_Friends_schools\">gran lista en Wikipedia<\/a>). Aqu\u00ed hay una lista de algunas de las escuelas, materiales, bibliotecas y oportunidades de educaci\u00f3n continua para Los Amigos hoy.  <\/p>\n\n<hr class=\"wp-block-separator has-css-opacity\" \/>\n\n<p><strong><a href=\"https:\/\/www.friendsjournal.org\/quakerhub\/earlham-school-of-religion\/\">Earlham School of Religion<\/a><\/strong><br\/>Seminario cu\u00e1quero en Richmond, Indiana, abierto a estudiantes de todos los or\u00edgenes.<strong><br\/><\/strong>Sitio web: <em><a href=\"https:\/\/esr.earlham.edu\/\">esr.earlham.edu<\/a><\/em><\/p>\n\n<p><strong><a href=\"https:\/\/www.friendsjournal.org\/quakerhub\/faith-play-stories\/\">Faith &amp; Play Stories<\/a><\/strong><br\/>Plan de estudios de escuela dominical basado en Montesorri para ni\u00f1os.<strong><br\/><\/strong>Sitio web: <em><a href=\"https:\/\/www.faithandplay.org\/\">faithandplay.org<\/a><\/em><\/p>\n\n<p><strong><a href=\"https:\/\/www.friendsjournal.org\/quakerhub\/friends-association-for-higher-education\/\">Friends Association for Higher Education<\/a><\/strong><br\/>Afiliaci\u00f3n para colegios y universidades y educadores cu\u00e1queros.<strong><br\/><\/strong>Sitio web: <em><a href=\"https:\/\/fahe.org\/\">fahe.org<\/a><\/em><\/p>\n\n<ul class=\"wp-block-list\">\n<li><a href=\"https:\/\/www.barclaycollege.edu\/\">Barclay College<\/a>, haviland, Kansas<\/li>\n\n\n\n<li><a href=\"https:\/\/www.brynmawr.edu\/\">Bryn mawr College<\/a>, Bryn mawr, Pensilvania<\/li>\n\n\n\n<li><a href=\"https:\/\/www.earlham.edu\/\">Earlham College<\/a>, Richmond, Indiana<\/li>\n\n\n\n<li><a href=\"https:\/\/esr.earlham.edu\/\">Earlham school of religion<\/a>, Richmond, Indiana<\/li>\n\n\n\n<li><a href=\"https:\/\/friendstheologicalcollege.org\/\">Friends theological College<\/a>, kaimosi, Kenia<\/li>\n\n\n\n<li><a href=\"https:\/\/www.friends.edu\/\">Friends University<\/a>, Wichita, Kansas<\/li>\n\n\n\n<li><a href=\"https:\/\/www.georgefox.edu\/\">George Fox University<\/a>, Newberg, Oreg\u00f3n<\/li>\n\n\n\n<li><a href=\"https:\/\/www.liu.edu\/Global\">LIU global,<\/a> Brooklyn, Nueva York<\/li>\n\n\n\n<li><a href=\"https:\/\/www.guilford.edu\/\">Guilford College<\/a>, Greensboro, Carolina del Norte<\/li>\n\n\n\n<li><a href=\"https:\/\/www.haverford.edu\/\">Haverford College<\/a>, Haverford, Pensilvania<\/li>\n\n\n\n<li><a href=\"https:\/\/www.malone.edu\/\">Malone University<\/a>, Canton, Ohio<\/li>\n\n\n\n<li><a href=\"https:\/\/www.pendlehill.org\/\">Pendle Hill<\/a>, Wallingford, Pensilvania<\/li>\n\n\n\n<li><a href=\"https:\/\/www.swarthmore.edu\/\">Swarthmore College<\/a>, swarthmore, Pensilvania<\/li>\n\n\n\n<li><a href=\"https:\/\/www.whittier.edu\/\">Whittier College<\/a>, Whittier, California<\/li>\n\n\n\n<li><a href=\"https:\/\/www.wmpenn.edu\/\">William Penn University<\/a>, Oskaloosa, Iowa<\/li>\n\n\n\n<li><a href=\"https:\/\/www.wilmington.edu\/\">Wilmington College<\/a>, Wilmington, Ohio<\/li>\n\n\n\n<li><a href=\"https:\/\/www.woodbrooke.org.uk\/\">Woodbrooke quaker study centre<\/a>, Birmingham, Reino Unido<\/li>\n<\/ul>\n\n<p><strong><a href=\"https:\/\/www.friendsjournal.org\/quakerhub\/friends-council-on-education\/\">Friends Council on Education<\/a><\/strong><br\/>Afiliaci\u00f3n para todas las escuelas primarias e inferiores de Los Amigos. <strong><br\/><\/strong>Sitio web: <em><a href=\"https:\/\/www.friendscouncil.org\/\">friendscouncil.org<\/a><\/em><\/p>\n\n<p><strong>Friends Libraries<\/strong><br\/>Estas son algunas de las bibliotecas cu\u00e1queras m\u00e1s grandes abiertas a la investigaci\u00f3n.<\/p>\n\n<ul class=\"wp-block-list\">\n<li><a href=\"https:\/\/library.guilford.edu\/archives\">Quaker archives<\/a> en Guilford College (Greensboro, NC)<\/li>\n\n\n\n<li><a href=\"https:\/\/www.haverford.edu\/library\">Haverford College<\/a> (Filadelfia, PA)<\/li>\n\n\n\n<li><a href=\"https:\/\/www.quaker.org.uk\/resources\/library\">Friends house<\/a> (Londres, Reino Unido)<\/li>\n\n\n\n<li><a href=\"https:\/\/library.earlham.edu\/home\">Earlham College <\/a>(Richmond, IN)<\/li>\n\n\n\n<li><a href=\"https:\/\/www.woodbrooke.org.uk\/learn\/resources\/library-services\/\">Woodbrooke quaker study centre<\/a> (Birmingham, Reino Unido)<\/li>\n<\/ul>\n\n<p><strong><a href=\"https:\/\/www.friendsjournal.org\/quakerhub\/quaker-religious-education-collaborative\/\">Quaker Religious Education Collaborative<\/a><\/strong><br\/>Una red de base de Los Amigos que tienen un sentido de administraci\u00f3n para la formaci\u00f3n de la Fe cu\u00e1quera de por vida a trav\u00e9s de la educaci\u00f3n religiosa. <strong><br\/><\/strong>Sitio web: <em><a href=\"https:\/\/quakers4re.org\/\">quakers4re.org<\/a><\/em><\/p>\n\n<p><strong><a href=\"https:\/\/The%20School%20of%20the%20Spirit%20Ministry\">The School of the Spirit Ministry<\/a><\/strong><br\/>Un programa de enriquecimiento de la pr\u00e1ctica espiritual ideal para la educaci\u00f3n continua.<strong><a href=\"https:\/\/The%20School%20of%20the%20Spirit%20Ministry\"><br\/><\/a><\/strong>Sitio web: <em><a href=\"https:\/\/www.schoolofthespirit.org\/\">schoolofthespirit.org<\/a><\/em><\/p>\n\n<p><strong>Way of the Spirit<\/strong><br\/>Un programa de enriquecimiento de la pr\u00e1ctica espiritual ideal para la educaci\u00f3n continua.<strong><br\/><\/strong>Sitio web: <a href=\"https:\/\/goodnewsassoc.org\/spirit\/\">goodnewsassoc.org<\/a><\/p>\n\n<hr class=\"wp-block-separator has-css-opacity\" \/>\n\n<h2 class=\"wp-block-heading\">Una selecci\u00f3n de v\u00eddeos de charlas cu\u00e1queras sobre educaci\u00f3n<\/h2>\n\n<div class=\"wp-block-columns is-layout-flex wp-container-core-columns-is-layout-9d6595d7 wp-block-columns-is-layout-flex\">\n<div class=\"wp-block-column is-layout-flow wp-block-column-is-layout-flow\">\n<figure class=\"wp-block-embed-wordpress wp-block-embed is-type-wp-embed is-provider-quakerspeak\"><div class=\"wp-block-embed__wrapper\">\nhttps:\/\/quakerspeak.com\/quakers-approach-leadership\/\n<\/div><\/figure>\n<\/div>\n\n\n\n<div class=\"wp-block-column is-layout-flow wp-block-column-is-layout-flow\">\n<figure class=\"wp-block-embed-wordpress wp-block-embed is-type-wp-embed is-provider-quakerspeak\"><div class=\"wp-block-embed__wrapper\">\nhttps:\/\/quakerspeak.com\/teaching-religion-friends-school\/\n<\/div><\/figure>\n<\/div>\n<\/div>\n\n<div class=\"wp-block-columns is-layout-flex wp-container-core-columns-is-layout-9d6595d7 wp-block-columns-is-layout-flex\">\n<div class=\"wp-block-column is-layout-flow wp-block-column-is-layout-flow\">\n<figure class=\"wp-block-embed-wordpress wp-block-embed is-type-wp-embed is-provider-quakerspeak\"><div class=\"wp-block-embed__wrapper\">\nhttps:\/\/quakerspeak.com\/how-do-quakers-support-childrens-spirituality\/\n<\/div><\/figure>\n<\/div>\n\n\n\n<div class=\"wp-block-column is-layout-flow wp-block-column-is-layout-flow\">\n<figure class=\"wp-block-embed-wordpress wp-block-embed is-type-wp-embed is-provider-quakerspeak\"><div class=\"wp-block-embed__wrapper\">\nhttps:\/\/quakerspeak.com\/supporting-young-adult-quakers\/\n<\/div><\/figure>\n<\/div>\n<\/div>\n\n<figure class=\"wp-block-embed-wordpress wp-block-embed is-type-wp-embed is-provider-quakerspeak\"><div class=\"wp-block-embed__wrapper\">\nhttps:\/\/quakerspeak.com\/working-in-a-historical-quaker-library\/\n<\/div><\/figure>\n","protected":false},"excerpt":{"rendered":"<p>Los Amigos han sentido pasi\u00f3n por la educaci\u00f3n durante mucho tiempo. La primera escuela cu\u00e1quera se fund\u00f3 en Filadelfia en&hellip;<\/p>\n","protected":false},"author":5129,"featured_media":0,"parent":0,"menu_order":0,"comment_status":"closed","ping_status":"closed","template":"","meta":{"_acf_changed":false,"hero_banner_post_id":0,"footnotes":""},"class_list":["post-2843","page","type-page","status-publish","hentry"],"yoast_head":"<!-- This site is optimized with the Yoast SEO plugin v27.4 - https:\/\/yoast.com\/product\/yoast-seo-wordpress\/ -->\n<title>Lista de colegios, universidades y bibliotecas cu\u00e1queras - educaci\u00f3n cu\u00e1quera<\/title>\n<meta name=\"description\" content=\"Los Amigos siempre han sentido pasi\u00f3n por la educaci\u00f3n, remont\u00e1ndose a la primera escuela cu\u00e1quera fundada en Filadelfia en 1969. Vea nuestra lista de escuelas cu\u00e1queras y m\u00e1s.\" \/>\n<meta name=\"robots\" content=\"index, follow, max-snippet:-1, max-image-preview:large, max-video-preview:-1\" \/>\n<link rel=\"canonical\" href=\"https:\/\/quaker.org\/es\/educacion\/\" \/>\n<meta property=\"og:locale\" content=\"es_ES\" \/>\n<meta property=\"og:type\" content=\"article\" \/>\n<meta property=\"og:title\" content=\"Lista de colegios, universidades y bibliotecas cu\u00e1queras - educaci\u00f3n cu\u00e1quera\" \/>\n<meta property=\"og:description\" content=\"Los Amigos siempre han sentido pasi\u00f3n por la educaci\u00f3n, remont\u00e1ndose a la primera escuela cu\u00e1quera fundada en Filadelfia en 1969. Vea nuestra lista de escuelas cu\u00e1queras y m\u00e1s.\" \/>\n<meta property=\"og:url\" content=\"https:\/\/quaker.org\/es\/educacion\/\" \/>\n<meta property=\"og:site_name\" content=\"Quaker.org\" \/>\n<meta property=\"article:modified_time\" content=\"2025-09-19T15:06:13+00:00\" \/>\n<meta name=\"twitter:card\" content=\"summary_large_image\" \/>\n<meta name=\"twitter:label1\" content=\"Est. reading time\" \/>\n\t<meta name=\"twitter:data1\" content=\"2 minutes\" \/>\n<script type=\"application\/ld+json\" class=\"yoast-schema-graph\">{\"@context\":\"https:\\\/\\\/schema.org\",\"@graph\":[{\"@type\":\"WebPage\",\"@id\":\"https:\\\/\\\/quaker.org\\\/es\\\/educacion\\\/\",\"url\":\"https:\\\/\\\/quaker.org\\\/es\\\/educacion\\\/\",\"name\":\"Lista de colegios, universidades y bibliotecas cu\u00e1queras - educaci\u00f3n cu\u00e1quera\",\"isPartOf\":{\"@id\":\"https:\\\/\\\/quaker.org\\\/es\\\/#website\"},\"datePublished\":\"2020-06-09T20:57:47+00:00\",\"dateModified\":\"2025-09-19T15:06:13+00:00\",\"description\":\"Los Amigos siempre han sentido pasi\u00f3n por la educaci\u00f3n, remont\u00e1ndose a la primera escuela cu\u00e1quera fundada en Filadelfia en 1969. Vea nuestra lista de escuelas cu\u00e1queras y m\u00e1s.\",\"breadcrumb\":{\"@id\":\"https:\\\/\\\/quaker.org\\\/es\\\/educacion\\\/#breadcrumb\"},\"inLanguage\":\"es-ES\",\"potentialAction\":[{\"@type\":\"ReadAction\",\"target\":[\"https:\\\/\\\/quaker.org\\\/es\\\/educacion\\\/\"]}]},{\"@type\":\"BreadcrumbList\",\"@id\":\"https:\\\/\\\/quaker.org\\\/es\\\/educacion\\\/#breadcrumb\",\"itemListElement\":[{\"@type\":\"ListItem\",\"position\":1,\"name\":\"Home\",\"item\":\"https:\\\/\\\/quaker.org\\\/es\\\/bienvenido-a-a-quaker-org\\\/\"},{\"@type\":\"ListItem\",\"position\":2,\"name\":\"Educaci\u00f3n\"}]},{\"@type\":\"WebSite\",\"@id\":\"https:\\\/\\\/quaker.org\\\/es\\\/#website\",\"url\":\"https:\\\/\\\/quaker.org\\\/es\\\/\",\"name\":\"Quaker.org\",\"description\":\"Learn about Friends\",\"publisher\":{\"@id\":\"https:\\\/\\\/quaker.org\\\/es\\\/#organization\"},\"potentialAction\":[{\"@type\":\"SearchAction\",\"target\":{\"@type\":\"EntryPoint\",\"urlTemplate\":\"https:\\\/\\\/quaker.org\\\/es\\\/?s={search_term_string}\"},\"query-input\":{\"@type\":\"PropertyValueSpecification\",\"valueRequired\":true,\"valueName\":\"search_term_string\"}}],\"inLanguage\":\"es-ES\"},{\"@type\":\"Organization\",\"@id\":\"https:\\\/\\\/quaker.org\\\/es\\\/#organization\",\"name\":\"Quaker.org\",\"url\":\"https:\\\/\\\/quaker.org\\\/es\\\/\",\"logo\":{\"@type\":\"ImageObject\",\"inLanguage\":\"es-ES\",\"@id\":\"https:\\\/\\\/quaker.org\\\/es\\\/#\\\/schema\\\/logo\\\/image\\\/\",\"url\":\"https:\\\/\\\/quaker.org\\\/wp-content\\\/uploads\\\/sites\\\/3\\\/2025\\\/08\\\/QuakerOrgLogo_BW-300x54-1.png\",\"contentUrl\":\"https:\\\/\\\/quaker.org\\\/wp-content\\\/uploads\\\/sites\\\/3\\\/2025\\\/08\\\/QuakerOrgLogo_BW-300x54-1.png\",\"width\":300,\"height\":54,\"caption\":\"Quaker.org\"},\"image\":{\"@id\":\"https:\\\/\\\/quaker.org\\\/es\\\/#\\\/schema\\\/logo\\\/image\\\/\"}}]}<\/script>\n<!-- \/ Yoast SEO plugin. -->","yoast_head_json":{"title":"Lista de colegios, universidades y bibliotecas cu\u00e1queras - educaci\u00f3n cu\u00e1quera","description":"Los Amigos siempre han sentido pasi\u00f3n por la educaci\u00f3n, remont\u00e1ndose a la primera escuela cu\u00e1quera fundada en Filadelfia en 1969. Vea nuestra lista de escuelas cu\u00e1queras y m\u00e1s.","robots":{"index":"index","follow":"follow","max-snippet":"max-snippet:-1","max-image-preview":"max-image-preview:large","max-video-preview":"max-video-preview:-1"},"canonical":"https:\/\/quaker.org\/es\/educacion\/","og_locale":"es_ES","og_type":"article","og_title":"Lista de colegios, universidades y bibliotecas cu\u00e1queras - educaci\u00f3n cu\u00e1quera","og_description":"Los Amigos siempre han sentido pasi\u00f3n por la educaci\u00f3n, remont\u00e1ndose a la primera escuela cu\u00e1quera fundada en Filadelfia en 1969. Vea nuestra lista de escuelas cu\u00e1queras y m\u00e1s.","og_url":"https:\/\/quaker.org\/es\/educacion\/","og_site_name":"Quaker.org","article_modified_time":"2025-09-19T15:06:13+00:00","twitter_card":"summary_large_image","twitter_misc":{"Est. reading time":"2 minutes"},"schema":{"@context":"https:\/\/schema.org","@graph":[{"@type":"WebPage","@id":"https:\/\/quaker.org\/es\/educacion\/","url":"https:\/\/quaker.org\/es\/educacion\/","name":"Lista de colegios, universidades y bibliotecas cu\u00e1queras - educaci\u00f3n cu\u00e1quera","isPartOf":{"@id":"https:\/\/quaker.org\/es\/#website"},"datePublished":"2020-06-09T20:57:47+00:00","dateModified":"2025-09-19T15:06:13+00:00","description":"Los Amigos siempre han sentido pasi\u00f3n por la educaci\u00f3n, remont\u00e1ndose a la primera escuela cu\u00e1quera fundada en Filadelfia en 1969. Vea nuestra lista de escuelas cu\u00e1queras y m\u00e1s.","breadcrumb":{"@id":"https:\/\/quaker.org\/es\/educacion\/#breadcrumb"},"inLanguage":"es-ES","potentialAction":[{"@type":"ReadAction","target":["https:\/\/quaker.org\/es\/educacion\/"]}]},{"@type":"BreadcrumbList","@id":"https:\/\/quaker.org\/es\/educacion\/#breadcrumb","itemListElement":[{"@type":"ListItem","position":1,"name":"Home","item":"https:\/\/quaker.org\/es\/bienvenido-a-a-quaker-org\/"},{"@type":"ListItem","position":2,"name":"Educaci\u00f3n"}]},{"@type":"WebSite","@id":"https:\/\/quaker.org\/es\/#website","url":"https:\/\/quaker.org\/es\/","name":"Quaker.org","description":"Learn about Friends","publisher":{"@id":"https:\/\/quaker.org\/es\/#organization"},"potentialAction":[{"@type":"SearchAction","target":{"@type":"EntryPoint","urlTemplate":"https:\/\/quaker.org\/es\/?s={search_term_string}"},"query-input":{"@type":"PropertyValueSpecification","valueRequired":true,"valueName":"search_term_string"}}],"inLanguage":"es-ES"},{"@type":"Organization","@id":"https:\/\/quaker.org\/es\/#organization","name":"Quaker.org","url":"https:\/\/quaker.org\/es\/","logo":{"@type":"ImageObject","inLanguage":"es-ES","@id":"https:\/\/quaker.org\/es\/#\/schema\/logo\/image\/","url":"https:\/\/quaker.org\/wp-content\/uploads\/sites\/3\/2025\/08\/QuakerOrgLogo_BW-300x54-1.png","contentUrl":"https:\/\/quaker.org\/wp-content\/uploads\/sites\/3\/2025\/08\/QuakerOrgLogo_BW-300x54-1.png","width":300,"height":54,"caption":"Quaker.org"},"image":{"@id":"https:\/\/quaker.org\/es\/#\/schema\/logo\/image\/"}}]}},"distributor_meta":false,"distributor_terms":false,"distributor_media":false,"distributor_original_site_name":"Quaker.org","distributor_original_site_url":"https:\/\/quaker.org\/es\/","push-errors":false,"acf":[],"_links":{"self":[{"href":"https:\/\/quaker.org\/es\/wp-json\/wp\/v2\/pages\/2843","targetHints":{"allow":["GET"]}}],"collection":[{"href":"https:\/\/quaker.org\/es\/wp-json\/wp\/v2\/pages"}],"about":[{"href":"https:\/\/quaker.org\/es\/wp-json\/wp\/v2\/types\/page"}],"author":[{"embeddable":true,"href":"https:\/\/quaker.org\/es\/wp-json\/wp\/v2\/users\/5129"}],"replies":[{"embeddable":true,"href":"https:\/\/quaker.org\/es\/wp-json\/wp\/v2\/comments?post=2843"}],"version-history":[{"count":1,"href":"https:\/\/quaker.org\/es\/wp-json\/wp\/v2\/pages\/2843\/revisions"}],"predecessor-version":[{"id":2858,"href":"https:\/\/quaker.org\/es\/wp-json\/wp\/v2\/pages\/2843\/revisions\/2858"}],"wp:attachment":[{"href":"https:\/\/quaker.org\/es\/wp-json\/wp\/v2\/media?parent=2843"}],"curies":[{"name":"wp","href":"https:\/\/api.w.org\/{rel}","templated":true}]}}