{"id":2842,"date":"2020-06-15T14:35:08","date_gmt":"2020-06-15T14:35:08","guid":{"rendered":"https:\/\/quaker.org\/librerias-y-editoriales\/"},"modified":"2025-09-19T15:06:11","modified_gmt":"2025-09-19T15:06:11","slug":"librerias-y-editoriales","status":"publish","type":"page","link":"https:\/\/quaker.org\/es\/librerias-y-editoriales\/","title":{"rendered":"Librer\u00edas y editoriales"},"content":{"rendered":"\n<p>Hist\u00f3ricamente, las librer\u00edas y editoriales cu\u00e1queras han estado conectadas a organizaciones m\u00e1s grandes como la Conferencia General de Los Amigos, la Junta Unida de Los Amigos y la Junta Anual de Gran Breta\u00f1a, por ejemplo. Pero las librer\u00edas y editoriales abarcan desde las afiliadas hasta las de gesti\u00f3n independiente. <a href=\"https:\/\/www.quakerquip.com\/\">Quaker United in Publication (QUIP)<\/a> es una organizaci\u00f3n que conecta a todas estas editoriales y autores.  <\/p>\n\n<hr class=\"wp-block-separator has-css-opacity\" \/>\n\n<p><strong>Barclay Press<\/strong><br\/>Sitio web: <a href=\"https:\/\/barclaypressbookstore.com\/\">barclaypressbookstore.com<\/a><\/p>\n\n<p><strong>Britain Yearly Meeting Bookshop<br\/><\/strong>Sitio web: <a href=\"https:\/\/bookshop.quaker.org.uk\/\">bookshop.quaker.org.uk<\/a><\/p>\n\n<p><strong>FGC QuakerBooks<\/strong><br\/>Sitio web: <a href=\"https:\/\/quakerbooks.org\/\">quakerbooks.org<\/a><\/p>\n\n<p><strong>FUM Bookstore<br\/><\/strong>Sitio web: <a href=\"https:\/\/bookstore.friendsunitedmeeting.org\/\">bookstore.friendsunitedmeeting.org<\/a><\/p>\n\n<p><strong>Friends Publishing<\/strong><br\/>Sitio web: <a href=\"https:\/\/www.friendsjournal.org\/\">friendsjournal.org<\/a><\/p>\n\n<p><strong>Inner Light Books<\/strong><br\/>Sitio web: <a href=\"https:\/\/innerlightbooks.com\/\">innerlightbooks.com<\/a><\/p>\n\n<p><strong>North Carolina Friends Historical Society<br\/><\/strong>Sitio web: <a href=\"https:\/\/www.ncfhs.org\/publications\/\">ncfhs.org<\/a><\/p>\n\n<p><strong>Pendle Hill<\/strong><br\/>Sitio web: <a href=\"https:\/\/pendlehill.org\/learn\/pamphlets-books\/\">pendlehill.org<\/a><\/p>\n\n<p><strong>Tract Association of Friends<\/strong><br\/>Sitio web: <a href=\"https:\/\/tractassociation.org\/\">tractassociation.org<\/a><\/p>\n\n<p><strong>Western Friend<\/strong> <strong>Bookstore<\/strong><br\/>Sitio web: <a href=\"https:\/\/westernfriend.org\/books\">westernfriend.org<\/a><\/p>\n\n<p><strong>Quaker Heritage Press<\/strong><br\/>Sitio web: <a href=\"https:\/\/www.qhpress.org\/\">qhpress.org<\/a><\/p>\n\n<p><strong>Quaker Institute for the Future<\/strong><br\/>Sitio web: <a href=\"https:\/\/www.quakerinstitute.org\/\">quakerinstitute.org<\/a><\/p>\n\n<p><strong>Quakers United in Publication<br\/><\/strong><em>Una red internacional de libreros, autores y editores cu\u00e1queros preocupados por el ministerio de la palabra escrita.<br\/><\/em>Sitio web:<a href=\"https:\/\/www.quakerquip.com\/\"> quakerquip.com<\/a><\/p>\n\n<hr class=\"wp-block-separator has-css-opacity\" \/>\n\n<h2 class=\"wp-block-heading\">Una selecci\u00f3n de v\u00eddeos de charlas cu\u00e1queras sobre publicaci\u00f3n<\/h2>\n\n<figure class=\"wp-block-embed-wordpress wp-block-embed is-type-wp-embed is-provider-quakerspeak\"><div class=\"wp-block-embed__wrapper\">\nhttps:\/\/quakerspeak.com\/quakers-publishers-truth\/\n<\/div><\/figure>\n","protected":false},"excerpt":{"rendered":"<p>Hist\u00f3ricamente, las librer\u00edas y editoriales cu\u00e1queras han estado conectadas a organizaciones m\u00e1s grandes como la Conferencia General de Los Amigos,&hellip;<\/p>\n","protected":false},"author":5129,"featured_media":0,"parent":0,"menu_order":0,"comment_status":"closed","ping_status":"closed","template":"","meta":{"_acf_changed":false,"hero_banner_post_id":0,"footnotes":""},"class_list":["post-2842","page","type-page","status-publish","hentry"],"yoast_head":"<!-- This site is optimized with the Yoast SEO plugin v27.4 - https:\/\/yoast.com\/product\/yoast-seo-wordpress\/ -->\n<title>Editoriales y librer\u00edas cu\u00e1queras.<\/title>\n<meta name=\"description\" content=\"Explore la literatura cu\u00e1quera: librer\u00edas y editoriales.\" \/>\n<meta name=\"robots\" content=\"index, follow, max-snippet:-1, max-image-preview:large, max-video-preview:-1\" \/>\n<link rel=\"canonical\" href=\"https:\/\/quaker.org\/es\/librerias-y-editoriales\/\" \/>\n<meta property=\"og:locale\" content=\"es_ES\" \/>\n<meta property=\"og:type\" content=\"article\" \/>\n<meta property=\"og:title\" content=\"Editoriales y librer\u00edas cu\u00e1queras.\" \/>\n<meta property=\"og:description\" content=\"Explore la literatura cu\u00e1quera: librer\u00edas y editoriales.\" \/>\n<meta property=\"og:url\" content=\"https:\/\/quaker.org\/es\/librerias-y-editoriales\/\" \/>\n<meta property=\"og:site_name\" content=\"Quaker.org\" \/>\n<meta property=\"article:modified_time\" content=\"2025-09-19T15:06:11+00:00\" \/>\n<meta name=\"twitter:card\" content=\"summary_large_image\" \/>\n<meta name=\"twitter:label1\" content=\"Est. reading time\" \/>\n\t<meta name=\"twitter:data1\" content=\"1 minute\" \/>\n<script type=\"application\/ld+json\" class=\"yoast-schema-graph\">{\"@context\":\"https:\\\/\\\/schema.org\",\"@graph\":[{\"@type\":\"WebPage\",\"@id\":\"https:\\\/\\\/quaker.org\\\/es\\\/librerias-y-editoriales\\\/\",\"url\":\"https:\\\/\\\/quaker.org\\\/es\\\/librerias-y-editoriales\\\/\",\"name\":\"Editoriales y librer\u00edas cu\u00e1queras.\",\"isPartOf\":{\"@id\":\"https:\\\/\\\/quaker.org\\\/es\\\/#website\"},\"datePublished\":\"2020-06-15T14:35:08+00:00\",\"dateModified\":\"2025-09-19T15:06:11+00:00\",\"description\":\"Explore la literatura cu\u00e1quera: librer\u00edas y editoriales.\",\"breadcrumb\":{\"@id\":\"https:\\\/\\\/quaker.org\\\/es\\\/librerias-y-editoriales\\\/#breadcrumb\"},\"inLanguage\":\"es-ES\",\"potentialAction\":[{\"@type\":\"ReadAction\",\"target\":[\"https:\\\/\\\/quaker.org\\\/es\\\/librerias-y-editoriales\\\/\"]}]},{\"@type\":\"BreadcrumbList\",\"@id\":\"https:\\\/\\\/quaker.org\\\/es\\\/librerias-y-editoriales\\\/#breadcrumb\",\"itemListElement\":[{\"@type\":\"ListItem\",\"position\":1,\"name\":\"Home\",\"item\":\"https:\\\/\\\/quaker.org\\\/es\\\/bienvenido-a-a-quaker-org\\\/\"},{\"@type\":\"ListItem\",\"position\":2,\"name\":\"Librer\u00edas y editoriales\"}]},{\"@type\":\"WebSite\",\"@id\":\"https:\\\/\\\/quaker.org\\\/es\\\/#website\",\"url\":\"https:\\\/\\\/quaker.org\\\/es\\\/\",\"name\":\"Quaker.org\",\"description\":\"Learn about Friends\",\"publisher\":{\"@id\":\"https:\\\/\\\/quaker.org\\\/es\\\/#organization\"},\"potentialAction\":[{\"@type\":\"SearchAction\",\"target\":{\"@type\":\"EntryPoint\",\"urlTemplate\":\"https:\\\/\\\/quaker.org\\\/es\\\/?s={search_term_string}\"},\"query-input\":{\"@type\":\"PropertyValueSpecification\",\"valueRequired\":true,\"valueName\":\"search_term_string\"}}],\"inLanguage\":\"es-ES\"},{\"@type\":\"Organization\",\"@id\":\"https:\\\/\\\/quaker.org\\\/es\\\/#organization\",\"name\":\"Quaker.org\",\"url\":\"https:\\\/\\\/quaker.org\\\/es\\\/\",\"logo\":{\"@type\":\"ImageObject\",\"inLanguage\":\"es-ES\",\"@id\":\"https:\\\/\\\/quaker.org\\\/es\\\/#\\\/schema\\\/logo\\\/image\\\/\",\"url\":\"https:\\\/\\\/quaker.org\\\/wp-content\\\/uploads\\\/sites\\\/3\\\/2025\\\/08\\\/QuakerOrgLogo_BW-300x54-1.png\",\"contentUrl\":\"https:\\\/\\\/quaker.org\\\/wp-content\\\/uploads\\\/sites\\\/3\\\/2025\\\/08\\\/QuakerOrgLogo_BW-300x54-1.png\",\"width\":300,\"height\":54,\"caption\":\"Quaker.org\"},\"image\":{\"@id\":\"https:\\\/\\\/quaker.org\\\/es\\\/#\\\/schema\\\/logo\\\/image\\\/\"}}]}<\/script>\n<!-- \/ Yoast SEO plugin. -->","yoast_head_json":{"title":"Editoriales y librer\u00edas cu\u00e1queras.","description":"Explore la literatura cu\u00e1quera: librer\u00edas y editoriales.","robots":{"index":"index","follow":"follow","max-snippet":"max-snippet:-1","max-image-preview":"max-image-preview:large","max-video-preview":"max-video-preview:-1"},"canonical":"https:\/\/quaker.org\/es\/librerias-y-editoriales\/","og_locale":"es_ES","og_type":"article","og_title":"Editoriales y librer\u00edas cu\u00e1queras.","og_description":"Explore la literatura cu\u00e1quera: librer\u00edas y editoriales.","og_url":"https:\/\/quaker.org\/es\/librerias-y-editoriales\/","og_site_name":"Quaker.org","article_modified_time":"2025-09-19T15:06:11+00:00","twitter_card":"summary_large_image","twitter_misc":{"Est. reading time":"1 minute"},"schema":{"@context":"https:\/\/schema.org","@graph":[{"@type":"WebPage","@id":"https:\/\/quaker.org\/es\/librerias-y-editoriales\/","url":"https:\/\/quaker.org\/es\/librerias-y-editoriales\/","name":"Editoriales y librer\u00edas cu\u00e1queras.","isPartOf":{"@id":"https:\/\/quaker.org\/es\/#website"},"datePublished":"2020-06-15T14:35:08+00:00","dateModified":"2025-09-19T15:06:11+00:00","description":"Explore la literatura cu\u00e1quera: librer\u00edas y editoriales.","breadcrumb":{"@id":"https:\/\/quaker.org\/es\/librerias-y-editoriales\/#breadcrumb"},"inLanguage":"es-ES","potentialAction":[{"@type":"ReadAction","target":["https:\/\/quaker.org\/es\/librerias-y-editoriales\/"]}]},{"@type":"BreadcrumbList","@id":"https:\/\/quaker.org\/es\/librerias-y-editoriales\/#breadcrumb","itemListElement":[{"@type":"ListItem","position":1,"name":"Home","item":"https:\/\/quaker.org\/es\/bienvenido-a-a-quaker-org\/"},{"@type":"ListItem","position":2,"name":"Librer\u00edas y editoriales"}]},{"@type":"WebSite","@id":"https:\/\/quaker.org\/es\/#website","url":"https:\/\/quaker.org\/es\/","name":"Quaker.org","description":"Learn about Friends","publisher":{"@id":"https:\/\/quaker.org\/es\/#organization"},"potentialAction":[{"@type":"SearchAction","target":{"@type":"EntryPoint","urlTemplate":"https:\/\/quaker.org\/es\/?s={search_term_string}"},"query-input":{"@type":"PropertyValueSpecification","valueRequired":true,"valueName":"search_term_string"}}],"inLanguage":"es-ES"},{"@type":"Organization","@id":"https:\/\/quaker.org\/es\/#organization","name":"Quaker.org","url":"https:\/\/quaker.org\/es\/","logo":{"@type":"ImageObject","inLanguage":"es-ES","@id":"https:\/\/quaker.org\/es\/#\/schema\/logo\/image\/","url":"https:\/\/quaker.org\/wp-content\/uploads\/sites\/3\/2025\/08\/QuakerOrgLogo_BW-300x54-1.png","contentUrl":"https:\/\/quaker.org\/wp-content\/uploads\/sites\/3\/2025\/08\/QuakerOrgLogo_BW-300x54-1.png","width":300,"height":54,"caption":"Quaker.org"},"image":{"@id":"https:\/\/quaker.org\/es\/#\/schema\/logo\/image\/"}}]}},"distributor_meta":false,"distributor_terms":false,"distributor_media":false,"distributor_original_site_name":"Quaker.org","distributor_original_site_url":"https:\/\/quaker.org\/es\/","push-errors":false,"acf":[],"_links":{"self":[{"href":"https:\/\/quaker.org\/es\/wp-json\/wp\/v2\/pages\/2842","targetHints":{"allow":["GET"]}}],"collection":[{"href":"https:\/\/quaker.org\/es\/wp-json\/wp\/v2\/pages"}],"about":[{"href":"https:\/\/quaker.org\/es\/wp-json\/wp\/v2\/types\/page"}],"author":[{"embeddable":true,"href":"https:\/\/quaker.org\/es\/wp-json\/wp\/v2\/users\/5129"}],"replies":[{"embeddable":true,"href":"https:\/\/quaker.org\/es\/wp-json\/wp\/v2\/comments?post=2842"}],"version-history":[{"count":1,"href":"https:\/\/quaker.org\/es\/wp-json\/wp\/v2\/pages\/2842\/revisions"}],"predecessor-version":[{"id":2844,"href":"https:\/\/quaker.org\/es\/wp-json\/wp\/v2\/pages\/2842\/revisions\/2844"}],"wp:attachment":[{"href":"https:\/\/quaker.org\/es\/wp-json\/wp\/v2\/media?parent=2842"}],"curies":[{"name":"wp","href":"https:\/\/api.w.org\/{rel}","templated":true}]}}