{"id":2840,"date":"2022-01-18T22:09:05","date_gmt":"2022-01-18T22:09:05","guid":{"rendered":"https:\/\/quaker.org\/que-creen-los-cuaqueros\/"},"modified":"2025-10-21T14:14:40","modified_gmt":"2025-10-21T14:14:40","slug":"que-creen-los-cuaqueros","status":"publish","type":"page","link":"https:\/\/quaker.org\/es\/que-creen-los-cuaqueros\/","title":{"rendered":"\u00bfQu\u00e9 creen los cu\u00e1queros?"},"content":{"rendered":"\n<div class=\"wp-block-columns is-layout-flex wp-container-core-columns-is-layout-9d6595d7 wp-block-columns-is-layout-flex\">\n<div class=\"wp-block-column is-layout-flow wp-block-column-is-layout-flow\" style=\"flex-basis:50%\">\n<p>La fe cu\u00e1quera tiene dos aspectos fundamentales. En primer lugar, Los Amigos creen que todas las personas son capaces de experimentar directamente la naturaleza divina del universo, que se conoce por muchos nombres, entre los que destacan Dios, el Esp\u00edritu (Santo) o, simplemente, Esp\u00edritu. No necesita un sacerdote ni ning\u00fan otro tipo de intercesor espiritual; no necesita realizar ning\u00fan tipo de ritual. Cuando necesite escuchar a Dios, lo har\u00e1. Cuando el Esp\u00edritu (Santo) tenga un mensaje para que lo comparta, debe compartirlo.<\/p>\n<\/div>\n\n\n\n<div class=\"wp-block-column is-layout-flow wp-block-column-is-layout-flow\" style=\"flex-basis:50%\">\n<figure class=\"wp-block-embed is-type-video is-provider-youtube wp-block-embed-youtube wp-embed-aspect-16-9 wp-has-aspect-ratio\"><div class=\"wp-block-embed__wrapper\">\n<iframe loading=\"lazy\" title=\"What Do Quakers Believe?\" width=\"500\" height=\"281\" src=\"https:\/\/www.youtube.com\/embed\/YyTP512bEQk?feature=oembed\" frameborder=\"0\" allow=\"accelerometer; autoplay; clipboard-write; encrypted-media; gyroscope; picture-in-picture; web-share\" referrerpolicy=\"strict-origin-when-cross-origin\" allowfullscreen><\/iframe>\n<\/div><\/figure>\n<\/div>\n<\/div>\n\n<p>Eso nos lleva al segundo principio clave, nuestra creencia en la revelaci\u00f3n continua. En la Biblia hebrea y el Nuevo Testamento, leemos muchas historias de Dios comunic\u00e1ndose directamente con la gente. Los Amigos creen que las revelaciones de Dios nunca han cesado, y que Dios podr\u00eda contactar con cualquiera de nosotros en cualquier momento. Cuando los cu\u00e1queros se re\u00fanen para el culto silencioso, participamos en un espacio compartido en el que nos esforzamos por ser m\u00e1s capaces, y nos ayudamos mutuamente a ser m\u00e1s capaces, de reconocer tales mensajes divinos. (Tenemos m\u00e1s que decir sobre exactamente <a href=\"https:\/\/quaker.org\/es\/como-adoran-los-cuaqueros\/\">qu\u00e9 ocurre en las reuniones cu\u00e1queras<\/a> en otras partes del sitio).<\/p>\n\n<p>Aparte de eso, la Sociedad Religiosa de los Amigos no da mucha importancia al dogma religioso. Hay <a href=\"https:\/\/www.friendsjournal.org\/s-p-i-c-e-s-quaker-testimonies\/\" target=\"_blank\" rel=\"noreferrer noopener\">6 valores cu\u00e1queros fundamentales conocidos como S.P.I.C.E.S<\/a> que le animamos a seguir, sin embargo, no le exigimos que afirme ninguna creencia espec\u00edfica sobre la forma &#8220;correcta&#8221; de experimentar el contacto con lo divino, y la mayor\u00eda de las reuniones cu\u00e1queras no le exigen que crea en nada en particular sobre Dios, incluyendo, como ver\u00e1, el nombre de &#8220;Dios&#8221;. (Sin embargo, hay <a href=\"https:\/\/quaker.org\/es\/que-creen-los-cuaqueros-sobre-jesus\/\">reuniones expl\u00edcita y entusiastamente cristianas<\/a> donde el reconocimiento de Jes\u00fas como el Hijo de Dios es un punto de partida vital).<\/p>\n\n<p>Cada uno de nosotros tiene su propia relaci\u00f3n con la divinidad; los relatos de otras personas sobre sus experiencias de revelaci\u00f3n pueden ayudarnos a reconocer y comprender mejor las nuestras, cuando el Esp\u00edritu (Santo) viene a nosotros, pero estas experiencias son, en \u00faltima instancia, \u00fanicas para cada persona. <\/p>\n\n<p><strong>Siguiente: <a href=\"https:\/\/quaker.org\/es\/creen-los-cuaqueros-en-dios\/\"><em>\u00bfCreen Los Amigos en Dios?<\/em><\/a><\/strong><\/p>\n\n<div class=\"wp-block-columns is-layout-flex wp-container-core-columns-is-layout-9d6595d7 wp-block-columns-is-layout-flex\">\n<div class=\"wp-block-column is-layout-flow wp-block-column-is-layout-flow\" style=\"flex-basis:50%\">\n<div class=\"wp-block-group has-background is-layout-flow wp-block-group-is-layout-flow\" style=\"background-color:#dedede\">\n<h4 class=\"wp-block-heading\">M\u00e1s informaci\u00f3n en <em>Friends Journal<\/em><\/h4>\n\n\n\n<p>\u201c<a href=\"https:\/\/www.friendsjournal.org\/what-do-we-believe\/\">\u00bfQu\u00e9 creemos?<\/a>\u201d Adam Segal-Isaacson<\/p>\n\n\n\n<p>\u201c<a href=\"https:\/\/www.friendsjournal.org\/when-is-a-creed-not-a-creed\/\">\u00bfCu\u00e1ndo un credo no es un credo?<\/a>\u201d Ann Birch<\/p>\n\n\n\n<p>\u201c<a href=\"https:\/\/www.friendsjournal.org\/2001067\/\">Que no haya credo no es lo mismo que que no haya teolog\u00eda<\/a>\u201d, Robert Griswold<\/p>\n\n\n\n<p>\u201c<a href=\"https:\/\/www.friendsjournal.org\/2003076\/\">La visi\u00f3n unificadora de Los Amigos<\/a>\u201d, Thomas H. Jeavons<\/p>\n<\/div>\n<\/div>\n\n\n\n<div class=\"wp-block-column is-layout-flow wp-block-column-is-layout-flow\" style=\"flex-basis:50%\">\n<figure class=\"wp-block-embed is-type-video is-provider-youtube wp-block-embed-youtube wp-embed-aspect-16-9 wp-has-aspect-ratio\"><div class=\"wp-block-embed__wrapper\">\n<iframe loading=\"lazy\" title=\"What is a Quaker?\" width=\"500\" height=\"281\" src=\"https:\/\/www.youtube.com\/embed\/I63xA-VZGXw?feature=oembed\" frameborder=\"0\" allow=\"accelerometer; autoplay; clipboard-write; encrypted-media; gyroscope; picture-in-picture; web-share\" referrerpolicy=\"strict-origin-when-cross-origin\" allowfullscreen><\/iframe>\n<\/div><\/figure>\n<\/div>\n<\/div>\n\n<p class=\"has-text-align-center\"><em>&#8220;Un cu\u00e1quero es alguien que busca ser fiel a la verdad m\u00e1s profunda que podemos encontrar, ser guiado a esa verdad por la gu\u00eda del Esp\u00edritu Santo, por la presencia de Dios en nuestras vidas, y por la comprensi\u00f3n de que esa es una experiencia real que podemos encontrar.&#8221;<\/em><\/p>\n","protected":false},"excerpt":{"rendered":"<p>La fe cu\u00e1quera tiene dos aspectos fundamentales. En primer lugar, Los Amigos creen que todas las personas son capaces de&hellip;<\/p>\n","protected":false},"author":5131,"featured_media":0,"parent":0,"menu_order":0,"comment_status":"closed","ping_status":"closed","template":"","meta":{"_acf_changed":false,"hero_banner_post_id":0,"footnotes":""},"class_list":["post-2840","page","type-page","status-publish","hentry"],"yoast_head":"<!-- This site is optimized with the Yoast SEO plugin v27.4 - https:\/\/yoast.com\/product\/yoast-seo-wordpress\/ -->\n<title>\u00bfQu\u00e9 creen los cu\u00e1queros? - Creencias y pr\u00e1cticas cu\u00e1queras<\/title>\n<meta name=\"description\" content=\"Hay dos principios b\u00e1sicos en el cuaquerismo. En primer lugar, los Amigos creen que todas las personas son capaces de experimentar la naturaleza divina del universo. Lea para saber m\u00e1s\" \/>\n<meta name=\"robots\" content=\"index, follow, max-snippet:-1, max-image-preview:large, max-video-preview:-1\" \/>\n<link rel=\"canonical\" href=\"https:\/\/quaker.org\/es\/que-creen-los-cuaqueros\/\" \/>\n<meta property=\"og:locale\" content=\"es_ES\" \/>\n<meta property=\"og:type\" content=\"article\" \/>\n<meta property=\"og:title\" content=\"\u00bfQu\u00e9 creen los cu\u00e1queros? - Creencias y pr\u00e1cticas cu\u00e1queras\" \/>\n<meta property=\"og:description\" content=\"Hay dos principios b\u00e1sicos en el cuaquerismo. En primer lugar, los Amigos creen que todas las personas son capaces de experimentar la naturaleza divina del universo. Lea para saber m\u00e1s\" \/>\n<meta property=\"og:url\" content=\"https:\/\/quaker.org\/es\/que-creen-los-cuaqueros\/\" \/>\n<meta property=\"og:site_name\" content=\"Quaker.org\" \/>\n<meta property=\"article:modified_time\" content=\"2025-10-21T14:14:40+00:00\" \/>\n<meta name=\"twitter:card\" content=\"summary_large_image\" \/>\n<meta name=\"twitter:label1\" content=\"Est. reading time\" \/>\n\t<meta name=\"twitter:data1\" content=\"2 minutes\" \/>\n<script type=\"application\/ld+json\" class=\"yoast-schema-graph\">{\"@context\":\"https:\\\/\\\/schema.org\",\"@graph\":[{\"@type\":\"WebPage\",\"@id\":\"https:\\\/\\\/quaker.org\\\/es\\\/que-creen-los-cuaqueros\\\/\",\"url\":\"https:\\\/\\\/quaker.org\\\/es\\\/que-creen-los-cuaqueros\\\/\",\"name\":\"\u00bfQu\u00e9 creen los cu\u00e1queros? - Creencias y pr\u00e1cticas cu\u00e1queras\",\"isPartOf\":{\"@id\":\"https:\\\/\\\/quaker.org\\\/es\\\/#website\"},\"datePublished\":\"2022-01-18T22:09:05+00:00\",\"dateModified\":\"2025-10-21T14:14:40+00:00\",\"description\":\"Hay dos principios b\u00e1sicos en el cuaquerismo. En primer lugar, los Amigos creen que todas las personas son capaces de experimentar la naturaleza divina del universo. Lea para saber m\u00e1s\",\"breadcrumb\":{\"@id\":\"https:\\\/\\\/quaker.org\\\/es\\\/que-creen-los-cuaqueros\\\/#breadcrumb\"},\"inLanguage\":\"es-ES\",\"potentialAction\":[{\"@type\":\"ReadAction\",\"target\":[\"https:\\\/\\\/quaker.org\\\/es\\\/que-creen-los-cuaqueros\\\/\"]}]},{\"@type\":\"BreadcrumbList\",\"@id\":\"https:\\\/\\\/quaker.org\\\/es\\\/que-creen-los-cuaqueros\\\/#breadcrumb\",\"itemListElement\":[{\"@type\":\"ListItem\",\"position\":1,\"name\":\"Home\",\"item\":\"https:\\\/\\\/quaker.org\\\/es\\\/bienvenido-a-a-quaker-org\\\/\"},{\"@type\":\"ListItem\",\"position\":2,\"name\":\"\u00bfQu\u00e9 creen los cu\u00e1queros?\"}]},{\"@type\":\"WebSite\",\"@id\":\"https:\\\/\\\/quaker.org\\\/es\\\/#website\",\"url\":\"https:\\\/\\\/quaker.org\\\/es\\\/\",\"name\":\"Quaker.org\",\"description\":\"Learn about Friends\",\"publisher\":{\"@id\":\"https:\\\/\\\/quaker.org\\\/es\\\/#organization\"},\"potentialAction\":[{\"@type\":\"SearchAction\",\"target\":{\"@type\":\"EntryPoint\",\"urlTemplate\":\"https:\\\/\\\/quaker.org\\\/es\\\/?s={search_term_string}\"},\"query-input\":{\"@type\":\"PropertyValueSpecification\",\"valueRequired\":true,\"valueName\":\"search_term_string\"}}],\"inLanguage\":\"es-ES\"},{\"@type\":\"Organization\",\"@id\":\"https:\\\/\\\/quaker.org\\\/es\\\/#organization\",\"name\":\"Quaker.org\",\"url\":\"https:\\\/\\\/quaker.org\\\/es\\\/\",\"logo\":{\"@type\":\"ImageObject\",\"inLanguage\":\"es-ES\",\"@id\":\"https:\\\/\\\/quaker.org\\\/es\\\/#\\\/schema\\\/logo\\\/image\\\/\",\"url\":\"https:\\\/\\\/quaker.org\\\/wp-content\\\/uploads\\\/sites\\\/3\\\/2025\\\/08\\\/QuakerOrgLogo_BW-300x54-1.png\",\"contentUrl\":\"https:\\\/\\\/quaker.org\\\/wp-content\\\/uploads\\\/sites\\\/3\\\/2025\\\/08\\\/QuakerOrgLogo_BW-300x54-1.png\",\"width\":300,\"height\":54,\"caption\":\"Quaker.org\"},\"image\":{\"@id\":\"https:\\\/\\\/quaker.org\\\/es\\\/#\\\/schema\\\/logo\\\/image\\\/\"}}]}<\/script>\n<!-- \/ Yoast SEO plugin. -->","yoast_head_json":{"title":"\u00bfQu\u00e9 creen los cu\u00e1queros? - Creencias y pr\u00e1cticas cu\u00e1queras","description":"Hay dos principios b\u00e1sicos en el cuaquerismo. En primer lugar, los Amigos creen que todas las personas son capaces de experimentar la naturaleza divina del universo. Lea para saber m\u00e1s","robots":{"index":"index","follow":"follow","max-snippet":"max-snippet:-1","max-image-preview":"max-image-preview:large","max-video-preview":"max-video-preview:-1"},"canonical":"https:\/\/quaker.org\/es\/que-creen-los-cuaqueros\/","og_locale":"es_ES","og_type":"article","og_title":"\u00bfQu\u00e9 creen los cu\u00e1queros? - Creencias y pr\u00e1cticas cu\u00e1queras","og_description":"Hay dos principios b\u00e1sicos en el cuaquerismo. En primer lugar, los Amigos creen que todas las personas son capaces de experimentar la naturaleza divina del universo. Lea para saber m\u00e1s","og_url":"https:\/\/quaker.org\/es\/que-creen-los-cuaqueros\/","og_site_name":"Quaker.org","article_modified_time":"2025-10-21T14:14:40+00:00","twitter_card":"summary_large_image","twitter_misc":{"Est. reading time":"2 minutes"},"schema":{"@context":"https:\/\/schema.org","@graph":[{"@type":"WebPage","@id":"https:\/\/quaker.org\/es\/que-creen-los-cuaqueros\/","url":"https:\/\/quaker.org\/es\/que-creen-los-cuaqueros\/","name":"\u00bfQu\u00e9 creen los cu\u00e1queros? - Creencias y pr\u00e1cticas cu\u00e1queras","isPartOf":{"@id":"https:\/\/quaker.org\/es\/#website"},"datePublished":"2022-01-18T22:09:05+00:00","dateModified":"2025-10-21T14:14:40+00:00","description":"Hay dos principios b\u00e1sicos en el cuaquerismo. En primer lugar, los Amigos creen que todas las personas son capaces de experimentar la naturaleza divina del universo. Lea para saber m\u00e1s","breadcrumb":{"@id":"https:\/\/quaker.org\/es\/que-creen-los-cuaqueros\/#breadcrumb"},"inLanguage":"es-ES","potentialAction":[{"@type":"ReadAction","target":["https:\/\/quaker.org\/es\/que-creen-los-cuaqueros\/"]}]},{"@type":"BreadcrumbList","@id":"https:\/\/quaker.org\/es\/que-creen-los-cuaqueros\/#breadcrumb","itemListElement":[{"@type":"ListItem","position":1,"name":"Home","item":"https:\/\/quaker.org\/es\/bienvenido-a-a-quaker-org\/"},{"@type":"ListItem","position":2,"name":"\u00bfQu\u00e9 creen los cu\u00e1queros?"}]},{"@type":"WebSite","@id":"https:\/\/quaker.org\/es\/#website","url":"https:\/\/quaker.org\/es\/","name":"Quaker.org","description":"Learn about Friends","publisher":{"@id":"https:\/\/quaker.org\/es\/#organization"},"potentialAction":[{"@type":"SearchAction","target":{"@type":"EntryPoint","urlTemplate":"https:\/\/quaker.org\/es\/?s={search_term_string}"},"query-input":{"@type":"PropertyValueSpecification","valueRequired":true,"valueName":"search_term_string"}}],"inLanguage":"es-ES"},{"@type":"Organization","@id":"https:\/\/quaker.org\/es\/#organization","name":"Quaker.org","url":"https:\/\/quaker.org\/es\/","logo":{"@type":"ImageObject","inLanguage":"es-ES","@id":"https:\/\/quaker.org\/es\/#\/schema\/logo\/image\/","url":"https:\/\/quaker.org\/wp-content\/uploads\/sites\/3\/2025\/08\/QuakerOrgLogo_BW-300x54-1.png","contentUrl":"https:\/\/quaker.org\/wp-content\/uploads\/sites\/3\/2025\/08\/QuakerOrgLogo_BW-300x54-1.png","width":300,"height":54,"caption":"Quaker.org"},"image":{"@id":"https:\/\/quaker.org\/es\/#\/schema\/logo\/image\/"}}]}},"distributor_meta":false,"distributor_terms":false,"distributor_media":false,"distributor_original_site_name":"Quaker.org","distributor_original_site_url":"https:\/\/quaker.org\/es\/","push-errors":false,"acf":[],"_links":{"self":[{"href":"https:\/\/quaker.org\/es\/wp-json\/wp\/v2\/pages\/2840","targetHints":{"allow":["GET"]}}],"collection":[{"href":"https:\/\/quaker.org\/es\/wp-json\/wp\/v2\/pages"}],"about":[{"href":"https:\/\/quaker.org\/es\/wp-json\/wp\/v2\/types\/page"}],"author":[{"embeddable":true,"href":"https:\/\/quaker.org\/es\/wp-json\/wp\/v2\/users\/5131"}],"replies":[{"embeddable":true,"href":"https:\/\/quaker.org\/es\/wp-json\/wp\/v2\/comments?post=2840"}],"version-history":[{"count":2,"href":"https:\/\/quaker.org\/es\/wp-json\/wp\/v2\/pages\/2840\/revisions"}],"predecessor-version":[{"id":3587,"href":"https:\/\/quaker.org\/es\/wp-json\/wp\/v2\/pages\/2840\/revisions\/3587"}],"wp:attachment":[{"href":"https:\/\/quaker.org\/es\/wp-json\/wp\/v2\/media?parent=2840"}],"curies":[{"name":"wp","href":"https:\/\/api.w.org\/{rel}","templated":true}]}}