{"id":2827,"date":"2020-06-01T20:00:08","date_gmt":"2020-06-01T20:00:08","guid":{"rendered":"https:\/\/quaker.org\/centro-de-los-amigos\/"},"modified":"2025-09-19T15:05:50","modified_gmt":"2025-09-19T15:05:50","slug":"centro-de-los-amigos","status":"publish","type":"page","link":"https:\/\/quaker.org\/es\/centro-de-los-amigos\/","title":{"rendered":"Centro de Los Amigos"},"content":{"rendered":"\n<h3 class=\"wp-block-heading\"><a href=\"https:\/\/friendscentercorp.org\/\"><em><strong>friendscentercorp.org<\/strong><\/em><\/a><\/h3>\n\n<p>Friends Center es un hermoso edificio en el centro de Filadelfia que es un &#8220;centro para la actividad cu\u00e1quera en Filadelfia y en todo el mundo&#8221;. El campus de Friends Center alberga una activa junta cu\u00e1quera; organizaciones cu\u00e1queras locales, regionales e internacionales; y grupos con ideas afines que trabajan por la paz y la justicia.  <\/p>\n\n<hr class=\"wp-block-separator\" \/>\n\n<p>Friends Center apareci\u00f3 recientemente en el programa de televisi\u00f3n chileno <em>City Tour on Tour<\/em>. El profesor de arquitectura Federico S\u00e1nchez visita ciudades en Chile y en todo el mundo para buscar arquitectura local destacada. Un programa reciente sobre Filadelfia, Pensilvania, incluy\u00f3 una visita a la sala de culto de la Casa de Reuniones Cu\u00e1quera de Race Street en Friends Center. Tambi\u00e9n entrevist\u00f3 a Robin Mohr, secretaria ejecutiva de la Secci\u00f3n de las Am\u00e9ricas del Comit\u00e9 Mundial de Los Amigos para la Consulta. El episodio est\u00e1 disponible en YouTube como \u201cCap\u00edtulo 8 | City Tour on Tour Estados Unidos\u201d.    <\/p>\n\n<p>En noviembre, dos exgerentes del equipo de b\u00e9isbol profesional Philadelphia Phillies, Charlie Manuel y Larry Bowa, se unieron a m\u00e1s de 200 personas para la \u00faltima acampada nocturna de Covenant House Pennsylvania en el patio de Friends Center. Este evento recaud\u00f3 m\u00e1s de 500.000 d\u00f3lares para los servicios de Covenant House para j\u00f3venes sin hogar y recibi\u00f3 una importante atenci\u00f3n de los medios locales. Los eventos de acampada est\u00e1n dise\u00f1ados para recaudar fondos y concienciar a los participantes sobre los desaf\u00edos que enfrentan las personas sin hogar, especialmente los adolescentes y los adultos j\u00f3venes.  <\/p>\n","protected":false},"excerpt":{"rendered":"<p>friendscentercorp.org Friends Center es un hermoso edificio en el centro de Filadelfia que es un &#8220;centro para la actividad cu\u00e1quera&hellip;<\/p>\n","protected":false},"author":5129,"featured_media":0,"parent":0,"menu_order":0,"comment_status":"closed","ping_status":"closed","template":"","meta":{"_acf_changed":false,"hero_banner_post_id":0,"footnotes":""},"class_list":["post-2827","page","type-page","status-publish","hentry"],"yoast_head":"<!-- This site is optimized with the Yoast SEO plugin v27.4 - https:\/\/yoast.com\/product\/yoast-seo-wordpress\/ -->\n<title>Centro de Los Amigos - Quaker.org<\/title>\n<meta name=\"robots\" content=\"index, follow, max-snippet:-1, max-image-preview:large, max-video-preview:-1\" \/>\n<link rel=\"canonical\" href=\"https:\/\/quaker.org\/es\/centro-de-los-amigos\/\" \/>\n<meta property=\"og:locale\" content=\"es_ES\" \/>\n<meta property=\"og:type\" content=\"article\" \/>\n<meta property=\"og:title\" content=\"Centro de Los Amigos - Quaker.org\" \/>\n<meta property=\"og:description\" content=\"friendscentercorp.org Friends Center es un hermoso edificio en el centro de Filadelfia que es un &#8220;centro para la actividad cu\u00e1quera&hellip;\" \/>\n<meta property=\"og:url\" content=\"https:\/\/quaker.org\/es\/centro-de-los-amigos\/\" \/>\n<meta property=\"og:site_name\" content=\"Quaker.org\" \/>\n<meta property=\"article:modified_time\" content=\"2025-09-19T15:05:50+00:00\" \/>\n<meta name=\"twitter:card\" content=\"summary_large_image\" \/>\n<meta name=\"twitter:label1\" content=\"Est. reading time\" \/>\n\t<meta name=\"twitter:data1\" content=\"1 minute\" \/>\n<script type=\"application\/ld+json\" class=\"yoast-schema-graph\">{\"@context\":\"https:\\\/\\\/schema.org\",\"@graph\":[{\"@type\":\"WebPage\",\"@id\":\"https:\\\/\\\/quaker.org\\\/es\\\/centro-de-los-amigos\\\/\",\"url\":\"https:\\\/\\\/quaker.org\\\/es\\\/centro-de-los-amigos\\\/\",\"name\":\"Centro de Los Amigos - Quaker.org\",\"isPartOf\":{\"@id\":\"https:\\\/\\\/quaker.org\\\/es\\\/#website\"},\"datePublished\":\"2020-06-01T20:00:08+00:00\",\"dateModified\":\"2025-09-19T15:05:50+00:00\",\"breadcrumb\":{\"@id\":\"https:\\\/\\\/quaker.org\\\/es\\\/centro-de-los-amigos\\\/#breadcrumb\"},\"inLanguage\":\"es-ES\",\"potentialAction\":[{\"@type\":\"ReadAction\",\"target\":[\"https:\\\/\\\/quaker.org\\\/es\\\/centro-de-los-amigos\\\/\"]}]},{\"@type\":\"BreadcrumbList\",\"@id\":\"https:\\\/\\\/quaker.org\\\/es\\\/centro-de-los-amigos\\\/#breadcrumb\",\"itemListElement\":[{\"@type\":\"ListItem\",\"position\":1,\"name\":\"Home\",\"item\":\"https:\\\/\\\/quaker.org\\\/es\\\/bienvenido-a-a-quaker-org\\\/\"},{\"@type\":\"ListItem\",\"position\":2,\"name\":\"Centro de Los Amigos\"}]},{\"@type\":\"WebSite\",\"@id\":\"https:\\\/\\\/quaker.org\\\/es\\\/#website\",\"url\":\"https:\\\/\\\/quaker.org\\\/es\\\/\",\"name\":\"Quaker.org\",\"description\":\"Learn about Friends\",\"publisher\":{\"@id\":\"https:\\\/\\\/quaker.org\\\/es\\\/#organization\"},\"potentialAction\":[{\"@type\":\"SearchAction\",\"target\":{\"@type\":\"EntryPoint\",\"urlTemplate\":\"https:\\\/\\\/quaker.org\\\/es\\\/?s={search_term_string}\"},\"query-input\":{\"@type\":\"PropertyValueSpecification\",\"valueRequired\":true,\"valueName\":\"search_term_string\"}}],\"inLanguage\":\"es-ES\"},{\"@type\":\"Organization\",\"@id\":\"https:\\\/\\\/quaker.org\\\/es\\\/#organization\",\"name\":\"Quaker.org\",\"url\":\"https:\\\/\\\/quaker.org\\\/es\\\/\",\"logo\":{\"@type\":\"ImageObject\",\"inLanguage\":\"es-ES\",\"@id\":\"https:\\\/\\\/quaker.org\\\/es\\\/#\\\/schema\\\/logo\\\/image\\\/\",\"url\":\"https:\\\/\\\/quaker.org\\\/wp-content\\\/uploads\\\/sites\\\/3\\\/2025\\\/08\\\/QuakerOrgLogo_BW-300x54-1.png\",\"contentUrl\":\"https:\\\/\\\/quaker.org\\\/wp-content\\\/uploads\\\/sites\\\/3\\\/2025\\\/08\\\/QuakerOrgLogo_BW-300x54-1.png\",\"width\":300,\"height\":54,\"caption\":\"Quaker.org\"},\"image\":{\"@id\":\"https:\\\/\\\/quaker.org\\\/es\\\/#\\\/schema\\\/logo\\\/image\\\/\"}}]}<\/script>\n<!-- \/ Yoast SEO plugin. -->","yoast_head_json":{"title":"Centro de Los Amigos - Quaker.org","robots":{"index":"index","follow":"follow","max-snippet":"max-snippet:-1","max-image-preview":"max-image-preview:large","max-video-preview":"max-video-preview:-1"},"canonical":"https:\/\/quaker.org\/es\/centro-de-los-amigos\/","og_locale":"es_ES","og_type":"article","og_title":"Centro de Los Amigos - Quaker.org","og_description":"friendscentercorp.org Friends Center es un hermoso edificio en el centro de Filadelfia que es un &#8220;centro para la actividad cu\u00e1quera&hellip;","og_url":"https:\/\/quaker.org\/es\/centro-de-los-amigos\/","og_site_name":"Quaker.org","article_modified_time":"2025-09-19T15:05:50+00:00","twitter_card":"summary_large_image","twitter_misc":{"Est. reading time":"1 minute"},"schema":{"@context":"https:\/\/schema.org","@graph":[{"@type":"WebPage","@id":"https:\/\/quaker.org\/es\/centro-de-los-amigos\/","url":"https:\/\/quaker.org\/es\/centro-de-los-amigos\/","name":"Centro de Los Amigos - Quaker.org","isPartOf":{"@id":"https:\/\/quaker.org\/es\/#website"},"datePublished":"2020-06-01T20:00:08+00:00","dateModified":"2025-09-19T15:05:50+00:00","breadcrumb":{"@id":"https:\/\/quaker.org\/es\/centro-de-los-amigos\/#breadcrumb"},"inLanguage":"es-ES","potentialAction":[{"@type":"ReadAction","target":["https:\/\/quaker.org\/es\/centro-de-los-amigos\/"]}]},{"@type":"BreadcrumbList","@id":"https:\/\/quaker.org\/es\/centro-de-los-amigos\/#breadcrumb","itemListElement":[{"@type":"ListItem","position":1,"name":"Home","item":"https:\/\/quaker.org\/es\/bienvenido-a-a-quaker-org\/"},{"@type":"ListItem","position":2,"name":"Centro de Los Amigos"}]},{"@type":"WebSite","@id":"https:\/\/quaker.org\/es\/#website","url":"https:\/\/quaker.org\/es\/","name":"Quaker.org","description":"Learn about Friends","publisher":{"@id":"https:\/\/quaker.org\/es\/#organization"},"potentialAction":[{"@type":"SearchAction","target":{"@type":"EntryPoint","urlTemplate":"https:\/\/quaker.org\/es\/?s={search_term_string}"},"query-input":{"@type":"PropertyValueSpecification","valueRequired":true,"valueName":"search_term_string"}}],"inLanguage":"es-ES"},{"@type":"Organization","@id":"https:\/\/quaker.org\/es\/#organization","name":"Quaker.org","url":"https:\/\/quaker.org\/es\/","logo":{"@type":"ImageObject","inLanguage":"es-ES","@id":"https:\/\/quaker.org\/es\/#\/schema\/logo\/image\/","url":"https:\/\/quaker.org\/wp-content\/uploads\/sites\/3\/2025\/08\/QuakerOrgLogo_BW-300x54-1.png","contentUrl":"https:\/\/quaker.org\/wp-content\/uploads\/sites\/3\/2025\/08\/QuakerOrgLogo_BW-300x54-1.png","width":300,"height":54,"caption":"Quaker.org"},"image":{"@id":"https:\/\/quaker.org\/es\/#\/schema\/logo\/image\/"}}]}},"distributor_meta":false,"distributor_terms":false,"distributor_media":false,"distributor_original_site_name":"Quaker.org","distributor_original_site_url":"https:\/\/quaker.org\/es\/","push-errors":false,"acf":[],"_links":{"self":[{"href":"https:\/\/quaker.org\/es\/wp-json\/wp\/v2\/pages\/2827","targetHints":{"allow":["GET"]}}],"collection":[{"href":"https:\/\/quaker.org\/es\/wp-json\/wp\/v2\/pages"}],"about":[{"href":"https:\/\/quaker.org\/es\/wp-json\/wp\/v2\/types\/page"}],"author":[{"embeddable":true,"href":"https:\/\/quaker.org\/es\/wp-json\/wp\/v2\/users\/5129"}],"replies":[{"embeddable":true,"href":"https:\/\/quaker.org\/es\/wp-json\/wp\/v2\/comments?post=2827"}],"version-history":[{"count":1,"href":"https:\/\/quaker.org\/es\/wp-json\/wp\/v2\/pages\/2827\/revisions"}],"predecessor-version":[{"id":2828,"href":"https:\/\/quaker.org\/es\/wp-json\/wp\/v2\/pages\/2827\/revisions\/2828"}],"wp:attachment":[{"href":"https:\/\/quaker.org\/es\/wp-json\/wp\/v2\/media?parent=2827"}],"curies":[{"name":"wp","href":"https:\/\/api.w.org\/{rel}","templated":true}]}}