{"id":2825,"date":"2020-06-01T19:34:23","date_gmt":"2020-06-01T19:34:23","guid":{"rendered":"https:\/\/quaker.org\/el-ministerio-de-la-escuela-del-espiritu\/"},"modified":"2025-09-19T15:05:49","modified_gmt":"2025-09-19T15:05:49","slug":"el-ministerio-de-la-escuela-del-espiritu","status":"publish","type":"page","link":"https:\/\/quaker.org\/es\/el-ministerio-de-la-escuela-del-espiritu\/","title":{"rendered":"El ministerio de la escuela del Esp\u00edritu"},"content":{"rendered":"\n<h3 class=\"wp-block-heading\"><a href=\"https:\/\/www.schoolofthespirit.org\/\"><em><strong>schoolofthespirit.org<\/strong><\/em><\/a><\/h3>\n\n<p>La Escuela del Esp\u00edritu (Santo) ofrece formaci\u00f3n religiosa y retiros para adultos que desean convertirse en \u00aboyentes y personas que responden de forma m\u00e1s fiel a la obra del Maestro Interior. El ministerio se basa en la oraci\u00f3n y ofrece programas arraigados en la tradici\u00f3n contemplativa cu\u00e1quera del silencio vivo\u00bb.<br\/><\/p>\n\n<hr class=\"wp-block-separator has-css-opacity\" \/>\n\n<p>La Junta del Ministerio de la Escuela del Esp\u00edritu (Santo) se ha tomado 2020 como a\u00f1o sab\u00e1tico despu\u00e9s de que la und\u00e9cima promoci\u00f3n de On Being a Spiritual Nurturer concluyera su trabajo. La junta tiene la intenci\u00f3n de discernir qu\u00e9 frecuencia y formato est\u00e1n llamados a desarrollar para futuras ofertas. Se est\u00e1n invitando nuevas voces y perspectivas sobre la profundidad contemplativa y la fidelidad al proceso de discernimiento para ayudar a identificar las carencias y las necesidades. Se ha creado una encuesta en l\u00ednea sobre las \u00abVidas espirituales de Los Amigos\u00bb para recopilar comentarios; est\u00e1 disponible en el sitio web.   <\/p>\n\n<p>La Escuela del Esp\u00edritu (Santo) sigue ofreciendo retiros contemplativos que incluyen tanto la orientaci\u00f3n de facilitadores experimentados como per\u00edodos prolongados de convivencia en silencio reparador. Los retiros recientes se celebraron en Powell House en Old Chatham, N.Y.; y en Berryville, Va. En el sitio web se detallan las pr\u00f3ximas oportunidades.  <\/p>\n\n<p>M\u00e1s de una docena de participantes se encuentran ahora a mitad de camino de los cuatro fines de semana residenciales del nuevo curso de un a\u00f1o, \u00abParticipating in God\u2019s Power\u00bb (PiGP), dirigido por Christopher Sammond y Angela York Crane. Celebrado en Pensilvania y Nuevo Hampshire, PiGP explora la fidelidad valiente, trabajando para identificar y sanar las barreras que impiden a las personas participar plenamente en el poder de Dios. <\/p>\n","protected":false},"excerpt":{"rendered":"<p>schoolofthespirit.org La Escuela del Esp\u00edritu (Santo) ofrece formaci\u00f3n religiosa y retiros para adultos que desean convertirse en \u00aboyentes y personas&hellip;<\/p>\n","protected":false},"author":5129,"featured_media":0,"parent":0,"menu_order":0,"comment_status":"closed","ping_status":"closed","template":"","meta":{"_acf_changed":false,"hero_banner_post_id":0,"footnotes":""},"class_list":["post-2825","page","type-page","status-publish","hentry"],"yoast_head":"<!-- This site is optimized with the Yoast SEO plugin v27.3 - https:\/\/yoast.com\/product\/yoast-seo-wordpress\/ -->\n<title>El ministerio de la Escuela del Esp\u00edritu (Santo): un ministerio de oraci\u00f3n y aprendizaje<\/title>\n<meta name=\"description\" content=\"La Escuela del Esp\u00edritu (Santo) ofrece formaci\u00f3n y retiros para adultos que desean convertirse en oyentes fieles y personas que responden a la obra del maestro interior. M\u00e1s informaci\u00f3n\" \/>\n<meta name=\"robots\" content=\"index, follow, max-snippet:-1, max-image-preview:large, max-video-preview:-1\" \/>\n<link rel=\"canonical\" href=\"https:\/\/quaker.org\/es\/el-ministerio-de-la-escuela-del-espiritu\/\" \/>\n<meta property=\"og:locale\" content=\"es_ES\" \/>\n<meta property=\"og:type\" content=\"article\" \/>\n<meta property=\"og:title\" content=\"El ministerio de la Escuela del Esp\u00edritu (Santo): un ministerio de oraci\u00f3n y aprendizaje\" \/>\n<meta property=\"og:description\" content=\"La Escuela del Esp\u00edritu (Santo) ofrece formaci\u00f3n y retiros para adultos que desean convertirse en oyentes fieles y personas que responden a la obra del maestro interior. M\u00e1s informaci\u00f3n\" \/>\n<meta property=\"og:url\" content=\"https:\/\/quaker.org\/es\/el-ministerio-de-la-escuela-del-espiritu\/\" \/>\n<meta property=\"og:site_name\" content=\"Quaker.org\" \/>\n<meta property=\"article:modified_time\" content=\"2025-09-19T15:05:49+00:00\" \/>\n<meta name=\"twitter:card\" content=\"summary_large_image\" \/>\n<meta name=\"twitter:label1\" content=\"Est. reading time\" \/>\n\t<meta name=\"twitter:data1\" content=\"1 minute\" \/>\n<script type=\"application\/ld+json\" class=\"yoast-schema-graph\">{\"@context\":\"https:\\\/\\\/schema.org\",\"@graph\":[{\"@type\":\"WebPage\",\"@id\":\"https:\\\/\\\/quaker.org\\\/es\\\/el-ministerio-de-la-escuela-del-espiritu\\\/\",\"url\":\"https:\\\/\\\/quaker.org\\\/es\\\/el-ministerio-de-la-escuela-del-espiritu\\\/\",\"name\":\"El ministerio de la Escuela del Esp\u00edritu (Santo): un ministerio de oraci\u00f3n y aprendizaje\",\"isPartOf\":{\"@id\":\"https:\\\/\\\/quaker.org\\\/es\\\/#website\"},\"datePublished\":\"2020-06-01T19:34:23+00:00\",\"dateModified\":\"2025-09-19T15:05:49+00:00\",\"description\":\"La Escuela del Esp\u00edritu (Santo) ofrece formaci\u00f3n y retiros para adultos que desean convertirse en oyentes fieles y personas que responden a la obra del maestro interior. M\u00e1s informaci\u00f3n\",\"breadcrumb\":{\"@id\":\"https:\\\/\\\/quaker.org\\\/es\\\/el-ministerio-de-la-escuela-del-espiritu\\\/#breadcrumb\"},\"inLanguage\":\"es-ES\",\"potentialAction\":[{\"@type\":\"ReadAction\",\"target\":[\"https:\\\/\\\/quaker.org\\\/es\\\/el-ministerio-de-la-escuela-del-espiritu\\\/\"]}]},{\"@type\":\"BreadcrumbList\",\"@id\":\"https:\\\/\\\/quaker.org\\\/es\\\/el-ministerio-de-la-escuela-del-espiritu\\\/#breadcrumb\",\"itemListElement\":[{\"@type\":\"ListItem\",\"position\":1,\"name\":\"Home\",\"item\":\"https:\\\/\\\/quaker.org\\\/es\\\/bienvenido-a-a-quaker-org\\\/\"},{\"@type\":\"ListItem\",\"position\":2,\"name\":\"El ministerio de la escuela del Esp\u00edritu\"}]},{\"@type\":\"WebSite\",\"@id\":\"https:\\\/\\\/quaker.org\\\/es\\\/#website\",\"url\":\"https:\\\/\\\/quaker.org\\\/es\\\/\",\"name\":\"Quaker.org\",\"description\":\"Learn about Friends\",\"publisher\":{\"@id\":\"https:\\\/\\\/quaker.org\\\/es\\\/#organization\"},\"potentialAction\":[{\"@type\":\"SearchAction\",\"target\":{\"@type\":\"EntryPoint\",\"urlTemplate\":\"https:\\\/\\\/quaker.org\\\/es\\\/?s={search_term_string}\"},\"query-input\":{\"@type\":\"PropertyValueSpecification\",\"valueRequired\":true,\"valueName\":\"search_term_string\"}}],\"inLanguage\":\"es-ES\"},{\"@type\":\"Organization\",\"@id\":\"https:\\\/\\\/quaker.org\\\/es\\\/#organization\",\"name\":\"Quaker.org\",\"url\":\"https:\\\/\\\/quaker.org\\\/es\\\/\",\"logo\":{\"@type\":\"ImageObject\",\"inLanguage\":\"es-ES\",\"@id\":\"https:\\\/\\\/quaker.org\\\/es\\\/#\\\/schema\\\/logo\\\/image\\\/\",\"url\":\"https:\\\/\\\/quaker.org\\\/wp-content\\\/uploads\\\/sites\\\/3\\\/2025\\\/08\\\/QuakerOrgLogo_BW-300x54-1.png\",\"contentUrl\":\"https:\\\/\\\/quaker.org\\\/wp-content\\\/uploads\\\/sites\\\/3\\\/2025\\\/08\\\/QuakerOrgLogo_BW-300x54-1.png\",\"width\":300,\"height\":54,\"caption\":\"Quaker.org\"},\"image\":{\"@id\":\"https:\\\/\\\/quaker.org\\\/es\\\/#\\\/schema\\\/logo\\\/image\\\/\"}}]}<\/script>\n<!-- \/ Yoast SEO plugin. -->","yoast_head_json":{"title":"El ministerio de la Escuela del Esp\u00edritu (Santo): un ministerio de oraci\u00f3n y aprendizaje","description":"La Escuela del Esp\u00edritu (Santo) ofrece formaci\u00f3n y retiros para adultos que desean convertirse en oyentes fieles y personas que responden a la obra del maestro interior. M\u00e1s informaci\u00f3n","robots":{"index":"index","follow":"follow","max-snippet":"max-snippet:-1","max-image-preview":"max-image-preview:large","max-video-preview":"max-video-preview:-1"},"canonical":"https:\/\/quaker.org\/es\/el-ministerio-de-la-escuela-del-espiritu\/","og_locale":"es_ES","og_type":"article","og_title":"El ministerio de la Escuela del Esp\u00edritu (Santo): un ministerio de oraci\u00f3n y aprendizaje","og_description":"La Escuela del Esp\u00edritu (Santo) ofrece formaci\u00f3n y retiros para adultos que desean convertirse en oyentes fieles y personas que responden a la obra del maestro interior. M\u00e1s informaci\u00f3n","og_url":"https:\/\/quaker.org\/es\/el-ministerio-de-la-escuela-del-espiritu\/","og_site_name":"Quaker.org","article_modified_time":"2025-09-19T15:05:49+00:00","twitter_card":"summary_large_image","twitter_misc":{"Est. reading time":"1 minute"},"schema":{"@context":"https:\/\/schema.org","@graph":[{"@type":"WebPage","@id":"https:\/\/quaker.org\/es\/el-ministerio-de-la-escuela-del-espiritu\/","url":"https:\/\/quaker.org\/es\/el-ministerio-de-la-escuela-del-espiritu\/","name":"El ministerio de la Escuela del Esp\u00edritu (Santo): un ministerio de oraci\u00f3n y aprendizaje","isPartOf":{"@id":"https:\/\/quaker.org\/es\/#website"},"datePublished":"2020-06-01T19:34:23+00:00","dateModified":"2025-09-19T15:05:49+00:00","description":"La Escuela del Esp\u00edritu (Santo) ofrece formaci\u00f3n y retiros para adultos que desean convertirse en oyentes fieles y personas que responden a la obra del maestro interior. M\u00e1s informaci\u00f3n","breadcrumb":{"@id":"https:\/\/quaker.org\/es\/el-ministerio-de-la-escuela-del-espiritu\/#breadcrumb"},"inLanguage":"es-ES","potentialAction":[{"@type":"ReadAction","target":["https:\/\/quaker.org\/es\/el-ministerio-de-la-escuela-del-espiritu\/"]}]},{"@type":"BreadcrumbList","@id":"https:\/\/quaker.org\/es\/el-ministerio-de-la-escuela-del-espiritu\/#breadcrumb","itemListElement":[{"@type":"ListItem","position":1,"name":"Home","item":"https:\/\/quaker.org\/es\/bienvenido-a-a-quaker-org\/"},{"@type":"ListItem","position":2,"name":"El ministerio de la escuela del Esp\u00edritu"}]},{"@type":"WebSite","@id":"https:\/\/quaker.org\/es\/#website","url":"https:\/\/quaker.org\/es\/","name":"Quaker.org","description":"Learn about Friends","publisher":{"@id":"https:\/\/quaker.org\/es\/#organization"},"potentialAction":[{"@type":"SearchAction","target":{"@type":"EntryPoint","urlTemplate":"https:\/\/quaker.org\/es\/?s={search_term_string}"},"query-input":{"@type":"PropertyValueSpecification","valueRequired":true,"valueName":"search_term_string"}}],"inLanguage":"es-ES"},{"@type":"Organization","@id":"https:\/\/quaker.org\/es\/#organization","name":"Quaker.org","url":"https:\/\/quaker.org\/es\/","logo":{"@type":"ImageObject","inLanguage":"es-ES","@id":"https:\/\/quaker.org\/es\/#\/schema\/logo\/image\/","url":"https:\/\/quaker.org\/wp-content\/uploads\/sites\/3\/2025\/08\/QuakerOrgLogo_BW-300x54-1.png","contentUrl":"https:\/\/quaker.org\/wp-content\/uploads\/sites\/3\/2025\/08\/QuakerOrgLogo_BW-300x54-1.png","width":300,"height":54,"caption":"Quaker.org"},"image":{"@id":"https:\/\/quaker.org\/es\/#\/schema\/logo\/image\/"}}]}},"distributor_meta":false,"distributor_terms":false,"distributor_media":false,"distributor_original_site_name":"Quaker.org","distributor_original_site_url":"https:\/\/quaker.org\/es\/","push-errors":false,"acf":[],"_links":{"self":[{"href":"https:\/\/quaker.org\/es\/wp-json\/wp\/v2\/pages\/2825","targetHints":{"allow":["GET"]}}],"collection":[{"href":"https:\/\/quaker.org\/es\/wp-json\/wp\/v2\/pages"}],"about":[{"href":"https:\/\/quaker.org\/es\/wp-json\/wp\/v2\/types\/page"}],"author":[{"embeddable":true,"href":"https:\/\/quaker.org\/es\/wp-json\/wp\/v2\/users\/5129"}],"replies":[{"embeddable":true,"href":"https:\/\/quaker.org\/es\/wp-json\/wp\/v2\/comments?post=2825"}],"version-history":[{"count":1,"href":"https:\/\/quaker.org\/es\/wp-json\/wp\/v2\/pages\/2825\/revisions"}],"predecessor-version":[{"id":2826,"href":"https:\/\/quaker.org\/es\/wp-json\/wp\/v2\/pages\/2825\/revisions\/2826"}],"wp:attachment":[{"href":"https:\/\/quaker.org\/es\/wp-json\/wp\/v2\/media?parent=2825"}],"curies":[{"name":"wp","href":"https:\/\/api.w.org\/{rel}","templated":true}]}}