{"id":2823,"date":"2020-06-01T20:03:47","date_gmt":"2020-06-01T20:03:47","guid":{"rendered":"https:\/\/quaker.org\/silver-wattle-quaker-centre\/"},"modified":"2025-09-19T15:05:47","modified_gmt":"2025-09-19T15:05:47","slug":"silver-wattle-quaker-centre","status":"publish","type":"page","link":"https:\/\/quaker.org\/es\/silver-wattle-quaker-centre\/","title":{"rendered":"Silver Wattle Quaker Centre"},"content":{"rendered":"\n<h3 class=\"wp-block-heading\"><a href=\"https:\/\/www.silverwattle.org.au\/\"><em><strong>silverwattle.org.au<\/strong><\/em><\/a><\/h3>\n\n<p>\u00abSilver Wattle es un centro cu\u00e1quero [de retiro y aprendizaje] que promueve la educaci\u00f3n social y religiosa, y la preparaci\u00f3n para el testimonio y el servicio\u00bb en Australia.<\/p>\n\n<hr class=\"wp-block-separator\" \/>\n\n<p>A pesar de estar rodeado de incendios forestales (el m\u00e1s cercano estaba a 32 kil\u00f3metros), Silver Wattle Quaker Centre, ubicado en Bungendore (a unos 29 kil\u00f3metros al noreste de Canberra) en Nueva Gales del Sur, escap\u00f3 de las llamas de los \u00faltimos incendios forestales australianos que devastaron la regi\u00f3n durante meses a partir de noviembre. Sin embargo, la prolongada sequ\u00eda afect\u00f3 al paisaje. Silver Wattle tiene varios tanques grandes de agua de lluvia con agua de pozo de respaldo, por lo que pudo proporcionar agua para mantener a los animales hasta que llegaron las lluvias, restaurando el h\u00e1bitat, el agua y el suministro de alimentos.  <\/p>\n\n<p>Los cursos ofrecidos durante el a\u00f1o pasado cubrieron varios temas, incluyendo el cuaquerismo y los ancianos, la ense\u00f1anza espiritual universal, la espiritualidad celta y el aprendizaje ind\u00edgena. Adem\u00e1s, se llevaron a cabo retiros contemplativos silenciosos y de fin de a\u00f1o. Las pr\u00f3ximas oportunidades se detallan en el sitio web.  <\/p>\n\n<p>Silver Wattle ofrece alimento espiritual a todos los que lo visitan, no solo a Los Amigos, incluyendo la organizaci\u00f3n de retiros (anglicanos, cat\u00f3licos, yoga) y grupos (estudiantes camboyanos, escritores ind\u00edgenas). Las semanas trimestrales de jardiner\u00eda y cuidado de la tierra son una forma en que los visitantes internacionales pueden participar en la vida en Silver Wattle. Tambi\u00e9n hay una nueva oportunidad para Los Amigos residentes a largo plazo.  <\/p>\n\n<p>Silver Wattle instal\u00f3 recientemente 57 nuevos paneles solares y cuatro inversores para elevar nuestro sistema existente a 25 kilovatios. A medida que aparezcan los fondos, se instalar\u00e1n las bater\u00edas adicionales necesarias para completar el sistema. <\/p>\n","protected":false},"excerpt":{"rendered":"<p>silverwattle.org.au \u00abSilver Wattle es un centro cu\u00e1quero [de retiro y aprendizaje] que promueve la educaci\u00f3n social y religiosa, y la&hellip;<\/p>\n","protected":false},"author":5129,"featured_media":0,"parent":0,"menu_order":0,"comment_status":"closed","ping_status":"closed","template":"","meta":{"_acf_changed":false,"hero_banner_post_id":0,"footnotes":""},"class_list":["post-2823","page","type-page","status-publish","hentry"],"yoast_head":"<!-- This site is optimized with the Yoast SEO plugin v27.3 - https:\/\/yoast.com\/product\/yoast-seo-wordpress\/ -->\n<title>Silver Wattle Quaker Centre - Quaker.org<\/title>\n<meta name=\"robots\" content=\"index, follow, max-snippet:-1, max-image-preview:large, max-video-preview:-1\" \/>\n<link rel=\"canonical\" href=\"https:\/\/quaker.org\/es\/silver-wattle-quaker-centre\/\" \/>\n<meta property=\"og:locale\" content=\"es_ES\" \/>\n<meta property=\"og:type\" content=\"article\" \/>\n<meta property=\"og:title\" content=\"Silver Wattle Quaker Centre - Quaker.org\" \/>\n<meta property=\"og:description\" content=\"silverwattle.org.au \u00abSilver Wattle es un centro cu\u00e1quero [de retiro y aprendizaje] que promueve la educaci\u00f3n social y religiosa, y la&hellip;\" \/>\n<meta property=\"og:url\" content=\"https:\/\/quaker.org\/es\/silver-wattle-quaker-centre\/\" \/>\n<meta property=\"og:site_name\" content=\"Quaker.org\" \/>\n<meta property=\"article:modified_time\" content=\"2025-09-19T15:05:47+00:00\" \/>\n<meta name=\"twitter:card\" content=\"summary_large_image\" \/>\n<meta name=\"twitter:label1\" content=\"Est. reading time\" \/>\n\t<meta name=\"twitter:data1\" content=\"2 minutes\" \/>\n<script type=\"application\/ld+json\" class=\"yoast-schema-graph\">{\"@context\":\"https:\\\/\\\/schema.org\",\"@graph\":[{\"@type\":\"WebPage\",\"@id\":\"https:\\\/\\\/quaker.org\\\/es\\\/silver-wattle-quaker-centre\\\/\",\"url\":\"https:\\\/\\\/quaker.org\\\/es\\\/silver-wattle-quaker-centre\\\/\",\"name\":\"Silver Wattle Quaker Centre - Quaker.org\",\"isPartOf\":{\"@id\":\"https:\\\/\\\/quaker.org\\\/es\\\/#website\"},\"datePublished\":\"2020-06-01T20:03:47+00:00\",\"dateModified\":\"2025-09-19T15:05:47+00:00\",\"breadcrumb\":{\"@id\":\"https:\\\/\\\/quaker.org\\\/es\\\/silver-wattle-quaker-centre\\\/#breadcrumb\"},\"inLanguage\":\"es-ES\",\"potentialAction\":[{\"@type\":\"ReadAction\",\"target\":[\"https:\\\/\\\/quaker.org\\\/es\\\/silver-wattle-quaker-centre\\\/\"]}]},{\"@type\":\"BreadcrumbList\",\"@id\":\"https:\\\/\\\/quaker.org\\\/es\\\/silver-wattle-quaker-centre\\\/#breadcrumb\",\"itemListElement\":[{\"@type\":\"ListItem\",\"position\":1,\"name\":\"Home\",\"item\":\"https:\\\/\\\/quaker.org\\\/es\\\/bienvenido-a-a-quaker-org\\\/\"},{\"@type\":\"ListItem\",\"position\":2,\"name\":\"Silver Wattle Quaker Centre\"}]},{\"@type\":\"WebSite\",\"@id\":\"https:\\\/\\\/quaker.org\\\/es\\\/#website\",\"url\":\"https:\\\/\\\/quaker.org\\\/es\\\/\",\"name\":\"Quaker.org\",\"description\":\"Learn about Friends\",\"publisher\":{\"@id\":\"https:\\\/\\\/quaker.org\\\/es\\\/#organization\"},\"potentialAction\":[{\"@type\":\"SearchAction\",\"target\":{\"@type\":\"EntryPoint\",\"urlTemplate\":\"https:\\\/\\\/quaker.org\\\/es\\\/?s={search_term_string}\"},\"query-input\":{\"@type\":\"PropertyValueSpecification\",\"valueRequired\":true,\"valueName\":\"search_term_string\"}}],\"inLanguage\":\"es-ES\"},{\"@type\":\"Organization\",\"@id\":\"https:\\\/\\\/quaker.org\\\/es\\\/#organization\",\"name\":\"Quaker.org\",\"url\":\"https:\\\/\\\/quaker.org\\\/es\\\/\",\"logo\":{\"@type\":\"ImageObject\",\"inLanguage\":\"es-ES\",\"@id\":\"https:\\\/\\\/quaker.org\\\/es\\\/#\\\/schema\\\/logo\\\/image\\\/\",\"url\":\"https:\\\/\\\/quaker.org\\\/wp-content\\\/uploads\\\/sites\\\/3\\\/2025\\\/08\\\/QuakerOrgLogo_BW-300x54-1.png\",\"contentUrl\":\"https:\\\/\\\/quaker.org\\\/wp-content\\\/uploads\\\/sites\\\/3\\\/2025\\\/08\\\/QuakerOrgLogo_BW-300x54-1.png\",\"width\":300,\"height\":54,\"caption\":\"Quaker.org\"},\"image\":{\"@id\":\"https:\\\/\\\/quaker.org\\\/es\\\/#\\\/schema\\\/logo\\\/image\\\/\"}}]}<\/script>\n<!-- \/ Yoast SEO plugin. -->","yoast_head_json":{"title":"Silver Wattle Quaker Centre - Quaker.org","robots":{"index":"index","follow":"follow","max-snippet":"max-snippet:-1","max-image-preview":"max-image-preview:large","max-video-preview":"max-video-preview:-1"},"canonical":"https:\/\/quaker.org\/es\/silver-wattle-quaker-centre\/","og_locale":"es_ES","og_type":"article","og_title":"Silver Wattle Quaker Centre - Quaker.org","og_description":"silverwattle.org.au \u00abSilver Wattle es un centro cu\u00e1quero [de retiro y aprendizaje] que promueve la educaci\u00f3n social y religiosa, y la&hellip;","og_url":"https:\/\/quaker.org\/es\/silver-wattle-quaker-centre\/","og_site_name":"Quaker.org","article_modified_time":"2025-09-19T15:05:47+00:00","twitter_card":"summary_large_image","twitter_misc":{"Est. reading time":"2 minutes"},"schema":{"@context":"https:\/\/schema.org","@graph":[{"@type":"WebPage","@id":"https:\/\/quaker.org\/es\/silver-wattle-quaker-centre\/","url":"https:\/\/quaker.org\/es\/silver-wattle-quaker-centre\/","name":"Silver Wattle Quaker Centre - Quaker.org","isPartOf":{"@id":"https:\/\/quaker.org\/es\/#website"},"datePublished":"2020-06-01T20:03:47+00:00","dateModified":"2025-09-19T15:05:47+00:00","breadcrumb":{"@id":"https:\/\/quaker.org\/es\/silver-wattle-quaker-centre\/#breadcrumb"},"inLanguage":"es-ES","potentialAction":[{"@type":"ReadAction","target":["https:\/\/quaker.org\/es\/silver-wattle-quaker-centre\/"]}]},{"@type":"BreadcrumbList","@id":"https:\/\/quaker.org\/es\/silver-wattle-quaker-centre\/#breadcrumb","itemListElement":[{"@type":"ListItem","position":1,"name":"Home","item":"https:\/\/quaker.org\/es\/bienvenido-a-a-quaker-org\/"},{"@type":"ListItem","position":2,"name":"Silver Wattle Quaker Centre"}]},{"@type":"WebSite","@id":"https:\/\/quaker.org\/es\/#website","url":"https:\/\/quaker.org\/es\/","name":"Quaker.org","description":"Learn about Friends","publisher":{"@id":"https:\/\/quaker.org\/es\/#organization"},"potentialAction":[{"@type":"SearchAction","target":{"@type":"EntryPoint","urlTemplate":"https:\/\/quaker.org\/es\/?s={search_term_string}"},"query-input":{"@type":"PropertyValueSpecification","valueRequired":true,"valueName":"search_term_string"}}],"inLanguage":"es-ES"},{"@type":"Organization","@id":"https:\/\/quaker.org\/es\/#organization","name":"Quaker.org","url":"https:\/\/quaker.org\/es\/","logo":{"@type":"ImageObject","inLanguage":"es-ES","@id":"https:\/\/quaker.org\/es\/#\/schema\/logo\/image\/","url":"https:\/\/quaker.org\/wp-content\/uploads\/sites\/3\/2025\/08\/QuakerOrgLogo_BW-300x54-1.png","contentUrl":"https:\/\/quaker.org\/wp-content\/uploads\/sites\/3\/2025\/08\/QuakerOrgLogo_BW-300x54-1.png","width":300,"height":54,"caption":"Quaker.org"},"image":{"@id":"https:\/\/quaker.org\/es\/#\/schema\/logo\/image\/"}}]}},"distributor_meta":false,"distributor_terms":false,"distributor_media":false,"distributor_original_site_name":"Quaker.org","distributor_original_site_url":"https:\/\/quaker.org\/es\/","push-errors":false,"acf":[],"_links":{"self":[{"href":"https:\/\/quaker.org\/es\/wp-json\/wp\/v2\/pages\/2823","targetHints":{"allow":["GET"]}}],"collection":[{"href":"https:\/\/quaker.org\/es\/wp-json\/wp\/v2\/pages"}],"about":[{"href":"https:\/\/quaker.org\/es\/wp-json\/wp\/v2\/types\/page"}],"author":[{"embeddable":true,"href":"https:\/\/quaker.org\/es\/wp-json\/wp\/v2\/users\/5129"}],"replies":[{"embeddable":true,"href":"https:\/\/quaker.org\/es\/wp-json\/wp\/v2\/comments?post=2823"}],"version-history":[{"count":1,"href":"https:\/\/quaker.org\/es\/wp-json\/wp\/v2\/pages\/2823\/revisions"}],"predecessor-version":[{"id":2824,"href":"https:\/\/quaker.org\/es\/wp-json\/wp\/v2\/pages\/2823\/revisions\/2824"}],"wp:attachment":[{"href":"https:\/\/quaker.org\/es\/wp-json\/wp\/v2\/media?parent=2823"}],"curies":[{"name":"wp","href":"https:\/\/api.w.org\/{rel}","templated":true}]}}