{"id":2819,"date":"2020-06-01T19:28:55","date_gmt":"2020-06-01T19:28:55","guid":{"rendered":"https:\/\/quaker.org\/consejo-de-los-amigos-sobre-educacion\/"},"modified":"2025-09-19T15:05:45","modified_gmt":"2025-09-19T15:05:45","slug":"consejo-de-los-amigos-sobre-educacion","status":"publish","type":"page","link":"https:\/\/quaker.org\/es\/consejo-de-los-amigos-sobre-educacion\/","title":{"rendered":"Consejo de Los Amigos sobre educaci\u00f3n"},"content":{"rendered":"\n<h3 class=\"wp-block-heading\"><a href=\"https:\/\/www.friendscouncil.org\/\"><em><strong>friendscouncil.org<\/strong><\/em><\/a><\/h3>\n\n<p>Friends Council on Education re\u00fane a las 78 escuelas primarias cu\u00e1queras de los Estados Unidos. Su &#8220;funci\u00f3n es tanto reunir a las escuelas para compartir recursos y mejores pr\u00e1cticas, como distribuir programaci\u00f3n y recursos a las escuelas seg\u00fan sea necesario&#8230; compartiendo un compromiso com\u00fan con los principios y pr\u00e1cticas cu\u00e1queras y con la educaci\u00f3n de los ni\u00f1os para que se conviertan en los ciudadanos morales que William Penn imagin\u00f3 cuando fund\u00f3 las primeras escuelas cu\u00e1queras hace m\u00e1s de 328 a\u00f1os&#8221;. <\/p>\n\n<hr class=\"wp-block-separator has-css-opacity\" \/>\n\n<p>Friends Council on Education ofrece programas que fomentan el car\u00e1cter cu\u00e1quero de las escuelas de Los Amigos y promueven la equidad, la comunidad y la justicia social.<\/p>\n\n<p>Este a\u00f1o, como novedad, se ofrece un taller de cuaquerismo 101 para padres en las escuelas de Los Amigos. Varias escuelas de Nueva York han participado y se ofrecer\u00e1n m\u00e1s talleres. <\/p>\n\n<p>En febrero, un grupo de educadores de escuelas de Los Amigos particip\u00f3 en la conferencia anual de la National Association of Independent School en Filadelfia, Pensilvania. Entre los talleres impartidos por el personal de Friends Council se encontraban \u201cRomper las cadenas de los prejuicios en la contrataci\u00f3n\u201d y \u201cCrear entornos inclusivos para estudiantes transg\u00e9nero y no binarios\u201d. Entre los talleres impartidos por educadores de escuelas de Los Amigos se encontraban \u201cMastery Learning Journey for Culturally Responsive White Leaders\u201d y \u201cThe Power of Place in Defining Your School\u2019s Educational Niche\u201d.  <\/p>\n\n<p>En 2019\u201320, Friends Council distribuy\u00f3 ayuda para la matr\u00edcula a 197 ni\u00f1os cu\u00e1queros en 34 escuelas de Los Amigos a trav\u00e9s del National Friends Education Fund, que sirve para ayudar a las familias cu\u00e1queras a enviar a sus hijos a escuelas de Los Amigos.<\/p>\n\n<p>Se han seleccionado las novenas cohortes para dos programas de desarrollo de liderazgo: el Institute for Engaging Leadership in Friends Schools y Spirited Practice and Renewed Courage, y actualmente est\u00e1n participando en su respectivo ciclo de dos a\u00f1os. Los graduados del programa a menudo pasan a aceptar puestos de liderazgo en las escuelas de Los Amigos, incluyendo las direcciones de las escuelas. <\/p>\n\n<p>Friends Council contin\u00faa brindando asesoramiento a los fideicomisarios de las escuelas en torno a la planificaci\u00f3n estrat\u00e9gica, la toma de decisiones cu\u00e1queras y m\u00e1s.<\/p>\n","protected":false},"excerpt":{"rendered":"<p>friendscouncil.org Friends Council on Education re\u00fane a las 78 escuelas primarias cu\u00e1queras de los Estados Unidos. Su &#8220;funci\u00f3n es tanto&hellip;<\/p>\n","protected":false},"author":5129,"featured_media":0,"parent":0,"menu_order":0,"comment_status":"closed","ping_status":"closed","template":"","meta":{"_acf_changed":false,"hero_banner_post_id":0,"footnotes":""},"class_list":["post-2819","page","type-page","status-publish","hentry"],"yoast_head":"<!-- This site is optimized with the Yoast SEO plugin v27.4 - https:\/\/yoast.com\/product\/yoast-seo-wordpress\/ -->\n<title>La asociaci\u00f3n nacional de escuelas de Los Amigos: Friends Council on Education<\/title>\n<meta name=\"description\" content=\"Friends Council on Education re\u00fane a 78 escuelas primarias cu\u00e1queras en los EE. UU. para compartir recursos y mejores pr\u00e1cticas que fomenten los valores cu\u00e1queros. M\u00e1s informaci\u00f3n.\" \/>\n<meta name=\"robots\" content=\"index, follow, max-snippet:-1, max-image-preview:large, max-video-preview:-1\" \/>\n<link rel=\"canonical\" href=\"https:\/\/quaker.org\/es\/consejo-de-los-amigos-sobre-educacion\/\" \/>\n<meta property=\"og:locale\" content=\"es_ES\" \/>\n<meta property=\"og:type\" content=\"article\" \/>\n<meta property=\"og:title\" content=\"La asociaci\u00f3n nacional de escuelas de Los Amigos: Friends Council on Education\" \/>\n<meta property=\"og:description\" content=\"Friends Council on Education re\u00fane a 78 escuelas primarias cu\u00e1queras en los EE. UU. para compartir recursos y mejores pr\u00e1cticas que fomenten los valores cu\u00e1queros. M\u00e1s informaci\u00f3n.\" \/>\n<meta property=\"og:url\" content=\"https:\/\/quaker.org\/es\/consejo-de-los-amigos-sobre-educacion\/\" \/>\n<meta property=\"og:site_name\" content=\"Quaker.org\" \/>\n<meta property=\"article:modified_time\" content=\"2025-09-19T15:05:45+00:00\" \/>\n<meta name=\"twitter:card\" content=\"summary_large_image\" \/>\n<meta name=\"twitter:label1\" content=\"Est. reading time\" \/>\n\t<meta name=\"twitter:data1\" content=\"2 minutes\" \/>\n<script type=\"application\/ld+json\" class=\"yoast-schema-graph\">{\"@context\":\"https:\\\/\\\/schema.org\",\"@graph\":[{\"@type\":\"WebPage\",\"@id\":\"https:\\\/\\\/quaker.org\\\/es\\\/consejo-de-los-amigos-sobre-educacion\\\/\",\"url\":\"https:\\\/\\\/quaker.org\\\/es\\\/consejo-de-los-amigos-sobre-educacion\\\/\",\"name\":\"La asociaci\u00f3n nacional de escuelas de Los Amigos: Friends Council on Education\",\"isPartOf\":{\"@id\":\"https:\\\/\\\/quaker.org\\\/es\\\/#website\"},\"datePublished\":\"2020-06-01T19:28:55+00:00\",\"dateModified\":\"2025-09-19T15:05:45+00:00\",\"description\":\"Friends Council on Education re\u00fane a 78 escuelas primarias cu\u00e1queras en los EE. UU. para compartir recursos y mejores pr\u00e1cticas que fomenten los valores cu\u00e1queros. M\u00e1s informaci\u00f3n.\",\"breadcrumb\":{\"@id\":\"https:\\\/\\\/quaker.org\\\/es\\\/consejo-de-los-amigos-sobre-educacion\\\/#breadcrumb\"},\"inLanguage\":\"es-ES\",\"potentialAction\":[{\"@type\":\"ReadAction\",\"target\":[\"https:\\\/\\\/quaker.org\\\/es\\\/consejo-de-los-amigos-sobre-educacion\\\/\"]}]},{\"@type\":\"BreadcrumbList\",\"@id\":\"https:\\\/\\\/quaker.org\\\/es\\\/consejo-de-los-amigos-sobre-educacion\\\/#breadcrumb\",\"itemListElement\":[{\"@type\":\"ListItem\",\"position\":1,\"name\":\"Home\",\"item\":\"https:\\\/\\\/quaker.org\\\/es\\\/bienvenido-a-a-quaker-org\\\/\"},{\"@type\":\"ListItem\",\"position\":2,\"name\":\"Consejo de Los Amigos sobre educaci\u00f3n\"}]},{\"@type\":\"WebSite\",\"@id\":\"https:\\\/\\\/quaker.org\\\/es\\\/#website\",\"url\":\"https:\\\/\\\/quaker.org\\\/es\\\/\",\"name\":\"Quaker.org\",\"description\":\"Learn about Friends\",\"publisher\":{\"@id\":\"https:\\\/\\\/quaker.org\\\/es\\\/#organization\"},\"potentialAction\":[{\"@type\":\"SearchAction\",\"target\":{\"@type\":\"EntryPoint\",\"urlTemplate\":\"https:\\\/\\\/quaker.org\\\/es\\\/?s={search_term_string}\"},\"query-input\":{\"@type\":\"PropertyValueSpecification\",\"valueRequired\":true,\"valueName\":\"search_term_string\"}}],\"inLanguage\":\"es-ES\"},{\"@type\":\"Organization\",\"@id\":\"https:\\\/\\\/quaker.org\\\/es\\\/#organization\",\"name\":\"Quaker.org\",\"url\":\"https:\\\/\\\/quaker.org\\\/es\\\/\",\"logo\":{\"@type\":\"ImageObject\",\"inLanguage\":\"es-ES\",\"@id\":\"https:\\\/\\\/quaker.org\\\/es\\\/#\\\/schema\\\/logo\\\/image\\\/\",\"url\":\"https:\\\/\\\/quaker.org\\\/wp-content\\\/uploads\\\/sites\\\/3\\\/2025\\\/08\\\/QuakerOrgLogo_BW-300x54-1.png\",\"contentUrl\":\"https:\\\/\\\/quaker.org\\\/wp-content\\\/uploads\\\/sites\\\/3\\\/2025\\\/08\\\/QuakerOrgLogo_BW-300x54-1.png\",\"width\":300,\"height\":54,\"caption\":\"Quaker.org\"},\"image\":{\"@id\":\"https:\\\/\\\/quaker.org\\\/es\\\/#\\\/schema\\\/logo\\\/image\\\/\"}}]}<\/script>\n<!-- \/ Yoast SEO plugin. -->","yoast_head_json":{"title":"La asociaci\u00f3n nacional de escuelas de Los Amigos: Friends Council on Education","description":"Friends Council on Education re\u00fane a 78 escuelas primarias cu\u00e1queras en los EE. UU. para compartir recursos y mejores pr\u00e1cticas que fomenten los valores cu\u00e1queros. M\u00e1s informaci\u00f3n.","robots":{"index":"index","follow":"follow","max-snippet":"max-snippet:-1","max-image-preview":"max-image-preview:large","max-video-preview":"max-video-preview:-1"},"canonical":"https:\/\/quaker.org\/es\/consejo-de-los-amigos-sobre-educacion\/","og_locale":"es_ES","og_type":"article","og_title":"La asociaci\u00f3n nacional de escuelas de Los Amigos: Friends Council on Education","og_description":"Friends Council on Education re\u00fane a 78 escuelas primarias cu\u00e1queras en los EE. UU. para compartir recursos y mejores pr\u00e1cticas que fomenten los valores cu\u00e1queros. M\u00e1s informaci\u00f3n.","og_url":"https:\/\/quaker.org\/es\/consejo-de-los-amigos-sobre-educacion\/","og_site_name":"Quaker.org","article_modified_time":"2025-09-19T15:05:45+00:00","twitter_card":"summary_large_image","twitter_misc":{"Est. reading time":"2 minutes"},"schema":{"@context":"https:\/\/schema.org","@graph":[{"@type":"WebPage","@id":"https:\/\/quaker.org\/es\/consejo-de-los-amigos-sobre-educacion\/","url":"https:\/\/quaker.org\/es\/consejo-de-los-amigos-sobre-educacion\/","name":"La asociaci\u00f3n nacional de escuelas de Los Amigos: Friends Council on Education","isPartOf":{"@id":"https:\/\/quaker.org\/es\/#website"},"datePublished":"2020-06-01T19:28:55+00:00","dateModified":"2025-09-19T15:05:45+00:00","description":"Friends Council on Education re\u00fane a 78 escuelas primarias cu\u00e1queras en los EE. UU. para compartir recursos y mejores pr\u00e1cticas que fomenten los valores cu\u00e1queros. M\u00e1s informaci\u00f3n.","breadcrumb":{"@id":"https:\/\/quaker.org\/es\/consejo-de-los-amigos-sobre-educacion\/#breadcrumb"},"inLanguage":"es-ES","potentialAction":[{"@type":"ReadAction","target":["https:\/\/quaker.org\/es\/consejo-de-los-amigos-sobre-educacion\/"]}]},{"@type":"BreadcrumbList","@id":"https:\/\/quaker.org\/es\/consejo-de-los-amigos-sobre-educacion\/#breadcrumb","itemListElement":[{"@type":"ListItem","position":1,"name":"Home","item":"https:\/\/quaker.org\/es\/bienvenido-a-a-quaker-org\/"},{"@type":"ListItem","position":2,"name":"Consejo de Los Amigos sobre educaci\u00f3n"}]},{"@type":"WebSite","@id":"https:\/\/quaker.org\/es\/#website","url":"https:\/\/quaker.org\/es\/","name":"Quaker.org","description":"Learn about Friends","publisher":{"@id":"https:\/\/quaker.org\/es\/#organization"},"potentialAction":[{"@type":"SearchAction","target":{"@type":"EntryPoint","urlTemplate":"https:\/\/quaker.org\/es\/?s={search_term_string}"},"query-input":{"@type":"PropertyValueSpecification","valueRequired":true,"valueName":"search_term_string"}}],"inLanguage":"es-ES"},{"@type":"Organization","@id":"https:\/\/quaker.org\/es\/#organization","name":"Quaker.org","url":"https:\/\/quaker.org\/es\/","logo":{"@type":"ImageObject","inLanguage":"es-ES","@id":"https:\/\/quaker.org\/es\/#\/schema\/logo\/image\/","url":"https:\/\/quaker.org\/wp-content\/uploads\/sites\/3\/2025\/08\/QuakerOrgLogo_BW-300x54-1.png","contentUrl":"https:\/\/quaker.org\/wp-content\/uploads\/sites\/3\/2025\/08\/QuakerOrgLogo_BW-300x54-1.png","width":300,"height":54,"caption":"Quaker.org"},"image":{"@id":"https:\/\/quaker.org\/es\/#\/schema\/logo\/image\/"}}]}},"distributor_meta":false,"distributor_terms":false,"distributor_media":false,"distributor_original_site_name":"Quaker.org","distributor_original_site_url":"https:\/\/quaker.org\/es\/","push-errors":false,"acf":[],"_links":{"self":[{"href":"https:\/\/quaker.org\/es\/wp-json\/wp\/v2\/pages\/2819","targetHints":{"allow":["GET"]}}],"collection":[{"href":"https:\/\/quaker.org\/es\/wp-json\/wp\/v2\/pages"}],"about":[{"href":"https:\/\/quaker.org\/es\/wp-json\/wp\/v2\/types\/page"}],"author":[{"embeddable":true,"href":"https:\/\/quaker.org\/es\/wp-json\/wp\/v2\/users\/5129"}],"replies":[{"embeddable":true,"href":"https:\/\/quaker.org\/es\/wp-json\/wp\/v2\/comments?post=2819"}],"version-history":[{"count":1,"href":"https:\/\/quaker.org\/es\/wp-json\/wp\/v2\/pages\/2819\/revisions"}],"predecessor-version":[{"id":2820,"href":"https:\/\/quaker.org\/es\/wp-json\/wp\/v2\/pages\/2819\/revisions\/2820"}],"wp:attachment":[{"href":"https:\/\/quaker.org\/es\/wp-json\/wp\/v2\/media?parent=2819"}],"curies":[{"name":"wp","href":"https:\/\/api.w.org\/{rel}","templated":true}]}}