{"id":2817,"date":"2020-06-01T19:39:20","date_gmt":"2020-06-01T19:39:20","guid":{"rendered":"https:\/\/quaker.org\/testimonio-cuaquero-del-cuidado-de-la-tierra\/"},"modified":"2025-09-19T15:05:44","modified_gmt":"2025-09-19T15:05:44","slug":"testimonio-cuaquero-del-cuidado-de-la-tierra","status":"publish","type":"page","link":"https:\/\/quaker.org\/es\/testimonio-cuaquero-del-cuidado-de-la-tierra\/","title":{"rendered":"Testimonio Cu\u00e1quero del Cuidado de la Tierra"},"content":{"rendered":"\n<h3 class=\"wp-block-heading\"><a href=\"https:\/\/www.quakerearthcare.org\/\"><em><strong>quakerearthcare.org<\/strong><\/em><\/a><\/h3>\n\n<p>Quaker Earthcare Witness se centra en abordar la devastaci\u00f3n ecol\u00f3gica en nuestro mundo a trav\u00e9s de la acci\u00f3n guiada por el Esp\u00edritu (Santo). Quaker Earthcare Witness &#8220;es una red de Los Amigos (Cu\u00e1queros) norteamericanos y otras personas con ideas afines que est\u00e1n tomando medidas guiadas por el esp\u00edritu para abordar las crisis ecol\u00f3gicas y sociales del mundo, enfatizando el proceso y los testimonios cu\u00e1queros&#8221;.  <\/p>\n\n<hr class=\"wp-block-separator\" \/>\n\n<p>En visitas y conexiones recientes con Los Amigos, Quaker Earthcare Witness (QEW) ha encontrado una creciente conciencia y compromiso con las preocupaciones sobre el cuidado de la Tierra. Para muchos, la d\u00e9cada reci\u00e9n concluida fue un tiempo para despertar a las crisis ecol\u00f3gicas que enfrentan los humanos, incluido un cambio clim\u00e1tico sin precedentes. QEW trabaja para conectar a Los Amigos que est\u00e1n tomando medidas guiadas por el Esp\u00edritu (Santo); para inspirar y educar compartiendo historias; y para visitar grupos cu\u00e1queros en todo Estados Unidos.  <\/p>\n\n<p>El oto\u00f1o pasado, QEW form\u00f3 parte de una coalici\u00f3n interreligiosa en apoyo de las Huelgas Clim\u00e1ticas Juveniles globales, en las que participaron siete millones de personas en todo el mundo. La pr\u00f3xima \u201chuelga profunda\u201d ser\u00e1 el D\u00eda de la Tierra, 22 de abril, como parte de una campa\u00f1a global para crear conciencia y exigir acci\u00f3n clim\u00e1tica. <\/p>\n\n<p>M\u00e1s adelante, en oto\u00f1o, QEW colabor\u00f3 con <em>Friends Journal<\/em> para realizar un v\u00eddeo de QuakerSpeak sobre Los Amigos y el cuidado de la Tierra.<\/p>\n\n<p>QEW ofrece una comunidad de apoyo a trav\u00e9s de compa\u00f1eros con ideas afines, recursos educativos, elementos de acci\u00f3n y experiencia sobre c\u00f3mo marcar la diferencia. A principios de este a\u00f1o, QEW lanz\u00f3 un proyecto de divulgaci\u00f3n para llevar el mensaje de vivir en armon\u00eda con la creaci\u00f3n a m\u00e1s reuniones mensuales. Las ofertas incluyen presentaciones, talleres y retiros dise\u00f1ados para que las reuniones mensuales respondan a tiempos dif\u00edciles.  <\/p>\n","protected":false},"excerpt":{"rendered":"<p>quakerearthcare.org Quaker Earthcare Witness se centra en abordar la devastaci\u00f3n ecol\u00f3gica en nuestro mundo a trav\u00e9s de la acci\u00f3n guiada&hellip;<\/p>\n","protected":false},"author":5129,"featured_media":0,"parent":0,"menu_order":0,"comment_status":"closed","ping_status":"closed","template":"","meta":{"_acf_changed":false,"hero_banner_post_id":0,"footnotes":""},"class_list":["post-2817","page","type-page","status-publish","hentry"],"yoast_head":"<!-- This site is optimized with the Yoast SEO plugin v27.3 - https:\/\/yoast.com\/product\/yoast-seo-wordpress\/ -->\n<title>Testimonio Cu\u00e1quero del Cuidado de la Tierra - Quaker.org<\/title>\n<meta name=\"robots\" content=\"index, follow, max-snippet:-1, max-image-preview:large, max-video-preview:-1\" \/>\n<link rel=\"canonical\" href=\"https:\/\/quaker.org\/es\/testimonio-cuaquero-del-cuidado-de-la-tierra\/\" \/>\n<meta property=\"og:locale\" content=\"es_ES\" \/>\n<meta property=\"og:type\" content=\"article\" \/>\n<meta property=\"og:title\" content=\"Testimonio Cu\u00e1quero del Cuidado de la Tierra - Quaker.org\" \/>\n<meta property=\"og:description\" content=\"quakerearthcare.org Quaker Earthcare Witness se centra en abordar la devastaci\u00f3n ecol\u00f3gica en nuestro mundo a trav\u00e9s de la acci\u00f3n guiada&hellip;\" \/>\n<meta property=\"og:url\" content=\"https:\/\/quaker.org\/es\/testimonio-cuaquero-del-cuidado-de-la-tierra\/\" \/>\n<meta property=\"og:site_name\" content=\"Quaker.org\" \/>\n<meta property=\"article:modified_time\" content=\"2025-09-19T15:05:44+00:00\" \/>\n<meta name=\"twitter:card\" content=\"summary_large_image\" \/>\n<meta name=\"twitter:label1\" content=\"Est. reading time\" \/>\n\t<meta name=\"twitter:data1\" content=\"2 minutes\" \/>\n<script type=\"application\/ld+json\" class=\"yoast-schema-graph\">{\"@context\":\"https:\\\/\\\/schema.org\",\"@graph\":[{\"@type\":\"WebPage\",\"@id\":\"https:\\\/\\\/quaker.org\\\/es\\\/testimonio-cuaquero-del-cuidado-de-la-tierra\\\/\",\"url\":\"https:\\\/\\\/quaker.org\\\/es\\\/testimonio-cuaquero-del-cuidado-de-la-tierra\\\/\",\"name\":\"Testimonio Cu\u00e1quero del Cuidado de la Tierra - Quaker.org\",\"isPartOf\":{\"@id\":\"https:\\\/\\\/quaker.org\\\/es\\\/#website\"},\"datePublished\":\"2020-06-01T19:39:20+00:00\",\"dateModified\":\"2025-09-19T15:05:44+00:00\",\"breadcrumb\":{\"@id\":\"https:\\\/\\\/quaker.org\\\/es\\\/testimonio-cuaquero-del-cuidado-de-la-tierra\\\/#breadcrumb\"},\"inLanguage\":\"es-ES\",\"potentialAction\":[{\"@type\":\"ReadAction\",\"target\":[\"https:\\\/\\\/quaker.org\\\/es\\\/testimonio-cuaquero-del-cuidado-de-la-tierra\\\/\"]}]},{\"@type\":\"BreadcrumbList\",\"@id\":\"https:\\\/\\\/quaker.org\\\/es\\\/testimonio-cuaquero-del-cuidado-de-la-tierra\\\/#breadcrumb\",\"itemListElement\":[{\"@type\":\"ListItem\",\"position\":1,\"name\":\"Home\",\"item\":\"https:\\\/\\\/quaker.org\\\/es\\\/bienvenido-a-a-quaker-org\\\/\"},{\"@type\":\"ListItem\",\"position\":2,\"name\":\"Testimonio Cu\u00e1quero del Cuidado de la Tierra\"}]},{\"@type\":\"WebSite\",\"@id\":\"https:\\\/\\\/quaker.org\\\/es\\\/#website\",\"url\":\"https:\\\/\\\/quaker.org\\\/es\\\/\",\"name\":\"Quaker.org\",\"description\":\"Learn about Friends\",\"publisher\":{\"@id\":\"https:\\\/\\\/quaker.org\\\/es\\\/#organization\"},\"potentialAction\":[{\"@type\":\"SearchAction\",\"target\":{\"@type\":\"EntryPoint\",\"urlTemplate\":\"https:\\\/\\\/quaker.org\\\/es\\\/?s={search_term_string}\"},\"query-input\":{\"@type\":\"PropertyValueSpecification\",\"valueRequired\":true,\"valueName\":\"search_term_string\"}}],\"inLanguage\":\"es-ES\"},{\"@type\":\"Organization\",\"@id\":\"https:\\\/\\\/quaker.org\\\/es\\\/#organization\",\"name\":\"Quaker.org\",\"url\":\"https:\\\/\\\/quaker.org\\\/es\\\/\",\"logo\":{\"@type\":\"ImageObject\",\"inLanguage\":\"es-ES\",\"@id\":\"https:\\\/\\\/quaker.org\\\/es\\\/#\\\/schema\\\/logo\\\/image\\\/\",\"url\":\"https:\\\/\\\/quaker.org\\\/wp-content\\\/uploads\\\/sites\\\/3\\\/2025\\\/08\\\/QuakerOrgLogo_BW-300x54-1.png\",\"contentUrl\":\"https:\\\/\\\/quaker.org\\\/wp-content\\\/uploads\\\/sites\\\/3\\\/2025\\\/08\\\/QuakerOrgLogo_BW-300x54-1.png\",\"width\":300,\"height\":54,\"caption\":\"Quaker.org\"},\"image\":{\"@id\":\"https:\\\/\\\/quaker.org\\\/es\\\/#\\\/schema\\\/logo\\\/image\\\/\"}}]}<\/script>\n<!-- \/ Yoast SEO plugin. -->","yoast_head_json":{"title":"Testimonio Cu\u00e1quero del Cuidado de la Tierra - Quaker.org","robots":{"index":"index","follow":"follow","max-snippet":"max-snippet:-1","max-image-preview":"max-image-preview:large","max-video-preview":"max-video-preview:-1"},"canonical":"https:\/\/quaker.org\/es\/testimonio-cuaquero-del-cuidado-de-la-tierra\/","og_locale":"es_ES","og_type":"article","og_title":"Testimonio Cu\u00e1quero del Cuidado de la Tierra - Quaker.org","og_description":"quakerearthcare.org Quaker Earthcare Witness se centra en abordar la devastaci\u00f3n ecol\u00f3gica en nuestro mundo a trav\u00e9s de la acci\u00f3n guiada&hellip;","og_url":"https:\/\/quaker.org\/es\/testimonio-cuaquero-del-cuidado-de-la-tierra\/","og_site_name":"Quaker.org","article_modified_time":"2025-09-19T15:05:44+00:00","twitter_card":"summary_large_image","twitter_misc":{"Est. reading time":"2 minutes"},"schema":{"@context":"https:\/\/schema.org","@graph":[{"@type":"WebPage","@id":"https:\/\/quaker.org\/es\/testimonio-cuaquero-del-cuidado-de-la-tierra\/","url":"https:\/\/quaker.org\/es\/testimonio-cuaquero-del-cuidado-de-la-tierra\/","name":"Testimonio Cu\u00e1quero del Cuidado de la Tierra - Quaker.org","isPartOf":{"@id":"https:\/\/quaker.org\/es\/#website"},"datePublished":"2020-06-01T19:39:20+00:00","dateModified":"2025-09-19T15:05:44+00:00","breadcrumb":{"@id":"https:\/\/quaker.org\/es\/testimonio-cuaquero-del-cuidado-de-la-tierra\/#breadcrumb"},"inLanguage":"es-ES","potentialAction":[{"@type":"ReadAction","target":["https:\/\/quaker.org\/es\/testimonio-cuaquero-del-cuidado-de-la-tierra\/"]}]},{"@type":"BreadcrumbList","@id":"https:\/\/quaker.org\/es\/testimonio-cuaquero-del-cuidado-de-la-tierra\/#breadcrumb","itemListElement":[{"@type":"ListItem","position":1,"name":"Home","item":"https:\/\/quaker.org\/es\/bienvenido-a-a-quaker-org\/"},{"@type":"ListItem","position":2,"name":"Testimonio Cu\u00e1quero del Cuidado de la Tierra"}]},{"@type":"WebSite","@id":"https:\/\/quaker.org\/es\/#website","url":"https:\/\/quaker.org\/es\/","name":"Quaker.org","description":"Learn about Friends","publisher":{"@id":"https:\/\/quaker.org\/es\/#organization"},"potentialAction":[{"@type":"SearchAction","target":{"@type":"EntryPoint","urlTemplate":"https:\/\/quaker.org\/es\/?s={search_term_string}"},"query-input":{"@type":"PropertyValueSpecification","valueRequired":true,"valueName":"search_term_string"}}],"inLanguage":"es-ES"},{"@type":"Organization","@id":"https:\/\/quaker.org\/es\/#organization","name":"Quaker.org","url":"https:\/\/quaker.org\/es\/","logo":{"@type":"ImageObject","inLanguage":"es-ES","@id":"https:\/\/quaker.org\/es\/#\/schema\/logo\/image\/","url":"https:\/\/quaker.org\/wp-content\/uploads\/sites\/3\/2025\/08\/QuakerOrgLogo_BW-300x54-1.png","contentUrl":"https:\/\/quaker.org\/wp-content\/uploads\/sites\/3\/2025\/08\/QuakerOrgLogo_BW-300x54-1.png","width":300,"height":54,"caption":"Quaker.org"},"image":{"@id":"https:\/\/quaker.org\/es\/#\/schema\/logo\/image\/"}}]}},"distributor_meta":false,"distributor_terms":false,"distributor_media":false,"distributor_original_site_name":"Quaker.org","distributor_original_site_url":"https:\/\/quaker.org\/es\/","push-errors":false,"acf":[],"_links":{"self":[{"href":"https:\/\/quaker.org\/es\/wp-json\/wp\/v2\/pages\/2817","targetHints":{"allow":["GET"]}}],"collection":[{"href":"https:\/\/quaker.org\/es\/wp-json\/wp\/v2\/pages"}],"about":[{"href":"https:\/\/quaker.org\/es\/wp-json\/wp\/v2\/types\/page"}],"author":[{"embeddable":true,"href":"https:\/\/quaker.org\/es\/wp-json\/wp\/v2\/users\/5129"}],"replies":[{"embeddable":true,"href":"https:\/\/quaker.org\/es\/wp-json\/wp\/v2\/comments?post=2817"}],"version-history":[{"count":1,"href":"https:\/\/quaker.org\/es\/wp-json\/wp\/v2\/pages\/2817\/revisions"}],"predecessor-version":[{"id":2818,"href":"https:\/\/quaker.org\/es\/wp-json\/wp\/v2\/pages\/2817\/revisions\/2818"}],"wp:attachment":[{"href":"https:\/\/quaker.org\/es\/wp-json\/wp\/v2\/media?parent=2817"}],"curies":[{"name":"wp","href":"https:\/\/api.w.org\/{rel}","templated":true}]}}