{"id":2815,"date":"2020-06-01T19:02:01","date_gmt":"2020-06-01T19:02:01","guid":{"rendered":"https:\/\/quaker.org\/escuela-de-religion-de-earlham\/"},"modified":"2025-09-19T15:05:43","modified_gmt":"2025-09-19T15:05:43","slug":"escuela-de-religion-de-earlham","status":"publish","type":"page","link":"https:\/\/quaker.org\/es\/escuela-de-religion-de-earlham\/","title":{"rendered":"Escuela de religi\u00f3n de Earlham"},"content":{"rendered":"\n<h3 class=\"wp-block-heading\"><a href=\"https:\/\/esr.earlham.edu\/\"><em><strong>esr.earlham.edu<\/strong><\/em><\/a><\/h3>\n\n<p>La Escuela de Religi\u00f3n de Earlham ofrece una educaci\u00f3n de seminario con ra\u00edces cu\u00e1queras con opciones en l\u00ednea y presenciales, ubicada en Richmond, Indiana. &#8220;Arraigada en la tradici\u00f3n cu\u00e1quera cristiana de contemplaci\u00f3n que inspira la acci\u00f3n, la Escuela de Religi\u00f3n de Earlham prepara a estudiantes teol\u00f3gicamente diversos para un mundo pluralista. Nuestro plan de estudios une la formaci\u00f3n espiritual, el estudio acad\u00e9mico, el compromiso social y el ministerio vital.&#8221; <\/p>\n\n<hr class=\"wp-block-separator has-css-opacity\" \/>\n\n<p>La Escuela de Religi\u00f3n de Earlham (ESR) ha sido nombrada para la clase de 2020 de Seminarios que Cambian El mundo (STCTW) por el Centro para la Fe y el Servicio con sede en el Seminario Teol\u00f3gico McCormick en Chicago, Ill. Cada a\u00f1o, STCTW \u201cbusca identificar y promover seminarios y escuelas de divinidad que demuestren un compromiso con el servicio y la justicia a trav\u00e9s de su plan de estudios, becas, pasant\u00edas y experiencias de vida estudiantil\u201d. <\/p>\n\n<p>Un nuevo \u00e9nfasis en el ministerio unitario universalista ahora est\u00e1 disponible como parte del programa de maestr\u00eda en divinidad de ESR, posible gracias a una asociaci\u00f3n con la Casa de Estudios Unitarios Universalistas en la Escuela Teol\u00f3gica Metodista en Ohio (MTSO). ESR ha sido durante mucho tiempo un hogar para estudiantes unitarios universalistas que resuenan con los testimonios cu\u00e1queros de simplicidad, paz, integridad, comunidad, igualdad y administraci\u00f3n. <\/p>\n\n<p>En apoyo a los estudiantes cu\u00e1queros de California, ESR ofrece asistencia para la matr\u00edcula y el alojamiento a partir del oto\u00f1o de 2020. Este apoyo es gracias a una donaci\u00f3n de Audrey Lasson, quien falleci\u00f3 el verano pasado e incluy\u00f3 a ESR como parte de una donaci\u00f3n planificada. <\/p>\n\n<p>Los eventos recientes de primavera presentaron oportunidades para aprender de los ex alumnos y profesores de ESR. La Reuni\u00f3n de Espiritualidad del 7 de marzo fue dirigida por la ex alumna de ESR, Summer Cushman, con el tema de \u201cLa pr\u00e1ctica espiritual de recordar\u201d. Las Conferencias Willson se llevaron a cabo el 4 de abril y contaron con la oradora principal, la profesora de ESR Grace Ji\u2010Sun Kim, sobre \u201cReimaginando el Esp\u00edritu (Santo)\u201d.   <\/p>\n","protected":false},"excerpt":{"rendered":"<p>esr.earlham.edu La Escuela de Religi\u00f3n de Earlham ofrece una educaci\u00f3n de seminario con ra\u00edces cu\u00e1queras con opciones en l\u00ednea y&hellip;<\/p>\n","protected":false},"author":5129,"featured_media":0,"parent":0,"menu_order":0,"comment_status":"closed","ping_status":"closed","template":"","meta":{"_acf_changed":false,"hero_banner_post_id":0,"footnotes":""},"class_list":["post-2815","page","type-page","status-publish","hentry"],"yoast_head":"<!-- This site is optimized with the Yoast SEO plugin v27.3 - https:\/\/yoast.com\/product\/yoast-seo-wordpress\/ -->\n<title>La escuela de religi\u00f3n de Earlham (Richmond, IN) - escuela de seminario cu\u00e1quero<\/title>\n<meta name=\"description\" content=\"La Escuela de Religi\u00f3n de Earlham tiene sus ra\u00edces en el tradicionalismo cu\u00e1quero cristiano que inspira la acci\u00f3n y educa a diversos estudiantes para un mundo pluralista. Aprenda m\u00e1s\" \/>\n<meta name=\"robots\" content=\"index, follow, max-snippet:-1, max-image-preview:large, max-video-preview:-1\" \/>\n<link rel=\"canonical\" href=\"https:\/\/quaker.org\/es\/escuela-de-religion-de-earlham\/\" \/>\n<meta property=\"og:locale\" content=\"es_ES\" \/>\n<meta property=\"og:type\" content=\"article\" \/>\n<meta property=\"og:title\" content=\"La escuela de religi\u00f3n de Earlham (Richmond, IN) - escuela de seminario cu\u00e1quero\" \/>\n<meta property=\"og:description\" content=\"La Escuela de Religi\u00f3n de Earlham tiene sus ra\u00edces en el tradicionalismo cu\u00e1quero cristiano que inspira la acci\u00f3n y educa a diversos estudiantes para un mundo pluralista. Aprenda m\u00e1s\" \/>\n<meta property=\"og:url\" content=\"https:\/\/quaker.org\/es\/escuela-de-religion-de-earlham\/\" \/>\n<meta property=\"og:site_name\" content=\"Quaker.org\" \/>\n<meta property=\"article:modified_time\" content=\"2025-09-19T15:05:43+00:00\" \/>\n<meta name=\"twitter:card\" content=\"summary_large_image\" \/>\n<meta name=\"twitter:label1\" content=\"Est. reading time\" \/>\n\t<meta name=\"twitter:data1\" content=\"2 minutes\" \/>\n<script type=\"application\/ld+json\" class=\"yoast-schema-graph\">{\"@context\":\"https:\\\/\\\/schema.org\",\"@graph\":[{\"@type\":\"WebPage\",\"@id\":\"https:\\\/\\\/quaker.org\\\/es\\\/escuela-de-religion-de-earlham\\\/\",\"url\":\"https:\\\/\\\/quaker.org\\\/es\\\/escuela-de-religion-de-earlham\\\/\",\"name\":\"La escuela de religi\u00f3n de Earlham (Richmond, IN) - escuela de seminario cu\u00e1quero\",\"isPartOf\":{\"@id\":\"https:\\\/\\\/quaker.org\\\/es\\\/#website\"},\"datePublished\":\"2020-06-01T19:02:01+00:00\",\"dateModified\":\"2025-09-19T15:05:43+00:00\",\"description\":\"La Escuela de Religi\u00f3n de Earlham tiene sus ra\u00edces en el tradicionalismo cu\u00e1quero cristiano que inspira la acci\u00f3n y educa a diversos estudiantes para un mundo pluralista. Aprenda m\u00e1s\",\"breadcrumb\":{\"@id\":\"https:\\\/\\\/quaker.org\\\/es\\\/escuela-de-religion-de-earlham\\\/#breadcrumb\"},\"inLanguage\":\"es-ES\",\"potentialAction\":[{\"@type\":\"ReadAction\",\"target\":[\"https:\\\/\\\/quaker.org\\\/es\\\/escuela-de-religion-de-earlham\\\/\"]}]},{\"@type\":\"BreadcrumbList\",\"@id\":\"https:\\\/\\\/quaker.org\\\/es\\\/escuela-de-religion-de-earlham\\\/#breadcrumb\",\"itemListElement\":[{\"@type\":\"ListItem\",\"position\":1,\"name\":\"Home\",\"item\":\"https:\\\/\\\/quaker.org\\\/es\\\/bienvenido-a-a-quaker-org\\\/\"},{\"@type\":\"ListItem\",\"position\":2,\"name\":\"Escuela de religi\u00f3n de Earlham\"}]},{\"@type\":\"WebSite\",\"@id\":\"https:\\\/\\\/quaker.org\\\/es\\\/#website\",\"url\":\"https:\\\/\\\/quaker.org\\\/es\\\/\",\"name\":\"Quaker.org\",\"description\":\"Learn about Friends\",\"publisher\":{\"@id\":\"https:\\\/\\\/quaker.org\\\/es\\\/#organization\"},\"potentialAction\":[{\"@type\":\"SearchAction\",\"target\":{\"@type\":\"EntryPoint\",\"urlTemplate\":\"https:\\\/\\\/quaker.org\\\/es\\\/?s={search_term_string}\"},\"query-input\":{\"@type\":\"PropertyValueSpecification\",\"valueRequired\":true,\"valueName\":\"search_term_string\"}}],\"inLanguage\":\"es-ES\"},{\"@type\":\"Organization\",\"@id\":\"https:\\\/\\\/quaker.org\\\/es\\\/#organization\",\"name\":\"Quaker.org\",\"url\":\"https:\\\/\\\/quaker.org\\\/es\\\/\",\"logo\":{\"@type\":\"ImageObject\",\"inLanguage\":\"es-ES\",\"@id\":\"https:\\\/\\\/quaker.org\\\/es\\\/#\\\/schema\\\/logo\\\/image\\\/\",\"url\":\"https:\\\/\\\/quaker.org\\\/wp-content\\\/uploads\\\/sites\\\/3\\\/2025\\\/08\\\/QuakerOrgLogo_BW-300x54-1.png\",\"contentUrl\":\"https:\\\/\\\/quaker.org\\\/wp-content\\\/uploads\\\/sites\\\/3\\\/2025\\\/08\\\/QuakerOrgLogo_BW-300x54-1.png\",\"width\":300,\"height\":54,\"caption\":\"Quaker.org\"},\"image\":{\"@id\":\"https:\\\/\\\/quaker.org\\\/es\\\/#\\\/schema\\\/logo\\\/image\\\/\"}}]}<\/script>\n<!-- \/ Yoast SEO plugin. -->","yoast_head_json":{"title":"La escuela de religi\u00f3n de Earlham (Richmond, IN) - escuela de seminario cu\u00e1quero","description":"La Escuela de Religi\u00f3n de Earlham tiene sus ra\u00edces en el tradicionalismo cu\u00e1quero cristiano que inspira la acci\u00f3n y educa a diversos estudiantes para un mundo pluralista. Aprenda m\u00e1s","robots":{"index":"index","follow":"follow","max-snippet":"max-snippet:-1","max-image-preview":"max-image-preview:large","max-video-preview":"max-video-preview:-1"},"canonical":"https:\/\/quaker.org\/es\/escuela-de-religion-de-earlham\/","og_locale":"es_ES","og_type":"article","og_title":"La escuela de religi\u00f3n de Earlham (Richmond, IN) - escuela de seminario cu\u00e1quero","og_description":"La Escuela de Religi\u00f3n de Earlham tiene sus ra\u00edces en el tradicionalismo cu\u00e1quero cristiano que inspira la acci\u00f3n y educa a diversos estudiantes para un mundo pluralista. Aprenda m\u00e1s","og_url":"https:\/\/quaker.org\/es\/escuela-de-religion-de-earlham\/","og_site_name":"Quaker.org","article_modified_time":"2025-09-19T15:05:43+00:00","twitter_card":"summary_large_image","twitter_misc":{"Est. reading time":"2 minutes"},"schema":{"@context":"https:\/\/schema.org","@graph":[{"@type":"WebPage","@id":"https:\/\/quaker.org\/es\/escuela-de-religion-de-earlham\/","url":"https:\/\/quaker.org\/es\/escuela-de-religion-de-earlham\/","name":"La escuela de religi\u00f3n de Earlham (Richmond, IN) - escuela de seminario cu\u00e1quero","isPartOf":{"@id":"https:\/\/quaker.org\/es\/#website"},"datePublished":"2020-06-01T19:02:01+00:00","dateModified":"2025-09-19T15:05:43+00:00","description":"La Escuela de Religi\u00f3n de Earlham tiene sus ra\u00edces en el tradicionalismo cu\u00e1quero cristiano que inspira la acci\u00f3n y educa a diversos estudiantes para un mundo pluralista. Aprenda m\u00e1s","breadcrumb":{"@id":"https:\/\/quaker.org\/es\/escuela-de-religion-de-earlham\/#breadcrumb"},"inLanguage":"es-ES","potentialAction":[{"@type":"ReadAction","target":["https:\/\/quaker.org\/es\/escuela-de-religion-de-earlham\/"]}]},{"@type":"BreadcrumbList","@id":"https:\/\/quaker.org\/es\/escuela-de-religion-de-earlham\/#breadcrumb","itemListElement":[{"@type":"ListItem","position":1,"name":"Home","item":"https:\/\/quaker.org\/es\/bienvenido-a-a-quaker-org\/"},{"@type":"ListItem","position":2,"name":"Escuela de religi\u00f3n de Earlham"}]},{"@type":"WebSite","@id":"https:\/\/quaker.org\/es\/#website","url":"https:\/\/quaker.org\/es\/","name":"Quaker.org","description":"Learn about Friends","publisher":{"@id":"https:\/\/quaker.org\/es\/#organization"},"potentialAction":[{"@type":"SearchAction","target":{"@type":"EntryPoint","urlTemplate":"https:\/\/quaker.org\/es\/?s={search_term_string}"},"query-input":{"@type":"PropertyValueSpecification","valueRequired":true,"valueName":"search_term_string"}}],"inLanguage":"es-ES"},{"@type":"Organization","@id":"https:\/\/quaker.org\/es\/#organization","name":"Quaker.org","url":"https:\/\/quaker.org\/es\/","logo":{"@type":"ImageObject","inLanguage":"es-ES","@id":"https:\/\/quaker.org\/es\/#\/schema\/logo\/image\/","url":"https:\/\/quaker.org\/wp-content\/uploads\/sites\/3\/2025\/08\/QuakerOrgLogo_BW-300x54-1.png","contentUrl":"https:\/\/quaker.org\/wp-content\/uploads\/sites\/3\/2025\/08\/QuakerOrgLogo_BW-300x54-1.png","width":300,"height":54,"caption":"Quaker.org"},"image":{"@id":"https:\/\/quaker.org\/es\/#\/schema\/logo\/image\/"}}]}},"distributor_meta":false,"distributor_terms":false,"distributor_media":false,"distributor_original_site_name":"Quaker.org","distributor_original_site_url":"https:\/\/quaker.org\/es\/","push-errors":false,"acf":[],"_links":{"self":[{"href":"https:\/\/quaker.org\/es\/wp-json\/wp\/v2\/pages\/2815","targetHints":{"allow":["GET"]}}],"collection":[{"href":"https:\/\/quaker.org\/es\/wp-json\/wp\/v2\/pages"}],"about":[{"href":"https:\/\/quaker.org\/es\/wp-json\/wp\/v2\/types\/page"}],"author":[{"embeddable":true,"href":"https:\/\/quaker.org\/es\/wp-json\/wp\/v2\/users\/5129"}],"replies":[{"embeddable":true,"href":"https:\/\/quaker.org\/es\/wp-json\/wp\/v2\/comments?post=2815"}],"version-history":[{"count":1,"href":"https:\/\/quaker.org\/es\/wp-json\/wp\/v2\/pages\/2815\/revisions"}],"predecessor-version":[{"id":2816,"href":"https:\/\/quaker.org\/es\/wp-json\/wp\/v2\/pages\/2815\/revisions\/2816"}],"wp:attachment":[{"href":"https:\/\/quaker.org\/es\/wp-json\/wp\/v2\/media?parent=2815"}],"curies":[{"name":"wp","href":"https:\/\/api.w.org\/{rel}","templated":true}]}}