{"id":2813,"date":"2020-06-01T19:41:19","date_gmt":"2020-06-01T19:41:19","guid":{"rendered":"https:\/\/quaker.org\/friends-fiduciary-corporation\/"},"modified":"2025-09-19T15:05:39","modified_gmt":"2025-09-19T15:05:39","slug":"friends-fiduciary-corporation","status":"publish","type":"page","link":"https:\/\/quaker.org\/es\/friends-fiduciary-corporation\/","title":{"rendered":"Friends Fiduciary Corporation"},"content":{"rendered":"\n<h3 class=\"wp-block-heading\"><a href=\"https:\/\/friendsfiduciary.org\/\"><em><strong>friendsfiduciary.org<\/strong><\/em><\/a><\/h3>\n\n<p>Friends Fiduciary Corporation es una &#8220;organizaci\u00f3n cu\u00e1quera sin \u00e1nimo de lucro que proporciona servicios de gesti\u00f3n de inversiones socialmente responsables, profesionales y rentables exclusivamente a las reuniones, iglesias, escuelas y organizaciones de Los Amigos&#8221;.<\/p>\n\n<hr class=\"wp-block-separator has-css-opacity\" \/>\n\n<p>El programa de donaciones planificadas de Friends Fiduciary Corporation (FFC) apoya los esfuerzos de desarrollo de las organizaciones cu\u00e1queras y de las personas que desean apoyarlas. En 2019, los donantes establecieron m\u00e1s de 600.000 d\u00f3lares en anualidades de donaci\u00f3n ben\u00e9fica en beneficio de organizaciones cu\u00e1queras; realizaron donaciones por valor de 400.000 d\u00f3lares a fondos asesorados por donantes; y contribuyeron con 100.000 d\u00f3lares a fondos de dotaci\u00f3n. Friends Fiduciary proces\u00f3 100 donaciones de acciones en beneficio de organizaciones de Los Amigos y comunidades religiosas.  <\/p>\n\n<p>En 2019, las organizaciones cu\u00e1queras recibieron 1,1 millones de d\u00f3lares en donaciones de acciones facilitadas por FFC. La capacidad de FFC para transferir acciones directamente a una organizaci\u00f3n cu\u00e1quera o a una cuenta en FFC reduce considerablemente los gastos y la administraci\u00f3n que suelen asociarse a esas donaciones. Los obsequios restantes de las anualidades de donaci\u00f3n ben\u00e9fica emitidas por FFC, por un total de 216.812 d\u00f3lares, se pagaron a 11 organizaciones cu\u00e1queras, incluidas las reuniones anuales y mensuales, las escuelas de Los Amigos, las comunidades de atenci\u00f3n vital y otras organizaciones cu\u00e1queras. Los fondos comunes de renta vitalicia y los fondos de dotaci\u00f3n gestionados por FFC distribuyeron 420.000 d\u00f3lares adicionales a beneficiarios cu\u00e1queros sin \u00e1nimo de lucro.   <\/p>\n","protected":false},"excerpt":{"rendered":"<p>friendsfiduciary.org Friends Fiduciary Corporation es una &#8220;organizaci\u00f3n cu\u00e1quera sin \u00e1nimo de lucro que proporciona servicios de gesti\u00f3n de inversiones socialmente&hellip;<\/p>\n","protected":false},"author":5129,"featured_media":0,"parent":0,"menu_order":0,"comment_status":"closed","ping_status":"closed","template":"","meta":{"_acf_changed":false,"hero_banner_post_id":0,"footnotes":""},"class_list":["post-2813","page","type-page","status-publish","hentry"],"yoast_head":"<!-- This site is optimized with the Yoast SEO plugin v27.3 - https:\/\/yoast.com\/product\/yoast-seo-wordpress\/ -->\n<title>Friends Fiduciary Corporation: servicios de inversi\u00f3n para organizaciones cu\u00e1queras<\/title>\n<meta name=\"description\" content=\"Friends Fiduciary Corporation es una organizaci\u00f3n cu\u00e1quera sin \u00e1nimo de lucro que proporciona servicios de gesti\u00f3n de inversiones rentables a organizaciones cu\u00e1queras. M\u00e1s informaci\u00f3n\" \/>\n<meta name=\"robots\" content=\"index, follow, max-snippet:-1, max-image-preview:large, max-video-preview:-1\" \/>\n<link rel=\"canonical\" href=\"https:\/\/quaker.org\/es\/friends-fiduciary-corporation\/\" \/>\n<meta property=\"og:locale\" content=\"es_ES\" \/>\n<meta property=\"og:type\" content=\"article\" \/>\n<meta property=\"og:title\" content=\"Friends Fiduciary Corporation: servicios de inversi\u00f3n para organizaciones cu\u00e1queras\" \/>\n<meta property=\"og:description\" content=\"Friends Fiduciary Corporation es una organizaci\u00f3n cu\u00e1quera sin \u00e1nimo de lucro que proporciona servicios de gesti\u00f3n de inversiones rentables a organizaciones cu\u00e1queras. M\u00e1s informaci\u00f3n\" \/>\n<meta property=\"og:url\" content=\"https:\/\/quaker.org\/es\/friends-fiduciary-corporation\/\" \/>\n<meta property=\"og:site_name\" content=\"Quaker.org\" \/>\n<meta property=\"article:modified_time\" content=\"2025-09-19T15:05:39+00:00\" \/>\n<meta name=\"twitter:card\" content=\"summary_large_image\" \/>\n<meta name=\"twitter:label1\" content=\"Est. reading time\" \/>\n\t<meta name=\"twitter:data1\" content=\"1 minute\" \/>\n<script type=\"application\/ld+json\" class=\"yoast-schema-graph\">{\"@context\":\"https:\\\/\\\/schema.org\",\"@graph\":[{\"@type\":\"WebPage\",\"@id\":\"https:\\\/\\\/quaker.org\\\/es\\\/friends-fiduciary-corporation\\\/\",\"url\":\"https:\\\/\\\/quaker.org\\\/es\\\/friends-fiduciary-corporation\\\/\",\"name\":\"Friends Fiduciary Corporation: servicios de inversi\u00f3n para organizaciones cu\u00e1queras\",\"isPartOf\":{\"@id\":\"https:\\\/\\\/quaker.org\\\/es\\\/#website\"},\"datePublished\":\"2020-06-01T19:41:19+00:00\",\"dateModified\":\"2025-09-19T15:05:39+00:00\",\"description\":\"Friends Fiduciary Corporation es una organizaci\u00f3n cu\u00e1quera sin \u00e1nimo de lucro que proporciona servicios de gesti\u00f3n de inversiones rentables a organizaciones cu\u00e1queras. M\u00e1s informaci\u00f3n\",\"breadcrumb\":{\"@id\":\"https:\\\/\\\/quaker.org\\\/es\\\/friends-fiduciary-corporation\\\/#breadcrumb\"},\"inLanguage\":\"es-ES\",\"potentialAction\":[{\"@type\":\"ReadAction\",\"target\":[\"https:\\\/\\\/quaker.org\\\/es\\\/friends-fiduciary-corporation\\\/\"]}]},{\"@type\":\"BreadcrumbList\",\"@id\":\"https:\\\/\\\/quaker.org\\\/es\\\/friends-fiduciary-corporation\\\/#breadcrumb\",\"itemListElement\":[{\"@type\":\"ListItem\",\"position\":1,\"name\":\"Home\",\"item\":\"https:\\\/\\\/quaker.org\\\/es\\\/bienvenido-a-a-quaker-org\\\/\"},{\"@type\":\"ListItem\",\"position\":2,\"name\":\"Friends Fiduciary Corporation\"}]},{\"@type\":\"WebSite\",\"@id\":\"https:\\\/\\\/quaker.org\\\/es\\\/#website\",\"url\":\"https:\\\/\\\/quaker.org\\\/es\\\/\",\"name\":\"Quaker.org\",\"description\":\"Learn about Friends\",\"publisher\":{\"@id\":\"https:\\\/\\\/quaker.org\\\/es\\\/#organization\"},\"potentialAction\":[{\"@type\":\"SearchAction\",\"target\":{\"@type\":\"EntryPoint\",\"urlTemplate\":\"https:\\\/\\\/quaker.org\\\/es\\\/?s={search_term_string}\"},\"query-input\":{\"@type\":\"PropertyValueSpecification\",\"valueRequired\":true,\"valueName\":\"search_term_string\"}}],\"inLanguage\":\"es-ES\"},{\"@type\":\"Organization\",\"@id\":\"https:\\\/\\\/quaker.org\\\/es\\\/#organization\",\"name\":\"Quaker.org\",\"url\":\"https:\\\/\\\/quaker.org\\\/es\\\/\",\"logo\":{\"@type\":\"ImageObject\",\"inLanguage\":\"es-ES\",\"@id\":\"https:\\\/\\\/quaker.org\\\/es\\\/#\\\/schema\\\/logo\\\/image\\\/\",\"url\":\"https:\\\/\\\/quaker.org\\\/wp-content\\\/uploads\\\/sites\\\/3\\\/2025\\\/08\\\/QuakerOrgLogo_BW-300x54-1.png\",\"contentUrl\":\"https:\\\/\\\/quaker.org\\\/wp-content\\\/uploads\\\/sites\\\/3\\\/2025\\\/08\\\/QuakerOrgLogo_BW-300x54-1.png\",\"width\":300,\"height\":54,\"caption\":\"Quaker.org\"},\"image\":{\"@id\":\"https:\\\/\\\/quaker.org\\\/es\\\/#\\\/schema\\\/logo\\\/image\\\/\"}}]}<\/script>\n<!-- \/ Yoast SEO plugin. -->","yoast_head_json":{"title":"Friends Fiduciary Corporation: servicios de inversi\u00f3n para organizaciones cu\u00e1queras","description":"Friends Fiduciary Corporation es una organizaci\u00f3n cu\u00e1quera sin \u00e1nimo de lucro que proporciona servicios de gesti\u00f3n de inversiones rentables a organizaciones cu\u00e1queras. M\u00e1s informaci\u00f3n","robots":{"index":"index","follow":"follow","max-snippet":"max-snippet:-1","max-image-preview":"max-image-preview:large","max-video-preview":"max-video-preview:-1"},"canonical":"https:\/\/quaker.org\/es\/friends-fiduciary-corporation\/","og_locale":"es_ES","og_type":"article","og_title":"Friends Fiduciary Corporation: servicios de inversi\u00f3n para organizaciones cu\u00e1queras","og_description":"Friends Fiduciary Corporation es una organizaci\u00f3n cu\u00e1quera sin \u00e1nimo de lucro que proporciona servicios de gesti\u00f3n de inversiones rentables a organizaciones cu\u00e1queras. M\u00e1s informaci\u00f3n","og_url":"https:\/\/quaker.org\/es\/friends-fiduciary-corporation\/","og_site_name":"Quaker.org","article_modified_time":"2025-09-19T15:05:39+00:00","twitter_card":"summary_large_image","twitter_misc":{"Est. reading time":"1 minute"},"schema":{"@context":"https:\/\/schema.org","@graph":[{"@type":"WebPage","@id":"https:\/\/quaker.org\/es\/friends-fiduciary-corporation\/","url":"https:\/\/quaker.org\/es\/friends-fiduciary-corporation\/","name":"Friends Fiduciary Corporation: servicios de inversi\u00f3n para organizaciones cu\u00e1queras","isPartOf":{"@id":"https:\/\/quaker.org\/es\/#website"},"datePublished":"2020-06-01T19:41:19+00:00","dateModified":"2025-09-19T15:05:39+00:00","description":"Friends Fiduciary Corporation es una organizaci\u00f3n cu\u00e1quera sin \u00e1nimo de lucro que proporciona servicios de gesti\u00f3n de inversiones rentables a organizaciones cu\u00e1queras. M\u00e1s informaci\u00f3n","breadcrumb":{"@id":"https:\/\/quaker.org\/es\/friends-fiduciary-corporation\/#breadcrumb"},"inLanguage":"es-ES","potentialAction":[{"@type":"ReadAction","target":["https:\/\/quaker.org\/es\/friends-fiduciary-corporation\/"]}]},{"@type":"BreadcrumbList","@id":"https:\/\/quaker.org\/es\/friends-fiduciary-corporation\/#breadcrumb","itemListElement":[{"@type":"ListItem","position":1,"name":"Home","item":"https:\/\/quaker.org\/es\/bienvenido-a-a-quaker-org\/"},{"@type":"ListItem","position":2,"name":"Friends Fiduciary Corporation"}]},{"@type":"WebSite","@id":"https:\/\/quaker.org\/es\/#website","url":"https:\/\/quaker.org\/es\/","name":"Quaker.org","description":"Learn about Friends","publisher":{"@id":"https:\/\/quaker.org\/es\/#organization"},"potentialAction":[{"@type":"SearchAction","target":{"@type":"EntryPoint","urlTemplate":"https:\/\/quaker.org\/es\/?s={search_term_string}"},"query-input":{"@type":"PropertyValueSpecification","valueRequired":true,"valueName":"search_term_string"}}],"inLanguage":"es-ES"},{"@type":"Organization","@id":"https:\/\/quaker.org\/es\/#organization","name":"Quaker.org","url":"https:\/\/quaker.org\/es\/","logo":{"@type":"ImageObject","inLanguage":"es-ES","@id":"https:\/\/quaker.org\/es\/#\/schema\/logo\/image\/","url":"https:\/\/quaker.org\/wp-content\/uploads\/sites\/3\/2025\/08\/QuakerOrgLogo_BW-300x54-1.png","contentUrl":"https:\/\/quaker.org\/wp-content\/uploads\/sites\/3\/2025\/08\/QuakerOrgLogo_BW-300x54-1.png","width":300,"height":54,"caption":"Quaker.org"},"image":{"@id":"https:\/\/quaker.org\/es\/#\/schema\/logo\/image\/"}}]}},"distributor_meta":false,"distributor_terms":false,"distributor_media":false,"distributor_original_site_name":"Quaker.org","distributor_original_site_url":"https:\/\/quaker.org\/es\/","push-errors":false,"acf":[],"_links":{"self":[{"href":"https:\/\/quaker.org\/es\/wp-json\/wp\/v2\/pages\/2813","targetHints":{"allow":["GET"]}}],"collection":[{"href":"https:\/\/quaker.org\/es\/wp-json\/wp\/v2\/pages"}],"about":[{"href":"https:\/\/quaker.org\/es\/wp-json\/wp\/v2\/types\/page"}],"author":[{"embeddable":true,"href":"https:\/\/quaker.org\/es\/wp-json\/wp\/v2\/users\/5129"}],"replies":[{"embeddable":true,"href":"https:\/\/quaker.org\/es\/wp-json\/wp\/v2\/comments?post=2813"}],"version-history":[{"count":1,"href":"https:\/\/quaker.org\/es\/wp-json\/wp\/v2\/pages\/2813\/revisions"}],"predecessor-version":[{"id":2814,"href":"https:\/\/quaker.org\/es\/wp-json\/wp\/v2\/pages\/2813\/revisions\/2814"}],"wp:attachment":[{"href":"https:\/\/quaker.org\/es\/wp-json\/wp\/v2\/media?parent=2813"}],"curies":[{"name":"wp","href":"https:\/\/api.w.org\/{rel}","templated":true}]}}