{"id":2809,"date":"2020-06-01T19:20:01","date_gmt":"2020-06-01T19:20:01","guid":{"rendered":"https:\/\/quaker.org\/asociacion-de-los-amigos-para-la-educacion-superior\/"},"modified":"2025-09-19T15:05:34","modified_gmt":"2025-09-19T15:05:34","slug":"asociacion-de-los-amigos-para-la-educacion-superior","status":"publish","type":"page","link":"https:\/\/quaker.org\/es\/asociacion-de-los-amigos-para-la-educacion-superior\/","title":{"rendered":"Asociaci\u00f3n de Los Amigos para la educaci\u00f3n superior"},"content":{"rendered":"\n<h3 class=\"wp-block-heading\"><a href=\"https:\/\/quakerfahe.com\/\">quakerfahe.com<\/a><\/h3>\n\n<p>La Asociaci\u00f3n de Los Amigos para la Educaci\u00f3n Superior es una organizaci\u00f3n de universidades y educadores cu\u00e1queros que buscan mantener y fortalecer la herencia cu\u00e1quera de las universidades fundadas por cu\u00e1queros, brindar apoyo al personal, los estudiantes y el profesorado de esas organizaciones y fomentar las becas cu\u00e1queras.<\/p>\n\n<hr class=\"wp-block-separator\" \/>\n\n<p>La Asociaci\u00f3n de Los Amigos para la Educaci\u00f3n Superior (FAHE) public\u00f3 una solicitud de propuestas de ponencias, mesas redondas y talleres para su conferencia de junio de 2020 en Earlham College y Earlham School of Religion sobre el tema de \u201cLa pacificaci\u00f3n y las artes liberales\u201d. Este es tambi\u00e9n el tema del pr\u00f3ximo volumen de la serie de libros de FAHE sobre Los Amigos en las disciplinas acad\u00e9micas. <\/p>\n\n<p>En septiembre, FAHE dio la bienvenida a una nueva instituci\u00f3n miembro asociada, Antioch College en Yellow Springs, Ohio.<\/p>\n\n<p>Tambi\u00e9n en septiembre, FAHE organiz\u00f3 la Feria Universitaria Cu\u00e1quera en el Friends Center de Filadelfia, Pensilvania, copatrocinada con la Junta Anual de Filadelfia. Estudiantes cu\u00e1queros y de otras escuelas secundarias y sus familias asistieron a una mesa redonda con profesores universitarios cu\u00e1queros y personal de admisi\u00f3n, consejeros universitarios de escuelas de Los Amigos y antiguos alumnos universitarios cu\u00e1queros, quienes discutieron el proceso de selecci\u00f3n y solicitud de ingreso a la universidad. Despu\u00e9s del panel, los asistentes se reunieron con representantes de universidades cu\u00e1queras e hist\u00f3ricamente cu\u00e1queras.  <\/p>\n","protected":false},"excerpt":{"rendered":"<p>quakerfahe.com La Asociaci\u00f3n de Los Amigos para la Educaci\u00f3n Superior es una organizaci\u00f3n de universidades y educadores cu\u00e1queros que buscan&hellip;<\/p>\n","protected":false},"author":5129,"featured_media":0,"parent":0,"menu_order":0,"comment_status":"closed","ping_status":"closed","template":"","meta":{"_acf_changed":false,"hero_banner_post_id":0,"footnotes":""},"class_list":["post-2809","page","type-page","status-publish","hentry"],"yoast_head":"<!-- This site is optimized with the Yoast SEO plugin v27.3 - https:\/\/yoast.com\/product\/yoast-seo-wordpress\/ -->\n<title>Asociaci\u00f3n de Los Amigos para la educaci\u00f3n superior - Quaker.org<\/title>\n<meta name=\"robots\" content=\"index, follow, max-snippet:-1, max-image-preview:large, max-video-preview:-1\" \/>\n<link rel=\"canonical\" href=\"https:\/\/quaker.org\/es\/asociacion-de-los-amigos-para-la-educacion-superior\/\" \/>\n<meta property=\"og:locale\" content=\"es_ES\" \/>\n<meta property=\"og:type\" content=\"article\" \/>\n<meta property=\"og:title\" content=\"Asociaci\u00f3n de Los Amigos para la educaci\u00f3n superior - Quaker.org\" \/>\n<meta property=\"og:description\" content=\"quakerfahe.com La Asociaci\u00f3n de Los Amigos para la Educaci\u00f3n Superior es una organizaci\u00f3n de universidades y educadores cu\u00e1queros que buscan&hellip;\" \/>\n<meta property=\"og:url\" content=\"https:\/\/quaker.org\/es\/asociacion-de-los-amigos-para-la-educacion-superior\/\" \/>\n<meta property=\"og:site_name\" content=\"Quaker.org\" \/>\n<meta property=\"article:modified_time\" content=\"2025-09-19T15:05:34+00:00\" \/>\n<meta name=\"twitter:card\" content=\"summary_large_image\" \/>\n<meta name=\"twitter:label1\" content=\"Est. reading time\" \/>\n\t<meta name=\"twitter:data1\" content=\"1 minute\" \/>\n<script type=\"application\/ld+json\" class=\"yoast-schema-graph\">{\"@context\":\"https:\\\/\\\/schema.org\",\"@graph\":[{\"@type\":\"WebPage\",\"@id\":\"https:\\\/\\\/quaker.org\\\/es\\\/asociacion-de-los-amigos-para-la-educacion-superior\\\/\",\"url\":\"https:\\\/\\\/quaker.org\\\/es\\\/asociacion-de-los-amigos-para-la-educacion-superior\\\/\",\"name\":\"Asociaci\u00f3n de Los Amigos para la educaci\u00f3n superior - Quaker.org\",\"isPartOf\":{\"@id\":\"https:\\\/\\\/quaker.org\\\/es\\\/#website\"},\"datePublished\":\"2020-06-01T19:20:01+00:00\",\"dateModified\":\"2025-09-19T15:05:34+00:00\",\"breadcrumb\":{\"@id\":\"https:\\\/\\\/quaker.org\\\/es\\\/asociacion-de-los-amigos-para-la-educacion-superior\\\/#breadcrumb\"},\"inLanguage\":\"es-ES\",\"potentialAction\":[{\"@type\":\"ReadAction\",\"target\":[\"https:\\\/\\\/quaker.org\\\/es\\\/asociacion-de-los-amigos-para-la-educacion-superior\\\/\"]}]},{\"@type\":\"BreadcrumbList\",\"@id\":\"https:\\\/\\\/quaker.org\\\/es\\\/asociacion-de-los-amigos-para-la-educacion-superior\\\/#breadcrumb\",\"itemListElement\":[{\"@type\":\"ListItem\",\"position\":1,\"name\":\"Home\",\"item\":\"https:\\\/\\\/quaker.org\\\/es\\\/bienvenido-a-a-quaker-org\\\/\"},{\"@type\":\"ListItem\",\"position\":2,\"name\":\"Asociaci\u00f3n de Los Amigos para la educaci\u00f3n superior\"}]},{\"@type\":\"WebSite\",\"@id\":\"https:\\\/\\\/quaker.org\\\/es\\\/#website\",\"url\":\"https:\\\/\\\/quaker.org\\\/es\\\/\",\"name\":\"Quaker.org\",\"description\":\"Learn about Friends\",\"publisher\":{\"@id\":\"https:\\\/\\\/quaker.org\\\/es\\\/#organization\"},\"potentialAction\":[{\"@type\":\"SearchAction\",\"target\":{\"@type\":\"EntryPoint\",\"urlTemplate\":\"https:\\\/\\\/quaker.org\\\/es\\\/?s={search_term_string}\"},\"query-input\":{\"@type\":\"PropertyValueSpecification\",\"valueRequired\":true,\"valueName\":\"search_term_string\"}}],\"inLanguage\":\"es-ES\"},{\"@type\":\"Organization\",\"@id\":\"https:\\\/\\\/quaker.org\\\/es\\\/#organization\",\"name\":\"Quaker.org\",\"url\":\"https:\\\/\\\/quaker.org\\\/es\\\/\",\"logo\":{\"@type\":\"ImageObject\",\"inLanguage\":\"es-ES\",\"@id\":\"https:\\\/\\\/quaker.org\\\/es\\\/#\\\/schema\\\/logo\\\/image\\\/\",\"url\":\"https:\\\/\\\/quaker.org\\\/wp-content\\\/uploads\\\/sites\\\/3\\\/2025\\\/08\\\/QuakerOrgLogo_BW-300x54-1.png\",\"contentUrl\":\"https:\\\/\\\/quaker.org\\\/wp-content\\\/uploads\\\/sites\\\/3\\\/2025\\\/08\\\/QuakerOrgLogo_BW-300x54-1.png\",\"width\":300,\"height\":54,\"caption\":\"Quaker.org\"},\"image\":{\"@id\":\"https:\\\/\\\/quaker.org\\\/es\\\/#\\\/schema\\\/logo\\\/image\\\/\"}}]}<\/script>\n<!-- \/ Yoast SEO plugin. -->","yoast_head_json":{"title":"Asociaci\u00f3n de Los Amigos para la educaci\u00f3n superior - Quaker.org","robots":{"index":"index","follow":"follow","max-snippet":"max-snippet:-1","max-image-preview":"max-image-preview:large","max-video-preview":"max-video-preview:-1"},"canonical":"https:\/\/quaker.org\/es\/asociacion-de-los-amigos-para-la-educacion-superior\/","og_locale":"es_ES","og_type":"article","og_title":"Asociaci\u00f3n de Los Amigos para la educaci\u00f3n superior - Quaker.org","og_description":"quakerfahe.com La Asociaci\u00f3n de Los Amigos para la Educaci\u00f3n Superior es una organizaci\u00f3n de universidades y educadores cu\u00e1queros que buscan&hellip;","og_url":"https:\/\/quaker.org\/es\/asociacion-de-los-amigos-para-la-educacion-superior\/","og_site_name":"Quaker.org","article_modified_time":"2025-09-19T15:05:34+00:00","twitter_card":"summary_large_image","twitter_misc":{"Est. reading time":"1 minute"},"schema":{"@context":"https:\/\/schema.org","@graph":[{"@type":"WebPage","@id":"https:\/\/quaker.org\/es\/asociacion-de-los-amigos-para-la-educacion-superior\/","url":"https:\/\/quaker.org\/es\/asociacion-de-los-amigos-para-la-educacion-superior\/","name":"Asociaci\u00f3n de Los Amigos para la educaci\u00f3n superior - Quaker.org","isPartOf":{"@id":"https:\/\/quaker.org\/es\/#website"},"datePublished":"2020-06-01T19:20:01+00:00","dateModified":"2025-09-19T15:05:34+00:00","breadcrumb":{"@id":"https:\/\/quaker.org\/es\/asociacion-de-los-amigos-para-la-educacion-superior\/#breadcrumb"},"inLanguage":"es-ES","potentialAction":[{"@type":"ReadAction","target":["https:\/\/quaker.org\/es\/asociacion-de-los-amigos-para-la-educacion-superior\/"]}]},{"@type":"BreadcrumbList","@id":"https:\/\/quaker.org\/es\/asociacion-de-los-amigos-para-la-educacion-superior\/#breadcrumb","itemListElement":[{"@type":"ListItem","position":1,"name":"Home","item":"https:\/\/quaker.org\/es\/bienvenido-a-a-quaker-org\/"},{"@type":"ListItem","position":2,"name":"Asociaci\u00f3n de Los Amigos para la educaci\u00f3n superior"}]},{"@type":"WebSite","@id":"https:\/\/quaker.org\/es\/#website","url":"https:\/\/quaker.org\/es\/","name":"Quaker.org","description":"Learn about Friends","publisher":{"@id":"https:\/\/quaker.org\/es\/#organization"},"potentialAction":[{"@type":"SearchAction","target":{"@type":"EntryPoint","urlTemplate":"https:\/\/quaker.org\/es\/?s={search_term_string}"},"query-input":{"@type":"PropertyValueSpecification","valueRequired":true,"valueName":"search_term_string"}}],"inLanguage":"es-ES"},{"@type":"Organization","@id":"https:\/\/quaker.org\/es\/#organization","name":"Quaker.org","url":"https:\/\/quaker.org\/es\/","logo":{"@type":"ImageObject","inLanguage":"es-ES","@id":"https:\/\/quaker.org\/es\/#\/schema\/logo\/image\/","url":"https:\/\/quaker.org\/wp-content\/uploads\/sites\/3\/2025\/08\/QuakerOrgLogo_BW-300x54-1.png","contentUrl":"https:\/\/quaker.org\/wp-content\/uploads\/sites\/3\/2025\/08\/QuakerOrgLogo_BW-300x54-1.png","width":300,"height":54,"caption":"Quaker.org"},"image":{"@id":"https:\/\/quaker.org\/es\/#\/schema\/logo\/image\/"}}]}},"distributor_meta":false,"distributor_terms":false,"distributor_media":false,"distributor_original_site_name":"Quaker.org","distributor_original_site_url":"https:\/\/quaker.org\/es\/","push-errors":false,"acf":[],"_links":{"self":[{"href":"https:\/\/quaker.org\/es\/wp-json\/wp\/v2\/pages\/2809","targetHints":{"allow":["GET"]}}],"collection":[{"href":"https:\/\/quaker.org\/es\/wp-json\/wp\/v2\/pages"}],"about":[{"href":"https:\/\/quaker.org\/es\/wp-json\/wp\/v2\/types\/page"}],"author":[{"embeddable":true,"href":"https:\/\/quaker.org\/es\/wp-json\/wp\/v2\/users\/5129"}],"replies":[{"embeddable":true,"href":"https:\/\/quaker.org\/es\/wp-json\/wp\/v2\/comments?post=2809"}],"version-history":[{"count":1,"href":"https:\/\/quaker.org\/es\/wp-json\/wp\/v2\/pages\/2809\/revisions"}],"predecessor-version":[{"id":2810,"href":"https:\/\/quaker.org\/es\/wp-json\/wp\/v2\/pages\/2809\/revisions\/2810"}],"wp:attachment":[{"href":"https:\/\/quaker.org\/es\/wp-json\/wp\/v2\/media?parent=2809"}],"curies":[{"name":"wp","href":"https:\/\/api.w.org\/{rel}","templated":true}]}}