{"id":2807,"date":"2020-05-22T16:21:02","date_gmt":"2020-05-22T16:21:02","guid":{"rendered":"https:\/\/quaker.org\/acerca-de\/"},"modified":"2025-09-19T15:05:32","modified_gmt":"2025-09-19T15:05:32","slug":"acerca-de","status":"publish","type":"page","link":"https:\/\/quaker.org\/es\/acerca-de\/","title":{"rendered":"Acerca de"},"content":{"rendered":"\n<p>Quaker.org es un lugar para que personas de todo el mundo accedan a informaci\u00f3n b\u00e1sica fiable sobre la Sociedad Religiosa de los Amigos (los cu\u00e1queros) y exploren recursos que puedan ayudarles a encontrar un camino espiritual y una comunidad. Quaker.org es un proyecto de Friends Publishing Corporation, que es una organizaci\u00f3n cu\u00e1quera independiente sin \u00e1nimo de lucro que publica <em><a href=\"https:\/\/friendsjournal.org\/\">Friends Journal<\/a><\/em> y la serie <a href=\"https:\/\/quakerspeak.com\/\">QuakerSpeak<\/a> en YouTube. La misi\u00f3n de Friends Publishing Corporation es comunicar la experiencia cu\u00e1quera para conectar y profundizar en las vidas espirituales. Las <a href=\"https:\/\/quaker.org\/donate\/\">donaciones<\/a> de personas como usted apoyan nuestro trabajo.  <\/p>\n","protected":false},"excerpt":{"rendered":"<p>Quaker.org es un lugar para que personas de todo el mundo accedan a informaci\u00f3n b\u00e1sica fiable sobre la Sociedad Religiosa&hellip;<\/p>\n","protected":false},"author":5129,"featured_media":0,"parent":0,"menu_order":0,"comment_status":"closed","ping_status":"closed","template":"","meta":{"_acf_changed":false,"hero_banner_post_id":0,"footnotes":""},"class_list":["post-2807","page","type-page","status-publish","hentry"],"yoast_head":"<!-- This site is optimized with the Yoast SEO plugin v27.3 - https:\/\/yoast.com\/product\/yoast-seo-wordpress\/ -->\n<title>Quaker.org: proporciona informaci\u00f3n fiable sobre la teolog\u00eda cu\u00e1quera<\/title>\n<meta name=\"description\" content=\"Proporcionamos informaci\u00f3n fiable sobre la Sociedad Religiosa de los Amigos (los cu\u00e1queros) y recursos para ayudarle a encontrar un camino espiritual y una comunidad. M\u00e1s informaci\u00f3n.\" \/>\n<meta name=\"robots\" content=\"index, follow, max-snippet:-1, max-image-preview:large, max-video-preview:-1\" \/>\n<link rel=\"canonical\" href=\"https:\/\/quaker.org\/es\/acerca-de\/\" \/>\n<meta property=\"og:locale\" content=\"es_ES\" \/>\n<meta property=\"og:type\" content=\"article\" \/>\n<meta property=\"og:title\" content=\"Quaker.org: proporciona informaci\u00f3n fiable sobre la teolog\u00eda cu\u00e1quera\" \/>\n<meta property=\"og:description\" content=\"Proporcionamos informaci\u00f3n fiable sobre la Sociedad Religiosa de los Amigos (los cu\u00e1queros) y recursos para ayudarle a encontrar un camino espiritual y una comunidad. M\u00e1s informaci\u00f3n.\" \/>\n<meta property=\"og:url\" content=\"https:\/\/quaker.org\/es\/acerca-de\/\" \/>\n<meta property=\"og:site_name\" content=\"Quaker.org\" \/>\n<meta property=\"article:modified_time\" content=\"2025-09-19T15:05:32+00:00\" \/>\n<meta name=\"twitter:card\" content=\"summary_large_image\" \/>\n<meta name=\"twitter:label1\" content=\"Est. reading time\" \/>\n\t<meta name=\"twitter:data1\" content=\"1 minute\" \/>\n<script type=\"application\/ld+json\" class=\"yoast-schema-graph\">{\"@context\":\"https:\\\/\\\/schema.org\",\"@graph\":[{\"@type\":\"WebPage\",\"@id\":\"https:\\\/\\\/quaker.org\\\/es\\\/acerca-de\\\/\",\"url\":\"https:\\\/\\\/quaker.org\\\/es\\\/acerca-de\\\/\",\"name\":\"Quaker.org: proporciona informaci\u00f3n fiable sobre la teolog\u00eda cu\u00e1quera\",\"isPartOf\":{\"@id\":\"https:\\\/\\\/quaker.org\\\/es\\\/#website\"},\"datePublished\":\"2020-05-22T16:21:02+00:00\",\"dateModified\":\"2025-09-19T15:05:32+00:00\",\"description\":\"Proporcionamos informaci\u00f3n fiable sobre la Sociedad Religiosa de los Amigos (los cu\u00e1queros) y recursos para ayudarle a encontrar un camino espiritual y una comunidad. M\u00e1s informaci\u00f3n.\",\"breadcrumb\":{\"@id\":\"https:\\\/\\\/quaker.org\\\/es\\\/acerca-de\\\/#breadcrumb\"},\"inLanguage\":\"es-ES\",\"potentialAction\":[{\"@type\":\"ReadAction\",\"target\":[\"https:\\\/\\\/quaker.org\\\/es\\\/acerca-de\\\/\"]}]},{\"@type\":\"BreadcrumbList\",\"@id\":\"https:\\\/\\\/quaker.org\\\/es\\\/acerca-de\\\/#breadcrumb\",\"itemListElement\":[{\"@type\":\"ListItem\",\"position\":1,\"name\":\"Home\",\"item\":\"https:\\\/\\\/quaker.org\\\/es\\\/bienvenido-a-a-quaker-org\\\/\"},{\"@type\":\"ListItem\",\"position\":2,\"name\":\"Acerca de\"}]},{\"@type\":\"WebSite\",\"@id\":\"https:\\\/\\\/quaker.org\\\/es\\\/#website\",\"url\":\"https:\\\/\\\/quaker.org\\\/es\\\/\",\"name\":\"Quaker.org\",\"description\":\"Learn about Friends\",\"publisher\":{\"@id\":\"https:\\\/\\\/quaker.org\\\/es\\\/#organization\"},\"potentialAction\":[{\"@type\":\"SearchAction\",\"target\":{\"@type\":\"EntryPoint\",\"urlTemplate\":\"https:\\\/\\\/quaker.org\\\/es\\\/?s={search_term_string}\"},\"query-input\":{\"@type\":\"PropertyValueSpecification\",\"valueRequired\":true,\"valueName\":\"search_term_string\"}}],\"inLanguage\":\"es-ES\"},{\"@type\":\"Organization\",\"@id\":\"https:\\\/\\\/quaker.org\\\/es\\\/#organization\",\"name\":\"Quaker.org\",\"url\":\"https:\\\/\\\/quaker.org\\\/es\\\/\",\"logo\":{\"@type\":\"ImageObject\",\"inLanguage\":\"es-ES\",\"@id\":\"https:\\\/\\\/quaker.org\\\/es\\\/#\\\/schema\\\/logo\\\/image\\\/\",\"url\":\"https:\\\/\\\/quaker.org\\\/wp-content\\\/uploads\\\/sites\\\/3\\\/2025\\\/08\\\/QuakerOrgLogo_BW-300x54-1.png\",\"contentUrl\":\"https:\\\/\\\/quaker.org\\\/wp-content\\\/uploads\\\/sites\\\/3\\\/2025\\\/08\\\/QuakerOrgLogo_BW-300x54-1.png\",\"width\":300,\"height\":54,\"caption\":\"Quaker.org\"},\"image\":{\"@id\":\"https:\\\/\\\/quaker.org\\\/es\\\/#\\\/schema\\\/logo\\\/image\\\/\"}}]}<\/script>\n<!-- \/ Yoast SEO plugin. -->","yoast_head_json":{"title":"Quaker.org: proporciona informaci\u00f3n fiable sobre la teolog\u00eda cu\u00e1quera","description":"Proporcionamos informaci\u00f3n fiable sobre la Sociedad Religiosa de los Amigos (los cu\u00e1queros) y recursos para ayudarle a encontrar un camino espiritual y una comunidad. M\u00e1s informaci\u00f3n.","robots":{"index":"index","follow":"follow","max-snippet":"max-snippet:-1","max-image-preview":"max-image-preview:large","max-video-preview":"max-video-preview:-1"},"canonical":"https:\/\/quaker.org\/es\/acerca-de\/","og_locale":"es_ES","og_type":"article","og_title":"Quaker.org: proporciona informaci\u00f3n fiable sobre la teolog\u00eda cu\u00e1quera","og_description":"Proporcionamos informaci\u00f3n fiable sobre la Sociedad Religiosa de los Amigos (los cu\u00e1queros) y recursos para ayudarle a encontrar un camino espiritual y una comunidad. M\u00e1s informaci\u00f3n.","og_url":"https:\/\/quaker.org\/es\/acerca-de\/","og_site_name":"Quaker.org","article_modified_time":"2025-09-19T15:05:32+00:00","twitter_card":"summary_large_image","twitter_misc":{"Est. reading time":"1 minute"},"schema":{"@context":"https:\/\/schema.org","@graph":[{"@type":"WebPage","@id":"https:\/\/quaker.org\/es\/acerca-de\/","url":"https:\/\/quaker.org\/es\/acerca-de\/","name":"Quaker.org: proporciona informaci\u00f3n fiable sobre la teolog\u00eda cu\u00e1quera","isPartOf":{"@id":"https:\/\/quaker.org\/es\/#website"},"datePublished":"2020-05-22T16:21:02+00:00","dateModified":"2025-09-19T15:05:32+00:00","description":"Proporcionamos informaci\u00f3n fiable sobre la Sociedad Religiosa de los Amigos (los cu\u00e1queros) y recursos para ayudarle a encontrar un camino espiritual y una comunidad. M\u00e1s informaci\u00f3n.","breadcrumb":{"@id":"https:\/\/quaker.org\/es\/acerca-de\/#breadcrumb"},"inLanguage":"es-ES","potentialAction":[{"@type":"ReadAction","target":["https:\/\/quaker.org\/es\/acerca-de\/"]}]},{"@type":"BreadcrumbList","@id":"https:\/\/quaker.org\/es\/acerca-de\/#breadcrumb","itemListElement":[{"@type":"ListItem","position":1,"name":"Home","item":"https:\/\/quaker.org\/es\/bienvenido-a-a-quaker-org\/"},{"@type":"ListItem","position":2,"name":"Acerca de"}]},{"@type":"WebSite","@id":"https:\/\/quaker.org\/es\/#website","url":"https:\/\/quaker.org\/es\/","name":"Quaker.org","description":"Learn about Friends","publisher":{"@id":"https:\/\/quaker.org\/es\/#organization"},"potentialAction":[{"@type":"SearchAction","target":{"@type":"EntryPoint","urlTemplate":"https:\/\/quaker.org\/es\/?s={search_term_string}"},"query-input":{"@type":"PropertyValueSpecification","valueRequired":true,"valueName":"search_term_string"}}],"inLanguage":"es-ES"},{"@type":"Organization","@id":"https:\/\/quaker.org\/es\/#organization","name":"Quaker.org","url":"https:\/\/quaker.org\/es\/","logo":{"@type":"ImageObject","inLanguage":"es-ES","@id":"https:\/\/quaker.org\/es\/#\/schema\/logo\/image\/","url":"https:\/\/quaker.org\/wp-content\/uploads\/sites\/3\/2025\/08\/QuakerOrgLogo_BW-300x54-1.png","contentUrl":"https:\/\/quaker.org\/wp-content\/uploads\/sites\/3\/2025\/08\/QuakerOrgLogo_BW-300x54-1.png","width":300,"height":54,"caption":"Quaker.org"},"image":{"@id":"https:\/\/quaker.org\/es\/#\/schema\/logo\/image\/"}}]}},"distributor_meta":false,"distributor_terms":false,"distributor_media":false,"distributor_original_site_name":"Quaker.org","distributor_original_site_url":"https:\/\/quaker.org\/es\/","push-errors":false,"acf":[],"_links":{"self":[{"href":"https:\/\/quaker.org\/es\/wp-json\/wp\/v2\/pages\/2807","targetHints":{"allow":["GET"]}}],"collection":[{"href":"https:\/\/quaker.org\/es\/wp-json\/wp\/v2\/pages"}],"about":[{"href":"https:\/\/quaker.org\/es\/wp-json\/wp\/v2\/types\/page"}],"author":[{"embeddable":true,"href":"https:\/\/quaker.org\/es\/wp-json\/wp\/v2\/users\/5129"}],"replies":[{"embeddable":true,"href":"https:\/\/quaker.org\/es\/wp-json\/wp\/v2\/comments?post=2807"}],"version-history":[{"count":1,"href":"https:\/\/quaker.org\/es\/wp-json\/wp\/v2\/pages\/2807\/revisions"}],"predecessor-version":[{"id":2808,"href":"https:\/\/quaker.org\/es\/wp-json\/wp\/v2\/pages\/2807\/revisions\/2808"}],"wp:attachment":[{"href":"https:\/\/quaker.org\/es\/wp-json\/wp\/v2\/media?parent=2807"}],"curies":[{"name":"wp","href":"https:\/\/api.w.org\/{rel}","templated":true}]}}