{"id":2737,"date":"2022-01-18T19:22:19","date_gmt":"2022-01-18T19:22:19","guid":{"rendered":"https:\/\/quaker.org\/creen-los-cuaqueros-en-dios\/"},"modified":"2025-10-21T14:14:56","modified_gmt":"2025-10-21T14:14:56","slug":"creen-los-cuaqueros-en-dios","status":"publish","type":"page","link":"https:\/\/quaker.org\/es\/creen-los-cuaqueros-en-dios\/","title":{"rendered":"\u00bfCreen los cu\u00e1queros en Dios?"},"content":{"rendered":"\n<h2 class=\"wp-block-heading\">(<em>In English: <\/em><a href=\"https:\/\/quaker.org\/es\/creen-los-cuaqueros-en-dios\/\">Do Quakers believe in God?<\/a>)<\/h2>\n\n\n\n<div class=\"wp-block-columns is-layout-flex wp-container-core-columns-is-layout-9d6595d7 wp-block-columns-is-layout-flex\">\n<div class=\"wp-block-column is-layout-flow wp-block-column-is-layout-flow\" style=\"flex-basis:50%\">\n<p><strong>Tambi\u00e9n: \u00bfPueden los ateos o agn\u00f3sticos ser Amigos?<\/strong><\/p>\n\n\n\n<p>Lo que ocurre con la falta de dogma religioso entre los cu\u00e1queros es que lo que puede parecer una simple pregunta de \u201cs\u00ed\/no\u201d a menudo tiene una respuesta m\u00e1s ambigua, como \u201ctal vez\u201d, \u201ca veces\u201d o \u201cdepende\u201d. <em>\u00bfCreen los Amigos en Dios?<\/em>  es definitivamente una de esas preguntas.<\/p>\n\n\n\n<p>La mayor\u00eda de los Amigos creen en\u2026 algo. Es cuando se pregunta si ese algo es \u201cDios\u201d cuando la respuesta se vuelve m\u00e1s complicada. <\/p>\n<\/div>\n\n\n\n<div class=\"wp-block-column is-layout-flow wp-block-column-is-layout-flow\" style=\"flex-basis:50%\">\n<figure class=\"wp-block-embed aligncenter is-type-video is-provider-youtube wp-block-embed-youtube wp-embed-aspect-16-9 wp-has-aspect-ratio\"><div class=\"wp-block-embed__wrapper\">\n<iframe loading=\"lazy\" title=\"What Do Quakers Believe About God?\" width=\"500\" height=\"281\" src=\"https:\/\/www.youtube.com\/embed\/ZYptdeh2mBE?feature=oembed\" frameborder=\"0\" allow=\"accelerometer; autoplay; clipboard-write; encrypted-media; gyroscope; picture-in-picture; web-share\" referrerpolicy=\"strict-origin-when-cross-origin\" allowfullscreen><\/iframe>\n<\/div><\/figure>\n<\/div>\n<\/div>\n\n\n\n<p>\u00bfSe refiere al Dios de la tradici\u00f3n abrah\u00e1mica, adorado por los jud\u00edos y luego por los cristianos y luego por los musulmanes durante varios milenios? Muchos Amigos entienden la divinidad a trav\u00e9s de ese marco, pero algunos sienten que no ofrece una comprensi\u00f3n completa. As\u00ed que a menudo oir\u00e1 a los Amigos hablar del \u201cEsp\u00edritu (Santo)\u201d, por ejemplo. La comprensi\u00f3n del Esp\u00edritu (Santo) de un Amigo podr\u00eda ser muy similar a una comprensi\u00f3n abrah\u00e1mica de Dios; otro Amigo podr\u00eda entender el Esp\u00edritu (Santo) de una manera muy diferente. Sin embargo, en t\u00e9rminos generales, los Amigos s\u00ed creen en algo muy parecido a lo que los participantes en Alcoh\u00f3licos An\u00f3nimos y otros programas de 12 pasos reconocer\u00edan como \u201cun poder superior a nosotros mismos\u201d en el universo.    <\/p>\n\n\n\n<div class=\"wp-block-columns is-layout-flex wp-container-core-columns-is-layout-9d6595d7 wp-block-columns-is-layout-flex\">\n<div class=\"wp-block-column is-layout-flow wp-block-column-is-layout-flow\" style=\"flex-basis:50%\">\n<p>\u00bfPuede un ateo ser cu\u00e1quero? \u00a1Por supuesto! Especialmente si es el tipo de ateo que no cree en un Dios personal, como el de las tradiciones abrah\u00e1micas, o en cualquier forma de divinidad trascendente. Algunos ateos encuentran significado en el cuaquerismo no por creencias sobrenaturales, sino por su compromiso con valores \u00e9ticos profundos, la b\u00fasqueda de la verdad y la pr\u00e1ctica comunitaria. Incluso si tiene una visi\u00f3n materialista de la realidad, puede compartir los testimonios cu\u00e1queros, como la paz, la integridad, la igualdad y la sencillez, no porque provengan de una fuente divina, sino porque los considera principios fundamentales para una vida significativa. Despu\u00e9s de todo, en diferentes ramas del cuaquerismo contempor\u00e1neo, el enfoque no est\u00e1 en adherirse a una doctrina espec\u00edfica, sino en vivir con apertura, honestidad y compromiso \u00e9tico. Y eso tambi\u00e9n incluye a aquellos que se definen como ateos.      <\/p>\n<\/div>\n\n\n\n<div class=\"wp-block-column is-layout-flow wp-block-column-is-layout-flow\" style=\"flex-basis:50%\">\n<figure class=\"wp-block-embed is-type-video is-provider-youtube wp-block-embed-youtube wp-embed-aspect-16-9 wp-has-aspect-ratio\"><div class=\"wp-block-embed__wrapper\">\n<iframe loading=\"lazy\" title=\"Unlearning God: How Unbelieving Helped Me Believe\" width=\"500\" height=\"281\" src=\"https:\/\/www.youtube.com\/embed\/nc3bewkCmPQ?feature=oembed\" frameborder=\"0\" allow=\"accelerometer; autoplay; clipboard-write; encrypted-media; gyroscope; picture-in-picture; web-share\" referrerpolicy=\"strict-origin-when-cross-origin\" allowfullscreen><\/iframe>\n<\/div><\/figure>\n<\/div>\n<\/div>\n\n\n\n<p>Para aquellos que se identifican como agn\u00f3sticos, el camino puede parecer a\u00fan m\u00e1s natural. Si, en lugar de rechazar por completo la posibilidad de lo divino, tiene dudas o simplemente no est\u00e1 seguro, est\u00e1 en buena compa\u00f1\u00eda. La Sociedad Religiosa de los Amigos reconoce esa incertidumbre; creer que cada persona puede experimentar lo divino tambi\u00e9n implica aceptar que este camino es \u00fanico para cada persona y lleva su propio ritmo. En lugar de tratar de convencerle de que \u201cDios es real\u201d, muchas reuniones de los Amigos ofrecen un espacio donde podr\u00eda, en alg\u00fan momento, experimentar la revelaci\u00f3n continua por s\u00ed mismo. (Y si no sucede de inmediato, \u00a1no se desanime! Algunos Amigos pasan a\u00f1os, o incluso d\u00e9cadas, sin recibir un mensaje directo del Esp\u00edritu (Santo), pero permanecen abiertos a la posibilidad de que alg\u00fan d\u00eda ocurra).    <\/p>\n\n\n\n<p><strong>Siguiente pregunta: <a href=\"https:\/\/quaker.org\/es\/que-creen-los-cuaqueros-sobre-jesus\/\"><em>\u00bfson cristianos los cu\u00e1queros?<\/em><\/a><\/strong><\/p>\n\n\n\n<div class=\"wp-block-group is-layout-flow wp-block-group-is-layout-flow\">\n<div class=\"wp-block-columns has-background is-layout-flex wp-container-core-columns-is-layout-9d6595d7 wp-block-columns-is-layout-flex\" style=\"background-color:#dedede\">\n<div class=\"wp-block-column is-layout-flow wp-block-column-is-layout-flow\" style=\"flex-basis:50%\">\n<h4 class=\"wp-block-heading\">M\u00e1s informaci\u00f3n en <em>friends journal<\/em><\/h4>\n<\/div>\n\n\n\n<div class=\"wp-block-column is-layout-flow wp-block-column-is-layout-flow\" style=\"flex-basis:50%\">\n<p>\u201c<a href=\"https:\/\/www.friendsjournal.org\/2003067\/\">Confesiones de un Amigo no te\u00edsta<\/a>\u201d,<br>David E. Drake<\/p>\n\n\n\n<p>\u201c<a href=\"https:\/\/www.friendsjournal.org\/2009133\/\">Temblando con confianza<\/a>\u201d,<br>Ben Pink Dandelion<\/p>\n\n\n\n<p>\u201c<a href=\"https:\/\/www.friendsjournal.org\/2006031\/\">Encontrando letras ca\u00eddas<\/a>\u201d, Paul Hamell<\/p>\n\n\n\n<p>\u201c<a href=\"https:\/\/www.friendsjournal.org\/depts-m07-240-julie-wise-on-faith-and-practice\/\">Sin religi\u00f3n. Siempre practicando el cuaquerismo. <\/a>,\u201d Julia wise<\/p>\n<\/div>\n<\/div>\n<\/div>\n","protected":false},"excerpt":{"rendered":"<p>(In English: Do Quakers believe in God?) Tambi\u00e9n: \u00bfPueden los ateos o agn\u00f3sticos ser Amigos? Lo que ocurre con la&hellip;<\/p>\n","protected":false},"author":5131,"featured_media":0,"parent":0,"menu_order":0,"comment_status":"closed","ping_status":"closed","template":"","meta":{"_acf_changed":false,"hero_banner_post_id":0,"footnotes":""},"class_list":["post-2737","page","type-page","status-publish","hentry"],"yoast_head":"<!-- This site is optimized with the Yoast SEO plugin v27.4 - https:\/\/yoast.com\/product\/yoast-seo-wordpress\/ -->\n<title>\u00bfCreen los cu\u00e1queros en Dios? - Creencias de la Sociedad Religiosa de los Amigos<\/title>\n<meta name=\"description\" content=\"La mayor\u00eda de los cu\u00e1queros creen en algo. La cosa se complica cuando preguntas si ese algo es \u201cDios\u201d. Obt\u00e9n m\u00e1s informaci\u00f3n sobre lo que creen los cu\u00e1queros.\" \/>\n<meta name=\"robots\" content=\"index, follow, max-snippet:-1, max-image-preview:large, max-video-preview:-1\" \/>\n<link rel=\"canonical\" href=\"https:\/\/quaker.org\/es\/creen-los-cuaqueros-en-dios\/\" \/>\n<meta property=\"og:locale\" content=\"es_ES\" \/>\n<meta property=\"og:type\" content=\"article\" \/>\n<meta property=\"og:title\" content=\"\u00bfCreen los cu\u00e1queros en Dios? - Creencias de la Sociedad Religiosa de los Amigos\" \/>\n<meta property=\"og:description\" content=\"La mayor\u00eda de los cu\u00e1queros creen en algo. La cosa se complica cuando preguntas si ese algo es \u201cDios\u201d. Obt\u00e9n m\u00e1s informaci\u00f3n sobre lo que creen los cu\u00e1queros.\" \/>\n<meta property=\"og:url\" content=\"https:\/\/quaker.org\/es\/creen-los-cuaqueros-en-dios\/\" \/>\n<meta property=\"og:site_name\" content=\"Quaker.org\" \/>\n<meta property=\"article:modified_time\" content=\"2025-10-21T14:14:56+00:00\" \/>\n<meta name=\"twitter:card\" content=\"summary_large_image\" \/>\n<meta name=\"twitter:label1\" content=\"Est. reading time\" \/>\n\t<meta name=\"twitter:data1\" content=\"3 minutes\" \/>\n<script type=\"application\/ld+json\" class=\"yoast-schema-graph\">{\"@context\":\"https:\\\/\\\/schema.org\",\"@graph\":[{\"@type\":\"WebPage\",\"@id\":\"https:\\\/\\\/quaker.org\\\/es\\\/creen-los-cuaqueros-en-dios\\\/\",\"url\":\"https:\\\/\\\/quaker.org\\\/es\\\/creen-los-cuaqueros-en-dios\\\/\",\"name\":\"\u00bfCreen los cu\u00e1queros en Dios? - Creencias de la Sociedad Religiosa de los Amigos\",\"isPartOf\":{\"@id\":\"https:\\\/\\\/quaker.org\\\/es\\\/#website\"},\"datePublished\":\"2022-01-18T19:22:19+00:00\",\"dateModified\":\"2025-10-21T14:14:56+00:00\",\"description\":\"La mayor\u00eda de los cu\u00e1queros creen en algo. La cosa se complica cuando preguntas si ese algo es \u201cDios\u201d. Obt\u00e9n m\u00e1s informaci\u00f3n sobre lo que creen los cu\u00e1queros.\",\"breadcrumb\":{\"@id\":\"https:\\\/\\\/quaker.org\\\/es\\\/creen-los-cuaqueros-en-dios\\\/#breadcrumb\"},\"inLanguage\":\"es-ES\",\"potentialAction\":[{\"@type\":\"ReadAction\",\"target\":[\"https:\\\/\\\/quaker.org\\\/es\\\/creen-los-cuaqueros-en-dios\\\/\"]}]},{\"@type\":\"BreadcrumbList\",\"@id\":\"https:\\\/\\\/quaker.org\\\/es\\\/creen-los-cuaqueros-en-dios\\\/#breadcrumb\",\"itemListElement\":[{\"@type\":\"ListItem\",\"position\":1,\"name\":\"Home\",\"item\":\"https:\\\/\\\/quaker.org\\\/es\\\/bienvenido-a-a-quaker-org\\\/\"},{\"@type\":\"ListItem\",\"position\":2,\"name\":\"\u00bfCreen los cu\u00e1queros en Dios?\"}]},{\"@type\":\"WebSite\",\"@id\":\"https:\\\/\\\/quaker.org\\\/es\\\/#website\",\"url\":\"https:\\\/\\\/quaker.org\\\/es\\\/\",\"name\":\"Quaker.org\",\"description\":\"Learn about Friends\",\"publisher\":{\"@id\":\"https:\\\/\\\/quaker.org\\\/es\\\/#organization\"},\"potentialAction\":[{\"@type\":\"SearchAction\",\"target\":{\"@type\":\"EntryPoint\",\"urlTemplate\":\"https:\\\/\\\/quaker.org\\\/es\\\/?s={search_term_string}\"},\"query-input\":{\"@type\":\"PropertyValueSpecification\",\"valueRequired\":true,\"valueName\":\"search_term_string\"}}],\"inLanguage\":\"es-ES\"},{\"@type\":\"Organization\",\"@id\":\"https:\\\/\\\/quaker.org\\\/es\\\/#organization\",\"name\":\"Quaker.org\",\"url\":\"https:\\\/\\\/quaker.org\\\/es\\\/\",\"logo\":{\"@type\":\"ImageObject\",\"inLanguage\":\"es-ES\",\"@id\":\"https:\\\/\\\/quaker.org\\\/es\\\/#\\\/schema\\\/logo\\\/image\\\/\",\"url\":\"https:\\\/\\\/quaker.org\\\/wp-content\\\/uploads\\\/sites\\\/3\\\/2025\\\/08\\\/QuakerOrgLogo_BW-300x54-1.png\",\"contentUrl\":\"https:\\\/\\\/quaker.org\\\/wp-content\\\/uploads\\\/sites\\\/3\\\/2025\\\/08\\\/QuakerOrgLogo_BW-300x54-1.png\",\"width\":300,\"height\":54,\"caption\":\"Quaker.org\"},\"image\":{\"@id\":\"https:\\\/\\\/quaker.org\\\/es\\\/#\\\/schema\\\/logo\\\/image\\\/\"}}]}<\/script>\n<!-- \/ Yoast SEO plugin. -->","yoast_head_json":{"title":"\u00bfCreen los cu\u00e1queros en Dios? - Creencias de la Sociedad Religiosa de los Amigos","description":"La mayor\u00eda de los cu\u00e1queros creen en algo. La cosa se complica cuando preguntas si ese algo es \u201cDios\u201d. Obt\u00e9n m\u00e1s informaci\u00f3n sobre lo que creen los cu\u00e1queros.","robots":{"index":"index","follow":"follow","max-snippet":"max-snippet:-1","max-image-preview":"max-image-preview:large","max-video-preview":"max-video-preview:-1"},"canonical":"https:\/\/quaker.org\/es\/creen-los-cuaqueros-en-dios\/","og_locale":"es_ES","og_type":"article","og_title":"\u00bfCreen los cu\u00e1queros en Dios? - Creencias de la Sociedad Religiosa de los Amigos","og_description":"La mayor\u00eda de los cu\u00e1queros creen en algo. La cosa se complica cuando preguntas si ese algo es \u201cDios\u201d. Obt\u00e9n m\u00e1s informaci\u00f3n sobre lo que creen los cu\u00e1queros.","og_url":"https:\/\/quaker.org\/es\/creen-los-cuaqueros-en-dios\/","og_site_name":"Quaker.org","article_modified_time":"2025-10-21T14:14:56+00:00","twitter_card":"summary_large_image","twitter_misc":{"Est. reading time":"3 minutes"},"schema":{"@context":"https:\/\/schema.org","@graph":[{"@type":"WebPage","@id":"https:\/\/quaker.org\/es\/creen-los-cuaqueros-en-dios\/","url":"https:\/\/quaker.org\/es\/creen-los-cuaqueros-en-dios\/","name":"\u00bfCreen los cu\u00e1queros en Dios? - Creencias de la Sociedad Religiosa de los Amigos","isPartOf":{"@id":"https:\/\/quaker.org\/es\/#website"},"datePublished":"2022-01-18T19:22:19+00:00","dateModified":"2025-10-21T14:14:56+00:00","description":"La mayor\u00eda de los cu\u00e1queros creen en algo. La cosa se complica cuando preguntas si ese algo es \u201cDios\u201d. Obt\u00e9n m\u00e1s informaci\u00f3n sobre lo que creen los cu\u00e1queros.","breadcrumb":{"@id":"https:\/\/quaker.org\/es\/creen-los-cuaqueros-en-dios\/#breadcrumb"},"inLanguage":"es-ES","potentialAction":[{"@type":"ReadAction","target":["https:\/\/quaker.org\/es\/creen-los-cuaqueros-en-dios\/"]}]},{"@type":"BreadcrumbList","@id":"https:\/\/quaker.org\/es\/creen-los-cuaqueros-en-dios\/#breadcrumb","itemListElement":[{"@type":"ListItem","position":1,"name":"Home","item":"https:\/\/quaker.org\/es\/bienvenido-a-a-quaker-org\/"},{"@type":"ListItem","position":2,"name":"\u00bfCreen los cu\u00e1queros en Dios?"}]},{"@type":"WebSite","@id":"https:\/\/quaker.org\/es\/#website","url":"https:\/\/quaker.org\/es\/","name":"Quaker.org","description":"Learn about Friends","publisher":{"@id":"https:\/\/quaker.org\/es\/#organization"},"potentialAction":[{"@type":"SearchAction","target":{"@type":"EntryPoint","urlTemplate":"https:\/\/quaker.org\/es\/?s={search_term_string}"},"query-input":{"@type":"PropertyValueSpecification","valueRequired":true,"valueName":"search_term_string"}}],"inLanguage":"es-ES"},{"@type":"Organization","@id":"https:\/\/quaker.org\/es\/#organization","name":"Quaker.org","url":"https:\/\/quaker.org\/es\/","logo":{"@type":"ImageObject","inLanguage":"es-ES","@id":"https:\/\/quaker.org\/es\/#\/schema\/logo\/image\/","url":"https:\/\/quaker.org\/wp-content\/uploads\/sites\/3\/2025\/08\/QuakerOrgLogo_BW-300x54-1.png","contentUrl":"https:\/\/quaker.org\/wp-content\/uploads\/sites\/3\/2025\/08\/QuakerOrgLogo_BW-300x54-1.png","width":300,"height":54,"caption":"Quaker.org"},"image":{"@id":"https:\/\/quaker.org\/es\/#\/schema\/logo\/image\/"}}]}},"distributor_meta":false,"distributor_terms":false,"distributor_media":false,"distributor_original_site_name":"Quaker.org","distributor_original_site_url":"https:\/\/quaker.org\/es\/","push-errors":false,"acf":[],"_links":{"self":[{"href":"https:\/\/quaker.org\/es\/wp-json\/wp\/v2\/pages\/2737","targetHints":{"allow":["GET"]}}],"collection":[{"href":"https:\/\/quaker.org\/es\/wp-json\/wp\/v2\/pages"}],"about":[{"href":"https:\/\/quaker.org\/es\/wp-json\/wp\/v2\/types\/page"}],"author":[{"embeddable":true,"href":"https:\/\/quaker.org\/es\/wp-json\/wp\/v2\/users\/5131"}],"replies":[{"embeddable":true,"href":"https:\/\/quaker.org\/es\/wp-json\/wp\/v2\/comments?post=2737"}],"version-history":[{"count":2,"href":"https:\/\/quaker.org\/es\/wp-json\/wp\/v2\/pages\/2737\/revisions"}],"predecessor-version":[{"id":2740,"href":"https:\/\/quaker.org\/es\/wp-json\/wp\/v2\/pages\/2737\/revisions\/2740"}],"wp:attachment":[{"href":"https:\/\/quaker.org\/es\/wp-json\/wp\/v2\/media?parent=2737"}],"curies":[{"name":"wp","href":"https:\/\/api.w.org\/{rel}","templated":true}]}}