{"id":2710,"date":"2024-07-31T03:09:45","date_gmt":"2024-07-31T03:09:45","guid":{"rendered":"https:\/\/quaker.org\/george-fox-1624-1691\/"},"modified":"2025-08-26T21:09:18","modified_gmt":"2025-08-26T21:09:18","slug":"george-fox-1624-1691","status":"publish","type":"page","link":"https:\/\/quaker.org\/es\/george-fox-1624-1691\/","title":{"rendered":"George Fox (1624-1691)"},"content":{"rendered":"\n<div class=\"wp-block-columns is-layout-flex wp-container-core-columns-is-layout-9d6595d7 wp-block-columns-is-layout-flex\">\n<div class=\"wp-block-column is-layout-flow wp-block-column-is-layout-flow\" style=\"flex-basis:50%\">\n<p>George Fox, fundador del cuaquerismo, vivi\u00f3 en Inglaterra de 1624 a 1691. Su padre era tejedor, y se cree que Fox fue aprendiz de zapatero y pastor. <\/p>\n\n\n\n<p>En 1652, con unos 28 a\u00f1os, subi\u00f3 a Pendle Hill en Lancashire, Inglaterra, y tuvo una visi\u00f3n en la cima de numerosas personas necesitadas de ministerio, lo que le llev\u00f3 a convertirse en predicador itinerante. Despu\u00e9s de su experiencia en Pendle Hill, se sinti\u00f3 reconfortado por la presencia interior de Jesucristo, quien, seg\u00fan cre\u00eda, pod\u00eda hablarle sobre su condici\u00f3n. <\/p>\n\n\n\n<p>Poco despu\u00e9s, mientras continuaban sus viajes, asisti\u00f3 a una reuni\u00f3n de disidentes religiosos que se reun\u00edan en una capilla en las afueras de la ciudad de Sedburgh, a poco m\u00e1s de 60 kil\u00f3metros al norte de Pendle Hill. &#8220;Fui impulsado a revelar a la gente que la iglesia con campanario y el terreno sobre el que se asentaba no eran m\u00e1s sagrados que esa monta\u00f1a&#8221;, escribi\u00f3 m\u00e1s tarde, y as\u00ed, en lugar de entrar en la iglesia, se coloc\u00f3 sobre una roca en la ladera y, mientras la multitud se reun\u00eda cerca, &#8220;declar\u00f3 la verdad eterna de Dios y la Palabra de vida libre y ampliamente durante aproximadamente tres horas&#8221;. Muchos consideran este serm\u00f3n como el comienzo del movimiento cu\u00e1quero.<\/p>\n\n\n\n<p>Fox cre\u00eda en la Luz Interior como proveniente de Dios y pensaba en ella como una fuente de autoridad religiosa por encima de los credos y la Biblia. Fox era un conocedor de la Biblia. Cre\u00eda que cada persona pod\u00eda conectar directamente con Dios, sin necesidad de que el clero intercediera.  <\/p>\n<\/div>\n\n\n\n<div class=\"wp-block-column is-layout-flow wp-block-column-is-layout-flow\" style=\"flex-basis:50%\">\n<figure class=\"wp-block-image size-full\"><img loading=\"lazy\" decoding=\"async\" width=\"489\" height=\"511\" src=\"https:\/\/quaker.org\/wp-content\/uploads\/sites\/3\/2024\/07\/Appleton_Fox_George.jpg\" alt=\"\" class=\"wp-image-1564\" srcset=\"https:\/\/quaker.org\/wp-content\/uploads\/sites\/3\/2024\/07\/Appleton_Fox_George.jpg 489w, https:\/\/quaker.org\/wp-content\/uploads\/sites\/3\/2024\/07\/Appleton_Fox_George-287x300.jpg 287w\" sizes=\"auto, (max-width: 489px) 100vw, 489px\" \/><figcaption class=\"wp-element-caption\">George Fox, de <em>Appleton&#8217;s Cyclopaedia of American Biography<\/em>, c. 1900. (dominio p\u00fablico)<\/figcaption><\/figure>\n<\/div>\n<\/div>\n\n<p>Rechaz\u00f3 costumbres com\u00fanmente aceptadas, como quitarse el sombrero ante aquellos considerados sus superiores sociales y jurar en los tribunales. El rechazo al honor del sombrero proven\u00eda de la convicci\u00f3n de Fox de que todos son iguales ante Dios. Fox evitaba los juramentos porque cre\u00eda que Los Amigos deb\u00edan mantener tal integridad que siempre dijeran la verdad.  <\/p>\n\n<p>Fox sugiri\u00f3 que los cu\u00e1queros se organizaran en juntas anuales, mensuales y trimestrales. Los Amigos actualmente tienen la misma estructura. <\/p>\n\n<p>En 1649, fue a prisi\u00f3n por sus creencias religiosas por primera vez. Entre 1649 y 1673, Fox fue a prisi\u00f3n ocho veces. En 1660, cuando se restaur\u00f3 la monarqu\u00eda brit\u00e1nica, se aprobaron leyes anti-cu\u00e1queras.  <\/p>\n\n<p>En 1669, Fox viaj\u00f3 en el ministerio a Irlanda. Se cas\u00f3 con la cu\u00e1quera inglesa Margaret Fell el mismo a\u00f1o. <a href=\"https:\/\/www.friendsjournal.org\/the-egalitarian-partnership-with-margaret-fell-fox\/\">Fox y Fell estuvieron casados durante 20 a\u00f1os<\/a>, aunque a menudo separados por la prisi\u00f3n y los viajes. <\/p>\n\n<p>En 1660, Fox redact\u00f3 una versi\u00f3n temprana de una declaraci\u00f3n al rey brit\u00e1nico Carlos II en respuesta a las acusaciones de que \u00e9l y otros cu\u00e1queros estaban conspirando contra el rey, insistiendo en que \u201c<em>el Esp\u00edritu de Cristo que nos gu\u00eda a toda La Verdad nunca nos mover\u00e1 a luchar y guerrear contra ning\u00fan hombre con armas externas, ni por el Reino de Cristo ni por los reinos de este mundo<\/em>\u201d. Este documento se convirti\u00f3 en una importante declaraci\u00f3n temprana del testimonio de paz de Los Amigos. <\/p>\n\n<p>En 1671, Fox asisti\u00f3 a la primera junta anual celebrada en Londres. Luego viaj\u00f3 a Barbados, donde muchos colonos, incluidos los cu\u00e1queros, depend\u00edan de personas esclavizadas para el trabajo. Aunque Fox se opuso a da\u00f1ar a las personas esclavizadas y abog\u00f3 por poner fin a sus per\u00edodos de trabajo forzado despu\u00e9s de tres d\u00e9cadas, \u00e9l, como la mayor\u00eda de Los Amigos en ese momento, no conden\u00f3 ampliamente la pr\u00e1ctica de mantener a las personas en esclavitud. En los \u00faltimos a\u00f1os, Los Amigos han reevaluado la conducta de Fox en Barbados a trav\u00e9s de <a href=\"https:\/\/www.friendsjournal.org\/george-fox-was-a-racist\/\">una lente m\u00e1s cr\u00edtica<\/a>.   <\/p>\n\n<p>Desde all\u00ed, Fox viaj\u00f3 a Jamaica y Am\u00e9rica del Norte. Visit\u00f3 a cu\u00e1queros en la Bah\u00eda de Chesapeake; Long Island, Nueva York; Rhode Island; Nueva Jersey; Virginia; y las Carolinas. Pas\u00f3 cuatro meses con pueblos ind\u00edgenas.  <\/p>\n\n<p>Pas\u00f3 1675\u20131677 en Swarthmoor Hall, cerca de Ulverston, Inglaterra, recuper\u00e1ndose de una enfermedad. En 1675, dict\u00f3 grandes porciones de lo que luego se recopilar\u00eda y publicar\u00eda como su <em>Diario<\/em>. <\/p>\n\n<p>En 1677, se uni\u00f3 a Robert Barclay y William Penn en un viaje a Alemania y Holanda. A lo largo de la d\u00e9cada de 1680 inst\u00f3 al Parlamento a oponerse a la persecuci\u00f3n religiosa, lo que llev\u00f3 a la Declaraci\u00f3n de Indulgencia de 1687 y a la Ley de Tolerancia de 1689. <\/p>\n\n<p>En los \u00faltimos a\u00f1os de su vida, Fox visit\u00f3 a cu\u00e1queros en las cercan\u00edas de Londres y escribi\u00f3 numerosos folletos. Muri\u00f3 a la edad de 66 a\u00f1os. <a href=\"https:\/\/www.friendsjournal.org\/fox-hunt\/\">Su l\u00e1pida<\/a> se puede encontrar en los antiguos terrenos de entierro cu\u00e1queros en Bunhill Fields en Islington, a poco m\u00e1s de una milla al noroeste de la Catedral de San Pablo en el centro de Londres. <\/p>\n\n<div class=\"wp-block-columns is-layout-flex wp-container-core-columns-is-layout-9d6595d7 wp-block-columns-is-layout-flex\">\n<div class=\"wp-block-column is-layout-flow wp-block-column-is-layout-flow\" style=\"flex-basis:50%\">\n<div class=\"wp-block-group has-background is-layout-constrained wp-block-group-is-layout-constrained\" style=\"background:linear-gradient(90deg,rgb(222,222,222) 0%,rgb(222,222,222) 100%)\">\n<h4 class=\"wp-block-heading\">M\u00e1s informaci\u00f3n en <em>friends journal<\/em><\/h4>\n\n\n\n<p>&#8220;<a href=\"https:\/\/www.friendsjournal.org\/george-fox-and-the-bible\/\">George Fox and the Bible<\/a>,&#8221; Thomas Gates<\/p>\n\n\n\n<p>&#8220;<a href=\"https:\/\/www.friendsjournal.org\/the-glory-of-god-was-revealed\/\">The Glory of God Was Revealed<\/a>,&#8221; Marcelle Martin<\/p>\n\n\n\n<p>&#8220;<a href=\"https:\/\/www.friendsjournal.org\/the-radical-original-vision-of-george-fox\/\">The Radical Original Vision of George Fox<\/a>,&#8221; Marcelle Martin<\/p>\n\n\n\n<p>&#8220;<a href=\"https:\/\/www.friendsjournal.org\/when-the-earth-shook\/\">When the Earth Shook<\/a>,&#8221; Matt Rosen<\/p>\n\n\n\n<p>&#8220;<a href=\"https:\/\/www.friendsjournal.org\/fox-at-400\/\">Fox at 400<\/a>,&#8221; Sharlee DiMenichi<\/p>\n\n\n\n<p>&#8220;<a href=\"https:\/\/www.friendsjournal.org\/2003082\/\">The Life of George Fox as a Model for Meeting for Worship<\/a>,&#8221; John Pitts Corry<\/p>\n<\/div>\n<\/div>\n\n\n\n<div class=\"wp-block-column is-layout-flow wp-block-column-is-layout-flow\" style=\"flex-basis:50%\">\n<figure class=\"wp-block-embed aligncenter is-type-video is-provider-youtube wp-block-embed-youtube wp-embed-aspect-16-9 wp-has-aspect-ratio\"><div class=\"wp-block-embed__wrapper\">\n<iframe loading=\"lazy\" title=\"The History of George Fox\" width=\"500\" height=\"281\" src=\"https:\/\/www.youtube.com\/embed\/YJmPdKrLMx0?feature=oembed\" frameborder=\"0\" allow=\"accelerometer; autoplay; clipboard-write; encrypted-media; gyroscope; picture-in-picture; web-share\" referrerpolicy=\"strict-origin-when-cross-origin\" allowfullscreen><\/iframe>\n<\/div><\/figure>\n<\/div>\n<\/div>\n\n<p class=\"has-text-align-center\"><em>&#8220;Para m\u00ed, es imposible imaginar el cuaquerismo sin George Fox.<\/em><br\/><em>Ser\u00eda como el budismo sin el Buda, el islam sin Mahoma.&#8221;<\/em><\/p>\n","protected":false},"excerpt":{"rendered":"<p>George Fox, fundador del cuaquerismo, vivi\u00f3 en Inglaterra de 1624 a 1691. Su padre era tejedor, y se cree que&hellip;<\/p>\n","protected":false},"author":5131,"featured_media":0,"parent":0,"menu_order":0,"comment_status":"closed","ping_status":"closed","template":"","meta":{"_acf_changed":false,"hero_banner_post_id":0,"footnotes":""},"class_list":["post-2710","page","type-page","status-publish","hentry"],"yoast_head":"<!-- This site is optimized with the Yoast SEO plugin v27.3 - https:\/\/yoast.com\/product\/yoast-seo-wordpress\/ -->\n<title>George Fox (1624-1691) - Quaker.org<\/title>\n<meta name=\"description\" content=\"Un esbozo biogr\u00e1fico del fundador del cuaquerismo en el siglo XVII.\" \/>\n<meta name=\"robots\" content=\"index, follow, max-snippet:-1, max-image-preview:large, max-video-preview:-1\" \/>\n<link rel=\"canonical\" href=\"https:\/\/quaker.org\/es\/george-fox-1624-1691\/\" \/>\n<meta property=\"og:locale\" content=\"es_ES\" \/>\n<meta property=\"og:type\" content=\"article\" \/>\n<meta property=\"og:title\" content=\"George Fox (1624-1691) - Quaker.org\" \/>\n<meta property=\"og:description\" content=\"Un esbozo biogr\u00e1fico del fundador del cuaquerismo en el siglo XVII.\" \/>\n<meta property=\"og:url\" content=\"https:\/\/quaker.org\/es\/george-fox-1624-1691\/\" \/>\n<meta property=\"og:site_name\" content=\"Quaker.org\" \/>\n<meta property=\"article:modified_time\" content=\"2025-08-26T21:09:18+00:00\" \/>\n<meta property=\"og:image\" content=\"https:\/\/quaker.org\/wp-content\/uploads\/sites\/3\/2024\/07\/Appleton_Fox_George.jpg\" \/>\n\t<meta property=\"og:image:width\" content=\"489\" \/>\n\t<meta property=\"og:image:height\" content=\"511\" \/>\n\t<meta property=\"og:image:type\" content=\"image\/jpeg\" \/>\n<meta name=\"twitter:card\" content=\"summary_large_image\" \/>\n<meta name=\"twitter:label1\" content=\"Est. reading time\" \/>\n\t<meta name=\"twitter:data1\" content=\"5 minutes\" \/>\n<script type=\"application\/ld+json\" class=\"yoast-schema-graph\">{\"@context\":\"https:\\\/\\\/schema.org\",\"@graph\":[{\"@type\":\"WebPage\",\"@id\":\"https:\\\/\\\/quaker.org\\\/es\\\/george-fox-1624-1691\\\/\",\"url\":\"https:\\\/\\\/quaker.org\\\/es\\\/george-fox-1624-1691\\\/\",\"name\":\"George Fox (1624-1691) - Quaker.org\",\"isPartOf\":{\"@id\":\"https:\\\/\\\/quaker.org\\\/es\\\/#website\"},\"primaryImageOfPage\":{\"@id\":\"https:\\\/\\\/quaker.org\\\/es\\\/george-fox-1624-1691\\\/#primaryimage\"},\"image\":{\"@id\":\"https:\\\/\\\/quaker.org\\\/es\\\/george-fox-1624-1691\\\/#primaryimage\"},\"thumbnailUrl\":\"https:\\\/\\\/quaker.org\\\/wp-content\\\/uploads\\\/sites\\\/3\\\/2024\\\/07\\\/Appleton_Fox_George.jpg\",\"datePublished\":\"2024-07-31T03:09:45+00:00\",\"dateModified\":\"2025-08-26T21:09:18+00:00\",\"description\":\"Un esbozo biogr\u00e1fico del fundador del cuaquerismo en el siglo XVII.\",\"breadcrumb\":{\"@id\":\"https:\\\/\\\/quaker.org\\\/es\\\/george-fox-1624-1691\\\/#breadcrumb\"},\"inLanguage\":\"es-ES\",\"potentialAction\":[{\"@type\":\"ReadAction\",\"target\":[\"https:\\\/\\\/quaker.org\\\/es\\\/george-fox-1624-1691\\\/\"]}]},{\"@type\":\"ImageObject\",\"inLanguage\":\"es-ES\",\"@id\":\"https:\\\/\\\/quaker.org\\\/es\\\/george-fox-1624-1691\\\/#primaryimage\",\"url\":\"https:\\\/\\\/quaker.org\\\/wp-content\\\/uploads\\\/sites\\\/3\\\/2024\\\/07\\\/Appleton_Fox_George.jpg\",\"contentUrl\":\"https:\\\/\\\/quaker.org\\\/wp-content\\\/uploads\\\/sites\\\/3\\\/2024\\\/07\\\/Appleton_Fox_George.jpg\"},{\"@type\":\"BreadcrumbList\",\"@id\":\"https:\\\/\\\/quaker.org\\\/es\\\/george-fox-1624-1691\\\/#breadcrumb\",\"itemListElement\":[{\"@type\":\"ListItem\",\"position\":1,\"name\":\"Home\",\"item\":\"https:\\\/\\\/quaker.org\\\/es\\\/bienvenido-a-a-quaker-org\\\/\"},{\"@type\":\"ListItem\",\"position\":2,\"name\":\"George Fox (1624-1691)\"}]},{\"@type\":\"WebSite\",\"@id\":\"https:\\\/\\\/quaker.org\\\/es\\\/#website\",\"url\":\"https:\\\/\\\/quaker.org\\\/es\\\/\",\"name\":\"Quaker.org\",\"description\":\"Learn about Friends\",\"publisher\":{\"@id\":\"https:\\\/\\\/quaker.org\\\/es\\\/#organization\"},\"potentialAction\":[{\"@type\":\"SearchAction\",\"target\":{\"@type\":\"EntryPoint\",\"urlTemplate\":\"https:\\\/\\\/quaker.org\\\/es\\\/?s={search_term_string}\"},\"query-input\":{\"@type\":\"PropertyValueSpecification\",\"valueRequired\":true,\"valueName\":\"search_term_string\"}}],\"inLanguage\":\"es-ES\"},{\"@type\":\"Organization\",\"@id\":\"https:\\\/\\\/quaker.org\\\/es\\\/#organization\",\"name\":\"Quaker.org\",\"url\":\"https:\\\/\\\/quaker.org\\\/es\\\/\",\"logo\":{\"@type\":\"ImageObject\",\"inLanguage\":\"es-ES\",\"@id\":\"https:\\\/\\\/quaker.org\\\/es\\\/#\\\/schema\\\/logo\\\/image\\\/\",\"url\":\"https:\\\/\\\/quaker.org\\\/wp-content\\\/uploads\\\/sites\\\/3\\\/2025\\\/08\\\/QuakerOrgLogo_BW-300x54-1.png\",\"contentUrl\":\"https:\\\/\\\/quaker.org\\\/wp-content\\\/uploads\\\/sites\\\/3\\\/2025\\\/08\\\/QuakerOrgLogo_BW-300x54-1.png\",\"width\":300,\"height\":54,\"caption\":\"Quaker.org\"},\"image\":{\"@id\":\"https:\\\/\\\/quaker.org\\\/es\\\/#\\\/schema\\\/logo\\\/image\\\/\"}}]}<\/script>\n<!-- \/ Yoast SEO plugin. -->","yoast_head_json":{"title":"George Fox (1624-1691) - Quaker.org","description":"Un esbozo biogr\u00e1fico del fundador del cuaquerismo en el siglo XVII.","robots":{"index":"index","follow":"follow","max-snippet":"max-snippet:-1","max-image-preview":"max-image-preview:large","max-video-preview":"max-video-preview:-1"},"canonical":"https:\/\/quaker.org\/es\/george-fox-1624-1691\/","og_locale":"es_ES","og_type":"article","og_title":"George Fox (1624-1691) - Quaker.org","og_description":"Un esbozo biogr\u00e1fico del fundador del cuaquerismo en el siglo XVII.","og_url":"https:\/\/quaker.org\/es\/george-fox-1624-1691\/","og_site_name":"Quaker.org","article_modified_time":"2025-08-26T21:09:18+00:00","og_image":[{"width":489,"height":511,"url":"https:\/\/quaker.org\/wp-content\/uploads\/sites\/3\/2024\/07\/Appleton_Fox_George.jpg","type":"image\/jpeg"}],"twitter_card":"summary_large_image","twitter_misc":{"Est. reading time":"5 minutes"},"schema":{"@context":"https:\/\/schema.org","@graph":[{"@type":"WebPage","@id":"https:\/\/quaker.org\/es\/george-fox-1624-1691\/","url":"https:\/\/quaker.org\/es\/george-fox-1624-1691\/","name":"George Fox (1624-1691) - Quaker.org","isPartOf":{"@id":"https:\/\/quaker.org\/es\/#website"},"primaryImageOfPage":{"@id":"https:\/\/quaker.org\/es\/george-fox-1624-1691\/#primaryimage"},"image":{"@id":"https:\/\/quaker.org\/es\/george-fox-1624-1691\/#primaryimage"},"thumbnailUrl":"https:\/\/quaker.org\/wp-content\/uploads\/sites\/3\/2024\/07\/Appleton_Fox_George.jpg","datePublished":"2024-07-31T03:09:45+00:00","dateModified":"2025-08-26T21:09:18+00:00","description":"Un esbozo biogr\u00e1fico del fundador del cuaquerismo en el siglo XVII.","breadcrumb":{"@id":"https:\/\/quaker.org\/es\/george-fox-1624-1691\/#breadcrumb"},"inLanguage":"es-ES","potentialAction":[{"@type":"ReadAction","target":["https:\/\/quaker.org\/es\/george-fox-1624-1691\/"]}]},{"@type":"ImageObject","inLanguage":"es-ES","@id":"https:\/\/quaker.org\/es\/george-fox-1624-1691\/#primaryimage","url":"https:\/\/quaker.org\/wp-content\/uploads\/sites\/3\/2024\/07\/Appleton_Fox_George.jpg","contentUrl":"https:\/\/quaker.org\/wp-content\/uploads\/sites\/3\/2024\/07\/Appleton_Fox_George.jpg"},{"@type":"BreadcrumbList","@id":"https:\/\/quaker.org\/es\/george-fox-1624-1691\/#breadcrumb","itemListElement":[{"@type":"ListItem","position":1,"name":"Home","item":"https:\/\/quaker.org\/es\/bienvenido-a-a-quaker-org\/"},{"@type":"ListItem","position":2,"name":"George Fox (1624-1691)"}]},{"@type":"WebSite","@id":"https:\/\/quaker.org\/es\/#website","url":"https:\/\/quaker.org\/es\/","name":"Quaker.org","description":"Learn about Friends","publisher":{"@id":"https:\/\/quaker.org\/es\/#organization"},"potentialAction":[{"@type":"SearchAction","target":{"@type":"EntryPoint","urlTemplate":"https:\/\/quaker.org\/es\/?s={search_term_string}"},"query-input":{"@type":"PropertyValueSpecification","valueRequired":true,"valueName":"search_term_string"}}],"inLanguage":"es-ES"},{"@type":"Organization","@id":"https:\/\/quaker.org\/es\/#organization","name":"Quaker.org","url":"https:\/\/quaker.org\/es\/","logo":{"@type":"ImageObject","inLanguage":"es-ES","@id":"https:\/\/quaker.org\/es\/#\/schema\/logo\/image\/","url":"https:\/\/quaker.org\/wp-content\/uploads\/sites\/3\/2025\/08\/QuakerOrgLogo_BW-300x54-1.png","contentUrl":"https:\/\/quaker.org\/wp-content\/uploads\/sites\/3\/2025\/08\/QuakerOrgLogo_BW-300x54-1.png","width":300,"height":54,"caption":"Quaker.org"},"image":{"@id":"https:\/\/quaker.org\/es\/#\/schema\/logo\/image\/"}}]}},"distributor_meta":false,"distributor_terms":false,"distributor_media":false,"distributor_original_site_name":"Quaker.org","distributor_original_site_url":"https:\/\/quaker.org\/es\/","push-errors":false,"acf":[],"_links":{"self":[{"href":"https:\/\/quaker.org\/es\/wp-json\/wp\/v2\/pages\/2710","targetHints":{"allow":["GET"]}}],"collection":[{"href":"https:\/\/quaker.org\/es\/wp-json\/wp\/v2\/pages"}],"about":[{"href":"https:\/\/quaker.org\/es\/wp-json\/wp\/v2\/types\/page"}],"author":[{"embeddable":true,"href":"https:\/\/quaker.org\/es\/wp-json\/wp\/v2\/users\/5131"}],"replies":[{"embeddable":true,"href":"https:\/\/quaker.org\/es\/wp-json\/wp\/v2\/comments?post=2710"}],"version-history":[{"count":1,"href":"https:\/\/quaker.org\/es\/wp-json\/wp\/v2\/pages\/2710\/revisions"}],"predecessor-version":[{"id":2711,"href":"https:\/\/quaker.org\/es\/wp-json\/wp\/v2\/pages\/2710\/revisions\/2711"}],"wp:attachment":[{"href":"https:\/\/quaker.org\/es\/wp-json\/wp\/v2\/media?parent=2710"}],"curies":[{"name":"wp","href":"https:\/\/api.w.org\/{rel}","templated":true}]}}